{"id":6093,"date":"2020-09-23T17:49:35","date_gmt":"2020-09-23T17:49:35","guid":{"rendered":"https:\/\/psi-polymersystems.com\/?page_id=6093"},"modified":"2020-09-23T17:52:35","modified_gmt":"2020-09-23T17:52:35","slug":"psi-polymer-systems-to-introduce-new-extrusion-products-at-npe-2006-hickory-nc-june-19-2006","status":"publish","type":"page","link":"https:\/\/www.psi-polymersystems.com\/es\/about-us\/press-releases\/psi-polymer-systems-to-introduce-new-extrusion-products-at-npe-2006-hickory-nc-june-19-2006\/","title":{"rendered":"PSI-Polymer Systems presentar\u00e1 nuevos productos de extrusi\u00f3n en NPE 2006 Hickory, NC (19 de junio de 2006)"},"content":{"rendered":"<div data-elementor-type=\"wp-page\" data-elementor-id=\"6093\" class=\"elementor elementor-6093\" data-elementor-post-type=\"page\">\n\t\t\t\t\t\t<section class=\"elementor-section elementor-top-section elementor-element elementor-element-8df1e26 elementor-section-boxed elementor-section-height-default elementor-section-height-default\" data-id=\"8df1e26\" data-element_type=\"section\" data-e-type=\"section\">\n\t\t\t\t\t\t<div class=\"elementor-container elementor-column-gap-default\">\n\t\t\t\t\t<div class=\"elementor-column elementor-col-50 elementor-top-column elementor-element elementor-element-2b1c0899\" data-id=\"2b1c0899\" data-element_type=\"column\" data-e-type=\"column\">\n\t\t\t<div class=\"elementor-widget-wrap elementor-element-populated\">\n\t\t\t\t\t\t<div class=\"elementor-element elementor-element-382748de elementor-widget elementor-widget-heading\" data-id=\"382748de\" data-element_type=\"widget\" data-e-type=\"widget\" data-widget_type=\"heading.default\">\n\t\t\t\t<div class=\"elementor-widget-container\">\n\t\t\t\t\t<h2 class=\"elementor-heading-title elementor-size-default\">PSI-Polymer Systems presentar\u00e1 nuevos productos de extrusi\u00f3n en NPE2006 Hickory, NC (19 de junio de 2006)<\/h2>\t\t\t\t<\/div>\n\t\t\t\t<\/div>\n\t\t\t\t<div class=\"elementor-element elementor-element-52d874e6 elementor-widget elementor-widget-text-editor\" data-id=\"52d874e6\" data-element_type=\"widget\" data-e-type=\"widget\" data-widget_type=\"text-editor.default\">\n\t\t\t\t<div class=\"elementor-widget-container\">\n\t\t\t\t\t\t\t\t\t<p>En NPE 2006, PSI-Polymer Systems Inc. presentar\u00e1 varios productos nuevos para la industria de extrusi\u00f3n de pl\u00e1sticos. Estos productos incluyen:<\/p><ul><li>nueva l\u00ednea de bombas de engranajes de extrusi\u00f3n (EGP-PVC) para materiales desafiantes<\/li><li>nueva l\u00ednea de bombas de engranajes EGP de reemplazo directo para la mayor\u00eda de las principales marcas<\/li><li>Nuevos cambiadores de criba de placa deslizante hidr\u00e1ulica (HSC) de 6,5 \u2033 y 10 \u2033<\/li><\/ul><p>Adem\u00e1s, la compa\u00f1\u00eda ha anunciado la incorporaci\u00f3n de una bomba de engranajes y una instalaci\u00f3n de reparaci\u00f3n de cambiadores de pantalla en su sede en Hickory, Carolina del Norte. Esta instalaci\u00f3n se dedica a reparar las principales marcas de bombas de engranajes y cambiadores de criba. PSI ha dedicado un equipo de empleados para dotar de personal a las instalaciones y tiene el objetivo de entregar todos los productos en 24 horas. Hay piezas de repuesto para las principales marcas en stock y disponibles para entrega inmediata.<\/p><p><span style=\"text-decoration: underline;\">Bombas de engranajes EGP para materiales desafiantes<\/span><\/p><p>PSI-Polymer Systems Inc. ha introducido una l\u00ednea de bombas de engranajes de extrusi\u00f3n dise\u00f1adas para su uso con materiales desafiantes, que incluyen espuma, PVC y resinas altamente rellenas.<\/p><p>La serie EGP-Foam de bombas de engranajes est\u00e1 especialmente dise\u00f1ada para procesar espuma de poliestireno, polietileno, polipropileno y materiales de espuma biodegradables. Los sellos especialmente dise\u00f1ados de PSI eliminan las fugas al utilizar una longitud extendida, un paso de rosca especial y un enfriamiento progresivo del pol\u00edmero fundido. El material de sellado no irritante de las bombas EGP tambi\u00e9n permite una disipaci\u00f3n de calor superior, en comparaci\u00f3n con las bombas con sellos hechos de acero al carbono y acero inoxidable. Este dise\u00f1o elimina las fugas con todo tipo de agentes espumantes, incluidos los gases inertes.<\/p><p>La serie EGP - PVC de bombas de engranajes est\u00e1 especialmente dise\u00f1ada para procesar pol\u00edmeros t\u00e9rmicamente sensibles donde el tiempo de residencia y la distribuci\u00f3n son cr\u00edticos. La serie EGP - PVC utiliza una carcasa totalmente encamisada para un control de temperatura superior, eliminando cualquier punto caliente potencial que podr\u00eda iniciar la degradaci\u00f3n. La metalurgia no corrosiva, adem\u00e1s de los conductos de flujo altamente pulidos, est\u00e1 dise\u00f1ada para minimizar el tiempo de residencia, la degradaci\u00f3n del material y eliminar cualquier posibilidad de que el material se atasque. Se proporcionan puertos de purga ajustables para permitir el puerto del pol\u00edmero utilizado para lubricar los cojinetes al exterior de la bomba. Este dise\u00f1o permite el procesamiento de muchos pol\u00edmeros t\u00e9rmicamente degradables que no se pueden procesar en bombas de engranajes convencionales.<\/p><p><span style=\"text-decoration: underline;\">Presentaci\u00f3n de la nueva l\u00ednea de bombas de engranajes de repuesto EGP<\/span><\/p><p>PSI tambi\u00e9n ha introducido una nueva l\u00ednea de bombas de engranajes de extrusi\u00f3n dise\u00f1adas como reemplazo directo para la mayor\u00eda de las bombas de la competencia. Adem\u00e1s, estas bombas se pueden dise\u00f1ar para permitir rendimientos hasta 60% m\u00e1s altos que la bomba de engranajes original. PSI tambi\u00e9n usa sellos especialmente dise\u00f1ados para eliminar las fugas utilizando una longitud extendida y un paso de rosca especial. El material del sello no irritante en las bombas EGP tambi\u00e9n permite una holgura reducida del DI del sello \/ eje del engranaje, en comparaci\u00f3n con las bombas con sellos hechos de acero al carbono e inoxidable.<\/p><p>La l\u00ednea EGP de bombas de engranajes tambi\u00e9n ofrece un dise\u00f1o compacto y una huella m\u00e1s peque\u00f1a en comparaci\u00f3n con las bombas de la competencia. Los engranajes de acero para herramientas completamente endurecido de PSI y los cojinetes nitrurados permiten una alta transferencia de par y una larga vida \u00fatil.<\/p><p>Las partes internas de las bombas de engranajes de la serie EGP son intercambiables con la mayor\u00eda de las bombas de la competencia y la huella se puede hacer como una conexi\u00f3n directa a las bombas de la competencia. En muchos casos, las bombas EGP pueden permitir mayores tasas de producci\u00f3n de hasta 60%, en comparaci\u00f3n con algunas bombas de la competencia con la misma huella.<\/p><p>Este nuevo dise\u00f1o de bomba de engranajes permite a los procesadores aumentar significativamente el rendimiento de la extrusi\u00f3n donde la bomba de engranajes es el factor limitante, y sin tener que cambiar las herramientas o agregar espacio a la l\u00ednea de extrusi\u00f3n.<\/p><p><span style=\"text-decoration: underline;\">Nuevos cambiadores de criba hidr\u00e1ulicos HSC agregados a la l\u00ednea de productos<\/span><\/p><p>PSI ha introducido dos nuevos cambiadores de criba hidr\u00e1ulicos en su l\u00ednea HSC. La adici\u00f3n de los cambiadores de pantalla modelo HSC-65 (165 mm) y modelo HSC-100 (254 mm) permite a los usuarios de extrusoras de 6,5 \u2033 (165 mm) y 10 \u2033 (254 mm) maximizar el rendimiento de filtraci\u00f3n de sus l\u00edneas de extrusi\u00f3n y seguir tomando ventaja de la capacidad de extracci\u00f3n de tornillos.<\/p><p>Anteriormente, los usuarios de extrusoras de 6.5 \u2033 (165 mm) se ve\u00edan obligados a usar un cambiador de pantalla de seis (6) pulgadas de tama\u00f1o insuficiente, sin posibilidad de extracci\u00f3n de tornillos, o utilizar un modelo de ocho (8) pulgadas de gran tama\u00f1o con tiempo de residencia de pol\u00edmero extendido y m\u00e1s inventario de materiales, lo que se traduce en tiempos de cambio de producto y color m\u00e1s largos. El modelo HSC-65 permite el paso del tornillo y un \u00e1rea de filtraci\u00f3n de masa fundida adecuada, al tiempo que minimiza el tiempo de cambio de producto y color.<\/p><p>El modelo HSC-100 es actualmente el cambiador de pantalla hidr\u00e1ulico m\u00e1s grande de PSI. Dise\u00f1ado para extrusoras de 10 \u2033 (254 mm), puede manejar una salida de extrusora de 3,000-10,000 lbs \/ hr y cuenta con un gran di\u00e1metro de pantalla de 10 1\/8 \u2033.<\/p><p>Los cambiadores de criba hidr\u00e1ulicos modelo HSC de PSI tambi\u00e9n est\u00e1n equipados con un sello met\u00e1lico \u00fanico de &quot;vida \u00fatil&quot; pendiente de patente que soporta altas temperaturas y nunca requiere reemplazo o ajuste. El sello exclusivo permite un procesamiento sin fugas y utiliza un dise\u00f1o aerodin\u00e1mico que elimina la obstrucci\u00f3n del producto y el color.<\/p>\t\t\t\t\t\t\t\t<\/div>\n\t\t\t\t<\/div>\n\t\t\t\t\t<\/div>\n\t\t<\/div>\n\t\t\t\t<div class=\"elementor-column elementor-col-50 elementor-top-column elementor-element elementor-element-16ec0790\" data-id=\"16ec0790\" data-element_type=\"column\" data-e-type=\"column\">\n\t\t\t<div class=\"elementor-widget-wrap\">\n\t\t\t\t\t\t\t<\/div>\n\t\t<\/div>\n\t\t\t\t\t<\/div>\n\t\t<\/section>\n\t\t\t\t<\/div>","protected":false},"excerpt":{"rendered":"<p>PSI-Polymer Systems presentar\u00e1 nuevos productos de extrusi\u00f3n en NPE2006 Hickory, NC (19 de junio de 2006) En NPE 2006, PSI-Polymer Systems Inc. presentar\u00e1 varios productos nuevos para la industria de extrusi\u00f3n de pl\u00e1sticos. Estos productos incluyen: nueva l\u00ednea de bombas de engranajes de extrusi\u00f3n (EGP-PVC) para materiales desafiantes nueva l\u00ednea de bombas de engranajes EGP de reemplazo directo para la mayor\u00eda de las principales marcas [\u2026]<\/p>","protected":false},"author":2,"featured_media":0,"parent":5833,"menu_order":0,"comment_status":"closed","ping_status":"closed","template":"","meta":{"_monsterinsights_skip_tracking":false,"_monsterinsights_sitenote_active":false,"_monsterinsights_sitenote_note":"","_monsterinsights_sitenote_category":0,"footnotes":""},"class_list":["post-6093","page","type-page","status-publish","hentry"],"yoast_head":"<!-- This site is optimized with the Yoast SEO Premium plugin v25.0 (Yoast SEO v25.0) - https:\/\/yoast.com\/wordpress\/plugins\/seo\/ -->\n<title>PSI-Polymer Systems To Introduce New Extrusion Products at NPE 2006 Hickory, NC (June 19, 2006) - PSI-Polymer Systems<\/title>\n<meta name=\"robots\" content=\"index, follow, max-snippet:-1, max-image-preview:large, max-video-preview:-1\" \/>\n<link rel=\"canonical\" href=\"https:\/\/www.psi-polymersystems.com\/es\/about-us\/press-releases\/psi-polymer-systems-to-introduce-new-extrusion-products-at-npe-2006-hickory-nc-june-19-2006\/\" \/>\n<meta property=\"og:locale\" content=\"es_MX\" \/>\n<meta property=\"og:type\" content=\"article\" \/>\n<meta property=\"og:title\" content=\"PSI-Polymer Systems To Introduce New Extrusion Products at NPE 2006 Hickory, NC (June 19, 2006)\" \/>\n<meta property=\"og:description\" content=\"PSI-Polymer Systems To Introduce New Extrusion Products at NPE2006 Hickory, NC (June 19, 2006) At NPE 2006, PSI-Polymer Systems Inc. will introduce\" \/>\n<meta property=\"og:url\" content=\"https:\/\/www.psi-polymersystems.com\/es\/about-us\/press-releases\/psi-polymer-systems-to-introduce-new-extrusion-products-at-npe-2006-hickory-nc-june-19-2006\/\" \/>\n<meta property=\"og:site_name\" content=\"PSI-Polymer Systems\" \/>\n<meta property=\"article:publisher\" content=\"https:\/\/www.facebook.com\/psipolymersystems\/\" \/>\n<meta property=\"article:modified_time\" content=\"2020-09-23T17:52:35+00:00\" \/>\n<meta name=\"twitter:card\" content=\"summary_large_image\" \/>\n<meta name=\"twitter:label1\" content=\"Tiempo de lectura\" \/>\n\t<meta name=\"twitter:data1\" content=\"4 minutos\" \/>\n<script type=\"application\/ld+json\" class=\"yoast-schema-graph\">{\"@context\":\"https:\/\/schema.org\",\"@graph\":[{\"@type\":\"WebPage\",\"@id\":\"https:\/\/www.psi-polymersystems.com\/about-us\/press-releases\/psi-polymer-systems-to-introduce-new-extrusion-products-at-npe-2006-hickory-nc-june-19-2006\/\",\"url\":\"https:\/\/www.psi-polymersystems.com\/about-us\/press-releases\/psi-polymer-systems-to-introduce-new-extrusion-products-at-npe-2006-hickory-nc-june-19-2006\/\",\"name\":\"PSI-Polymer Systems To Introduce New Extrusion Products at NPE 2006 Hickory, NC (June 19, 2006) - PSI-Polymer Systems\",\"isPartOf\":{\"@id\":\"https:\/\/www.psi-polymersystems.com\/#website\"},\"datePublished\":\"2020-09-23T17:49:35+00:00\",\"dateModified\":\"2020-09-23T17:52:35+00:00\",\"breadcrumb\":{\"@id\":\"https:\/\/www.psi-polymersystems.com\/about-us\/press-releases\/psi-polymer-systems-to-introduce-new-extrusion-products-at-npe-2006-hickory-nc-june-19-2006\/#breadcrumb\"},\"inLanguage\":\"es\",\"potentialAction\":[{\"@type\":\"ReadAction\",\"target\":[\"https:\/\/www.psi-polymersystems.com\/about-us\/press-releases\/psi-polymer-systems-to-introduce-new-extrusion-products-at-npe-2006-hickory-nc-june-19-2006\/\"]}]},{\"@type\":\"BreadcrumbList\",\"@id\":\"https:\/\/www.psi-polymersystems.com\/about-us\/press-releases\/psi-polymer-systems-to-introduce-new-extrusion-products-at-npe-2006-hickory-nc-june-19-2006\/#breadcrumb\",\"itemListElement\":[{\"@type\":\"ListItem\",\"position\":1,\"name\":\"Home\",\"item\":\"https:\/\/www.psi-polymersystems.com\/\"},{\"@type\":\"ListItem\",\"position\":2,\"name\":\"About Us\",\"item\":\"https:\/\/www.psi-polymersystems.com\/about-us\/\"},{\"@type\":\"ListItem\",\"position\":3,\"name\":\"Press Releases\",\"item\":\"https:\/\/www.psi-polymersystems.com\/about-us\/press-releases\/\"},{\"@type\":\"ListItem\",\"position\":4,\"name\":\"PSI-Polymer Systems To Introduce New Extrusion Products at NPE 2006 Hickory, NC (June 19, 2006)\"}]},{\"@type\":\"WebSite\",\"@id\":\"https:\/\/www.psi-polymersystems.com\/#website\",\"url\":\"https:\/\/www.psi-polymersystems.com\/\",\"name\":\"PSI-Polymer Systems\",\"description\":\"\",\"publisher\":{\"@id\":\"https:\/\/www.psi-polymersystems.com\/#organization\"},\"potentialAction\":[{\"@type\":\"SearchAction\",\"target\":{\"@type\":\"EntryPoint\",\"urlTemplate\":\"https:\/\/www.psi-polymersystems.com\/?s={search_term_string}\"},\"query-input\":{\"@type\":\"PropertyValueSpecification\",\"valueRequired\":true,\"valueName\":\"search_term_string\"}}],\"inLanguage\":\"es\"},{\"@type\":\"Organization\",\"@id\":\"https:\/\/www.psi-polymersystems.com\/#organization\",\"name\":\"PSI-Polymer Systems, Inc.\",\"url\":\"https:\/\/www.psi-polymersystems.com\/\",\"logo\":{\"@type\":\"ImageObject\",\"inLanguage\":\"es\",\"@id\":\"https:\/\/www.psi-polymersystems.com\/#\/schema\/logo\/image\/\",\"url\":\"\",\"contentUrl\":\"\",\"caption\":\"PSI-Polymer Systems, Inc.\"},\"image\":{\"@id\":\"https:\/\/www.psi-polymersystems.com\/#\/schema\/logo\/image\/\"},\"sameAs\":[\"https:\/\/www.facebook.com\/psipolymersystems\/\",\"https:\/\/www.linkedin.com\/showcase\/psi-polymer-systems\"]}]}<\/script>\n<!-- \/ Yoast SEO Premium plugin. -->","yoast_head_json":{"title":"PSI-Polymer Systems To Introduce New Extrusion Products at NPE 2006 Hickory, NC (June 19, 2006) - PSI-Polymer Systems","robots":{"index":"index","follow":"follow","max-snippet":"max-snippet:-1","max-image-preview":"max-image-preview:large","max-video-preview":"max-video-preview:-1"},"canonical":"https:\/\/www.psi-polymersystems.com\/es\/about-us\/press-releases\/psi-polymer-systems-to-introduce-new-extrusion-products-at-npe-2006-hickory-nc-june-19-2006\/","og_locale":"es_MX","og_type":"article","og_title":"PSI-Polymer Systems To Introduce New Extrusion Products at NPE 2006 Hickory, NC (June 19, 2006)","og_description":"PSI-Polymer Systems To Introduce New Extrusion Products at NPE2006 Hickory, NC (June 19, 2006) At NPE 2006, PSI-Polymer Systems Inc. will introduce","og_url":"https:\/\/www.psi-polymersystems.com\/es\/about-us\/press-releases\/psi-polymer-systems-to-introduce-new-extrusion-products-at-npe-2006-hickory-nc-june-19-2006\/","og_site_name":"PSI-Polymer Systems","article_publisher":"https:\/\/www.facebook.com\/psipolymersystems\/","article_modified_time":"2020-09-23T17:52:35+00:00","twitter_card":"summary_large_image","twitter_misc":{"Tiempo de lectura":"4 minutos"},"schema":{"@context":"https:\/\/schema.org","@graph":[{"@type":"WebPage","@id":"https:\/\/www.psi-polymersystems.com\/about-us\/press-releases\/psi-polymer-systems-to-introduce-new-extrusion-products-at-npe-2006-hickory-nc-june-19-2006\/","url":"https:\/\/www.psi-polymersystems.com\/about-us\/press-releases\/psi-polymer-systems-to-introduce-new-extrusion-products-at-npe-2006-hickory-nc-june-19-2006\/","name":"PSI-Polymer Systems To Introduce New Extrusion Products at NPE 2006 Hickory, NC (June 19, 2006) - PSI-Polymer Systems","isPartOf":{"@id":"https:\/\/www.psi-polymersystems.com\/#website"},"datePublished":"2020-09-23T17:49:35+00:00","dateModified":"2020-09-23T17:52:35+00:00","breadcrumb":{"@id":"https:\/\/www.psi-polymersystems.com\/about-us\/press-releases\/psi-polymer-systems-to-introduce-new-extrusion-products-at-npe-2006-hickory-nc-june-19-2006\/#breadcrumb"},"inLanguage":"es","potentialAction":[{"@type":"ReadAction","target":["https:\/\/www.psi-polymersystems.com\/about-us\/press-releases\/psi-polymer-systems-to-introduce-new-extrusion-products-at-npe-2006-hickory-nc-june-19-2006\/"]}]},{"@type":"BreadcrumbList","@id":"https:\/\/www.psi-polymersystems.com\/about-us\/press-releases\/psi-polymer-systems-to-introduce-new-extrusion-products-at-npe-2006-hickory-nc-june-19-2006\/#breadcrumb","itemListElement":[{"@type":"ListItem","position":1,"name":"Home","item":"https:\/\/www.psi-polymersystems.com\/"},{"@type":"ListItem","position":2,"name":"About Us","item":"https:\/\/www.psi-polymersystems.com\/about-us\/"},{"@type":"ListItem","position":3,"name":"Press Releases","item":"https:\/\/www.psi-polymersystems.com\/about-us\/press-releases\/"},{"@type":"ListItem","position":4,"name":"PSI-Polymer Systems To Introduce New Extrusion Products at NPE 2006 Hickory, NC (June 19, 2006)"}]},{"@type":"WebSite","@id":"https:\/\/www.psi-polymersystems.com\/#website","url":"https:\/\/www.psi-polymersystems.com\/","name":"PSI-Polymer Systems","description":"","publisher":{"@id":"https:\/\/www.psi-polymersystems.com\/#organization"},"potentialAction":[{"@type":"SearchAction","target":{"@type":"EntryPoint","urlTemplate":"https:\/\/www.psi-polymersystems.com\/?s={search_term_string}"},"query-input":{"@type":"PropertyValueSpecification","valueRequired":true,"valueName":"search_term_string"}}],"inLanguage":"es"},{"@type":"Organization","@id":"https:\/\/www.psi-polymersystems.com\/#organization","name":"PSI-Polymer Systems, Inc.","url":"https:\/\/www.psi-polymersystems.com\/","logo":{"@type":"ImageObject","inLanguage":"es","@id":"https:\/\/www.psi-polymersystems.com\/#\/schema\/logo\/image\/","url":"","contentUrl":"","caption":"PSI-Polymer Systems, Inc."},"image":{"@id":"https:\/\/www.psi-polymersystems.com\/#\/schema\/logo\/image\/"},"sameAs":["https:\/\/www.facebook.com\/psipolymersystems\/","https:\/\/www.linkedin.com\/showcase\/psi-polymer-systems"]}]}},"_links":{"self":[{"href":"https:\/\/www.psi-polymersystems.com\/es\/wp-json\/wp\/v2\/pages\/6093","targetHints":{"allow":["GET"]}}],"collection":[{"href":"https:\/\/www.psi-polymersystems.com\/es\/wp-json\/wp\/v2\/pages"}],"about":[{"href":"https:\/\/www.psi-polymersystems.com\/es\/wp-json\/wp\/v2\/types\/page"}],"author":[{"embeddable":true,"href":"https:\/\/www.psi-polymersystems.com\/es\/wp-json\/wp\/v2\/users\/2"}],"replies":[{"embeddable":true,"href":"https:\/\/www.psi-polymersystems.com\/es\/wp-json\/wp\/v2\/comments?post=6093"}],"version-history":[{"count":0,"href":"https:\/\/www.psi-polymersystems.com\/es\/wp-json\/wp\/v2\/pages\/6093\/revisions"}],"up":[{"embeddable":true,"href":"https:\/\/www.psi-polymersystems.com\/es\/wp-json\/wp\/v2\/pages\/5833"}],"wp:attachment":[{"href":"https:\/\/www.psi-polymersystems.com\/es\/wp-json\/wp\/v2\/media?parent=6093"}],"curies":[{"name":"wp","href":"https:\/\/api.w.org\/{rel}","templated":true}]}}