{"id":8230,"date":"2022-08-02T13:49:24","date_gmt":"2022-08-02T13:49:24","guid":{"rendered":"https:\/\/psi-polymersystems.com\/?page_id=8230"},"modified":"2022-08-03T15:40:08","modified_gmt":"2022-08-03T15:40:08","slug":"processors-turn-to-gear-pumps-to-boost-extruder-output-and-meet-surging-manufacturing-activity-august-2-2022","status":"publish","type":"page","link":"https:\/\/www.psi-polymersystems.com\/es\/about-us\/press-releases\/processors-turn-to-gear-pumps-to-boost-extruder-output-and-meet-surging-manufacturing-activity-august-2-2022\/","title":{"rendered":"Los procesadores recurren a las bombas de engranajes para aumentar la producci\u00f3n del extrusor y cumplir con la creciente actividad de fabricaci\u00f3n (2 de agosto de 2022)"},"content":{"rendered":"<div data-elementor-type=\"wp-page\" data-elementor-id=\"8230\" class=\"elementor elementor-8230\" data-elementor-post-type=\"page\">\n\t\t\t\t\t\t<section class=\"elementor-section elementor-top-section elementor-element elementor-element-4fdb5df3 elementor-section-boxed elementor-section-height-default elementor-section-height-default\" data-id=\"4fdb5df3\" data-element_type=\"section\" data-e-type=\"section\">\n\t\t\t\t\t\t<div class=\"elementor-container elementor-column-gap-default\">\n\t\t\t\t\t<div class=\"elementor-column elementor-col-50 elementor-top-column elementor-element elementor-element-3885d546\" data-id=\"3885d546\" data-element_type=\"column\" data-e-type=\"column\">\n\t\t\t<div class=\"elementor-widget-wrap elementor-element-populated\">\n\t\t\t\t\t\t<div class=\"elementor-element elementor-element-69a64ce1 elementor-widget elementor-widget-heading\" data-id=\"69a64ce1\" data-element_type=\"widget\" data-e-type=\"widget\" data-widget_type=\"heading.default\">\n\t\t\t\t<div class=\"elementor-widget-container\">\n\t\t\t\t\t<h2 class=\"elementor-heading-title elementor-size-default\">Los procesadores recurren a las bombas de engranajes para aumentar la producci\u00f3n del extrusor y cumplir con la creciente actividad de fabricaci\u00f3n (2 de agosto de 2022)<\/h2>\t\t\t\t<\/div>\n\t\t\t\t<\/div>\n\t\t\t\t<div class=\"elementor-element elementor-element-2a60f16c elementor-widget elementor-widget-text-editor\" data-id=\"2a60f16c\" data-element_type=\"widget\" data-e-type=\"widget\" data-widget_type=\"text-editor.default\">\n\t\t\t\t<div class=\"elementor-widget-container\">\n\t\t\t\t\t\t\t\t\t<p><em>PSI-Polymer Systems Inc. ve un gran aumento en los pedidos a medida que los procesadores se vuelven creativos para satisfacer las demandas de producci\u00f3n de extrusi\u00f3n<\/em><\/p><p><strong>\u00a0 \u00a0 \u00a0CONOVER, Carolina del Norte, 2 de agosto de 2022 \u2013<\/strong> Con una mayor demanda de capacidad y plazos de entrega extendidos para los equipos de producci\u00f3n, incluidas las extrusoras, los procesadores han recurrido a las bombas de engranajes como una soluci\u00f3n para aumentar la productividad y satisfacer las crecientes demandas de fabricaci\u00f3n del pa\u00eds, seg\u00fan PSI-Polymers Systems Inc. (PSI), un proveedor global l\u00edder. de bombas de engranajes de alto rendimiento, cambiadores de filtros, auxiliares personalizados y reconstrucciones para las industrias de pol\u00edmeros, adhesivos, productos qu\u00edmicos y procesamiento de alimentos.<\/p><p>\u00a0 \u00a0 \u00a0 \u00a0En los \u00faltimos dos a\u00f1os, PSI ha experimentado un aumento masivo en los pedidos de bombas de engranajes debido en gran parte a la escasez de nuevas extrusoras que han experimentado tiempos de entrega de m\u00e1s de 50 semanas. De manera similar, las extrusoras usadas se han agotado y los procesadores se han esforzado por encontrar formas de satisfacer la demanda, seg\u00fan Don Macnamara, gerente general de PSI-Polymer Systems Inc. \u201cLa producci\u00f3n de extrusoras est\u00e1 a su m\u00e1xima capacidad, la mano de obra es escasa y con un aumento en volumen de negocios, los procesadores utilizan todos los recursos disponibles y piensan de forma creativa para gestionar el aumento de los pedidos atrasados y retener a los clientes\u201d, dijo Macnamara. \u201cLos retrasos excesivos y los plazos de entrega m\u00e1s prolongados pueden dar lugar a una deriva del cliente y un mayor potencial de p\u00e9rdida a largo plazo de valiosas relaciones comerciales. Los procesadores est\u00e1n haciendo todo lo posible para aumentar la producci\u00f3n y reducir los plazos de entrega. Aqu\u00ed es donde entra en juego la bomba de engranajes\u201d.<\/p><p>\u00a0 \u00a0 \u00a0 \u00a0Por lo general, las bombas de engranajes se instalan en una l\u00ednea de extrusi\u00f3n para controlar la estabilidad dimensional del perfil y el peso por longitud. Sin embargo, los procesadores ahora se han apresurado a evaluar y priorizar las ganancias de producci\u00f3n que ofrece la bomba de engranajes. La bomba de engranajes asume la funci\u00f3n de generaci\u00f3n de presi\u00f3n de la extrusora y le permite hacer lo que mejor sabe hacer: alimentar, derretir y dosificar, dice Macnamara.\u00a0<\/p><p>\u00a0 \u00a0 \u00a0 \u00a0Con la funci\u00f3n de presi\u00f3n eliminada, la extrusora opera a una presi\u00f3n de cabeza m\u00e1s baja. Esto aumenta efectivamente la producci\u00f3n de la extrusora<u>\u00a0<\/u>reduciendo las p\u00e9rdidas de flujo inducidas por la contrapresi\u00f3n. Seg\u00fan Macnamara, las extrusoras m\u00e1s antiguas a menudo ven una ganancia de producci\u00f3n de 18%-25%. Agregar bombas de engranajes a 4 o 5 extrusoras antiguas puede generar una ganancia de producci\u00f3n similar a la de agregar una nueva l\u00ednea de extrusi\u00f3n. Las nuevas extrusoras ven ganancias de aproximadamente 10%. Las ganancias de producci\u00f3n dependen de la viscosidad del material y de la cantidad de material retenido por la presi\u00f3n.\u00a0<\/p><p>\u00a0 \u00a0 \u00a0 \u00a0Una bomba de engranajes tambi\u00e9n amortiguar\u00e1 los efectos de la variaci\u00f3n de la presi\u00f3n del extrusor en la matriz en un rango de 20:1 a 50:1 seg\u00fan el proceso. Esto permite que el control de calibre\/pared sea nominalmente +\/- .25%, lo que reduce significativamente la cantidad de resina utilizada por pie lineal. Por ejemplo, sin bomba de fusi\u00f3n, una secci\u00f3n de tuber\u00eda de un pie y 1,5\u201d de di\u00e1metro (SDR 13,5) hecha hacia el extremo m\u00e1s pesado de la especificaci\u00f3n ASTM tiene un peso objetivo de 151 g (0,333 lb). Al agregar una bomba de fusi\u00f3n a la l\u00ednea, se obtiene un perfil uniformemente preciso hacia el extremo inferior de la especificaci\u00f3n ASTM con un peso reducido de 145 g (0,320 lb) por pie. Esto da como resultado un ahorro neto de 6 gramos (0,013 lb) por pie lineal. A una velocidad de l\u00ednea de 65 pies por minuto, una operaci\u00f3n 20\/5\/50 podr\u00eda lograr un ahorro neto anual de materiales de m\u00e1s de un cuarto de mill\u00f3n de libras por a\u00f1o.<\/p><p>\u00a0 \u00a0 \u00a0 \u00a0\u201cEn un mercado donde los precios son vol\u00e1tiles y la disponibilidad de recursos a menudo impredecible, reducir el porcentaje de material que se entrega en el producto puede significar la diferencia entre realizar env\u00edos adicionales o buscar silos vac\u00edos\u201d, dijo Macnamara.<\/p><p>\u00a0 \u00a0 \u00a0 \u00a0Cambiar la funci\u00f3n de generaci\u00f3n de presi\u00f3n a la bomba de fusi\u00f3n tambi\u00e9n reduce la carga de amperaje en la extrusora. Los materiales con un \u00edndice de fusi\u00f3n fraccional\/viscosidad m\u00e1s altos ver\u00e1n el mayor beneficio. Una carga de amperaje m\u00e1s baja se traduce en costos de energ\u00eda m\u00e1s bajos. En la mayor\u00eda de los casos, agregar el motor de la bomba de engranajes a la l\u00ednea reduce el consumo general de amperios y genera un ahorro de energ\u00eda general significativo. Adem\u00e1s, la presi\u00f3n m\u00e1s baja del cabezal del extrusor ejerce menos carga sobre el cojinete de empuje y la caja de engranajes, lo que aumenta la vida \u00fatil esperada y reduce el desgaste del extrusor.<\/p><p>\u00a0 \u00a0 \u00a0 \u00a0 \u00a0 \u00a0 \u00a0 \u00a0 \u00a0 \u00a0 \u00a0 \u00a0 \u00a0 \u00a0 \u00a0 \u00a0 \u00a0 \u00a0 \u00a0 \u00a0 \u00a0 \u00a0 \u00a0 \u00a0 #\u00a0\u00a0\u00a0\u00a0\u00a0\u00a0\u00a0\u00a0 #\u00a0\u00a0\u00a0\u00a0\u00a0\u00a0\u00a0\u00a0 #<\/p><p><strong>Acerca de PSI-Polymer Systems Inc.\u00a0\u00a0\u00a0\u00a0\u00a0\u00a0\u00a0\u00a0\u00a0\u00a0\u00a0\u00a0\u00a0\u00a0\u00a0\u00a0\u00a0\u00a0\u00a0\u00a0\u00a0\u00a0\u00a0\u00a0\u00a0\u00a0\u00a0\u00a0\u00a0\u00a0\u00a0\u00a0\u00a0\u00a0\u00a0\u00a0\u00a0\u00a0\u00a0\u00a0\u00a0\u00a0\u00a0\u00a0\u00a0\u00a0\u00a0\u00a0\u00a0\u00a0\u00a0\u00a0\u00a0\u00a0\u00a0\u00a0\u00a0\u00a0\u00a0\u00a0\u00a0\u00a0\u00a0\u00a0\u00a0\u00a0\u00a0\u00a0\u00a0\u00a0\u00a0\u00a0\u00a0\u00a0\u00a0\u00a0\u00a0\u00a0\u00a0\u00a0\u00a0\u00a0\u00a0\u00a0\u00a0\u00a0\u00a0\u00a0\u00a0\u00a0\u00a0\u00a0\u00a0\u00a0\u00a0\u00a0\u00a0\u00a0\u00a0 <\/strong>Fundada en 2000 por un veterano de la industria y respaldada por un equipo dedicado de antiguos propietarios de negocios de bombas de engranajes y cambiadores de filtros, la visi\u00f3n de PSI de sistematizar el hardware de proceso entre la extrusora y el troquel se afianz\u00f3 r\u00e1pidamente. Al presentar tecnolog\u00edas que incorporaron mejoras de m\u00e1quinas patentadas y patentadas, PSI desafi\u00f3 el dise\u00f1o de sistemas convencionales y, en \u00faltima instancia, elev\u00f3 los est\u00e1ndares de la industria en cuanto a rendimiento y suministro.\u00a0<\/p><p>Para los requisitos de filtraci\u00f3n de pol\u00edmeros y adhesivos termofusibles, los tipos de cambiadores de pantalla PSI incluyen retrolavado (CSC-BF), pist\u00f3n doble continuo (CSC), pist\u00f3n \u00fanico discontinuo (DSC), placa deslizante hidr\u00e1ulica (HSC), placa deslizante manual (MSC) y filtros en l\u00ednea (ILF). Para l\u00edneas de compuestos y reactores de pol\u00edmeros grandes, PSI ofrece cambiadores de pantalla continuos de \u00e1rea extendida (EAC). Los tipos de bombas de engranajes incluyen: bomba de engranajes de extrusi\u00f3n (EGP), bomba de engranajes de alta presi\u00f3n (HGP), bomba de engranajes de industria qu\u00edmica (CIP) y bomba de engranajes de fluoropol\u00edmero (FGP) para pl\u00e1sticos fluorados. Para m\u00e1s informaci\u00f3n visite <a href=\"http:\/\/www.psi-polymersystems.com\/es\/\">www.psi-polymersystems.com<\/a>. \u00a0\u00a0\u00a0\u00a0\u00a0\u00a0\u00a0\u00a0\u00a0\u00a0\u00a0\u00a0\u00a0\u00a0\u00a0\u00a0\u00a0\u00a0\u00a0\u00a0\u00a0\u00a0\u00a0\u00a0\u00a0\u00a0\u00a0\u00a0\u00a0\u00a0\u00a0\u00a0\u00a0\u00a0\u00a0\u00a0\u00a0\u00a0\u00a0\u00a0\u00a0\u00a0\u00a0\u00a0\u00a0\u00a0\u00a0\u00a0\u00a0\u00a0\u00a0\u00a0\u00a0\u00a0\u00a0\u00a0\u00a0\u00a0\u00a0\u00a0\u00a0\u00a0\u00a0\u00a0<\/p>\t\t\t\t\t\t\t\t<\/div>\n\t\t\t\t<\/div>\n\t\t\t\t\t<\/div>\n\t\t<\/div>\n\t\t\t\t<div class=\"elementor-column elementor-col-50 elementor-top-column elementor-element elementor-element-6a9624b4\" data-id=\"6a9624b4\" data-element_type=\"column\" data-e-type=\"column\">\n\t\t\t<div class=\"elementor-widget-wrap elementor-element-populated\">\n\t\t\t\t\t\t<div class=\"elementor-element elementor-element-f6232cf elementor-widget elementor-widget-image\" data-id=\"f6232cf\" data-element_type=\"widget\" data-e-type=\"widget\" data-widget_type=\"image.default\">\n\t\t\t\t<div class=\"elementor-widget-container\">\n\t\t\t\t\t\t\t\t\t\t\t\t\t\t\t<img fetchpriority=\"high\" decoding=\"async\" width=\"707\" height=\"819\" src=\"https:\/\/www.psi-polymersystems.com\/wp-content\/uploads\/2022\/08\/Gear-Pump-System.jpg\" class=\"attachment-large size-large wp-image-8232\" alt=\"PSI - Gear Pump System\" srcset=\"https:\/\/www.psi-polymersystems.com\/wp-content\/uploads\/2022\/08\/Gear-Pump-System.jpg 707w, https:\/\/www.psi-polymersystems.com\/wp-content\/uploads\/2022\/08\/Gear-Pump-System-259x300.jpg 259w, https:\/\/www.psi-polymersystems.com\/wp-content\/uploads\/2022\/08\/Gear-Pump-System-10x12.jpg 10w, https:\/\/www.psi-polymersystems.com\/wp-content\/uploads\/2022\/08\/Gear-Pump-System-600x695.jpg 600w\" sizes=\"(max-width: 707px) 100vw, 707px\" \/>\t\t\t\t\t\t\t\t\t\t\t\t\t\t\t<\/div>\n\t\t\t\t<\/div>\n\t\t\t\t\t<\/div>\n\t\t<\/div>\n\t\t\t\t\t<\/div>\n\t\t<\/section>\n\t\t\t\t<\/div>","protected":false},"excerpt":{"rendered":"<p>Los procesadores recurren a las bombas de engranajes para aumentar la producci\u00f3n del extrusor y satisfacer la creciente actividad de fabricaci\u00f3n (2 de agosto de 2022) PSI-Polymer Systems Inc. ve un gran aumento en los pedidos a medida que los procesadores se vuelven creativos para satisfacer las demandas de producci\u00f3n de extrusi\u00f3n CONOVER, NC, 2 de agosto de 2022 \u2013 Con aumento de la demanda de capacidad y plazos de entrega prolongados para equipos de producci\u00f3n, incluidas extrusoras, [\u2026]<\/p>","protected":false},"author":2,"featured_media":0,"parent":5833,"menu_order":0,"comment_status":"closed","ping_status":"closed","template":"","meta":{"_monsterinsights_skip_tracking":false,"_monsterinsights_sitenote_active":false,"_monsterinsights_sitenote_note":"","_monsterinsights_sitenote_category":0,"footnotes":""},"class_list":["post-8230","page","type-page","status-publish","hentry"],"yoast_head":"<!-- This site is optimized with the Yoast SEO Premium plugin v25.0 (Yoast SEO v25.0) - https:\/\/yoast.com\/wordpress\/plugins\/seo\/ -->\n<title>Processors Turn to Gear Pumps to Boost Extruder Output and Meet Surging Manufacturing Activity (August 2, 2022) - PSI-Polymer Systems<\/title>\n<meta name=\"robots\" content=\"index, follow, max-snippet:-1, max-image-preview:large, max-video-preview:-1\" \/>\n<link rel=\"canonical\" href=\"https:\/\/www.psi-polymersystems.com\/es\/about-us\/press-releases\/processors-turn-to-gear-pumps-to-boost-extruder-output-and-meet-surging-manufacturing-activity-august-2-2022\/\" \/>\n<meta property=\"og:locale\" content=\"es_MX\" \/>\n<meta property=\"og:type\" content=\"article\" \/>\n<meta property=\"og:title\" content=\"Processors Turn to Gear Pumps to Boost Extruder Output and Meet Surging Manufacturing Activity (August 2, 2022)\" \/>\n<meta property=\"og:description\" content=\"Processors Turn to Gear Pumps to Boost Extruder Output and Meet Surging Manufacturing Activity (August 2, 2022) PSI-Polymer Systems Inc. Sees Big Upsurge\" \/>\n<meta property=\"og:url\" content=\"https:\/\/www.psi-polymersystems.com\/es\/about-us\/press-releases\/processors-turn-to-gear-pumps-to-boost-extruder-output-and-meet-surging-manufacturing-activity-august-2-2022\/\" \/>\n<meta property=\"og:site_name\" content=\"PSI-Polymer Systems\" \/>\n<meta property=\"article:publisher\" content=\"https:\/\/www.facebook.com\/psipolymersystems\/\" \/>\n<meta property=\"article:modified_time\" content=\"2022-08-03T15:40:08+00:00\" \/>\n<meta property=\"og:image\" content=\"https:\/\/psi-polymersystems.com\/wp-content\/uploads\/2022\/08\/Gear-Pump-System.jpg\" \/>\n<meta name=\"twitter:card\" content=\"summary_large_image\" \/>\n<meta name=\"twitter:label1\" content=\"Tiempo de lectura\" \/>\n\t<meta name=\"twitter:data1\" content=\"4 minutos\" \/>\n<script type=\"application\/ld+json\" class=\"yoast-schema-graph\">{\"@context\":\"https:\/\/schema.org\",\"@graph\":[{\"@type\":\"WebPage\",\"@id\":\"https:\/\/www.psi-polymersystems.com\/es\/about-us\/press-releases\/processors-turn-to-gear-pumps-to-boost-extruder-output-and-meet-surging-manufacturing-activity-august-2-2022\/\",\"url\":\"https:\/\/www.psi-polymersystems.com\/es\/about-us\/press-releases\/processors-turn-to-gear-pumps-to-boost-extruder-output-and-meet-surging-manufacturing-activity-august-2-2022\/\",\"name\":\"Processors Turn to Gear Pumps to Boost Extruder Output and Meet Surging Manufacturing Activity (August 2, 2022) - PSI-Polymer Systems\",\"isPartOf\":{\"@id\":\"https:\/\/www.psi-polymersystems.com\/#website\"},\"primaryImageOfPage\":{\"@id\":\"https:\/\/www.psi-polymersystems.com\/es\/about-us\/press-releases\/processors-turn-to-gear-pumps-to-boost-extruder-output-and-meet-surging-manufacturing-activity-august-2-2022\/#primaryimage\"},\"image\":{\"@id\":\"https:\/\/www.psi-polymersystems.com\/es\/about-us\/press-releases\/processors-turn-to-gear-pumps-to-boost-extruder-output-and-meet-surging-manufacturing-activity-august-2-2022\/#primaryimage\"},\"thumbnailUrl\":\"https:\/\/psi-polymersystems.com\/wp-content\/uploads\/2022\/08\/Gear-Pump-System.jpg\",\"datePublished\":\"2022-08-02T13:49:24+00:00\",\"dateModified\":\"2022-08-03T15:40:08+00:00\",\"breadcrumb\":{\"@id\":\"https:\/\/www.psi-polymersystems.com\/es\/about-us\/press-releases\/processors-turn-to-gear-pumps-to-boost-extruder-output-and-meet-surging-manufacturing-activity-august-2-2022\/#breadcrumb\"},\"inLanguage\":\"es\",\"potentialAction\":[{\"@type\":\"ReadAction\",\"target\":[\"https:\/\/www.psi-polymersystems.com\/es\/about-us\/press-releases\/processors-turn-to-gear-pumps-to-boost-extruder-output-and-meet-surging-manufacturing-activity-august-2-2022\/\"]}]},{\"@type\":\"ImageObject\",\"inLanguage\":\"es\",\"@id\":\"https:\/\/www.psi-polymersystems.com\/es\/about-us\/press-releases\/processors-turn-to-gear-pumps-to-boost-extruder-output-and-meet-surging-manufacturing-activity-august-2-2022\/#primaryimage\",\"url\":\"https:\/\/psi-polymersystems.com\/wp-content\/uploads\/2022\/08\/Gear-Pump-System.jpg\",\"contentUrl\":\"https:\/\/psi-polymersystems.com\/wp-content\/uploads\/2022\/08\/Gear-Pump-System.jpg\"},{\"@type\":\"BreadcrumbList\",\"@id\":\"https:\/\/www.psi-polymersystems.com\/es\/about-us\/press-releases\/processors-turn-to-gear-pumps-to-boost-extruder-output-and-meet-surging-manufacturing-activity-august-2-2022\/#breadcrumb\",\"itemListElement\":[{\"@type\":\"ListItem\",\"position\":1,\"name\":\"Home\",\"item\":\"https:\/\/www.psi-polymersystems.com\/\"},{\"@type\":\"ListItem\",\"position\":2,\"name\":\"About Us\",\"item\":\"https:\/\/www.psi-polymersystems.com\/about-us\/\"},{\"@type\":\"ListItem\",\"position\":3,\"name\":\"Press Releases\",\"item\":\"https:\/\/www.psi-polymersystems.com\/about-us\/press-releases\/\"},{\"@type\":\"ListItem\",\"position\":4,\"name\":\"Processors Turn to Gear Pumps to Boost Extruder Output and Meet Surging Manufacturing Activity (August 2, 2022)\"}]},{\"@type\":\"WebSite\",\"@id\":\"https:\/\/www.psi-polymersystems.com\/#website\",\"url\":\"https:\/\/www.psi-polymersystems.com\/\",\"name\":\"PSI-Polymer Systems\",\"description\":\"\",\"publisher\":{\"@id\":\"https:\/\/www.psi-polymersystems.com\/#organization\"},\"potentialAction\":[{\"@type\":\"SearchAction\",\"target\":{\"@type\":\"EntryPoint\",\"urlTemplate\":\"https:\/\/www.psi-polymersystems.com\/?s={search_term_string}\"},\"query-input\":{\"@type\":\"PropertyValueSpecification\",\"valueRequired\":true,\"valueName\":\"search_term_string\"}}],\"inLanguage\":\"es\"},{\"@type\":\"Organization\",\"@id\":\"https:\/\/www.psi-polymersystems.com\/#organization\",\"name\":\"PSI-Polymer Systems, Inc.\",\"url\":\"https:\/\/www.psi-polymersystems.com\/\",\"logo\":{\"@type\":\"ImageObject\",\"inLanguage\":\"es\",\"@id\":\"https:\/\/www.psi-polymersystems.com\/#\/schema\/logo\/image\/\",\"url\":\"\",\"contentUrl\":\"\",\"caption\":\"PSI-Polymer Systems, Inc.\"},\"image\":{\"@id\":\"https:\/\/www.psi-polymersystems.com\/#\/schema\/logo\/image\/\"},\"sameAs\":[\"https:\/\/www.facebook.com\/psipolymersystems\/\",\"https:\/\/www.linkedin.com\/showcase\/psi-polymer-systems\"]}]}<\/script>\n<!-- \/ Yoast SEO Premium plugin. -->","yoast_head_json":{"title":"Processors Turn to Gear Pumps to Boost Extruder Output and Meet Surging Manufacturing Activity (August 2, 2022) - PSI-Polymer Systems","robots":{"index":"index","follow":"follow","max-snippet":"max-snippet:-1","max-image-preview":"max-image-preview:large","max-video-preview":"max-video-preview:-1"},"canonical":"https:\/\/www.psi-polymersystems.com\/es\/about-us\/press-releases\/processors-turn-to-gear-pumps-to-boost-extruder-output-and-meet-surging-manufacturing-activity-august-2-2022\/","og_locale":"es_MX","og_type":"article","og_title":"Processors Turn to Gear Pumps to Boost Extruder Output and Meet Surging Manufacturing Activity (August 2, 2022)","og_description":"Processors Turn to Gear Pumps to Boost Extruder Output and Meet Surging Manufacturing Activity (August 2, 2022) PSI-Polymer Systems Inc. Sees Big Upsurge","og_url":"https:\/\/www.psi-polymersystems.com\/es\/about-us\/press-releases\/processors-turn-to-gear-pumps-to-boost-extruder-output-and-meet-surging-manufacturing-activity-august-2-2022\/","og_site_name":"PSI-Polymer Systems","article_publisher":"https:\/\/www.facebook.com\/psipolymersystems\/","article_modified_time":"2022-08-03T15:40:08+00:00","og_image":[{"url":"https:\/\/psi-polymersystems.com\/wp-content\/uploads\/2022\/08\/Gear-Pump-System.jpg","type":"","width":"","height":""}],"twitter_card":"summary_large_image","twitter_misc":{"Tiempo de lectura":"4 minutos"},"schema":{"@context":"https:\/\/schema.org","@graph":[{"@type":"WebPage","@id":"https:\/\/www.psi-polymersystems.com\/es\/about-us\/press-releases\/processors-turn-to-gear-pumps-to-boost-extruder-output-and-meet-surging-manufacturing-activity-august-2-2022\/","url":"https:\/\/www.psi-polymersystems.com\/es\/about-us\/press-releases\/processors-turn-to-gear-pumps-to-boost-extruder-output-and-meet-surging-manufacturing-activity-august-2-2022\/","name":"Processors Turn to Gear Pumps to Boost Extruder Output and Meet Surging Manufacturing Activity (August 2, 2022) - PSI-Polymer Systems","isPartOf":{"@id":"https:\/\/www.psi-polymersystems.com\/#website"},"primaryImageOfPage":{"@id":"https:\/\/www.psi-polymersystems.com\/es\/about-us\/press-releases\/processors-turn-to-gear-pumps-to-boost-extruder-output-and-meet-surging-manufacturing-activity-august-2-2022\/#primaryimage"},"image":{"@id":"https:\/\/www.psi-polymersystems.com\/es\/about-us\/press-releases\/processors-turn-to-gear-pumps-to-boost-extruder-output-and-meet-surging-manufacturing-activity-august-2-2022\/#primaryimage"},"thumbnailUrl":"https:\/\/psi-polymersystems.com\/wp-content\/uploads\/2022\/08\/Gear-Pump-System.jpg","datePublished":"2022-08-02T13:49:24+00:00","dateModified":"2022-08-03T15:40:08+00:00","breadcrumb":{"@id":"https:\/\/www.psi-polymersystems.com\/es\/about-us\/press-releases\/processors-turn-to-gear-pumps-to-boost-extruder-output-and-meet-surging-manufacturing-activity-august-2-2022\/#breadcrumb"},"inLanguage":"es","potentialAction":[{"@type":"ReadAction","target":["https:\/\/www.psi-polymersystems.com\/es\/about-us\/press-releases\/processors-turn-to-gear-pumps-to-boost-extruder-output-and-meet-surging-manufacturing-activity-august-2-2022\/"]}]},{"@type":"ImageObject","inLanguage":"es","@id":"https:\/\/www.psi-polymersystems.com\/es\/about-us\/press-releases\/processors-turn-to-gear-pumps-to-boost-extruder-output-and-meet-surging-manufacturing-activity-august-2-2022\/#primaryimage","url":"https:\/\/psi-polymersystems.com\/wp-content\/uploads\/2022\/08\/Gear-Pump-System.jpg","contentUrl":"https:\/\/psi-polymersystems.com\/wp-content\/uploads\/2022\/08\/Gear-Pump-System.jpg"},{"@type":"BreadcrumbList","@id":"https:\/\/www.psi-polymersystems.com\/es\/about-us\/press-releases\/processors-turn-to-gear-pumps-to-boost-extruder-output-and-meet-surging-manufacturing-activity-august-2-2022\/#breadcrumb","itemListElement":[{"@type":"ListItem","position":1,"name":"Home","item":"https:\/\/www.psi-polymersystems.com\/"},{"@type":"ListItem","position":2,"name":"About Us","item":"https:\/\/www.psi-polymersystems.com\/about-us\/"},{"@type":"ListItem","position":3,"name":"Press Releases","item":"https:\/\/www.psi-polymersystems.com\/about-us\/press-releases\/"},{"@type":"ListItem","position":4,"name":"Processors Turn to Gear Pumps to Boost Extruder Output and Meet Surging Manufacturing Activity (August 2, 2022)"}]},{"@type":"WebSite","@id":"https:\/\/www.psi-polymersystems.com\/#website","url":"https:\/\/www.psi-polymersystems.com\/","name":"PSI-Polymer Systems","description":"","publisher":{"@id":"https:\/\/www.psi-polymersystems.com\/#organization"},"potentialAction":[{"@type":"SearchAction","target":{"@type":"EntryPoint","urlTemplate":"https:\/\/www.psi-polymersystems.com\/?s={search_term_string}"},"query-input":{"@type":"PropertyValueSpecification","valueRequired":true,"valueName":"search_term_string"}}],"inLanguage":"es"},{"@type":"Organization","@id":"https:\/\/www.psi-polymersystems.com\/#organization","name":"PSI-Polymer Systems, Inc.","url":"https:\/\/www.psi-polymersystems.com\/","logo":{"@type":"ImageObject","inLanguage":"es","@id":"https:\/\/www.psi-polymersystems.com\/#\/schema\/logo\/image\/","url":"","contentUrl":"","caption":"PSI-Polymer Systems, Inc."},"image":{"@id":"https:\/\/www.psi-polymersystems.com\/#\/schema\/logo\/image\/"},"sameAs":["https:\/\/www.facebook.com\/psipolymersystems\/","https:\/\/www.linkedin.com\/showcase\/psi-polymer-systems"]}]}},"_links":{"self":[{"href":"https:\/\/www.psi-polymersystems.com\/es\/wp-json\/wp\/v2\/pages\/8230","targetHints":{"allow":["GET"]}}],"collection":[{"href":"https:\/\/www.psi-polymersystems.com\/es\/wp-json\/wp\/v2\/pages"}],"about":[{"href":"https:\/\/www.psi-polymersystems.com\/es\/wp-json\/wp\/v2\/types\/page"}],"author":[{"embeddable":true,"href":"https:\/\/www.psi-polymersystems.com\/es\/wp-json\/wp\/v2\/users\/2"}],"replies":[{"embeddable":true,"href":"https:\/\/www.psi-polymersystems.com\/es\/wp-json\/wp\/v2\/comments?post=8230"}],"version-history":[{"count":0,"href":"https:\/\/www.psi-polymersystems.com\/es\/wp-json\/wp\/v2\/pages\/8230\/revisions"}],"up":[{"embeddable":true,"href":"https:\/\/www.psi-polymersystems.com\/es\/wp-json\/wp\/v2\/pages\/5833"}],"wp:attachment":[{"href":"https:\/\/www.psi-polymersystems.com\/es\/wp-json\/wp\/v2\/media?parent=8230"}],"curies":[{"name":"wp","href":"https:\/\/api.w.org\/{rel}","templated":true}]}}