{"id":9549,"date":"2023-09-14T19:32:43","date_gmt":"2023-09-14T19:32:43","guid":{"rendered":"https:\/\/psi-polymersystems.com\/?page_id=9549"},"modified":"2023-09-15T12:04:15","modified_gmt":"2023-09-15T12:04:15","slug":"csc-bf-faq","status":"publish","type":"page","link":"https:\/\/www.psi-polymersystems.com\/es\/csc-bf-faq\/","title":{"rendered":"Preguntas frecuentes sobre CSC-BF"},"content":{"rendered":"<div data-elementor-type=\"wp-page\" data-elementor-id=\"9549\" class=\"elementor elementor-9549\" data-elementor-post-type=\"page\">\n\t\t\t\t\t\t<section class=\"elementor-section elementor-top-section elementor-element elementor-element-15fe4d9e elementor-section-boxed elementor-section-height-default elementor-section-height-default\" data-id=\"15fe4d9e\" data-element_type=\"section\" data-e-type=\"section\">\n\t\t\t\t\t\t<div class=\"elementor-container elementor-column-gap-default\">\n\t\t\t\t\t<div class=\"elementor-column elementor-col-100 elementor-top-column elementor-element elementor-element-34ec477a\" data-id=\"34ec477a\" data-element_type=\"column\" data-e-type=\"column\">\n\t\t\t<div class=\"elementor-widget-wrap elementor-element-populated\">\n\t\t\t\t\t\t<div class=\"elementor-element elementor-element-5630c18d elementor-widget elementor-widget-text-editor\" data-id=\"5630c18d\" data-element_type=\"widget\" data-e-type=\"widget\" data-widget_type=\"text-editor.default\">\n\t\t\t\t<div class=\"elementor-widget-container\">\n\t\t\t\t\t\t\t\t\t<div><h2 class=\"elementor-heading-title elementor-size-default elementor-inline-editing pen\" style=\"letter-spacing: normal; text-align: left; color: #7a7a7a;\" data-elementor-setting-key=\"title\" data-pen-placeholder=\"Type Here...\">Cambiador de pantalla de retrolavado \u2013 Preguntas frecuentes<\/h2><\/div>\t\t\t\t\t\t\t\t<\/div>\n\t\t\t\t<\/div>\n\t\t\t\t\t<\/div>\n\t\t<\/div>\n\t\t\t\t\t<\/div>\n\t\t<\/section>\n\t\t\t\t<section class=\"elementor-section elementor-top-section elementor-element elementor-element-53be5129 elementor-section-boxed elementor-section-height-default elementor-section-height-default\" data-id=\"53be5129\" data-element_type=\"section\" data-e-type=\"section\">\n\t\t\t\t\t\t<div class=\"elementor-container elementor-column-gap-default\">\n\t\t\t\t\t<div class=\"elementor-column elementor-col-100 elementor-top-column elementor-element elementor-element-74b52735\" data-id=\"74b52735\" data-element_type=\"column\" data-e-type=\"column\">\n\t\t\t<div class=\"elementor-widget-wrap elementor-element-populated\">\n\t\t\t\t\t\t<div class=\"elementor-element elementor-element-a6d3223 elementor-widget elementor-widget-image\" data-id=\"a6d3223\" data-element_type=\"widget\" data-e-type=\"widget\" data-widget_type=\"image.default\">\n\t\t\t\t<div class=\"elementor-widget-container\">\n\t\t\t\t\t\t\t\t\t\t\t\t\t\t\t<img fetchpriority=\"high\" decoding=\"async\" width=\"1024\" height=\"245\" src=\"https:\/\/www.psi-polymersystems.com\/wp-content\/uploads\/2023\/09\/Banner3-Brt-1024x245.jpg\" class=\"attachment-large size-large wp-image-9563\" alt=\"\" srcset=\"https:\/\/www.psi-polymersystems.com\/wp-content\/uploads\/2023\/09\/Banner3-Brt-1024x245.jpg 1024w, https:\/\/www.psi-polymersystems.com\/wp-content\/uploads\/2023\/09\/Banner3-Brt-300x72.jpg 300w, https:\/\/www.psi-polymersystems.com\/wp-content\/uploads\/2023\/09\/Banner3-Brt-768x184.jpg 768w, https:\/\/www.psi-polymersystems.com\/wp-content\/uploads\/2023\/09\/Banner3-Brt-1536x368.jpg 1536w, https:\/\/www.psi-polymersystems.com\/wp-content\/uploads\/2023\/09\/Banner3-Brt-2048x490.jpg 2048w, https:\/\/www.psi-polymersystems.com\/wp-content\/uploads\/2023\/09\/Banner3-Brt-18x4.jpg 18w, https:\/\/www.psi-polymersystems.com\/wp-content\/uploads\/2023\/09\/Banner3-Brt-600x144.jpg 600w\" sizes=\"(max-width: 1024px) 100vw, 1024px\" \/>\t\t\t\t\t\t\t\t\t\t\t\t\t\t\t<\/div>\n\t\t\t\t<\/div>\n\t\t\t\t\t<\/div>\n\t\t<\/div>\n\t\t\t\t\t<\/div>\n\t\t<\/section>\n\t\t\t\t<section class=\"elementor-section elementor-top-section elementor-element elementor-element-334bc742 elementor-section-boxed elementor-section-height-default elementor-section-height-default\" data-id=\"334bc742\" data-element_type=\"section\" data-e-type=\"section\">\n\t\t\t\t\t\t<div class=\"elementor-container elementor-column-gap-default\">\n\t\t\t\t\t<div class=\"elementor-column elementor-col-100 elementor-top-column elementor-element elementor-element-1dfe08bb\" data-id=\"1dfe08bb\" data-element_type=\"column\" data-e-type=\"column\">\n\t\t\t<div class=\"elementor-widget-wrap elementor-element-populated\">\n\t\t\t\t\t\t<div class=\"elementor-element elementor-element-54731ffe elementor-widget elementor-widget-text-editor\" data-id=\"54731ffe\" data-element_type=\"widget\" data-e-type=\"widget\" data-widget_type=\"text-editor.default\">\n\t\t\t\t<div class=\"elementor-widget-container\">\n\t\t\t\t\t\t\t\t\t<h3 style=\"text-align: left;\"><span style=\"color: #0693e3;\"><strong>CONTROL<\/strong><\/span><\/h3><h5><b>\u00bfC\u00f3mo sabe el cambiador de pantalla cu\u00e1ndo iniciar un ciclo de retrolavado?<\/b><\/h5><p style=\"padding-left: 40px;\">El PLC utiliza un punto de ajuste de presi\u00f3n de pantalla limpia y un valor +\/- 600 PSI superior para establecer la configuraci\u00f3n de referencia. Cuando el transmisor de presi\u00f3n aguas arriba lee el punto de ajuste de alta presi\u00f3n, se inicia el ciclo de retrolavado y el PLC realiza un ciclo de las cuatro pantallas en secuencia durante la operaci\u00f3n de retrolavado.<\/p><h4><b>\u00bfC\u00f3mo s\u00e9 cu\u00e1ndo realizar un cambio de pantalla?<\/b><\/h4><p style=\"padding-left: 40px;\">Hay dos maneras:<\/p><p style=\"padding-left: 40px;\">A medida que aumenta el n\u00famero de retrolavados, es t\u00edpico que el valor de presi\u00f3n de la malla limpia aumente debido a la acumulaci\u00f3n de oclusiones en el paquete de malla que no se desprender\u00e1n bajo la contrapresi\u00f3n. Cuando esto sucede, la ventana de presi\u00f3n de operaci\u00f3n se reduce lentamente y la frecuencia del ciclo de retrolavado aumenta. Si el tiempo entre ciclos cae a un valor preestablecido, se activa una alarma que llama al operador a realizar un cambio de pantalla en las cuatro posiciones.<\/p><p style=\"padding-left: 40px;\">Alternativamente, el PLC tiene un punto de ajuste que especifica el n\u00famero de ciclos de retrolavado que se pueden realizar antes de solicitar un cambio de pantalla. En este caso, si el ciclo de retrolavado es muy eficiente y el cambio de frecuencia no disminuye hasta el punto de activar una alarma de cambio de pantalla, las pantallas pueden fatigarse con el tiempo. La experimentaci\u00f3n puede determinar el n\u00famero m\u00e1ximo aceptable de ciclos.<\/p><h4><b>\u00bfD\u00f3nde debo configurar mi punto de ajuste de presi\u00f3n de inicio de retrolavado?<\/b><\/h4><p style=\"padding-left: 40px;\">PSI generalmente recomienda establecer la presi\u00f3n de inicio de retrolavado en alg\u00fan lugar alrededor de 600 PSI m\u00e1s alta que la presi\u00f3n de inicio de la malla limpia, dependiendo de las presiones a las que est\u00e9 funcionando la l\u00ednea y cu\u00e1l es o se espera que sea la presi\u00f3n aguas abajo. Aseg\u00farese de que la presi\u00f3n delta de la placa rompedora no exceda los 1500 PSI.\u00a0<\/p><h4><b>\u00bfSe requiere un transductor de presi\u00f3n aguas abajo para operar la funci\u00f3n autom\u00e1tica del cambiador de pantalla de retrolavado o para activar un cambio de pantalla?<\/b><\/h4><p style=\"padding-left: 40px;\">La funci\u00f3n autom\u00e1tica <u>no es<\/u> requieren un transductor de presi\u00f3n aguas abajo. El retrolavado se activa \u00fanicamente por cambios en la presi\u00f3n aguas arriba.\u00a0<\/p><ul><li style=\"list-style-type: none;\"><ul><li style=\"list-style-type: none;\"><ul><li>La indicaci\u00f3n de presi\u00f3n aguas abajo es opcional para ver la presi\u00f3n delta en el sistema y\/o alarmar a un punto de ajuste. Es importante saber aproximadamente cu\u00e1l es la presi\u00f3n aguas abajo para establecer el punto de ajuste de presi\u00f3n de retrolavado adecuado y las alarmas de presi\u00f3n de entrada. Si esto no est\u00e1 disponible, comience con la presi\u00f3n del cabezal de limpieza de la pantalla como el l\u00edmite inferior del punto de ajuste de funci\u00f3n autom\u00e1tica y use la configuraci\u00f3n en la que normalmente se realizar\u00edan los cambios de pantalla para el punto de ajuste superior.<\/li><\/ul><\/li><\/ul><\/li><\/ul><h4><strong>No parece que haya un instrumento de presi\u00f3n aguas abajo en esta unidad.<\/strong><\/h4><p style=\"padding-left: 40px;\">El PLC tiene la capacidad de conectar un transmisor de presi\u00f3n aguas abajo, pero esto no se suministra como est\u00e1ndar y debe especificarse como parte de un pedido.\u00a0<\/p><h3>\u00a0<\/h3><h3><span style=\"color: #0693e3;\"><strong>FALLAS<\/strong><\/span><\/h3><p><strong>Constantemente hay m\u00faltiples fallas presentes en el panel de control del cambiador de pantalla.<\/strong><\/p><p style=\"padding-left: 80px;\"><strong>C\u00f3digos de falla <\/strong>M\u00d3DULO IO #6 FALTA (FATAL) M\u00d3DULO IO #5 FALTA (FATAL) M\u00d3DULO IO #4 FALTA (FATAL) PARADA DE EMERGENCIA SE REQUIERE RESTABLECIMIENTO (FATAL)<\/p><p style=\"padding-left: 40px;\">Esto puede ocurrir despu\u00e9s de que se haya activado la parada de emergencia. La alimentaci\u00f3n de los m\u00f3dulos de E\/S proviene del \u201cSCD\u201d (alimentaci\u00f3n CC segura), por lo que cuando se activa una parada de emergencia y el rel\u00e9 de parada de emergencia no se ha restablecido, se mostrar\u00e1n estas alarmas. Borre la parada de emergencia y presione el bot\u00f3n de reinicio azul en la parte frontal del panel para volver a activar el rel\u00e9 de parada de emergencia y borrar las alarmas.<\/p><h3>\u00a0<\/h3><h3><span style=\"color: #0693e3;\"><strong>MOVIMIENTO CRUZADO<\/strong><\/span><\/h3><h4><strong>Jog In aleja los pernos del cilindro hidr\u00e1ulico. No puedo conectar el perno inferior. Empujo Auto Home y el perno va a la posici\u00f3n C y se detiene.<\/strong><\/h4><p style=\"padding-left: 40px;\">Parece que las mangueras hidr\u00e1ulicas est\u00e1n conectadas al rev\u00e9s o que el cableado de extensi\u00f3n\/retracci\u00f3n entre el panel del PLC y la HPU es incorrecto. Lo m\u00e1s probable es que las mangueras est\u00e9n al rev\u00e9s. De cualquier manera, cambiar cualquiera de estos lo solucionar\u00e1. Aseg\u00farese de que la extensi\u00f3n del perno superior\/inferior se aleje del cilindro hidr\u00e1ulico y la retracci\u00f3n se retraiga.<\/p><p style=\"padding-left: 40px;\">Cuando vas a la pantalla manual y haces Jog In o Jog Out, \u00bfse mueve en la direcci\u00f3n correcta? Jog Out es extensi\u00f3n del cilindro, Jog In es retracci\u00f3n. Pase lo que pase, deber\u00eda poder ponerlo en l\u00ednea moviendo el perno inferior hacia adentro o hacia afuera para acercarlo a la posici\u00f3n de inicio\/en l\u00ednea.<\/p><p style=\"padding-left: 40px;\">\u00a0<\/p><h4><strong>Perno atascado: El perno cruzado est\u00e1 atascado en su lugar y no se mueve.<\/strong><\/h4><p style=\"padding-left: 40px;\">Verifique la unidad de energ\u00eda hidr\u00e1ulica (HPU). Si no hay presi\u00f3n, verifique el nivel de l\u00edquido (mirilla), verifique que la bomba est\u00e9 funcionando y verifique la iluminaci\u00f3n de las bobinas direccionales.<\/p><p style=\"padding-left: 40px;\">Es posible que sea necesario limpiar el perno transversal o que haya da\u00f1os en la carcasa o que el perno transversal afecte el movimiento. Si la presi\u00f3n de la unidad de potencia hidr\u00e1ulica supera los 1000 PSI y el perno cruzado no se mueve, consulte:<\/p><ul><li style=\"list-style-type: none;\"><ul><li style=\"list-style-type: none;\"><ul><li><span style=\"text-decoration: underline;\"><span style=\"color: #3366ff;\"><a style=\"color: #3366ff; text-decoration: underline;\" href=\"https:\/\/psi-polymersystems.com\/wp-content\/uploads\/2020\/08\/Cleaning-Procedure-for-Frozen-Bolt-on-Continuous-Screen-Changers.pdf\" data-lf-fd-inspected-laxoeakgomvaoygd=\"true\">Procedimiento de limpieza para un perno del cambiador de pantallas atascado<\/a><\/span><\/span><\/li><li><span style=\"text-decoration: underline;\"><span style=\"color: #3366ff;\"><a style=\"color: #3366ff; text-decoration: underline;\" href=\"https:\/\/psi-polymersystems.com\/wp-content\/uploads\/2020\/08\/Honing-and-Cleaning-Procedure-for-Continuous-Screen-Changers.pdf\" data-lf-fd-inspected-laxoeakgomvaoygd=\"true\">Procedimiento de bru\u00f1ido y limpieza para cambiadores de pantalla tipo perno<\/a><\/span><\/span><\/li><\/ul><\/li><\/ul><\/li><\/ul><h4><strong>Lubricaci\u00f3n. \u00bfQu\u00e9 lubricante se debe utilizar para los pernos transversales?<\/strong><\/h4><p style=\"padding-left: 40px;\">El lubricante recomendado para pernos de criba es GN Metal Assembly Spray, un lubricante de disulfuro de molibdeno fabricado por Dow Corning Corporation. Para la lubricaci\u00f3n s\u00f3lo se debe utilizar lubricante en aerosol de disulfuro de molibdeno con una estabilidad t\u00e9rmica de 450 \u00b0C.\u00a0<\/p><p style=\"padding-left: 40px;\"><strong><span style=\"color: #333333;\">Nunca <\/span>Utilice lubricantes org\u00e1nicos o a base de silicona en los pernos de la rejilla. Estos materiales har\u00e1n que los pernos de la pantalla se atasquen en la carcasa.<\/strong>.<\/p>\t\t\t\t\t\t\t\t<\/div>\n\t\t\t\t<\/div>\n\t\t\t\t\t<\/div>\n\t\t<\/div>\n\t\t\t\t\t<\/div>\n\t\t<\/section>\n\t\t\t\t<\/div>","protected":false},"excerpt":{"rendered":"<p>Cambiador de malla de retrolavado \u2013 Preguntas frecuentes CONTROL \u00bfC\u00f3mo sabe el cambiador de malla cu\u00e1ndo iniciar un ciclo de retrolavado? El PLC utiliza un punto de ajuste de presi\u00f3n de pantalla limpia y un valor +\/- 600 PSI superior para establecer la configuraci\u00f3n de referencia. Cuando el transmisor de presi\u00f3n aguas arriba lee el punto de ajuste de alta presi\u00f3n, se inicia el ciclo de retrolavado y el PLC realiza un ciclo de todo [\u2026]<\/p>","protected":false},"author":2,"featured_media":0,"parent":0,"menu_order":0,"comment_status":"closed","ping_status":"closed","template":"","meta":{"_monsterinsights_skip_tracking":false,"_monsterinsights_sitenote_active":false,"_monsterinsights_sitenote_note":"","_monsterinsights_sitenote_category":0,"footnotes":""},"class_list":["post-9549","page","type-page","status-publish","hentry"],"yoast_head":"<!-- This site is optimized with the Yoast SEO Premium plugin v25.0 (Yoast SEO v25.0) - https:\/\/yoast.com\/wordpress\/plugins\/seo\/ -->\n<title>CSC-BF FAQ - PSI-Polymer Systems<\/title>\n<meta name=\"robots\" content=\"index, follow, max-snippet:-1, max-image-preview:large, max-video-preview:-1\" \/>\n<link rel=\"canonical\" href=\"https:\/\/www.psi-polymersystems.com\/es\/csc-bf-faq\/\" \/>\n<meta property=\"og:locale\" content=\"es_MX\" \/>\n<meta property=\"og:type\" content=\"article\" \/>\n<meta property=\"og:title\" content=\"CSC-BF FAQ\" \/>\n<meta property=\"og:description\" content=\"Backflush Screen Changer - FAQ CONTROLHow does the screen changer know when to initiate a backflush cycle?The PLC uses a clean screen pressure setpoint\" \/>\n<meta property=\"og:url\" content=\"https:\/\/www.psi-polymersystems.com\/es\/csc-bf-faq\/\" \/>\n<meta property=\"og:site_name\" content=\"PSI-Polymer Systems\" \/>\n<meta property=\"article:publisher\" content=\"https:\/\/www.facebook.com\/psipolymersystems\/\" \/>\n<meta property=\"article:modified_time\" content=\"2023-09-15T12:04:15+00:00\" \/>\n<meta property=\"og:image\" content=\"https:\/\/psi-polymersystems.com\/wp-content\/uploads\/2023\/09\/Banner3-Brt-1024x245.jpg\" \/>\n<meta name=\"twitter:card\" content=\"summary_large_image\" \/>\n<meta name=\"twitter:label1\" content=\"Tiempo de lectura\" \/>\n\t<meta name=\"twitter:data1\" content=\"4 minutos\" \/>\n<script type=\"application\/ld+json\" class=\"yoast-schema-graph\">{\"@context\":\"https:\/\/schema.org\",\"@graph\":[{\"@type\":\"WebPage\",\"@id\":\"https:\/\/www.psi-polymersystems.com\/csc-bf-faq\/\",\"url\":\"https:\/\/www.psi-polymersystems.com\/csc-bf-faq\/\",\"name\":\"CSC-BF FAQ - PSI-Polymer Systems\",\"isPartOf\":{\"@id\":\"https:\/\/www.psi-polymersystems.com\/#website\"},\"primaryImageOfPage\":{\"@id\":\"https:\/\/www.psi-polymersystems.com\/csc-bf-faq\/#primaryimage\"},\"image\":{\"@id\":\"https:\/\/www.psi-polymersystems.com\/csc-bf-faq\/#primaryimage\"},\"thumbnailUrl\":\"https:\/\/psi-polymersystems.com\/wp-content\/uploads\/2023\/09\/Banner3-Brt-1024x245.jpg\",\"datePublished\":\"2023-09-14T19:32:43+00:00\",\"dateModified\":\"2023-09-15T12:04:15+00:00\",\"breadcrumb\":{\"@id\":\"https:\/\/www.psi-polymersystems.com\/csc-bf-faq\/#breadcrumb\"},\"inLanguage\":\"es\",\"potentialAction\":[{\"@type\":\"ReadAction\",\"target\":[\"https:\/\/www.psi-polymersystems.com\/csc-bf-faq\/\"]}]},{\"@type\":\"ImageObject\",\"inLanguage\":\"es\",\"@id\":\"https:\/\/www.psi-polymersystems.com\/csc-bf-faq\/#primaryimage\",\"url\":\"https:\/\/psi-polymersystems.com\/wp-content\/uploads\/2023\/09\/Banner3-Brt-1024x245.jpg\",\"contentUrl\":\"https:\/\/psi-polymersystems.com\/wp-content\/uploads\/2023\/09\/Banner3-Brt-1024x245.jpg\"},{\"@type\":\"BreadcrumbList\",\"@id\":\"https:\/\/www.psi-polymersystems.com\/csc-bf-faq\/#breadcrumb\",\"itemListElement\":[{\"@type\":\"ListItem\",\"position\":1,\"name\":\"Home\",\"item\":\"https:\/\/www.psi-polymersystems.com\/\"},{\"@type\":\"ListItem\",\"position\":2,\"name\":\"CSC-BF FAQ\"}]},{\"@type\":\"WebSite\",\"@id\":\"https:\/\/www.psi-polymersystems.com\/#website\",\"url\":\"https:\/\/www.psi-polymersystems.com\/\",\"name\":\"PSI-Polymer Systems\",\"description\":\"\",\"publisher\":{\"@id\":\"https:\/\/www.psi-polymersystems.com\/#organization\"},\"potentialAction\":[{\"@type\":\"SearchAction\",\"target\":{\"@type\":\"EntryPoint\",\"urlTemplate\":\"https:\/\/www.psi-polymersystems.com\/?s={search_term_string}\"},\"query-input\":{\"@type\":\"PropertyValueSpecification\",\"valueRequired\":true,\"valueName\":\"search_term_string\"}}],\"inLanguage\":\"es\"},{\"@type\":\"Organization\",\"@id\":\"https:\/\/www.psi-polymersystems.com\/#organization\",\"name\":\"PSI-Polymer Systems, Inc.\",\"url\":\"https:\/\/www.psi-polymersystems.com\/\",\"logo\":{\"@type\":\"ImageObject\",\"inLanguage\":\"es\",\"@id\":\"https:\/\/www.psi-polymersystems.com\/#\/schema\/logo\/image\/\",\"url\":\"\",\"contentUrl\":\"\",\"caption\":\"PSI-Polymer Systems, Inc.\"},\"image\":{\"@id\":\"https:\/\/www.psi-polymersystems.com\/#\/schema\/logo\/image\/\"},\"sameAs\":[\"https:\/\/www.facebook.com\/psipolymersystems\/\",\"https:\/\/www.linkedin.com\/showcase\/psi-polymer-systems\"]}]}<\/script>\n<!-- \/ Yoast SEO Premium plugin. -->","yoast_head_json":{"title":"CSC-BF FAQ - PSI-Polymer Systems","robots":{"index":"index","follow":"follow","max-snippet":"max-snippet:-1","max-image-preview":"max-image-preview:large","max-video-preview":"max-video-preview:-1"},"canonical":"https:\/\/www.psi-polymersystems.com\/es\/csc-bf-faq\/","og_locale":"es_MX","og_type":"article","og_title":"CSC-BF FAQ","og_description":"Backflush Screen Changer - FAQ CONTROLHow does the screen changer know when to initiate a backflush cycle?The PLC uses a clean screen pressure setpoint","og_url":"https:\/\/www.psi-polymersystems.com\/es\/csc-bf-faq\/","og_site_name":"PSI-Polymer Systems","article_publisher":"https:\/\/www.facebook.com\/psipolymersystems\/","article_modified_time":"2023-09-15T12:04:15+00:00","og_image":[{"url":"https:\/\/psi-polymersystems.com\/wp-content\/uploads\/2023\/09\/Banner3-Brt-1024x245.jpg","type":"","width":"","height":""}],"twitter_card":"summary_large_image","twitter_misc":{"Tiempo de lectura":"4 minutos"},"schema":{"@context":"https:\/\/schema.org","@graph":[{"@type":"WebPage","@id":"https:\/\/www.psi-polymersystems.com\/csc-bf-faq\/","url":"https:\/\/www.psi-polymersystems.com\/csc-bf-faq\/","name":"CSC-BF FAQ - PSI-Polymer Systems","isPartOf":{"@id":"https:\/\/www.psi-polymersystems.com\/#website"},"primaryImageOfPage":{"@id":"https:\/\/www.psi-polymersystems.com\/csc-bf-faq\/#primaryimage"},"image":{"@id":"https:\/\/www.psi-polymersystems.com\/csc-bf-faq\/#primaryimage"},"thumbnailUrl":"https:\/\/psi-polymersystems.com\/wp-content\/uploads\/2023\/09\/Banner3-Brt-1024x245.jpg","datePublished":"2023-09-14T19:32:43+00:00","dateModified":"2023-09-15T12:04:15+00:00","breadcrumb":{"@id":"https:\/\/www.psi-polymersystems.com\/csc-bf-faq\/#breadcrumb"},"inLanguage":"es","potentialAction":[{"@type":"ReadAction","target":["https:\/\/www.psi-polymersystems.com\/csc-bf-faq\/"]}]},{"@type":"ImageObject","inLanguage":"es","@id":"https:\/\/www.psi-polymersystems.com\/csc-bf-faq\/#primaryimage","url":"https:\/\/psi-polymersystems.com\/wp-content\/uploads\/2023\/09\/Banner3-Brt-1024x245.jpg","contentUrl":"https:\/\/psi-polymersystems.com\/wp-content\/uploads\/2023\/09\/Banner3-Brt-1024x245.jpg"},{"@type":"BreadcrumbList","@id":"https:\/\/www.psi-polymersystems.com\/csc-bf-faq\/#breadcrumb","itemListElement":[{"@type":"ListItem","position":1,"name":"Home","item":"https:\/\/www.psi-polymersystems.com\/"},{"@type":"ListItem","position":2,"name":"CSC-BF FAQ"}]},{"@type":"WebSite","@id":"https:\/\/www.psi-polymersystems.com\/#website","url":"https:\/\/www.psi-polymersystems.com\/","name":"PSI-Polymer Systems","description":"","publisher":{"@id":"https:\/\/www.psi-polymersystems.com\/#organization"},"potentialAction":[{"@type":"SearchAction","target":{"@type":"EntryPoint","urlTemplate":"https:\/\/www.psi-polymersystems.com\/?s={search_term_string}"},"query-input":{"@type":"PropertyValueSpecification","valueRequired":true,"valueName":"search_term_string"}}],"inLanguage":"es"},{"@type":"Organization","@id":"https:\/\/www.psi-polymersystems.com\/#organization","name":"PSI-Polymer Systems, Inc.","url":"https:\/\/www.psi-polymersystems.com\/","logo":{"@type":"ImageObject","inLanguage":"es","@id":"https:\/\/www.psi-polymersystems.com\/#\/schema\/logo\/image\/","url":"","contentUrl":"","caption":"PSI-Polymer Systems, Inc."},"image":{"@id":"https:\/\/www.psi-polymersystems.com\/#\/schema\/logo\/image\/"},"sameAs":["https:\/\/www.facebook.com\/psipolymersystems\/","https:\/\/www.linkedin.com\/showcase\/psi-polymer-systems"]}]}},"_links":{"self":[{"href":"https:\/\/www.psi-polymersystems.com\/es\/wp-json\/wp\/v2\/pages\/9549","targetHints":{"allow":["GET"]}}],"collection":[{"href":"https:\/\/www.psi-polymersystems.com\/es\/wp-json\/wp\/v2\/pages"}],"about":[{"href":"https:\/\/www.psi-polymersystems.com\/es\/wp-json\/wp\/v2\/types\/page"}],"author":[{"embeddable":true,"href":"https:\/\/www.psi-polymersystems.com\/es\/wp-json\/wp\/v2\/users\/2"}],"replies":[{"embeddable":true,"href":"https:\/\/www.psi-polymersystems.com\/es\/wp-json\/wp\/v2\/comments?post=9549"}],"version-history":[{"count":0,"href":"https:\/\/www.psi-polymersystems.com\/es\/wp-json\/wp\/v2\/pages\/9549\/revisions"}],"wp:attachment":[{"href":"https:\/\/www.psi-polymersystems.com\/es\/wp-json\/wp\/v2\/media?parent=9549"}],"curies":[{"name":"wp","href":"https:\/\/api.w.org\/{rel}","templated":true}]}}