{"id":9979,"date":"2024-02-01T19:35:24","date_gmt":"2024-02-01T19:35:24","guid":{"rendered":"https:\/\/psi-polymersystems.com\/?page_id=9979"},"modified":"2024-02-01T19:46:40","modified_gmt":"2024-02-01T19:46:40","slug":"psi-polymer-systems-inc-gear-pumps-enable-extrusion-industry-to-meet-growing-sustainability-demands","status":"publish","type":"page","link":"https:\/\/www.psi-polymersystems.com\/es\/about-us\/press-releases\/psi-polymer-systems-inc-gear-pumps-enable-extrusion-industry-to-meet-growing-sustainability-demands\/","title":{"rendered":"PSI-Polymer Systems, Inc.: las bombas de engranajes permiten que la industria de extrusi\u00f3n satisfaga las crecientes demandas de sostenibilidad"},"content":{"rendered":"<div data-elementor-type=\"wp-page\" data-elementor-id=\"9979\" class=\"elementor elementor-9979\" data-elementor-post-type=\"page\">\n\t\t\t\t\t\t<section class=\"elementor-section elementor-top-section elementor-element elementor-element-63b889d3 elementor-section-boxed elementor-section-height-default elementor-section-height-default\" data-id=\"63b889d3\" data-element_type=\"section\" data-e-type=\"section\">\n\t\t\t\t\t\t<div class=\"elementor-container elementor-column-gap-default\">\n\t\t\t\t\t<div class=\"elementor-column elementor-col-50 elementor-top-column elementor-element elementor-element-18c59a14\" data-id=\"18c59a14\" data-element_type=\"column\" data-e-type=\"column\">\n\t\t\t<div class=\"elementor-widget-wrap elementor-element-populated\">\n\t\t\t\t\t\t<div class=\"elementor-element elementor-element-1be8520e elementor-widget elementor-widget-heading\" data-id=\"1be8520e\" data-element_type=\"widget\" data-e-type=\"widget\" data-widget_type=\"heading.default\">\n\t\t\t\t<div class=\"elementor-widget-container\">\n\t\t\t\t\t<h2 class=\"elementor-heading-title elementor-size-default\">Las bombas de engranajes permiten que la industria de la extrusi\u00f3n satisfaga las crecientes demandas de sostenibilidad (1 de febrero de 2024)<\/h2>\t\t\t\t<\/div>\n\t\t\t\t<\/div>\n\t\t\t\t<div class=\"elementor-element elementor-element-60e26773 elementor-widget elementor-widget-text-editor\" data-id=\"60e26773\" data-element_type=\"widget\" data-e-type=\"widget\" data-widget_type=\"text-editor.default\">\n\t\t\t\t<div class=\"elementor-widget-container\">\n\t\t\t\t\t\t\t\t\t<p><strong>CONOVER, Carolina del Norte, 1 de febrero de 2024 \u2013<\/strong>Las bombas de engranajes son una tecnolog\u00eda probada y lista para usar que puede brindar importantes beneficios de sostenibilidad, ayudando a los procesadores a reducir su huella de carbono y al mismo tiempo mejorar la eficiencia y la productividad, seg\u00fan PSI-Polymers Systems Inc. La huella de carbono de una empresa es profunda e incluye todo, desde la producci\u00f3n. y transporte de las materias primas hasta el almacenamiento en la planta y el transporte de materiales, hasta la energ\u00eda utilizada para convertir las materias primas en un producto final. En muchos casos, los procesadores que buscan reducir su huella de carbono pueden utilizar tecnolog\u00edas f\u00e1cilmente disponibles para reducir el consumo de energ\u00eda y materiales.<\/p><p>&quot;A medida que los procesadores luchan por satisfacer las demandas de sostenibilidad actuales, la bomba de engranajes ha surgido como una soluci\u00f3n ecol\u00f3gica y de referencia que ha demostrado reducir la carga de energ\u00eda general para la l\u00ednea de extrusi\u00f3n y, al mismo tiempo, minimizar la cantidad de material requerido para el producto&quot;, dijo Don Macnamara, gerente general de PSI-Polymer Systems Inc. \u201cEsto permite el uso de triturado 100% sin comprometer la consistencia de la producci\u00f3n y minimizando los desechos desde el inicio o las dimensiones fuera de especificaci\u00f3n. Los pl\u00e1sticos no van a desaparecer y nos corresponde a nosotros, como participantes de la industria, producir de manera m\u00e1s responsable. La bomba de engranajes nos ayuda a llegar all\u00ed\u201d.<\/p><p>Al asumir la funci\u00f3n de generaci\u00f3n de presi\u00f3n para el troquel, la bomba de engranajes permite que la extrusora procese el mismo volumen, o a menudo m\u00e1s, a menores RPM. Esto se traduce en menos energ\u00eda necesaria para producir un volumen espec\u00edfico de producci\u00f3n. Si bien se puede decir que esta cantidad de energ\u00eda es peque\u00f1a, suma, dice Macnamara. Considere una extrusora funcionando a 100 RPM, 24 horas al d\u00eda, 5 d\u00edas a la semana, 50 semanas al a\u00f1o. Eso equivale a 36 millones de RPM\/a\u00f1o y una ganancia en el rendimiento de 10%-25% a unas RPM m\u00e1s bajas y una ca\u00edda en los correspondientes amperios del extrusor, lo que ayuda significativamente a la huella energ\u00e9tica del producto.<\/p><p>Otro beneficio ecol\u00f3gico de reducir la presi\u00f3n del cabezal es la reducci\u00f3n de la carga del motor del extrusor, lo que genera importantes ahorros de energ\u00eda a largo plazo. La menor presi\u00f3n en la cabeza tambi\u00e9n minimiza el desgaste del tornillo y el cilindro. Tambi\u00e9n se reduce la carga sobre el cojinete de empuje y la transmisi\u00f3n, lo que aumenta la vida \u00fatil B10 del cojinete y reduce la necesidad de reconstruir la caja de cambios. Un menor desgaste conduce a menos reconstrucciones, cada una con su huella de carbono aditiva. Por esta raz\u00f3n, PSI dice que muchos fabricantes de equipos originales especifican bombas de engranajes grandes para aplicaciones de alta presi\u00f3n para aliviar la carga del extrusor.<\/p><p>El enfoque actual en la sostenibilidad tambi\u00e9n implica la inclusi\u00f3n de la recuperaci\u00f3n, seg\u00fan PSI. Muchos procesadores limitan el porcentaje de triturado en la extrusora debido al aumento de presi\u00f3n que resulta de las velocidades variables de alimentaci\u00f3n y fusi\u00f3n de las diferentes densidades aparentes de la materia prima. Las estrechas holguras en la bomba de engranajes amortiguan eficazmente el aumento repentino del extrusor en la entrada de la bomba hasta en 50:1. En muchos casos, esto da como resultado un control de presi\u00f3n de matriz de +\/- .25%. La presi\u00f3n constante del troquel mantiene la variaci\u00f3n de pared\/calibre dentro de una tolerancia estricta. Trabajar fielmente al extremo inferior de la especificaci\u00f3n dimensional elimina los desechos causados por una producci\u00f3n fuera de las especificaciones (por encima o por debajo).\u00a0<\/p><p>Cortar la chatarra ahorra energ\u00eda al producir el producto una vez y evitar el impacto energ\u00e9tico del reprocesamiento. Tener una tolerancia m\u00e1s estricta tambi\u00e9n significa usar menos pol\u00edmero por longitud del producto. Por ejemplo, un productor de conductos que extru\u00eda tubos de 1,5\u201d SDR 13,5 ten\u00eda un peso promedio de 151 gramos por longitud. Agregar una bomba de engranajes minimiz\u00f3 el exceso y dio como resultado un peso constante por longitud de 145 gramos. A 65 pies\/min, 20 horas\/d\u00eda, 5 d\u00edas\/semana y 50 d\u00edas\/a\u00f1o, el ahorro de 6 gramos elimin\u00f3 257,940 lb de la huella del producto. Esto equivale aproximadamente a un mill\u00f3n de libras retiradas de producci\u00f3n en cuatro a\u00f1os, mientras se fabrican constantemente tuber\u00edas de alta calidad.<\/p><p>PSI tambi\u00e9n se\u00f1ala que una bomba de engranajes puede reducir la demanda de enfriamiento adicional durante el proceso de extrusi\u00f3n al reducir el calentamiento por corte inducido por la contrapresi\u00f3n. Esto puede conducir a mayores ahorros de energ\u00eda al reducir la carga en el sistema de refrigeraci\u00f3n.<\/p><p>Seg\u00fan PSI, el grado en que una bomba de engranajes de pol\u00edmero puede reducir el consumo de energ\u00eda depende del proceso y equipo espec\u00edficos que se utilicen. Al igual que con cualquier actualizaci\u00f3n o modificaci\u00f3n de un equipo, se requiere un an\u00e1lisis exhaustivo de la aplicaci\u00f3n y el proceso espec\u00edficos para determinar los posibles ahorros de energ\u00eda y el retorno de la inversi\u00f3n.<\/p><p>\u00a0\u00a0\u00a0\u00a0\u00a0\u00a0\u00a0\u00a0\u00a0\u00a0\u00a0\u00a0\u00a0\u00a0\u00a0\u00a0\u00a0\u00a0\u00a0\u00a0\u00a0\u00a0\u00a0 \u00a0\u00a0\u00a0\u00a0\u00a0\u00a0\u00a0\u00a0\u00a0\u00a0\u00a0\u00a0\u00a0\u00a0\u00a0\u00a0\u00a0\u00a0\u00a0\u00a0\u00a0\u00a0\u00a0\u00a0\u00a0 \u00a0\u00a0\u00a0\u00a0\u00a0\u00a0\u00a0\u00a0#\u00a0\u00a0\u00a0\u00a0\u00a0\u00a0\u00a0 #\u00a0\u00a0\u00a0\u00a0\u00a0\u00a0\u00a0 #<\/p><p><strong>Acerca de PSI-Polymer Systems Inc.\u00a0\u00a0\u00a0\u00a0\u00a0\u00a0\u00a0\u00a0\u00a0\u00a0\u00a0\u00a0\u00a0\u00a0\u00a0\u00a0\u00a0\u00a0\u00a0\u00a0\u00a0\u00a0\u00a0\u00a0\u00a0\u00a0\u00a0\u00a0\u00a0\u00a0\u00a0\u00a0\u00a0\u00a0\u00a0\u00a0\u00a0\u00a0\u00a0\u00a0\u00a0\u00a0\u00a0\u00a0\u00a0\u00a0\u00a0\u00a0\u00a0\u00a0\u00a0\u00a0\u00a0\u00a0\u00a0\u00a0\u00a0\u00a0\u00a0\u00a0\u00a0\u00a0\u00a0\u00a0\u00a0\u00a0\u00a0\u00a0\u00a0\u00a0\u00a0\u00a0\u00a0\u00a0\u00a0\u00a0\u00a0\u00a0\u00a0\u00a0\u00a0\u00a0\u00a0\u00a0\u00a0\u00a0\u00a0\u00a0\u00a0\u00a0\u00a0\u00a0\u00a0\u00a0\u00a0\u00a0\u00a0\u00a0\u00a0 <\/strong>Fundada en 2000 por un veterano de la industria y respaldada por un equipo dedicado de antiguos propietarios de empresas de cambiadores de pantalla y bombas de engranajes, la visi\u00f3n de PSI de sistematizar el hardware de proceso entre el extrusor y el troquel r\u00e1pidamente se afianz\u00f3. Al introducir tecnolog\u00edas que incorporaron mejoras patentadas en las m\u00e1quinas, PSI desafi\u00f3 el dise\u00f1o de sistemas convencionales y, en \u00faltima instancia, elev\u00f3 los est\u00e1ndares de la industria en cuanto a rendimiento y suministro.\u00a0<\/p><p>Para los requisitos de filtraci\u00f3n de pol\u00edmeros y adhesivos termofusibles, los tipos de cambiadores de pantalla PSI incluyen retrolavado (CSC-BF), pist\u00f3n doble continuo (CSC), pist\u00f3n \u00fanico discontinuo (DSC), placa deslizante hidr\u00e1ulica (HSC), placa deslizante manual (MSC) y filtros en l\u00ednea (ILF). Para l\u00edneas de compuestos y reactores de pol\u00edmeros grandes, PSI ofrece cambiadores de pantalla continuos de \u00e1rea extendida (EAC). Los tipos de bombas de engranajes incluyen: bomba de engranajes de extrusi\u00f3n (EGP), bomba de engranajes de alta presi\u00f3n (HGP), bomba de engranajes de industria qu\u00edmica (CIP) y bomba de engranajes de fluoropol\u00edmero (FGP) para pl\u00e1sticos fluorados. Para m\u00e1s informaci\u00f3n visite <a href=\"http:\/\/www.psi-polymersystems.com\/es\/\">www.psi-polymersystems.com<\/a>.<\/p><p><strong>Contacto de prensa:<\/strong><\/p><p>Jos\u00e9 Grande<\/p><p>J. Grande comunicaciones Inc.<\/p><p>413.684.2463\u00a0\u00a0<\/p><p><a href=\"mailto:joe@jgrandecommunications.com\">joe@jgrandecommunications.com<\/a><\/p>\t\t\t\t\t\t\t\t<\/div>\n\t\t\t\t<\/div>\n\t\t\t\t\t<\/div>\n\t\t<\/div>\n\t\t\t\t<div class=\"elementor-column elementor-col-50 elementor-top-column elementor-element elementor-element-7003cbf8\" data-id=\"7003cbf8\" data-element_type=\"column\" data-e-type=\"column\">\n\t\t\t<div class=\"elementor-widget-wrap\">\n\t\t\t\t\t\t\t<\/div>\n\t\t<\/div>\n\t\t\t\t\t<\/div>\n\t\t<\/section>\n\t\t\t\t<\/div>","protected":false},"excerpt":{"rendered":"<p>Las bombas de engranajes permiten que la industria de extrusi\u00f3n satisfaga las crecientes demandas de sostenibilidad (1 de febrero de 2024) CONOVER, Carolina del Norte, 1 de febrero de 2024 \u2013 Las bombas de engranajes son una tecnolog\u00eda probada y lista para usar que puede brindar importantes beneficios de sostenibilidad, ayudando a los procesadores a reducir su huella de carbono mientras mejorando la eficiencia y la productividad, seg\u00fan PSI-Polymers Systems Inc. La huella de carbono de una empresa es profunda e incluye [\u2026]<\/p>","protected":false},"author":2,"featured_media":0,"parent":5833,"menu_order":0,"comment_status":"closed","ping_status":"closed","template":"","meta":{"_monsterinsights_skip_tracking":false,"_monsterinsights_sitenote_active":false,"_monsterinsights_sitenote_note":"","_monsterinsights_sitenote_category":0,"footnotes":""},"class_list":["post-9979","page","type-page","status-publish","hentry"],"yoast_head":"<!-- This site is optimized with the Yoast SEO Premium plugin v25.0 (Yoast SEO v25.0) - https:\/\/yoast.com\/wordpress\/plugins\/seo\/ -->\n<title>PSI-Polymer Systems, Inc. - Gear Pumps Enable Extrusion Industry to Meet Growing Sustainability Demands - PSI-Polymer Systems<\/title>\n<meta name=\"robots\" content=\"index, follow, max-snippet:-1, max-image-preview:large, max-video-preview:-1\" \/>\n<link rel=\"canonical\" href=\"https:\/\/www.psi-polymersystems.com\/es\/about-us\/press-releases\/psi-polymer-systems-inc-gear-pumps-enable-extrusion-industry-to-meet-growing-sustainability-demands\/\" \/>\n<meta property=\"og:locale\" content=\"es_MX\" \/>\n<meta property=\"og:type\" content=\"article\" \/>\n<meta property=\"og:title\" content=\"PSI-Polymer Systems, Inc. - Gear Pumps Enable Extrusion Industry to Meet Growing Sustainability Demands\" \/>\n<meta property=\"og:description\" content=\"Gear Pumps Enable Extrusion Industry to Meet Growing Sustainability Demands (February 1, 2024) CONOVER, N.C., February 1, 2024 \u2013Gear pumps are a proven\" \/>\n<meta property=\"og:url\" content=\"https:\/\/www.psi-polymersystems.com\/es\/about-us\/press-releases\/psi-polymer-systems-inc-gear-pumps-enable-extrusion-industry-to-meet-growing-sustainability-demands\/\" \/>\n<meta property=\"og:site_name\" content=\"PSI-Polymer Systems\" \/>\n<meta property=\"article:publisher\" content=\"https:\/\/www.facebook.com\/psipolymersystems\/\" \/>\n<meta property=\"article:modified_time\" content=\"2024-02-01T19:46:40+00:00\" \/>\n<meta name=\"twitter:card\" content=\"summary_large_image\" \/>\n<meta name=\"twitter:label1\" content=\"Tiempo de lectura\" \/>\n\t<meta name=\"twitter:data1\" content=\"4 minutos\" \/>\n<script type=\"application\/ld+json\" class=\"yoast-schema-graph\">{\"@context\":\"https:\/\/schema.org\",\"@graph\":[{\"@type\":\"WebPage\",\"@id\":\"https:\/\/www.psi-polymersystems.com\/es\/about-us\/press-releases\/psi-polymer-systems-inc-gear-pumps-enable-extrusion-industry-to-meet-growing-sustainability-demands\/\",\"url\":\"https:\/\/www.psi-polymersystems.com\/es\/about-us\/press-releases\/psi-polymer-systems-inc-gear-pumps-enable-extrusion-industry-to-meet-growing-sustainability-demands\/\",\"name\":\"PSI-Polymer Systems, Inc. - Gear Pumps Enable Extrusion Industry to Meet Growing Sustainability Demands - PSI-Polymer Systems\",\"isPartOf\":{\"@id\":\"https:\/\/www.psi-polymersystems.com\/#website\"},\"datePublished\":\"2024-02-01T19:35:24+00:00\",\"dateModified\":\"2024-02-01T19:46:40+00:00\",\"breadcrumb\":{\"@id\":\"https:\/\/www.psi-polymersystems.com\/es\/about-us\/press-releases\/psi-polymer-systems-inc-gear-pumps-enable-extrusion-industry-to-meet-growing-sustainability-demands\/#breadcrumb\"},\"inLanguage\":\"es\",\"potentialAction\":[{\"@type\":\"ReadAction\",\"target\":[\"https:\/\/www.psi-polymersystems.com\/es\/about-us\/press-releases\/psi-polymer-systems-inc-gear-pumps-enable-extrusion-industry-to-meet-growing-sustainability-demands\/\"]}]},{\"@type\":\"BreadcrumbList\",\"@id\":\"https:\/\/www.psi-polymersystems.com\/es\/about-us\/press-releases\/psi-polymer-systems-inc-gear-pumps-enable-extrusion-industry-to-meet-growing-sustainability-demands\/#breadcrumb\",\"itemListElement\":[{\"@type\":\"ListItem\",\"position\":1,\"name\":\"Home\",\"item\":\"https:\/\/www.psi-polymersystems.com\/\"},{\"@type\":\"ListItem\",\"position\":2,\"name\":\"About Us\",\"item\":\"https:\/\/www.psi-polymersystems.com\/about-us\/\"},{\"@type\":\"ListItem\",\"position\":3,\"name\":\"Press Releases\",\"item\":\"https:\/\/www.psi-polymersystems.com\/about-us\/press-releases\/\"},{\"@type\":\"ListItem\",\"position\":4,\"name\":\"PSI-Polymer Systems, Inc. &#8211; Gear Pumps Enable Extrusion Industry to Meet Growing Sustainability Demands\"}]},{\"@type\":\"WebSite\",\"@id\":\"https:\/\/www.psi-polymersystems.com\/#website\",\"url\":\"https:\/\/www.psi-polymersystems.com\/\",\"name\":\"PSI-Polymer Systems\",\"description\":\"\",\"publisher\":{\"@id\":\"https:\/\/www.psi-polymersystems.com\/#organization\"},\"potentialAction\":[{\"@type\":\"SearchAction\",\"target\":{\"@type\":\"EntryPoint\",\"urlTemplate\":\"https:\/\/www.psi-polymersystems.com\/?s={search_term_string}\"},\"query-input\":{\"@type\":\"PropertyValueSpecification\",\"valueRequired\":true,\"valueName\":\"search_term_string\"}}],\"inLanguage\":\"es\"},{\"@type\":\"Organization\",\"@id\":\"https:\/\/www.psi-polymersystems.com\/#organization\",\"name\":\"PSI-Polymer Systems, Inc.\",\"url\":\"https:\/\/www.psi-polymersystems.com\/\",\"logo\":{\"@type\":\"ImageObject\",\"inLanguage\":\"es\",\"@id\":\"https:\/\/www.psi-polymersystems.com\/#\/schema\/logo\/image\/\",\"url\":\"\",\"contentUrl\":\"\",\"caption\":\"PSI-Polymer Systems, Inc.\"},\"image\":{\"@id\":\"https:\/\/www.psi-polymersystems.com\/#\/schema\/logo\/image\/\"},\"sameAs\":[\"https:\/\/www.facebook.com\/psipolymersystems\/\",\"https:\/\/www.linkedin.com\/showcase\/psi-polymer-systems\"]}]}<\/script>\n<!-- \/ Yoast SEO Premium plugin. -->","yoast_head_json":{"title":"PSI-Polymer Systems, Inc. - Gear Pumps Enable Extrusion Industry to Meet Growing Sustainability Demands - PSI-Polymer Systems","robots":{"index":"index","follow":"follow","max-snippet":"max-snippet:-1","max-image-preview":"max-image-preview:large","max-video-preview":"max-video-preview:-1"},"canonical":"https:\/\/www.psi-polymersystems.com\/es\/about-us\/press-releases\/psi-polymer-systems-inc-gear-pumps-enable-extrusion-industry-to-meet-growing-sustainability-demands\/","og_locale":"es_MX","og_type":"article","og_title":"PSI-Polymer Systems, Inc. - Gear Pumps Enable Extrusion Industry to Meet Growing Sustainability Demands","og_description":"Gear Pumps Enable Extrusion Industry to Meet Growing Sustainability Demands (February 1, 2024) CONOVER, N.C., February 1, 2024 \u2013Gear pumps are a proven","og_url":"https:\/\/www.psi-polymersystems.com\/es\/about-us\/press-releases\/psi-polymer-systems-inc-gear-pumps-enable-extrusion-industry-to-meet-growing-sustainability-demands\/","og_site_name":"PSI-Polymer Systems","article_publisher":"https:\/\/www.facebook.com\/psipolymersystems\/","article_modified_time":"2024-02-01T19:46:40+00:00","twitter_card":"summary_large_image","twitter_misc":{"Tiempo de lectura":"4 minutos"},"schema":{"@context":"https:\/\/schema.org","@graph":[{"@type":"WebPage","@id":"https:\/\/www.psi-polymersystems.com\/es\/about-us\/press-releases\/psi-polymer-systems-inc-gear-pumps-enable-extrusion-industry-to-meet-growing-sustainability-demands\/","url":"https:\/\/www.psi-polymersystems.com\/es\/about-us\/press-releases\/psi-polymer-systems-inc-gear-pumps-enable-extrusion-industry-to-meet-growing-sustainability-demands\/","name":"PSI-Polymer Systems, Inc. - Gear Pumps Enable Extrusion Industry to Meet Growing Sustainability Demands - PSI-Polymer Systems","isPartOf":{"@id":"https:\/\/www.psi-polymersystems.com\/#website"},"datePublished":"2024-02-01T19:35:24+00:00","dateModified":"2024-02-01T19:46:40+00:00","breadcrumb":{"@id":"https:\/\/www.psi-polymersystems.com\/es\/about-us\/press-releases\/psi-polymer-systems-inc-gear-pumps-enable-extrusion-industry-to-meet-growing-sustainability-demands\/#breadcrumb"},"inLanguage":"es","potentialAction":[{"@type":"ReadAction","target":["https:\/\/www.psi-polymersystems.com\/es\/about-us\/press-releases\/psi-polymer-systems-inc-gear-pumps-enable-extrusion-industry-to-meet-growing-sustainability-demands\/"]}]},{"@type":"BreadcrumbList","@id":"https:\/\/www.psi-polymersystems.com\/es\/about-us\/press-releases\/psi-polymer-systems-inc-gear-pumps-enable-extrusion-industry-to-meet-growing-sustainability-demands\/#breadcrumb","itemListElement":[{"@type":"ListItem","position":1,"name":"Home","item":"https:\/\/www.psi-polymersystems.com\/"},{"@type":"ListItem","position":2,"name":"About Us","item":"https:\/\/www.psi-polymersystems.com\/about-us\/"},{"@type":"ListItem","position":3,"name":"Press Releases","item":"https:\/\/www.psi-polymersystems.com\/about-us\/press-releases\/"},{"@type":"ListItem","position":4,"name":"PSI-Polymer Systems, Inc. &#8211; Gear Pumps Enable Extrusion Industry to Meet Growing Sustainability Demands"}]},{"@type":"WebSite","@id":"https:\/\/www.psi-polymersystems.com\/#website","url":"https:\/\/www.psi-polymersystems.com\/","name":"PSI-Polymer Systems","description":"","publisher":{"@id":"https:\/\/www.psi-polymersystems.com\/#organization"},"potentialAction":[{"@type":"SearchAction","target":{"@type":"EntryPoint","urlTemplate":"https:\/\/www.psi-polymersystems.com\/?s={search_term_string}"},"query-input":{"@type":"PropertyValueSpecification","valueRequired":true,"valueName":"search_term_string"}}],"inLanguage":"es"},{"@type":"Organization","@id":"https:\/\/www.psi-polymersystems.com\/#organization","name":"PSI-Polymer Systems, Inc.","url":"https:\/\/www.psi-polymersystems.com\/","logo":{"@type":"ImageObject","inLanguage":"es","@id":"https:\/\/www.psi-polymersystems.com\/#\/schema\/logo\/image\/","url":"","contentUrl":"","caption":"PSI-Polymer Systems, Inc."},"image":{"@id":"https:\/\/www.psi-polymersystems.com\/#\/schema\/logo\/image\/"},"sameAs":["https:\/\/www.facebook.com\/psipolymersystems\/","https:\/\/www.linkedin.com\/showcase\/psi-polymer-systems"]}]}},"_links":{"self":[{"href":"https:\/\/www.psi-polymersystems.com\/es\/wp-json\/wp\/v2\/pages\/9979","targetHints":{"allow":["GET"]}}],"collection":[{"href":"https:\/\/www.psi-polymersystems.com\/es\/wp-json\/wp\/v2\/pages"}],"about":[{"href":"https:\/\/www.psi-polymersystems.com\/es\/wp-json\/wp\/v2\/types\/page"}],"author":[{"embeddable":true,"href":"https:\/\/www.psi-polymersystems.com\/es\/wp-json\/wp\/v2\/users\/2"}],"replies":[{"embeddable":true,"href":"https:\/\/www.psi-polymersystems.com\/es\/wp-json\/wp\/v2\/comments?post=9979"}],"version-history":[{"count":0,"href":"https:\/\/www.psi-polymersystems.com\/es\/wp-json\/wp\/v2\/pages\/9979\/revisions"}],"up":[{"embeddable":true,"href":"https:\/\/www.psi-polymersystems.com\/es\/wp-json\/wp\/v2\/pages\/5833"}],"wp:attachment":[{"href":"https:\/\/www.psi-polymersystems.com\/es\/wp-json\/wp\/v2\/media?parent=9979"}],"curies":[{"name":"wp","href":"https:\/\/api.w.org\/{rel}","templated":true}]}}