{"id":4903,"date":"2020-08-27T15:13:02","date_gmt":"2020-08-27T15:13:02","guid":{"rendered":"https:\/\/psi-polymersystems.com\/?page_id=4903"},"modified":"2021-06-29T14:55:29","modified_gmt":"2021-06-29T14:55:29","slug":"gear-pump-cc-rev","status":"publish","type":"page","link":"https:\/\/www.psi-polymersystems.com\/fr\/products\/gear-pump-overview\/gear-pump-cc-rev\/","title":{"rendered":"Pompe \u00e0 engrenages cc-rev"},"content":{"rendered":"<div data-elementor-type=\"wp-page\" data-elementor-id=\"4903\" class=\"elementor elementor-4903\" data-elementor-post-type=\"page\">\n\t\t\t\t\t\t<section class=\"elementor-section elementor-top-section elementor-element elementor-element-6e55da7f elementor-section-boxed elementor-section-height-default elementor-section-height-default\" data-id=\"6e55da7f\" data-element_type=\"section\" data-e-type=\"section\">\n\t\t\t\t\t\t<div class=\"elementor-container elementor-column-gap-default\">\n\t\t\t\t\t<div class=\"elementor-column elementor-col-100 elementor-top-column elementor-element elementor-element-45d30a77\" data-id=\"45d30a77\" data-element_type=\"column\" data-e-type=\"column\">\n\t\t\t<div class=\"elementor-widget-wrap elementor-element-populated\">\n\t\t\t\t\t\t<div class=\"elementor-element elementor-element-61c1f8b7 elementor-widget elementor-widget-text-editor\" data-id=\"61c1f8b7\" data-element_type=\"widget\" data-e-type=\"widget\" data-widget_type=\"text-editor.default\">\n\t\t\t\t<div class=\"elementor-widget-container\">\n\t\t\t\t\t\t\t\t\t<div><h2 class=\"elementor-heading-title elementor-size-default elementor-inline-editing pen\" style=\"letter-spacing: normal; text-align: left; color: #7a7a7a;\" data-elementor-setting-key=\"title\" data-pen-placeholder=\"Type Here...\">Sp\u00e9cifications de d\u00e9bit volum\u00e9trique, de puissance et de poids de la pompe \u00e0 engrenages<\/h2><\/div>\t\t\t\t\t\t\t\t<\/div>\n\t\t\t\t<\/div>\n\t\t\t\t\t<\/div>\n\t\t<\/div>\n\t\t\t\t\t<\/div>\n\t\t<\/section>\n\t\t\t\t<section class=\"elementor-section elementor-top-section elementor-element elementor-element-47cbfc7 elementor-section-boxed elementor-section-height-default elementor-section-height-default\" data-id=\"47cbfc7\" data-element_type=\"section\" data-e-type=\"section\">\n\t\t\t\t\t\t<div class=\"elementor-container elementor-column-gap-default\">\n\t\t\t\t\t<div class=\"elementor-column elementor-col-50 elementor-top-column elementor-element elementor-element-53b6da2\" data-id=\"53b6da2\" data-element_type=\"column\" data-e-type=\"column\">\n\t\t\t<div class=\"elementor-widget-wrap elementor-element-populated\">\n\t\t\t\t\t\t<div class=\"elementor-element elementor-element-e348ae5 elementor-widget elementor-widget-text-editor\" data-id=\"e348ae5\" data-element_type=\"widget\" data-e-type=\"widget\" data-widget_type=\"text-editor.default\">\n\t\t\t\t<div class=\"elementor-widget-container\">\n\t\t\t\t\t\t\t\t\t<p>Pour calculer RPM en utilisant cc\/rev\u00a0:<\/p><ul><li>RPM pour un taux donn\u00e9 en livres\u00a0:<\/li><\/ul><p style=\"padding-left: 40px;\">RATE(Lb) \/ (cc\/rev * densit\u00e9 de fusion [utiliser 0,8 * densit\u00e9 solide du mat\u00e9riau] * .13095)<\/p><ul><li>RPM pour un taux donn\u00e9 en Kg\u00a0:<\/li><\/ul><p style=\"padding-left: 40px;\">TAUX (Kg) \/ (cc\/rev * densit\u00e9 de fusion [utiliser 0,8 * densit\u00e9 solide du mat\u00e9riau] * 0,0594)<\/p><p><em>Remarque : La densit\u00e9 de fusion r\u00e9elle sera diff\u00e9rente. Le facteur de 0,8 est une moyenne l\u00e2che et suffira pour un calcul approximatif. Consultez PSI pour une valeur RPM plus pr\u00e9cise<\/em><\/p><p><img fetchpriority=\"high\" decoding=\"async\" class=\"alignnone wp-image-3233 size-medium\" src=\"https:\/\/psi-polymersystems.com\/wp-content\/uploads\/2020\/07\/Gear-set-242x300.png\" alt=\"\" width=\"242\" height=\"300\" srcset=\"https:\/\/www.psi-polymersystems.com\/wp-content\/uploads\/2020\/07\/Gear-set-242x300.png 242w, https:\/\/www.psi-polymersystems.com\/wp-content\/uploads\/2020\/07\/Gear-set-824x1024.png 824w, https:\/\/www.psi-polymersystems.com\/wp-content\/uploads\/2020\/07\/Gear-set-768x954.png 768w, https:\/\/www.psi-polymersystems.com\/wp-content\/uploads\/2020\/07\/Gear-set-600x745.png 600w, https:\/\/www.psi-polymersystems.com\/wp-content\/uploads\/2020\/07\/Gear-set.png 1000w\" sizes=\"(max-width: 242px) 100vw, 242px\" \/><\/p>\t\t\t\t\t\t\t\t<\/div>\n\t\t\t\t<\/div>\n\t\t\t\t\t<\/div>\n\t\t<\/div>\n\t\t\t\t<div class=\"elementor-column elementor-col-50 elementor-top-column elementor-element elementor-element-65b65a1\" data-id=\"65b65a1\" data-element_type=\"column\" data-e-type=\"column\">\n\t\t\t<div class=\"elementor-widget-wrap elementor-element-populated\">\n\t\t\t\t\t\t<div class=\"elementor-element elementor-element-4781a8e2 elementor-widget elementor-widget-htmega-tablepress-addons\" data-id=\"4781a8e2\" data-element_type=\"widget\" data-e-type=\"widget\" data-widget_type=\"htmega-tablepress-addons.default\">\n\t\t\t\t<div class=\"elementor-widget-container\">\n\t\t\t\t\t<div class=\"htmega-tablepress htb-table-responsive\">\n<table id=\"tablepress-39\" class=\"tablepress tablepress-id-39 tbody-has-connected-cells\">\n<tbody class=\"row-striping row-hover\">\n<tr class=\"row-1\">\n\t<td class=\"column-1\"><\/td><td colspan=\"3\" class=\"column-2\">MD=1 \/ 1cc=1g<\/td><td colspan=\"4\" class=\"column-5\"><\/td>\n<\/tr>\n<tr class=\"row-2\">\n\t<td class=\"column-1\"><\/td><td colspan=\"2\" class=\"column-2\">D\u00e9bit<\/td><td class=\"column-4\">D\u00e9placement<\/td><td colspan=\"4\" class=\"column-5\"><\/td>\n<\/tr>\n<tr class=\"row-3\">\n\t<td class=\"column-1\"> Mod\u00e8le <\/td><td class=\"column-2\">Lbs\/Hr\/RPM<\/td><td class=\"column-3\">Kg\/h\/tr\/min<\/td><td class=\"column-4\">cc\/r\u00e9v <\/td><td class=\"column-5\">kW <\/td><td class=\"column-6\">Kg <\/td><td class=\"column-7\">[Kg] <\/td><td class=\"column-8\">Orifices de pression<\/td>\n<\/tr>\n<tr class=\"row-4\">\n\t<td class=\"column-1\">12\/1.5 <\/td><td class=\"column-2\">0.015<\/td><td class=\"column-3\">0.007<\/td><td class=\"column-4\">0.11<\/td><td class=\"column-5\">0.8<\/td><td class=\"column-6\">7<\/td><td class=\"column-7\">[3.2] <\/td><td class=\"column-8\">Non <\/td>\n<\/tr>\n<tr class=\"row-5\">\n\t<td class=\"column-1\">12\/3<\/td><td class=\"column-2\">0.028<\/td><td class=\"column-3\">0.013<\/td><td class=\"column-4\">0.21<\/td><td class=\"column-5\">0.8<\/td><td class=\"column-6\">7<\/td><td class=\"column-7\">[3.2] <\/td><td class=\"column-8\">Non <\/td>\n<\/tr>\n<tr class=\"row-6\">\n\t<td class=\"column-1\">12\/6<\/td><td class=\"column-2\">0.057<\/td><td class=\"column-3\">0.026<\/td><td class=\"column-4\">0.43<\/td><td class=\"column-5\">0.8<\/td><td class=\"column-6\">7<\/td><td class=\"column-7\">[3.2] <\/td><td class=\"column-8\">Non <\/td>\n<\/tr>\n<tr class=\"row-7\">\n\t<td class=\"column-1\">12\/12<\/td><td class=\"column-2\">0.112<\/td><td class=\"column-3\">0.051<\/td><td class=\"column-4\">0.85<\/td><td class=\"column-5\">0.8<\/td><td class=\"column-6\">7<\/td><td class=\"column-7\">[3.2] <\/td><td class=\"column-8\">Non <\/td>\n<\/tr>\n<tr class=\"row-8\">\n\t<td class=\"column-1\">28\/6 <\/td><td class=\"column-2\">0.272<\/td><td class=\"column-3\">0.124<\/td><td class=\"column-4\">2.06<\/td><td class=\"column-5\">0.72<\/td><td class=\"column-6\">16<\/td><td class=\"column-7\">[7.3] <\/td><td class=\"column-8\">Non <\/td>\n<\/tr>\n<tr class=\"row-9\">\n\t<td class=\"column-1\">28\/12 <\/td><td class=\"column-2\">0.533<\/td><td class=\"column-3\">0.242<\/td><td class=\"column-4\">4.03<\/td><td class=\"column-5\">0.72<\/td><td class=\"column-6\">18<\/td><td class=\"column-7\">[8.2] <\/td><td class=\"column-8\">Non <\/td>\n<\/tr>\n<tr class=\"row-10\">\n\t<td class=\"column-1\">28\/20 <\/td><td class=\"column-2\">0.966<\/td><td class=\"column-3\">0.438<\/td><td class=\"column-4\">7.3<\/td><td class=\"column-5\">0.72<\/td><td class=\"column-6\">20<\/td><td class=\"column-7\">[9.1] <\/td><td class=\"column-8\">Non <\/td>\n<\/tr>\n<tr class=\"row-11\">\n\t<td class=\"column-1\">28\/28 <\/td><td class=\"column-2\">1.362<\/td><td class=\"column-3\">0.618<\/td><td class=\"column-4\">10.3<\/td><td class=\"column-5\">1<\/td><td class=\"column-6\">22<\/td><td class=\"column-7\">[10] <\/td><td class=\"column-8\">Non <\/td>\n<\/tr>\n<tr class=\"row-12\">\n\t<td class=\"column-1\">38\/23 <\/td><td class=\"column-2\">2.72<\/td><td class=\"column-3\">1.24<\/td><td class=\"column-4\">20.6<\/td><td class=\"column-5\">1<\/td><td class=\"column-6\">33<\/td><td class=\"column-7\">[15] <\/td><td class=\"column-8\">Oui <\/td>\n<\/tr>\n<tr class=\"row-13\">\n\t<td class=\"column-1\">38\/38 <\/td><td class=\"column-2\">4.47<\/td><td class=\"column-3\">2.03<\/td><td class=\"column-4\">33.8<\/td><td class=\"column-5\">2<\/td><td class=\"column-6\">40<\/td><td class=\"column-7\">[18.2] <\/td><td class=\"column-8\">Oui <\/td>\n<\/tr>\n<tr class=\"row-14\">\n\t<td class=\"column-1\">45\/27 <\/td><td class=\"column-2\">4.60<\/td><td class=\"column-3\">2.09<\/td><td class=\"column-4\">34.8<\/td><td class=\"column-5\">2<\/td><td class=\"column-6\">40<\/td><td class=\"column-7\">[18.2] <\/td><td class=\"column-8\">Oui <\/td>\n<\/tr>\n<tr class=\"row-15\">\n\t<td class=\"column-1\">45\/45 <\/td><td class=\"column-2\">7.70<\/td><td class=\"column-3\">3.49<\/td><td class=\"column-4\">58.2<\/td><td class=\"column-5\">2<\/td><td class=\"column-6\">48<\/td><td class=\"column-7\">[21.8] <\/td><td class=\"column-8\">Oui <\/td>\n<\/tr>\n<tr class=\"row-16\">\n\t<td class=\"column-1\">60\/36 <\/td><td class=\"column-2\">9.13<\/td><td class=\"column-3\">4.14<\/td><td class=\"column-4\">69<\/td><td class=\"column-5\">3.2<\/td><td class=\"column-6\">100<\/td><td class=\"column-7\">[45.4] <\/td><td class=\"column-8\">Oui <\/td>\n<\/tr>\n<tr class=\"row-17\">\n\t<td class=\"column-1\">60\/60 <\/td><td class=\"column-2\">15.21<br \/>\n<\/td><td class=\"column-3\">6.90<\/td><td class=\"column-4\">115<\/td><td class=\"column-5\">3.8<\/td><td class=\"column-6\">125<\/td><td class=\"column-7\">[56.7] <\/td><td class=\"column-8\">Oui <\/td>\n<\/tr>\n<tr class=\"row-18\">\n\t<td class=\"column-1\">70\/45 <\/td><td class=\"column-2\">14.95<\/td><td class=\"column-3\">6.78<\/td><td class=\"column-4\">113<\/td><td class=\"column-5\">4.8<\/td><td class=\"column-6\">150<\/td><td class=\"column-7\">[68.1] <\/td><td class=\"column-8\">Oui <\/td>\n<\/tr>\n<tr class=\"row-19\">\n\t<td class=\"column-1\">70\/70 <\/td><td class=\"column-2\">23.28<\/td><td class=\"column-3\">10.56<\/td><td class=\"column-4\">176<\/td><td class=\"column-5\">3.8<\/td><td class=\"column-6\">180<\/td><td class=\"column-7\">[81.7] <\/td><td class=\"column-8\">Oui <\/td>\n<\/tr>\n<tr class=\"row-20\">\n\t<td class=\"column-1\">76\/50 <\/td><td class=\"column-2\">24.47<\/td><td class=\"column-3\">11.10<\/td><td class=\"column-4\">185<\/td><td class=\"column-5\">3.8<\/td><td class=\"column-6\">220<\/td><td class=\"column-7\">[99.8] <\/td><td class=\"column-8\">Oui <\/td>\n<\/tr>\n<tr class=\"row-21\">\n\t<td class=\"column-1\">76\/76 <\/td><td class=\"column-2\">37.43<\/td><td class=\"column-3\">16.98<\/td><td class=\"column-4\">283<\/td><td class=\"column-5\">3.8<\/td><td class=\"column-6\">195<\/td><td class=\"column-7\">[88.5] <\/td><td class=\"column-8\">Oui <\/td>\n<\/tr>\n<tr class=\"row-22\">\n\t<td class=\"column-1\">90\/55 <\/td><td class=\"column-2\">30.03<\/td><td class=\"column-3\">13.62<\/td><td class=\"column-4\">227<\/td><td class=\"column-5\">4.8<\/td><td class=\"column-6\">290<\/td><td class=\"column-7\">[132] <\/td><td class=\"column-8\">Oui <\/td>\n<\/tr>\n<tr class=\"row-23\">\n\t<td class=\"column-1\">90\/90 <\/td><td class=\"column-2\">51.85<\/td><td class=\"column-3\">23.52<\/td><td class=\"column-4\">392<\/td><td class=\"column-5\">4.4<\/td><td class=\"column-6\">245<\/td><td class=\"column-7\">[112] <\/td><td class=\"column-8\">Oui <\/td>\n<\/tr>\n<tr class=\"row-24\">\n\t<td class=\"column-1\">110\/70 <\/td><td class=\"column-2\">60.19<\/td><td class=\"column-3\">27.30<\/td><td class=\"column-4\">455<\/td><td class=\"column-5\">7<\/td><td class=\"column-6\">375<\/td><td class=\"column-7\">[170]<\/td><td class=\"column-8\">Oui <\/td>\n<\/tr>\n<tr class=\"row-25\">\n\t<td class=\"column-1\">110\/90 <\/td><td class=\"column-2\">78.84<\/td><td class=\"column-3\">35.76<\/td><td class=\"column-4\">596<\/td><td class=\"column-5\">7<\/td><td class=\"column-6\">375<\/td><td class=\"column-7\">[170]<\/td><td class=\"column-8\">Oui <\/td>\n<\/tr>\n<tr class=\"row-26\">\n\t<td class=\"column-1\">110\/110 <\/td><td class=\"column-2\">96.17<\/td><td class=\"column-3\">43.62<\/td><td class=\"column-4\">727<\/td><td class=\"column-5\">7<\/td><td class=\"column-6\">410<\/td><td class=\"column-7\">[186] <\/td><td class=\"column-8\">Oui <\/td>\n<\/tr>\n<tr class=\"row-27\">\n\t<td class=\"column-1\">150\/50 <\/td><td class=\"column-2\">97.62<\/td><td class=\"column-3\">44.28<\/td><td class=\"column-4\">738<\/td><td class=\"column-5\">12<\/td><td class=\"column-6\">983<\/td><td class=\"column-7\">[446] <\/td><td class=\"column-8\">Oui <\/td>\n<\/tr>\n<tr class=\"row-28\">\n\t<td class=\"column-1\">150\/75 <\/td><td class=\"column-2\">146.56<\/td><td class=\"column-3\">66.48<\/td><td class=\"column-4\">1,108<\/td><td class=\"column-5\">12<\/td><td class=\"column-6\">1,053<\/td><td class=\"column-7\">[478] <\/td><td class=\"column-8\">Oui <\/td>\n<\/tr>\n<tr class=\"row-29\">\n\t<td class=\"column-1\">150\/100 <\/td><td class=\"column-2\">195.37<\/td><td class=\"column-3\">88.62<\/td><td class=\"column-4\">1,477<\/td><td class=\"column-5\">12<\/td><td class=\"column-6\">1,114<\/td><td class=\"column-7\">[506] <\/td><td class=\"column-8\">Oui <\/td>\n<\/tr>\n<tr class=\"row-30\">\n\t<td class=\"column-1\">150\/125 <\/td><td class=\"column-2\">244.18<\/td><td class=\"column-3\">110.76<\/td><td class=\"column-4\">1,846<\/td><td class=\"column-5\">12<\/td><td class=\"column-6\">1,184<\/td><td class=\"column-7\">[538] <\/td><td class=\"column-8\">Oui <\/td>\n<\/tr>\n<tr class=\"row-31\">\n\t<td class=\"column-1\">150\/150 <\/td><td class=\"column-2\">292.99<\/td><td class=\"column-3\">132.90<\/td><td class=\"column-4\">2,215<\/td><td class=\"column-5\">12<\/td><td class=\"column-6\">1,250<\/td><td class=\"column-7\">[567] <\/td><td class=\"column-8\">Oui <\/td>\n<\/tr>\n<tr class=\"row-32\">\n\t<td class=\"column-1\">180\/135 <\/td><td class=\"column-2\">319.85<\/td><td class=\"column-3\">145.08<\/td><td class=\"column-4\">2,418<\/td><td class=\"column-5\">36<\/td><td class=\"column-6\">1,843<\/td><td class=\"column-7\">[836] <\/td><td class=\"column-8\">Oui <\/td>\n<\/tr>\n<tr class=\"row-33\">\n\t<td class=\"column-1\">180\/180 <\/td><td class=\"column-2\">426.46<\/td><td class=\"column-3\">193.44<\/td><td class=\"column-4\">3,224<\/td><td class=\"column-5\">36<\/td><td class=\"column-6\">2,033<\/td><td class=\"column-7\">[923] <\/td><td class=\"column-8\">Oui <\/td>\n<\/tr>\n<tr class=\"row-34\">\n\t<td class=\"column-1\">224\/168 <\/td><td class=\"column-2\">617.74<\/td><td class=\"column-3\">280.20<\/td><td class=\"column-4\">4,670<\/td><td class=\"column-5\">36<\/td><td class=\"column-6\">3,204<\/td><td class=\"column-7\">[1,454] <\/td><td class=\"column-8\">Oui <\/td>\n<\/tr>\n<tr class=\"row-35\">\n\t<td class=\"column-1\">224\/224 <\/td><td class=\"column-2\">823.69<\/td><td class=\"column-3\">373.62<\/td><td class=\"column-4\">6,227<\/td><td class=\"column-5\">36<\/td><td class=\"column-6\">3,560<\/td><td class=\"column-7\">[1,615] <\/td><td class=\"column-8\">Oui <\/td>\n<\/tr>\n<\/tbody>\n<\/table>\n<!-- #tablepress-39 from cache --><\/div>\t\t\t\t<\/div>\n\t\t\t\t<\/div>\n\t\t\t\t\t<\/div>\n\t\t<\/div>\n\t\t\t\t\t<\/div>\n\t\t<\/section>\n\t\t\t\t<\/div>","protected":false},"excerpt":{"rendered":"<p>Puissance volum\u00e9trique de la pompe \u00e0 engrenages, sp\u00e9cifications de puissance et de poids taux donn\u00e9 en kg\u00a0: RATE (Kg) \/ (cc\/rev * densit\u00e9 de fusion [utiliser 0,8 * densit\u00e9 solide du mat\u00e9riau] * 0,0594) Remarque\u00a0: R\u00e9el [\u2026]<\/p>","protected":false},"author":2,"featured_media":0,"parent":353,"menu_order":0,"comment_status":"closed","ping_status":"closed","template":"","meta":{"_monsterinsights_skip_tracking":false,"_monsterinsights_sitenote_active":false,"_monsterinsights_sitenote_note":"","_monsterinsights_sitenote_category":0,"footnotes":""},"class_list":["post-4903","page","type-page","status-publish","hentry"],"yoast_head":"<!-- This site is optimized with the Yoast SEO Premium plugin v25.0 (Yoast SEO v25.0) - https:\/\/yoast.com\/wordpress\/plugins\/seo\/ -->\n<title>Gear Pump cc-rev - PSI-Polymer Systems<\/title>\n<meta name=\"description\" content=\"To size your PSI-Polymer Systems Extrusion Gear Pump, use our handy chart and simple formula to calculate your target RPM.\" \/>\n<meta name=\"robots\" content=\"index, follow, max-snippet:-1, max-image-preview:large, max-video-preview:-1\" \/>\n<link rel=\"canonical\" href=\"https:\/\/www.psi-polymersystems.com\/fr\/products\/gear-pump-overview\/gear-pump-cc-rev\/\" \/>\n<meta property=\"og:locale\" content=\"fr_FR\" \/>\n<meta property=\"og:type\" content=\"article\" \/>\n<meta property=\"og:title\" content=\"Gear Pump cc-rev\" \/>\n<meta property=\"og:description\" content=\"Gear pump volumetric output, power and weight specificationsTo calculate RPM using cc\/rev:RPM for given rate in Lbs:RATE(Lb) \/ (cc\/rev * melt density *\" \/>\n<meta property=\"og:url\" content=\"https:\/\/www.psi-polymersystems.com\/fr\/products\/gear-pump-overview\/gear-pump-cc-rev\/\" \/>\n<meta property=\"og:site_name\" content=\"PSI-Polymer Systems\" \/>\n<meta property=\"article:publisher\" content=\"https:\/\/www.facebook.com\/psipolymersystems\/\" \/>\n<meta property=\"article:modified_time\" content=\"2021-06-29T14:55:29+00:00\" \/>\n<meta property=\"og:image\" content=\"https:\/\/psi-polymersystems.com\/wp-content\/uploads\/2020\/07\/Gear-set-242x300.png\" \/>\n<meta name=\"twitter:card\" content=\"summary_large_image\" \/>\n<meta name=\"twitter:label1\" content=\"Dur\u00e9e de lecture estim\u00e9e\" \/>\n\t<meta name=\"twitter:data1\" content=\"2 minutes\" \/>\n<script type=\"application\/ld+json\" class=\"yoast-schema-graph\">{\"@context\":\"https:\/\/schema.org\",\"@graph\":[{\"@type\":\"WebPage\",\"@id\":\"https:\/\/www.psi-polymersystems.com\/products\/gear-pump-overview\/gear-pump-cc-rev\/\",\"url\":\"https:\/\/www.psi-polymersystems.com\/products\/gear-pump-overview\/gear-pump-cc-rev\/\",\"name\":\"Gear Pump cc-rev - PSI-Polymer Systems\",\"isPartOf\":{\"@id\":\"https:\/\/www.psi-polymersystems.com\/#website\"},\"primaryImageOfPage\":{\"@id\":\"https:\/\/www.psi-polymersystems.com\/products\/gear-pump-overview\/gear-pump-cc-rev\/#primaryimage\"},\"image\":{\"@id\":\"https:\/\/www.psi-polymersystems.com\/products\/gear-pump-overview\/gear-pump-cc-rev\/#primaryimage\"},\"thumbnailUrl\":\"https:\/\/psi-polymersystems.com\/wp-content\/uploads\/2020\/07\/Gear-set-242x300.png\",\"datePublished\":\"2020-08-27T15:13:02+00:00\",\"dateModified\":\"2021-06-29T14:55:29+00:00\",\"description\":\"To size your PSI-Polymer Systems Extrusion Gear Pump, use our handy chart and simple formula to calculate your target RPM.\",\"breadcrumb\":{\"@id\":\"https:\/\/www.psi-polymersystems.com\/products\/gear-pump-overview\/gear-pump-cc-rev\/#breadcrumb\"},\"inLanguage\":\"fr-FR\",\"potentialAction\":[{\"@type\":\"ReadAction\",\"target\":[\"https:\/\/www.psi-polymersystems.com\/products\/gear-pump-overview\/gear-pump-cc-rev\/\"]}]},{\"@type\":\"ImageObject\",\"inLanguage\":\"fr-FR\",\"@id\":\"https:\/\/www.psi-polymersystems.com\/products\/gear-pump-overview\/gear-pump-cc-rev\/#primaryimage\",\"url\":\"https:\/\/psi-polymersystems.com\/wp-content\/uploads\/2020\/07\/Gear-set-242x300.png\",\"contentUrl\":\"https:\/\/psi-polymersystems.com\/wp-content\/uploads\/2020\/07\/Gear-set-242x300.png\"},{\"@type\":\"BreadcrumbList\",\"@id\":\"https:\/\/www.psi-polymersystems.com\/products\/gear-pump-overview\/gear-pump-cc-rev\/#breadcrumb\",\"itemListElement\":[{\"@type\":\"ListItem\",\"position\":1,\"name\":\"Home\",\"item\":\"https:\/\/www.psi-polymersystems.com\/\"},{\"@type\":\"ListItem\",\"position\":2,\"name\":\"Product Overview\",\"item\":\"https:\/\/www.psi-polymersystems.com\/products\/\"},{\"@type\":\"ListItem\",\"position\":3,\"name\":\"Gear Pump Overview\",\"item\":\"https:\/\/www.psi-polymersystems.com\/products\/gear-pump-overview\/\"},{\"@type\":\"ListItem\",\"position\":4,\"name\":\"Gear Pump cc-rev\"}]},{\"@type\":\"WebSite\",\"@id\":\"https:\/\/www.psi-polymersystems.com\/#website\",\"url\":\"https:\/\/www.psi-polymersystems.com\/\",\"name\":\"PSI-Polymer Systems\",\"description\":\"\",\"publisher\":{\"@id\":\"https:\/\/www.psi-polymersystems.com\/#organization\"},\"potentialAction\":[{\"@type\":\"SearchAction\",\"target\":{\"@type\":\"EntryPoint\",\"urlTemplate\":\"https:\/\/www.psi-polymersystems.com\/?s={search_term_string}\"},\"query-input\":{\"@type\":\"PropertyValueSpecification\",\"valueRequired\":true,\"valueName\":\"search_term_string\"}}],\"inLanguage\":\"fr-FR\"},{\"@type\":\"Organization\",\"@id\":\"https:\/\/www.psi-polymersystems.com\/#organization\",\"name\":\"PSI-Polymer Systems, Inc.\",\"url\":\"https:\/\/www.psi-polymersystems.com\/\",\"logo\":{\"@type\":\"ImageObject\",\"inLanguage\":\"fr-FR\",\"@id\":\"https:\/\/www.psi-polymersystems.com\/#\/schema\/logo\/image\/\",\"url\":\"\",\"contentUrl\":\"\",\"caption\":\"PSI-Polymer Systems, Inc.\"},\"image\":{\"@id\":\"https:\/\/www.psi-polymersystems.com\/#\/schema\/logo\/image\/\"},\"sameAs\":[\"https:\/\/www.facebook.com\/psipolymersystems\/\",\"https:\/\/www.linkedin.com\/showcase\/psi-polymer-systems\"]}]}<\/script>\n<!-- \/ Yoast SEO Premium plugin. -->","yoast_head_json":{"title":"Gear Pump cc-rev - PSI-Polymer Systems","description":"To size your PSI-Polymer Systems Extrusion Gear Pump, use our handy chart and simple formula to calculate your target RPM.","robots":{"index":"index","follow":"follow","max-snippet":"max-snippet:-1","max-image-preview":"max-image-preview:large","max-video-preview":"max-video-preview:-1"},"canonical":"https:\/\/www.psi-polymersystems.com\/fr\/products\/gear-pump-overview\/gear-pump-cc-rev\/","og_locale":"fr_FR","og_type":"article","og_title":"Gear Pump cc-rev","og_description":"Gear pump volumetric output, power and weight specificationsTo calculate RPM using cc\/rev:RPM for given rate in Lbs:RATE(Lb) \/ (cc\/rev * melt density *","og_url":"https:\/\/www.psi-polymersystems.com\/fr\/products\/gear-pump-overview\/gear-pump-cc-rev\/","og_site_name":"PSI-Polymer Systems","article_publisher":"https:\/\/www.facebook.com\/psipolymersystems\/","article_modified_time":"2021-06-29T14:55:29+00:00","og_image":[{"url":"https:\/\/psi-polymersystems.com\/wp-content\/uploads\/2020\/07\/Gear-set-242x300.png","type":"","width":"","height":""}],"twitter_card":"summary_large_image","twitter_misc":{"Dur\u00e9e de lecture estim\u00e9e":"2 minutes"},"schema":{"@context":"https:\/\/schema.org","@graph":[{"@type":"WebPage","@id":"https:\/\/www.psi-polymersystems.com\/products\/gear-pump-overview\/gear-pump-cc-rev\/","url":"https:\/\/www.psi-polymersystems.com\/products\/gear-pump-overview\/gear-pump-cc-rev\/","name":"Gear Pump cc-rev - PSI-Polymer Systems","isPartOf":{"@id":"https:\/\/www.psi-polymersystems.com\/#website"},"primaryImageOfPage":{"@id":"https:\/\/www.psi-polymersystems.com\/products\/gear-pump-overview\/gear-pump-cc-rev\/#primaryimage"},"image":{"@id":"https:\/\/www.psi-polymersystems.com\/products\/gear-pump-overview\/gear-pump-cc-rev\/#primaryimage"},"thumbnailUrl":"https:\/\/psi-polymersystems.com\/wp-content\/uploads\/2020\/07\/Gear-set-242x300.png","datePublished":"2020-08-27T15:13:02+00:00","dateModified":"2021-06-29T14:55:29+00:00","description":"To size your PSI-Polymer Systems Extrusion Gear Pump, use our handy chart and simple formula to calculate your target RPM.","breadcrumb":{"@id":"https:\/\/www.psi-polymersystems.com\/products\/gear-pump-overview\/gear-pump-cc-rev\/#breadcrumb"},"inLanguage":"fr-FR","potentialAction":[{"@type":"ReadAction","target":["https:\/\/www.psi-polymersystems.com\/products\/gear-pump-overview\/gear-pump-cc-rev\/"]}]},{"@type":"ImageObject","inLanguage":"fr-FR","@id":"https:\/\/www.psi-polymersystems.com\/products\/gear-pump-overview\/gear-pump-cc-rev\/#primaryimage","url":"https:\/\/psi-polymersystems.com\/wp-content\/uploads\/2020\/07\/Gear-set-242x300.png","contentUrl":"https:\/\/psi-polymersystems.com\/wp-content\/uploads\/2020\/07\/Gear-set-242x300.png"},{"@type":"BreadcrumbList","@id":"https:\/\/www.psi-polymersystems.com\/products\/gear-pump-overview\/gear-pump-cc-rev\/#breadcrumb","itemListElement":[{"@type":"ListItem","position":1,"name":"Home","item":"https:\/\/www.psi-polymersystems.com\/"},{"@type":"ListItem","position":2,"name":"Product Overview","item":"https:\/\/www.psi-polymersystems.com\/products\/"},{"@type":"ListItem","position":3,"name":"Gear Pump Overview","item":"https:\/\/www.psi-polymersystems.com\/products\/gear-pump-overview\/"},{"@type":"ListItem","position":4,"name":"Gear Pump cc-rev"}]},{"@type":"WebSite","@id":"https:\/\/www.psi-polymersystems.com\/#website","url":"https:\/\/www.psi-polymersystems.com\/","name":"PSI-Polymer Systems","description":"","publisher":{"@id":"https:\/\/www.psi-polymersystems.com\/#organization"},"potentialAction":[{"@type":"SearchAction","target":{"@type":"EntryPoint","urlTemplate":"https:\/\/www.psi-polymersystems.com\/?s={search_term_string}"},"query-input":{"@type":"PropertyValueSpecification","valueRequired":true,"valueName":"search_term_string"}}],"inLanguage":"fr-FR"},{"@type":"Organization","@id":"https:\/\/www.psi-polymersystems.com\/#organization","name":"PSI-Polymer Systems, Inc.","url":"https:\/\/www.psi-polymersystems.com\/","logo":{"@type":"ImageObject","inLanguage":"fr-FR","@id":"https:\/\/www.psi-polymersystems.com\/#\/schema\/logo\/image\/","url":"","contentUrl":"","caption":"PSI-Polymer Systems, Inc."},"image":{"@id":"https:\/\/www.psi-polymersystems.com\/#\/schema\/logo\/image\/"},"sameAs":["https:\/\/www.facebook.com\/psipolymersystems\/","https:\/\/www.linkedin.com\/showcase\/psi-polymer-systems"]}]}},"_links":{"self":[{"href":"https:\/\/www.psi-polymersystems.com\/fr\/wp-json\/wp\/v2\/pages\/4903","targetHints":{"allow":["GET"]}}],"collection":[{"href":"https:\/\/www.psi-polymersystems.com\/fr\/wp-json\/wp\/v2\/pages"}],"about":[{"href":"https:\/\/www.psi-polymersystems.com\/fr\/wp-json\/wp\/v2\/types\/page"}],"author":[{"embeddable":true,"href":"https:\/\/www.psi-polymersystems.com\/fr\/wp-json\/wp\/v2\/users\/2"}],"replies":[{"embeddable":true,"href":"https:\/\/www.psi-polymersystems.com\/fr\/wp-json\/wp\/v2\/comments?post=4903"}],"version-history":[{"count":0,"href":"https:\/\/www.psi-polymersystems.com\/fr\/wp-json\/wp\/v2\/pages\/4903\/revisions"}],"up":[{"embeddable":true,"href":"https:\/\/www.psi-polymersystems.com\/fr\/wp-json\/wp\/v2\/pages\/353"}],"wp:attachment":[{"href":"https:\/\/www.psi-polymersystems.com\/fr\/wp-json\/wp\/v2\/media?parent=4903"}],"curies":[{"name":"wp","href":"https:\/\/api.w.org\/{rel}","templated":true}]}}