{"id":5861,"date":"2020-09-22T14:27:41","date_gmt":"2020-09-22T14:27:41","guid":{"rendered":"https:\/\/psi-polymersystems.com\/?page_id=5861"},"modified":"2021-03-31T19:04:25","modified_gmt":"2021-03-31T19:04:25","slug":"our-journey","status":"publish","type":"page","link":"https:\/\/www.psi-polymersystems.com\/fr\/our-journey\/","title":{"rendered":"Notre voyage"},"content":{"rendered":"<div data-elementor-type=\"wp-page\" data-elementor-id=\"5861\" class=\"elementor elementor-5861\" data-elementor-post-type=\"page\">\n\t\t\t\t\t\t<section class=\"elementor-section elementor-top-section elementor-element elementor-element-26a1dd96 elementor-section-boxed elementor-section-height-default elementor-section-height-default\" data-id=\"26a1dd96\" data-element_type=\"section\" data-e-type=\"section\">\n\t\t\t\t\t\t<div class=\"elementor-container elementor-column-gap-default\">\n\t\t\t\t\t<div class=\"elementor-column elementor-col-100 elementor-top-column elementor-element elementor-element-303f4c60\" data-id=\"303f4c60\" data-element_type=\"column\" data-e-type=\"column\">\n\t\t\t<div class=\"elementor-widget-wrap elementor-element-populated\">\n\t\t\t\t\t\t<div class=\"elementor-element elementor-element-5507d3ee elementor-widget elementor-widget-text-editor\" data-id=\"5507d3ee\" data-element_type=\"widget\" data-e-type=\"widget\" data-widget_type=\"text-editor.default\">\n\t\t\t\t<div class=\"elementor-widget-container\">\n\t\t\t\t\t\t\t\t\t<div><h2 class=\"elementor-heading-title elementor-size-default elementor-inline-editing pen\" style=\"letter-spacing: normal; text-align: left; color: #7a7a7a;\" data-elementor-setting-key=\"title\" data-pen-placeholder=\"Type Here...\">Notre voyage<\/h2><\/div>\t\t\t\t\t\t\t\t<\/div>\n\t\t\t\t<\/div>\n\t\t\t\t\t<\/div>\n\t\t<\/div>\n\t\t\t\t\t<\/div>\n\t\t<\/section>\n\t\t\t\t<section class=\"elementor-section elementor-top-section elementor-element elementor-element-1b0b5649 elementor-section-boxed elementor-section-height-default elementor-section-height-default\" data-id=\"1b0b5649\" data-element_type=\"section\" data-e-type=\"section\">\n\t\t\t\t\t\t<div class=\"elementor-container elementor-column-gap-default\">\n\t\t\t\t\t<div class=\"elementor-column elementor-col-50 elementor-top-column elementor-element elementor-element-2083b810\" data-id=\"2083b810\" data-element_type=\"column\" data-e-type=\"column\">\n\t\t\t<div class=\"elementor-widget-wrap elementor-element-populated\">\n\t\t\t\t\t\t<div class=\"elementor-element elementor-element-d5da21c elementor-widget elementor-widget-image\" data-id=\"d5da21c\" data-element_type=\"widget\" data-e-type=\"widget\" data-widget_type=\"image.default\">\n\t\t\t\t<div class=\"elementor-widget-container\">\n\t\t\t\t\t\t\t\t\t\t\t\t\t\t\t<img fetchpriority=\"high\" decoding=\"async\" width=\"604\" height=\"1024\" src=\"https:\/\/www.psi-polymersystems.com\/wp-content\/uploads\/2020\/09\/Road-2-604x1024.jpg\" class=\"attachment-large size-large wp-image-5880\" alt=\"About PSI Polymer Systems Inc.\" srcset=\"https:\/\/www.psi-polymersystems.com\/wp-content\/uploads\/2020\/09\/Road-2-604x1024.jpg 604w, https:\/\/www.psi-polymersystems.com\/wp-content\/uploads\/2020\/09\/Road-2-177x300.jpg 177w, https:\/\/www.psi-polymersystems.com\/wp-content\/uploads\/2020\/09\/Road-2-589x999.jpg 589w, https:\/\/www.psi-polymersystems.com\/wp-content\/uploads\/2020\/09\/Road-2.jpg 661w\" sizes=\"(max-width: 604px) 100vw, 604px\" \/>\t\t\t\t\t\t\t\t\t\t\t\t\t\t\t<\/div>\n\t\t\t\t<\/div>\n\t\t\t\t\t<\/div>\n\t\t<\/div>\n\t\t\t\t<div class=\"elementor-column elementor-col-50 elementor-top-column elementor-element elementor-element-41ecc94\" data-id=\"41ecc94\" data-element_type=\"column\" data-e-type=\"column\">\n\t\t\t<div class=\"elementor-widget-wrap elementor-element-populated\">\n\t\t\t\t\t\t<div class=\"elementor-element elementor-element-6a51133b elementor-widget elementor-widget-text-editor\" data-id=\"6a51133b\" data-element_type=\"widget\" data-e-type=\"widget\" data-widget_type=\"text-editor.default\">\n\t\t\t\t<div class=\"elementor-widget-container\">\n\t\t\t\t\t\t\t\t\t<h1 style=\"font-size: 15px;\"><span style=\"color: #0693e3; font-size: 20px; letter-spacing: 0px;\">Une partie de votre processus depuis nos d\u00e9buts<\/span><\/h1><p><strong>2000<\/strong> \u00a0\u00a0 Cr\u00e9ation de PSI avec l&#039;introduction du double piston avanc\u00e9 <a href=\"\/fr\/products\/screen-changer-overview\/continuous-screen-changer\/\">Changeurs d&#039;\u00e9cran en continu<\/a><\/p><p><strong>2000<\/strong>\u00a0\u00a0\u00a0 Introduit <a href=\"\/fr\/products\/diverter-valve\/\">Vanne de d\u00e9rivation<\/a>\u00a0<\/p><p><strong>2001<\/strong>\u00a0\u00a0\u00a0 Introduit <a href=\"\/fr\/products\/screen-changer-overview\/manual-screen-changer\/\">Changeur d&#039;\u00e9cran manuel<\/a>\u00a0<\/p><p><strong>2002<\/strong> \u00a0\u00a0 Introduit la prochaine g\u00e9n\u00e9ration\u00a0<a href=\"\/fr\/products\/gear-pump-overview\/\">Pompe \u00e0 engrenages<\/a>\u00a0<\/p><p><strong>2003<\/strong>\u00a0\u00a0\u00a0 Introduit <a href=\"\/fr\/products\/screen-changer-overview\/hydraulic-slide-plate-screen-changer\/\">Plaque coulissante hydraulique<\/a> Changeur d&#039;\u00e9cran\u00a0<span style=\"letter-spacing: 0px;\">(Brevet am\u00e9ricain 7,147,774 B2)<\/span><\/p><p><strong>2004<\/strong>\u00a0\u00a0\u00a0 Introduit <a href=\"\/fr\/products\/screen-changer-overview\/continuous-backflush-screen-changer\/\">R\u00e9trobalayage continu<\/a> Changeur d&#039;\u00e9cran\u00a0<\/p><p><strong>2004<\/strong>\u00a0\u00a0\u00a0 Introduit <a href=\"\/fr\/products\/uniflo-static-mixer\/\">M\u00e9langeur statique Uniflow<\/a>\u00a0<\/p><p><strong>2005<\/strong>\u00a0\u00a0\u00a0 Introduit <a href=\"\/fr\/products\/gear-pump-overview\/high-pressure-gear-pump\/\">Pompe \u00e0 engrenages haute pression<\/a><\/p><p><strong style=\"letter-spacing: 0px;\">2007<\/strong><span style=\"letter-spacing: 0px;\"> \u00a0\u00a0 Introduit <\/span><a style=\"background-color: white; letter-spacing: 0px;\" href=\"\/fr\/products\/heat-exchanger-melt-cooler\/\">\u00c9changeur de chaleur<\/a><span style=\"letter-spacing: 0px;\">\u00a0<\/span><\/p><p><strong>2008<\/strong>\u00a0\u00a0\u00a0 Lancement de la pompe \u00e0 engrenages pour les applications PEX<\/p><p><strong>2009<\/strong>\u00a0\u00a0\u00a0 D\u00e9m\u00e9nagement dans une nouvelle installation de 45 000 pieds carr\u00e9s<\/p><p><strong>2010<\/strong> \u00a0\u00a0 Livr\u00e9 le premier syst\u00e8me de contr\u00f4le int\u00e9gr\u00e9 complet<\/p><p><strong>2011<\/strong> \u00a0\u00a0 Cr\u00e9ation de PSI-GmbH, Talheim Allemagne<\/p><p><strong>2013<\/strong>\u00a0\u00a0\u00a0 Introduit <a href=\"\/fr\/products\/screen-changer-overview\/continuous-screen-changer\/lv-seal\/\">Joint \u00e0 faible viscosit\u00e9<\/a>\u00a0<span style=\"letter-spacing: 0px;\">pour changeur d&#039;\u00e9cran continu <\/span><span style=\"letter-spacing: 0px;\">(brevet am\u00e9ricain 9,309,974 B1)<\/span><\/p><p><strong>2013<\/strong>\u00a0\u00a0\u00a0 Pr\u00e9sentation du joint de pompe \u00e0 engrenages pour fusion souffl\u00e9 (brevet en instance)<\/p><p><strong>2013<\/strong> \u00a0\u00a0 Livr\u00e9 en premier <a href=\"\/fr\/products\/screen-changer-overview\/extended-area-continuous-screen-changer\/\">Zone \u00e9tendue continue<\/a> Changeur d&#039;\u00e9cran pour grande ligne de r\u00e9acteur polym\u00e8re<\/p><p><strong>2014<\/strong>\u00a0\u00a0\u00a0 Introduit <a href=\"\/fr\/products\/extrusion-die-changer\/\">Changeur de matrice d&#039;extrusion<\/a> (Brevet am\u00e9ricain 10,828,820)<\/p><p><strong style=\"letter-spacing: 0px;\">2018<\/strong><span style=\"letter-spacing: 0px;\">\u00a0\u00a0\u00a0 Pr\u00e9sentation de la pompe \u00e0 engrenages pour R-PVC<\/span><\/p><p><strong>2018<\/strong>\u00a0\u00a0\u00a0 Introduit <a href=\"\/fr\/products\/screen-changer-overview\/extended-area-in-line-filter\/\">Filtre \u00e0 bougies \u00e0 zone \u00e9tendue<\/a>\u00a0<\/p><p><strong>2018<\/strong>\u00a0\u00a0\u00a0 Introduit <a href=\"\/fr\/products\/gear-pump-overview\/vessel-gear-pump\/\">Pompe \u00e0 engrenages pour navire<\/a><\/p>\t\t\t\t\t\t\t\t<\/div>\n\t\t\t\t<\/div>\n\t\t\t\t\t<\/div>\n\t\t<\/div>\n\t\t\t\t\t<\/div>\n\t\t<\/section>\n\t\t\t\t<\/div>","protected":false},"excerpt":{"rendered":"<p>Notre parcours fait partie de votre processus depuis nos d\u00e9buts 2000 Cr\u00e9ation de PSI avec l&#039;introduction de changeurs de tamis continus \u00e0 double piston avanc\u00e9s 2000 Introduction de la vanne de d\u00e9rivation 2001 Introduction du changeur de tamis manuel 2002 Introduction de la pompe \u00e0 engrenages de nouvelle g\u00e9n\u00e9ration 2003 Introduction du changeur de tamis \u00e0 plaques coulissantes hydrauliques (brevet am\u00e9ricain 7 147 774 B2 ) 2004 Introduit le changeur d&#039;\u00e9cran \u00e0 contre-courant continu 2004 Introduit [\u2026]<\/p>","protected":false},"author":2,"featured_media":0,"parent":0,"menu_order":0,"comment_status":"closed","ping_status":"closed","template":"","meta":{"_monsterinsights_skip_tracking":false,"_monsterinsights_sitenote_active":false,"_monsterinsights_sitenote_note":"","_monsterinsights_sitenote_category":0,"footnotes":""},"class_list":["post-5861","page","type-page","status-publish","hentry"],"yoast_head":"<!-- This site is optimized with the Yoast SEO Premium plugin v25.0 (Yoast SEO v25.0) - https:\/\/yoast.com\/wordpress\/plugins\/seo\/ -->\n<title>Our Journey - PSI-Polymer Systems<\/title>\n<meta name=\"description\" content=\"PSI-Polymer Systems timeline. Click here to see our journey from our founding in 2000. Special thanks to our customers and to those who trust in us to be a part of your process and business success!\" \/>\n<meta name=\"robots\" content=\"index, follow, max-snippet:-1, max-image-preview:large, max-video-preview:-1\" \/>\n<link rel=\"canonical\" href=\"https:\/\/www.psi-polymersystems.com\/fr\/our-journey\/\" \/>\n<meta property=\"og:locale\" content=\"fr_FR\" \/>\n<meta property=\"og:type\" content=\"article\" \/>\n<meta property=\"og:title\" content=\"Our Journey\" \/>\n<meta property=\"og:description\" content=\"Our Journey Part of Your Process from Our Beginning2000 \u00a0\u00a0 Founded PSI with the introduction of advanced dual-piston Continuous Screen Changers2000\u00a0\u00a0\u00a0\" \/>\n<meta property=\"og:url\" content=\"https:\/\/www.psi-polymersystems.com\/fr\/our-journey\/\" \/>\n<meta property=\"og:site_name\" content=\"PSI-Polymer Systems\" \/>\n<meta property=\"article:publisher\" content=\"https:\/\/www.facebook.com\/psipolymersystems\/\" \/>\n<meta property=\"article:modified_time\" content=\"2021-03-31T19:04:25+00:00\" \/>\n<meta property=\"og:image\" content=\"https:\/\/psi-polymersystems.com\/wp-content\/uploads\/2020\/09\/Road-2-604x1024.jpg\" \/>\n<meta name=\"twitter:card\" content=\"summary_large_image\" \/>\n<meta name=\"twitter:label1\" content=\"Dur\u00e9e de lecture estim\u00e9e\" \/>\n\t<meta name=\"twitter:data1\" content=\"1 minute\" \/>\n<script type=\"application\/ld+json\" class=\"yoast-schema-graph\">{\"@context\":\"https:\/\/schema.org\",\"@graph\":[{\"@type\":\"WebPage\",\"@id\":\"https:\/\/www.psi-polymersystems.com\/our-journey\/\",\"url\":\"https:\/\/www.psi-polymersystems.com\/our-journey\/\",\"name\":\"Our Journey - PSI-Polymer Systems\",\"isPartOf\":{\"@id\":\"https:\/\/www.psi-polymersystems.com\/#website\"},\"primaryImageOfPage\":{\"@id\":\"https:\/\/www.psi-polymersystems.com\/our-journey\/#primaryimage\"},\"image\":{\"@id\":\"https:\/\/www.psi-polymersystems.com\/our-journey\/#primaryimage\"},\"thumbnailUrl\":\"https:\/\/psi-polymersystems.com\/wp-content\/uploads\/2020\/09\/Road-2-604x1024.jpg\",\"datePublished\":\"2020-09-22T14:27:41+00:00\",\"dateModified\":\"2021-03-31T19:04:25+00:00\",\"description\":\"PSI-Polymer Systems timeline. Click here to see our journey from our founding in 2000. Special thanks to our customers and to those who trust in us to be a part of your process and business success!\",\"breadcrumb\":{\"@id\":\"https:\/\/www.psi-polymersystems.com\/our-journey\/#breadcrumb\"},\"inLanguage\":\"fr-FR\",\"potentialAction\":[{\"@type\":\"ReadAction\",\"target\":[\"https:\/\/www.psi-polymersystems.com\/our-journey\/\"]}]},{\"@type\":\"ImageObject\",\"inLanguage\":\"fr-FR\",\"@id\":\"https:\/\/www.psi-polymersystems.com\/our-journey\/#primaryimage\",\"url\":\"https:\/\/psi-polymersystems.com\/wp-content\/uploads\/2020\/09\/Road-2-604x1024.jpg\",\"contentUrl\":\"https:\/\/psi-polymersystems.com\/wp-content\/uploads\/2020\/09\/Road-2-604x1024.jpg\"},{\"@type\":\"BreadcrumbList\",\"@id\":\"https:\/\/www.psi-polymersystems.com\/our-journey\/#breadcrumb\",\"itemListElement\":[{\"@type\":\"ListItem\",\"position\":1,\"name\":\"Home\",\"item\":\"https:\/\/www.psi-polymersystems.com\/\"},{\"@type\":\"ListItem\",\"position\":2,\"name\":\"Our Journey\"}]},{\"@type\":\"WebSite\",\"@id\":\"https:\/\/www.psi-polymersystems.com\/#website\",\"url\":\"https:\/\/www.psi-polymersystems.com\/\",\"name\":\"PSI-Polymer Systems\",\"description\":\"\",\"publisher\":{\"@id\":\"https:\/\/www.psi-polymersystems.com\/#organization\"},\"potentialAction\":[{\"@type\":\"SearchAction\",\"target\":{\"@type\":\"EntryPoint\",\"urlTemplate\":\"https:\/\/www.psi-polymersystems.com\/?s={search_term_string}\"},\"query-input\":{\"@type\":\"PropertyValueSpecification\",\"valueRequired\":true,\"valueName\":\"search_term_string\"}}],\"inLanguage\":\"fr-FR\"},{\"@type\":\"Organization\",\"@id\":\"https:\/\/www.psi-polymersystems.com\/#organization\",\"name\":\"PSI-Polymer Systems, Inc.\",\"url\":\"https:\/\/www.psi-polymersystems.com\/\",\"logo\":{\"@type\":\"ImageObject\",\"inLanguage\":\"fr-FR\",\"@id\":\"https:\/\/www.psi-polymersystems.com\/#\/schema\/logo\/image\/\",\"url\":\"\",\"contentUrl\":\"\",\"caption\":\"PSI-Polymer Systems, Inc.\"},\"image\":{\"@id\":\"https:\/\/www.psi-polymersystems.com\/#\/schema\/logo\/image\/\"},\"sameAs\":[\"https:\/\/www.facebook.com\/psipolymersystems\/\",\"https:\/\/www.linkedin.com\/showcase\/psi-polymer-systems\"]}]}<\/script>\n<!-- \/ Yoast SEO Premium plugin. -->","yoast_head_json":{"title":"Our Journey - PSI-Polymer Systems","description":"PSI-Polymer Systems timeline. Click here to see our journey from our founding in 2000. Special thanks to our customers and to those who trust in us to be a part of your process and business success!","robots":{"index":"index","follow":"follow","max-snippet":"max-snippet:-1","max-image-preview":"max-image-preview:large","max-video-preview":"max-video-preview:-1"},"canonical":"https:\/\/www.psi-polymersystems.com\/fr\/our-journey\/","og_locale":"fr_FR","og_type":"article","og_title":"Our Journey","og_description":"Our Journey Part of Your Process from Our Beginning2000 \u00a0\u00a0 Founded PSI with the introduction of advanced dual-piston Continuous Screen Changers2000\u00a0\u00a0\u00a0","og_url":"https:\/\/www.psi-polymersystems.com\/fr\/our-journey\/","og_site_name":"PSI-Polymer Systems","article_publisher":"https:\/\/www.facebook.com\/psipolymersystems\/","article_modified_time":"2021-03-31T19:04:25+00:00","og_image":[{"url":"https:\/\/psi-polymersystems.com\/wp-content\/uploads\/2020\/09\/Road-2-604x1024.jpg","type":"","width":"","height":""}],"twitter_card":"summary_large_image","twitter_misc":{"Dur\u00e9e de lecture estim\u00e9e":"1 minute"},"schema":{"@context":"https:\/\/schema.org","@graph":[{"@type":"WebPage","@id":"https:\/\/www.psi-polymersystems.com\/our-journey\/","url":"https:\/\/www.psi-polymersystems.com\/our-journey\/","name":"Our Journey - PSI-Polymer Systems","isPartOf":{"@id":"https:\/\/www.psi-polymersystems.com\/#website"},"primaryImageOfPage":{"@id":"https:\/\/www.psi-polymersystems.com\/our-journey\/#primaryimage"},"image":{"@id":"https:\/\/www.psi-polymersystems.com\/our-journey\/#primaryimage"},"thumbnailUrl":"https:\/\/psi-polymersystems.com\/wp-content\/uploads\/2020\/09\/Road-2-604x1024.jpg","datePublished":"2020-09-22T14:27:41+00:00","dateModified":"2021-03-31T19:04:25+00:00","description":"PSI-Polymer Systems timeline. Click here to see our journey from our founding in 2000. Special thanks to our customers and to those who trust in us to be a part of your process and business success!","breadcrumb":{"@id":"https:\/\/www.psi-polymersystems.com\/our-journey\/#breadcrumb"},"inLanguage":"fr-FR","potentialAction":[{"@type":"ReadAction","target":["https:\/\/www.psi-polymersystems.com\/our-journey\/"]}]},{"@type":"ImageObject","inLanguage":"fr-FR","@id":"https:\/\/www.psi-polymersystems.com\/our-journey\/#primaryimage","url":"https:\/\/psi-polymersystems.com\/wp-content\/uploads\/2020\/09\/Road-2-604x1024.jpg","contentUrl":"https:\/\/psi-polymersystems.com\/wp-content\/uploads\/2020\/09\/Road-2-604x1024.jpg"},{"@type":"BreadcrumbList","@id":"https:\/\/www.psi-polymersystems.com\/our-journey\/#breadcrumb","itemListElement":[{"@type":"ListItem","position":1,"name":"Home","item":"https:\/\/www.psi-polymersystems.com\/"},{"@type":"ListItem","position":2,"name":"Our Journey"}]},{"@type":"WebSite","@id":"https:\/\/www.psi-polymersystems.com\/#website","url":"https:\/\/www.psi-polymersystems.com\/","name":"PSI-Polymer Systems","description":"","publisher":{"@id":"https:\/\/www.psi-polymersystems.com\/#organization"},"potentialAction":[{"@type":"SearchAction","target":{"@type":"EntryPoint","urlTemplate":"https:\/\/www.psi-polymersystems.com\/?s={search_term_string}"},"query-input":{"@type":"PropertyValueSpecification","valueRequired":true,"valueName":"search_term_string"}}],"inLanguage":"fr-FR"},{"@type":"Organization","@id":"https:\/\/www.psi-polymersystems.com\/#organization","name":"PSI-Polymer Systems, Inc.","url":"https:\/\/www.psi-polymersystems.com\/","logo":{"@type":"ImageObject","inLanguage":"fr-FR","@id":"https:\/\/www.psi-polymersystems.com\/#\/schema\/logo\/image\/","url":"","contentUrl":"","caption":"PSI-Polymer Systems, Inc."},"image":{"@id":"https:\/\/www.psi-polymersystems.com\/#\/schema\/logo\/image\/"},"sameAs":["https:\/\/www.facebook.com\/psipolymersystems\/","https:\/\/www.linkedin.com\/showcase\/psi-polymer-systems"]}]}},"_links":{"self":[{"href":"https:\/\/www.psi-polymersystems.com\/fr\/wp-json\/wp\/v2\/pages\/5861","targetHints":{"allow":["GET"]}}],"collection":[{"href":"https:\/\/www.psi-polymersystems.com\/fr\/wp-json\/wp\/v2\/pages"}],"about":[{"href":"https:\/\/www.psi-polymersystems.com\/fr\/wp-json\/wp\/v2\/types\/page"}],"author":[{"embeddable":true,"href":"https:\/\/www.psi-polymersystems.com\/fr\/wp-json\/wp\/v2\/users\/2"}],"replies":[{"embeddable":true,"href":"https:\/\/www.psi-polymersystems.com\/fr\/wp-json\/wp\/v2\/comments?post=5861"}],"version-history":[{"count":0,"href":"https:\/\/www.psi-polymersystems.com\/fr\/wp-json\/wp\/v2\/pages\/5861\/revisions"}],"wp:attachment":[{"href":"https:\/\/www.psi-polymersystems.com\/fr\/wp-json\/wp\/v2\/media?parent=5861"}],"curies":[{"name":"wp","href":"https:\/\/api.w.org\/{rel}","templated":true}]}}