{"id":5998,"date":"2020-09-23T14:09:56","date_gmt":"2020-09-23T14:09:56","guid":{"rendered":"https:\/\/psi-polymersystems.com\/?page_id=5998"},"modified":"2020-09-23T14:11:12","modified_gmt":"2020-09-23T14:11:12","slug":"psi-polymer-systems-inc-extended-area-continuous-eac-screen-changer-for-high-volume-material-filtration-to-be-featured-at-npe-2015-conover-nc-march-23-2015","status":"publish","type":"page","link":"https:\/\/www.psi-polymersystems.com\/fr\/about-us\/press-releases\/psi-polymer-systems-inc-extended-area-continuous-eac-screen-changer-for-high-volume-material-filtration-to-be-featured-at-npe-2015-conover-nc-march-23-2015\/","title":{"rendered":"PSI-Polymer Systems Inc. Le changeur d&#039;\u00e9cran continu \u00e0 zone \u00e9tendue (EAC) pour la filtration de mat\u00e9riaux \u00e0 volume \u00e9lev\u00e9 sera pr\u00e9sent\u00e9 \u00e0 NPE 2015 Conover, NC (23 mars 2015)"},"content":{"rendered":"<div data-elementor-type=\"wp-page\" data-elementor-id=\"5998\" class=\"elementor elementor-5998\" data-elementor-post-type=\"page\">\n\t\t\t\t\t\t<section class=\"elementor-section elementor-top-section elementor-element elementor-element-67e3bd81 elementor-section-boxed elementor-section-height-default elementor-section-height-default\" data-id=\"67e3bd81\" data-element_type=\"section\" data-e-type=\"section\">\n\t\t\t\t\t\t<div class=\"elementor-container elementor-column-gap-default\">\n\t\t\t\t\t<div class=\"elementor-column elementor-col-50 elementor-top-column elementor-element elementor-element-1b38ea12\" data-id=\"1b38ea12\" data-element_type=\"column\" data-e-type=\"column\">\n\t\t\t<div class=\"elementor-widget-wrap elementor-element-populated\">\n\t\t\t\t\t\t<div class=\"elementor-element elementor-element-19084283 elementor-widget elementor-widget-heading\" data-id=\"19084283\" data-element_type=\"widget\" data-e-type=\"widget\" data-widget_type=\"heading.default\">\n\t\t\t\t<div class=\"elementor-widget-container\">\n\t\t\t\t\t<h2 class=\"elementor-heading-title elementor-size-default\">PSI-Polymer Systems Inc. Le changeur d&#039;\u00e9cran continu \u00e0 zone \u00e9tendue (EAC) pour la filtration de mat\u00e9riaux \u00e0 volume \u00e9lev\u00e9 sera pr\u00e9sent\u00e9 \u00e0 NPE 2015 Conover, NC (23 mars 2015) <\/h2>\t\t\t\t<\/div>\n\t\t\t\t<\/div>\n\t\t\t\t<div class=\"elementor-element elementor-element-71b5a902 elementor-widget elementor-widget-text-editor\" data-id=\"71b5a902\" data-element_type=\"widget\" data-e-type=\"widget\" data-widget_type=\"text-editor.default\">\n\t\t\t\t<div class=\"elementor-widget-container\">\n\t\t\t\t\t\t\t\t\t<p>PSI-Polymer Systems a r\u00e9cemment vendu un tr\u00e8s grand changeur de tamis EAC (Extended Area Continuous) \u00e0 l&#039;un des plus grands producteurs de mat\u00e9riaux au monde. Le producteur utilise une extrudeuse massive avec une fili\u00e8re de 4 pieds de diam\u00e8tre qui peut produire suffisamment de mat\u00e9riau pour remplir un wagon entier en moins d&#039;une heure lorsqu&#039;il fonctionne \u00e0 pleine capacit\u00e9. Pour cette raison, les temps d&#039;arr\u00eat sont extr\u00eamement co\u00fbteux pour l&#039;entreprise et ils ont cibl\u00e9 leurs anciens changeurs d&#039;\u00e9cran comme l&#039;une des principales cibles \u00e0 l&#039;origine de leurs temps d&#039;arr\u00eat.<\/p><p>L&#039;\u00e9volution des conditions du march\u00e9 a entra\u00een\u00e9 une demande de mat\u00e9riaux vierges filtr\u00e9s \u00e0 des niveaux de puret\u00e9 plus \u00e9lev\u00e9s. Alors qu&#039;autrefois, les tamis \u00e0 20 mailles \u00e9taient la norme, les filtres \u00e0 100 mailles sont maintenant de plus en plus courants. Le principal avantage pour le march\u00e9 des transformateurs secondaires, tels que les extrudeuses de produits d&#039;emballage, est de minimiser la fr\u00e9quence des changements de tamis et de ne pas compromettre la production. Cependant, l&#039;utilisation de niveaux de filtration plus \u00e9lev\u00e9s au niveau de la transformation primaire a ses propres co\u00fbts de production. Les d\u00e9bits de sortie sont r\u00e9duits 5%-10% pour compenser l&#039;augmentation de la contre-pression caus\u00e9e par le maillage plus fin du tamis. De plus, des tamis plus fins emprisonnent plus d&#039;impuret\u00e9s, mais ne durent pas aussi longtemps. Sur une ligne de r\u00e9acteur, la dur\u00e9e de vie de l&#039;\u00e9cran peut chuter \u00e0 quelques jours et peut-\u00eatre jusqu&#039;\u00e0 une semaine avant que la ligne d&#039;extrusion ne doive \u00eatre arr\u00eat\u00e9e. La fr\u00e9quence accrue des arr\u00eats co\u00fbte \u00e0 la production de ces grandes lignes et augmente \u00e9galement le risque r\u00e9el que la ligne ne d\u00e9marre pas \u00e0 temps pour emp\u00eacher l&#039;arr\u00eat d&#039;un r\u00e9acteur.<\/p><p>La conception du changeur d&#039;\u00e9cran sur l&#039;ancienne machine du fournisseur pr\u00e9sentait des probl\u00e8mes importants. Le processus impliquait la granulation de polym\u00e8re vierge sur une ligne aliment\u00e9e par un r\u00e9acteur. P\u00e9riodiquement, la ligne devait \u00eatre arr\u00eat\u00e9e pour changer les filtres. Pendant que le r\u00e9acteur est inactif pour le remplacement, une sortie minimis\u00e9e est collect\u00e9e dans des cuves de r\u00e9ception. Ces cuves ont une capacit\u00e9 finie, ce qui n\u00e9cessite de faire le changement de tamis et de red\u00e9marrer la machine avant qu&#039;elles ne se remplissent. Si cela n&#039;est pas fait \u00e0 temps, le r\u00e9acteur doit \u00eatre arr\u00eat\u00e9, ce qui peut co\u00fbter des jours d&#039;arr\u00eat pour le nettoyage, co\u00fbtant potentiellement \u00e0 l&#039;op\u00e9rateur entre $500 000 et $1 million de dollars.<\/p><p>Consid\u00e9rant la conception du changeur de tamis existant comme un probl\u00e8me, ce producteur de mat\u00e9riaux a d\u00e9cid\u00e9 de rechercher de nouveaux fournisseurs de changeurs de tamis pour l&#039;aider \u00e0 am\u00e9liorer son processus. Le producteur a contact\u00e9 PSI-Polymer Systems et deux principaux fournisseurs europ\u00e9ens de changement de tamis en leur demandant d&#039;abord de calculer la surface de filtre n\u00e9cessaire pour atteindre un taux de production et une pression delta sp\u00e9cifi\u00e9s tout en filtrant \u00e0 travers des tamis de 100 mailles, et deuxi\u00e8mement, de fournir le \u00e9quipement.<\/p><p>L&#039;un des fournisseurs europ\u00e9ens a propos\u00e9 un \u00e9quipement avec une surface de filtre inf\u00e9rieure \u00e0 celle actuellement en service\u00a0; l&#039;autre offrait une solution dans laquelle le processeur serait oblig\u00e9 d&#039;entreprendre une extension majeure du b\u00e2timent pour s&#039;adapter au changeur d&#039;\u00e9cran recommand\u00e9. PSI seul a abord\u00e9 le probl\u00e8me avec une feuille de papier vierge et a d\u00e9termin\u00e9 que, alors que le changeur d&#039;\u00e9cran existant offrait 670 en<sup>2<\/sup> de surface de filtrage en ligne, en fait 2 800<sup>2<\/sup> \u00e9tait n\u00e9cessaire pour atteindre l&#039;objectif.<\/p><p>PSI a d\u00e9termin\u00e9 que quatre (4) positions de filtre en ligne utilisant des filtres tubulaires \u00e0 surface \u00e9tendue constitueraient l&#039;approche la plus efficace pour le processus et ne n\u00e9cessiteraient pas de modifications physiques de l&#039;usine autres que le repositionnement du grand granulateur sous-marin. Le changeur de tamis fournirait \u00e0 l&#039;usine les moyens de fonctionner en mode continu, en changeant de tamis sans arr\u00eater la production, et ferait fonctionner les tamis \u00e0 mailles plus \u00e9lev\u00e9es dans la fen\u00eatre de pression requise. De plus, la conception PSI \u00e9liminerait toute inclusion d&#039;air lors du changement de tamis, offrant l&#039;avantage suppl\u00e9mentaire de r\u00e9duire les granul\u00e9s et les d\u00e9chets hors sp\u00e9cifications g\u00e9n\u00e9r\u00e9s par l&#039;air traversant la plaque de matrice pendant le changement de tamis. Le projet a avanc\u00e9 et PSI et l&#039;acheteur ont travaill\u00e9 en \u00e9troite collaboration, effectuant une analyse CFD (dynamique des fluides computationnelle) jusqu&#039;\u00e0 l&#039;obtention de la conception id\u00e9ale.\u00a0<\/p><p><u>Augmentation de la filtration = augmentation de la production de mat\u00e9riaux<\/u><\/p><p>Le nouveau changeur d&#039;\u00e9cran PSI EAC contient quatre poches ovales massives, chacune mesurant 10&quot; de haut x 14&quot; de large. Utilisant la conception de \u00abfiltre \u00e0 bougie\u00bb souhait\u00e9e, la nouvelle machine a une surface de filtre de 700 pouces carr\u00e9s par position, une augmentation consid\u00e9rable qui permet un volume plus \u00e9lev\u00e9 et une filtration de meilleure qualit\u00e9, ainsi que moins de temps d&#039;arr\u00eat. Les changeurs d&#039;\u00e9cran sont command\u00e9s par un automate 100% et fonctionnent automatiquement, n\u00e9cessitant tr\u00e8s peu d&#039;intervention de l&#039;op\u00e9rateur.<\/p><p>Ce client particulier a eu la mauvaise exp\u00e9rience de suivre l&#039;ancienne recommandation du fabricant du changeur d&#039;\u00e9cran de changer de vitesse \u00e0 la vol\u00e9e. Lorsque la plaque coulissante n&#039;a pas r\u00e9ussi \u00e0 terminer le d\u00e9placement, le d\u00e9versement de polym\u00e8re qui en a r\u00e9sult\u00e9 a \u00e9t\u00e9 catastrophique. En tant que tels, les op\u00e9rateurs \u00e9taient r\u00e9ticents \u00e0 suivre les instructions de PSI pour changer les filtres sans arr\u00eat de la ligne, optant plut\u00f4t pour maximiser le temps de fonctionnement et changer tous les filtres en m\u00eame temps. Apr\u00e8s s&#039;\u00eatre familiaris\u00e9e avec le fonctionnement du changeur d&#039;\u00e9cran EAC de PSI, l&#039;usine, avec le directeur technique de PSI sous la main, a tent\u00e9 le coup. Succ\u00e8s apr\u00e8s succ\u00e8s et aujourd&#039;hui, les arr\u00eats de ligne pour changement d&#039;\u00e9cran sur cette ligne ne sont plus n\u00e9cessaires. Les taux de production ont non seulement augment\u00e9 jusqu&#039;au niveau de filtration souhait\u00e9, mais le rendement global s&#039;est am\u00e9lior\u00e9 de mani\u00e8re mesurable en \u00e9liminant les arr\u00eats p\u00e9riodiques de la ligne. Il fonctionne depuis 8 mois maintenant et aucun probl\u00e8me n&#039;a encore \u00e9t\u00e9 signal\u00e9.<\/p><p>\u00ab Nous avons vu une opportunit\u00e9 d&#039;utiliser nos diverses comp\u00e9tences pour faire la diff\u00e9rence dans cette entreprise, et c&#039;est exactement ce que nous avons fait \u00bb, d\u00e9clare Don Macnamara, directeur g\u00e9n\u00e9ral de PSI. \u00ab Chez PSI, nous sommes fiers de pouvoir r\u00e9pondre aux besoins de n&#039;importe quel client, quels que soient les besoins du processus ou de la machinerie. Ce n&#039;est qu&#039;un exemple de plus de notre innovation pour trouver une solution pour un client.\u00a0\u00bb<\/p>\t\t\t\t\t\t\t\t<\/div>\n\t\t\t\t<\/div>\n\t\t\t\t\t<\/div>\n\t\t<\/div>\n\t\t\t\t<div class=\"elementor-column elementor-col-50 elementor-top-column elementor-element elementor-element-49e4a2a\" data-id=\"49e4a2a\" data-element_type=\"column\" data-e-type=\"column\">\n\t\t\t<div class=\"elementor-widget-wrap\">\n\t\t\t\t\t\t\t<\/div>\n\t\t<\/div>\n\t\t\t\t\t<\/div>\n\t\t<\/section>\n\t\t\t\t<\/div>","protected":false},"excerpt":{"rendered":"<p>PSI-Polymer Systems Inc. Extended-Area Continuous (EAC) Screen Changer for High Volume Material Filtration sera pr\u00e9sent\u00e9 au NPE 2015 Conover, NC (23 mars 2015) PSI-Polymer Systems a r\u00e9cemment vendu un tr\u00e8s grand Extended Area Continuous (EAC) changeur d&#039;\u00e9cran \u00e0 l&#039;un des plus grands producteurs de mat\u00e9riaux au monde. Le producteur utilise une extrudeuse massive avec un 4 pieds [\u2026]<\/p>","protected":false},"author":2,"featured_media":0,"parent":5833,"menu_order":0,"comment_status":"closed","ping_status":"closed","template":"","meta":{"_monsterinsights_skip_tracking":false,"_monsterinsights_sitenote_active":false,"_monsterinsights_sitenote_note":"","_monsterinsights_sitenote_category":0,"footnotes":""},"class_list":["post-5998","page","type-page","status-publish","hentry"],"yoast_head":"<!-- This site is optimized with the Yoast SEO Premium plugin v25.0 (Yoast SEO v25.0) - https:\/\/yoast.com\/wordpress\/plugins\/seo\/ -->\n<title>PSI-Polymer Systems Inc. Extended-Area Continuous (EAC) Screen Changer for High Volume Material Filtration to be Featured at NPE 2015 Conover, NC (March 23, 2015) - PSI-Polymer Systems<\/title>\n<meta name=\"robots\" content=\"index, follow, max-snippet:-1, max-image-preview:large, max-video-preview:-1\" \/>\n<link rel=\"canonical\" href=\"https:\/\/www.psi-polymersystems.com\/fr\/about-us\/press-releases\/psi-polymer-systems-inc-extended-area-continuous-eac-screen-changer-for-high-volume-material-filtration-to-be-featured-at-npe-2015-conover-nc-march-23-2015\/\" \/>\n<meta property=\"og:locale\" content=\"fr_FR\" \/>\n<meta property=\"og:type\" content=\"article\" \/>\n<meta property=\"og:title\" content=\"PSI-Polymer Systems Inc. Extended-Area Continuous (EAC) Screen Changer for High Volume Material Filtration to be Featured at NPE 2015 Conover, NC (March 23, 2015)\" \/>\n<meta property=\"og:description\" content=\"PSI-Polymer Systems Inc. Extended-Area Continuous (EAC) Screen Changer for High Volume Material Filtration to be Featured at NPE 2015 Conover, NC (March\" \/>\n<meta property=\"og:url\" content=\"https:\/\/www.psi-polymersystems.com\/fr\/about-us\/press-releases\/psi-polymer-systems-inc-extended-area-continuous-eac-screen-changer-for-high-volume-material-filtration-to-be-featured-at-npe-2015-conover-nc-march-23-2015\/\" \/>\n<meta property=\"og:site_name\" content=\"PSI-Polymer Systems\" \/>\n<meta property=\"article:publisher\" content=\"https:\/\/www.facebook.com\/psipolymersystems\/\" \/>\n<meta property=\"article:modified_time\" content=\"2020-09-23T14:11:12+00:00\" \/>\n<meta name=\"twitter:card\" content=\"summary_large_image\" \/>\n<meta name=\"twitter:label1\" content=\"Dur\u00e9e de lecture estim\u00e9e\" \/>\n\t<meta name=\"twitter:data1\" content=\"5 minutes\" \/>\n<script type=\"application\/ld+json\" class=\"yoast-schema-graph\">{\"@context\":\"https:\/\/schema.org\",\"@graph\":[{\"@type\":\"WebPage\",\"@id\":\"https:\/\/www.psi-polymersystems.com\/es\/about-us\/press-releases\/psi-polymer-systems-inc-extended-area-continuous-eac-screen-changer-for-high-volume-material-filtration-to-be-featured-at-npe-2015-conover-nc-march-23-2015\/\",\"url\":\"https:\/\/www.psi-polymersystems.com\/es\/about-us\/press-releases\/psi-polymer-systems-inc-extended-area-continuous-eac-screen-changer-for-high-volume-material-filtration-to-be-featured-at-npe-2015-conover-nc-march-23-2015\/\",\"name\":\"PSI-Polymer Systems Inc. Extended-Area Continuous (EAC) Screen Changer for High Volume Material Filtration to be Featured at NPE 2015 Conover, NC (March 23, 2015) - PSI-Polymer Systems\",\"isPartOf\":{\"@id\":\"https:\/\/www.psi-polymersystems.com\/#website\"},\"datePublished\":\"2020-09-23T14:09:56+00:00\",\"dateModified\":\"2020-09-23T14:11:12+00:00\",\"breadcrumb\":{\"@id\":\"https:\/\/www.psi-polymersystems.com\/es\/about-us\/press-releases\/psi-polymer-systems-inc-extended-area-continuous-eac-screen-changer-for-high-volume-material-filtration-to-be-featured-at-npe-2015-conover-nc-march-23-2015\/#breadcrumb\"},\"inLanguage\":\"fr-FR\",\"potentialAction\":[{\"@type\":\"ReadAction\",\"target\":[\"https:\/\/www.psi-polymersystems.com\/es\/about-us\/press-releases\/psi-polymer-systems-inc-extended-area-continuous-eac-screen-changer-for-high-volume-material-filtration-to-be-featured-at-npe-2015-conover-nc-march-23-2015\/\"]}]},{\"@type\":\"BreadcrumbList\",\"@id\":\"https:\/\/www.psi-polymersystems.com\/es\/about-us\/press-releases\/psi-polymer-systems-inc-extended-area-continuous-eac-screen-changer-for-high-volume-material-filtration-to-be-featured-at-npe-2015-conover-nc-march-23-2015\/#breadcrumb\",\"itemListElement\":[{\"@type\":\"ListItem\",\"position\":1,\"name\":\"Home\",\"item\":\"https:\/\/www.psi-polymersystems.com\/\"},{\"@type\":\"ListItem\",\"position\":2,\"name\":\"About Us\",\"item\":\"https:\/\/www.psi-polymersystems.com\/about-us\/\"},{\"@type\":\"ListItem\",\"position\":3,\"name\":\"Press Releases\",\"item\":\"https:\/\/www.psi-polymersystems.com\/about-us\/press-releases\/\"},{\"@type\":\"ListItem\",\"position\":4,\"name\":\"PSI-Polymer Systems Inc. Extended-Area Continuous (EAC) Screen Changer for High Volume Material Filtration to be Featured at NPE 2015 Conover, NC (March 23, 2015)\"}]},{\"@type\":\"WebSite\",\"@id\":\"https:\/\/www.psi-polymersystems.com\/#website\",\"url\":\"https:\/\/www.psi-polymersystems.com\/\",\"name\":\"PSI-Polymer Systems\",\"description\":\"\",\"publisher\":{\"@id\":\"https:\/\/www.psi-polymersystems.com\/#organization\"},\"potentialAction\":[{\"@type\":\"SearchAction\",\"target\":{\"@type\":\"EntryPoint\",\"urlTemplate\":\"https:\/\/www.psi-polymersystems.com\/?s={search_term_string}\"},\"query-input\":{\"@type\":\"PropertyValueSpecification\",\"valueRequired\":true,\"valueName\":\"search_term_string\"}}],\"inLanguage\":\"fr-FR\"},{\"@type\":\"Organization\",\"@id\":\"https:\/\/www.psi-polymersystems.com\/#organization\",\"name\":\"PSI-Polymer Systems, Inc.\",\"url\":\"https:\/\/www.psi-polymersystems.com\/\",\"logo\":{\"@type\":\"ImageObject\",\"inLanguage\":\"fr-FR\",\"@id\":\"https:\/\/www.psi-polymersystems.com\/#\/schema\/logo\/image\/\",\"url\":\"\",\"contentUrl\":\"\",\"caption\":\"PSI-Polymer Systems, Inc.\"},\"image\":{\"@id\":\"https:\/\/www.psi-polymersystems.com\/#\/schema\/logo\/image\/\"},\"sameAs\":[\"https:\/\/www.facebook.com\/psipolymersystems\/\",\"https:\/\/www.linkedin.com\/showcase\/psi-polymer-systems\"]}]}<\/script>\n<!-- \/ Yoast SEO Premium plugin. -->","yoast_head_json":{"title":"PSI-Polymer Systems Inc. Extended-Area Continuous (EAC) Screen Changer for High Volume Material Filtration to be Featured at NPE 2015 Conover, NC (March 23, 2015) - PSI-Polymer Systems","robots":{"index":"index","follow":"follow","max-snippet":"max-snippet:-1","max-image-preview":"max-image-preview:large","max-video-preview":"max-video-preview:-1"},"canonical":"https:\/\/www.psi-polymersystems.com\/fr\/about-us\/press-releases\/psi-polymer-systems-inc-extended-area-continuous-eac-screen-changer-for-high-volume-material-filtration-to-be-featured-at-npe-2015-conover-nc-march-23-2015\/","og_locale":"fr_FR","og_type":"article","og_title":"PSI-Polymer Systems Inc. Extended-Area Continuous (EAC) Screen Changer for High Volume Material Filtration to be Featured at NPE 2015 Conover, NC (March 23, 2015)","og_description":"PSI-Polymer Systems Inc. Extended-Area Continuous (EAC) Screen Changer for High Volume Material Filtration to be Featured at NPE 2015 Conover, NC (March","og_url":"https:\/\/www.psi-polymersystems.com\/fr\/about-us\/press-releases\/psi-polymer-systems-inc-extended-area-continuous-eac-screen-changer-for-high-volume-material-filtration-to-be-featured-at-npe-2015-conover-nc-march-23-2015\/","og_site_name":"PSI-Polymer Systems","article_publisher":"https:\/\/www.facebook.com\/psipolymersystems\/","article_modified_time":"2020-09-23T14:11:12+00:00","twitter_card":"summary_large_image","twitter_misc":{"Dur\u00e9e de lecture estim\u00e9e":"5 minutes"},"schema":{"@context":"https:\/\/schema.org","@graph":[{"@type":"WebPage","@id":"https:\/\/www.psi-polymersystems.com\/es\/about-us\/press-releases\/psi-polymer-systems-inc-extended-area-continuous-eac-screen-changer-for-high-volume-material-filtration-to-be-featured-at-npe-2015-conover-nc-march-23-2015\/","url":"https:\/\/www.psi-polymersystems.com\/es\/about-us\/press-releases\/psi-polymer-systems-inc-extended-area-continuous-eac-screen-changer-for-high-volume-material-filtration-to-be-featured-at-npe-2015-conover-nc-march-23-2015\/","name":"PSI-Polymer Systems Inc. Extended-Area Continuous (EAC) Screen Changer for High Volume Material Filtration to be Featured at NPE 2015 Conover, NC (March 23, 2015) - PSI-Polymer Systems","isPartOf":{"@id":"https:\/\/www.psi-polymersystems.com\/#website"},"datePublished":"2020-09-23T14:09:56+00:00","dateModified":"2020-09-23T14:11:12+00:00","breadcrumb":{"@id":"https:\/\/www.psi-polymersystems.com\/es\/about-us\/press-releases\/psi-polymer-systems-inc-extended-area-continuous-eac-screen-changer-for-high-volume-material-filtration-to-be-featured-at-npe-2015-conover-nc-march-23-2015\/#breadcrumb"},"inLanguage":"fr-FR","potentialAction":[{"@type":"ReadAction","target":["https:\/\/www.psi-polymersystems.com\/es\/about-us\/press-releases\/psi-polymer-systems-inc-extended-area-continuous-eac-screen-changer-for-high-volume-material-filtration-to-be-featured-at-npe-2015-conover-nc-march-23-2015\/"]}]},{"@type":"BreadcrumbList","@id":"https:\/\/www.psi-polymersystems.com\/es\/about-us\/press-releases\/psi-polymer-systems-inc-extended-area-continuous-eac-screen-changer-for-high-volume-material-filtration-to-be-featured-at-npe-2015-conover-nc-march-23-2015\/#breadcrumb","itemListElement":[{"@type":"ListItem","position":1,"name":"Home","item":"https:\/\/www.psi-polymersystems.com\/"},{"@type":"ListItem","position":2,"name":"About Us","item":"https:\/\/www.psi-polymersystems.com\/about-us\/"},{"@type":"ListItem","position":3,"name":"Press Releases","item":"https:\/\/www.psi-polymersystems.com\/about-us\/press-releases\/"},{"@type":"ListItem","position":4,"name":"PSI-Polymer Systems Inc. Extended-Area Continuous (EAC) Screen Changer for High Volume Material Filtration to be Featured at NPE 2015 Conover, NC (March 23, 2015)"}]},{"@type":"WebSite","@id":"https:\/\/www.psi-polymersystems.com\/#website","url":"https:\/\/www.psi-polymersystems.com\/","name":"PSI-Polymer Systems","description":"","publisher":{"@id":"https:\/\/www.psi-polymersystems.com\/#organization"},"potentialAction":[{"@type":"SearchAction","target":{"@type":"EntryPoint","urlTemplate":"https:\/\/www.psi-polymersystems.com\/?s={search_term_string}"},"query-input":{"@type":"PropertyValueSpecification","valueRequired":true,"valueName":"search_term_string"}}],"inLanguage":"fr-FR"},{"@type":"Organization","@id":"https:\/\/www.psi-polymersystems.com\/#organization","name":"PSI-Polymer Systems, Inc.","url":"https:\/\/www.psi-polymersystems.com\/","logo":{"@type":"ImageObject","inLanguage":"fr-FR","@id":"https:\/\/www.psi-polymersystems.com\/#\/schema\/logo\/image\/","url":"","contentUrl":"","caption":"PSI-Polymer Systems, Inc."},"image":{"@id":"https:\/\/www.psi-polymersystems.com\/#\/schema\/logo\/image\/"},"sameAs":["https:\/\/www.facebook.com\/psipolymersystems\/","https:\/\/www.linkedin.com\/showcase\/psi-polymer-systems"]}]}},"_links":{"self":[{"href":"https:\/\/www.psi-polymersystems.com\/fr\/wp-json\/wp\/v2\/pages\/5998","targetHints":{"allow":["GET"]}}],"collection":[{"href":"https:\/\/www.psi-polymersystems.com\/fr\/wp-json\/wp\/v2\/pages"}],"about":[{"href":"https:\/\/www.psi-polymersystems.com\/fr\/wp-json\/wp\/v2\/types\/page"}],"author":[{"embeddable":true,"href":"https:\/\/www.psi-polymersystems.com\/fr\/wp-json\/wp\/v2\/users\/2"}],"replies":[{"embeddable":true,"href":"https:\/\/www.psi-polymersystems.com\/fr\/wp-json\/wp\/v2\/comments?post=5998"}],"version-history":[{"count":0,"href":"https:\/\/www.psi-polymersystems.com\/fr\/wp-json\/wp\/v2\/pages\/5998\/revisions"}],"up":[{"embeddable":true,"href":"https:\/\/www.psi-polymersystems.com\/fr\/wp-json\/wp\/v2\/pages\/5833"}],"wp:attachment":[{"href":"https:\/\/www.psi-polymersystems.com\/fr\/wp-json\/wp\/v2\/media?parent=5998"}],"curies":[{"name":"wp","href":"https:\/\/api.w.org\/{rel}","templated":true}]}}