{"id":6002,"date":"2020-09-23T14:17:02","date_gmt":"2020-09-23T14:17:02","guid":{"rendered":"https:\/\/psi-polymersystems.com\/?page_id=6002"},"modified":"2020-09-23T14:24:13","modified_gmt":"2020-09-23T14:24:13","slug":"psi-polymer-systems-inc-s-continuous-screen-changers-perform-flawlessly-for-challenging-food-industry-candy-application-conover-nc-april-8-2014","status":"publish","type":"page","link":"https:\/\/www.psi-polymersystems.com\/fr\/about-us\/press-releases\/psi-polymer-systems-inc-s-continuous-screen-changers-perform-flawlessly-for-challenging-food-industry-candy-application-conover-nc-april-8-2014\/","title":{"rendered":"Les changeurs d&#039;\u00e9cran continus de PSI-Polymer Systems Inc. fonctionnent parfaitement pour les applications de confiserie difficiles de l&#039;industrie alimentaire Conover, NC (8 avril 2014)"},"content":{"rendered":"<div data-elementor-type=\"wp-page\" data-elementor-id=\"6002\" class=\"elementor elementor-6002\" data-elementor-post-type=\"page\">\n\t\t\t\t\t\t<section class=\"elementor-section elementor-top-section elementor-element elementor-element-5f3b65f8 elementor-section-boxed elementor-section-height-default elementor-section-height-default\" data-id=\"5f3b65f8\" data-element_type=\"section\" data-e-type=\"section\">\n\t\t\t\t\t\t<div class=\"elementor-container elementor-column-gap-default\">\n\t\t\t\t\t<div class=\"elementor-column elementor-col-50 elementor-top-column elementor-element elementor-element-704e4f88\" data-id=\"704e4f88\" data-element_type=\"column\" data-e-type=\"column\">\n\t\t\t<div class=\"elementor-widget-wrap elementor-element-populated\">\n\t\t\t\t\t\t<div class=\"elementor-element elementor-element-13cce76e elementor-widget elementor-widget-heading\" data-id=\"13cce76e\" data-element_type=\"widget\" data-e-type=\"widget\" data-widget_type=\"heading.default\">\n\t\t\t\t<div class=\"elementor-widget-container\">\n\t\t\t\t\t<h2 class=\"elementor-heading-title elementor-size-default\">Les changeurs d&#039;\u00e9cran continus de PSI-Polymer Systems Inc. fonctionnent parfaitement pour les applications de confiserie difficiles de l&#039;industrie alimentaire Conover, NC (8 avril 2014)<\/h2>\t\t\t\t<\/div>\n\t\t\t\t<\/div>\n\t\t\t\t<div class=\"elementor-element elementor-element-78eecd58 elementor-widget elementor-widget-text-editor\" data-id=\"78eecd58\" data-element_type=\"widget\" data-e-type=\"widget\" data-widget_type=\"text-editor.default\">\n\t\t\t\t<div class=\"elementor-widget-container\">\n\t\t\t\t\t\t\t\t\t<p>PSI-Polymer Systems a r\u00e9cemment vendu un changeur de tamis continu modifi\u00e9 \u00e0 un important producteur de bonbons bas\u00e9 aux \u00c9tats-Unis pour une utilisation dans une application d&#039;extrusion alimentaire difficile. La capacit\u00e9 du changeur d&#039;\u00e9cran \u00e0 bien fonctionner dans cette application unique met en \u00e9vidence les capacit\u00e9s de personnalisation et d&#039;orientation vers les solutions dont PSI est fier.<\/p><p>Cet achat marque le cinqui\u00e8me changeur d&#039;\u00e9cran PSI que ce client ach\u00e8te pour son processus alimentaire. Les premiers pour cette application ont \u00e9t\u00e9 mis en service en 2011. \u00ab Cette application alimentaire particuli\u00e8re \u00e9tait alors nouvelle pour les changeurs de tamis en continu. Il y avait des essais qui devaient \u00eatre ex\u00e9cut\u00e9s et des proc\u00e9dures de validation respect\u00e9es, mais plus que cela, des mois de fonctionnement en service devaient \u00eatre effectu\u00e9s pour s&#039;assurer que la m\u00e9tallurgie r\u00e9sisterait pendant plusieurs ann\u00e9es et que les conditions rigoureuses de la FDA seraient maintenues sans faute \u00bb, a d\u00e9clar\u00e9 Don Macnamara, directeur g\u00e9n\u00e9ral de PSI-Polymer Systems Inc. \u00ab Qu&#039;il s&#039;agisse de plastiques, d&#039;aliments ou d&#039;autres mat\u00e9riaux, c&#039;est notre travail d&#039;adapter la technologie au processus.<\/p><p>Les d\u00e9fis uniques li\u00e9s \u00e0 l&#039;ex\u00e9cution d&#039;une application alimentaire avec une machine g\u00e9n\u00e9ralement utilis\u00e9e pour l&#039;extrusion de plastique sont beaucoup plus exigeants et incluent la capacit\u00e9 de nettoyer en profondeur toute zone o\u00f9 les bact\u00e9ries pourraient se d\u00e9velopper\u00a0; accueillir le lavage \u00e0 l&#039;eau et \u00eatre \u00e9tanche pour faciliter ce lavage\u00a0; \u00eatre construit enti\u00e8rement en acier inoxydable pour r\u00e9sister \u00e0 la rouille\u00a0; utiliser de la peinture approuv\u00e9e par la FDA et avoir des surfaces ext\u00e9rieures exemptes de coins et recoins qui peuvent attraper et retenir les aliments et provoquer la croissance bact\u00e9rienne.<\/p><p>Le client de PSI \u00e9tait clair sur le fait que le processus ne pouvait tol\u00e9rer aucun temps d&#039;arr\u00eat de la machine pour les changements de filtre, ce qui signifie que le changeur de tamis devait \u00eatre continu pour permettre un passage automatique d&#039;un tamis obstru\u00e9 ou potentiellement contamin\u00e9 \u00e0 un nouveau tamis propre sans fermer la ligne. vers le bas. PSI a relev\u00e9 le d\u00e9fi et a cr\u00e9\u00e9 un changeur d&#039;\u00e9cran qui r\u00e9pondait \u00e0 toutes ces exigences de processus et de conception et qui a maintenant fait ses preuves sur plusieurs ann\u00e9es de fonctionnement.<\/p><p>Le changeur d&#039;\u00e9cran PSI est une conception continue avec des packs d&#039;\u00e9crans faciles \u00e0 changer. Il est fabriqu\u00e9 en acier inoxydable 420 pour permettre un traitement thermique tout en r\u00e9sistant \u00e0 la corrosion et \u00e0 la rouille. De plus, comme cela \u00e9tait requis, le changeur de tamis est \u00e9tanche et a la capacit\u00e9 de traiter la viscosit\u00e9 extr\u00eamement \u00e9lev\u00e9e de cette application alimentaire.\u00a0<\/p><p>Les changeurs de tamis \u00e0 plaques coulissantes hydrauliques sont traditionnellement utilis\u00e9s dans l&#039;industrie alimentaire, pour les applications par lots telles que les c\u00e9r\u00e9ales, les chips de ma\u00efs et autres. Cependant, le changeur de tamis continu PSI permet des op\u00e9rations d&#039;extrusion continues 24 heures sur 24, 7 jours sur 7 et permet un changement automatique et facile des tamis, ce qui \u00e9limine les temps d&#039;arr\u00eat et cr\u00e9e un syst\u00e8me \u00e0 la fois plus efficace et moins sensible \u00e0 la contamination que la version hydraulique standard.<\/p><p>&quot;C&#039;est une application passionnante pour nous ici au PSI&quot;, a d\u00e9clar\u00e9 Glenn Woodcock, pr\u00e9sident de PSI-Polymer Systems. \u00ab Le d\u00e9fi de d\u00e9velopper un changeur d&#039;\u00e9cran qui r\u00e9pond \u00e0 toutes les normes de l&#039;industrie alimentaire tout en augmentant l&#039;efficacit\u00e9 et la valeur pour le client est quelque chose que nous pensons que peu d&#039;entreprises de ce secteur auraient pu relever. Chez PSI, nous sommes fiers de notre capacit\u00e9 \u00e0 innover et \u00e0 repousser les limites, et nous l&#039;avons encore fait. \u00bb<\/p>\t\t\t\t\t\t\t\t<\/div>\n\t\t\t\t<\/div>\n\t\t\t\t\t<\/div>\n\t\t<\/div>\n\t\t\t\t<div class=\"elementor-column elementor-col-50 elementor-top-column elementor-element elementor-element-10b202fe\" data-id=\"10b202fe\" data-element_type=\"column\" data-e-type=\"column\">\n\t\t\t<div class=\"elementor-widget-wrap\">\n\t\t\t\t\t\t\t<\/div>\n\t\t<\/div>\n\t\t\t\t\t<\/div>\n\t\t<\/section>\n\t\t\t\t<\/div>","protected":false},"excerpt":{"rendered":"<p>Les changeurs de tamis continus de PSI-Polymer Systems Inc. fonctionnent parfaitement pour les applications de confiserie difficiles de l&#039;industrie alimentaire Conover, NC (8 avril 2014) PSI-Polymer Systems a r\u00e9cemment vendu un changeur de tamis continu modifi\u00e9 \u00e0 un important producteur de bonbons bas\u00e9 aux dans une application d&#039;extrusion alimentaire difficile. La capacit\u00e9 du changeur d&#039;\u00e9cran \u00e0 bien fonctionner dans cet unique [\u2026]<\/p>","protected":false},"author":2,"featured_media":0,"parent":5833,"menu_order":0,"comment_status":"closed","ping_status":"closed","template":"","meta":{"_monsterinsights_skip_tracking":false,"_monsterinsights_sitenote_active":false,"_monsterinsights_sitenote_note":"","_monsterinsights_sitenote_category":0,"footnotes":""},"class_list":["post-6002","page","type-page","status-publish","hentry"],"yoast_head":"<!-- This site is optimized with the Yoast SEO Premium plugin v25.0 (Yoast SEO v25.0) - https:\/\/yoast.com\/wordpress\/plugins\/seo\/ -->\n<title>PSI-Polymer Systems Inc.\u2019s Continuous Screen Changers Perform Flawlessly for Challenging Food Industry Candy Application Conover, NC (April 8, 2014) - PSI-Polymer Systems<\/title>\n<meta name=\"robots\" content=\"index, follow, max-snippet:-1, max-image-preview:large, max-video-preview:-1\" \/>\n<link rel=\"canonical\" href=\"https:\/\/www.psi-polymersystems.com\/fr\/about-us\/press-releases\/psi-polymer-systems-inc-s-continuous-screen-changers-perform-flawlessly-for-challenging-food-industry-candy-application-conover-nc-april-8-2014\/\" \/>\n<meta property=\"og:locale\" content=\"fr_FR\" \/>\n<meta property=\"og:type\" content=\"article\" \/>\n<meta property=\"og:title\" content=\"PSI-Polymer Systems Inc.\u2019s Continuous Screen Changers Perform Flawlessly for Challenging Food Industry Candy Application Conover, NC (April 8, 2014)\" \/>\n<meta property=\"og:description\" content=\"PSI-Polymer Systems Inc.\u2019s Continuous Screen Changers Perform Flawlessly for Challenging Food Industry Candy Application Conover, NC (April 8, 2014)\" \/>\n<meta property=\"og:url\" content=\"https:\/\/www.psi-polymersystems.com\/fr\/about-us\/press-releases\/psi-polymer-systems-inc-s-continuous-screen-changers-perform-flawlessly-for-challenging-food-industry-candy-application-conover-nc-april-8-2014\/\" \/>\n<meta property=\"og:site_name\" content=\"PSI-Polymer Systems\" \/>\n<meta property=\"article:publisher\" content=\"https:\/\/www.facebook.com\/psipolymersystems\/\" \/>\n<meta property=\"article:modified_time\" content=\"2020-09-23T14:24:13+00:00\" \/>\n<meta name=\"twitter:card\" content=\"summary_large_image\" \/>\n<meta name=\"twitter:label1\" content=\"Dur\u00e9e de lecture estim\u00e9e\" \/>\n\t<meta name=\"twitter:data1\" content=\"3 minutes\" \/>\n<script type=\"application\/ld+json\" class=\"yoast-schema-graph\">{\"@context\":\"https:\/\/schema.org\",\"@graph\":[{\"@type\":\"WebPage\",\"@id\":\"https:\/\/www.psi-polymersystems.com\/es\/about-us\/press-releases\/psi-polymer-systems-inc-s-continuous-screen-changers-perform-flawlessly-for-challenging-food-industry-candy-application-conover-nc-april-8-2014\/\",\"url\":\"https:\/\/www.psi-polymersystems.com\/es\/about-us\/press-releases\/psi-polymer-systems-inc-s-continuous-screen-changers-perform-flawlessly-for-challenging-food-industry-candy-application-conover-nc-april-8-2014\/\",\"name\":\"PSI-Polymer Systems Inc.\u2019s Continuous Screen Changers Perform Flawlessly for Challenging Food Industry Candy Application Conover, NC (April 8, 2014) - PSI-Polymer Systems\",\"isPartOf\":{\"@id\":\"https:\/\/www.psi-polymersystems.com\/#website\"},\"datePublished\":\"2020-09-23T14:17:02+00:00\",\"dateModified\":\"2020-09-23T14:24:13+00:00\",\"breadcrumb\":{\"@id\":\"https:\/\/www.psi-polymersystems.com\/es\/about-us\/press-releases\/psi-polymer-systems-inc-s-continuous-screen-changers-perform-flawlessly-for-challenging-food-industry-candy-application-conover-nc-april-8-2014\/#breadcrumb\"},\"inLanguage\":\"fr-FR\",\"potentialAction\":[{\"@type\":\"ReadAction\",\"target\":[\"https:\/\/www.psi-polymersystems.com\/es\/about-us\/press-releases\/psi-polymer-systems-inc-s-continuous-screen-changers-perform-flawlessly-for-challenging-food-industry-candy-application-conover-nc-april-8-2014\/\"]}]},{\"@type\":\"BreadcrumbList\",\"@id\":\"https:\/\/www.psi-polymersystems.com\/es\/about-us\/press-releases\/psi-polymer-systems-inc-s-continuous-screen-changers-perform-flawlessly-for-challenging-food-industry-candy-application-conover-nc-april-8-2014\/#breadcrumb\",\"itemListElement\":[{\"@type\":\"ListItem\",\"position\":1,\"name\":\"Home\",\"item\":\"https:\/\/www.psi-polymersystems.com\/\"},{\"@type\":\"ListItem\",\"position\":2,\"name\":\"About Us\",\"item\":\"https:\/\/www.psi-polymersystems.com\/about-us\/\"},{\"@type\":\"ListItem\",\"position\":3,\"name\":\"Press Releases\",\"item\":\"https:\/\/www.psi-polymersystems.com\/about-us\/press-releases\/\"},{\"@type\":\"ListItem\",\"position\":4,\"name\":\"PSI-Polymer Systems Inc.\u2019s Continuous Screen Changers Perform Flawlessly for Challenging Food Industry Candy Application Conover, NC (April 8, 2014)\"}]},{\"@type\":\"WebSite\",\"@id\":\"https:\/\/www.psi-polymersystems.com\/#website\",\"url\":\"https:\/\/www.psi-polymersystems.com\/\",\"name\":\"PSI-Polymer Systems\",\"description\":\"\",\"publisher\":{\"@id\":\"https:\/\/www.psi-polymersystems.com\/#organization\"},\"potentialAction\":[{\"@type\":\"SearchAction\",\"target\":{\"@type\":\"EntryPoint\",\"urlTemplate\":\"https:\/\/www.psi-polymersystems.com\/?s={search_term_string}\"},\"query-input\":{\"@type\":\"PropertyValueSpecification\",\"valueRequired\":true,\"valueName\":\"search_term_string\"}}],\"inLanguage\":\"fr-FR\"},{\"@type\":\"Organization\",\"@id\":\"https:\/\/www.psi-polymersystems.com\/#organization\",\"name\":\"PSI-Polymer Systems, Inc.\",\"url\":\"https:\/\/www.psi-polymersystems.com\/\",\"logo\":{\"@type\":\"ImageObject\",\"inLanguage\":\"fr-FR\",\"@id\":\"https:\/\/www.psi-polymersystems.com\/#\/schema\/logo\/image\/\",\"url\":\"\",\"contentUrl\":\"\",\"caption\":\"PSI-Polymer Systems, Inc.\"},\"image\":{\"@id\":\"https:\/\/www.psi-polymersystems.com\/#\/schema\/logo\/image\/\"},\"sameAs\":[\"https:\/\/www.facebook.com\/psipolymersystems\/\",\"https:\/\/www.linkedin.com\/showcase\/psi-polymer-systems\"]}]}<\/script>\n<!-- \/ Yoast SEO Premium plugin. -->","yoast_head_json":{"title":"PSI-Polymer Systems Inc.\u2019s Continuous Screen Changers Perform Flawlessly for Challenging Food Industry Candy Application Conover, NC (April 8, 2014) - PSI-Polymer Systems","robots":{"index":"index","follow":"follow","max-snippet":"max-snippet:-1","max-image-preview":"max-image-preview:large","max-video-preview":"max-video-preview:-1"},"canonical":"https:\/\/www.psi-polymersystems.com\/fr\/about-us\/press-releases\/psi-polymer-systems-inc-s-continuous-screen-changers-perform-flawlessly-for-challenging-food-industry-candy-application-conover-nc-april-8-2014\/","og_locale":"fr_FR","og_type":"article","og_title":"PSI-Polymer Systems Inc.\u2019s Continuous Screen Changers Perform Flawlessly for Challenging Food Industry Candy Application Conover, NC (April 8, 2014)","og_description":"PSI-Polymer Systems Inc.\u2019s Continuous Screen Changers Perform Flawlessly for Challenging Food Industry Candy Application Conover, NC (April 8, 2014)","og_url":"https:\/\/www.psi-polymersystems.com\/fr\/about-us\/press-releases\/psi-polymer-systems-inc-s-continuous-screen-changers-perform-flawlessly-for-challenging-food-industry-candy-application-conover-nc-april-8-2014\/","og_site_name":"PSI-Polymer Systems","article_publisher":"https:\/\/www.facebook.com\/psipolymersystems\/","article_modified_time":"2020-09-23T14:24:13+00:00","twitter_card":"summary_large_image","twitter_misc":{"Dur\u00e9e de lecture estim\u00e9e":"3 minutes"},"schema":{"@context":"https:\/\/schema.org","@graph":[{"@type":"WebPage","@id":"https:\/\/www.psi-polymersystems.com\/es\/about-us\/press-releases\/psi-polymer-systems-inc-s-continuous-screen-changers-perform-flawlessly-for-challenging-food-industry-candy-application-conover-nc-april-8-2014\/","url":"https:\/\/www.psi-polymersystems.com\/es\/about-us\/press-releases\/psi-polymer-systems-inc-s-continuous-screen-changers-perform-flawlessly-for-challenging-food-industry-candy-application-conover-nc-april-8-2014\/","name":"PSI-Polymer Systems Inc.\u2019s Continuous Screen Changers Perform Flawlessly for Challenging Food Industry Candy Application Conover, NC (April 8, 2014) - PSI-Polymer Systems","isPartOf":{"@id":"https:\/\/www.psi-polymersystems.com\/#website"},"datePublished":"2020-09-23T14:17:02+00:00","dateModified":"2020-09-23T14:24:13+00:00","breadcrumb":{"@id":"https:\/\/www.psi-polymersystems.com\/es\/about-us\/press-releases\/psi-polymer-systems-inc-s-continuous-screen-changers-perform-flawlessly-for-challenging-food-industry-candy-application-conover-nc-april-8-2014\/#breadcrumb"},"inLanguage":"fr-FR","potentialAction":[{"@type":"ReadAction","target":["https:\/\/www.psi-polymersystems.com\/es\/about-us\/press-releases\/psi-polymer-systems-inc-s-continuous-screen-changers-perform-flawlessly-for-challenging-food-industry-candy-application-conover-nc-april-8-2014\/"]}]},{"@type":"BreadcrumbList","@id":"https:\/\/www.psi-polymersystems.com\/es\/about-us\/press-releases\/psi-polymer-systems-inc-s-continuous-screen-changers-perform-flawlessly-for-challenging-food-industry-candy-application-conover-nc-april-8-2014\/#breadcrumb","itemListElement":[{"@type":"ListItem","position":1,"name":"Home","item":"https:\/\/www.psi-polymersystems.com\/"},{"@type":"ListItem","position":2,"name":"About Us","item":"https:\/\/www.psi-polymersystems.com\/about-us\/"},{"@type":"ListItem","position":3,"name":"Press Releases","item":"https:\/\/www.psi-polymersystems.com\/about-us\/press-releases\/"},{"@type":"ListItem","position":4,"name":"PSI-Polymer Systems Inc.\u2019s Continuous Screen Changers Perform Flawlessly for Challenging Food Industry Candy Application Conover, NC (April 8, 2014)"}]},{"@type":"WebSite","@id":"https:\/\/www.psi-polymersystems.com\/#website","url":"https:\/\/www.psi-polymersystems.com\/","name":"PSI-Polymer Systems","description":"","publisher":{"@id":"https:\/\/www.psi-polymersystems.com\/#organization"},"potentialAction":[{"@type":"SearchAction","target":{"@type":"EntryPoint","urlTemplate":"https:\/\/www.psi-polymersystems.com\/?s={search_term_string}"},"query-input":{"@type":"PropertyValueSpecification","valueRequired":true,"valueName":"search_term_string"}}],"inLanguage":"fr-FR"},{"@type":"Organization","@id":"https:\/\/www.psi-polymersystems.com\/#organization","name":"PSI-Polymer Systems, Inc.","url":"https:\/\/www.psi-polymersystems.com\/","logo":{"@type":"ImageObject","inLanguage":"fr-FR","@id":"https:\/\/www.psi-polymersystems.com\/#\/schema\/logo\/image\/","url":"","contentUrl":"","caption":"PSI-Polymer Systems, Inc."},"image":{"@id":"https:\/\/www.psi-polymersystems.com\/#\/schema\/logo\/image\/"},"sameAs":["https:\/\/www.facebook.com\/psipolymersystems\/","https:\/\/www.linkedin.com\/showcase\/psi-polymer-systems"]}]}},"_links":{"self":[{"href":"https:\/\/www.psi-polymersystems.com\/fr\/wp-json\/wp\/v2\/pages\/6002","targetHints":{"allow":["GET"]}}],"collection":[{"href":"https:\/\/www.psi-polymersystems.com\/fr\/wp-json\/wp\/v2\/pages"}],"about":[{"href":"https:\/\/www.psi-polymersystems.com\/fr\/wp-json\/wp\/v2\/types\/page"}],"author":[{"embeddable":true,"href":"https:\/\/www.psi-polymersystems.com\/fr\/wp-json\/wp\/v2\/users\/2"}],"replies":[{"embeddable":true,"href":"https:\/\/www.psi-polymersystems.com\/fr\/wp-json\/wp\/v2\/comments?post=6002"}],"version-history":[{"count":0,"href":"https:\/\/www.psi-polymersystems.com\/fr\/wp-json\/wp\/v2\/pages\/6002\/revisions"}],"up":[{"embeddable":true,"href":"https:\/\/www.psi-polymersystems.com\/fr\/wp-json\/wp\/v2\/pages\/5833"}],"wp:attachment":[{"href":"https:\/\/www.psi-polymersystems.com\/fr\/wp-json\/wp\/v2\/media?parent=6002"}],"curies":[{"name":"wp","href":"https:\/\/api.w.org\/{rel}","templated":true}]}}