{"id":6051,"date":"2020-09-23T15:15:08","date_gmt":"2020-09-23T15:15:08","guid":{"rendered":"https:\/\/psi-polymersystems.com\/?page_id=6051"},"modified":"2020-09-23T15:18:07","modified_gmt":"2020-09-23T15:18:07","slug":"psi-polymer-systems-inc-announces-new-repair-rebuild-program-for-gear-pumps-screen-changers-and-static-mixers-for-extrusion-applications-hickory-nc-april-9-2008","status":"publish","type":"page","link":"https:\/\/www.psi-polymersystems.com\/fr\/about-us\/press-releases\/psi-polymer-systems-inc-announces-new-repair-rebuild-program-for-gear-pumps-screen-changers-and-static-mixers-for-extrusion-applications-hickory-nc-april-9-2008\/","title":{"rendered":"PSI-Polymer Systems Inc. annonce un nouveau programme de r\u00e9paration\/reconstruction pour les pompes \u00e0 engrenages, les changeurs de tamis et les m\u00e9langeurs statiques pour les applications d&#039;extrusion Hickory, NC (9 avril 2008)"},"content":{"rendered":"<div data-elementor-type=\"wp-page\" data-elementor-id=\"6051\" class=\"elementor elementor-6051\" data-elementor-post-type=\"page\">\n\t\t\t\t\t\t<section class=\"elementor-section elementor-top-section elementor-element elementor-element-3a4b3b9b elementor-section-boxed elementor-section-height-default elementor-section-height-default\" data-id=\"3a4b3b9b\" data-element_type=\"section\" data-e-type=\"section\">\n\t\t\t\t\t\t<div class=\"elementor-container elementor-column-gap-default\">\n\t\t\t\t\t<div class=\"elementor-column elementor-col-50 elementor-top-column elementor-element elementor-element-63f8fb19\" data-id=\"63f8fb19\" data-element_type=\"column\" data-e-type=\"column\">\n\t\t\t<div class=\"elementor-widget-wrap elementor-element-populated\">\n\t\t\t\t\t\t<div class=\"elementor-element elementor-element-3547064d elementor-widget elementor-widget-heading\" data-id=\"3547064d\" data-element_type=\"widget\" data-e-type=\"widget\" data-widget_type=\"heading.default\">\n\t\t\t\t<div class=\"elementor-widget-container\">\n\t\t\t\t\t<h2 class=\"elementor-heading-title elementor-size-default\">PSI-Polymer Systems, Inc. annonce un nouveau programme de r\u00e9paration\/reconstruction pour les pompes \u00e0 engrenages, les changeurs de tamis et les m\u00e9langeurs statiques pour les applications d&#039;extrusion Hickory, NC (9 avril 2008)<\/h2>\t\t\t\t<\/div>\n\t\t\t\t<\/div>\n\t\t\t\t<div class=\"elementor-element elementor-element-2713846e elementor-widget elementor-widget-text-editor\" data-id=\"2713846e\" data-element_type=\"widget\" data-e-type=\"widget\" data-widget_type=\"text-editor.default\">\n\t\t\t\t<div class=\"elementor-widget-container\">\n\t\t\t\t\t\t\t\t\t<p>PSI-Polymer Systems Inc. a annonc\u00e9 la mise en place d&#039;un nouveau programme de service de r\u00e9paration\/reconstruction pour les pompes \u00e0 engrenages, les changeurs de tamis et les m\u00e9langeurs statiques pour les applications d&#039;extrusion. Ce nouveau programme met l&#039;accent sur l&#039;entretien et la r\u00e9paration des marques d&#039;\u00e9quipement non PSI. Les d\u00e9lais d&#039;ex\u00e9cution sont souvent de 24 heures ou moins.<\/p><p>Le nouveau centre de r\u00e9paration, situ\u00e9 en interne au si\u00e8ge social de PSI \u00e0 Hickory, en Caroline du Nord, comprend tout l&#039;\u00e9quipement n\u00e9cessaire pour effectuer des r\u00e9parations et des reconstructions, notamment des fours de grillage, des tours et des fraiseuses, des machines \u00e0 perles de verre, des presses hydrauliques et des machines \u00e0 souder. PSI maintient \u00e9galement un large inventaire de pi\u00e8ces de rechange pour s&#039;adapter \u00e0 son \u00e9quipement ainsi qu&#039;\u00e0 d&#039;autres grandes marques.<\/p><p>Rob Martin, directeur g\u00e9n\u00e9ral de PSI, a expliqu\u00e9 que de nombreux transformateurs optent pour l&#039;entretien de leur \u00e9quipement existant, une option moins co\u00fbteuse que l&#039;achat de nouvel \u00e9quipement. &quot;Les transformateurs nous ont demand\u00e9 \u00e0 plusieurs reprises si nous pouvions les aider en remettant \u00e0 neuf leur \u00e9quipement non-PSI existant&quot;, a-t-il d\u00e9clar\u00e9. &quot;Sur la base de ces demandes, nous avons d\u00e9cid\u00e9 de cr\u00e9er le centre de r\u00e9paration et d&#039;en faire une partie int\u00e9grante de l&#039;offre de notre entreprise.&quot;<\/p><p>&quot;Sur le terrain, nous avons vu d&#039;autres marques de pompes \u00e0 engrenages et de changeurs de tamis en mauvais \u00e9tat, et nous avons dit aux transformateurs que nous avons la capacit\u00e9 de rendre ces produits comme neufs en peu de temps&quot;, a d\u00e9clar\u00e9 Martin. \u00ab C&#039;est une option attrayante ; donner une nouvelle vie aux anciens \u00e9quipements n&#039;a que du sens et cela aide nos clients \u00e0 maximiser la productivit\u00e9 et les profits.\u00a0<\/p><p>Toutes les pi\u00e8ces sont garanties un an et tous les produits et composants sont con\u00e7us et fabriqu\u00e9s par PSI.\u00a0<\/p>\t\t\t\t\t\t\t\t<\/div>\n\t\t\t\t<\/div>\n\t\t\t\t\t<\/div>\n\t\t<\/div>\n\t\t\t\t<div class=\"elementor-column elementor-col-50 elementor-top-column elementor-element elementor-element-51655e22\" data-id=\"51655e22\" data-element_type=\"column\" data-e-type=\"column\">\n\t\t\t<div class=\"elementor-widget-wrap\">\n\t\t\t\t\t\t\t<\/div>\n\t\t<\/div>\n\t\t\t\t\t<\/div>\n\t\t<\/section>\n\t\t\t\t<\/div>","protected":false},"excerpt":{"rendered":"<p>PSI-Polymer Systems, Inc. annonce un nouveau programme de r\u00e9paration\/reconstruction pour les pompes \u00e0 engrenages, les changeurs de tamis et les m\u00e9langeurs statiques pour les applications d&#039;extrusion Hickory, NC (9 avril 2008) PSI-Polymer Systems Inc. a annonc\u00e9 qu&#039;il a mis en place un nouveau programme de programme de service de reconstruction pour les pompes \u00e0 engrenages, les changeurs de tamis et les m\u00e9langeurs statiques pour les applications d&#039;extrusion. Ce nouveau programme met l&#039;accent sur l&#039;entretien et la r\u00e9paration des [\u2026]<\/p>","protected":false},"author":2,"featured_media":0,"parent":5833,"menu_order":0,"comment_status":"closed","ping_status":"closed","template":"","meta":{"_monsterinsights_skip_tracking":false,"_monsterinsights_sitenote_active":false,"_monsterinsights_sitenote_note":"","_monsterinsights_sitenote_category":0,"footnotes":""},"class_list":["post-6051","page","type-page","status-publish","hentry"],"yoast_head":"<!-- This site is optimized with the Yoast SEO Premium plugin v25.0 (Yoast SEO v25.0) - https:\/\/yoast.com\/wordpress\/plugins\/seo\/ -->\n<title>PSI-Polymer Systems Inc. Announces New Repair\/Rebuild Program for Gear Pumps, Screen Changers, and Static Mixers for Extrusion Applications Hickory, NC (April 9, 2008) - PSI-Polymer Systems<\/title>\n<meta name=\"robots\" content=\"index, follow, max-snippet:-1, max-image-preview:large, max-video-preview:-1\" \/>\n<link rel=\"canonical\" href=\"https:\/\/www.psi-polymersystems.com\/fr\/about-us\/press-releases\/psi-polymer-systems-inc-announces-new-repair-rebuild-program-for-gear-pumps-screen-changers-and-static-mixers-for-extrusion-applications-hickory-nc-april-9-2008\/\" \/>\n<meta property=\"og:locale\" content=\"fr_FR\" \/>\n<meta property=\"og:type\" content=\"article\" \/>\n<meta property=\"og:title\" content=\"PSI-Polymer Systems Inc. Announces New Repair\/Rebuild Program for Gear Pumps, Screen Changers, and Static Mixers for Extrusion Applications Hickory, NC (April 9, 2008)\" \/>\n<meta property=\"og:description\" content=\"PSI-Polymer Systems, Inc. Announces New Repair\/Rebuild Program for Gear Pumps, Screen Changers, and Static Mixers for Extrusion Applications Hickory, NC\" \/>\n<meta property=\"og:url\" content=\"https:\/\/www.psi-polymersystems.com\/fr\/about-us\/press-releases\/psi-polymer-systems-inc-announces-new-repair-rebuild-program-for-gear-pumps-screen-changers-and-static-mixers-for-extrusion-applications-hickory-nc-april-9-2008\/\" \/>\n<meta property=\"og:site_name\" content=\"PSI-Polymer Systems\" \/>\n<meta property=\"article:publisher\" content=\"https:\/\/www.facebook.com\/psipolymersystems\/\" \/>\n<meta property=\"article:modified_time\" content=\"2020-09-23T15:18:07+00:00\" \/>\n<meta name=\"twitter:card\" content=\"summary_large_image\" \/>\n<meta name=\"twitter:label1\" content=\"Dur\u00e9e de lecture estim\u00e9e\" \/>\n\t<meta name=\"twitter:data1\" content=\"1 minute\" \/>\n<script type=\"application\/ld+json\" class=\"yoast-schema-graph\">{\"@context\":\"https:\/\/schema.org\",\"@graph\":[{\"@type\":\"WebPage\",\"@id\":\"https:\/\/www.psi-polymersystems.com\/es\/about-us\/press-releases\/psi-polymer-systems-inc-announces-new-repair-rebuild-program-for-gear-pumps-screen-changers-and-static-mixers-for-extrusion-applications-hickory-nc-april-9-2008\/\",\"url\":\"https:\/\/www.psi-polymersystems.com\/es\/about-us\/press-releases\/psi-polymer-systems-inc-announces-new-repair-rebuild-program-for-gear-pumps-screen-changers-and-static-mixers-for-extrusion-applications-hickory-nc-april-9-2008\/\",\"name\":\"PSI-Polymer Systems Inc. Announces New Repair\/Rebuild Program for Gear Pumps, Screen Changers, and Static Mixers for Extrusion Applications Hickory, NC (April 9, 2008) - PSI-Polymer Systems\",\"isPartOf\":{\"@id\":\"https:\/\/www.psi-polymersystems.com\/#website\"},\"datePublished\":\"2020-09-23T15:15:08+00:00\",\"dateModified\":\"2020-09-23T15:18:07+00:00\",\"breadcrumb\":{\"@id\":\"https:\/\/www.psi-polymersystems.com\/es\/about-us\/press-releases\/psi-polymer-systems-inc-announces-new-repair-rebuild-program-for-gear-pumps-screen-changers-and-static-mixers-for-extrusion-applications-hickory-nc-april-9-2008\/#breadcrumb\"},\"inLanguage\":\"fr-FR\",\"potentialAction\":[{\"@type\":\"ReadAction\",\"target\":[\"https:\/\/www.psi-polymersystems.com\/es\/about-us\/press-releases\/psi-polymer-systems-inc-announces-new-repair-rebuild-program-for-gear-pumps-screen-changers-and-static-mixers-for-extrusion-applications-hickory-nc-april-9-2008\/\"]}]},{\"@type\":\"BreadcrumbList\",\"@id\":\"https:\/\/www.psi-polymersystems.com\/es\/about-us\/press-releases\/psi-polymer-systems-inc-announces-new-repair-rebuild-program-for-gear-pumps-screen-changers-and-static-mixers-for-extrusion-applications-hickory-nc-april-9-2008\/#breadcrumb\",\"itemListElement\":[{\"@type\":\"ListItem\",\"position\":1,\"name\":\"Home\",\"item\":\"https:\/\/www.psi-polymersystems.com\/\"},{\"@type\":\"ListItem\",\"position\":2,\"name\":\"About Us\",\"item\":\"https:\/\/www.psi-polymersystems.com\/about-us\/\"},{\"@type\":\"ListItem\",\"position\":3,\"name\":\"Press Releases\",\"item\":\"https:\/\/www.psi-polymersystems.com\/about-us\/press-releases\/\"},{\"@type\":\"ListItem\",\"position\":4,\"name\":\"PSI-Polymer Systems Inc. Announces New Repair\/Rebuild Program for Gear Pumps, Screen Changers, and Static Mixers for Extrusion Applications Hickory, NC (April 9, 2008)\"}]},{\"@type\":\"WebSite\",\"@id\":\"https:\/\/www.psi-polymersystems.com\/#website\",\"url\":\"https:\/\/www.psi-polymersystems.com\/\",\"name\":\"PSI-Polymer Systems\",\"description\":\"\",\"publisher\":{\"@id\":\"https:\/\/www.psi-polymersystems.com\/#organization\"},\"potentialAction\":[{\"@type\":\"SearchAction\",\"target\":{\"@type\":\"EntryPoint\",\"urlTemplate\":\"https:\/\/www.psi-polymersystems.com\/?s={search_term_string}\"},\"query-input\":{\"@type\":\"PropertyValueSpecification\",\"valueRequired\":true,\"valueName\":\"search_term_string\"}}],\"inLanguage\":\"fr-FR\"},{\"@type\":\"Organization\",\"@id\":\"https:\/\/www.psi-polymersystems.com\/#organization\",\"name\":\"PSI-Polymer Systems, Inc.\",\"url\":\"https:\/\/www.psi-polymersystems.com\/\",\"logo\":{\"@type\":\"ImageObject\",\"inLanguage\":\"fr-FR\",\"@id\":\"https:\/\/www.psi-polymersystems.com\/#\/schema\/logo\/image\/\",\"url\":\"\",\"contentUrl\":\"\",\"caption\":\"PSI-Polymer Systems, Inc.\"},\"image\":{\"@id\":\"https:\/\/www.psi-polymersystems.com\/#\/schema\/logo\/image\/\"},\"sameAs\":[\"https:\/\/www.facebook.com\/psipolymersystems\/\",\"https:\/\/www.linkedin.com\/showcase\/psi-polymer-systems\"]}]}<\/script>\n<!-- \/ Yoast SEO Premium plugin. -->","yoast_head_json":{"title":"PSI-Polymer Systems Inc. Announces New Repair\/Rebuild Program for Gear Pumps, Screen Changers, and Static Mixers for Extrusion Applications Hickory, NC (April 9, 2008) - PSI-Polymer Systems","robots":{"index":"index","follow":"follow","max-snippet":"max-snippet:-1","max-image-preview":"max-image-preview:large","max-video-preview":"max-video-preview:-1"},"canonical":"https:\/\/www.psi-polymersystems.com\/fr\/about-us\/press-releases\/psi-polymer-systems-inc-announces-new-repair-rebuild-program-for-gear-pumps-screen-changers-and-static-mixers-for-extrusion-applications-hickory-nc-april-9-2008\/","og_locale":"fr_FR","og_type":"article","og_title":"PSI-Polymer Systems Inc. Announces New Repair\/Rebuild Program for Gear Pumps, Screen Changers, and Static Mixers for Extrusion Applications Hickory, NC (April 9, 2008)","og_description":"PSI-Polymer Systems, Inc. Announces New Repair\/Rebuild Program for Gear Pumps, Screen Changers, and Static Mixers for Extrusion Applications Hickory, NC","og_url":"https:\/\/www.psi-polymersystems.com\/fr\/about-us\/press-releases\/psi-polymer-systems-inc-announces-new-repair-rebuild-program-for-gear-pumps-screen-changers-and-static-mixers-for-extrusion-applications-hickory-nc-april-9-2008\/","og_site_name":"PSI-Polymer Systems","article_publisher":"https:\/\/www.facebook.com\/psipolymersystems\/","article_modified_time":"2020-09-23T15:18:07+00:00","twitter_card":"summary_large_image","twitter_misc":{"Dur\u00e9e de lecture estim\u00e9e":"1 minute"},"schema":{"@context":"https:\/\/schema.org","@graph":[{"@type":"WebPage","@id":"https:\/\/www.psi-polymersystems.com\/es\/about-us\/press-releases\/psi-polymer-systems-inc-announces-new-repair-rebuild-program-for-gear-pumps-screen-changers-and-static-mixers-for-extrusion-applications-hickory-nc-april-9-2008\/","url":"https:\/\/www.psi-polymersystems.com\/es\/about-us\/press-releases\/psi-polymer-systems-inc-announces-new-repair-rebuild-program-for-gear-pumps-screen-changers-and-static-mixers-for-extrusion-applications-hickory-nc-april-9-2008\/","name":"PSI-Polymer Systems Inc. Announces New Repair\/Rebuild Program for Gear Pumps, Screen Changers, and Static Mixers for Extrusion Applications Hickory, NC (April 9, 2008) - PSI-Polymer Systems","isPartOf":{"@id":"https:\/\/www.psi-polymersystems.com\/#website"},"datePublished":"2020-09-23T15:15:08+00:00","dateModified":"2020-09-23T15:18:07+00:00","breadcrumb":{"@id":"https:\/\/www.psi-polymersystems.com\/es\/about-us\/press-releases\/psi-polymer-systems-inc-announces-new-repair-rebuild-program-for-gear-pumps-screen-changers-and-static-mixers-for-extrusion-applications-hickory-nc-april-9-2008\/#breadcrumb"},"inLanguage":"fr-FR","potentialAction":[{"@type":"ReadAction","target":["https:\/\/www.psi-polymersystems.com\/es\/about-us\/press-releases\/psi-polymer-systems-inc-announces-new-repair-rebuild-program-for-gear-pumps-screen-changers-and-static-mixers-for-extrusion-applications-hickory-nc-april-9-2008\/"]}]},{"@type":"BreadcrumbList","@id":"https:\/\/www.psi-polymersystems.com\/es\/about-us\/press-releases\/psi-polymer-systems-inc-announces-new-repair-rebuild-program-for-gear-pumps-screen-changers-and-static-mixers-for-extrusion-applications-hickory-nc-april-9-2008\/#breadcrumb","itemListElement":[{"@type":"ListItem","position":1,"name":"Home","item":"https:\/\/www.psi-polymersystems.com\/"},{"@type":"ListItem","position":2,"name":"About Us","item":"https:\/\/www.psi-polymersystems.com\/about-us\/"},{"@type":"ListItem","position":3,"name":"Press Releases","item":"https:\/\/www.psi-polymersystems.com\/about-us\/press-releases\/"},{"@type":"ListItem","position":4,"name":"PSI-Polymer Systems Inc. Announces New Repair\/Rebuild Program for Gear Pumps, Screen Changers, and Static Mixers for Extrusion Applications Hickory, NC (April 9, 2008)"}]},{"@type":"WebSite","@id":"https:\/\/www.psi-polymersystems.com\/#website","url":"https:\/\/www.psi-polymersystems.com\/","name":"PSI-Polymer Systems","description":"","publisher":{"@id":"https:\/\/www.psi-polymersystems.com\/#organization"},"potentialAction":[{"@type":"SearchAction","target":{"@type":"EntryPoint","urlTemplate":"https:\/\/www.psi-polymersystems.com\/?s={search_term_string}"},"query-input":{"@type":"PropertyValueSpecification","valueRequired":true,"valueName":"search_term_string"}}],"inLanguage":"fr-FR"},{"@type":"Organization","@id":"https:\/\/www.psi-polymersystems.com\/#organization","name":"PSI-Polymer Systems, Inc.","url":"https:\/\/www.psi-polymersystems.com\/","logo":{"@type":"ImageObject","inLanguage":"fr-FR","@id":"https:\/\/www.psi-polymersystems.com\/#\/schema\/logo\/image\/","url":"","contentUrl":"","caption":"PSI-Polymer Systems, Inc."},"image":{"@id":"https:\/\/www.psi-polymersystems.com\/#\/schema\/logo\/image\/"},"sameAs":["https:\/\/www.facebook.com\/psipolymersystems\/","https:\/\/www.linkedin.com\/showcase\/psi-polymer-systems"]}]}},"_links":{"self":[{"href":"https:\/\/www.psi-polymersystems.com\/fr\/wp-json\/wp\/v2\/pages\/6051","targetHints":{"allow":["GET"]}}],"collection":[{"href":"https:\/\/www.psi-polymersystems.com\/fr\/wp-json\/wp\/v2\/pages"}],"about":[{"href":"https:\/\/www.psi-polymersystems.com\/fr\/wp-json\/wp\/v2\/types\/page"}],"author":[{"embeddable":true,"href":"https:\/\/www.psi-polymersystems.com\/fr\/wp-json\/wp\/v2\/users\/2"}],"replies":[{"embeddable":true,"href":"https:\/\/www.psi-polymersystems.com\/fr\/wp-json\/wp\/v2\/comments?post=6051"}],"version-history":[{"count":0,"href":"https:\/\/www.psi-polymersystems.com\/fr\/wp-json\/wp\/v2\/pages\/6051\/revisions"}],"up":[{"embeddable":true,"href":"https:\/\/www.psi-polymersystems.com\/fr\/wp-json\/wp\/v2\/pages\/5833"}],"wp:attachment":[{"href":"https:\/\/www.psi-polymersystems.com\/fr\/wp-json\/wp\/v2\/media?parent=6051"}],"curies":[{"name":"wp","href":"https:\/\/api.w.org\/{rel}","templated":true}]}}