{"id":6064,"date":"2020-09-23T17:17:09","date_gmt":"2020-09-23T17:17:09","guid":{"rendered":"https:\/\/psi-polymersystems.com\/?page_id=6064"},"modified":"2020-09-23T17:18:38","modified_gmt":"2020-09-23T17:18:38","slug":"psi-polymer-systems-inc-introduces-new-high-pressure-gear-pump-hickory-nc-january-31-2005","status":"publish","type":"page","link":"https:\/\/www.psi-polymersystems.com\/fr\/about-us\/press-releases\/psi-polymer-systems-inc-introduces-new-high-pressure-gear-pump-hickory-nc-january-31-2005\/","title":{"rendered":"PSI-Polymer Systems Inc. pr\u00e9sente une nouvelle pompe \u00e0 engrenages haute pression Hickory, NC (31 janvier 2005)"},"content":{"rendered":"<div data-elementor-type=\"wp-page\" data-elementor-id=\"6064\" class=\"elementor elementor-6064\" data-elementor-post-type=\"page\">\n\t\t\t\t\t\t<section class=\"elementor-section elementor-top-section elementor-element elementor-element-67ed1b87 elementor-section-boxed elementor-section-height-default elementor-section-height-default\" data-id=\"67ed1b87\" data-element_type=\"section\" data-e-type=\"section\">\n\t\t\t\t\t\t<div class=\"elementor-container elementor-column-gap-default\">\n\t\t\t\t\t<div class=\"elementor-column elementor-col-50 elementor-top-column elementor-element elementor-element-29d15b8d\" data-id=\"29d15b8d\" data-element_type=\"column\" data-e-type=\"column\">\n\t\t\t<div class=\"elementor-widget-wrap elementor-element-populated\">\n\t\t\t\t\t\t<div class=\"elementor-element elementor-element-5f81ac0 elementor-widget elementor-widget-heading\" data-id=\"5f81ac0\" data-element_type=\"widget\" data-e-type=\"widget\" data-widget_type=\"heading.default\">\n\t\t\t\t<div class=\"elementor-widget-container\">\n\t\t\t\t\t<h2 class=\"elementor-heading-title elementor-size-default\">PSI-Polymer Systems, Inc. pr\u00e9sente une nouvelle pompe \u00e0 engrenages haute pression Hickory, NC (31 janvier 2005)<\/h2>\t\t\t\t<\/div>\n\t\t\t\t<\/div>\n\t\t\t\t<div class=\"elementor-element elementor-element-50a17b86 elementor-widget elementor-widget-text-editor\" data-id=\"50a17b86\" data-element_type=\"widget\" data-e-type=\"widget\" data-widget_type=\"text-editor.default\">\n\t\t\t\t<div class=\"elementor-widget-container\">\n\t\t\t\t\t\t\t\t\t<p>Une nouvelle pompe \u00e0 engrenages haute pression (HGP) a \u00e9t\u00e9 introduite par PSI-Polymer Systems Inc. Ce produit est id\u00e9al pour les proc\u00e9d\u00e9s d&#039;extrusion les plus exigeants. Il est con\u00e7u pour traiter des mat\u00e9riaux charg\u00e9s tr\u00e8s visqueux et peut fonctionner \u00e0 des pressions allant jusqu&#039;\u00e0 10 000 psi et \u00e0 des temp\u00e9ratures allant jusqu&#039;\u00e0 600 \u00b0F.<\/p><p>Le HGP mesure avec pr\u00e9cision le polym\u00e8re et la pression de l&#039;extrudeuse \u00e0 la fili\u00e8re, offrant une sortie constante, un contr\u00f4le pr\u00e9cis de la jauge et un produit final de meilleure qualit\u00e9. Il est mont\u00e9 entre l&#039;extrudeuse et la t\u00eate de fili\u00e8re pour \u00e9liminer toute variation de processus initi\u00e9e dans l&#039;extrudeuse.\u00a0<\/p><p>Le HGP repr\u00e9sente un ajout \u00e0 la gamme de produits de pompes \u00e0 engrenages PSI existante. La pompe \u00e0 engrenages d&#039;extrusion (EGP) de la soci\u00e9t\u00e9 fonctionne sur des lignes d&#039;extrusion avec des pressions allant jusqu&#039;\u00e0 5 000 psi. &quot;Avec les applications \u00e0 haute pression, il est encore plus critique pour les processeurs d&#039;extrusion d&#039;assurer un flux constant de polym\u00e8re et de pression vers la fili\u00e8re&quot;, a d\u00e9clar\u00e9 Glenn Woodcock, pr\u00e9sident de PSI. &quot;Cette pompe permet une contrainte de cisaillement plus faible, une consommation d&#039;\u00e9nergie plus faible, des temp\u00e9ratures de traitement plus basses, une r\u00e9duction des rebuts et, finalement, des taux de production plus \u00e9lev\u00e9s.&quot;<\/p><p><u>Caract\u00e9ristiques et avantages du HGP<\/u><\/p><p>Le nouveau HGP fonctionne sans fuite \u00e0 des pressions allant jusqu&#039;\u00e0 10 000 psi et \u00e0 des temp\u00e9ratures allant jusqu&#039;\u00e0 600 \u00b0F. Toutes les pi\u00e8ces sont fabriqu\u00e9es selon les normes ISO-9002. Il est dot\u00e9 d&#039;engrenages en acier \u00e0 outils tremp\u00e9 \u00e0 c\u0153ur, d&#039;un arbre d&#039;entra\u00eenement \u00e0 pression \u00e9quilibr\u00e9e et d&#039;une construction globale robuste pour des performances optimales dans les environnements de traitement les plus extr\u00eames.\u00a0 \u00a0<\/p><p>Les applications typiques du HGP comprennent les feuilles extrud\u00e9es, les rev\u00eatements, les tuyaux et les profil\u00e9s, les fils et les c\u00e2bles, les tubes et les profil\u00e9s, les films souffl\u00e9s et les films coul\u00e9s. C&#039;est la solution id\u00e9ale pour une utilisation avec des mat\u00e9riaux d\u00e9gradables, FPVC et autres mat\u00e9riaux corrosifs.\u00a0<\/p>\t\t\t\t\t\t\t\t<\/div>\n\t\t\t\t<\/div>\n\t\t\t\t\t<\/div>\n\t\t<\/div>\n\t\t\t\t<div class=\"elementor-column elementor-col-50 elementor-top-column elementor-element elementor-element-2e39b89c\" data-id=\"2e39b89c\" data-element_type=\"column\" data-e-type=\"column\">\n\t\t\t<div class=\"elementor-widget-wrap\">\n\t\t\t\t\t\t\t<\/div>\n\t\t<\/div>\n\t\t\t\t\t<\/div>\n\t\t<\/section>\n\t\t\t\t<\/div>","protected":false},"excerpt":{"rendered":"<p>PSI-Polymer Systems, Inc. pr\u00e9sente une nouvelle pompe \u00e0 engrenages haute pression Hickory, NC (31 janvier 2005) Une nouvelle pompe \u00e0 engrenages haute pression (HGP) a \u00e9t\u00e9 introduite par PSI-Polymer Systems Inc. Ce produit est id\u00e9al pour les extrusions les plus exigeantes. processus. Il est con\u00e7u pour traiter des mat\u00e9riaux charg\u00e9s tr\u00e8s visqueux et peut fonctionner \u00e0 des pressions allant jusqu&#039;\u00e0 10 000 [\u2026]<\/p>","protected":false},"author":2,"featured_media":0,"parent":5833,"menu_order":0,"comment_status":"closed","ping_status":"closed","template":"","meta":{"_monsterinsights_skip_tracking":false,"_monsterinsights_sitenote_active":false,"_monsterinsights_sitenote_note":"","_monsterinsights_sitenote_category":0,"footnotes":""},"class_list":["post-6064","page","type-page","status-publish","hentry"],"yoast_head":"<!-- This site is optimized with the Yoast SEO Premium plugin v25.0 (Yoast SEO v25.0) - https:\/\/yoast.com\/wordpress\/plugins\/seo\/ -->\n<title>PSI-Polymer Systems Inc. Introduces New High Pressure Gear Pump Hickory, NC (January 31, 2005) - PSI-Polymer Systems<\/title>\n<meta name=\"robots\" content=\"index, follow, max-snippet:-1, max-image-preview:large, max-video-preview:-1\" \/>\n<link rel=\"canonical\" href=\"https:\/\/www.psi-polymersystems.com\/fr\/about-us\/press-releases\/psi-polymer-systems-inc-introduces-new-high-pressure-gear-pump-hickory-nc-january-31-2005\/\" \/>\n<meta property=\"og:locale\" content=\"fr_FR\" \/>\n<meta property=\"og:type\" content=\"article\" \/>\n<meta property=\"og:title\" content=\"PSI-Polymer Systems Inc. Introduces New High Pressure Gear Pump Hickory, NC (January 31, 2005)\" \/>\n<meta property=\"og:description\" content=\"PSI-Polymer Systems, Inc. Introduces New High Pressure Gear Pump Hickory, NC (January 31, 2005) A new high pressure gear pump (HGP) has been introduced by\" \/>\n<meta property=\"og:url\" content=\"https:\/\/www.psi-polymersystems.com\/fr\/about-us\/press-releases\/psi-polymer-systems-inc-introduces-new-high-pressure-gear-pump-hickory-nc-january-31-2005\/\" \/>\n<meta property=\"og:site_name\" content=\"PSI-Polymer Systems\" \/>\n<meta property=\"article:publisher\" content=\"https:\/\/www.facebook.com\/psipolymersystems\/\" \/>\n<meta property=\"article:modified_time\" content=\"2020-09-23T17:18:38+00:00\" \/>\n<meta name=\"twitter:card\" content=\"summary_large_image\" \/>\n<meta name=\"twitter:label1\" content=\"Dur\u00e9e de lecture estim\u00e9e\" \/>\n\t<meta name=\"twitter:data1\" content=\"1 minute\" \/>\n<script type=\"application\/ld+json\" class=\"yoast-schema-graph\">{\"@context\":\"https:\/\/schema.org\",\"@graph\":[{\"@type\":\"WebPage\",\"@id\":\"https:\/\/www.psi-polymersystems.com\/about-us\/press-releases\/psi-polymer-systems-inc-introduces-new-high-pressure-gear-pump-hickory-nc-january-31-2005\/\",\"url\":\"https:\/\/www.psi-polymersystems.com\/about-us\/press-releases\/psi-polymer-systems-inc-introduces-new-high-pressure-gear-pump-hickory-nc-january-31-2005\/\",\"name\":\"PSI-Polymer Systems Inc. Introduces New High Pressure Gear Pump Hickory, NC (January 31, 2005) - PSI-Polymer Systems\",\"isPartOf\":{\"@id\":\"https:\/\/www.psi-polymersystems.com\/#website\"},\"datePublished\":\"2020-09-23T17:17:09+00:00\",\"dateModified\":\"2020-09-23T17:18:38+00:00\",\"breadcrumb\":{\"@id\":\"https:\/\/www.psi-polymersystems.com\/about-us\/press-releases\/psi-polymer-systems-inc-introduces-new-high-pressure-gear-pump-hickory-nc-january-31-2005\/#breadcrumb\"},\"inLanguage\":\"fr-FR\",\"potentialAction\":[{\"@type\":\"ReadAction\",\"target\":[\"https:\/\/www.psi-polymersystems.com\/about-us\/press-releases\/psi-polymer-systems-inc-introduces-new-high-pressure-gear-pump-hickory-nc-january-31-2005\/\"]}]},{\"@type\":\"BreadcrumbList\",\"@id\":\"https:\/\/www.psi-polymersystems.com\/about-us\/press-releases\/psi-polymer-systems-inc-introduces-new-high-pressure-gear-pump-hickory-nc-january-31-2005\/#breadcrumb\",\"itemListElement\":[{\"@type\":\"ListItem\",\"position\":1,\"name\":\"Home\",\"item\":\"https:\/\/www.psi-polymersystems.com\/\"},{\"@type\":\"ListItem\",\"position\":2,\"name\":\"About Us\",\"item\":\"https:\/\/www.psi-polymersystems.com\/about-us\/\"},{\"@type\":\"ListItem\",\"position\":3,\"name\":\"Press Releases\",\"item\":\"https:\/\/www.psi-polymersystems.com\/about-us\/press-releases\/\"},{\"@type\":\"ListItem\",\"position\":4,\"name\":\"PSI-Polymer Systems Inc. Introduces New High Pressure Gear Pump Hickory, NC (January 31, 2005)\"}]},{\"@type\":\"WebSite\",\"@id\":\"https:\/\/www.psi-polymersystems.com\/#website\",\"url\":\"https:\/\/www.psi-polymersystems.com\/\",\"name\":\"PSI-Polymer Systems\",\"description\":\"\",\"publisher\":{\"@id\":\"https:\/\/www.psi-polymersystems.com\/#organization\"},\"potentialAction\":[{\"@type\":\"SearchAction\",\"target\":{\"@type\":\"EntryPoint\",\"urlTemplate\":\"https:\/\/www.psi-polymersystems.com\/?s={search_term_string}\"},\"query-input\":{\"@type\":\"PropertyValueSpecification\",\"valueRequired\":true,\"valueName\":\"search_term_string\"}}],\"inLanguage\":\"fr-FR\"},{\"@type\":\"Organization\",\"@id\":\"https:\/\/www.psi-polymersystems.com\/#organization\",\"name\":\"PSI-Polymer Systems, Inc.\",\"url\":\"https:\/\/www.psi-polymersystems.com\/\",\"logo\":{\"@type\":\"ImageObject\",\"inLanguage\":\"fr-FR\",\"@id\":\"https:\/\/www.psi-polymersystems.com\/#\/schema\/logo\/image\/\",\"url\":\"\",\"contentUrl\":\"\",\"caption\":\"PSI-Polymer Systems, Inc.\"},\"image\":{\"@id\":\"https:\/\/www.psi-polymersystems.com\/#\/schema\/logo\/image\/\"},\"sameAs\":[\"https:\/\/www.facebook.com\/psipolymersystems\/\",\"https:\/\/www.linkedin.com\/showcase\/psi-polymer-systems\"]}]}<\/script>\n<!-- \/ Yoast SEO Premium plugin. -->","yoast_head_json":{"title":"PSI-Polymer Systems Inc. Introduces New High Pressure Gear Pump Hickory, NC (January 31, 2005) - PSI-Polymer Systems","robots":{"index":"index","follow":"follow","max-snippet":"max-snippet:-1","max-image-preview":"max-image-preview:large","max-video-preview":"max-video-preview:-1"},"canonical":"https:\/\/www.psi-polymersystems.com\/fr\/about-us\/press-releases\/psi-polymer-systems-inc-introduces-new-high-pressure-gear-pump-hickory-nc-january-31-2005\/","og_locale":"fr_FR","og_type":"article","og_title":"PSI-Polymer Systems Inc. Introduces New High Pressure Gear Pump Hickory, NC (January 31, 2005)","og_description":"PSI-Polymer Systems, Inc. Introduces New High Pressure Gear Pump Hickory, NC (January 31, 2005) A new high pressure gear pump (HGP) has been introduced by","og_url":"https:\/\/www.psi-polymersystems.com\/fr\/about-us\/press-releases\/psi-polymer-systems-inc-introduces-new-high-pressure-gear-pump-hickory-nc-january-31-2005\/","og_site_name":"PSI-Polymer Systems","article_publisher":"https:\/\/www.facebook.com\/psipolymersystems\/","article_modified_time":"2020-09-23T17:18:38+00:00","twitter_card":"summary_large_image","twitter_misc":{"Dur\u00e9e de lecture estim\u00e9e":"1 minute"},"schema":{"@context":"https:\/\/schema.org","@graph":[{"@type":"WebPage","@id":"https:\/\/www.psi-polymersystems.com\/about-us\/press-releases\/psi-polymer-systems-inc-introduces-new-high-pressure-gear-pump-hickory-nc-january-31-2005\/","url":"https:\/\/www.psi-polymersystems.com\/about-us\/press-releases\/psi-polymer-systems-inc-introduces-new-high-pressure-gear-pump-hickory-nc-january-31-2005\/","name":"PSI-Polymer Systems Inc. Introduces New High Pressure Gear Pump Hickory, NC (January 31, 2005) - PSI-Polymer Systems","isPartOf":{"@id":"https:\/\/www.psi-polymersystems.com\/#website"},"datePublished":"2020-09-23T17:17:09+00:00","dateModified":"2020-09-23T17:18:38+00:00","breadcrumb":{"@id":"https:\/\/www.psi-polymersystems.com\/about-us\/press-releases\/psi-polymer-systems-inc-introduces-new-high-pressure-gear-pump-hickory-nc-january-31-2005\/#breadcrumb"},"inLanguage":"fr-FR","potentialAction":[{"@type":"ReadAction","target":["https:\/\/www.psi-polymersystems.com\/about-us\/press-releases\/psi-polymer-systems-inc-introduces-new-high-pressure-gear-pump-hickory-nc-january-31-2005\/"]}]},{"@type":"BreadcrumbList","@id":"https:\/\/www.psi-polymersystems.com\/about-us\/press-releases\/psi-polymer-systems-inc-introduces-new-high-pressure-gear-pump-hickory-nc-january-31-2005\/#breadcrumb","itemListElement":[{"@type":"ListItem","position":1,"name":"Home","item":"https:\/\/www.psi-polymersystems.com\/"},{"@type":"ListItem","position":2,"name":"About Us","item":"https:\/\/www.psi-polymersystems.com\/about-us\/"},{"@type":"ListItem","position":3,"name":"Press Releases","item":"https:\/\/www.psi-polymersystems.com\/about-us\/press-releases\/"},{"@type":"ListItem","position":4,"name":"PSI-Polymer Systems Inc. Introduces New High Pressure Gear Pump Hickory, NC (January 31, 2005)"}]},{"@type":"WebSite","@id":"https:\/\/www.psi-polymersystems.com\/#website","url":"https:\/\/www.psi-polymersystems.com\/","name":"PSI-Polymer Systems","description":"","publisher":{"@id":"https:\/\/www.psi-polymersystems.com\/#organization"},"potentialAction":[{"@type":"SearchAction","target":{"@type":"EntryPoint","urlTemplate":"https:\/\/www.psi-polymersystems.com\/?s={search_term_string}"},"query-input":{"@type":"PropertyValueSpecification","valueRequired":true,"valueName":"search_term_string"}}],"inLanguage":"fr-FR"},{"@type":"Organization","@id":"https:\/\/www.psi-polymersystems.com\/#organization","name":"PSI-Polymer Systems, Inc.","url":"https:\/\/www.psi-polymersystems.com\/","logo":{"@type":"ImageObject","inLanguage":"fr-FR","@id":"https:\/\/www.psi-polymersystems.com\/#\/schema\/logo\/image\/","url":"","contentUrl":"","caption":"PSI-Polymer Systems, Inc."},"image":{"@id":"https:\/\/www.psi-polymersystems.com\/#\/schema\/logo\/image\/"},"sameAs":["https:\/\/www.facebook.com\/psipolymersystems\/","https:\/\/www.linkedin.com\/showcase\/psi-polymer-systems"]}]}},"_links":{"self":[{"href":"https:\/\/www.psi-polymersystems.com\/fr\/wp-json\/wp\/v2\/pages\/6064","targetHints":{"allow":["GET"]}}],"collection":[{"href":"https:\/\/www.psi-polymersystems.com\/fr\/wp-json\/wp\/v2\/pages"}],"about":[{"href":"https:\/\/www.psi-polymersystems.com\/fr\/wp-json\/wp\/v2\/types\/page"}],"author":[{"embeddable":true,"href":"https:\/\/www.psi-polymersystems.com\/fr\/wp-json\/wp\/v2\/users\/2"}],"replies":[{"embeddable":true,"href":"https:\/\/www.psi-polymersystems.com\/fr\/wp-json\/wp\/v2\/comments?post=6064"}],"version-history":[{"count":0,"href":"https:\/\/www.psi-polymersystems.com\/fr\/wp-json\/wp\/v2\/pages\/6064\/revisions"}],"up":[{"embeddable":true,"href":"https:\/\/www.psi-polymersystems.com\/fr\/wp-json\/wp\/v2\/pages\/5833"}],"wp:attachment":[{"href":"https:\/\/www.psi-polymersystems.com\/fr\/wp-json\/wp\/v2\/media?parent=6064"}],"curies":[{"name":"wp","href":"https:\/\/api.w.org\/{rel}","templated":true}]}}