{"id":6072,"date":"2020-09-23T17:26:35","date_gmt":"2020-09-23T17:26:35","guid":{"rendered":"https:\/\/psi-polymersystems.com\/?page_id=6072"},"modified":"2020-09-23T18:15:04","modified_gmt":"2020-09-23T18:15:04","slug":"psi-polymer-systems-inc-introduces-new-8-inch-hydraulic-screen-changer-hickory-nc-february-5-2004","status":"publish","type":"page","link":"https:\/\/www.psi-polymersystems.com\/fr\/about-us\/press-releases\/psi-polymer-systems-inc-introduces-new-8-inch-hydraulic-screen-changer-hickory-nc-february-5-2004\/","title":{"rendered":"PSI-Polymer Systems Inc. pr\u00e9sente un nouveau changeur de tamis hydraulique de 8 pouces Hickory, NC (5 f\u00e9vrier 2004)"},"content":{"rendered":"<div data-elementor-type=\"wp-page\" data-elementor-id=\"6072\" class=\"elementor elementor-6072\" data-elementor-post-type=\"page\">\n\t\t\t\t\t\t<section class=\"elementor-section elementor-top-section elementor-element elementor-element-792ff61b elementor-section-boxed elementor-section-height-default elementor-section-height-default\" data-id=\"792ff61b\" data-element_type=\"section\" data-e-type=\"section\">\n\t\t\t\t\t\t<div class=\"elementor-container elementor-column-gap-default\">\n\t\t\t\t\t<div class=\"elementor-column elementor-col-50 elementor-top-column elementor-element elementor-element-56840635\" data-id=\"56840635\" data-element_type=\"column\" data-e-type=\"column\">\n\t\t\t<div class=\"elementor-widget-wrap elementor-element-populated\">\n\t\t\t\t\t\t<div class=\"elementor-element elementor-element-48e1c01c elementor-widget elementor-widget-heading\" data-id=\"48e1c01c\" data-element_type=\"widget\" data-e-type=\"widget\" data-widget_type=\"heading.default\">\n\t\t\t\t<div class=\"elementor-widget-container\">\n\t\t\t\t\t<h2 class=\"elementor-heading-title elementor-size-default\">PSI-Polymer Systems, Inc. pr\u00e9sente un nouveau changeur de tamis hydraulique de 8 pouces Hickory, NC (5 f\u00e9vrier 2004)<\/h2>\t\t\t\t<\/div>\n\t\t\t\t<\/div>\n\t\t\t\t<div class=\"elementor-element elementor-element-67ddb8f0 elementor-widget elementor-widget-text-editor\" data-id=\"67ddb8f0\" data-element_type=\"widget\" data-e-type=\"widget\" data-widget_type=\"text-editor.default\">\n\t\t\t\t<div class=\"elementor-widget-container\">\n\t\t\t\t\t\t\t\t\t<p>PSI-Polymer Systems Inc. a introduit un nouveau produit, un changeur de tamis hydraulique de 8 pouces pour la filtration des polym\u00e8res sur les grandes applications d&#039;extrusion.<\/p><p>Baptis\u00e9 HSC-80, ce nouveau produit a \u00e9t\u00e9 con\u00e7u et est actuellement fabriqu\u00e9 aux \u00c9tats-Unis au si\u00e8ge social de PSI \u00e0 Hickory, Caroline du Nord, avec des exp\u00e9ditions \u00e0 partir d&#039;avril 2004. Il a \u00e9t\u00e9 con\u00e7u pour \u00eatre utilis\u00e9 sur de plus grandes lignes de m\u00e9lange et en raison de sa grande surface de filtration, il est id\u00e9al pour une utilisation sur des extrudeuses plus petites (4 \u00bd&quot; ou 6&quot;) qui utilisent des niveaux \u00e9lev\u00e9s de mat\u00e9riaux recycl\u00e9s.\u00a0<\/p><p><u>Con\u00e7u par Bart Jones, &quot;The Screen Changer Man&quot;<\/u><\/p><p>Les v\u00e9t\u00e9rans de l&#039;industrie n&#039;ont pas besoin d&#039;\u00eatre pr\u00e9sent\u00e9s au concepteur de ce nouveau syst\u00e8me. Bart Jones est impliqu\u00e9 dans la vente, le marketing et la conception de changeurs d&#039;\u00e9cran innovants depuis le d\u00e9but des ann\u00e9es 1980. Il a commenc\u00e9 avec Beringer, puis a \u00e9t\u00e9 le fondateur et pr\u00e9sident d&#039;Extek, Inc. \u00e0 Marblehead, Mass., qui a finalement \u00e9t\u00e9 acquis par Dynisco, Inc. Lorsque Glenn Woodcock, un autre v\u00e9t\u00e9ran de l&#039;industrie et ami de Jones a d\u00e9cid\u00e9 de d\u00e9marrer PSI-Polymer Systems , il a d\u00e9cid\u00e9 de faire appel \u00e0 Jones avec le titre - nous n&#039;inventons pas cela - &quot;The Screen Changer Man&quot;.<\/p><p>&quot;Consultant&quot; semble plut\u00f4t ennuyeux&quot;, a d\u00e9clar\u00e9 Jones. &quot;De plus, les changeurs d&#039;\u00e9cran sont mon expertise et ce \u00e0 quoi je suis associ\u00e9 dans l&#039;industrie des plastiques, alors quand Glenn m&#039;a propos\u00e9 un poste dans son entreprise, nous avons d\u00e9cid\u00e9 de nous amuser et de garder mon titre simple et concis.&quot;\u00a0<\/p><p>Selon Woodcock, lui et Jones se sont associ\u00e9s pour fournir \u00e0 l&#039;industrie une source alternative d&#039;\u00e9quipement auxiliaire d&#039;extrusion de haute qualit\u00e9, bas\u00e9e aux \u00c9tats-Unis et offrant aux clients le b\u00e9n\u00e9fice d&#039;ann\u00e9es d&#039;exp\u00e9rience. Avant de fonder PSI, Woodcock a travaill\u00e9 pendant des ann\u00e9es pour Zenith, un fournisseur de pompes \u00e0 engrenages, et Dynisco.\u00a0<\/p><p>&quot;Je voulais construire des syst\u00e8mes qui combinent les meilleures propri\u00e9t\u00e9s de notre base de connaissances&quot;, a-t-il d\u00e9clar\u00e9. \u00ab Bart et moi avons chacun de nombreuses ann\u00e9es d&#039;exp\u00e9rience dans la conception, la construction, la vente et l&#039;entretien d&#039;\u00e9quipements d&#039;extrusion, y compris des changeurs de tamis et des pompes \u00e0 engrenages. Nous savons ce qui fonctionne et ce qui ne fonctionne pas, et nous sommes ravis d&#039;offrir \u00e0 l&#039;industrie de nouveaux syst\u00e8mes qui, selon nous, offrent la meilleure valeur.<\/p><p><u>Caract\u00e9ristiques et avantages du HSC-80<\/u><\/p><p>Avec le nouveau HSC-80, PSI propose d\u00e9sormais une version \u00e0 plus grande \u00e9chelle des quatre plus petits mod\u00e8les de changeurs de tamis hydrauliques de la soci\u00e9t\u00e9. Une diff\u00e9rence est qu&#039;en raison de sa taille, le HSC-80 n&#039;est pas une conception \u00abboulonn\u00e9e\u00bb; il se fixera directement \u00e0 une bride sur l&#039;extrudeuse, avec des boulons traversant la bride. Les caract\u00e9ristiques comprennent le joint conique segment\u00e9 brevet\u00e9 de PSI, qui, selon Jones, \u00ab a produit des r\u00e9sultats impeccables depuis son introduction \u00e0 l&#039;\u00e9t\u00e9 2003 \u00bb. Ces joints activ\u00e9s par la pression fonctionnent sans fuite jusqu&#039;\u00e0 10 000 psi et sont con\u00e7us pour \u00e9liminer les zones d&#039;accrochage de mat\u00e9riau, \u00e9liminant ainsi la d\u00e9gradation et l&#039;accumulation de gel caus\u00e9es par d&#039;autres changeurs de tamis \u00e0 plaques coulissantes. \u00c9tant donn\u00e9 que l&#039;assemblage du joint est compos\u00e9 de toutes les pi\u00e8ces en acier (pas de t\u00e9flon), PSI est confiant d&#039;offrir une garantie \u00e0 vie sur toutes les pi\u00e8ces du joint \u00e0 des temp\u00e9ratures de traitement comprises entre 70 \u00b0F et 700 \u00b0F.<\/p><p>De plus, comme tous les changeurs de tamis hydrauliques PSI, le HSC-80 est \u00e9quip\u00e9 de plaques chauffantes contr\u00f4l\u00e9es par PLC qui ne n\u00e9cessitent qu&#039;une seule zone de contr\u00f4le de la temp\u00e9rature, par opposition aux trois zones g\u00e9n\u00e9ralement requises sur les conceptions des concurrents. De plus, le syst\u00e8me est con\u00e7u pour la s\u00e9curit\u00e9 ; les protections de l&#039;op\u00e9rateur sont robustes, bien ajust\u00e9es et inviolables, et prot\u00e8gent les op\u00e9rateurs contre les risques de br\u00fblures caus\u00e9es par la pulv\u00e9risation de polym\u00e8re ou les blessures m\u00e9caniques.<\/p><p>Les applications typiques du nouveau changeur de tamis HSC-80 comprennent les feuilles, les films souffl\u00e9s et les films coul\u00e9s, le compoundage, la granulation sous-marine et la granulation de brins, le rev\u00eatement par extrusion, les tuyaux et profil\u00e9s, les fils et c\u00e2bles, etc.\u00a0<\/p>\t\t\t\t\t\t\t\t<\/div>\n\t\t\t\t<\/div>\n\t\t\t\t\t<\/div>\n\t\t<\/div>\n\t\t\t\t<div class=\"elementor-column elementor-col-50 elementor-top-column elementor-element elementor-element-5db6567c\" data-id=\"5db6567c\" data-element_type=\"column\" data-e-type=\"column\">\n\t\t\t<div class=\"elementor-widget-wrap\">\n\t\t\t\t\t\t\t<\/div>\n\t\t<\/div>\n\t\t\t\t\t<\/div>\n\t\t<\/section>\n\t\t\t\t<\/div>","protected":false},"excerpt":{"rendered":"<p>PSI-Polymer Systems, Inc. pr\u00e9sente un nouveau changeur de tamis hydraulique de 8 pouces Hickory, Caroline du Nord (5 f\u00e9vrier 2004) PSI-Polymer Systems Inc. a lanc\u00e9 un nouveau produit, un changeur de tamis hydraulique de 8 pouces pour la filtration des polym\u00e8res sur de grandes applications d&#039;extrusion. Baptis\u00e9 HSC-80, ce nouveau produit a \u00e9t\u00e9 con\u00e7u et est actuellement fabriqu\u00e9 aux \u00c9tats-Unis au si\u00e8ge de PSI \u00e0 [\u2026]<\/p>","protected":false},"author":2,"featured_media":0,"parent":5833,"menu_order":0,"comment_status":"closed","ping_status":"closed","template":"","meta":{"_monsterinsights_skip_tracking":false,"_monsterinsights_sitenote_active":false,"_monsterinsights_sitenote_note":"","_monsterinsights_sitenote_category":0,"footnotes":""},"class_list":["post-6072","page","type-page","status-publish","hentry"],"yoast_head":"<!-- This site is optimized with the Yoast SEO Premium plugin v25.0 (Yoast SEO v25.0) - https:\/\/yoast.com\/wordpress\/plugins\/seo\/ -->\n<title>PSI-Polymer Systems Inc. Introduces New 8-Inch Hydraulic Screen Changer Hickory, NC (February 5, 2004) - PSI-Polymer Systems<\/title>\n<meta name=\"robots\" content=\"index, follow, max-snippet:-1, max-image-preview:large, max-video-preview:-1\" \/>\n<link rel=\"canonical\" href=\"https:\/\/www.psi-polymersystems.com\/fr\/about-us\/press-releases\/psi-polymer-systems-inc-introduces-new-8-inch-hydraulic-screen-changer-hickory-nc-february-5-2004\/\" \/>\n<meta property=\"og:locale\" content=\"fr_FR\" \/>\n<meta property=\"og:type\" content=\"article\" \/>\n<meta property=\"og:title\" content=\"PSI-Polymer Systems Inc. Introduces New 8-Inch Hydraulic Screen Changer Hickory, NC (February 5, 2004)\" \/>\n<meta property=\"og:description\" content=\"PSI-Polymer Systems, Inc. Introduces New 8-inch Hydraulic Screen Changer Hickory, NC (February 5, 2004) PSI-Polymer Systems Inc. has introduced a new\" \/>\n<meta property=\"og:url\" content=\"https:\/\/www.psi-polymersystems.com\/fr\/about-us\/press-releases\/psi-polymer-systems-inc-introduces-new-8-inch-hydraulic-screen-changer-hickory-nc-february-5-2004\/\" \/>\n<meta property=\"og:site_name\" content=\"PSI-Polymer Systems\" \/>\n<meta property=\"article:publisher\" content=\"https:\/\/www.facebook.com\/psipolymersystems\/\" \/>\n<meta property=\"article:modified_time\" content=\"2020-09-23T18:15:04+00:00\" \/>\n<meta name=\"twitter:card\" content=\"summary_large_image\" \/>\n<meta name=\"twitter:label1\" content=\"Dur\u00e9e de lecture estim\u00e9e\" \/>\n\t<meta name=\"twitter:data1\" content=\"3 minutes\" \/>\n<script type=\"application\/ld+json\" class=\"yoast-schema-graph\">{\"@context\":\"https:\/\/schema.org\",\"@graph\":[{\"@type\":\"WebPage\",\"@id\":\"https:\/\/www.psi-polymersystems.com\/about-us\/press-releases\/psi-polymer-systems-inc-introduces-new-8-inch-hydraulic-screen-changer-hickory-nc-february-5-2004\/\",\"url\":\"https:\/\/www.psi-polymersystems.com\/about-us\/press-releases\/psi-polymer-systems-inc-introduces-new-8-inch-hydraulic-screen-changer-hickory-nc-february-5-2004\/\",\"name\":\"PSI-Polymer Systems Inc. Introduces New 8-Inch Hydraulic Screen Changer Hickory, NC (February 5, 2004) - PSI-Polymer Systems\",\"isPartOf\":{\"@id\":\"https:\/\/www.psi-polymersystems.com\/#website\"},\"datePublished\":\"2020-09-23T17:26:35+00:00\",\"dateModified\":\"2020-09-23T18:15:04+00:00\",\"breadcrumb\":{\"@id\":\"https:\/\/www.psi-polymersystems.com\/about-us\/press-releases\/psi-polymer-systems-inc-introduces-new-8-inch-hydraulic-screen-changer-hickory-nc-february-5-2004\/#breadcrumb\"},\"inLanguage\":\"fr-FR\",\"potentialAction\":[{\"@type\":\"ReadAction\",\"target\":[\"https:\/\/www.psi-polymersystems.com\/about-us\/press-releases\/psi-polymer-systems-inc-introduces-new-8-inch-hydraulic-screen-changer-hickory-nc-february-5-2004\/\"]}]},{\"@type\":\"BreadcrumbList\",\"@id\":\"https:\/\/www.psi-polymersystems.com\/about-us\/press-releases\/psi-polymer-systems-inc-introduces-new-8-inch-hydraulic-screen-changer-hickory-nc-february-5-2004\/#breadcrumb\",\"itemListElement\":[{\"@type\":\"ListItem\",\"position\":1,\"name\":\"Home\",\"item\":\"https:\/\/www.psi-polymersystems.com\/\"},{\"@type\":\"ListItem\",\"position\":2,\"name\":\"About Us\",\"item\":\"https:\/\/www.psi-polymersystems.com\/about-us\/\"},{\"@type\":\"ListItem\",\"position\":3,\"name\":\"Press Releases\",\"item\":\"https:\/\/www.psi-polymersystems.com\/about-us\/press-releases\/\"},{\"@type\":\"ListItem\",\"position\":4,\"name\":\"PSI-Polymer Systems Inc. Introduces New 8-Inch Hydraulic Screen Changer Hickory, NC (February 5, 2004)\"}]},{\"@type\":\"WebSite\",\"@id\":\"https:\/\/www.psi-polymersystems.com\/#website\",\"url\":\"https:\/\/www.psi-polymersystems.com\/\",\"name\":\"PSI-Polymer Systems\",\"description\":\"\",\"publisher\":{\"@id\":\"https:\/\/www.psi-polymersystems.com\/#organization\"},\"potentialAction\":[{\"@type\":\"SearchAction\",\"target\":{\"@type\":\"EntryPoint\",\"urlTemplate\":\"https:\/\/www.psi-polymersystems.com\/?s={search_term_string}\"},\"query-input\":{\"@type\":\"PropertyValueSpecification\",\"valueRequired\":true,\"valueName\":\"search_term_string\"}}],\"inLanguage\":\"fr-FR\"},{\"@type\":\"Organization\",\"@id\":\"https:\/\/www.psi-polymersystems.com\/#organization\",\"name\":\"PSI-Polymer Systems, Inc.\",\"url\":\"https:\/\/www.psi-polymersystems.com\/\",\"logo\":{\"@type\":\"ImageObject\",\"inLanguage\":\"fr-FR\",\"@id\":\"https:\/\/www.psi-polymersystems.com\/#\/schema\/logo\/image\/\",\"url\":\"\",\"contentUrl\":\"\",\"caption\":\"PSI-Polymer Systems, Inc.\"},\"image\":{\"@id\":\"https:\/\/www.psi-polymersystems.com\/#\/schema\/logo\/image\/\"},\"sameAs\":[\"https:\/\/www.facebook.com\/psipolymersystems\/\",\"https:\/\/www.linkedin.com\/showcase\/psi-polymer-systems\"]}]}<\/script>\n<!-- \/ Yoast SEO Premium plugin. -->","yoast_head_json":{"title":"PSI-Polymer Systems Inc. Introduces New 8-Inch Hydraulic Screen Changer Hickory, NC (February 5, 2004) - PSI-Polymer Systems","robots":{"index":"index","follow":"follow","max-snippet":"max-snippet:-1","max-image-preview":"max-image-preview:large","max-video-preview":"max-video-preview:-1"},"canonical":"https:\/\/www.psi-polymersystems.com\/fr\/about-us\/press-releases\/psi-polymer-systems-inc-introduces-new-8-inch-hydraulic-screen-changer-hickory-nc-february-5-2004\/","og_locale":"fr_FR","og_type":"article","og_title":"PSI-Polymer Systems Inc. Introduces New 8-Inch Hydraulic Screen Changer Hickory, NC (February 5, 2004)","og_description":"PSI-Polymer Systems, Inc. Introduces New 8-inch Hydraulic Screen Changer Hickory, NC (February 5, 2004) PSI-Polymer Systems Inc. has introduced a new","og_url":"https:\/\/www.psi-polymersystems.com\/fr\/about-us\/press-releases\/psi-polymer-systems-inc-introduces-new-8-inch-hydraulic-screen-changer-hickory-nc-february-5-2004\/","og_site_name":"PSI-Polymer Systems","article_publisher":"https:\/\/www.facebook.com\/psipolymersystems\/","article_modified_time":"2020-09-23T18:15:04+00:00","twitter_card":"summary_large_image","twitter_misc":{"Dur\u00e9e de lecture estim\u00e9e":"3 minutes"},"schema":{"@context":"https:\/\/schema.org","@graph":[{"@type":"WebPage","@id":"https:\/\/www.psi-polymersystems.com\/about-us\/press-releases\/psi-polymer-systems-inc-introduces-new-8-inch-hydraulic-screen-changer-hickory-nc-february-5-2004\/","url":"https:\/\/www.psi-polymersystems.com\/about-us\/press-releases\/psi-polymer-systems-inc-introduces-new-8-inch-hydraulic-screen-changer-hickory-nc-february-5-2004\/","name":"PSI-Polymer Systems Inc. Introduces New 8-Inch Hydraulic Screen Changer Hickory, NC (February 5, 2004) - PSI-Polymer Systems","isPartOf":{"@id":"https:\/\/www.psi-polymersystems.com\/#website"},"datePublished":"2020-09-23T17:26:35+00:00","dateModified":"2020-09-23T18:15:04+00:00","breadcrumb":{"@id":"https:\/\/www.psi-polymersystems.com\/about-us\/press-releases\/psi-polymer-systems-inc-introduces-new-8-inch-hydraulic-screen-changer-hickory-nc-february-5-2004\/#breadcrumb"},"inLanguage":"fr-FR","potentialAction":[{"@type":"ReadAction","target":["https:\/\/www.psi-polymersystems.com\/about-us\/press-releases\/psi-polymer-systems-inc-introduces-new-8-inch-hydraulic-screen-changer-hickory-nc-february-5-2004\/"]}]},{"@type":"BreadcrumbList","@id":"https:\/\/www.psi-polymersystems.com\/about-us\/press-releases\/psi-polymer-systems-inc-introduces-new-8-inch-hydraulic-screen-changer-hickory-nc-february-5-2004\/#breadcrumb","itemListElement":[{"@type":"ListItem","position":1,"name":"Home","item":"https:\/\/www.psi-polymersystems.com\/"},{"@type":"ListItem","position":2,"name":"About Us","item":"https:\/\/www.psi-polymersystems.com\/about-us\/"},{"@type":"ListItem","position":3,"name":"Press Releases","item":"https:\/\/www.psi-polymersystems.com\/about-us\/press-releases\/"},{"@type":"ListItem","position":4,"name":"PSI-Polymer Systems Inc. Introduces New 8-Inch Hydraulic Screen Changer Hickory, NC (February 5, 2004)"}]},{"@type":"WebSite","@id":"https:\/\/www.psi-polymersystems.com\/#website","url":"https:\/\/www.psi-polymersystems.com\/","name":"PSI-Polymer Systems","description":"","publisher":{"@id":"https:\/\/www.psi-polymersystems.com\/#organization"},"potentialAction":[{"@type":"SearchAction","target":{"@type":"EntryPoint","urlTemplate":"https:\/\/www.psi-polymersystems.com\/?s={search_term_string}"},"query-input":{"@type":"PropertyValueSpecification","valueRequired":true,"valueName":"search_term_string"}}],"inLanguage":"fr-FR"},{"@type":"Organization","@id":"https:\/\/www.psi-polymersystems.com\/#organization","name":"PSI-Polymer Systems, Inc.","url":"https:\/\/www.psi-polymersystems.com\/","logo":{"@type":"ImageObject","inLanguage":"fr-FR","@id":"https:\/\/www.psi-polymersystems.com\/#\/schema\/logo\/image\/","url":"","contentUrl":"","caption":"PSI-Polymer Systems, Inc."},"image":{"@id":"https:\/\/www.psi-polymersystems.com\/#\/schema\/logo\/image\/"},"sameAs":["https:\/\/www.facebook.com\/psipolymersystems\/","https:\/\/www.linkedin.com\/showcase\/psi-polymer-systems"]}]}},"_links":{"self":[{"href":"https:\/\/www.psi-polymersystems.com\/fr\/wp-json\/wp\/v2\/pages\/6072","targetHints":{"allow":["GET"]}}],"collection":[{"href":"https:\/\/www.psi-polymersystems.com\/fr\/wp-json\/wp\/v2\/pages"}],"about":[{"href":"https:\/\/www.psi-polymersystems.com\/fr\/wp-json\/wp\/v2\/types\/page"}],"author":[{"embeddable":true,"href":"https:\/\/www.psi-polymersystems.com\/fr\/wp-json\/wp\/v2\/users\/2"}],"replies":[{"embeddable":true,"href":"https:\/\/www.psi-polymersystems.com\/fr\/wp-json\/wp\/v2\/comments?post=6072"}],"version-history":[{"count":0,"href":"https:\/\/www.psi-polymersystems.com\/fr\/wp-json\/wp\/v2\/pages\/6072\/revisions"}],"up":[{"embeddable":true,"href":"https:\/\/www.psi-polymersystems.com\/fr\/wp-json\/wp\/v2\/pages\/5833"}],"wp:attachment":[{"href":"https:\/\/www.psi-polymersystems.com\/fr\/wp-json\/wp\/v2\/media?parent=6072"}],"curies":[{"name":"wp","href":"https:\/\/api.w.org\/{rel}","templated":true}]}}