{"id":6076,"date":"2020-09-23T17:34:33","date_gmt":"2020-09-23T17:34:33","guid":{"rendered":"https:\/\/psi-polymersystems.com\/?page_id=6076"},"modified":"2020-09-23T17:37:07","modified_gmt":"2020-09-23T17:37:07","slug":"psi-polymer-systems-names-new-general-manager-conover-nc-november-20-2012","status":"publish","type":"page","link":"https:\/\/www.psi-polymersystems.com\/fr\/about-us\/press-releases\/psi-polymer-systems-names-new-general-manager-conover-nc-november-20-2012\/","title":{"rendered":"PSI-Polymer Systems nomme un nouveau directeur g\u00e9n\u00e9ral Conover, NC (20 novembre 2012)"},"content":{"rendered":"<div data-elementor-type=\"wp-page\" data-elementor-id=\"6076\" class=\"elementor elementor-6076\" data-elementor-post-type=\"page\">\n\t\t\t\t\t\t<section class=\"elementor-section elementor-top-section elementor-element elementor-element-77e2cb38 elementor-section-boxed elementor-section-height-default elementor-section-height-default\" data-id=\"77e2cb38\" data-element_type=\"section\" data-e-type=\"section\">\n\t\t\t\t\t\t<div class=\"elementor-container elementor-column-gap-default\">\n\t\t\t\t\t<div class=\"elementor-column elementor-col-50 elementor-top-column elementor-element elementor-element-4f79fa18\" data-id=\"4f79fa18\" data-element_type=\"column\" data-e-type=\"column\">\n\t\t\t<div class=\"elementor-widget-wrap elementor-element-populated\">\n\t\t\t\t\t\t<div class=\"elementor-element elementor-element-3a7a43ff elementor-widget elementor-widget-heading\" data-id=\"3a7a43ff\" data-element_type=\"widget\" data-e-type=\"widget\" data-widget_type=\"heading.default\">\n\t\t\t\t<div class=\"elementor-widget-container\">\n\t\t\t\t\t<h2 class=\"elementor-heading-title elementor-size-default\">PSI-Polymer Systems, Inc. nomme un nouveau directeur g\u00e9n\u00e9ral Conover, NC (20 novembre 2012)<\/h2>\t\t\t\t<\/div>\n\t\t\t\t<\/div>\n\t\t\t\t<div class=\"elementor-element elementor-element-796d2cd2 elementor-widget elementor-widget-text-editor\" data-id=\"796d2cd2\" data-element_type=\"widget\" data-e-type=\"widget\" data-widget_type=\"text-editor.default\">\n\t\t\t\t<div class=\"elementor-widget-container\">\n\t\t\t\t\t\t\t\t\t<p>PSI-Polymer Systems est heureux d&#039;annoncer qu&#039;il a nomm\u00e9 Don Macnamara comme nouveau directeur g\u00e9n\u00e9ral. Macnamara, un v\u00e9t\u00e9ran de l&#039;industrie depuis 27 ans, rel\u00e8vera du propri\u00e9taire de PSI, Glenn Woodcock, et coordonnera le d\u00e9veloppement strat\u00e9gique et supervisera toutes les op\u00e9rations commerciales quotidiennes.\u00a0\u00a0<\/p><p>PSI-Polymer Systems est l&#039;un des principaux fabricants d&#039;\u00e9quipements de traitement de fusion par extrusion construits aux \u00c9tats-Unis. Macnamara apporte \u00e0 PSI une vaste exp\u00e9rience de l&#039;industrie, \u00e0 la fois dans le secteur de l&#039;extrusion et dans la manutention de mat\u00e9riaux secs. Il a r\u00e9cemment travaill\u00e9 au cours des dix derni\u00e8res ann\u00e9es chez Conair, le leader mondial de l&#039;\u00e9quipement auxiliaire \u00ab sec \u00bb. L\u00e0-bas, il a d\u00e9velopp\u00e9 et mis en \u0153uvre des initiatives commerciales strat\u00e9giques, y compris le groupe Film &amp; Sheet de Conair, o\u00f9 il a r\u00e9cemment occup\u00e9 le poste de directeur g\u00e9n\u00e9ral et de directeur national des ventes. Avant cela, il \u00e9tait directeur des ventes pour Merritt-Davis, qui fait maintenant partie de Davis Standard.\u00a0<\/p><p>Pendant les 15 premi\u00e8res ann\u00e9es de sa carri\u00e8re, il a \u00e9t\u00e9 directeur mondial des ventes et du marketing pour Beringer o\u00f9 il a travaill\u00e9 avec Bart Jones, fondateur d&#039;Extek et l&#039;un des collaborateurs fondateurs de PSI-Polymer Systems. Chez Beringer, Macnamara a guid\u00e9 la direction de la gamme de produits, a \u00e9tabli Beringer Europe et a d\u00e9velopp\u00e9 la base asiatique de l&#039;entreprise.\u00a0<br \/><br \/>&quot;C&#039;est vraiment une p\u00e9riode passionnante pour les petites entreprises de notre industrie&quot;, a d\u00e9clar\u00e9 Macnamara. \u00ab PSI-Polymer Systems d\u00e9montre les meilleures qualit\u00e9s d&#039;une nouvelle classe entrepreneuriale. Le sens de l&#039;urgence, la r\u00e9activit\u00e9 et l&#039;ouverture de l&#039;entreprise aux nouvelles id\u00e9es et au changement impr\u00e8gnent sa culture \u00e0 tous les niveaux. C&#039;est passionnant et un privil\u00e8ge de rejoindre PSI-Polymer Systems \u00e0 ce moment de sa croissance, en particulier avec l&#039;accueil positif du march\u00e9 et l&#039;adoption des produits et du personnel de l&#039;entreprise.<\/p><p>&quot;Don a de nombreuses ann\u00e9es d&#039;exp\u00e9rience dans notre industrie et une solide connaissance de notre client\u00e8le et de nos besoins&quot;, a d\u00e9clar\u00e9 Glenn Woodcock, pr\u00e9sident de PSI-Polymer Systems. &quot;Nous sommes convaincus qu&#039;il sera un atout consid\u00e9rable pour PSI et qu&#039;il contribuera de mani\u00e8re significative \u00e0 notre croissance continue.&quot;<\/p>\t\t\t\t\t\t\t\t<\/div>\n\t\t\t\t<\/div>\n\t\t\t\t\t<\/div>\n\t\t<\/div>\n\t\t\t\t<div class=\"elementor-column elementor-col-50 elementor-top-column elementor-element elementor-element-2584288e\" data-id=\"2584288e\" data-element_type=\"column\" data-e-type=\"column\">\n\t\t\t<div class=\"elementor-widget-wrap\">\n\t\t\t\t\t\t\t<\/div>\n\t\t<\/div>\n\t\t\t\t\t<\/div>\n\t\t<\/section>\n\t\t\t\t<\/div>","protected":false},"excerpt":{"rendered":"<p>PSI-Polymer Systems, Inc. nomme un nouveau directeur g\u00e9n\u00e9ral Conover, NC (20 novembre 2012) PSI-Polymer Systems est heureux d&#039;annoncer qu&#039;il a nomm\u00e9 Don Macnamara comme nouveau directeur g\u00e9n\u00e9ral. Macnamara, un v\u00e9t\u00e9ran de l&#039;industrie depuis 27 ans, rel\u00e8vera du propri\u00e9taire de PSI, Glenn Woodcock, et coordonnera le d\u00e9veloppement strat\u00e9gique et supervisera toutes les op\u00e9rations commerciales quotidiennes. PSI-Polymer Systems est un leader [\u2026]<\/p>","protected":false},"author":2,"featured_media":0,"parent":5833,"menu_order":0,"comment_status":"closed","ping_status":"closed","template":"","meta":{"_monsterinsights_skip_tracking":false,"_monsterinsights_sitenote_active":false,"_monsterinsights_sitenote_note":"","_monsterinsights_sitenote_category":0,"footnotes":""},"class_list":["post-6076","page","type-page","status-publish","hentry"],"yoast_head":"<!-- This site is optimized with the Yoast SEO Premium plugin v25.0 (Yoast SEO v25.0) - https:\/\/yoast.com\/wordpress\/plugins\/seo\/ -->\n<title>PSI-Polymer Systems names new General Manager Conover, NC (November 20, 2012) - PSI-Polymer Systems<\/title>\n<meta name=\"robots\" content=\"index, follow, max-snippet:-1, max-image-preview:large, max-video-preview:-1\" \/>\n<link rel=\"canonical\" href=\"https:\/\/www.psi-polymersystems.com\/fr\/about-us\/press-releases\/psi-polymer-systems-names-new-general-manager-conover-nc-november-20-2012\/\" \/>\n<meta property=\"og:locale\" content=\"fr_FR\" \/>\n<meta property=\"og:type\" content=\"article\" \/>\n<meta property=\"og:title\" content=\"PSI-Polymer Systems names new General Manager Conover, NC (November 20, 2012)\" \/>\n<meta property=\"og:description\" content=\"PSI-Polymer Systems, Inc. Names New General Manager Conover, NC (November 20, 2012) PSI-Polymer Systems is pleased to announce it has named Don Macnamara\" \/>\n<meta property=\"og:url\" content=\"https:\/\/www.psi-polymersystems.com\/fr\/about-us\/press-releases\/psi-polymer-systems-names-new-general-manager-conover-nc-november-20-2012\/\" \/>\n<meta property=\"og:site_name\" content=\"PSI-Polymer Systems\" \/>\n<meta property=\"article:publisher\" content=\"https:\/\/www.facebook.com\/psipolymersystems\/\" \/>\n<meta property=\"article:modified_time\" content=\"2020-09-23T17:37:07+00:00\" \/>\n<meta name=\"twitter:card\" content=\"summary_large_image\" \/>\n<meta name=\"twitter:label1\" content=\"Dur\u00e9e de lecture estim\u00e9e\" \/>\n\t<meta name=\"twitter:data1\" content=\"2 minutes\" \/>\n<script type=\"application\/ld+json\" class=\"yoast-schema-graph\">{\"@context\":\"https:\/\/schema.org\",\"@graph\":[{\"@type\":\"WebPage\",\"@id\":\"https:\/\/www.psi-polymersystems.com\/es\/about-us\/press-releases\/psi-polymer-systems-names-new-general-manager-conover-nc-november-20-2012\/\",\"url\":\"https:\/\/www.psi-polymersystems.com\/es\/about-us\/press-releases\/psi-polymer-systems-names-new-general-manager-conover-nc-november-20-2012\/\",\"name\":\"PSI-Polymer Systems names new General Manager Conover, NC (November 20, 2012) - PSI-Polymer Systems\",\"isPartOf\":{\"@id\":\"https:\/\/www.psi-polymersystems.com\/#website\"},\"datePublished\":\"2020-09-23T17:34:33+00:00\",\"dateModified\":\"2020-09-23T17:37:07+00:00\",\"breadcrumb\":{\"@id\":\"https:\/\/www.psi-polymersystems.com\/es\/about-us\/press-releases\/psi-polymer-systems-names-new-general-manager-conover-nc-november-20-2012\/#breadcrumb\"},\"inLanguage\":\"fr-FR\",\"potentialAction\":[{\"@type\":\"ReadAction\",\"target\":[\"https:\/\/www.psi-polymersystems.com\/es\/about-us\/press-releases\/psi-polymer-systems-names-new-general-manager-conover-nc-november-20-2012\/\"]}]},{\"@type\":\"BreadcrumbList\",\"@id\":\"https:\/\/www.psi-polymersystems.com\/es\/about-us\/press-releases\/psi-polymer-systems-names-new-general-manager-conover-nc-november-20-2012\/#breadcrumb\",\"itemListElement\":[{\"@type\":\"ListItem\",\"position\":1,\"name\":\"Home\",\"item\":\"https:\/\/www.psi-polymersystems.com\/\"},{\"@type\":\"ListItem\",\"position\":2,\"name\":\"About Us\",\"item\":\"https:\/\/www.psi-polymersystems.com\/about-us\/\"},{\"@type\":\"ListItem\",\"position\":3,\"name\":\"Press Releases\",\"item\":\"https:\/\/www.psi-polymersystems.com\/about-us\/press-releases\/\"},{\"@type\":\"ListItem\",\"position\":4,\"name\":\"PSI-Polymer Systems names new General Manager Conover, NC (November 20, 2012)\"}]},{\"@type\":\"WebSite\",\"@id\":\"https:\/\/www.psi-polymersystems.com\/#website\",\"url\":\"https:\/\/www.psi-polymersystems.com\/\",\"name\":\"PSI-Polymer Systems\",\"description\":\"\",\"publisher\":{\"@id\":\"https:\/\/www.psi-polymersystems.com\/#organization\"},\"potentialAction\":[{\"@type\":\"SearchAction\",\"target\":{\"@type\":\"EntryPoint\",\"urlTemplate\":\"https:\/\/www.psi-polymersystems.com\/?s={search_term_string}\"},\"query-input\":{\"@type\":\"PropertyValueSpecification\",\"valueRequired\":true,\"valueName\":\"search_term_string\"}}],\"inLanguage\":\"fr-FR\"},{\"@type\":\"Organization\",\"@id\":\"https:\/\/www.psi-polymersystems.com\/#organization\",\"name\":\"PSI-Polymer Systems, Inc.\",\"url\":\"https:\/\/www.psi-polymersystems.com\/\",\"logo\":{\"@type\":\"ImageObject\",\"inLanguage\":\"fr-FR\",\"@id\":\"https:\/\/www.psi-polymersystems.com\/#\/schema\/logo\/image\/\",\"url\":\"\",\"contentUrl\":\"\",\"caption\":\"PSI-Polymer Systems, Inc.\"},\"image\":{\"@id\":\"https:\/\/www.psi-polymersystems.com\/#\/schema\/logo\/image\/\"},\"sameAs\":[\"https:\/\/www.facebook.com\/psipolymersystems\/\",\"https:\/\/www.linkedin.com\/showcase\/psi-polymer-systems\"]}]}<\/script>\n<!-- \/ Yoast SEO Premium plugin. -->","yoast_head_json":{"title":"PSI-Polymer Systems names new General Manager Conover, NC (November 20, 2012) - PSI-Polymer Systems","robots":{"index":"index","follow":"follow","max-snippet":"max-snippet:-1","max-image-preview":"max-image-preview:large","max-video-preview":"max-video-preview:-1"},"canonical":"https:\/\/www.psi-polymersystems.com\/fr\/about-us\/press-releases\/psi-polymer-systems-names-new-general-manager-conover-nc-november-20-2012\/","og_locale":"fr_FR","og_type":"article","og_title":"PSI-Polymer Systems names new General Manager Conover, NC (November 20, 2012)","og_description":"PSI-Polymer Systems, Inc. Names New General Manager Conover, NC (November 20, 2012) PSI-Polymer Systems is pleased to announce it has named Don Macnamara","og_url":"https:\/\/www.psi-polymersystems.com\/fr\/about-us\/press-releases\/psi-polymer-systems-names-new-general-manager-conover-nc-november-20-2012\/","og_site_name":"PSI-Polymer Systems","article_publisher":"https:\/\/www.facebook.com\/psipolymersystems\/","article_modified_time":"2020-09-23T17:37:07+00:00","twitter_card":"summary_large_image","twitter_misc":{"Dur\u00e9e de lecture estim\u00e9e":"2 minutes"},"schema":{"@context":"https:\/\/schema.org","@graph":[{"@type":"WebPage","@id":"https:\/\/www.psi-polymersystems.com\/es\/about-us\/press-releases\/psi-polymer-systems-names-new-general-manager-conover-nc-november-20-2012\/","url":"https:\/\/www.psi-polymersystems.com\/es\/about-us\/press-releases\/psi-polymer-systems-names-new-general-manager-conover-nc-november-20-2012\/","name":"PSI-Polymer Systems names new General Manager Conover, NC (November 20, 2012) - PSI-Polymer Systems","isPartOf":{"@id":"https:\/\/www.psi-polymersystems.com\/#website"},"datePublished":"2020-09-23T17:34:33+00:00","dateModified":"2020-09-23T17:37:07+00:00","breadcrumb":{"@id":"https:\/\/www.psi-polymersystems.com\/es\/about-us\/press-releases\/psi-polymer-systems-names-new-general-manager-conover-nc-november-20-2012\/#breadcrumb"},"inLanguage":"fr-FR","potentialAction":[{"@type":"ReadAction","target":["https:\/\/www.psi-polymersystems.com\/es\/about-us\/press-releases\/psi-polymer-systems-names-new-general-manager-conover-nc-november-20-2012\/"]}]},{"@type":"BreadcrumbList","@id":"https:\/\/www.psi-polymersystems.com\/es\/about-us\/press-releases\/psi-polymer-systems-names-new-general-manager-conover-nc-november-20-2012\/#breadcrumb","itemListElement":[{"@type":"ListItem","position":1,"name":"Home","item":"https:\/\/www.psi-polymersystems.com\/"},{"@type":"ListItem","position":2,"name":"About Us","item":"https:\/\/www.psi-polymersystems.com\/about-us\/"},{"@type":"ListItem","position":3,"name":"Press Releases","item":"https:\/\/www.psi-polymersystems.com\/about-us\/press-releases\/"},{"@type":"ListItem","position":4,"name":"PSI-Polymer Systems names new General Manager Conover, NC (November 20, 2012)"}]},{"@type":"WebSite","@id":"https:\/\/www.psi-polymersystems.com\/#website","url":"https:\/\/www.psi-polymersystems.com\/","name":"PSI-Polymer Systems","description":"","publisher":{"@id":"https:\/\/www.psi-polymersystems.com\/#organization"},"potentialAction":[{"@type":"SearchAction","target":{"@type":"EntryPoint","urlTemplate":"https:\/\/www.psi-polymersystems.com\/?s={search_term_string}"},"query-input":{"@type":"PropertyValueSpecification","valueRequired":true,"valueName":"search_term_string"}}],"inLanguage":"fr-FR"},{"@type":"Organization","@id":"https:\/\/www.psi-polymersystems.com\/#organization","name":"PSI-Polymer Systems, Inc.","url":"https:\/\/www.psi-polymersystems.com\/","logo":{"@type":"ImageObject","inLanguage":"fr-FR","@id":"https:\/\/www.psi-polymersystems.com\/#\/schema\/logo\/image\/","url":"","contentUrl":"","caption":"PSI-Polymer Systems, Inc."},"image":{"@id":"https:\/\/www.psi-polymersystems.com\/#\/schema\/logo\/image\/"},"sameAs":["https:\/\/www.facebook.com\/psipolymersystems\/","https:\/\/www.linkedin.com\/showcase\/psi-polymer-systems"]}]}},"_links":{"self":[{"href":"https:\/\/www.psi-polymersystems.com\/fr\/wp-json\/wp\/v2\/pages\/6076","targetHints":{"allow":["GET"]}}],"collection":[{"href":"https:\/\/www.psi-polymersystems.com\/fr\/wp-json\/wp\/v2\/pages"}],"about":[{"href":"https:\/\/www.psi-polymersystems.com\/fr\/wp-json\/wp\/v2\/types\/page"}],"author":[{"embeddable":true,"href":"https:\/\/www.psi-polymersystems.com\/fr\/wp-json\/wp\/v2\/users\/2"}],"replies":[{"embeddable":true,"href":"https:\/\/www.psi-polymersystems.com\/fr\/wp-json\/wp\/v2\/comments?post=6076"}],"version-history":[{"count":0,"href":"https:\/\/www.psi-polymersystems.com\/fr\/wp-json\/wp\/v2\/pages\/6076\/revisions"}],"up":[{"embeddable":true,"href":"https:\/\/www.psi-polymersystems.com\/fr\/wp-json\/wp\/v2\/pages\/5833"}],"wp:attachment":[{"href":"https:\/\/www.psi-polymersystems.com\/fr\/wp-json\/wp\/v2\/media?parent=6076"}],"curies":[{"name":"wp","href":"https:\/\/api.w.org\/{rel}","templated":true}]}}