{"id":6083,"date":"2020-09-23T17:41:07","date_gmt":"2020-09-23T17:41:07","guid":{"rendered":"https:\/\/psi-polymersystems.com\/?page_id=6083"},"modified":"2020-09-23T17:43:30","modified_gmt":"2020-09-23T17:43:30","slug":"psi-polymer-systems-inc-enters-its-tenth-year-serving-the-plastics-industry-conover-nc-april-29-2010","status":"publish","type":"page","link":"https:\/\/www.psi-polymersystems.com\/fr\/about-us\/press-releases\/psi-polymer-systems-inc-enters-its-tenth-year-serving-the-plastics-industry-conover-nc-april-29-2010\/","title":{"rendered":"PSI-Polymer Systems, Inc. entre dans sa dixi\u00e8me ann\u00e9e au service de l&#039;industrie des plastiques Conover, Caroline du Nord (29 avril 2010)"},"content":{"rendered":"<div data-elementor-type=\"wp-page\" data-elementor-id=\"6083\" class=\"elementor elementor-6083\" data-elementor-post-type=\"page\">\n\t\t\t\t\t\t<section class=\"elementor-section elementor-top-section elementor-element elementor-element-7dd2f5c5 elementor-section-boxed elementor-section-height-default elementor-section-height-default\" data-id=\"7dd2f5c5\" data-element_type=\"section\" data-e-type=\"section\">\n\t\t\t\t\t\t<div class=\"elementor-container elementor-column-gap-default\">\n\t\t\t\t\t<div class=\"elementor-column elementor-col-50 elementor-top-column elementor-element elementor-element-7e0b8964\" data-id=\"7e0b8964\" data-element_type=\"column\" data-e-type=\"column\">\n\t\t\t<div class=\"elementor-widget-wrap elementor-element-populated\">\n\t\t\t\t\t\t<div class=\"elementor-element elementor-element-1ebd8ddc elementor-widget elementor-widget-heading\" data-id=\"1ebd8ddc\" data-element_type=\"widget\" data-e-type=\"widget\" data-widget_type=\"heading.default\">\n\t\t\t\t<div class=\"elementor-widget-container\">\n\t\t\t\t\t<h2 class=\"elementor-heading-title elementor-size-default\">PSI-Polymer Systems, Inc. entre dans sa dixi\u00e8me ann\u00e9e au service de l&#039;industrie des plastiques Conover, NC (29 avril 2010)<\/h2>\t\t\t\t<\/div>\n\t\t\t\t<\/div>\n\t\t\t\t<div class=\"elementor-element elementor-element-67d06ef1 elementor-widget elementor-widget-text-editor\" data-id=\"67d06ef1\" data-element_type=\"widget\" data-e-type=\"widget\" data-widget_type=\"text-editor.default\">\n\t\t\t\t<div class=\"elementor-widget-container\">\n\t\t\t\t\t\t\t\t\t<p>Licenciements et ch\u00f4mage \u00e9lev\u00e9. Entreprises en faillite. Une crise du cr\u00e9dit. Oui, l&#039;ann\u00e9e 2000 a \u00e9t\u00e9 une p\u00e9riode tr\u00e8s difficile pour d\u00e9marrer une entreprise.<\/p><p>Pourtant, c&#039;est exactement ce que Glenn Woodcock a fait il y a 10 ans. Le 1er f\u00e9vrier 2000, PSI-Polymer Systems Inc. a commenc\u00e9 ses activit\u00e9s \u00e0 Hickory, en Caroline du Nord. Et c&#039;\u00e9tait un \u00e9norme d\u00e9fi de g\u00e9n\u00e9rer des ventes dans une \u00e9conomie en baisse, qui, selon Woodcock, \u00e9tait tout aussi grave que la grande r\u00e9cession de 2009.<\/p><p>\u00ab Cette premi\u00e8re ann\u00e9e a \u00e9t\u00e9 difficile \u00bb, se souvient Woodcock. &quot;Les gens ont tendance \u00e0 oublier qu&#039;il y a eu de graves probl\u00e8mes \u00e9conomiques et un ralentissement des affaires en 2000, qui \u00e0 bien des \u00e9gards a \u00e9t\u00e9 plus grave que ce que nous avons connu au cours des deux derni\u00e8res ann\u00e9es.&quot;<\/p><p>Prouvant une fois de plus que de bonnes choses peuvent venir de mauvaises p\u00e9riodes, PSI a connu une croissance continue au cours des 10 derni\u00e8res ann\u00e9es. Depuis sa sortie de cette \u00e9conomie en baisse de 2000-2001, PSI a fourni \u00e0 l&#039;industrie plus de 1 000 ensembles de syst\u00e8mes\/\u00e9quipements au cours de cette p\u00e9riode et ne montre aucun signe de ralentissement.<\/p><p><span style=\"text-decoration: underline;\">&#039;Dream Team&#039; d&#039;experts en technologie d&#039;extrusion<\/span><\/p><p>Woodcock, un v\u00e9t\u00e9ran de l&#039;industrie du plastique, a lanc\u00e9 PSI en 2000 en formant une \u00ab\u00a0\u00e9quipe de r\u00eave\u00a0\u00bb compos\u00e9e d&#039;acteurs bien connus, dont les principaux associ\u00e9s commerciaux Steve Fox (pr\u00e9sident\/fondateur de Normag Corporation) et Bart Jones (pr\u00e9sident\/fondateur d&#039;Extek Corporation ).<\/p><p>&quot;Nous avons combin\u00e9 notre exp\u00e9rience dans les produits de pompe \u00e0 engrenages d&#039;extrusion et de filtration de fusion&quot;, a-t-il d\u00e9clar\u00e9. \u00ab L&#039;industrie cherchait des fournisseurs alternatifs et nous avions tous une bonne exp\u00e9rience dans le domaine des plastiques. Steve et Bart \u00e9taient respectivement consid\u00e9r\u00e9s comme des experts de l&#039;industrie des pompes \u00e0 engrenages et des changeurs de tamis. Nous avons donc fusionn\u00e9 nos expertises et nous nous sommes lanc\u00e9s.<\/p><p><span style=\"text-decoration: underline;\">Un meilleur mod\u00e8le \u00e9conomique<\/span><\/p><p>D\u00e8s le d\u00e9but, il \u00e9tait \u00e9vident que PSI n&#039;\u00e9tait pas une entreprise typique d&#039;auxiliaires pour mati\u00e8res plastiques. &quot;Steve et Bart ont eu des regards \u00e9tranges lorsqu&#039;ils ont remis leurs cartes de visite&quot;, a d\u00e9clar\u00e9 Woodcock. Au lieu des titres traditionnels tels que &quot;Vice President&quot; ou &quot;Sales Manager&quot;, les cartes de Fox and Jones indiquaient &quot;The Gear Pump Man&quot; et &quot;The Screen Changer Man&quot;. &quot;Pourquoi pas?&quot; dit Woodcock. \u00ab Tout le monde dans l&#039;industrie associe Steve aux pompes \u00e0 engrenages et Bart aux changeurs de tamis. Nous essayions juste de nous amuser.<\/p><p>Mais c&#039;\u00e9tait une affaire s\u00e9rieuse. D\u00e8s le d\u00e9part, l&#039;entreprise s&#039;est efforc\u00e9e de cr\u00e9er un mod\u00e8le commercial diff\u00e9rent de celui des autres fournisseurs d&#039;\u00e9quipements auxiliaires de l&#039;industrie des mati\u00e8res plastiques. D\u00e8s le d\u00e9but, Woodcock a estim\u00e9 qu&#039;il \u00e9tait important d&#039;offrir \u00e0 l&#039;industrie des ensembles de syst\u00e8mes complets et des \u00e9quipements qui r\u00e9pondaient aux besoins sp\u00e9cifiques de chaque client en mati\u00e8re de processus et d&#039;applications. Cette approche consultative a fait de PSI plus qu&#039;un simple fournisseur d&#039;\u00e9quipements.<\/p><p>Le succ\u00e8s de l&#039;entreprise a montr\u00e9 qu&#039;il s&#039;agissait d&#039;un mod\u00e8le d&#039;affaires dont l&#039;heure \u00e9tait venue. L&#039;approche de PSI consistant \u00e0 fournir un service de qualit\u00e9 avec une ing\u00e9nierie de valeur leur a bien servi. &quot;Chaque travail que nous entreprenons est effectu\u00e9 en comprenant d&#039;abord les besoins de nos clients&quot;, a d\u00e9clar\u00e9 Woodcock. &quot;Une fois que nous avons cette compr\u00e9hension, nous sommes en mesure de leur fournir le meilleur produit et service pour leur argent.&quot;<\/p><p><span style=\"text-decoration: underline;\">Bas\u00e9 aux \u00c9tats-Unis, au service du monde<\/span><\/p><p>L&#039;objectif initial de PSI en mati\u00e8re de ventes et de distribution \u00e9tait l&#039;Am\u00e9rique du Nord et du Sud; cependant, l&#039;entreprise s&#039;est d\u00e9velopp\u00e9e tr\u00e8s rapidement pour devenir un fournisseur mondial. Ils ont multipli\u00e9 par trois la taille de leurs installations en huit ans et ont emm\u00e9nag\u00e9 dans leurs installations actuelles de 50 000 pieds carr\u00e9s \u00e0 Conover, en Caroline du Nord, en juin 2009. Tous les produits de l&#039;entreprise sont fi\u00e8rement fabriqu\u00e9s aux \u00c9tats-Unis au si\u00e8ge social de l&#039;entreprise.<\/p><p>&quot;Alors que nous c\u00e9l\u00e9brons notre 10e ann\u00e9e d&#039;activit\u00e9, il est important que nous rendions hommage aux personnes qui nous ont aid\u00e9s \u00e0 atteindre ce point, le personnel de PSI&quot;, a d\u00e9clar\u00e9 Woodcock. &quot;Un fort d\u00e9sir de faire le travail avec pr\u00e9cision et dans les d\u00e9lais est d\u00e9montr\u00e9 sur chaque projet, par chaque employ\u00e9.&quot;<\/p>\t\t\t\t\t\t\t\t<\/div>\n\t\t\t\t<\/div>\n\t\t\t\t\t<\/div>\n\t\t<\/div>\n\t\t\t\t<div class=\"elementor-column elementor-col-50 elementor-top-column elementor-element elementor-element-5b63f18b\" data-id=\"5b63f18b\" data-element_type=\"column\" data-e-type=\"column\">\n\t\t\t<div class=\"elementor-widget-wrap\">\n\t\t\t\t\t\t\t<\/div>\n\t\t<\/div>\n\t\t\t\t\t<\/div>\n\t\t<\/section>\n\t\t\t\t<\/div>","protected":false},"excerpt":{"rendered":"<p>PSI-Polymer Systems, Inc. entre dans sa dixi\u00e8me ann\u00e9e au service de l&#039;industrie des plastiques Conover, Caroline du Nord (29 avril 2010) Licenciements et taux de ch\u00f4mage \u00e9lev\u00e9. Entreprises en faillite. Un resserrement du cr\u00e9dit. Oui, l&#039;ann\u00e9e 2000 a \u00e9t\u00e9 une p\u00e9riode tr\u00e8s difficile pour d\u00e9marrer une entreprise. Pourtant, c&#039;est exactement ce que Glenn Woodcock a fait il y a 10 ans. Le 1er f\u00e9vrier 2000 [\u2026]<\/p>","protected":false},"author":2,"featured_media":0,"parent":5833,"menu_order":0,"comment_status":"closed","ping_status":"closed","template":"","meta":{"_monsterinsights_skip_tracking":false,"_monsterinsights_sitenote_active":false,"_monsterinsights_sitenote_note":"","_monsterinsights_sitenote_category":0,"footnotes":""},"class_list":["post-6083","page","type-page","status-publish","hentry"],"yoast_head":"<!-- This site is optimized with the Yoast SEO Premium plugin v25.0 (Yoast SEO v25.0) - https:\/\/yoast.com\/wordpress\/plugins\/seo\/ -->\n<title>PSI-Polymer Systems, Inc. Enters Its Tenth Year Serving The Plastics Industry Conover, NC (April 29, 2010) - PSI-Polymer Systems<\/title>\n<meta name=\"robots\" content=\"index, follow, max-snippet:-1, max-image-preview:large, max-video-preview:-1\" \/>\n<link rel=\"canonical\" href=\"https:\/\/www.psi-polymersystems.com\/fr\/about-us\/press-releases\/psi-polymer-systems-inc-enters-its-tenth-year-serving-the-plastics-industry-conover-nc-april-29-2010\/\" \/>\n<meta property=\"og:locale\" content=\"fr_FR\" \/>\n<meta property=\"og:type\" content=\"article\" \/>\n<meta property=\"og:title\" content=\"PSI-Polymer Systems, Inc. Enters Its Tenth Year Serving The Plastics Industry Conover, NC (April 29, 2010)\" \/>\n<meta property=\"og:description\" content=\"PSI-Polymer Systems, Inc. Enters It&#039;s Tenth Year Serving The Plastics Industry Conover, NC (April 29, 2010) Layoffs and high unemployment. Companies going\" \/>\n<meta property=\"og:url\" content=\"https:\/\/www.psi-polymersystems.com\/fr\/about-us\/press-releases\/psi-polymer-systems-inc-enters-its-tenth-year-serving-the-plastics-industry-conover-nc-april-29-2010\/\" \/>\n<meta property=\"og:site_name\" content=\"PSI-Polymer Systems\" \/>\n<meta property=\"article:publisher\" content=\"https:\/\/www.facebook.com\/psipolymersystems\/\" \/>\n<meta property=\"article:modified_time\" content=\"2020-09-23T17:43:30+00:00\" \/>\n<meta name=\"twitter:card\" content=\"summary_large_image\" \/>\n<meta name=\"twitter:label1\" content=\"Dur\u00e9e de lecture estim\u00e9e\" \/>\n\t<meta name=\"twitter:data1\" content=\"3 minutes\" \/>\n<script type=\"application\/ld+json\" class=\"yoast-schema-graph\">{\"@context\":\"https:\/\/schema.org\",\"@graph\":[{\"@type\":\"WebPage\",\"@id\":\"https:\/\/www.psi-polymersystems.com\/es\/about-us\/press-releases\/psi-polymer-systems-inc-enters-its-tenth-year-serving-the-plastics-industry-conover-nc-april-29-2010\/\",\"url\":\"https:\/\/www.psi-polymersystems.com\/es\/about-us\/press-releases\/psi-polymer-systems-inc-enters-its-tenth-year-serving-the-plastics-industry-conover-nc-april-29-2010\/\",\"name\":\"PSI-Polymer Systems, Inc. Enters Its Tenth Year Serving The Plastics Industry Conover, NC (April 29, 2010) - PSI-Polymer Systems\",\"isPartOf\":{\"@id\":\"https:\/\/www.psi-polymersystems.com\/#website\"},\"datePublished\":\"2020-09-23T17:41:07+00:00\",\"dateModified\":\"2020-09-23T17:43:30+00:00\",\"breadcrumb\":{\"@id\":\"https:\/\/www.psi-polymersystems.com\/es\/about-us\/press-releases\/psi-polymer-systems-inc-enters-its-tenth-year-serving-the-plastics-industry-conover-nc-april-29-2010\/#breadcrumb\"},\"inLanguage\":\"fr-FR\",\"potentialAction\":[{\"@type\":\"ReadAction\",\"target\":[\"https:\/\/www.psi-polymersystems.com\/es\/about-us\/press-releases\/psi-polymer-systems-inc-enters-its-tenth-year-serving-the-plastics-industry-conover-nc-april-29-2010\/\"]}]},{\"@type\":\"BreadcrumbList\",\"@id\":\"https:\/\/www.psi-polymersystems.com\/es\/about-us\/press-releases\/psi-polymer-systems-inc-enters-its-tenth-year-serving-the-plastics-industry-conover-nc-april-29-2010\/#breadcrumb\",\"itemListElement\":[{\"@type\":\"ListItem\",\"position\":1,\"name\":\"Home\",\"item\":\"https:\/\/www.psi-polymersystems.com\/\"},{\"@type\":\"ListItem\",\"position\":2,\"name\":\"About Us\",\"item\":\"https:\/\/www.psi-polymersystems.com\/about-us\/\"},{\"@type\":\"ListItem\",\"position\":3,\"name\":\"Press Releases\",\"item\":\"https:\/\/www.psi-polymersystems.com\/about-us\/press-releases\/\"},{\"@type\":\"ListItem\",\"position\":4,\"name\":\"PSI-Polymer Systems, Inc. Enters Its Tenth Year Serving The Plastics Industry Conover, NC (April 29, 2010)\"}]},{\"@type\":\"WebSite\",\"@id\":\"https:\/\/www.psi-polymersystems.com\/#website\",\"url\":\"https:\/\/www.psi-polymersystems.com\/\",\"name\":\"PSI-Polymer Systems\",\"description\":\"\",\"publisher\":{\"@id\":\"https:\/\/www.psi-polymersystems.com\/#organization\"},\"potentialAction\":[{\"@type\":\"SearchAction\",\"target\":{\"@type\":\"EntryPoint\",\"urlTemplate\":\"https:\/\/www.psi-polymersystems.com\/?s={search_term_string}\"},\"query-input\":{\"@type\":\"PropertyValueSpecification\",\"valueRequired\":true,\"valueName\":\"search_term_string\"}}],\"inLanguage\":\"fr-FR\"},{\"@type\":\"Organization\",\"@id\":\"https:\/\/www.psi-polymersystems.com\/#organization\",\"name\":\"PSI-Polymer Systems, Inc.\",\"url\":\"https:\/\/www.psi-polymersystems.com\/\",\"logo\":{\"@type\":\"ImageObject\",\"inLanguage\":\"fr-FR\",\"@id\":\"https:\/\/www.psi-polymersystems.com\/#\/schema\/logo\/image\/\",\"url\":\"\",\"contentUrl\":\"\",\"caption\":\"PSI-Polymer Systems, Inc.\"},\"image\":{\"@id\":\"https:\/\/www.psi-polymersystems.com\/#\/schema\/logo\/image\/\"},\"sameAs\":[\"https:\/\/www.facebook.com\/psipolymersystems\/\",\"https:\/\/www.linkedin.com\/showcase\/psi-polymer-systems\"]}]}<\/script>\n<!-- \/ Yoast SEO Premium plugin. -->","yoast_head_json":{"title":"PSI-Polymer Systems, Inc. Enters Its Tenth Year Serving The Plastics Industry Conover, NC (April 29, 2010) - PSI-Polymer Systems","robots":{"index":"index","follow":"follow","max-snippet":"max-snippet:-1","max-image-preview":"max-image-preview:large","max-video-preview":"max-video-preview:-1"},"canonical":"https:\/\/www.psi-polymersystems.com\/fr\/about-us\/press-releases\/psi-polymer-systems-inc-enters-its-tenth-year-serving-the-plastics-industry-conover-nc-april-29-2010\/","og_locale":"fr_FR","og_type":"article","og_title":"PSI-Polymer Systems, Inc. Enters Its Tenth Year Serving The Plastics Industry Conover, NC (April 29, 2010)","og_description":"PSI-Polymer Systems, Inc. Enters It's Tenth Year Serving The Plastics Industry Conover, NC (April 29, 2010) Layoffs and high unemployment. Companies going","og_url":"https:\/\/www.psi-polymersystems.com\/fr\/about-us\/press-releases\/psi-polymer-systems-inc-enters-its-tenth-year-serving-the-plastics-industry-conover-nc-april-29-2010\/","og_site_name":"PSI-Polymer Systems","article_publisher":"https:\/\/www.facebook.com\/psipolymersystems\/","article_modified_time":"2020-09-23T17:43:30+00:00","twitter_card":"summary_large_image","twitter_misc":{"Dur\u00e9e de lecture estim\u00e9e":"3 minutes"},"schema":{"@context":"https:\/\/schema.org","@graph":[{"@type":"WebPage","@id":"https:\/\/www.psi-polymersystems.com\/es\/about-us\/press-releases\/psi-polymer-systems-inc-enters-its-tenth-year-serving-the-plastics-industry-conover-nc-april-29-2010\/","url":"https:\/\/www.psi-polymersystems.com\/es\/about-us\/press-releases\/psi-polymer-systems-inc-enters-its-tenth-year-serving-the-plastics-industry-conover-nc-april-29-2010\/","name":"PSI-Polymer Systems, Inc. Enters Its Tenth Year Serving The Plastics Industry Conover, NC (April 29, 2010) - PSI-Polymer Systems","isPartOf":{"@id":"https:\/\/www.psi-polymersystems.com\/#website"},"datePublished":"2020-09-23T17:41:07+00:00","dateModified":"2020-09-23T17:43:30+00:00","breadcrumb":{"@id":"https:\/\/www.psi-polymersystems.com\/es\/about-us\/press-releases\/psi-polymer-systems-inc-enters-its-tenth-year-serving-the-plastics-industry-conover-nc-april-29-2010\/#breadcrumb"},"inLanguage":"fr-FR","potentialAction":[{"@type":"ReadAction","target":["https:\/\/www.psi-polymersystems.com\/es\/about-us\/press-releases\/psi-polymer-systems-inc-enters-its-tenth-year-serving-the-plastics-industry-conover-nc-april-29-2010\/"]}]},{"@type":"BreadcrumbList","@id":"https:\/\/www.psi-polymersystems.com\/es\/about-us\/press-releases\/psi-polymer-systems-inc-enters-its-tenth-year-serving-the-plastics-industry-conover-nc-april-29-2010\/#breadcrumb","itemListElement":[{"@type":"ListItem","position":1,"name":"Home","item":"https:\/\/www.psi-polymersystems.com\/"},{"@type":"ListItem","position":2,"name":"About Us","item":"https:\/\/www.psi-polymersystems.com\/about-us\/"},{"@type":"ListItem","position":3,"name":"Press Releases","item":"https:\/\/www.psi-polymersystems.com\/about-us\/press-releases\/"},{"@type":"ListItem","position":4,"name":"PSI-Polymer Systems, Inc. Enters Its Tenth Year Serving The Plastics Industry Conover, NC (April 29, 2010)"}]},{"@type":"WebSite","@id":"https:\/\/www.psi-polymersystems.com\/#website","url":"https:\/\/www.psi-polymersystems.com\/","name":"PSI-Polymer Systems","description":"","publisher":{"@id":"https:\/\/www.psi-polymersystems.com\/#organization"},"potentialAction":[{"@type":"SearchAction","target":{"@type":"EntryPoint","urlTemplate":"https:\/\/www.psi-polymersystems.com\/?s={search_term_string}"},"query-input":{"@type":"PropertyValueSpecification","valueRequired":true,"valueName":"search_term_string"}}],"inLanguage":"fr-FR"},{"@type":"Organization","@id":"https:\/\/www.psi-polymersystems.com\/#organization","name":"PSI-Polymer Systems, Inc.","url":"https:\/\/www.psi-polymersystems.com\/","logo":{"@type":"ImageObject","inLanguage":"fr-FR","@id":"https:\/\/www.psi-polymersystems.com\/#\/schema\/logo\/image\/","url":"","contentUrl":"","caption":"PSI-Polymer Systems, Inc."},"image":{"@id":"https:\/\/www.psi-polymersystems.com\/#\/schema\/logo\/image\/"},"sameAs":["https:\/\/www.facebook.com\/psipolymersystems\/","https:\/\/www.linkedin.com\/showcase\/psi-polymer-systems"]}]}},"_links":{"self":[{"href":"https:\/\/www.psi-polymersystems.com\/fr\/wp-json\/wp\/v2\/pages\/6083","targetHints":{"allow":["GET"]}}],"collection":[{"href":"https:\/\/www.psi-polymersystems.com\/fr\/wp-json\/wp\/v2\/pages"}],"about":[{"href":"https:\/\/www.psi-polymersystems.com\/fr\/wp-json\/wp\/v2\/types\/page"}],"author":[{"embeddable":true,"href":"https:\/\/www.psi-polymersystems.com\/fr\/wp-json\/wp\/v2\/users\/2"}],"replies":[{"embeddable":true,"href":"https:\/\/www.psi-polymersystems.com\/fr\/wp-json\/wp\/v2\/comments?post=6083"}],"version-history":[{"count":0,"href":"https:\/\/www.psi-polymersystems.com\/fr\/wp-json\/wp\/v2\/pages\/6083\/revisions"}],"up":[{"embeddable":true,"href":"https:\/\/www.psi-polymersystems.com\/fr\/wp-json\/wp\/v2\/pages\/5833"}],"wp:attachment":[{"href":"https:\/\/www.psi-polymersystems.com\/fr\/wp-json\/wp\/v2\/media?parent=6083"}],"curies":[{"name":"wp","href":"https:\/\/api.w.org\/{rel}","templated":true}]}}