{"id":8230,"date":"2022-08-02T13:49:24","date_gmt":"2022-08-02T13:49:24","guid":{"rendered":"https:\/\/psi-polymersystems.com\/?page_id=8230"},"modified":"2022-08-03T15:40:08","modified_gmt":"2022-08-03T15:40:08","slug":"processors-turn-to-gear-pumps-to-boost-extruder-output-and-meet-surging-manufacturing-activity-august-2-2022","status":"publish","type":"page","link":"https:\/\/www.psi-polymersystems.com\/fr\/about-us\/press-releases\/processors-turn-to-gear-pumps-to-boost-extruder-output-and-meet-surging-manufacturing-activity-august-2-2022\/","title":{"rendered":"Les transformateurs se tournent vers les pompes \u00e0 engrenages pour augmenter la production de l&#039;extrudeuse et r\u00e9pondre \u00e0 l&#039;activit\u00e9 de fabrication en plein essor (2 ao\u00fbt 2022)"},"content":{"rendered":"<div data-elementor-type=\"wp-page\" data-elementor-id=\"8230\" class=\"elementor elementor-8230\" data-elementor-post-type=\"page\">\n\t\t\t\t\t\t<section class=\"elementor-section elementor-top-section elementor-element elementor-element-4fdb5df3 elementor-section-boxed elementor-section-height-default elementor-section-height-default\" data-id=\"4fdb5df3\" data-element_type=\"section\" data-e-type=\"section\">\n\t\t\t\t\t\t<div class=\"elementor-container elementor-column-gap-default\">\n\t\t\t\t\t<div class=\"elementor-column elementor-col-50 elementor-top-column elementor-element elementor-element-3885d546\" data-id=\"3885d546\" data-element_type=\"column\" data-e-type=\"column\">\n\t\t\t<div class=\"elementor-widget-wrap elementor-element-populated\">\n\t\t\t\t\t\t<div class=\"elementor-element elementor-element-69a64ce1 elementor-widget elementor-widget-heading\" data-id=\"69a64ce1\" data-element_type=\"widget\" data-e-type=\"widget\" data-widget_type=\"heading.default\">\n\t\t\t\t<div class=\"elementor-widget-container\">\n\t\t\t\t\t<h2 class=\"elementor-heading-title elementor-size-default\">Les transformateurs se tournent vers les pompes \u00e0 engrenages pour augmenter la production de l&#039;extrudeuse et r\u00e9pondre \u00e0 l&#039;activit\u00e9 de fabrication en plein essor (2 ao\u00fbt 2022)<\/h2>\t\t\t\t<\/div>\n\t\t\t\t<\/div>\n\t\t\t\t<div class=\"elementor-element elementor-element-2a60f16c elementor-widget elementor-widget-text-editor\" data-id=\"2a60f16c\" data-element_type=\"widget\" data-e-type=\"widget\" data-widget_type=\"text-editor.default\">\n\t\t\t\t<div class=\"elementor-widget-container\">\n\t\t\t\t\t\t\t\t\t<p><em>PSI-Polymer Systems Inc. voit une forte augmentation des commandes alors que les transformateurs deviennent cr\u00e9atifs pour r\u00e9pondre aux demandes de production d&#039;extrusion<\/em><\/p><p><strong>\u00a0 \u00a0 \u00a0CONOVER, Caroline du Nord, 2 ao\u00fbt 2022 \u2013<\/strong> Avec une demande de capacit\u00e9 accrue et des d\u00e9lais de livraison prolong\u00e9s pour les \u00e9quipements de production, y compris les extrudeuses, les transformateurs se sont tourn\u00e9s vers les pompes \u00e0 engrenages comme solution pour augmenter la productivit\u00e9 et r\u00e9pondre aux demandes de fabrication croissantes du pays, selon PSI-Polymers Systems Inc. (PSI), un fournisseur mondial de premier plan. de pompes \u00e0 engrenages hautes performances, de changeurs de tamis, d&#039;auxiliaires personnalis\u00e9s et de reconstructions pour les industries des polym\u00e8res, des adh\u00e9sifs, des produits chimiques et de la transformation des aliments.<\/p><p>\u00a0 \u00a0 \u00a0 \u00a0Au cours des deux derni\u00e8res ann\u00e9es, PSI a connu une augmentation massive des commandes de pompes \u00e0 engrenages due en grande partie \u00e0 la raret\u00e9 des nouvelles extrudeuses qui ont connu des d\u00e9lais de livraison allant jusqu&#039;\u00e0 50 semaines et plus. De m\u00eame, les extrudeuses usag\u00e9es ont \u00e9t\u00e9 r\u00e9cup\u00e9r\u00e9es et les transformateurs se sont d\u00e9men\u00e9s pour trouver des moyens de r\u00e9pondre \u00e0 la demande, selon Don Macnamara, directeur g\u00e9n\u00e9ral de PSI-Polymer Systems Inc. &quot;La production d&#039;extrudeuses est \u00e0 sa capacit\u00e9 maximale, la main-d&#039;\u0153uvre est rare et avec une augmentation chiffre d&#039;affaires, les transformateurs utilisent toutes les ressources disponibles et font preuve de cr\u00e9ativit\u00e9 pour g\u00e9rer l&#039;augmentation des arri\u00e9r\u00e9s et fid\u00e9liser les clients \u00bb, a d\u00e9clar\u00e9 Macnamara. \u00ab Des arri\u00e9r\u00e9s excessifs et des d\u00e9lais d&#039;ex\u00e9cution plus longs peuvent entra\u00eener une d\u00e9rive des clients et un potentiel accru de perte \u00e0 long terme de relations commerciales pr\u00e9cieuses. Les transformateurs font tout ce qu&#039;ils peuvent pour augmenter les sorties afin de r\u00e9duire les d\u00e9lais. C&#039;est l\u00e0 qu&#039;intervient la pompe \u00e0 engrenages.<\/p><p>\u00a0 \u00a0 \u00a0 \u00a0En r\u00e8gle g\u00e9n\u00e9rale, les pompes \u00e0 engrenages sont install\u00e9es sur une ligne d&#039;extrusion pour contr\u00f4ler la stabilit\u00e9 dimensionnelle et le poids par longueur du profil. Cependant, les transformateurs ont maintenant rapidement \u00e9valu\u00e9 et prioris\u00e9 les gains de production rendus disponibles par la pompe \u00e0 engrenages. La pompe \u00e0 engrenages assume la fonction de g\u00e9n\u00e9ration de pression de l&#039;extrudeuse et lui permet de faire ce qu&#039;elle fait le mieux\u00a0: alimenter, fondre et doser, explique Macnamara.\u00a0<\/p><p>\u00a0 \u00a0 \u00a0 \u00a0Lorsque la fonction de pression est supprim\u00e9e, l&#039;extrudeuse fonctionne \u00e0 une pression de refoulement inf\u00e9rieure. Cela augmente efficacement la sortie de l&#039;extrudeuse<u>\u00a0<\/u>en r\u00e9duisant les pertes de d\u00e9bit induites par la contre-pression. Selon Macnamara, les extrudeuses plus anciennes voient souvent un gain de sortie de 18%-25%. L&#039;ajout de pompes \u00e0 engrenages \u00e0 4 \u00e0 5 extrudeuses plus anciennes peut g\u00e9n\u00e9rer un gain de production similaire \u00e0 celui de l&#039;ajout d&#039;une nouvelle ligne d&#039;extrusion. Les nouveaux extrudeurs voient des gains d&#039;environ 10%. Les gains de rendement d\u00e9pendent de la viscosit\u00e9 du mat\u00e9riau et de la quantit\u00e9 de mat\u00e9riau retenu par la pression.\u00a0<\/p><p>\u00a0 \u00a0 \u00a0 \u00a0Une pompe \u00e0 engrenages amortira \u00e9galement les effets de la variation de pression de l&#039;extrudeuse au niveau de la fili\u00e8re dans une plage de 20:1 \u00e0 50:1 selon le processus. Cela permet un contr\u00f4le de la jauge\/mur \u00e0 +\/- 0,25%, r\u00e9duisant consid\u00e9rablement la quantit\u00e9 de r\u00e9sine utilis\u00e9e par pied lin\u00e9aire. Par exemple, sans pompe de fusion, une section de tuyau d&#039;un pied et d&#039;un diam\u00e8tre de 1,5\u00a0pouce (SDR 13,5) r\u00e9alis\u00e9e vers l&#039;extr\u00e9mit\u00e9 la plus lourde de la sp\u00e9cification ASTM a un poids cible de 151\u00a0g (0,333\u00a0lb). L&#039;ajout d&#039;une pompe de fusion \u00e0 la ligne offre un profil toujours pr\u00e9cis vers l&#039;extr\u00e9mit\u00e9 inf\u00e9rieure de la sp\u00e9cification ASTM \u00e0 un poids r\u00e9duit de 145 g (0,320 lb) par pied. Cela se traduit par une \u00e9conomie nette de 6 grammes (0,013 lb) par pied lin\u00e9aire. \u00c0 une vitesse de ligne de 65 pi\/min, une op\u00e9ration 20\/5\/50 pourrait r\u00e9aliser une \u00e9conomie annuelle nette de mat\u00e9riaux de plus d&#039;un quart de million de livres par an.<\/p><p>\u00a0 \u00a0 \u00a0 \u00a0&quot;Sur un march\u00e9 o\u00f9 les prix sont volatils et la disponibilit\u00e9 des ressources souvent impr\u00e9visible, r\u00e9duire le pourcentage de mat\u00e9riel donn\u00e9 dans le produit peut faire la diff\u00e9rence entre effectuer des exp\u00e9ditions suppl\u00e9mentaires ou regarder des silos vides&quot;, a d\u00e9clar\u00e9 Macnamara.<\/p><p>\u00a0 \u00a0 \u00a0 \u00a0Le d\u00e9placement de la fonction de g\u00e9n\u00e9ration de pression vers la pompe de fusion r\u00e9duit \u00e9galement la charge en amp\u00e8res sur l&#039;extrudeuse. Les mat\u00e9riaux \u00e0 viscosit\u00e9\/indice de fusion fractionnaire plus \u00e9lev\u00e9s verront le plus grand avantage. Une charge d&#039;ampli inf\u00e9rieure se traduit par des co\u00fbts \u00e9nerg\u00e9tiques inf\u00e9rieurs. Dans la plupart des cas, l&#039;ajout du moteur de la pompe \u00e0 engrenages \u00e0 la ligne r\u00e9duit la consommation globale d&#039;amp\u00e8res et g\u00e9n\u00e8re des \u00e9conomies d&#039;\u00e9nergie globales importantes. De plus, une pression de t\u00eate d&#039;extrudeuse plus faible met moins de charge sur le palier de but\u00e9e et la bo\u00eete de vitesses, ce qui augmente la dur\u00e9e de vie pr\u00e9vue et r\u00e9duit l&#039;usure de l&#039;extrudeuse.<\/p><p>\u00a0 \u00a0 \u00a0 \u00a0 \u00a0 \u00a0 \u00a0 \u00a0 \u00a0 \u00a0 \u00a0 \u00a0 \u00a0 \u00a0 \u00a0 \u00a0 \u00a0 \u00a0 \u00a0 \u00a0 \u00a0 \u00a0 \u00a0 \u00a0 #\u00a0\u00a0\u00a0\u00a0\u00a0\u00a0\u00a0\u00a0 #\u00a0\u00a0\u00a0\u00a0\u00a0\u00a0\u00a0\u00a0 #<\/p><p><strong>\u00c0 propos de PSI-Polymer Systems Inc.\u00a0\u00a0\u00a0\u00a0\u00a0\u00a0\u00a0\u00a0\u00a0\u00a0\u00a0\u00a0\u00a0\u00a0\u00a0\u00a0\u00a0\u00a0\u00a0\u00a0\u00a0\u00a0\u00a0\u00a0\u00a0\u00a0\u00a0\u00a0\u00a0\u00a0\u00a0\u00a0\u00a0\u00a0\u00a0\u00a0\u00a0\u00a0\u00a0\u00a0\u00a0\u00a0\u00a0\u00a0\u00a0\u00a0\u00a0\u00a0\u00a0\u00a0\u00a0\u00a0\u00a0\u00a0\u00a0\u00a0\u00a0\u00a0\u00a0\u00a0\u00a0\u00a0\u00a0\u00a0\u00a0\u00a0\u00a0\u00a0\u00a0\u00a0\u00a0\u00a0\u00a0\u00a0\u00a0\u00a0\u00a0\u00a0\u00a0\u00a0\u00a0\u00a0\u00a0\u00a0\u00a0\u00a0\u00a0\u00a0\u00a0\u00a0\u00a0\u00a0\u00a0\u00a0\u00a0\u00a0\u00a0\u00a0\u00a0 <\/strong>Fond\u00e9e en 2000 par un v\u00e9t\u00e9ran de l&#039;industrie et soutenue par une \u00e9quipe d\u00e9vou\u00e9e d&#039;anciens propri\u00e9taires d&#039;entreprises de pompes \u00e0 engrenages et de changeurs de tamis, la vision de PSI de syst\u00e9matiser le mat\u00e9riel de processus entre l&#039;extrudeuse et la fili\u00e8re s&#039;est rapidement impos\u00e9e. En introduisant des technologies qui incorporaient des am\u00e9liorations de machines propri\u00e9taires et brevet\u00e9es, PSI a d\u00e9fi\u00e9 la conception de syst\u00e8mes conventionnels et a finalement relev\u00e9 les normes de l&#039;industrie en mati\u00e8re de performances et d&#039;approvisionnement.\u00a0<\/p><p>Pour les exigences de filtration des polym\u00e8res et des adh\u00e9sifs thermofusibles, les types de changeurs de tamis PSI comprennent le r\u00e9trobalayage (CSC-BF), le double piston continu (CSC), le piston unique discontinu (DSC), la plaque coulissante hydraulique (HSC), la plaque coulissante manuelle (MSC) , et filtres en ligne (ILF). Pour les grands r\u00e9acteurs polym\u00e8res et les lignes de m\u00e9lange, PSI propose des changeurs de tamis continus \u00e0 zone \u00e9tendue (EAC). Les types de pompes \u00e0 engrenages comprennent\u00a0: la pompe \u00e0 engrenages d&#039;extrusion (EGP), la pompe \u00e0 engrenages haute pression (HGP), la pompe \u00e0 engrenages chimique-industrielle (CIP) et la pompe \u00e0 engrenages en fluoropolym\u00e8re (FGP) pour les plastiques fluor\u00e9s. Pour plus d&#039;informations, visitez <a href=\"http:\/\/www.psi-polymersystems.com\/fr\/\">www.psi-polymersystems.com<\/a>. \u00a0\u00a0\u00a0\u00a0\u00a0\u00a0\u00a0\u00a0\u00a0\u00a0\u00a0\u00a0\u00a0\u00a0\u00a0\u00a0\u00a0\u00a0\u00a0\u00a0\u00a0\u00a0\u00a0\u00a0\u00a0\u00a0\u00a0\u00a0\u00a0\u00a0\u00a0\u00a0\u00a0\u00a0\u00a0\u00a0\u00a0\u00a0\u00a0\u00a0\u00a0\u00a0\u00a0\u00a0\u00a0\u00a0\u00a0\u00a0\u00a0\u00a0\u00a0\u00a0\u00a0\u00a0\u00a0\u00a0\u00a0\u00a0\u00a0\u00a0\u00a0\u00a0\u00a0\u00a0<\/p>\t\t\t\t\t\t\t\t<\/div>\n\t\t\t\t<\/div>\n\t\t\t\t\t<\/div>\n\t\t<\/div>\n\t\t\t\t<div class=\"elementor-column elementor-col-50 elementor-top-column elementor-element elementor-element-6a9624b4\" data-id=\"6a9624b4\" data-element_type=\"column\" data-e-type=\"column\">\n\t\t\t<div class=\"elementor-widget-wrap elementor-element-populated\">\n\t\t\t\t\t\t<div class=\"elementor-element elementor-element-f6232cf elementor-widget elementor-widget-image\" data-id=\"f6232cf\" data-element_type=\"widget\" data-e-type=\"widget\" data-widget_type=\"image.default\">\n\t\t\t\t<div class=\"elementor-widget-container\">\n\t\t\t\t\t\t\t\t\t\t\t\t\t\t\t<img fetchpriority=\"high\" decoding=\"async\" width=\"707\" height=\"819\" src=\"https:\/\/www.psi-polymersystems.com\/wp-content\/uploads\/2022\/08\/Gear-Pump-System.jpg\" class=\"attachment-large size-large wp-image-8232\" alt=\"PSI - Gear Pump System\" srcset=\"https:\/\/www.psi-polymersystems.com\/wp-content\/uploads\/2022\/08\/Gear-Pump-System.jpg 707w, https:\/\/www.psi-polymersystems.com\/wp-content\/uploads\/2022\/08\/Gear-Pump-System-259x300.jpg 259w, https:\/\/www.psi-polymersystems.com\/wp-content\/uploads\/2022\/08\/Gear-Pump-System-10x12.jpg 10w, https:\/\/www.psi-polymersystems.com\/wp-content\/uploads\/2022\/08\/Gear-Pump-System-600x695.jpg 600w\" sizes=\"(max-width: 707px) 100vw, 707px\" \/>\t\t\t\t\t\t\t\t\t\t\t\t\t\t\t<\/div>\n\t\t\t\t<\/div>\n\t\t\t\t\t<\/div>\n\t\t<\/div>\n\t\t\t\t\t<\/div>\n\t\t<\/section>\n\t\t\t\t<\/div>","protected":false},"excerpt":{"rendered":"<p>Les transformateurs se tournent vers les pompes \u00e0 engrenages pour augmenter la production de l&#039;extrudeuse et r\u00e9pondre \u00e0 l&#039;activit\u00e9 de fabrication en plein essor (2 ao\u00fbt 2022) PSI-Polymer Systems Inc. voit une forte augmentation des commandes alors que les transformateurs deviennent cr\u00e9atifs pour r\u00e9pondre aux demandes de production d&#039;extrusion CONOVER, NC, 2 ao\u00fbt 2022 - Avec augmentation de la demande de capacit\u00e9 et allongement des d\u00e9lais de livraison des \u00e9quipements de production, y compris les extrudeuses, [\u2026]<\/p>","protected":false},"author":2,"featured_media":0,"parent":5833,"menu_order":0,"comment_status":"closed","ping_status":"closed","template":"","meta":{"_monsterinsights_skip_tracking":false,"_monsterinsights_sitenote_active":false,"_monsterinsights_sitenote_note":"","_monsterinsights_sitenote_category":0,"footnotes":""},"class_list":["post-8230","page","type-page","status-publish","hentry"],"yoast_head":"<!-- This site is optimized with the Yoast SEO Premium plugin v25.0 (Yoast SEO v25.0) - https:\/\/yoast.com\/wordpress\/plugins\/seo\/ -->\n<title>Processors Turn to Gear Pumps to Boost Extruder Output and Meet Surging Manufacturing Activity (August 2, 2022) - PSI-Polymer Systems<\/title>\n<meta name=\"robots\" content=\"index, follow, max-snippet:-1, max-image-preview:large, max-video-preview:-1\" \/>\n<link rel=\"canonical\" href=\"https:\/\/www.psi-polymersystems.com\/fr\/about-us\/press-releases\/processors-turn-to-gear-pumps-to-boost-extruder-output-and-meet-surging-manufacturing-activity-august-2-2022\/\" \/>\n<meta property=\"og:locale\" content=\"fr_FR\" \/>\n<meta property=\"og:type\" content=\"article\" \/>\n<meta property=\"og:title\" content=\"Processors Turn to Gear Pumps to Boost Extruder Output and Meet Surging Manufacturing Activity (August 2, 2022)\" \/>\n<meta property=\"og:description\" content=\"Processors Turn to Gear Pumps to Boost Extruder Output and Meet Surging Manufacturing Activity (August 2, 2022) PSI-Polymer Systems Inc. Sees Big Upsurge\" \/>\n<meta property=\"og:url\" content=\"https:\/\/www.psi-polymersystems.com\/fr\/about-us\/press-releases\/processors-turn-to-gear-pumps-to-boost-extruder-output-and-meet-surging-manufacturing-activity-august-2-2022\/\" \/>\n<meta property=\"og:site_name\" content=\"PSI-Polymer Systems\" \/>\n<meta property=\"article:publisher\" content=\"https:\/\/www.facebook.com\/psipolymersystems\/\" \/>\n<meta property=\"article:modified_time\" content=\"2022-08-03T15:40:08+00:00\" \/>\n<meta property=\"og:image\" content=\"https:\/\/psi-polymersystems.com\/wp-content\/uploads\/2022\/08\/Gear-Pump-System.jpg\" \/>\n<meta name=\"twitter:card\" content=\"summary_large_image\" \/>\n<meta name=\"twitter:label1\" content=\"Dur\u00e9e de lecture estim\u00e9e\" \/>\n\t<meta name=\"twitter:data1\" content=\"4 minutes\" \/>\n<script type=\"application\/ld+json\" class=\"yoast-schema-graph\">{\"@context\":\"https:\/\/schema.org\",\"@graph\":[{\"@type\":\"WebPage\",\"@id\":\"https:\/\/www.psi-polymersystems.com\/es\/about-us\/press-releases\/processors-turn-to-gear-pumps-to-boost-extruder-output-and-meet-surging-manufacturing-activity-august-2-2022\/\",\"url\":\"https:\/\/www.psi-polymersystems.com\/es\/about-us\/press-releases\/processors-turn-to-gear-pumps-to-boost-extruder-output-and-meet-surging-manufacturing-activity-august-2-2022\/\",\"name\":\"Processors Turn to Gear Pumps to Boost Extruder Output and Meet Surging Manufacturing Activity (August 2, 2022) - PSI-Polymer Systems\",\"isPartOf\":{\"@id\":\"https:\/\/www.psi-polymersystems.com\/#website\"},\"primaryImageOfPage\":{\"@id\":\"https:\/\/www.psi-polymersystems.com\/es\/about-us\/press-releases\/processors-turn-to-gear-pumps-to-boost-extruder-output-and-meet-surging-manufacturing-activity-august-2-2022\/#primaryimage\"},\"image\":{\"@id\":\"https:\/\/www.psi-polymersystems.com\/es\/about-us\/press-releases\/processors-turn-to-gear-pumps-to-boost-extruder-output-and-meet-surging-manufacturing-activity-august-2-2022\/#primaryimage\"},\"thumbnailUrl\":\"https:\/\/psi-polymersystems.com\/wp-content\/uploads\/2022\/08\/Gear-Pump-System.jpg\",\"datePublished\":\"2022-08-02T13:49:24+00:00\",\"dateModified\":\"2022-08-03T15:40:08+00:00\",\"breadcrumb\":{\"@id\":\"https:\/\/www.psi-polymersystems.com\/es\/about-us\/press-releases\/processors-turn-to-gear-pumps-to-boost-extruder-output-and-meet-surging-manufacturing-activity-august-2-2022\/#breadcrumb\"},\"inLanguage\":\"fr-FR\",\"potentialAction\":[{\"@type\":\"ReadAction\",\"target\":[\"https:\/\/www.psi-polymersystems.com\/es\/about-us\/press-releases\/processors-turn-to-gear-pumps-to-boost-extruder-output-and-meet-surging-manufacturing-activity-august-2-2022\/\"]}]},{\"@type\":\"ImageObject\",\"inLanguage\":\"fr-FR\",\"@id\":\"https:\/\/www.psi-polymersystems.com\/es\/about-us\/press-releases\/processors-turn-to-gear-pumps-to-boost-extruder-output-and-meet-surging-manufacturing-activity-august-2-2022\/#primaryimage\",\"url\":\"https:\/\/psi-polymersystems.com\/wp-content\/uploads\/2022\/08\/Gear-Pump-System.jpg\",\"contentUrl\":\"https:\/\/psi-polymersystems.com\/wp-content\/uploads\/2022\/08\/Gear-Pump-System.jpg\"},{\"@type\":\"BreadcrumbList\",\"@id\":\"https:\/\/www.psi-polymersystems.com\/es\/about-us\/press-releases\/processors-turn-to-gear-pumps-to-boost-extruder-output-and-meet-surging-manufacturing-activity-august-2-2022\/#breadcrumb\",\"itemListElement\":[{\"@type\":\"ListItem\",\"position\":1,\"name\":\"Home\",\"item\":\"https:\/\/www.psi-polymersystems.com\/\"},{\"@type\":\"ListItem\",\"position\":2,\"name\":\"About Us\",\"item\":\"https:\/\/www.psi-polymersystems.com\/about-us\/\"},{\"@type\":\"ListItem\",\"position\":3,\"name\":\"Press Releases\",\"item\":\"https:\/\/www.psi-polymersystems.com\/about-us\/press-releases\/\"},{\"@type\":\"ListItem\",\"position\":4,\"name\":\"Processors Turn to Gear Pumps to Boost Extruder Output and Meet Surging Manufacturing Activity (August 2, 2022)\"}]},{\"@type\":\"WebSite\",\"@id\":\"https:\/\/www.psi-polymersystems.com\/#website\",\"url\":\"https:\/\/www.psi-polymersystems.com\/\",\"name\":\"PSI-Polymer Systems\",\"description\":\"\",\"publisher\":{\"@id\":\"https:\/\/www.psi-polymersystems.com\/#organization\"},\"potentialAction\":[{\"@type\":\"SearchAction\",\"target\":{\"@type\":\"EntryPoint\",\"urlTemplate\":\"https:\/\/www.psi-polymersystems.com\/?s={search_term_string}\"},\"query-input\":{\"@type\":\"PropertyValueSpecification\",\"valueRequired\":true,\"valueName\":\"search_term_string\"}}],\"inLanguage\":\"fr-FR\"},{\"@type\":\"Organization\",\"@id\":\"https:\/\/www.psi-polymersystems.com\/#organization\",\"name\":\"PSI-Polymer Systems, Inc.\",\"url\":\"https:\/\/www.psi-polymersystems.com\/\",\"logo\":{\"@type\":\"ImageObject\",\"inLanguage\":\"fr-FR\",\"@id\":\"https:\/\/www.psi-polymersystems.com\/#\/schema\/logo\/image\/\",\"url\":\"\",\"contentUrl\":\"\",\"caption\":\"PSI-Polymer Systems, Inc.\"},\"image\":{\"@id\":\"https:\/\/www.psi-polymersystems.com\/#\/schema\/logo\/image\/\"},\"sameAs\":[\"https:\/\/www.facebook.com\/psipolymersystems\/\",\"https:\/\/www.linkedin.com\/showcase\/psi-polymer-systems\"]}]}<\/script>\n<!-- \/ Yoast SEO Premium plugin. -->","yoast_head_json":{"title":"Processors Turn to Gear Pumps to Boost Extruder Output and Meet Surging Manufacturing Activity (August 2, 2022) - PSI-Polymer Systems","robots":{"index":"index","follow":"follow","max-snippet":"max-snippet:-1","max-image-preview":"max-image-preview:large","max-video-preview":"max-video-preview:-1"},"canonical":"https:\/\/www.psi-polymersystems.com\/fr\/about-us\/press-releases\/processors-turn-to-gear-pumps-to-boost-extruder-output-and-meet-surging-manufacturing-activity-august-2-2022\/","og_locale":"fr_FR","og_type":"article","og_title":"Processors Turn to Gear Pumps to Boost Extruder Output and Meet Surging Manufacturing Activity (August 2, 2022)","og_description":"Processors Turn to Gear Pumps to Boost Extruder Output and Meet Surging Manufacturing Activity (August 2, 2022) PSI-Polymer Systems Inc. Sees Big Upsurge","og_url":"https:\/\/www.psi-polymersystems.com\/fr\/about-us\/press-releases\/processors-turn-to-gear-pumps-to-boost-extruder-output-and-meet-surging-manufacturing-activity-august-2-2022\/","og_site_name":"PSI-Polymer Systems","article_publisher":"https:\/\/www.facebook.com\/psipolymersystems\/","article_modified_time":"2022-08-03T15:40:08+00:00","og_image":[{"url":"https:\/\/psi-polymersystems.com\/wp-content\/uploads\/2022\/08\/Gear-Pump-System.jpg","type":"","width":"","height":""}],"twitter_card":"summary_large_image","twitter_misc":{"Dur\u00e9e de lecture estim\u00e9e":"4 minutes"},"schema":{"@context":"https:\/\/schema.org","@graph":[{"@type":"WebPage","@id":"https:\/\/www.psi-polymersystems.com\/es\/about-us\/press-releases\/processors-turn-to-gear-pumps-to-boost-extruder-output-and-meet-surging-manufacturing-activity-august-2-2022\/","url":"https:\/\/www.psi-polymersystems.com\/es\/about-us\/press-releases\/processors-turn-to-gear-pumps-to-boost-extruder-output-and-meet-surging-manufacturing-activity-august-2-2022\/","name":"Processors Turn to Gear Pumps to Boost Extruder Output and Meet Surging Manufacturing Activity (August 2, 2022) - PSI-Polymer Systems","isPartOf":{"@id":"https:\/\/www.psi-polymersystems.com\/#website"},"primaryImageOfPage":{"@id":"https:\/\/www.psi-polymersystems.com\/es\/about-us\/press-releases\/processors-turn-to-gear-pumps-to-boost-extruder-output-and-meet-surging-manufacturing-activity-august-2-2022\/#primaryimage"},"image":{"@id":"https:\/\/www.psi-polymersystems.com\/es\/about-us\/press-releases\/processors-turn-to-gear-pumps-to-boost-extruder-output-and-meet-surging-manufacturing-activity-august-2-2022\/#primaryimage"},"thumbnailUrl":"https:\/\/psi-polymersystems.com\/wp-content\/uploads\/2022\/08\/Gear-Pump-System.jpg","datePublished":"2022-08-02T13:49:24+00:00","dateModified":"2022-08-03T15:40:08+00:00","breadcrumb":{"@id":"https:\/\/www.psi-polymersystems.com\/es\/about-us\/press-releases\/processors-turn-to-gear-pumps-to-boost-extruder-output-and-meet-surging-manufacturing-activity-august-2-2022\/#breadcrumb"},"inLanguage":"fr-FR","potentialAction":[{"@type":"ReadAction","target":["https:\/\/www.psi-polymersystems.com\/es\/about-us\/press-releases\/processors-turn-to-gear-pumps-to-boost-extruder-output-and-meet-surging-manufacturing-activity-august-2-2022\/"]}]},{"@type":"ImageObject","inLanguage":"fr-FR","@id":"https:\/\/www.psi-polymersystems.com\/es\/about-us\/press-releases\/processors-turn-to-gear-pumps-to-boost-extruder-output-and-meet-surging-manufacturing-activity-august-2-2022\/#primaryimage","url":"https:\/\/psi-polymersystems.com\/wp-content\/uploads\/2022\/08\/Gear-Pump-System.jpg","contentUrl":"https:\/\/psi-polymersystems.com\/wp-content\/uploads\/2022\/08\/Gear-Pump-System.jpg"},{"@type":"BreadcrumbList","@id":"https:\/\/www.psi-polymersystems.com\/es\/about-us\/press-releases\/processors-turn-to-gear-pumps-to-boost-extruder-output-and-meet-surging-manufacturing-activity-august-2-2022\/#breadcrumb","itemListElement":[{"@type":"ListItem","position":1,"name":"Home","item":"https:\/\/www.psi-polymersystems.com\/"},{"@type":"ListItem","position":2,"name":"About Us","item":"https:\/\/www.psi-polymersystems.com\/about-us\/"},{"@type":"ListItem","position":3,"name":"Press Releases","item":"https:\/\/www.psi-polymersystems.com\/about-us\/press-releases\/"},{"@type":"ListItem","position":4,"name":"Processors Turn to Gear Pumps to Boost Extruder Output and Meet Surging Manufacturing Activity (August 2, 2022)"}]},{"@type":"WebSite","@id":"https:\/\/www.psi-polymersystems.com\/#website","url":"https:\/\/www.psi-polymersystems.com\/","name":"PSI-Polymer Systems","description":"","publisher":{"@id":"https:\/\/www.psi-polymersystems.com\/#organization"},"potentialAction":[{"@type":"SearchAction","target":{"@type":"EntryPoint","urlTemplate":"https:\/\/www.psi-polymersystems.com\/?s={search_term_string}"},"query-input":{"@type":"PropertyValueSpecification","valueRequired":true,"valueName":"search_term_string"}}],"inLanguage":"fr-FR"},{"@type":"Organization","@id":"https:\/\/www.psi-polymersystems.com\/#organization","name":"PSI-Polymer Systems, Inc.","url":"https:\/\/www.psi-polymersystems.com\/","logo":{"@type":"ImageObject","inLanguage":"fr-FR","@id":"https:\/\/www.psi-polymersystems.com\/#\/schema\/logo\/image\/","url":"","contentUrl":"","caption":"PSI-Polymer Systems, Inc."},"image":{"@id":"https:\/\/www.psi-polymersystems.com\/#\/schema\/logo\/image\/"},"sameAs":["https:\/\/www.facebook.com\/psipolymersystems\/","https:\/\/www.linkedin.com\/showcase\/psi-polymer-systems"]}]}},"_links":{"self":[{"href":"https:\/\/www.psi-polymersystems.com\/fr\/wp-json\/wp\/v2\/pages\/8230","targetHints":{"allow":["GET"]}}],"collection":[{"href":"https:\/\/www.psi-polymersystems.com\/fr\/wp-json\/wp\/v2\/pages"}],"about":[{"href":"https:\/\/www.psi-polymersystems.com\/fr\/wp-json\/wp\/v2\/types\/page"}],"author":[{"embeddable":true,"href":"https:\/\/www.psi-polymersystems.com\/fr\/wp-json\/wp\/v2\/users\/2"}],"replies":[{"embeddable":true,"href":"https:\/\/www.psi-polymersystems.com\/fr\/wp-json\/wp\/v2\/comments?post=8230"}],"version-history":[{"count":0,"href":"https:\/\/www.psi-polymersystems.com\/fr\/wp-json\/wp\/v2\/pages\/8230\/revisions"}],"up":[{"embeddable":true,"href":"https:\/\/www.psi-polymersystems.com\/fr\/wp-json\/wp\/v2\/pages\/5833"}],"wp:attachment":[{"href":"https:\/\/www.psi-polymersystems.com\/fr\/wp-json\/wp\/v2\/media?parent=8230"}],"curies":[{"name":"wp","href":"https:\/\/api.w.org\/{rel}","templated":true}]}}