{"id":12712,"date":"2025-07-02T21:00:18","date_gmt":"2025-07-02T21:00:18","guid":{"rendered":"https:\/\/www.psi-polymersystems.com\/?page_id=12712"},"modified":"2025-07-02T21:05:41","modified_gmt":"2025-07-02T21:05:41","slug":"faq-static-mixer","status":"publish","type":"page","link":"https:\/\/www.psi-polymersystems.com\/fr_ca\/faq-static-mixer\/","title":{"rendered":"FAQ \u2013 M\u00e9langeur statique"},"content":{"rendered":"<div data-elementor-type=\"wp-page\" data-elementor-id=\"12712\" class=\"elementor elementor-12712\" data-elementor-post-type=\"page\">\n\t\t\t\t\t\t<section class=\"elementor-section elementor-top-section elementor-element elementor-element-794780a3 elementor-section-boxed elementor-section-height-default elementor-section-height-default\" data-id=\"794780a3\" data-element_type=\"section\" data-e-type=\"section\">\n\t\t\t\t\t\t<div class=\"elementor-container elementor-column-gap-default\">\n\t\t\t\t\t<div class=\"elementor-column elementor-col-100 elementor-top-column elementor-element elementor-element-24ebd6a\" data-id=\"24ebd6a\" data-element_type=\"column\" data-e-type=\"column\">\n\t\t\t<div class=\"elementor-widget-wrap elementor-element-populated\">\n\t\t\t\t\t\t<div class=\"elementor-element elementor-element-9c93ef2 elementor-widget elementor-widget-text-editor\" data-id=\"9c93ef2\" data-element_type=\"widget\" data-e-type=\"widget\" data-widget_type=\"text-editor.default\">\n\t\t\t\t<div class=\"elementor-widget-container\">\n\t\t\t\t\t\t\t\t\t<div><h2 class=\"elementor-heading-title elementor-size-default elementor-inline-editing pen\" style=\"letter-spacing: normal; text-align: left; color: #7a7a7a;\" data-elementor-setting-key=\"title\" data-pen-placeholder=\"Type Here...\">M\u00e9langeur statique \u2013 FAQ<\/h2><\/div>\t\t\t\t\t\t\t\t<\/div>\n\t\t\t\t<\/div>\n\t\t\t\t\t<\/div>\n\t\t<\/div>\n\t\t\t\t\t<\/div>\n\t\t<\/section>\n\t\t\t\t<section class=\"elementor-section elementor-top-section elementor-element elementor-element-28d1e9ad elementor-section-boxed elementor-section-height-default elementor-section-height-default\" data-id=\"28d1e9ad\" data-element_type=\"section\" data-e-type=\"section\">\n\t\t\t\t\t\t<div class=\"elementor-container elementor-column-gap-default\">\n\t\t\t\t\t<div class=\"elementor-column elementor-col-100 elementor-top-column elementor-element elementor-element-1ed32a38\" data-id=\"1ed32a38\" data-element_type=\"column\" data-e-type=\"column\">\n\t\t\t<div class=\"elementor-widget-wrap elementor-element-populated\">\n\t\t\t\t\t\t<div class=\"elementor-element elementor-element-6c9163fc elementor-widget elementor-widget-image\" data-id=\"6c9163fc\" data-element_type=\"widget\" data-e-type=\"widget\" data-widget_type=\"image.default\">\n\t\t\t\t<div class=\"elementor-widget-container\">\n\t\t\t\t\t\t\t\t\t\t\t\t\t\t\t<img fetchpriority=\"high\" decoding=\"async\" width=\"1024\" height=\"219\" src=\"https:\/\/www.psi-polymersystems.com\/wp-content\/uploads\/2020\/09\/Mixer-Flow-Division-1024x219.jpg\" class=\"attachment-large size-large wp-image-5368\" alt=\"Polymer Extrusion Uniflo Static Mixer (USM) Radial Mixing Flow Division\" srcset=\"https:\/\/www.psi-polymersystems.com\/wp-content\/uploads\/2020\/09\/Mixer-Flow-Division-1024x219.jpg 1024w, https:\/\/www.psi-polymersystems.com\/wp-content\/uploads\/2020\/09\/Mixer-Flow-Division-300x64.jpg 300w, https:\/\/www.psi-polymersystems.com\/wp-content\/uploads\/2020\/09\/Mixer-Flow-Division-768x164.jpg 768w, https:\/\/www.psi-polymersystems.com\/wp-content\/uploads\/2020\/09\/Mixer-Flow-Division-600x128.jpg 600w, https:\/\/www.psi-polymersystems.com\/wp-content\/uploads\/2020\/09\/Mixer-Flow-Division.jpg 1262w\" sizes=\"(max-width: 1024px) 100vw, 1024px\" \/>\t\t\t\t\t\t\t\t\t\t\t\t\t\t\t<\/div>\n\t\t\t\t<\/div>\n\t\t\t\t\t<\/div>\n\t\t<\/div>\n\t\t\t\t\t<\/div>\n\t\t<\/section>\n\t\t\t\t<section class=\"elementor-section elementor-top-section elementor-element elementor-element-543731e5 elementor-section-boxed elementor-section-height-default elementor-section-height-default\" data-id=\"543731e5\" data-element_type=\"section\" data-e-type=\"section\">\n\t\t\t\t\t\t<div class=\"elementor-container elementor-column-gap-default\">\n\t\t\t\t\t<div class=\"elementor-column elementor-col-100 elementor-top-column elementor-element elementor-element-31023f49\" data-id=\"31023f49\" data-element_type=\"column\" data-e-type=\"column\">\n\t\t\t<div class=\"elementor-widget-wrap elementor-element-populated\">\n\t\t\t\t\t\t<div class=\"elementor-element elementor-element-adf35f8 elementor-widget__width-initial elementor-widget elementor-widget-text-editor\" data-id=\"adf35f8\" data-element_type=\"widget\" data-e-type=\"widget\" data-widget_type=\"text-editor.default\">\n\t\t\t\t<div class=\"elementor-widget-container\">\n\t\t\t\t\t\t\t\t\t<h3><span style=\"letter-spacing: 0px; text-align: inherit;\">FAQ sur les m\u00e9langeurs statiques pour l&#039;extrusion de plastiques<\/span><\/h3><h4><strong>1. Qu&#039;est-ce qu&#039;un m\u00e9langeur statique et comment fonctionne-t-il dans l&#039;extrusion de plastiques ?<\/strong><\/h4><div><p>Un m\u00e9langeur statique est un dispositif sans pi\u00e8ces mobiles install\u00e9 sur la ligne d&#039;extrusion, g\u00e9n\u00e9ralement juste avant la fili\u00e8re. Il fonctionne en divisant et en recombinant en continu le polym\u00e8re fondu lors de son \u00e9coulement \u00e0 travers une s\u00e9rie d&#039;\u00e9l\u00e9ments g\u00e9om\u00e9triques. Ce proc\u00e9d\u00e9 \u00e9limine les variations de temp\u00e9rature, de viscosit\u00e9 et de composition au sein du flux de mati\u00e8re fondue, ce qui permet d&#039;obtenir un produit homog\u00e8ne.<\/p><\/div><h4><strong>2. Quel est l\u2019objectif principal de l\u2019utilisation d\u2019un m\u00e9langeur statique dans l\u2019extrusion de feuilles ?<\/strong><\/h4><div>Lors de l&#039;extrusion de feuilles, l&#039;objectif principal d&#039;un m\u00e9langeur statique est d&#039;homog\u00e9n\u00e9iser thermiquement le polym\u00e8re fondu. Cela implique d&#039;\u00e9liminer les gradients de temp\u00e9rature, et donc les variations de viscosit\u00e9 au sein du m\u00e9lange. Un profil de temp\u00e9rature et de viscosit\u00e9 uniforme assure un \u00e9coulement r\u00e9gulier du mat\u00e9riau dans la fili\u00e8re, essentiel \u00e0 la production d&#039;une feuille d&#039;\u00e9paisseur constante.<\/div><h4><strong>3. Quels sont les principaux avantages de l\u2019utilisation d\u2019un m\u00e9langeur statique ?<\/strong><\/h4><div>Les avantages de l\u2019utilisation d\u2019un m\u00e9langeur statique dans l\u2019extrusion de plastiques comprennent\u00a0:<\/div><ul><li><strong>Am\u00e9lioration de la qualit\u00e9 du produit :<\/strong>\u00a0Les m\u00e9langeurs statiques produisent une fusion plus uniforme, ce qui conduit \u00e0 un produit sans traces avec une qualit\u00e9 de surface et des caract\u00e9ristiques m\u00e9caniques am\u00e9lior\u00e9es.<\/li><li><strong>Tol\u00e9rances plus strictes :<\/strong>\u00a0En \u00e9liminant les gradients de temp\u00e9rature et de viscosit\u00e9, les m\u00e9langeurs statiques permettent d&#039;obtenir une \u00e9paisseur de feuille plus uniforme, permettant un fonctionnement avec des sp\u00e9cifications d&#039;\u00e9paisseur minimales.<\/li><li><strong>Utilisation r\u00e9duite de mat\u00e9riaux :<\/strong>\u00a0Un meilleur m\u00e9lange des couleurs peut conduire \u00e0 une r\u00e9duction de la consommation d\u2019additifs colorants.<\/li><li><strong>Changements de couleur plus rapides :<\/strong>\u00a0Les m\u00e9langeurs statiques aident \u00e0 \u00e9liminer les couches de paroi stagnantes, ce qui permet des changements de couleur plus rapides.<\/li><li><strong>Qualit\u00e9 de broyage am\u00e9lior\u00e9e :<\/strong>\u00a0Ils am\u00e9liorent la qualit\u00e9 des produits lors de l\u2019utilisation de mat\u00e9riaux broy\u00e9s.<\/li><\/ul><h4><strong>4. O\u00f9 un m\u00e9langeur statique est-il g\u00e9n\u00e9ralement install\u00e9 dans une ligne d&#039;extrusion ?<\/strong><\/h4><div>Un m\u00e9langeur statique est g\u00e9n\u00e9ralement install\u00e9 juste avant la fili\u00e8re d&#039;extrusion. Il est plac\u00e9 apr\u00e8s d&#039;autres \u00e9quipements, comme le changeur de tamis et la pompe \u00e0 engrenages, afin de corriger les \u00e9ventuelles irr\u00e9gularit\u00e9s qu&#039;ils pourraient engendrer.<\/div><h4><strong>5. Les m\u00e9langeurs statiques n\u00e9cessitent-ils de l\u2019\u00e9nergie ou comportent-ils des pi\u00e8ces mobiles\u00a0?<\/strong><\/h4><div>Non, les m\u00e9langeurs statiques ne comportent aucune pi\u00e8ce mobile et ne n\u00e9cessitent pas de source d&#039;alimentation externe. L&#039;\u00e9nergie n\u00e9cessaire au m\u00e9lange provient de la perte de charge du polym\u00e8re fondu lorsqu&#039;il traverse les \u00e9l\u00e9ments du m\u00e9langeur.<\/div><h4><strong>6. Un m\u00e9langeur statique peut-il aider \u00e0 r\u00e9soudre des probl\u00e8mes autres que l\u2019homog\u00e9n\u00e9isation thermique\u00a0?<\/strong><\/h4><div>Oui. Outre l&#039;homog\u00e9n\u00e9isation thermique, les m\u00e9langeurs statiques contribuent \u00e9galement \u00e0\u00a0:<\/div><ul><li><strong>Homog\u00e9n\u00e9isation compositionnelle :<\/strong>\u00a0Ils assurent une r\u00e9partition uniforme des colorants, des additifs, des charges et des mati\u00e8res broy\u00e9es.<\/li><li><strong>Homog\u00e9n\u00e9isation de la viscosit\u00e9 :<\/strong>\u00a0En \u00e9galisant la temp\u00e9rature, ils \u00e9galisent \u00e9galement la viscosit\u00e9.<\/li><li><strong>\u00c9limination du fluage des parois :<\/strong>\u00a0Ils incorporent le polym\u00e8re stagnant des parois du tuyau dans le flux principal, emp\u00eachant ainsi la d\u00e9gradation du mat\u00e9riau.<\/li><\/ul><h4><strong>7. Un m\u00e9langeur statique provoquera-t-il une chute de pression importante ?<\/strong><\/h4><div>Bien qu&#039;un m\u00e9langeur statique entra\u00eene une perte de charge, il est con\u00e7u pour \u00eatre efficace et peut g\u00e9n\u00e9ralement s&#039;adapter aux contraintes de perte de charge de la plupart des syst\u00e8mes d&#039;extrusion. Les avantages d&#039;une masse fondue homog\u00e8ne compensent souvent l&#039;impact de la perte de charge. PSI utilise un calculateur de perte de charge exclusif, sp\u00e9cialement con\u00e7u pour nos m\u00e9langeurs, afin d&#039;estimer la perte de charge attendue.\u00a0<\/div><h4><strong>8. Comment les m\u00e9langeurs statiques sont-ils nettoy\u00e9s ?<\/strong><\/h4><div>De nombreux m\u00e9langeurs statiques modernes sont con\u00e7us pour \u00eatre autonettoyants, avec des voies d&#039;\u00e9coulement optimis\u00e9es qui \u00e9vitent les zones mortes o\u00f9 le mat\u00e9riau pourrait s&#039;accumuler. En cas de changement de couleur ou de mat\u00e9riau, des produits de purge peuvent \u00eatre inject\u00e9s dans le syst\u00e8me pour nettoyer efficacement le m\u00e9langeur. Certains mod\u00e8les comportent \u00e9galement des \u00e9l\u00e9ments amovibles pour un nettoyage manuel facile.<\/div><h4><strong>9. Quels sont les signes indiquant qu\u2019un m\u00e9langeur statique pourrait \u00eatre n\u00e9cessaire dans une ligne d\u2019extrusion ?<\/strong><\/h4><div>Les probl\u00e8mes courants qui indiquent la n\u00e9cessit\u00e9 d&#039;un m\u00e9langeur statique incluent\u00a0:<\/div><ul><li>\u00c9paisseur de t\u00f4le in\u00e9gale.<\/li><li>Stries ou taches de couleur sur le produit final.<\/li><li>Taille et distribution incoh\u00e9rentes des cellules de mousse dans les applications de feuilles de mousse.<\/li><li>Temps de changement de couleur longs.<\/li><li>Lignes d&#039;\u00e9coulement ou autres d\u00e9fauts de surface.<\/li><\/ul><h4><strong>10. Existe-t-il diff\u00e9rents types de m\u00e9langeurs statiques ?<\/strong><\/h4><div><p>Oui, il existe plusieurs mod\u00e8les de m\u00e9langeurs statiques, chacun pr\u00e9sentant ses propres avantages. Les mod\u00e8les les plus courants sont ceux \u00e0 \u00e9l\u00e9ments h\u00e9lico\u00efdaux (fournis par PSI) et ceux \u00e0 barres entrecrois\u00e9es.\u00a0\u00a0<\/p><p>PSI fournit des m\u00e9langeurs \u00e0 \u00e9l\u00e9ments h\u00e9lico\u00efdaux (n\u0153ud papillon) en raison de :<\/p><ul><li class=\"u-break-words\"><strong>Faible perte de charge :<\/strong>\u00a0Les m\u00e9langeurs h\u00e9lico\u00efdaux sont connus pour leur perte de charge relativement faible par rapport aux autres conceptions, ce qui peut constituer un avantage significatif dans les processus d&#039;extrusion o\u00f9 la pression est un facteur limitant.<\/li><li class=\"u-break-words\"><strong>M\u00e9lange doux :<\/strong>\u00a0Les surfaces lisses et continues des \u00e9l\u00e9ments h\u00e9lico\u00efdaux assurent une action de m\u00e9lange douce, id\u00e9ale pour les polym\u00e8res sensibles au cisaillement qui pourraient \u00eatre d\u00e9grad\u00e9s par un m\u00e9lange plus agressif.<\/li><li class=\"u-break-words\"><strong>Bon pour le flux laminaire :<\/strong>\u00a0Cette conception est tr\u00e8s efficace pour m\u00e9langer des fluides dans le r\u00e9gime d&#039;\u00e9coulement laminaire, ce qui est typique des polym\u00e8res fondus \u00e0 haute viscosit\u00e9.<\/li><\/ul><\/div>\t\t\t\t\t\t\t\t<\/div>\n\t\t\t\t<\/div>\n\t\t\t\t\t<\/div>\n\t\t<\/div>\n\t\t\t\t\t<\/div>\n\t\t<\/section>\n\t\t\t\t<\/div>","protected":false},"excerpt":{"rendered":"<p>M\u00e9langeur statique \u2013 FAQ\u00a0: FAQ sur les m\u00e9langeurs statiques en extrusion de plastique. 1. Qu&#039;est-ce qu&#039;un m\u00e9langeur statique et comment fonctionne-t-il en extrusion de plastique\u00a0? Un m\u00e9langeur statique est un appareil sans pi\u00e8ces mobiles install\u00e9 sur la ligne d&#039;extrusion, g\u00e9n\u00e9ralement juste avant la fili\u00e8re. Il fonctionne en divisant et en recombinant en continu [\u2026]<\/p>","protected":false},"author":2,"featured_media":0,"parent":0,"menu_order":0,"comment_status":"closed","ping_status":"closed","template":"","meta":{"_monsterinsights_skip_tracking":false,"_monsterinsights_sitenote_active":false,"_monsterinsights_sitenote_note":"","_monsterinsights_sitenote_category":0,"footnotes":""},"class_list":["post-12712","page","type-page","status-publish","hentry"],"yoast_head":"<!-- This site is optimized with the Yoast SEO Premium plugin v25.0 (Yoast SEO v25.0) - https:\/\/yoast.com\/wordpress\/plugins\/seo\/ -->\n<title>FAQ - Static Mixer - PSI-Polymer Systems<\/title>\n<meta name=\"robots\" content=\"index, follow, max-snippet:-1, max-image-preview:large, max-video-preview:-1\" \/>\n<link rel=\"canonical\" href=\"https:\/\/www.psi-polymersystems.com\/fr_ca\/faq-static-mixer\/\" \/>\n<meta property=\"og:locale\" content=\"fr_CA\" \/>\n<meta property=\"og:type\" content=\"article\" \/>\n<meta property=\"og:title\" content=\"FAQ - Static Mixer\" \/>\n<meta property=\"og:description\" content=\"Static Mixer - FAQ FAQs for Static Mixers in Plastics Extrusion1. What is a static mixer, and how does it work in plastics extrusion?A static mixer is a\" \/>\n<meta property=\"og:url\" content=\"https:\/\/www.psi-polymersystems.com\/fr_ca\/faq-static-mixer\/\" \/>\n<meta property=\"og:site_name\" content=\"PSI-Polymer Systems\" \/>\n<meta property=\"article:publisher\" content=\"https:\/\/www.facebook.com\/psipolymersystems\/\" \/>\n<meta property=\"article:modified_time\" content=\"2025-07-02T21:05:41+00:00\" \/>\n<meta property=\"og:image\" content=\"https:\/\/www.psi-polymersystems.com\/wp-content\/uploads\/2020\/09\/Mixer-Flow-Division.jpg\" \/>\n\t<meta property=\"og:image:width\" content=\"1262\" \/>\n\t<meta property=\"og:image:height\" content=\"270\" \/>\n\t<meta property=\"og:image:type\" content=\"image\/jpeg\" \/>\n<meta name=\"twitter:card\" content=\"summary_large_image\" \/>\n<meta name=\"twitter:label1\" content=\"Estimation du temps de lecture\" \/>\n\t<meta name=\"twitter:data1\" content=\"4 minutes\" \/>\n<script type=\"application\/ld+json\" class=\"yoast-schema-graph\">{\"@context\":\"https:\/\/schema.org\",\"@graph\":[{\"@type\":\"WebPage\",\"@id\":\"https:\/\/www.psi-polymersystems.com\/faq-static-mixer\/\",\"url\":\"https:\/\/www.psi-polymersystems.com\/faq-static-mixer\/\",\"name\":\"FAQ - Static Mixer - PSI-Polymer Systems\",\"isPartOf\":{\"@id\":\"https:\/\/www.psi-polymersystems.com\/#website\"},\"primaryImageOfPage\":{\"@id\":\"https:\/\/www.psi-polymersystems.com\/faq-static-mixer\/#primaryimage\"},\"image\":{\"@id\":\"https:\/\/www.psi-polymersystems.com\/faq-static-mixer\/#primaryimage\"},\"thumbnailUrl\":\"https:\/\/www.psi-polymersystems.com\/wp-content\/uploads\/2020\/09\/Mixer-Flow-Division-1024x219.jpg\",\"datePublished\":\"2025-07-02T21:00:18+00:00\",\"dateModified\":\"2025-07-02T21:05:41+00:00\",\"breadcrumb\":{\"@id\":\"https:\/\/www.psi-polymersystems.com\/faq-static-mixer\/#breadcrumb\"},\"inLanguage\":\"fr-CA\",\"potentialAction\":[{\"@type\":\"ReadAction\",\"target\":[\"https:\/\/www.psi-polymersystems.com\/faq-static-mixer\/\"]}]},{\"@type\":\"ImageObject\",\"inLanguage\":\"fr-CA\",\"@id\":\"https:\/\/www.psi-polymersystems.com\/faq-static-mixer\/#primaryimage\",\"url\":\"https:\/\/www.psi-polymersystems.com\/wp-content\/uploads\/2020\/09\/Mixer-Flow-Division-1024x219.jpg\",\"contentUrl\":\"https:\/\/www.psi-polymersystems.com\/wp-content\/uploads\/2020\/09\/Mixer-Flow-Division-1024x219.jpg\"},{\"@type\":\"BreadcrumbList\",\"@id\":\"https:\/\/www.psi-polymersystems.com\/faq-static-mixer\/#breadcrumb\",\"itemListElement\":[{\"@type\":\"ListItem\",\"position\":1,\"name\":\"Home\",\"item\":\"https:\/\/www.psi-polymersystems.com\/\"},{\"@type\":\"ListItem\",\"position\":2,\"name\":\"FAQ &#8211; Static Mixer\"}]},{\"@type\":\"WebSite\",\"@id\":\"https:\/\/www.psi-polymersystems.com\/#website\",\"url\":\"https:\/\/www.psi-polymersystems.com\/\",\"name\":\"PSI-Polymer Systems\",\"description\":\"\",\"publisher\":{\"@id\":\"https:\/\/www.psi-polymersystems.com\/#organization\"},\"potentialAction\":[{\"@type\":\"SearchAction\",\"target\":{\"@type\":\"EntryPoint\",\"urlTemplate\":\"https:\/\/www.psi-polymersystems.com\/?s={search_term_string}\"},\"query-input\":{\"@type\":\"PropertyValueSpecification\",\"valueRequired\":true,\"valueName\":\"search_term_string\"}}],\"inLanguage\":\"fr-CA\"},{\"@type\":\"Organization\",\"@id\":\"https:\/\/www.psi-polymersystems.com\/#organization\",\"name\":\"PSI-Polymer Systems, Inc.\",\"url\":\"https:\/\/www.psi-polymersystems.com\/\",\"logo\":{\"@type\":\"ImageObject\",\"inLanguage\":\"fr-CA\",\"@id\":\"https:\/\/www.psi-polymersystems.com\/#\/schema\/logo\/image\/\",\"url\":\"\",\"contentUrl\":\"\",\"caption\":\"PSI-Polymer Systems, Inc.\"},\"image\":{\"@id\":\"https:\/\/www.psi-polymersystems.com\/#\/schema\/logo\/image\/\"},\"sameAs\":[\"https:\/\/www.facebook.com\/psipolymersystems\/\",\"https:\/\/www.linkedin.com\/showcase\/psi-polymer-systems\"]}]}<\/script>\n<!-- \/ Yoast SEO Premium plugin. -->","yoast_head_json":{"title":"FAQ - Static Mixer - PSI-Polymer Systems","robots":{"index":"index","follow":"follow","max-snippet":"max-snippet:-1","max-image-preview":"max-image-preview:large","max-video-preview":"max-video-preview:-1"},"canonical":"https:\/\/www.psi-polymersystems.com\/fr_ca\/faq-static-mixer\/","og_locale":"fr_CA","og_type":"article","og_title":"FAQ - Static Mixer","og_description":"Static Mixer - FAQ FAQs for Static Mixers in Plastics Extrusion1. What is a static mixer, and how does it work in plastics extrusion?A static mixer is a","og_url":"https:\/\/www.psi-polymersystems.com\/fr_ca\/faq-static-mixer\/","og_site_name":"PSI-Polymer Systems","article_publisher":"https:\/\/www.facebook.com\/psipolymersystems\/","article_modified_time":"2025-07-02T21:05:41+00:00","og_image":[{"width":1262,"height":270,"url":"https:\/\/www.psi-polymersystems.com\/wp-content\/uploads\/2020\/09\/Mixer-Flow-Division.jpg","type":"image\/jpeg"}],"twitter_card":"summary_large_image","twitter_misc":{"Estimation du temps de lecture":"4 minutes"},"schema":{"@context":"https:\/\/schema.org","@graph":[{"@type":"WebPage","@id":"https:\/\/www.psi-polymersystems.com\/faq-static-mixer\/","url":"https:\/\/www.psi-polymersystems.com\/faq-static-mixer\/","name":"FAQ - Static Mixer - PSI-Polymer Systems","isPartOf":{"@id":"https:\/\/www.psi-polymersystems.com\/#website"},"primaryImageOfPage":{"@id":"https:\/\/www.psi-polymersystems.com\/faq-static-mixer\/#primaryimage"},"image":{"@id":"https:\/\/www.psi-polymersystems.com\/faq-static-mixer\/#primaryimage"},"thumbnailUrl":"https:\/\/www.psi-polymersystems.com\/wp-content\/uploads\/2020\/09\/Mixer-Flow-Division-1024x219.jpg","datePublished":"2025-07-02T21:00:18+00:00","dateModified":"2025-07-02T21:05:41+00:00","breadcrumb":{"@id":"https:\/\/www.psi-polymersystems.com\/faq-static-mixer\/#breadcrumb"},"inLanguage":"fr-CA","potentialAction":[{"@type":"ReadAction","target":["https:\/\/www.psi-polymersystems.com\/faq-static-mixer\/"]}]},{"@type":"ImageObject","inLanguage":"fr-CA","@id":"https:\/\/www.psi-polymersystems.com\/faq-static-mixer\/#primaryimage","url":"https:\/\/www.psi-polymersystems.com\/wp-content\/uploads\/2020\/09\/Mixer-Flow-Division-1024x219.jpg","contentUrl":"https:\/\/www.psi-polymersystems.com\/wp-content\/uploads\/2020\/09\/Mixer-Flow-Division-1024x219.jpg"},{"@type":"BreadcrumbList","@id":"https:\/\/www.psi-polymersystems.com\/faq-static-mixer\/#breadcrumb","itemListElement":[{"@type":"ListItem","position":1,"name":"Home","item":"https:\/\/www.psi-polymersystems.com\/"},{"@type":"ListItem","position":2,"name":"FAQ &#8211; Static Mixer"}]},{"@type":"WebSite","@id":"https:\/\/www.psi-polymersystems.com\/#website","url":"https:\/\/www.psi-polymersystems.com\/","name":"PSI-Polymer Systems","description":"","publisher":{"@id":"https:\/\/www.psi-polymersystems.com\/#organization"},"potentialAction":[{"@type":"SearchAction","target":{"@type":"EntryPoint","urlTemplate":"https:\/\/www.psi-polymersystems.com\/?s={search_term_string}"},"query-input":{"@type":"PropertyValueSpecification","valueRequired":true,"valueName":"search_term_string"}}],"inLanguage":"fr-CA"},{"@type":"Organization","@id":"https:\/\/www.psi-polymersystems.com\/#organization","name":"PSI-Polymer Systems, Inc.","url":"https:\/\/www.psi-polymersystems.com\/","logo":{"@type":"ImageObject","inLanguage":"fr-CA","@id":"https:\/\/www.psi-polymersystems.com\/#\/schema\/logo\/image\/","url":"","contentUrl":"","caption":"PSI-Polymer Systems, Inc."},"image":{"@id":"https:\/\/www.psi-polymersystems.com\/#\/schema\/logo\/image\/"},"sameAs":["https:\/\/www.facebook.com\/psipolymersystems\/","https:\/\/www.linkedin.com\/showcase\/psi-polymer-systems"]}]}},"_links":{"self":[{"href":"https:\/\/www.psi-polymersystems.com\/fr_ca\/wp-json\/wp\/v2\/pages\/12712","targetHints":{"allow":["GET"]}}],"collection":[{"href":"https:\/\/www.psi-polymersystems.com\/fr_ca\/wp-json\/wp\/v2\/pages"}],"about":[{"href":"https:\/\/www.psi-polymersystems.com\/fr_ca\/wp-json\/wp\/v2\/types\/page"}],"author":[{"embeddable":true,"href":"https:\/\/www.psi-polymersystems.com\/fr_ca\/wp-json\/wp\/v2\/users\/2"}],"replies":[{"embeddable":true,"href":"https:\/\/www.psi-polymersystems.com\/fr_ca\/wp-json\/wp\/v2\/comments?post=12712"}],"version-history":[{"count":6,"href":"https:\/\/www.psi-polymersystems.com\/fr_ca\/wp-json\/wp\/v2\/pages\/12712\/revisions"}],"predecessor-version":[{"id":12722,"href":"https:\/\/www.psi-polymersystems.com\/fr_ca\/wp-json\/wp\/v2\/pages\/12712\/revisions\/12722"}],"wp:attachment":[{"href":"https:\/\/www.psi-polymersystems.com\/fr_ca\/wp-json\/wp\/v2\/media?parent=12712"}],"curies":[{"name":"wp","href":"https:\/\/api.w.org\/{rel}","templated":true}]}}