{"id":137,"date":"2020-07-06T14:32:30","date_gmt":"2020-07-06T14:32:30","guid":{"rendered":"https:\/\/psi-polymersystems.com\/?page_id=137"},"modified":"2024-07-26T18:10:49","modified_gmt":"2024-07-26T18:10:49","slug":"about-us","status":"publish","type":"page","link":"https:\/\/www.psi-polymersystems.com\/fr_ca\/about-us\/","title":{"rendered":"\u00c0 propos de nous"},"content":{"rendered":"<div data-elementor-type=\"wp-page\" data-elementor-id=\"137\" class=\"elementor elementor-137\" data-elementor-post-type=\"page\">\n\t\t\t\t\t\t<section class=\"elementor-section elementor-top-section elementor-element elementor-element-65c99629 elementor-section-boxed elementor-section-height-default elementor-section-height-default\" data-id=\"65c99629\" data-element_type=\"section\" data-e-type=\"section\">\n\t\t\t\t\t\t<div class=\"elementor-container elementor-column-gap-default\">\n\t\t\t\t\t<div class=\"elementor-column elementor-col-50 elementor-top-column elementor-element elementor-element-592006da\" data-id=\"592006da\" data-element_type=\"column\" data-e-type=\"column\">\n\t\t\t<div class=\"elementor-widget-wrap elementor-element-populated\">\n\t\t\t\t\t\t<div class=\"elementor-element elementor-element-e481e13 elementor-widget elementor-widget-text-editor\" data-id=\"e481e13\" data-element_type=\"widget\" data-e-type=\"widget\" data-widget_type=\"text-editor.default\">\n\t\t\t\t<div class=\"elementor-widget-container\">\n\t\t\t\t\t\t\t\t\t<div><h2 class=\"elementor-heading-title elementor-size-default elementor-inline-editing pen\" style=\"letter-spacing: normal; text-align: left; color: #7a7a7a;\" data-elementor-setting-key=\"title\" data-pen-placeholder=\"Type Here...\">\u00c0 propos de nous<\/h2><\/div>\t\t\t\t\t\t\t\t<\/div>\n\t\t\t\t<\/div>\n\t\t\t\t\t<\/div>\n\t\t<\/div>\n\t\t\t\t<div class=\"elementor-column elementor-col-50 elementor-top-column elementor-element elementor-element-3335e9c2\" data-id=\"3335e9c2\" data-element_type=\"column\" data-e-type=\"column\">\n\t\t\t<div class=\"elementor-widget-wrap elementor-element-populated\">\n\t\t\t\t\t\t\t<\/div>\n\t\t<\/div>\n\t\t\t\t\t<\/div>\n\t\t<\/section>\n\t\t\t\t<section class=\"elementor-section elementor-top-section elementor-element elementor-element-73b1f728 elementor-section-boxed elementor-section-height-default elementor-section-height-default\" data-id=\"73b1f728\" data-element_type=\"section\" data-e-type=\"section\">\n\t\t\t\t\t\t<div class=\"elementor-container elementor-column-gap-default\">\n\t\t\t\t\t<div class=\"elementor-column elementor-col-50 elementor-top-column elementor-element elementor-element-1111a7ae\" data-id=\"1111a7ae\" data-element_type=\"column\" data-e-type=\"column\">\n\t\t\t<div class=\"elementor-widget-wrap elementor-element-populated\">\n\t\t\t\t\t\t<div class=\"elementor-element elementor-element-740416b1 elementor-widget elementor-widget-text-editor\" data-id=\"740416b1\" data-element_type=\"widget\" data-e-type=\"widget\" data-widget_type=\"text-editor.default\">\n\t\t\t\t<div class=\"elementor-widget-container\">\n\t\t\t\t\t\t\t\t\t<p style=\"background: white; margin: 0in 0in 12.0pt 0in;\"><span style=\"font-family: 'Helvetica',sans-serif; color: #3b3d42;\">Bas\u00e9e \u00e0 Conover, en Caroline du Nord, PSI-Polymer Systems, Inc. est l&#039;un des principaux fournisseurs mondiaux de pompes \u00e0 engrenages hautes performances, de changeurs de tamis, d&#039;auxiliaires personnalis\u00e9s et de reconstructions pour les industries des polym\u00e8res, des adh\u00e9sifs, des produits chimiques et de la transformation alimentaire.<\/span><\/p><p style=\"background: white; box-sizing: border-box; font-variant-ligatures: normal; font-variant-caps: normal; orphans: 2; widows: 2; -webkit-text-stroke-width: 0px; text-decoration-thickness: initial; text-decoration-style: initial; text-decoration-color: initial; word-spacing: 0px; margin: 0in 0in 12.0pt 0in;\"><span style=\"font-family: 'Helvetica',sans-serif; color: #3b3d42;\">Fond\u00e9e en 2000 par un v\u00e9t\u00e9ran de l&#039;industrie et soutenue par une \u00e9quipe d\u00e9vou\u00e9e d&#039;anciens propri\u00e9taires d&#039;entreprises de pompes \u00e0 engrenages et de changeurs de tamis, la vision de PSI consistant \u00e0 syst\u00e9matiser le mat\u00e9riel de processus entre l&#039;extrudeuse et la fili\u00e8re s&#039;est rapidement impos\u00e9e. En introduisant des technologies int\u00e9grant des am\u00e9liorations de machines exclusives et brevet\u00e9es, PSI a remis en question la conception de syst\u00e8mes conventionnels et a finalement relev\u00e9 les normes de l&#039;industrie en mati\u00e8re de performances et d&#039;approvisionnement.\u00a0<\/span><\/p><p style=\"background: white; box-sizing: border-box; font-variant-ligatures: normal; font-variant-caps: normal; orphans: 2; widows: 2; -webkit-text-stroke-width: 0px; text-decoration-thickness: initial; text-decoration-style: initial; text-decoration-color: initial; word-spacing: 0px; margin: 0in 0in 12.0pt 0in;\"><span style=\"font-family: 'Helvetica',sans-serif; color: #3b3d42;\">Nos collaborateurs travaillent dur pour relever tous les d\u00e9fis et d\u00e9passer les attentes lorsque cela est possible. Les r\u00e9sultats ont conduit \u00e0 plusieurs nouveaux brevets. Pourtant, toutes les demandes n\u2019ont pas besoin d\u2019\u00e9quipement comme solution. Pour certains, il suffit de mieux comprendre le fonctionnement d&#039;un syst\u00e8me existant, que ce soit en formant le personnel de l&#039;usine, en comprenant l&#039;interop\u00e9rabilit\u00e9 du mat\u00e9riel ou en analysant et en am\u00e9liorant les conditions de traitement. L&#039;approche consultative du PSI est structur\u00e9e pour aider les transformateurs \u00e0 trouver la meilleure solution \u00e0 un probl\u00e8me particulier. Si nous \u00e9tablissons une relation commerciale continue, tant mieux. Voil\u00e0 toute l&#039;histoire.<\/span><\/p><p style=\"background: white; box-sizing: border-box; font-variant-ligatures: normal; font-variant-caps: normal; orphans: 2; widows: 2; -webkit-text-stroke-width: 0px; text-decoration-thickness: initial; text-decoration-style: initial; text-decoration-color: initial; word-spacing: 0px; margin: 0in 0in 12.0pt 0in;\"><span style=\"font-family: 'Helvetica',sans-serif; color: #3b3d42;\">Nos solutions d&#039;\u00e9quipement et de syst\u00e8mes sont les meilleures propos\u00e9es par l&#039;industrie, mais le c\u0153ur r\u00e9side dans nos collaborateurs et dans notre engagement \u00e0 faire tout ce qu&#039;il faut pour satisfaire nos clients.<\/span><\/p><p style=\"background: white; box-sizing: border-box; font-variant-ligatures: normal; font-variant-caps: normal; orphans: 2; widows: 2; -webkit-text-stroke-width: 0px; text-decoration-thickness: initial; text-decoration-style: initial; text-decoration-color: initial; word-spacing: 0px; margin: 0in 0in 12.0pt 0in;\"><span style=\"font-family: 'Helvetica',sans-serif; color: #3b3d42;\"><a style=\"box-sizing: border-box; transition: 0.3s; box-shadow: none;\" href=\"https:\/\/www.psi-polymersystems.com\/fr_ca\/accomplishments\/\"><span style=\"color: #398ffc; text-decoration: none; text-underline: none;\">Cliquez ici<\/span><\/a>\u00a0pour les jalons de notre voyage.<\/span><\/p>\t\t\t\t\t\t\t\t<\/div>\n\t\t\t\t<\/div>\n\t\t\t\t\t<\/div>\n\t\t<\/div>\n\t\t\t\t<div class=\"elementor-column elementor-col-50 elementor-top-column elementor-element elementor-element-c39be45\" data-id=\"c39be45\" data-element_type=\"column\" data-e-type=\"column\">\n\t\t\t<div class=\"elementor-widget-wrap elementor-element-populated\">\n\t\t\t\t\t\t<div class=\"elementor-element elementor-element-78572a6 elementor-widget elementor-widget-image\" data-id=\"78572a6\" data-element_type=\"widget\" data-e-type=\"widget\" data-widget_type=\"image.default\">\n\t\t\t\t<div class=\"elementor-widget-container\">\n\t\t\t\t\t\t\t\t\t\t\t\t\t\t\t<img fetchpriority=\"high\" decoding=\"async\" width=\"758\" height=\"1024\" src=\"https:\/\/www.psi-polymersystems.com\/wp-content\/uploads\/2020\/08\/About-Us-758x1024.jpg\" class=\"attachment-large size-large wp-image-4299\" alt=\"About PSI Polymer Systems Inc. Employees\" srcset=\"https:\/\/www.psi-polymersystems.com\/wp-content\/uploads\/2020\/08\/About-Us-758x1024.jpg 758w, https:\/\/www.psi-polymersystems.com\/wp-content\/uploads\/2020\/08\/About-Us-222x300.jpg 222w, https:\/\/www.psi-polymersystems.com\/wp-content\/uploads\/2020\/08\/About-Us-768x1038.jpg 768w, https:\/\/www.psi-polymersystems.com\/wp-content\/uploads\/2020\/08\/About-Us-1136x1536.jpg 1136w, https:\/\/www.psi-polymersystems.com\/wp-content\/uploads\/2020\/08\/About-Us-370x500.jpg 370w, https:\/\/www.psi-polymersystems.com\/wp-content\/uploads\/2020\/08\/About-Us-600x811.jpg 600w, https:\/\/www.psi-polymersystems.com\/wp-content\/uploads\/2020\/08\/About-Us.jpg 1200w\" sizes=\"(max-width: 758px) 100vw, 758px\" \/>\t\t\t\t\t\t\t\t\t\t\t\t\t\t\t<\/div>\n\t\t\t\t<\/div>\n\t\t\t\t\t<\/div>\n\t\t<\/div>\n\t\t\t\t\t<\/div>\n\t\t<\/section>\n\t\t\t\t<\/div>","protected":false},"excerpt":{"rendered":"<p>\u00c0 propos de nous Bas\u00e9e \u00e0 Conover, en Caroline du Nord, PSI-Polymer Systems, Inc. est un fournisseur mondial de premier plan de pompes \u00e0 engrenages hautes performances, de changeurs de tamis, d&#039;auxiliaires personnalis\u00e9s et de reconstructions pour les industries des polym\u00e8res, des adh\u00e9sifs, des produits chimiques et de la transformation des aliments. Fond\u00e9e en 2000 par un v\u00e9t\u00e9ran de l&#039;industrie et soutenue par une \u00e9quipe d\u00e9vou\u00e9e d&#039;anciens propri\u00e9taires d&#039;entreprises de pompes \u00e0 engrenages et de changeurs de tamis, [\u2026]<\/p>","protected":false},"author":2,"featured_media":0,"parent":0,"menu_order":0,"comment_status":"closed","ping_status":"closed","template":"","meta":{"_monsterinsights_skip_tracking":false,"_monsterinsights_sitenote_active":false,"_monsterinsights_sitenote_note":"","_monsterinsights_sitenote_category":0,"footnotes":""},"class_list":["post-137","page","type-page","status-publish","hentry"],"yoast_head":"<!-- This site is optimized with the Yoast SEO Premium plugin v25.0 (Yoast SEO v25.0) - https:\/\/yoast.com\/wordpress\/plugins\/seo\/ -->\n<title>About Us - PSI-Polymer Systems<\/title>\n<meta name=\"description\" content=\"Learn about high-performance gear pumps, screen changers &amp; auxiliaries for the polymer, adhesive and chemical industries. PSI-Polymer Systems - made in the USA.\" \/>\n<meta name=\"robots\" content=\"index, follow, max-snippet:-1, max-image-preview:large, max-video-preview:-1\" \/>\n<link rel=\"canonical\" href=\"https:\/\/www.psi-polymersystems.com\/fr_ca\/about-us\/\" \/>\n<meta property=\"og:locale\" content=\"fr_CA\" \/>\n<meta property=\"og:type\" content=\"article\" \/>\n<meta property=\"og:title\" content=\"About Us\" \/>\n<meta property=\"og:description\" content=\"About UsHeadquartered in Conover, North Carolina, PSI-Polymer Systems, Inc. is a leading global supplier of high-performance gear pumps, screen changers,\" \/>\n<meta property=\"og:url\" content=\"https:\/\/www.psi-polymersystems.com\/fr_ca\/about-us\/\" \/>\n<meta property=\"og:site_name\" content=\"PSI-Polymer Systems\" \/>\n<meta property=\"article:publisher\" content=\"https:\/\/www.facebook.com\/psipolymersystems\/\" \/>\n<meta property=\"article:modified_time\" content=\"2024-07-26T18:10:49+00:00\" \/>\n<meta property=\"og:image\" content=\"https:\/\/www.psi-polymersystems.com\/wp-content\/uploads\/2020\/08\/About-Us-758x1024.jpg\" \/>\n<meta name=\"twitter:card\" content=\"summary_large_image\" \/>\n<meta name=\"twitter:label1\" content=\"Estimation du temps de lecture\" \/>\n\t<meta name=\"twitter:data1\" content=\"2 minutes\" \/>\n<script type=\"application\/ld+json\" class=\"yoast-schema-graph\">{\"@context\":\"https:\/\/schema.org\",\"@graph\":[{\"@type\":\"WebPage\",\"@id\":\"https:\/\/www.psi-polymersystems.com\/about-us\/\",\"url\":\"https:\/\/www.psi-polymersystems.com\/about-us\/\",\"name\":\"About Us - PSI-Polymer Systems\",\"isPartOf\":{\"@id\":\"https:\/\/www.psi-polymersystems.com\/#website\"},\"primaryImageOfPage\":{\"@id\":\"https:\/\/www.psi-polymersystems.com\/about-us\/#primaryimage\"},\"image\":{\"@id\":\"https:\/\/www.psi-polymersystems.com\/about-us\/#primaryimage\"},\"thumbnailUrl\":\"https:\/\/www.psi-polymersystems.com\/wp-content\/uploads\/2020\/08\/About-Us-758x1024.jpg\",\"datePublished\":\"2020-07-06T14:32:30+00:00\",\"dateModified\":\"2024-07-26T18:10:49+00:00\",\"description\":\"Learn about high-performance gear pumps, screen changers & auxiliaries for the polymer, adhesive and chemical industries. PSI-Polymer Systems - made in the USA.\",\"breadcrumb\":{\"@id\":\"https:\/\/www.psi-polymersystems.com\/about-us\/#breadcrumb\"},\"inLanguage\":\"fr-CA\",\"potentialAction\":[{\"@type\":\"ReadAction\",\"target\":[\"https:\/\/www.psi-polymersystems.com\/about-us\/\"]}]},{\"@type\":\"ImageObject\",\"inLanguage\":\"fr-CA\",\"@id\":\"https:\/\/www.psi-polymersystems.com\/about-us\/#primaryimage\",\"url\":\"https:\/\/www.psi-polymersystems.com\/wp-content\/uploads\/2020\/08\/About-Us-758x1024.jpg\",\"contentUrl\":\"https:\/\/www.psi-polymersystems.com\/wp-content\/uploads\/2020\/08\/About-Us-758x1024.jpg\"},{\"@type\":\"BreadcrumbList\",\"@id\":\"https:\/\/www.psi-polymersystems.com\/about-us\/#breadcrumb\",\"itemListElement\":[{\"@type\":\"ListItem\",\"position\":1,\"name\":\"Home\",\"item\":\"https:\/\/www.psi-polymersystems.com\/\"},{\"@type\":\"ListItem\",\"position\":2,\"name\":\"About Us\"}]},{\"@type\":\"WebSite\",\"@id\":\"https:\/\/www.psi-polymersystems.com\/#website\",\"url\":\"https:\/\/www.psi-polymersystems.com\/\",\"name\":\"PSI-Polymer Systems\",\"description\":\"\",\"publisher\":{\"@id\":\"https:\/\/www.psi-polymersystems.com\/#organization\"},\"potentialAction\":[{\"@type\":\"SearchAction\",\"target\":{\"@type\":\"EntryPoint\",\"urlTemplate\":\"https:\/\/www.psi-polymersystems.com\/?s={search_term_string}\"},\"query-input\":{\"@type\":\"PropertyValueSpecification\",\"valueRequired\":true,\"valueName\":\"search_term_string\"}}],\"inLanguage\":\"fr-CA\"},{\"@type\":\"Organization\",\"@id\":\"https:\/\/www.psi-polymersystems.com\/#organization\",\"name\":\"PSI-Polymer Systems, Inc.\",\"url\":\"https:\/\/www.psi-polymersystems.com\/\",\"logo\":{\"@type\":\"ImageObject\",\"inLanguage\":\"fr-CA\",\"@id\":\"https:\/\/www.psi-polymersystems.com\/#\/schema\/logo\/image\/\",\"url\":\"\",\"contentUrl\":\"\",\"caption\":\"PSI-Polymer Systems, Inc.\"},\"image\":{\"@id\":\"https:\/\/www.psi-polymersystems.com\/#\/schema\/logo\/image\/\"},\"sameAs\":[\"https:\/\/www.facebook.com\/psipolymersystems\/\",\"https:\/\/www.linkedin.com\/showcase\/psi-polymer-systems\"]}]}<\/script>\n<!-- \/ Yoast SEO Premium plugin. -->","yoast_head_json":{"title":"About Us - PSI-Polymer Systems","description":"Learn about high-performance gear pumps, screen changers & auxiliaries for the polymer, adhesive and chemical industries. PSI-Polymer Systems - made in the USA.","robots":{"index":"index","follow":"follow","max-snippet":"max-snippet:-1","max-image-preview":"max-image-preview:large","max-video-preview":"max-video-preview:-1"},"canonical":"https:\/\/www.psi-polymersystems.com\/fr_ca\/about-us\/","og_locale":"fr_CA","og_type":"article","og_title":"About Us","og_description":"About UsHeadquartered in Conover, North Carolina, PSI-Polymer Systems, Inc. is a leading global supplier of high-performance gear pumps, screen changers,","og_url":"https:\/\/www.psi-polymersystems.com\/fr_ca\/about-us\/","og_site_name":"PSI-Polymer Systems","article_publisher":"https:\/\/www.facebook.com\/psipolymersystems\/","article_modified_time":"2024-07-26T18:10:49+00:00","og_image":[{"url":"https:\/\/www.psi-polymersystems.com\/wp-content\/uploads\/2020\/08\/About-Us-758x1024.jpg","type":"","width":"","height":""}],"twitter_card":"summary_large_image","twitter_misc":{"Estimation du temps de lecture":"2 minutes"},"schema":{"@context":"https:\/\/schema.org","@graph":[{"@type":"WebPage","@id":"https:\/\/www.psi-polymersystems.com\/about-us\/","url":"https:\/\/www.psi-polymersystems.com\/about-us\/","name":"About Us - PSI-Polymer Systems","isPartOf":{"@id":"https:\/\/www.psi-polymersystems.com\/#website"},"primaryImageOfPage":{"@id":"https:\/\/www.psi-polymersystems.com\/about-us\/#primaryimage"},"image":{"@id":"https:\/\/www.psi-polymersystems.com\/about-us\/#primaryimage"},"thumbnailUrl":"https:\/\/www.psi-polymersystems.com\/wp-content\/uploads\/2020\/08\/About-Us-758x1024.jpg","datePublished":"2020-07-06T14:32:30+00:00","dateModified":"2024-07-26T18:10:49+00:00","description":"Learn about high-performance gear pumps, screen changers & auxiliaries for the polymer, adhesive and chemical industries. PSI-Polymer Systems - made in the USA.","breadcrumb":{"@id":"https:\/\/www.psi-polymersystems.com\/about-us\/#breadcrumb"},"inLanguage":"fr-CA","potentialAction":[{"@type":"ReadAction","target":["https:\/\/www.psi-polymersystems.com\/about-us\/"]}]},{"@type":"ImageObject","inLanguage":"fr-CA","@id":"https:\/\/www.psi-polymersystems.com\/about-us\/#primaryimage","url":"https:\/\/www.psi-polymersystems.com\/wp-content\/uploads\/2020\/08\/About-Us-758x1024.jpg","contentUrl":"https:\/\/www.psi-polymersystems.com\/wp-content\/uploads\/2020\/08\/About-Us-758x1024.jpg"},{"@type":"BreadcrumbList","@id":"https:\/\/www.psi-polymersystems.com\/about-us\/#breadcrumb","itemListElement":[{"@type":"ListItem","position":1,"name":"Home","item":"https:\/\/www.psi-polymersystems.com\/"},{"@type":"ListItem","position":2,"name":"About Us"}]},{"@type":"WebSite","@id":"https:\/\/www.psi-polymersystems.com\/#website","url":"https:\/\/www.psi-polymersystems.com\/","name":"PSI-Polymer Systems","description":"","publisher":{"@id":"https:\/\/www.psi-polymersystems.com\/#organization"},"potentialAction":[{"@type":"SearchAction","target":{"@type":"EntryPoint","urlTemplate":"https:\/\/www.psi-polymersystems.com\/?s={search_term_string}"},"query-input":{"@type":"PropertyValueSpecification","valueRequired":true,"valueName":"search_term_string"}}],"inLanguage":"fr-CA"},{"@type":"Organization","@id":"https:\/\/www.psi-polymersystems.com\/#organization","name":"PSI-Polymer Systems, Inc.","url":"https:\/\/www.psi-polymersystems.com\/","logo":{"@type":"ImageObject","inLanguage":"fr-CA","@id":"https:\/\/www.psi-polymersystems.com\/#\/schema\/logo\/image\/","url":"","contentUrl":"","caption":"PSI-Polymer Systems, Inc."},"image":{"@id":"https:\/\/www.psi-polymersystems.com\/#\/schema\/logo\/image\/"},"sameAs":["https:\/\/www.facebook.com\/psipolymersystems\/","https:\/\/www.linkedin.com\/showcase\/psi-polymer-systems"]}]}},"_links":{"self":[{"href":"https:\/\/www.psi-polymersystems.com\/fr_ca\/wp-json\/wp\/v2\/pages\/137","targetHints":{"allow":["GET"]}}],"collection":[{"href":"https:\/\/www.psi-polymersystems.com\/fr_ca\/wp-json\/wp\/v2\/pages"}],"about":[{"href":"https:\/\/www.psi-polymersystems.com\/fr_ca\/wp-json\/wp\/v2\/types\/page"}],"author":[{"embeddable":true,"href":"https:\/\/www.psi-polymersystems.com\/fr_ca\/wp-json\/wp\/v2\/users\/2"}],"replies":[{"embeddable":true,"href":"https:\/\/www.psi-polymersystems.com\/fr_ca\/wp-json\/wp\/v2\/comments?post=137"}],"version-history":[{"count":3,"href":"https:\/\/www.psi-polymersystems.com\/fr_ca\/wp-json\/wp\/v2\/pages\/137\/revisions"}],"predecessor-version":[{"id":12086,"href":"https:\/\/www.psi-polymersystems.com\/fr_ca\/wp-json\/wp\/v2\/pages\/137\/revisions\/12086"}],"wp:attachment":[{"href":"https:\/\/www.psi-polymersystems.com\/fr_ca\/wp-json\/wp\/v2\/media?parent=137"}],"curies":[{"name":"wp","href":"https:\/\/api.w.org\/{rel}","templated":true}]}}