{"id":145,"date":"2020-07-06T14:35:21","date_gmt":"2020-07-06T14:35:21","guid":{"rendered":"https:\/\/psi-polymersystems.com\/?page_id=145"},"modified":"2020-09-15T13:52:25","modified_gmt":"2020-09-15T13:52:25","slug":"testimonials","status":"publish","type":"page","link":"https:\/\/www.psi-polymersystems.com\/fr_ca\/testimonials\/","title":{"rendered":"T\u00e9moignages"},"content":{"rendered":"<div data-elementor-type=\"wp-page\" data-elementor-id=\"145\" class=\"elementor elementor-145\" data-elementor-post-type=\"page\">\n\t\t\t\t\t\t<section class=\"elementor-section elementor-top-section elementor-element elementor-element-2c299cb elementor-section-boxed elementor-section-height-default elementor-section-height-default\" data-id=\"2c299cb\" data-element_type=\"section\" data-e-type=\"section\">\n\t\t\t\t\t\t<div class=\"elementor-container elementor-column-gap-default\">\n\t\t\t\t\t<div class=\"elementor-column elementor-col-100 elementor-top-column elementor-element elementor-element-e63f21d\" data-id=\"e63f21d\" data-element_type=\"column\" data-e-type=\"column\">\n\t\t\t<div class=\"elementor-widget-wrap elementor-element-populated\">\n\t\t\t\t\t\t<div class=\"elementor-element elementor-element-8b9ecba elementor-widget elementor-widget-text-editor\" data-id=\"8b9ecba\" data-element_type=\"widget\" data-e-type=\"widget\" data-widget_type=\"text-editor.default\">\n\t\t\t\t<div class=\"elementor-widget-container\">\n\t\t\t\t\t\t\t\t\t<h3>Comment les \u00e9quipements du PSI ont profit\u00e9 \u00e0 ces entreprises !<\/h3>\t\t\t\t\t\t\t\t<\/div>\n\t\t\t\t<\/div>\n\t\t\t\t\t<\/div>\n\t\t<\/div>\n\t\t\t\t\t<\/div>\n\t\t<\/section>\n\t\t\t\t<section class=\"elementor-section elementor-top-section elementor-element elementor-element-35cd8c2c elementor-section-boxed elementor-section-height-default elementor-section-height-default\" data-id=\"35cd8c2c\" data-element_type=\"section\" data-e-type=\"section\">\n\t\t\t\t\t\t<div class=\"elementor-container elementor-column-gap-default\">\n\t\t\t\t\t<div class=\"elementor-column elementor-col-100 elementor-top-column elementor-element elementor-element-4af4ce64\" data-id=\"4af4ce64\" data-element_type=\"column\" data-e-type=\"column\">\n\t\t\t<div class=\"elementor-widget-wrap elementor-element-populated\">\n\t\t\t\t\t\t<div class=\"elementor-element elementor-element-5f3c7943 elementor-widget elementor-widget-text-editor\" data-id=\"5f3c7943\" data-element_type=\"widget\" data-e-type=\"widget\" data-widget_type=\"text-editor.default\">\n\t\t\t\t<div class=\"elementor-widget-container\">\n\t\t\t\t\t\t\t\t\t\n<h3 class=\"wp-block-heading\"><span style=\"color: #0693e3;\">R\u00e9sines Verity<\/span><\/h3>\n\n<p>Lorsque nous avons demand\u00e9 \u00e0 PSI-Polymer Systems de nous fournir un changeur de tamis qui permettrait un d\u00e9bit accru, PSI a vendu une unit\u00e9 \u00e0 Verity Resins tout en offrant une garantie d&#039;augmentation de production de 20%. Non seulement nous avons d\u00e9pass\u00e9 un d\u00e9bit accru de 20%, mais nous avons \u00e9galement re\u00e7u une excellente formation pratique et une assistance technique que vous attendez d&#039;un fournisseur de niveau 1. Nous recommandons PSI comme fournisseur de premier choix pour toute entreprise souhaitant ajouter un changeur de tamis ou une pompe \u00e0 engrenages. Le service et l&#039;assistance sont aussi importants que l&#039;\u00e9quipement pour nous et PSI fournit les deux.<\/p>\n\n<h3 class=\"wp-block-heading\"><span style=\"color: #0693e3;\">Emballage P\u00e9ninsule<\/span><\/h3>\n\n<p>Peninsula Packaging a eu beaucoup de succ\u00e8s en travaillant avec PSI-Polymer Systems concernant les pompes \u00e0 engrenages, les changeurs de tamis et les m\u00e9langeurs statiques. Nous recommandons \u00e0 toute entreprise d&#039;extrusion de travailler avec PSI, car ils fabriquent des produits de qualit\u00e9 concernant les \u00e9quipements d&#039;extrusion auxiliaires.<\/p>\n\n<h3 class=\"wp-block-heading\"><span style=\"color: #0693e3;\">HB Fuller<\/span><\/h3>\n\n<p>HB Fuller a install\u00e9 plusieurs changeurs de tamis et pompes \u00e0 engrenages fabriqu\u00e9s par PSI-Polymer Systems. PSI a une excellente gamme de produits, un service client in\u00e9gal\u00e9, et ils continuent \u00e0 d\u00e9velopper de nouvelles technologies qui ont directement am\u00e9lior\u00e9 le processus par lequel nous fabriquons nos produits.<\/p>\n\n<h3 class=\"wp-block-heading\"><span style=\"color: #0693e3;\">Solutions de processus adh\u00e9sifs<\/span><\/h3>\n\n<p>Nous impl\u00e9mentons des changeurs de tamis et des pompes \u00e0 engrenages PSI-Polymer Systems dans nos applications d&#039;adh\u00e9sifs thermofusibles. PSI dispose d&#039;une \u00e9quipe extr\u00eamement comp\u00e9tente. Ils ont l&#039;exp\u00e9rience d&#039;application requise pour d\u00e9terminer exactement ce qui est n\u00e9cessaire pour rationaliser nos processus adh\u00e9sifs. PSI examine soigneusement chaque application et fournit ce qui est n\u00e9cessaire pour obtenir les r\u00e9sultats finaux souhait\u00e9s. Lorsque nous avons besoin de changeurs de tamis ou de pompes \u00e0 engrenages, nous nous tournons vers les experts de PSI. Pour plus d&#039;informations sur les solutions de traitement des adh\u00e9sifs, veuillez contacter\u00a0:<\/p>\n\n<ul class=\"wp-block-list\">\n<li>Gratuit<\/li>\n<li>Solutions de processus adh\u00e9sifs LLC<\/li>\n<li>Case postale 4<\/li>\n<li>Bandana, KY 42022<\/li>\n<li>Cellule 270-559-5377<\/li>\n<li>270-224-2699 bureau<\/li>\n<li><a href=\"mailto:dfree@adhesiveprocesssolutions.com?subject=Information Regarding Adhesive Process Solutions\">dfree@adhesiveprocesssolutions.com<\/a><\/li>\n<\/ul>\n\n<h3 class=\"wp-block-heading\"><span style=\"color: #0693e3;\">A\u00e9ropro<\/span><\/h3>\n\n<p>Nous sommes tr\u00e8s satisfaits de PSI-Polymer Systems. Il y a plusieurs choses qui composent une grande entreprise et cela commence par ses employ\u00e9s, ses produits et ses services. PSI occupe une place \u00e9lev\u00e9e sur les trois dans notre livre. Le meilleur endroit pour les pompes \u00e0 engrenages aux \u00c9tats-Unis\u00a0! L&#039;\u00e9quipe d&#039;assistance PSI est derri\u00e8re ses produits. Leur \u00e9quipe de service a l&#039;exp\u00e9rience et les connaissances n\u00e9cessaires pour r\u00e9pondre \u00e0 toutes les questions que nous leur posons ! Je ne vois pas comment \u00e7a peut s&#039;am\u00e9liorer. Vous \u00eates bons dans ce que vous faites.<\/p>\n\n<h3 class=\"wp-block-heading\"><span style=\"color: #0693e3;\">Extrusions plastiques g\u00e9n\u00e9rales<\/span><\/h3>\n\n<p>General Plastic Extrusions a remplac\u00e9 plusieurs changeurs de tamis par des changeurs de tamis manuels PSI-Polymer Systems. Ils ont fonctionn\u00e9 sans fuite et sans aucun probl\u00e8me de maintenance. Nous pr\u00e9voyons de travailler avec PSI \u00e0 l&#039;avenir pour nos prochains projets de changeur d&#039;\u00e9cran.<\/p>\n\n<h3 class=\"wp-block-heading\"><span style=\"color: #0693e3;\">Spencer Industries<\/span><\/h3>\n\n<p>Apr\u00e8s avoir utilis\u00e9 des pompes de fusion pendant plus de 15 ans, PSI a \u00e9t\u00e9 choisi pour reconstruire une pompe existante et pour \u00e9quiper une ancienne ligne de pompes et d&#039;adaptateurs. Ces projets ont commenc\u00e9 il y a plus d&#039;un an et nous avons trouv\u00e9 que PSI offrait des performances sup\u00e9rieures, un service client extr\u00eamement r\u00e9actif et une technologie qui fonctionne sur le plancher de production. PSI n&#039;a pas tard\u00e9 \u00e0 aider \u00e0 r\u00e9soudre chaque probl\u00e8me, et nous avons maintenant six pompes, neuves et reconstruites, fonctionnant parfaitement et sans fuite. Le plus grand atout de PSI est peut-\u00eatre qu&#039;ils nous ont appris une technologie de pompe de pr\u00e9cision qui nous permet de maintenir les performances et d&#039;\u00e9liminer les pannes catastrophiques. PSI a \u00e9t\u00e9 un fournisseur exceptionnel et un ajout bienvenu \u00e0 notre technologie. Ces gars-l\u00e0 savent vraiment comment faire fonctionner les pompes de fusion.<\/p>\n\t\t\t\t\t\t\t\t<\/div>\n\t\t\t\t<\/div>\n\t\t\t\t\t<\/div>\n\t\t<\/div>\n\t\t\t\t\t<\/div>\n\t\t<\/section>\n\t\t\t\t<\/div>","protected":false},"excerpt":{"rendered":"<p>Comment les \u00e9quipements du PSI ont profit\u00e9 \u00e0 ces entreprises ! Verity Resins Lorsque nous avons demand\u00e9 \u00e0 PSI-Polymer Systems de nous fournir un changeur de tamis qui permettrait d&#039;augmenter le d\u00e9bit, PSI a vendu \u00e0 Verity Resins une unit\u00e9 tout en garantissant une production accrue de 20%. Non seulement nous avons surmont\u00e9 un d\u00e9bit accru de 20%, nous avons \u00e9galement re\u00e7u [\u2026]<\/p>","protected":false},"author":2,"featured_media":0,"parent":0,"menu_order":0,"comment_status":"closed","ping_status":"closed","template":"","meta":{"_monsterinsights_skip_tracking":false,"_monsterinsights_sitenote_active":false,"_monsterinsights_sitenote_note":"","_monsterinsights_sitenote_category":0,"footnotes":""},"class_list":["post-145","page","type-page","status-publish","hentry"],"yoast_head":"<!-- This site is optimized with the Yoast SEO Premium plugin v25.0 (Yoast SEO v25.0) - https:\/\/yoast.com\/wordpress\/plugins\/seo\/ -->\n<title>Testimonials - PSI-Polymer Systems<\/title>\n<meta name=\"robots\" content=\"index, follow, max-snippet:-1, max-image-preview:large, max-video-preview:-1\" \/>\n<link rel=\"canonical\" href=\"https:\/\/www.psi-polymersystems.com\/fr_ca\/testimonials\/\" \/>\n<meta property=\"og:locale\" content=\"fr_CA\" \/>\n<meta property=\"og:type\" content=\"article\" \/>\n<meta property=\"og:title\" content=\"Testimonials\" \/>\n<meta property=\"og:description\" content=\"How PSI&#039;s equipment has benefited these companies! Verity Resins When we asked PSI-Polymer Systems to provide us with a screen changer that would allow\" \/>\n<meta property=\"og:url\" content=\"https:\/\/www.psi-polymersystems.com\/fr_ca\/testimonials\/\" \/>\n<meta property=\"og:site_name\" content=\"PSI-Polymer Systems\" \/>\n<meta property=\"article:publisher\" content=\"https:\/\/www.facebook.com\/psipolymersystems\/\" \/>\n<meta property=\"article:modified_time\" content=\"2020-09-15T13:52:25+00:00\" \/>\n<meta name=\"twitter:card\" content=\"summary_large_image\" \/>\n<meta name=\"twitter:label1\" content=\"Estimation du temps de lecture\" \/>\n\t<meta name=\"twitter:data1\" content=\"3 minutes\" \/>\n<script type=\"application\/ld+json\" class=\"yoast-schema-graph\">{\"@context\":\"https:\/\/schema.org\",\"@graph\":[{\"@type\":\"WebPage\",\"@id\":\"https:\/\/www.psi-polymersystems.com\/testimonials\/\",\"url\":\"https:\/\/www.psi-polymersystems.com\/testimonials\/\",\"name\":\"Testimonials - PSI-Polymer Systems\",\"isPartOf\":{\"@id\":\"https:\/\/www.psi-polymersystems.com\/#website\"},\"datePublished\":\"2020-07-06T14:35:21+00:00\",\"dateModified\":\"2020-09-15T13:52:25+00:00\",\"breadcrumb\":{\"@id\":\"https:\/\/www.psi-polymersystems.com\/testimonials\/#breadcrumb\"},\"inLanguage\":\"fr-CA\",\"potentialAction\":[{\"@type\":\"ReadAction\",\"target\":[\"https:\/\/www.psi-polymersystems.com\/testimonials\/\"]}]},{\"@type\":\"BreadcrumbList\",\"@id\":\"https:\/\/www.psi-polymersystems.com\/testimonials\/#breadcrumb\",\"itemListElement\":[{\"@type\":\"ListItem\",\"position\":1,\"name\":\"Home\",\"item\":\"https:\/\/www.psi-polymersystems.com\/\"},{\"@type\":\"ListItem\",\"position\":2,\"name\":\"Testimonials\"}]},{\"@type\":\"WebSite\",\"@id\":\"https:\/\/www.psi-polymersystems.com\/#website\",\"url\":\"https:\/\/www.psi-polymersystems.com\/\",\"name\":\"PSI-Polymer Systems\",\"description\":\"\",\"publisher\":{\"@id\":\"https:\/\/www.psi-polymersystems.com\/#organization\"},\"potentialAction\":[{\"@type\":\"SearchAction\",\"target\":{\"@type\":\"EntryPoint\",\"urlTemplate\":\"https:\/\/www.psi-polymersystems.com\/?s={search_term_string}\"},\"query-input\":{\"@type\":\"PropertyValueSpecification\",\"valueRequired\":true,\"valueName\":\"search_term_string\"}}],\"inLanguage\":\"fr-CA\"},{\"@type\":\"Organization\",\"@id\":\"https:\/\/www.psi-polymersystems.com\/#organization\",\"name\":\"PSI-Polymer Systems, Inc.\",\"url\":\"https:\/\/www.psi-polymersystems.com\/\",\"logo\":{\"@type\":\"ImageObject\",\"inLanguage\":\"fr-CA\",\"@id\":\"https:\/\/www.psi-polymersystems.com\/#\/schema\/logo\/image\/\",\"url\":\"\",\"contentUrl\":\"\",\"caption\":\"PSI-Polymer Systems, Inc.\"},\"image\":{\"@id\":\"https:\/\/www.psi-polymersystems.com\/#\/schema\/logo\/image\/\"},\"sameAs\":[\"https:\/\/www.facebook.com\/psipolymersystems\/\",\"https:\/\/www.linkedin.com\/showcase\/psi-polymer-systems\"]}]}<\/script>\n<!-- \/ Yoast SEO Premium plugin. -->","yoast_head_json":{"title":"Testimonials - PSI-Polymer Systems","robots":{"index":"index","follow":"follow","max-snippet":"max-snippet:-1","max-image-preview":"max-image-preview:large","max-video-preview":"max-video-preview:-1"},"canonical":"https:\/\/www.psi-polymersystems.com\/fr_ca\/testimonials\/","og_locale":"fr_CA","og_type":"article","og_title":"Testimonials","og_description":"How PSI's equipment has benefited these companies! Verity Resins When we asked PSI-Polymer Systems to provide us with a screen changer that would allow","og_url":"https:\/\/www.psi-polymersystems.com\/fr_ca\/testimonials\/","og_site_name":"PSI-Polymer Systems","article_publisher":"https:\/\/www.facebook.com\/psipolymersystems\/","article_modified_time":"2020-09-15T13:52:25+00:00","twitter_card":"summary_large_image","twitter_misc":{"Estimation du temps de lecture":"3 minutes"},"schema":{"@context":"https:\/\/schema.org","@graph":[{"@type":"WebPage","@id":"https:\/\/www.psi-polymersystems.com\/testimonials\/","url":"https:\/\/www.psi-polymersystems.com\/testimonials\/","name":"Testimonials - PSI-Polymer Systems","isPartOf":{"@id":"https:\/\/www.psi-polymersystems.com\/#website"},"datePublished":"2020-07-06T14:35:21+00:00","dateModified":"2020-09-15T13:52:25+00:00","breadcrumb":{"@id":"https:\/\/www.psi-polymersystems.com\/testimonials\/#breadcrumb"},"inLanguage":"fr-CA","potentialAction":[{"@type":"ReadAction","target":["https:\/\/www.psi-polymersystems.com\/testimonials\/"]}]},{"@type":"BreadcrumbList","@id":"https:\/\/www.psi-polymersystems.com\/testimonials\/#breadcrumb","itemListElement":[{"@type":"ListItem","position":1,"name":"Home","item":"https:\/\/www.psi-polymersystems.com\/"},{"@type":"ListItem","position":2,"name":"Testimonials"}]},{"@type":"WebSite","@id":"https:\/\/www.psi-polymersystems.com\/#website","url":"https:\/\/www.psi-polymersystems.com\/","name":"PSI-Polymer Systems","description":"","publisher":{"@id":"https:\/\/www.psi-polymersystems.com\/#organization"},"potentialAction":[{"@type":"SearchAction","target":{"@type":"EntryPoint","urlTemplate":"https:\/\/www.psi-polymersystems.com\/?s={search_term_string}"},"query-input":{"@type":"PropertyValueSpecification","valueRequired":true,"valueName":"search_term_string"}}],"inLanguage":"fr-CA"},{"@type":"Organization","@id":"https:\/\/www.psi-polymersystems.com\/#organization","name":"PSI-Polymer Systems, Inc.","url":"https:\/\/www.psi-polymersystems.com\/","logo":{"@type":"ImageObject","inLanguage":"fr-CA","@id":"https:\/\/www.psi-polymersystems.com\/#\/schema\/logo\/image\/","url":"","contentUrl":"","caption":"PSI-Polymer Systems, Inc."},"image":{"@id":"https:\/\/www.psi-polymersystems.com\/#\/schema\/logo\/image\/"},"sameAs":["https:\/\/www.facebook.com\/psipolymersystems\/","https:\/\/www.linkedin.com\/showcase\/psi-polymer-systems"]}]}},"_links":{"self":[{"href":"https:\/\/www.psi-polymersystems.com\/fr_ca\/wp-json\/wp\/v2\/pages\/145","targetHints":{"allow":["GET"]}}],"collection":[{"href":"https:\/\/www.psi-polymersystems.com\/fr_ca\/wp-json\/wp\/v2\/pages"}],"about":[{"href":"https:\/\/www.psi-polymersystems.com\/fr_ca\/wp-json\/wp\/v2\/types\/page"}],"author":[{"embeddable":true,"href":"https:\/\/www.psi-polymersystems.com\/fr_ca\/wp-json\/wp\/v2\/users\/2"}],"replies":[{"embeddable":true,"href":"https:\/\/www.psi-polymersystems.com\/fr_ca\/wp-json\/wp\/v2\/comments?post=145"}],"version-history":[{"count":0,"href":"https:\/\/www.psi-polymersystems.com\/fr_ca\/wp-json\/wp\/v2\/pages\/145\/revisions"}],"wp:attachment":[{"href":"https:\/\/www.psi-polymersystems.com\/fr_ca\/wp-json\/wp\/v2\/media?parent=145"}],"curies":[{"name":"wp","href":"https:\/\/api.w.org\/{rel}","templated":true}]}}