{"id":3841,"date":"2020-08-05T15:40:15","date_gmt":"2020-08-05T15:40:15","guid":{"rendered":"https:\/\/psi-polymersystems.com\/?page_id=3841"},"modified":"2025-02-10T21:27:19","modified_gmt":"2025-02-10T21:27:19","slug":"product-brochures","status":"publish","type":"page","link":"https:\/\/www.psi-polymersystems.com\/fr_ca\/product-brochures\/","title":{"rendered":"Brochures de produits"},"content":{"rendered":"<div data-elementor-type=\"wp-page\" data-elementor-id=\"3841\" class=\"elementor elementor-3841\" data-elementor-post-type=\"page\">\n\t\t\t\t\t\t<section class=\"elementor-section elementor-top-section elementor-element elementor-element-1a29baf elementor-section-boxed elementor-section-height-default elementor-section-height-default\" data-id=\"1a29baf\" data-element_type=\"section\" data-e-type=\"section\">\n\t\t\t\t\t\t<div class=\"elementor-container elementor-column-gap-default\">\n\t\t\t\t\t<div class=\"elementor-column elementor-col-50 elementor-top-column elementor-element elementor-element-2e9651c\" data-id=\"2e9651c\" data-element_type=\"column\" data-e-type=\"column\">\n\t\t\t<div class=\"elementor-widget-wrap elementor-element-populated\">\n\t\t\t\t\t\t<div class=\"elementor-element elementor-element-ec3ce1b elementor-view-default elementor-widget elementor-widget-icon\" data-id=\"ec3ce1b\" data-element_type=\"widget\" data-e-type=\"widget\" data-widget_type=\"icon.default\">\n\t\t\t\t<div class=\"elementor-widget-container\">\n\t\t\t\t\t\t\t<div class=\"elementor-icon-wrapper\">\n\t\t\t<div class=\"elementor-icon\">\n\t\t\t<i aria-hidden=\"true\" class=\"icon icon-download\"><\/i>\t\t\t<\/div>\n\t\t<\/div>\n\t\t\t\t\t\t<\/div>\n\t\t\t\t<\/div>\n\t\t\t\t\t<\/div>\n\t\t<\/div>\n\t\t\t\t<div class=\"elementor-column elementor-col-50 elementor-top-column elementor-element elementor-element-1881b45\" data-id=\"1881b45\" data-element_type=\"column\" data-e-type=\"column\">\n\t\t\t<div class=\"elementor-widget-wrap elementor-element-populated\">\n\t\t\t\t\t\t<div class=\"elementor-element elementor-element-14fa886 elementor-widget elementor-widget-heading\" data-id=\"14fa886\" data-element_type=\"widget\" data-e-type=\"widget\" data-widget_type=\"heading.default\">\n\t\t\t\t<div class=\"elementor-widget-container\">\n\t\t\t\t\t<h2 class=\"elementor-heading-title elementor-size-default\">T\u00e9l\u00e9charger les brochures de produits<\/h2>\t\t\t\t<\/div>\n\t\t\t\t<\/div>\n\t\t\t\t\t<\/div>\n\t\t<\/div>\n\t\t\t\t\t<\/div>\n\t\t<\/section>\n\t\t\t\t<section class=\"elementor-section elementor-top-section elementor-element elementor-element-c619aaf elementor-section-boxed elementor-section-height-default elementor-section-height-default\" data-id=\"c619aaf\" data-element_type=\"section\" data-e-type=\"section\">\n\t\t\t\t\t\t<div class=\"elementor-container elementor-column-gap-default\">\n\t\t\t\t\t<div class=\"elementor-column elementor-col-50 elementor-top-column elementor-element elementor-element-5c31551\" data-id=\"5c31551\" data-element_type=\"column\" data-e-type=\"column\">\n\t\t\t<div class=\"elementor-widget-wrap elementor-element-populated\">\n\t\t\t\t\t\t<div class=\"elementor-element elementor-element-14a3171 elementor-widget elementor-widget-text-editor\" data-id=\"14a3171\" data-element_type=\"widget\" data-e-type=\"widget\" data-widget_type=\"text-editor.default\">\n\t\t\t\t<div class=\"elementor-widget-container\">\n\t\t\t\t\t\t\t\t\t<h4><span style=\"color: #0693e3;\">Fiches techniques des pompes \u00e0 engrenages<\/span><\/h4><p style=\"padding-left: 40px;\"><span style=\"text-decoration: underline;\"><span style=\"color: #808080; text-decoration: underline;\"><a style=\"color: #808080; text-decoration: underline;\" href=\"https:\/\/psi-polymersystems.com\/wp-content\/uploads\/2024\/04\/Extrusion-Gear-Pump-EGP.pdf\" rel=\"noopener\">Pompe \u00e0 engrenages d&#039;extrusion (EGP)<\/a><\/span><\/span><\/p><p style=\"padding-left: 40px;\"><a href=\"https:\/\/psi-polymersystems.com\/wp-content\/uploads\/2024\/04\/High-Pressure-Gear-Pump-HGP.pdf\"><span style=\"text-decoration: underline;\"><span style=\"color: #808080; text-decoration: underline;\">Pompe \u00e0 engrenages haute pression (HGP)<\/span><\/span><\/a><\/p><p style=\"padding-left: 40px;\"><a href=\"https:\/\/psi-polymersystems.com\/wp-content\/uploads\/2024\/04\/Chemical-Industrial-Gear-Pump-CIP.pdf\"><span style=\"text-decoration: underline;\"><span style=\"color: #808080; text-decoration: underline;\">Pompe \u00e0 engrenages industrielle chimique (CIP)<\/span><\/span><\/a><\/p><p style=\"padding-left: 40px;\"><span style=\"text-decoration: underline;\"><span style=\"color: #808080;\"><a style=\"color: #808080; text-decoration: underline;\" href=\"https:\/\/psi-polymersystems.com\/wp-content\/uploads\/2024\/04\/Fluoropolymer-Gear-Pump-FGP.pdf\">Pompe \u00e0 engrenages en fluoropolym\u00e8re (FGP)<\/a><\/span><\/span><\/p><h4><span style=\"color: #0693e3;\">Fiches techniques du changeur d&#039;\u00e9cran<\/span><\/h4><p style=\"padding-left: 40px;\"><span style=\"text-decoration: underline;\"><a href=\"https:\/\/psi-polymersystems.com\/wp-content\/uploads\/2024\/04\/Continuous-Screen-Changer-CSC.pdf\" rel=\"noopener\"><span style=\"color: #808080; text-decoration: underline;\">Changeur d&#039;\u00e9cran continu (CSC)<\/span><\/a><\/span><\/p><p style=\"padding-left: 40px;\"><span style=\"text-decoration: underline;\"><span style=\"color: #808080; text-decoration: underline;\"><a style=\"color: #808080; text-decoration: underline;\" href=\"https:\/\/psi-polymersystems.com\/wp-content\/uploads\/2024\/04\/Backflush-Continuous-Screen-Changer-CSC-BF.pdf\" rel=\"noopener\">Changeur d&#039;\u00e9cran continu avec r\u00e9trobalayage (CSC-BF)<\/a><\/span><\/span><\/p><p style=\"padding-left: 40px;\"><span style=\"text-decoration: underline;\"><a href=\"https:\/\/psi-polymersystems.com\/wp-content\/uploads\/2024\/04\/Discontinuous-Screen-Changer-DSC.pdf\"><span style=\"color: #808080; text-decoration: underline;\">Changeur d&#039;\u00e9cran discontinu (DSC)<\/span><\/a><\/span><\/p><p style=\"padding-left: 40px;\"><span style=\"text-decoration: underline;\"><span style=\"color: #808080; text-decoration: underline;\"><a style=\"color: #808080; text-decoration: underline;\" href=\"https:\/\/psi-polymersystems.com\/wp-content\/uploads\/2024\/04\/Hydraulic-Screen-Changer-HSC.pdf\" rel=\"noopener\">Changeur d&#039;\u00e9cran \u00e0 plaque coulissante hydraulique (HSC)<\/a><\/span><\/span><\/p><p style=\"padding-left: 40px;\"><span style=\"text-decoration: underline;\"><a href=\"https:\/\/psi-polymersystems.com\/wp-content\/uploads\/2024\/04\/Manual-Screen-Changer-MSC.pdf\"><span style=\"color: #808080;\">Changeur d&#039;\u00e9cran manuel (MSC)<\/span><\/a><\/span><\/p><p style=\"padding-left: 40px;\"><span style=\"text-decoration: underline;\"><a href=\"https:\/\/psi-polymersystems.com\/wp-content\/uploads\/2024\/04\/Inline-Filter-ILF.pdf\"><span style=\"color: #808080; text-decoration: underline;\">Filtre \u00e0 tube en ligne (ILF)<\/span><\/a><\/span><\/p><h4><span style=\"color: #0693e3;\">Fiches techniques des vannes de d\u00e9rivation<\/span><\/h4><p style=\"padding-left: 40px;\"><span style=\"text-decoration: underline;\"><a href=\"https:\/\/psi-polymersystems.com\/wp-content\/uploads\/2024\/04\/Diverter-Valve-DIV.pdf\"><span style=\"color: #808080; text-decoration: underline;\">Vannes de d\u00e9rivation (DIV)<\/span><\/a><\/span><\/p><h4><span style=\"color: #0693e3;\">Fiches techniques des m\u00e9langeurs statiques<\/span><\/h4><p style=\"padding-left: 40px;\"><span style=\"text-decoration: underline;\"><span style=\"color: #808080;\"><a style=\"color: #808080; text-decoration: underline;\" href=\"https:\/\/psi-polymersystems.com\/wp-content\/uploads\/2024\/04\/Uniflo-Static-Mixer-USM.pdf\">M\u00e9langeur statique Uniflo (USM)<\/a><\/span><\/span><\/p><h4><span style=\"color: #0693e3;\">Fiches techniques du changeur de matrices d&#039;extrusion<\/span><\/h4><p style=\"padding-left: 40px;\"><a href=\"https:\/\/www.psi-polymersystems.com\/wp-content\/uploads\/2024\/04\/Extrusion-Die-Changer-EDC.pdf\"><span style=\"color: #808080; text-decoration-line: underline;\">Changeur de matrice d&#039;extrusion (EDC)<\/span><\/a><\/p><h4><span style=\"color: #0693e3;\">D\u00e9pliant de r\u00e9paration et de reconstruction<\/span><\/h4><p style=\"padding-left: 40px;\"><span style=\"text-decoration: underline;\"><span style=\"color: #808080;\"><a style=\"color: #808080; text-decoration: underline;\" href=\"\/wp-content\/uploads\/2020\/08\/Repair-and-Rebuilds.pdf\" rel=\"noopener\">R\u00e9paration et reconstruction<\/a><\/span><\/span><\/p><h4><span style=\"color: #0693e3;\">\u00c9crans de remplacement<\/span><\/h4><p style=\"padding-left: 40px;\"><span style=\"text-decoration: underline;\"><span style=\"color: #808080; text-decoration: underline;\"><a style=\"color: #808080; text-decoration: underline;\" href=\"https:\/\/www.psi-polymersystems.com\/wp-content\/uploads\/2024\/07\/Screens-Flyer.pdf\" rel=\"noopener\">D\u00e9pliant d&#039;\u00e9cran<\/a><\/span><\/span><\/p><h4><span style=\"color: #0693e3;\">Carte de ligne<\/span><\/h4><p style=\"padding-left: 40px;\"><span style=\"text-decoration: underline; color: #808080;\"><a style=\"color: #808080; text-decoration: underline;\" href=\"https:\/\/psi-polymersystems.com\/wp-content\/uploads\/2023\/04\/LineCard-PSI.pdf\">Carte de ligne<\/a><\/span><\/p>\t\t\t\t\t\t\t\t<\/div>\n\t\t\t\t<\/div>\n\t\t\t\t\t<\/div>\n\t\t<\/div>\n\t\t\t\t<div class=\"elementor-column elementor-col-50 elementor-top-column elementor-element elementor-element-6404d9e\" data-id=\"6404d9e\" data-element_type=\"column\" data-e-type=\"column\">\n\t\t\t<div class=\"elementor-widget-wrap\">\n\t\t\t\t\t\t\t<\/div>\n\t\t<\/div>\n\t\t\t\t\t<\/div>\n\t\t<\/section>\n\t\t\t\t<\/div>","protected":false},"excerpt":{"rendered":"<p>T\u00e9l\u00e9charger les brochures de produits Fiches techniques des pompes \u00e0 engrenages Pompe \u00e0 engrenages d&#039;extrusion (EGP) Pompe \u00e0 engrenages haute pression (HGP) Pompe \u00e0 engrenages pour l&#039;industrie chimique (CIP) Pompe \u00e0 engrenages en fluoropolym\u00e8re (FGP) Fiches techniques du changeur de tamis Changeur de tamis continu (CSC) Changeur de tamis continu avec r\u00e9trobalayage ( CSC-BF) Changeur d&#039;\u00e9cran discontinu (DSC) Changeur d&#039;\u00e9cran \u00e0 plaque coulissante hydraulique (HSC) Changeur d&#039;\u00e9cran manuel (MSC) Filtre \u00e0 tube en ligne [\u2026]<\/p>","protected":false},"author":2,"featured_media":0,"parent":0,"menu_order":0,"comment_status":"closed","ping_status":"closed","template":"","meta":{"_monsterinsights_skip_tracking":false,"_monsterinsights_sitenote_active":false,"_monsterinsights_sitenote_note":"","_monsterinsights_sitenote_category":0,"footnotes":""},"class_list":["post-3841","page","type-page","status-publish","hentry"],"yoast_head":"<!-- This site is optimized with the Yoast SEO Premium plugin v25.0 (Yoast SEO v25.0) - https:\/\/yoast.com\/wordpress\/plugins\/seo\/ -->\n<title>Product Brochures - PSI-Polymer Systems<\/title>\n<meta name=\"description\" content=\"Product spec sheet and orientation layout resource download page - PSI-Polymer Systems. Don&#039;t see what you need? Give us a call - Ph: (828)-468-2600\" \/>\n<meta name=\"robots\" content=\"index, follow, max-snippet:-1, max-image-preview:large, max-video-preview:-1\" \/>\n<link rel=\"canonical\" href=\"https:\/\/www.psi-polymersystems.com\/fr_ca\/product-brochures\/\" \/>\n<meta property=\"og:locale\" content=\"fr_CA\" \/>\n<meta property=\"og:type\" content=\"article\" \/>\n<meta property=\"og:title\" content=\"Product Brochures\" \/>\n<meta property=\"og:description\" content=\"Download Product Brochures Gear Pump Data SheetsExtrusion Gear Pump (EGP)High-Pressure Gear Pump (HGP)Chemical Industrial Gear Pump (CIP)Fluoropolymer\" \/>\n<meta property=\"og:url\" content=\"https:\/\/www.psi-polymersystems.com\/fr_ca\/product-brochures\/\" \/>\n<meta property=\"og:site_name\" content=\"PSI-Polymer Systems\" \/>\n<meta property=\"article:publisher\" content=\"https:\/\/www.facebook.com\/psipolymersystems\/\" \/>\n<meta property=\"article:modified_time\" content=\"2025-02-10T21:27:19+00:00\" \/>\n<meta name=\"twitter:card\" content=\"summary_large_image\" \/>\n<meta name=\"twitter:label1\" content=\"Estimation du temps de lecture\" \/>\n\t<meta name=\"twitter:data1\" content=\"1 minute\" \/>\n<script type=\"application\/ld+json\" class=\"yoast-schema-graph\">{\"@context\":\"https:\/\/schema.org\",\"@graph\":[{\"@type\":\"WebPage\",\"@id\":\"https:\/\/www.psi-polymersystems.com\/product-brochures\/\",\"url\":\"https:\/\/www.psi-polymersystems.com\/product-brochures\/\",\"name\":\"Product Brochures - PSI-Polymer Systems\",\"isPartOf\":{\"@id\":\"https:\/\/www.psi-polymersystems.com\/#website\"},\"datePublished\":\"2020-08-05T15:40:15+00:00\",\"dateModified\":\"2025-02-10T21:27:19+00:00\",\"description\":\"Product spec sheet and orientation layout resource download page - PSI-Polymer Systems. Don't see what you need? Give us a call - Ph: (828)-468-2600\",\"breadcrumb\":{\"@id\":\"https:\/\/www.psi-polymersystems.com\/product-brochures\/#breadcrumb\"},\"inLanguage\":\"fr-CA\",\"potentialAction\":[{\"@type\":\"ReadAction\",\"target\":[\"https:\/\/www.psi-polymersystems.com\/product-brochures\/\"]}]},{\"@type\":\"BreadcrumbList\",\"@id\":\"https:\/\/www.psi-polymersystems.com\/product-brochures\/#breadcrumb\",\"itemListElement\":[{\"@type\":\"ListItem\",\"position\":1,\"name\":\"Home\",\"item\":\"https:\/\/www.psi-polymersystems.com\/\"},{\"@type\":\"ListItem\",\"position\":2,\"name\":\"Product Brochures\"}]},{\"@type\":\"WebSite\",\"@id\":\"https:\/\/www.psi-polymersystems.com\/#website\",\"url\":\"https:\/\/www.psi-polymersystems.com\/\",\"name\":\"PSI-Polymer Systems\",\"description\":\"\",\"publisher\":{\"@id\":\"https:\/\/www.psi-polymersystems.com\/#organization\"},\"potentialAction\":[{\"@type\":\"SearchAction\",\"target\":{\"@type\":\"EntryPoint\",\"urlTemplate\":\"https:\/\/www.psi-polymersystems.com\/?s={search_term_string}\"},\"query-input\":{\"@type\":\"PropertyValueSpecification\",\"valueRequired\":true,\"valueName\":\"search_term_string\"}}],\"inLanguage\":\"fr-CA\"},{\"@type\":\"Organization\",\"@id\":\"https:\/\/www.psi-polymersystems.com\/#organization\",\"name\":\"PSI-Polymer Systems, Inc.\",\"url\":\"https:\/\/www.psi-polymersystems.com\/\",\"logo\":{\"@type\":\"ImageObject\",\"inLanguage\":\"fr-CA\",\"@id\":\"https:\/\/www.psi-polymersystems.com\/#\/schema\/logo\/image\/\",\"url\":\"\",\"contentUrl\":\"\",\"caption\":\"PSI-Polymer Systems, Inc.\"},\"image\":{\"@id\":\"https:\/\/www.psi-polymersystems.com\/#\/schema\/logo\/image\/\"},\"sameAs\":[\"https:\/\/www.facebook.com\/psipolymersystems\/\",\"https:\/\/www.linkedin.com\/showcase\/psi-polymer-systems\"]}]}<\/script>\n<!-- \/ Yoast SEO Premium plugin. -->","yoast_head_json":{"title":"Product Brochures - PSI-Polymer Systems","description":"Product spec sheet and orientation layout resource download page - PSI-Polymer Systems. Don't see what you need? Give us a call - Ph: (828)-468-2600","robots":{"index":"index","follow":"follow","max-snippet":"max-snippet:-1","max-image-preview":"max-image-preview:large","max-video-preview":"max-video-preview:-1"},"canonical":"https:\/\/www.psi-polymersystems.com\/fr_ca\/product-brochures\/","og_locale":"fr_CA","og_type":"article","og_title":"Product Brochures","og_description":"Download Product Brochures Gear Pump Data SheetsExtrusion Gear Pump (EGP)High-Pressure Gear Pump (HGP)Chemical Industrial Gear Pump (CIP)Fluoropolymer","og_url":"https:\/\/www.psi-polymersystems.com\/fr_ca\/product-brochures\/","og_site_name":"PSI-Polymer Systems","article_publisher":"https:\/\/www.facebook.com\/psipolymersystems\/","article_modified_time":"2025-02-10T21:27:19+00:00","twitter_card":"summary_large_image","twitter_misc":{"Estimation du temps de lecture":"1 minute"},"schema":{"@context":"https:\/\/schema.org","@graph":[{"@type":"WebPage","@id":"https:\/\/www.psi-polymersystems.com\/product-brochures\/","url":"https:\/\/www.psi-polymersystems.com\/product-brochures\/","name":"Product Brochures - PSI-Polymer Systems","isPartOf":{"@id":"https:\/\/www.psi-polymersystems.com\/#website"},"datePublished":"2020-08-05T15:40:15+00:00","dateModified":"2025-02-10T21:27:19+00:00","description":"Product spec sheet and orientation layout resource download page - PSI-Polymer Systems. Don't see what you need? Give us a call - Ph: (828)-468-2600","breadcrumb":{"@id":"https:\/\/www.psi-polymersystems.com\/product-brochures\/#breadcrumb"},"inLanguage":"fr-CA","potentialAction":[{"@type":"ReadAction","target":["https:\/\/www.psi-polymersystems.com\/product-brochures\/"]}]},{"@type":"BreadcrumbList","@id":"https:\/\/www.psi-polymersystems.com\/product-brochures\/#breadcrumb","itemListElement":[{"@type":"ListItem","position":1,"name":"Home","item":"https:\/\/www.psi-polymersystems.com\/"},{"@type":"ListItem","position":2,"name":"Product Brochures"}]},{"@type":"WebSite","@id":"https:\/\/www.psi-polymersystems.com\/#website","url":"https:\/\/www.psi-polymersystems.com\/","name":"PSI-Polymer Systems","description":"","publisher":{"@id":"https:\/\/www.psi-polymersystems.com\/#organization"},"potentialAction":[{"@type":"SearchAction","target":{"@type":"EntryPoint","urlTemplate":"https:\/\/www.psi-polymersystems.com\/?s={search_term_string}"},"query-input":{"@type":"PropertyValueSpecification","valueRequired":true,"valueName":"search_term_string"}}],"inLanguage":"fr-CA"},{"@type":"Organization","@id":"https:\/\/www.psi-polymersystems.com\/#organization","name":"PSI-Polymer Systems, Inc.","url":"https:\/\/www.psi-polymersystems.com\/","logo":{"@type":"ImageObject","inLanguage":"fr-CA","@id":"https:\/\/www.psi-polymersystems.com\/#\/schema\/logo\/image\/","url":"","contentUrl":"","caption":"PSI-Polymer Systems, Inc."},"image":{"@id":"https:\/\/www.psi-polymersystems.com\/#\/schema\/logo\/image\/"},"sameAs":["https:\/\/www.facebook.com\/psipolymersystems\/","https:\/\/www.linkedin.com\/showcase\/psi-polymer-systems"]}]}},"_links":{"self":[{"href":"https:\/\/www.psi-polymersystems.com\/fr_ca\/wp-json\/wp\/v2\/pages\/3841","targetHints":{"allow":["GET"]}}],"collection":[{"href":"https:\/\/www.psi-polymersystems.com\/fr_ca\/wp-json\/wp\/v2\/pages"}],"about":[{"href":"https:\/\/www.psi-polymersystems.com\/fr_ca\/wp-json\/wp\/v2\/types\/page"}],"author":[{"embeddable":true,"href":"https:\/\/www.psi-polymersystems.com\/fr_ca\/wp-json\/wp\/v2\/users\/2"}],"replies":[{"embeddable":true,"href":"https:\/\/www.psi-polymersystems.com\/fr_ca\/wp-json\/wp\/v2\/comments?post=3841"}],"version-history":[{"count":9,"href":"https:\/\/www.psi-polymersystems.com\/fr_ca\/wp-json\/wp\/v2\/pages\/3841\/revisions"}],"predecessor-version":[{"id":12500,"href":"https:\/\/www.psi-polymersystems.com\/fr_ca\/wp-json\/wp\/v2\/pages\/3841\/revisions\/12500"}],"wp:attachment":[{"href":"https:\/\/www.psi-polymersystems.com\/fr_ca\/wp-json\/wp\/v2\/media?parent=3841"}],"curies":[{"name":"wp","href":"https:\/\/api.w.org\/{rel}","templated":true}]}}