{"id":4020,"date":"2020-08-06T19:59:06","date_gmt":"2020-08-06T19:59:06","guid":{"rendered":"https:\/\/psi-polymersystems.com\/?page_id=4020"},"modified":"2023-06-26T17:53:31","modified_gmt":"2023-06-26T17:53:31","slug":"integrapak-100","status":"publish","type":"page","link":"https:\/\/www.psi-polymersystems.com\/fr_ca\/products\/controls\/integrapak-100\/","title":{"rendered":"IntegraPak-100"},"content":{"rendered":"<div data-elementor-type=\"wp-page\" data-elementor-id=\"4020\" class=\"elementor elementor-4020\" data-elementor-post-type=\"page\">\n\t\t\t\t\t\t<section class=\"elementor-section elementor-top-section elementor-element elementor-element-3709256d elementor-section-boxed elementor-section-height-default elementor-section-height-default\" data-id=\"3709256d\" data-element_type=\"section\" data-e-type=\"section\">\n\t\t\t\t\t\t<div class=\"elementor-container elementor-column-gap-default\">\n\t\t\t\t\t<div class=\"elementor-column elementor-col-100 elementor-top-column elementor-element elementor-element-1d6df665\" data-id=\"1d6df665\" data-element_type=\"column\" data-e-type=\"column\">\n\t\t\t<div class=\"elementor-widget-wrap elementor-element-populated\">\n\t\t\t\t\t\t<div class=\"elementor-element elementor-element-7ab6fe5e elementor-widget elementor-widget-text-editor\" data-id=\"7ab6fe5e\" data-element_type=\"widget\" data-e-type=\"widget\" data-widget_type=\"text-editor.default\">\n\t\t\t\t<div class=\"elementor-widget-container\">\n\t\t\t\t\t\t\t\t\t<h3><span style=\"color: #0693e3;\">Contr\u00f4le d&#039;\u00e9quipement int\u00e9gr\u00e9 IntegraPak-100 PLC<\/span><\/h3><h5>Fonctionne avec une (1) pompe \u00e0 engrenages et un (1) changeur d&#039;\u00e9cran continu<\/h5>\t\t\t\t\t\t\t\t<\/div>\n\t\t\t\t<\/div>\n\t\t\t\t\t<\/div>\n\t\t<\/div>\n\t\t\t\t\t<\/div>\n\t\t<\/section>\n\t\t\t\t<section class=\"elementor-section elementor-top-section elementor-element elementor-element-27d5c4cd elementor-section-boxed elementor-section-height-default elementor-section-height-default\" data-id=\"27d5c4cd\" data-element_type=\"section\" data-e-type=\"section\">\n\t\t\t\t\t\t<div class=\"elementor-container elementor-column-gap-default\">\n\t\t\t\t\t<div class=\"elementor-column elementor-col-33 elementor-top-column elementor-element elementor-element-5697ce4e\" data-id=\"5697ce4e\" data-element_type=\"column\" data-e-type=\"column\">\n\t\t\t<div class=\"elementor-widget-wrap elementor-element-populated\">\n\t\t\t\t\t\t<div class=\"elementor-element elementor-element-2c30458d elementor-widget elementor-widget-image\" data-id=\"2c30458d\" data-element_type=\"widget\" data-e-type=\"widget\" data-widget_type=\"image.default\">\n\t\t\t\t<div class=\"elementor-widget-container\">\n\t\t\t\t\t\t\t\t\t\t\t\t\t\t\t<img fetchpriority=\"high\" decoding=\"async\" width=\"851\" height=\"1024\" src=\"https:\/\/www.psi-polymersystems.com\/wp-content\/uploads\/2020\/08\/Combo-851x1024.jpg\" class=\"attachment-large size-large wp-image-4352\" alt=\"Polymer Extrusion System Controls\" srcset=\"https:\/\/www.psi-polymersystems.com\/wp-content\/uploads\/2020\/08\/Combo-851x1024.jpg 851w, https:\/\/www.psi-polymersystems.com\/wp-content\/uploads\/2020\/08\/Combo-249x300.jpg 249w, https:\/\/www.psi-polymersystems.com\/wp-content\/uploads\/2020\/08\/Combo-768x924.jpg 768w, https:\/\/www.psi-polymersystems.com\/wp-content\/uploads\/2020\/08\/Combo-600x722.jpg 600w, https:\/\/www.psi-polymersystems.com\/wp-content\/uploads\/2020\/08\/Combo.jpg 1039w\" sizes=\"(max-width: 851px) 100vw, 851px\" \/>\t\t\t\t\t\t\t\t\t\t\t\t\t\t\t<\/div>\n\t\t\t\t<\/div>\n\t\t\t\t<div class=\"elementor-element elementor-element-689d98c elementor-align-justify elementor-widget elementor-widget-button\" data-id=\"689d98c\" data-element_type=\"widget\" data-e-type=\"widget\" data-widget_type=\"button.default\">\n\t\t\t\t<div class=\"elementor-widget-container\">\n\t\t\t\t\t\t\t\t\t<div class=\"elementor-button-wrapper\">\n\t\t\t\t\t<a class=\"elementor-button elementor-button-link elementor-size-sm\" href=\"\/fr_ca\/products\/controls\/system-and-line-controls\/\">\n\t\t\t\t\t\t<span class=\"elementor-button-content-wrapper\">\n\t\t\t\t\t\t\t\t\t<span class=\"elementor-button-text\">Retour au r\u00e9sum\u00e9 des commandes<\/span>\n\t\t\t\t\t<\/span>\n\t\t\t\t\t<\/a>\n\t\t\t\t<\/div>\n\t\t\t\t\t\t\t\t<\/div>\n\t\t\t\t<\/div>\n\t\t\t\t\t<\/div>\n\t\t<\/div>\n\t\t\t\t<div class=\"elementor-column elementor-col-33 elementor-top-column elementor-element elementor-element-3cd6cd22\" data-id=\"3cd6cd22\" data-element_type=\"column\" data-e-type=\"column\">\n\t\t\t<div class=\"elementor-widget-wrap elementor-element-populated\">\n\t\t\t\t\t\t<div class=\"elementor-element elementor-element-15cb91c4 elementor-widget elementor-widget-text-editor\" data-id=\"15cb91c4\" data-element_type=\"widget\" data-e-type=\"widget\" data-widget_type=\"text-editor.default\">\n\t\t\t\t<div class=\"elementor-widget-container\">\n\t\t\t\t\t\t\t\t\t<h4><span style=\"color: #0693e3;\">Description du produit<\/span><\/h4><p>API : Allen Bradley (ou B&amp;R Automation)<\/p><p>IHM : \u00e9cran tactile couleur 10&quot;<\/p><p>Actionne une (1) pompe \u00e0 engrenages et un (1) changeur d&#039;\u00e9cran continu. Interfaces avec l&#039;entra\u00eenement de l&#039;extrudeuse, le cas \u00e9ch\u00e9ant.\u00a0<\/p><h4><span style=\"color: #0693e3;\">Affiche<\/span><\/h4><p>Pompe \u00e0 engrenages<\/p><ul><li>Vitesse de la pompe<\/li><li>Courant<\/li><li>Pression d&#039;aspiration et de refoulement<\/li><\/ul><p>Changeur d&#039;\u00e9cran<\/p><ul><li>Positions des pistons<\/li><li>Entr\u00e9e \/ sortie \/ delta de pression (transducteurs par d&#039;autres si non fournis)<\/li><li>Indication visuelle de l&#039;\u00e9cran propre<\/li><li>Temps depuis le dernier changement d&#039;\u00e9cran<\/li><\/ul><p>Alarmes et arr\u00eat du syst\u00e8me pour\u00a0:<\/p><ul><li>Pression<\/li><li>Aspiration faible\/\u00e9lev\u00e9e<\/li><li>D\u00e9charge \u00e9lev\u00e9e et delta de pression<\/li><li>Courant \u00e9lev\u00e9<\/li><\/ul>\t\t\t\t\t\t\t\t<\/div>\n\t\t\t\t<\/div>\n\t\t\t\t\t<\/div>\n\t\t<\/div>\n\t\t\t\t<div class=\"elementor-column elementor-col-33 elementor-top-column elementor-element elementor-element-58f625a5\" data-id=\"58f625a5\" data-element_type=\"column\" data-e-type=\"column\">\n\t\t\t<div class=\"elementor-widget-wrap elementor-element-populated\">\n\t\t\t\t\t\t<div class=\"elementor-element elementor-element-6fcd4799 elementor-widget elementor-widget-text-editor\" data-id=\"6fcd4799\" data-element_type=\"widget\" data-e-type=\"widget\" data-widget_type=\"text-editor.default\">\n\t\t\t\t<div class=\"elementor-widget-container\">\n\t\t\t\t\t\t\t\t\t<h4><span style=\"color: #0693e3;\">Fonctionnalit\u00e9s<\/span><\/h4><ul><li>D\u00e9marrage automatique (rampe automatique jusqu&#039;\u00e0 pleine production)<\/li><li>Stockage des recettes s\u00e9lection de produits\/d\u00e9marrage automatis\u00e9s<\/li><li>Tendance<\/li><li>Enregistrement de donn\u00e9es<\/li><li>E\/S extensible<\/li><li>\u00c9talonnage du transducteur<\/li><li>Suivi et collecte des donn\u00e9es de la m\u00e9moire flash amovible (option B&amp;R uniquement)<\/li><li>Communication Ethernet \/ compatible Ewon<\/li><li>Visionneuse VNC pour afficher et utiliser l&#039;\u00e9cran de contr\u00f4le sur un moniteur distant\/plus grand<\/li><li>Options de communication externe disponibles sur demande<\/li><\/ul>\t\t\t\t\t\t\t\t<\/div>\n\t\t\t\t<\/div>\n\t\t\t\t\t<\/div>\n\t\t<\/div>\n\t\t\t\t\t<\/div>\n\t\t<\/section>\n\t\t\t\t<\/div>","protected":false},"excerpt":{"rendered":"<p>Le contr\u00f4le d&#039;\u00e9quipement int\u00e9gr\u00e9 par API IntegraPak-100 fait fonctionner une (1) pompe \u00e0 engrenages et un (1) changeur d&#039;\u00e9cran continu Retour au r\u00e9sum\u00e9 des commandes Description du produit API : Allen Bradley (ou B&amp;R Automation) IHM : \u00e9cran tactile couleur 10&quot; fait fonctionner un (1) engrenage Pompe et un (1) changeur de tamis continu. Interfaces avec le lecteur d&#039;extrudeuse, le cas \u00e9ch\u00e9ant. Affiche la vitesse de la pompe \u00e0 engrenages [\u2026]<\/p>","protected":false},"author":2,"featured_media":0,"parent":349,"menu_order":0,"comment_status":"closed","ping_status":"closed","template":"","meta":{"_monsterinsights_skip_tracking":false,"_monsterinsights_sitenote_active":false,"_monsterinsights_sitenote_note":"","_monsterinsights_sitenote_category":0,"footnotes":""},"class_list":["post-4020","page","type-page","status-publish","hentry"],"yoast_head":"<!-- This site is optimized with the Yoast SEO Premium plugin v25.0 (Yoast SEO v25.0) - https:\/\/yoast.com\/wordpress\/plugins\/seo\/ -->\n<title>IntegraPak-100 - PSI-Polymer Systems<\/title>\n<meta name=\"description\" content=\"OntegraPak-100 PLC operates one (1) Gear Pump and one (1) Continuous Screen Changer. Interfaces with extruder drive as applicable.\" \/>\n<meta name=\"robots\" content=\"index, follow, max-snippet:-1, max-image-preview:large, max-video-preview:-1\" \/>\n<link rel=\"canonical\" href=\"https:\/\/www.psi-polymersystems.com\/fr_ca\/products\/controls\/integrapak-100\/\" \/>\n<meta property=\"og:locale\" content=\"fr_CA\" \/>\n<meta property=\"og:type\" content=\"article\" \/>\n<meta property=\"og:title\" content=\"IntegraPak-100\" \/>\n<meta property=\"og:description\" content=\"IntegraPak-100 PLC Integrated Equipment ControlOperates one (1) Gear Pump and one (1) Continuous Screen Changer Back to Controls Summary Product\" \/>\n<meta property=\"og:url\" content=\"https:\/\/www.psi-polymersystems.com\/fr_ca\/products\/controls\/integrapak-100\/\" \/>\n<meta property=\"og:site_name\" content=\"PSI-Polymer Systems\" \/>\n<meta property=\"article:publisher\" content=\"https:\/\/www.facebook.com\/psipolymersystems\/\" \/>\n<meta property=\"article:modified_time\" content=\"2023-06-26T17:53:31+00:00\" \/>\n<meta property=\"og:image\" content=\"https:\/\/psi-polymersystems.com\/wp-content\/uploads\/2020\/08\/Combo-851x1024.jpg\" \/>\n<meta name=\"twitter:card\" content=\"summary_large_image\" \/>\n<meta name=\"twitter:label1\" content=\"Estimation du temps de lecture\" \/>\n\t<meta name=\"twitter:data1\" content=\"1 minute\" \/>\n<script type=\"application\/ld+json\" class=\"yoast-schema-graph\">{\"@context\":\"https:\/\/schema.org\",\"@graph\":[{\"@type\":\"WebPage\",\"@id\":\"https:\/\/www.psi-polymersystems.com\/products\/controls\/integrapak-100\/\",\"url\":\"https:\/\/www.psi-polymersystems.com\/products\/controls\/integrapak-100\/\",\"name\":\"IntegraPak-100 - PSI-Polymer Systems\",\"isPartOf\":{\"@id\":\"https:\/\/www.psi-polymersystems.com\/#website\"},\"primaryImageOfPage\":{\"@id\":\"https:\/\/www.psi-polymersystems.com\/products\/controls\/integrapak-100\/#primaryimage\"},\"image\":{\"@id\":\"https:\/\/www.psi-polymersystems.com\/products\/controls\/integrapak-100\/#primaryimage\"},\"thumbnailUrl\":\"https:\/\/psi-polymersystems.com\/wp-content\/uploads\/2020\/08\/Combo-851x1024.jpg\",\"datePublished\":\"2020-08-06T19:59:06+00:00\",\"dateModified\":\"2023-06-26T17:53:31+00:00\",\"description\":\"OntegraPak-100 PLC operates one (1) Gear Pump and one (1) Continuous Screen Changer. Interfaces with extruder drive as applicable.\",\"breadcrumb\":{\"@id\":\"https:\/\/www.psi-polymersystems.com\/products\/controls\/integrapak-100\/#breadcrumb\"},\"inLanguage\":\"fr-CA\",\"potentialAction\":[{\"@type\":\"ReadAction\",\"target\":[\"https:\/\/www.psi-polymersystems.com\/products\/controls\/integrapak-100\/\"]}]},{\"@type\":\"ImageObject\",\"inLanguage\":\"fr-CA\",\"@id\":\"https:\/\/www.psi-polymersystems.com\/products\/controls\/integrapak-100\/#primaryimage\",\"url\":\"https:\/\/psi-polymersystems.com\/wp-content\/uploads\/2020\/08\/Combo-851x1024.jpg\",\"contentUrl\":\"https:\/\/psi-polymersystems.com\/wp-content\/uploads\/2020\/08\/Combo-851x1024.jpg\"},{\"@type\":\"BreadcrumbList\",\"@id\":\"https:\/\/www.psi-polymersystems.com\/products\/controls\/integrapak-100\/#breadcrumb\",\"itemListElement\":[{\"@type\":\"ListItem\",\"position\":1,\"name\":\"Home\",\"item\":\"https:\/\/www.psi-polymersystems.com\/\"},{\"@type\":\"ListItem\",\"position\":2,\"name\":\"Product Overview\",\"item\":\"https:\/\/www.psi-polymersystems.com\/products\/\"},{\"@type\":\"ListItem\",\"position\":3,\"name\":\"Controls\",\"item\":\"https:\/\/www.psi-polymersystems.com\/es\/products\/controls\/\"},{\"@type\":\"ListItem\",\"position\":4,\"name\":\"IntegraPak-100\"}]},{\"@type\":\"WebSite\",\"@id\":\"https:\/\/www.psi-polymersystems.com\/#website\",\"url\":\"https:\/\/www.psi-polymersystems.com\/\",\"name\":\"PSI-Polymer Systems\",\"description\":\"\",\"publisher\":{\"@id\":\"https:\/\/www.psi-polymersystems.com\/#organization\"},\"potentialAction\":[{\"@type\":\"SearchAction\",\"target\":{\"@type\":\"EntryPoint\",\"urlTemplate\":\"https:\/\/www.psi-polymersystems.com\/?s={search_term_string}\"},\"query-input\":{\"@type\":\"PropertyValueSpecification\",\"valueRequired\":true,\"valueName\":\"search_term_string\"}}],\"inLanguage\":\"fr-CA\"},{\"@type\":\"Organization\",\"@id\":\"https:\/\/www.psi-polymersystems.com\/#organization\",\"name\":\"PSI-Polymer Systems, Inc.\",\"url\":\"https:\/\/www.psi-polymersystems.com\/\",\"logo\":{\"@type\":\"ImageObject\",\"inLanguage\":\"fr-CA\",\"@id\":\"https:\/\/www.psi-polymersystems.com\/#\/schema\/logo\/image\/\",\"url\":\"\",\"contentUrl\":\"\",\"caption\":\"PSI-Polymer Systems, Inc.\"},\"image\":{\"@id\":\"https:\/\/www.psi-polymersystems.com\/#\/schema\/logo\/image\/\"},\"sameAs\":[\"https:\/\/www.facebook.com\/psipolymersystems\/\",\"https:\/\/www.linkedin.com\/showcase\/psi-polymer-systems\"]}]}<\/script>\n<!-- \/ Yoast SEO Premium plugin. -->","yoast_head_json":{"title":"IntegraPak-100 - PSI-Polymer Systems","description":"OntegraPak-100 PLC operates one (1) Gear Pump and one (1) Continuous Screen Changer. Interfaces with extruder drive as applicable.","robots":{"index":"index","follow":"follow","max-snippet":"max-snippet:-1","max-image-preview":"max-image-preview:large","max-video-preview":"max-video-preview:-1"},"canonical":"https:\/\/www.psi-polymersystems.com\/fr_ca\/products\/controls\/integrapak-100\/","og_locale":"fr_CA","og_type":"article","og_title":"IntegraPak-100","og_description":"IntegraPak-100 PLC Integrated Equipment ControlOperates one (1) Gear Pump and one (1) Continuous Screen Changer Back to Controls Summary Product","og_url":"https:\/\/www.psi-polymersystems.com\/fr_ca\/products\/controls\/integrapak-100\/","og_site_name":"PSI-Polymer Systems","article_publisher":"https:\/\/www.facebook.com\/psipolymersystems\/","article_modified_time":"2023-06-26T17:53:31+00:00","og_image":[{"url":"https:\/\/psi-polymersystems.com\/wp-content\/uploads\/2020\/08\/Combo-851x1024.jpg","type":"","width":"","height":""}],"twitter_card":"summary_large_image","twitter_misc":{"Estimation du temps de lecture":"1 minute"},"schema":{"@context":"https:\/\/schema.org","@graph":[{"@type":"WebPage","@id":"https:\/\/www.psi-polymersystems.com\/products\/controls\/integrapak-100\/","url":"https:\/\/www.psi-polymersystems.com\/products\/controls\/integrapak-100\/","name":"IntegraPak-100 - PSI-Polymer Systems","isPartOf":{"@id":"https:\/\/www.psi-polymersystems.com\/#website"},"primaryImageOfPage":{"@id":"https:\/\/www.psi-polymersystems.com\/products\/controls\/integrapak-100\/#primaryimage"},"image":{"@id":"https:\/\/www.psi-polymersystems.com\/products\/controls\/integrapak-100\/#primaryimage"},"thumbnailUrl":"https:\/\/psi-polymersystems.com\/wp-content\/uploads\/2020\/08\/Combo-851x1024.jpg","datePublished":"2020-08-06T19:59:06+00:00","dateModified":"2023-06-26T17:53:31+00:00","description":"OntegraPak-100 PLC operates one (1) Gear Pump and one (1) Continuous Screen Changer. Interfaces with extruder drive as applicable.","breadcrumb":{"@id":"https:\/\/www.psi-polymersystems.com\/products\/controls\/integrapak-100\/#breadcrumb"},"inLanguage":"fr-CA","potentialAction":[{"@type":"ReadAction","target":["https:\/\/www.psi-polymersystems.com\/products\/controls\/integrapak-100\/"]}]},{"@type":"ImageObject","inLanguage":"fr-CA","@id":"https:\/\/www.psi-polymersystems.com\/products\/controls\/integrapak-100\/#primaryimage","url":"https:\/\/psi-polymersystems.com\/wp-content\/uploads\/2020\/08\/Combo-851x1024.jpg","contentUrl":"https:\/\/psi-polymersystems.com\/wp-content\/uploads\/2020\/08\/Combo-851x1024.jpg"},{"@type":"BreadcrumbList","@id":"https:\/\/www.psi-polymersystems.com\/products\/controls\/integrapak-100\/#breadcrumb","itemListElement":[{"@type":"ListItem","position":1,"name":"Home","item":"https:\/\/www.psi-polymersystems.com\/"},{"@type":"ListItem","position":2,"name":"Product Overview","item":"https:\/\/www.psi-polymersystems.com\/products\/"},{"@type":"ListItem","position":3,"name":"Controls","item":"https:\/\/www.psi-polymersystems.com\/es\/products\/controls\/"},{"@type":"ListItem","position":4,"name":"IntegraPak-100"}]},{"@type":"WebSite","@id":"https:\/\/www.psi-polymersystems.com\/#website","url":"https:\/\/www.psi-polymersystems.com\/","name":"PSI-Polymer Systems","description":"","publisher":{"@id":"https:\/\/www.psi-polymersystems.com\/#organization"},"potentialAction":[{"@type":"SearchAction","target":{"@type":"EntryPoint","urlTemplate":"https:\/\/www.psi-polymersystems.com\/?s={search_term_string}"},"query-input":{"@type":"PropertyValueSpecification","valueRequired":true,"valueName":"search_term_string"}}],"inLanguage":"fr-CA"},{"@type":"Organization","@id":"https:\/\/www.psi-polymersystems.com\/#organization","name":"PSI-Polymer Systems, Inc.","url":"https:\/\/www.psi-polymersystems.com\/","logo":{"@type":"ImageObject","inLanguage":"fr-CA","@id":"https:\/\/www.psi-polymersystems.com\/#\/schema\/logo\/image\/","url":"","contentUrl":"","caption":"PSI-Polymer Systems, Inc."},"image":{"@id":"https:\/\/www.psi-polymersystems.com\/#\/schema\/logo\/image\/"},"sameAs":["https:\/\/www.facebook.com\/psipolymersystems\/","https:\/\/www.linkedin.com\/showcase\/psi-polymer-systems"]}]}},"_links":{"self":[{"href":"https:\/\/www.psi-polymersystems.com\/fr_ca\/wp-json\/wp\/v2\/pages\/4020","targetHints":{"allow":["GET"]}}],"collection":[{"href":"https:\/\/www.psi-polymersystems.com\/fr_ca\/wp-json\/wp\/v2\/pages"}],"about":[{"href":"https:\/\/www.psi-polymersystems.com\/fr_ca\/wp-json\/wp\/v2\/types\/page"}],"author":[{"embeddable":true,"href":"https:\/\/www.psi-polymersystems.com\/fr_ca\/wp-json\/wp\/v2\/users\/2"}],"replies":[{"embeddable":true,"href":"https:\/\/www.psi-polymersystems.com\/fr_ca\/wp-json\/wp\/v2\/comments?post=4020"}],"version-history":[{"count":0,"href":"https:\/\/www.psi-polymersystems.com\/fr_ca\/wp-json\/wp\/v2\/pages\/4020\/revisions"}],"up":[{"embeddable":true,"href":"https:\/\/www.psi-polymersystems.com\/fr_ca\/wp-json\/wp\/v2\/pages\/349"}],"wp:attachment":[{"href":"https:\/\/www.psi-polymersystems.com\/fr_ca\/wp-json\/wp\/v2\/media?parent=4020"}],"curies":[{"name":"wp","href":"https:\/\/api.w.org\/{rel}","templated":true}]}}