{"id":4023,"date":"2020-08-06T19:59:15","date_gmt":"2020-08-06T19:59:15","guid":{"rendered":"https:\/\/psi-polymersystems.com\/?page_id=4023"},"modified":"2023-06-26T17:50:59","modified_gmt":"2023-06-26T17:50:59","slug":"integrapak-500","status":"publish","type":"page","link":"https:\/\/www.psi-polymersystems.com\/fr_ca\/products\/controls\/integrapak-500\/","title":{"rendered":"IntegraPak-500"},"content":{"rendered":"<div data-elementor-type=\"wp-page\" data-elementor-id=\"4023\" class=\"elementor elementor-4023\" data-elementor-post-type=\"page\">\n\t\t\t\t\t\t<section class=\"elementor-section elementor-top-section elementor-element elementor-element-3e539336 elementor-section-boxed elementor-section-height-default elementor-section-height-default\" data-id=\"3e539336\" data-element_type=\"section\" data-e-type=\"section\">\n\t\t\t\t\t\t<div class=\"elementor-container elementor-column-gap-default\">\n\t\t\t\t\t<div class=\"elementor-column elementor-col-100 elementor-top-column elementor-element elementor-element-1c91785d\" data-id=\"1c91785d\" data-element_type=\"column\" data-e-type=\"column\">\n\t\t\t<div class=\"elementor-widget-wrap elementor-element-populated\">\n\t\t\t\t\t\t<div class=\"elementor-element elementor-element-7ac1625a elementor-widget elementor-widget-text-editor\" data-id=\"7ac1625a\" data-element_type=\"widget\" data-e-type=\"widget\" data-widget_type=\"text-editor.default\">\n\t\t\t\t<div class=\"elementor-widget-container\">\n\t\t\t\t\t\t\t\t\t<h3><span style=\"color: #049abf;\">IntegraPak-500 PLC Contr\u00f4le int\u00e9gr\u00e9 de l&#039;\u00e9quipement et de la chaleur avec contr\u00f4le de ligne en option<\/span><\/h3>\n<h5>Actionne une (1) pompe \u00e0 engrenages, un (1) changeur d&#039;\u00e9cran continu - 2 ou 4 poches et (en option) extracteur\/transport en aval. Comprend jusqu&#039;\u00e0 douze (12) zones de chauffage.<\/h5>\t\t\t\t\t\t\t\t<\/div>\n\t\t\t\t<\/div>\n\t\t\t\t\t<\/div>\n\t\t<\/div>\n\t\t\t\t\t<\/div>\n\t\t<\/section>\n\t\t\t\t<section class=\"elementor-section elementor-top-section elementor-element elementor-element-556761cd elementor-section-boxed elementor-section-height-default elementor-section-height-default\" data-id=\"556761cd\" data-element_type=\"section\" data-e-type=\"section\">\n\t\t\t\t\t\t<div class=\"elementor-container elementor-column-gap-default\">\n\t\t\t\t\t<div class=\"elementor-column elementor-col-33 elementor-top-column elementor-element elementor-element-893b6dd\" data-id=\"893b6dd\" data-element_type=\"column\" data-e-type=\"column\">\n\t\t\t<div class=\"elementor-widget-wrap elementor-element-populated\">\n\t\t\t\t\t\t<div class=\"elementor-element elementor-element-49c5be12 elementor-widget elementor-widget-image\" data-id=\"49c5be12\" data-element_type=\"widget\" data-e-type=\"widget\" data-widget_type=\"image.default\">\n\t\t\t\t<div class=\"elementor-widget-container\">\n\t\t\t\t\t\t\t\t\t\t\t\t\t\t\t<img fetchpriority=\"high\" decoding=\"async\" width=\"1039\" height=\"1886\" src=\"https:\/\/www.psi-polymersystems.com\/wp-content\/uploads\/2020\/08\/IntegraPak-500.jpg\" class=\"attachment-full size-full wp-image-4354\" alt=\"Polymer Extrusion System Controls\" srcset=\"https:\/\/www.psi-polymersystems.com\/wp-content\/uploads\/2020\/08\/IntegraPak-500.jpg 1039w, https:\/\/www.psi-polymersystems.com\/wp-content\/uploads\/2020\/08\/IntegraPak-500-165x300.jpg 165w, https:\/\/www.psi-polymersystems.com\/wp-content\/uploads\/2020\/08\/IntegraPak-500-564x1024.jpg 564w, https:\/\/www.psi-polymersystems.com\/wp-content\/uploads\/2020\/08\/IntegraPak-500-768x1394.jpg 768w, https:\/\/www.psi-polymersystems.com\/wp-content\/uploads\/2020\/08\/IntegraPak-500-846x1536.jpg 846w, https:\/\/www.psi-polymersystems.com\/wp-content\/uploads\/2020\/08\/IntegraPak-500-550x999.jpg 550w\" sizes=\"(max-width: 1039px) 100vw, 1039px\" \/>\t\t\t\t\t\t\t\t\t\t\t\t\t\t\t<\/div>\n\t\t\t\t<\/div>\n\t\t\t\t<div class=\"elementor-element elementor-element-58c1c5e elementor-align-justify elementor-widget elementor-widget-button\" data-id=\"58c1c5e\" data-element_type=\"widget\" data-e-type=\"widget\" data-widget_type=\"button.default\">\n\t\t\t\t<div class=\"elementor-widget-container\">\n\t\t\t\t\t\t\t\t\t<div class=\"elementor-button-wrapper\">\n\t\t\t\t\t<a class=\"elementor-button elementor-button-link elementor-size-sm\" href=\"\/fr_ca\/products\/controls\/system-and-line-controls\/\">\n\t\t\t\t\t\t<span class=\"elementor-button-content-wrapper\">\n\t\t\t\t\t\t\t\t\t<span class=\"elementor-button-text\">Retour au r\u00e9sum\u00e9 des commandes<\/span>\n\t\t\t\t\t<\/span>\n\t\t\t\t\t<\/a>\n\t\t\t\t<\/div>\n\t\t\t\t\t\t\t\t<\/div>\n\t\t\t\t<\/div>\n\t\t\t\t\t<\/div>\n\t\t<\/div>\n\t\t\t\t<div class=\"elementor-column elementor-col-33 elementor-top-column elementor-element elementor-element-f285589\" data-id=\"f285589\" data-element_type=\"column\" data-e-type=\"column\">\n\t\t\t<div class=\"elementor-widget-wrap elementor-element-populated\">\n\t\t\t\t\t\t<div class=\"elementor-element elementor-element-7c0e7775 elementor-widget elementor-widget-text-editor\" data-id=\"7c0e7775\" data-element_type=\"widget\" data-e-type=\"widget\" data-widget_type=\"text-editor.default\">\n\t\t\t\t<div class=\"elementor-widget-container\">\n\t\t\t\t\t\t\t\t\t<h4><span style=\"color: #0693e3;\">Description du produit<\/span><\/h4><p>API : Allen Bradley (ou B&amp;R Automation)<\/p><p>IHM : \u00e9cran tactile couleur 10&quot;<\/p><p>Surveille et contr\u00f4le la pression d&#039;entr\u00e9e de la pompe et de l&#039;interface avec l&#039;entra\u00eenement de l&#039;extrudeuse, tout en contr\u00f4lant l&#039;actionnement du piston, les emplacements de ventilation et les temps de s\u00e9jour. Capable d&#039;int\u00e9grer et de coordonner l&#039;acheminement en aval.<\/p><h4><span style=\"color: #0693e3;\">Affiche<\/span><\/h4><p>Syst\u00e8me<\/p><ul><li>Rampe<\/li><\/ul><p>Changeur d&#039;\u00e9cran<\/p><ul><li>Positions des pistons<\/li><li>Entr\u00e9e \/ sortie \/ delta de pression (transducteurs par d&#039;autres si non fournis)<\/li><li>Indication visuelle de l&#039;\u00e9cran propre<\/li><li>Temps depuis le dernier changement d&#039;\u00e9cran<\/li><\/ul><p>Pompe \u00e0 engrenages<\/p><ul><li>Vitesse de la pompe, Courant de la pompe<\/li><li>Pression d&#039;aspiration et de refoulement<\/li><\/ul><p><i>Transport en option<\/i><\/p><ul><li>La rapidit\u00e9<\/li><li>Contr\u00f4le de la garniture<\/li><li>Transfert sans \u00e0-coups<\/li><\/ul><p>Alarmes et arr\u00eat du syst\u00e8me pour\u00a0:<\/p><p>Changeur d&#039;\u00e9cran<\/p><ul><li>Pression d&#039;entr\u00e9e \u00e9lev\u00e9e<\/li><li>Delta de pression \u00e9lev\u00e9<\/li><\/ul><p>Pompe \u00e0 engrenages<\/p><ul><li>Aspiration faible\/\u00e9lev\u00e9e<\/li><li>D\u00e9charge \u00e9lev\u00e9e et delta de pression<\/li><li>Courant \u00e9lev\u00e9<\/li><\/ul>\t\t\t\t\t\t\t\t<\/div>\n\t\t\t\t<\/div>\n\t\t\t\t\t<\/div>\n\t\t<\/div>\n\t\t\t\t<div class=\"elementor-column elementor-col-33 elementor-top-column elementor-element elementor-element-37dbe1c4\" data-id=\"37dbe1c4\" data-element_type=\"column\" data-e-type=\"column\">\n\t\t\t<div class=\"elementor-widget-wrap elementor-element-populated\">\n\t\t\t\t\t\t<div class=\"elementor-element elementor-element-94c95f1 elementor-widget elementor-widget-text-editor\" data-id=\"94c95f1\" data-element_type=\"widget\" data-e-type=\"widget\" data-widget_type=\"text-editor.default\">\n\t\t\t\t<div class=\"elementor-widget-container\">\n\t\t\t\t\t\t\t\t\t<h4><span style=\"color: #0693e3;\">Fonctionnalit\u00e9s<\/span><\/h4>\n<ul>\n<li>D\u00e9marrage automatique (rampe automatique jusqu&#039;\u00e0 pleine production)<\/li>\n<li>Stockage des recettes s\u00e9lection de produits\/d\u00e9marrage automatis\u00e9s<\/li>\n<li>Tendance<\/li>\n<li>Enregistrement de donn\u00e9es<\/li>\n<li>E\/S extensible<\/li>\n<li>Suivi et collecte des donn\u00e9es de la m\u00e9moire flash amovible<\/li>\n<li>\u00c9talonnage du transducteur<\/li>\n<li>Communication Ethernet<\/li>\n<li>Module d&#039;acc\u00e8s \u00e0 distance s\u00e9curis\u00e9 Ewon<\/li>\n<li>Visionneuse VNC pour afficher et utiliser l&#039;\u00e9cran de contr\u00f4le sur un moniteur distant\/plus grand<\/li>\n<li>Options de communication externe disponibles sur demande<\/li>\n<\/ul>\t\t\t\t\t\t\t\t<\/div>\n\t\t\t\t<\/div>\n\t\t\t\t\t<\/div>\n\t\t<\/div>\n\t\t\t\t\t<\/div>\n\t\t<\/section>\n\t\t\t\t<\/div>","protected":false},"excerpt":{"rendered":"<p>L&#039;\u00e9quipement int\u00e9gr\u00e9 et le contr\u00f4le de la chaleur par API IntegraPak-500 avec contr\u00f4le de ligne en option font fonctionner une (1) pompe \u00e0 engrenages, un (1) changeur de tamis continu \u2013 2 ou 4 poches et (en option) un extracteur\/transport en aval. Comprend jusqu&#039;\u00e0 douze (12) zones de chaleur. Retour au r\u00e9sum\u00e9 des commandes Description du produit Automate : Allen Bradley (ou B&amp;R Automation) IHM : Moniteurs \u00e0 \u00e9cran tactile couleur 10&quot; [\u2026]<\/p>","protected":false},"author":2,"featured_media":0,"parent":349,"menu_order":0,"comment_status":"closed","ping_status":"closed","template":"","meta":{"_monsterinsights_skip_tracking":false,"_monsterinsights_sitenote_active":false,"_monsterinsights_sitenote_note":"","_monsterinsights_sitenote_category":0,"footnotes":""},"class_list":["post-4023","page","type-page","status-publish","hentry"],"yoast_head":"<!-- This site is optimized with the Yoast SEO Premium plugin v25.0 (Yoast SEO v25.0) - https:\/\/yoast.com\/wordpress\/plugins\/seo\/ -->\n<title>IntegraPak-500 - PSI-Polymer Systems<\/title>\n<meta name=\"description\" content=\"IntegraPak-500 PLC Operates one Gear Pump, one Continuous Screen Changer and (optional) Downstream Puller\/Haul-off. Includes up to twelve (12) Heat Zones\" \/>\n<meta name=\"robots\" content=\"index, follow, max-snippet:-1, max-image-preview:large, max-video-preview:-1\" \/>\n<link rel=\"canonical\" href=\"https:\/\/www.psi-polymersystems.com\/fr_ca\/products\/controls\/integrapak-500\/\" \/>\n<meta property=\"og:locale\" content=\"fr_CA\" \/>\n<meta property=\"og:type\" content=\"article\" \/>\n<meta property=\"og:title\" content=\"IntegraPak-500\" \/>\n<meta property=\"og:description\" content=\"IntegraPak-500 PLC Integrated Equipment and Heat Control with Optional Line Control Operates one (1) Gear Pump, one (1) Continuous Screen Changer \u2013 2 or 4\" \/>\n<meta property=\"og:url\" content=\"https:\/\/www.psi-polymersystems.com\/fr_ca\/products\/controls\/integrapak-500\/\" \/>\n<meta property=\"og:site_name\" content=\"PSI-Polymer Systems\" \/>\n<meta property=\"article:publisher\" content=\"https:\/\/www.facebook.com\/psipolymersystems\/\" \/>\n<meta property=\"article:modified_time\" content=\"2023-06-26T17:50:59+00:00\" \/>\n<meta property=\"og:image\" content=\"https:\/\/psi-polymersystems.com\/wp-content\/uploads\/2020\/08\/IntegraPak-500.jpg\" \/>\n<meta name=\"twitter:card\" content=\"summary_large_image\" \/>\n<meta name=\"twitter:label1\" content=\"Estimation du temps de lecture\" \/>\n\t<meta name=\"twitter:data1\" content=\"2 minutes\" \/>\n<script type=\"application\/ld+json\" class=\"yoast-schema-graph\">{\"@context\":\"https:\/\/schema.org\",\"@graph\":[{\"@type\":\"WebPage\",\"@id\":\"https:\/\/www.psi-polymersystems.com\/products\/controls\/integrapak-500\/\",\"url\":\"https:\/\/www.psi-polymersystems.com\/products\/controls\/integrapak-500\/\",\"name\":\"IntegraPak-500 - PSI-Polymer Systems\",\"isPartOf\":{\"@id\":\"https:\/\/www.psi-polymersystems.com\/#website\"},\"primaryImageOfPage\":{\"@id\":\"https:\/\/www.psi-polymersystems.com\/products\/controls\/integrapak-500\/#primaryimage\"},\"image\":{\"@id\":\"https:\/\/www.psi-polymersystems.com\/products\/controls\/integrapak-500\/#primaryimage\"},\"thumbnailUrl\":\"https:\/\/psi-polymersystems.com\/wp-content\/uploads\/2020\/08\/IntegraPak-500.jpg\",\"datePublished\":\"2020-08-06T19:59:15+00:00\",\"dateModified\":\"2023-06-26T17:50:59+00:00\",\"description\":\"IntegraPak-500 PLC Operates one Gear Pump, one Continuous Screen Changer and (optional) Downstream Puller\/Haul-off. Includes up to twelve (12) Heat Zones\",\"breadcrumb\":{\"@id\":\"https:\/\/www.psi-polymersystems.com\/products\/controls\/integrapak-500\/#breadcrumb\"},\"inLanguage\":\"fr-CA\",\"potentialAction\":[{\"@type\":\"ReadAction\",\"target\":[\"https:\/\/www.psi-polymersystems.com\/products\/controls\/integrapak-500\/\"]}]},{\"@type\":\"ImageObject\",\"inLanguage\":\"fr-CA\",\"@id\":\"https:\/\/www.psi-polymersystems.com\/products\/controls\/integrapak-500\/#primaryimage\",\"url\":\"https:\/\/psi-polymersystems.com\/wp-content\/uploads\/2020\/08\/IntegraPak-500.jpg\",\"contentUrl\":\"https:\/\/psi-polymersystems.com\/wp-content\/uploads\/2020\/08\/IntegraPak-500.jpg\"},{\"@type\":\"BreadcrumbList\",\"@id\":\"https:\/\/www.psi-polymersystems.com\/products\/controls\/integrapak-500\/#breadcrumb\",\"itemListElement\":[{\"@type\":\"ListItem\",\"position\":1,\"name\":\"Home\",\"item\":\"https:\/\/www.psi-polymersystems.com\/\"},{\"@type\":\"ListItem\",\"position\":2,\"name\":\"Product Overview\",\"item\":\"https:\/\/www.psi-polymersystems.com\/products\/\"},{\"@type\":\"ListItem\",\"position\":3,\"name\":\"Controls\",\"item\":\"https:\/\/www.psi-polymersystems.com\/es\/products\/controls\/\"},{\"@type\":\"ListItem\",\"position\":4,\"name\":\"IntegraPak-500\"}]},{\"@type\":\"WebSite\",\"@id\":\"https:\/\/www.psi-polymersystems.com\/#website\",\"url\":\"https:\/\/www.psi-polymersystems.com\/\",\"name\":\"PSI-Polymer Systems\",\"description\":\"\",\"publisher\":{\"@id\":\"https:\/\/www.psi-polymersystems.com\/#organization\"},\"potentialAction\":[{\"@type\":\"SearchAction\",\"target\":{\"@type\":\"EntryPoint\",\"urlTemplate\":\"https:\/\/www.psi-polymersystems.com\/?s={search_term_string}\"},\"query-input\":{\"@type\":\"PropertyValueSpecification\",\"valueRequired\":true,\"valueName\":\"search_term_string\"}}],\"inLanguage\":\"fr-CA\"},{\"@type\":\"Organization\",\"@id\":\"https:\/\/www.psi-polymersystems.com\/#organization\",\"name\":\"PSI-Polymer Systems, Inc.\",\"url\":\"https:\/\/www.psi-polymersystems.com\/\",\"logo\":{\"@type\":\"ImageObject\",\"inLanguage\":\"fr-CA\",\"@id\":\"https:\/\/www.psi-polymersystems.com\/#\/schema\/logo\/image\/\",\"url\":\"\",\"contentUrl\":\"\",\"caption\":\"PSI-Polymer Systems, Inc.\"},\"image\":{\"@id\":\"https:\/\/www.psi-polymersystems.com\/#\/schema\/logo\/image\/\"},\"sameAs\":[\"https:\/\/www.facebook.com\/psipolymersystems\/\",\"https:\/\/www.linkedin.com\/showcase\/psi-polymer-systems\"]}]}<\/script>\n<!-- \/ Yoast SEO Premium plugin. -->","yoast_head_json":{"title":"IntegraPak-500 - PSI-Polymer Systems","description":"IntegraPak-500 PLC Operates one Gear Pump, one Continuous Screen Changer and (optional) Downstream Puller\/Haul-off. Includes up to twelve (12) Heat Zones","robots":{"index":"index","follow":"follow","max-snippet":"max-snippet:-1","max-image-preview":"max-image-preview:large","max-video-preview":"max-video-preview:-1"},"canonical":"https:\/\/www.psi-polymersystems.com\/fr_ca\/products\/controls\/integrapak-500\/","og_locale":"fr_CA","og_type":"article","og_title":"IntegraPak-500","og_description":"IntegraPak-500 PLC Integrated Equipment and Heat Control with Optional Line Control Operates one (1) Gear Pump, one (1) Continuous Screen Changer \u2013 2 or 4","og_url":"https:\/\/www.psi-polymersystems.com\/fr_ca\/products\/controls\/integrapak-500\/","og_site_name":"PSI-Polymer Systems","article_publisher":"https:\/\/www.facebook.com\/psipolymersystems\/","article_modified_time":"2023-06-26T17:50:59+00:00","og_image":[{"url":"https:\/\/psi-polymersystems.com\/wp-content\/uploads\/2020\/08\/IntegraPak-500.jpg","type":"","width":"","height":""}],"twitter_card":"summary_large_image","twitter_misc":{"Estimation du temps de lecture":"2 minutes"},"schema":{"@context":"https:\/\/schema.org","@graph":[{"@type":"WebPage","@id":"https:\/\/www.psi-polymersystems.com\/products\/controls\/integrapak-500\/","url":"https:\/\/www.psi-polymersystems.com\/products\/controls\/integrapak-500\/","name":"IntegraPak-500 - PSI-Polymer Systems","isPartOf":{"@id":"https:\/\/www.psi-polymersystems.com\/#website"},"primaryImageOfPage":{"@id":"https:\/\/www.psi-polymersystems.com\/products\/controls\/integrapak-500\/#primaryimage"},"image":{"@id":"https:\/\/www.psi-polymersystems.com\/products\/controls\/integrapak-500\/#primaryimage"},"thumbnailUrl":"https:\/\/psi-polymersystems.com\/wp-content\/uploads\/2020\/08\/IntegraPak-500.jpg","datePublished":"2020-08-06T19:59:15+00:00","dateModified":"2023-06-26T17:50:59+00:00","description":"IntegraPak-500 PLC Operates one Gear Pump, one Continuous Screen Changer and (optional) Downstream Puller\/Haul-off. Includes up to twelve (12) Heat Zones","breadcrumb":{"@id":"https:\/\/www.psi-polymersystems.com\/products\/controls\/integrapak-500\/#breadcrumb"},"inLanguage":"fr-CA","potentialAction":[{"@type":"ReadAction","target":["https:\/\/www.psi-polymersystems.com\/products\/controls\/integrapak-500\/"]}]},{"@type":"ImageObject","inLanguage":"fr-CA","@id":"https:\/\/www.psi-polymersystems.com\/products\/controls\/integrapak-500\/#primaryimage","url":"https:\/\/psi-polymersystems.com\/wp-content\/uploads\/2020\/08\/IntegraPak-500.jpg","contentUrl":"https:\/\/psi-polymersystems.com\/wp-content\/uploads\/2020\/08\/IntegraPak-500.jpg"},{"@type":"BreadcrumbList","@id":"https:\/\/www.psi-polymersystems.com\/products\/controls\/integrapak-500\/#breadcrumb","itemListElement":[{"@type":"ListItem","position":1,"name":"Home","item":"https:\/\/www.psi-polymersystems.com\/"},{"@type":"ListItem","position":2,"name":"Product Overview","item":"https:\/\/www.psi-polymersystems.com\/products\/"},{"@type":"ListItem","position":3,"name":"Controls","item":"https:\/\/www.psi-polymersystems.com\/es\/products\/controls\/"},{"@type":"ListItem","position":4,"name":"IntegraPak-500"}]},{"@type":"WebSite","@id":"https:\/\/www.psi-polymersystems.com\/#website","url":"https:\/\/www.psi-polymersystems.com\/","name":"PSI-Polymer Systems","description":"","publisher":{"@id":"https:\/\/www.psi-polymersystems.com\/#organization"},"potentialAction":[{"@type":"SearchAction","target":{"@type":"EntryPoint","urlTemplate":"https:\/\/www.psi-polymersystems.com\/?s={search_term_string}"},"query-input":{"@type":"PropertyValueSpecification","valueRequired":true,"valueName":"search_term_string"}}],"inLanguage":"fr-CA"},{"@type":"Organization","@id":"https:\/\/www.psi-polymersystems.com\/#organization","name":"PSI-Polymer Systems, Inc.","url":"https:\/\/www.psi-polymersystems.com\/","logo":{"@type":"ImageObject","inLanguage":"fr-CA","@id":"https:\/\/www.psi-polymersystems.com\/#\/schema\/logo\/image\/","url":"","contentUrl":"","caption":"PSI-Polymer Systems, Inc."},"image":{"@id":"https:\/\/www.psi-polymersystems.com\/#\/schema\/logo\/image\/"},"sameAs":["https:\/\/www.facebook.com\/psipolymersystems\/","https:\/\/www.linkedin.com\/showcase\/psi-polymer-systems"]}]}},"_links":{"self":[{"href":"https:\/\/www.psi-polymersystems.com\/fr_ca\/wp-json\/wp\/v2\/pages\/4023","targetHints":{"allow":["GET"]}}],"collection":[{"href":"https:\/\/www.psi-polymersystems.com\/fr_ca\/wp-json\/wp\/v2\/pages"}],"about":[{"href":"https:\/\/www.psi-polymersystems.com\/fr_ca\/wp-json\/wp\/v2\/types\/page"}],"author":[{"embeddable":true,"href":"https:\/\/www.psi-polymersystems.com\/fr_ca\/wp-json\/wp\/v2\/users\/2"}],"replies":[{"embeddable":true,"href":"https:\/\/www.psi-polymersystems.com\/fr_ca\/wp-json\/wp\/v2\/comments?post=4023"}],"version-history":[{"count":0,"href":"https:\/\/www.psi-polymersystems.com\/fr_ca\/wp-json\/wp\/v2\/pages\/4023\/revisions"}],"up":[{"embeddable":true,"href":"https:\/\/www.psi-polymersystems.com\/fr_ca\/wp-json\/wp\/v2\/pages\/349"}],"wp:attachment":[{"href":"https:\/\/www.psi-polymersystems.com\/fr_ca\/wp-json\/wp\/v2\/media?parent=4023"}],"curies":[{"name":"wp","href":"https:\/\/api.w.org\/{rel}","templated":true}]}}