{"id":5902,"date":"2020-09-22T19:59:35","date_gmt":"2020-09-22T19:59:35","guid":{"rendered":"https:\/\/psi-polymersystems.com\/?page_id=5902"},"modified":"2020-09-22T20:02:23","modified_gmt":"2020-09-22T20:02:23","slug":"psi-polymer-systems-inc-introduces-servo-driven-gear-pump-for-precision-dispensing-applications-conover-nc-august-29-2016","status":"publish","type":"page","link":"https:\/\/www.psi-polymersystems.com\/fr_ca\/about-us\/press-releases\/psi-polymer-systems-inc-introduces-servo-driven-gear-pump-for-precision-dispensing-applications-conover-nc-august-29-2016\/","title":{"rendered":"PSI-Polymer Systems Inc, pr\u00e9sente une pompe \u00e0 engrenages \u00e0 servocommande pour les applications de distribution de pr\u00e9cision Conover, NC (29 ao\u00fbt 2016)"},"content":{"rendered":"<div data-elementor-type=\"wp-page\" data-elementor-id=\"5902\" class=\"elementor elementor-5902\" data-elementor-post-type=\"page\">\n\t\t\t\t\t\t<section class=\"elementor-section elementor-top-section elementor-element elementor-element-57c76dca elementor-section-boxed elementor-section-height-default elementor-section-height-default\" data-id=\"57c76dca\" data-element_type=\"section\" data-e-type=\"section\">\n\t\t\t\t\t\t<div class=\"elementor-container elementor-column-gap-default\">\n\t\t\t\t\t<div class=\"elementor-column elementor-col-50 elementor-top-column elementor-element elementor-element-7a20cca0\" data-id=\"7a20cca0\" data-element_type=\"column\" data-e-type=\"column\">\n\t\t\t<div class=\"elementor-widget-wrap elementor-element-populated\">\n\t\t\t\t\t\t<div class=\"elementor-element elementor-element-3931474 elementor-widget elementor-widget-heading\" data-id=\"3931474\" data-element_type=\"widget\" data-e-type=\"widget\" data-widget_type=\"heading.default\">\n\t\t\t\t<div class=\"elementor-widget-container\">\n\t\t\t\t\t<h2 class=\"elementor-heading-title elementor-size-default\">PSI-Polymer Systems, Inc. pr\u00e9sente une pompe \u00e0 engrenages \u00e0 servocommande pour les applications de distribution de pr\u00e9cision Conover, NC (29 ao\u00fbt 2016)<\/h2>\t\t\t\t<\/div>\n\t\t\t\t<\/div>\n\t\t\t\t<div class=\"elementor-element elementor-element-61276276 elementor-widget elementor-widget-text-editor\" data-id=\"61276276\" data-element_type=\"widget\" data-e-type=\"widget\" data-widget_type=\"text-editor.default\">\n\t\t\t\t<div class=\"elementor-widget-container\">\n\t\t\t\t\t\t\t\t\t<p>PSI-Polymer Systems a r\u00e9cemment introduit un nouveau servomoteur pour ses pompes \u00e0 engrenages des s\u00e9ries EGP et CIP. Les variateurs permettent un niveau de pr\u00e9cision pour le d\u00e9marrage, l&#039;arr\u00eat et la rampe qu&#039;il n&#039;est pas possible d&#039;atteindre avec des moteurs CC ou CA standard.<\/p><p>Cr\u00e9\u00e9es \u00e0 l&#039;origine pour l&#039;extrusion continue de polym\u00e8res, les pompes \u00e0 engrenages se sont \u00e9tendues \u00e0 des applications qui incluent d\u00e9sormais la distribution pr\u00e9cise et reproductible de petits volumes. G\u00e9n\u00e9ralement rencontr\u00e9e dans les applications m\u00e9dicales, adh\u00e9sives et autres applications sp\u00e9cialis\u00e9es, la pompe est n\u00e9cessaire pour doser une quantit\u00e9 tr\u00e8s petite et sp\u00e9cifique de mat\u00e9riau. Les pompes \u00e0 piston de style plus ancien ont historiquement servi ces applications en maintenant le d\u00e9bit \u00e0 la pression. Cependant, les applications devenant plus sophistiqu\u00e9es et exigeant des dosages volum\u00e9triques tr\u00e8s pr\u00e9cis, le temps de r\u00e9action d\u00e9marrage\/arr\u00eat de ces dispositifs ne suffit plus. La sensibilit\u00e9 \u00e0 la temp\u00e9rature des pompes \u00e0 piston est \u00e9galement un probl\u00e8me. Les changements de temp\u00e9rature ambiante peuvent modifier la viscosit\u00e9 et le d\u00e9bit, ce qui n\u00e9cessite une surveillance et un contr\u00f4le continus des r\u00e9glages de pression sur ces syst\u00e8mes.\u00a0<\/p><p>La nouvelle pompe \u00e0 engrenages \u00e0 servocommande de PSI am\u00e9liore cela en combinant la lin\u00e9arit\u00e9 de la sortie volum\u00e9trique constante par tr\/min de la pompe \u00e0 engrenages avec le contr\u00f4le de position pr\u00e9cis d&#039;un servomoteur. Le r\u00e9sultat est l&#039;\u00e9limination de la bo\u00eete de vitesses ind\u00e9pendante, l&#039;absence de roue libre du moteur, des temps de r\u00e9action extr\u00eamement rapides, des temps de d\u00e9marrage\/arr\u00eat instantan\u00e9s et de mont\u00e9e\/descente rapides et une nouvelle fonctionnalit\u00e9\u00a0; renversement. L&#039;inversion permet au servomoteur de reculer instantan\u00e9ment la pompe pour \u00e9liminer tout risque de d\u00e9bordement ou d&#039;\u00e9gouttement par rapport \u00e0 un arr\u00eat direct.<\/p>\t\t\t\t\t\t\t\t<\/div>\n\t\t\t\t<\/div>\n\t\t\t\t\t<\/div>\n\t\t<\/div>\n\t\t\t\t<div class=\"elementor-column elementor-col-50 elementor-top-column elementor-element elementor-element-34940499\" data-id=\"34940499\" data-element_type=\"column\" data-e-type=\"column\">\n\t\t\t<div class=\"elementor-widget-wrap\">\n\t\t\t\t\t\t\t<\/div>\n\t\t<\/div>\n\t\t\t\t\t<\/div>\n\t\t<\/section>\n\t\t\t\t<\/div>","protected":false},"excerpt":{"rendered":"<p>PSI-Polymer Systems, Inc. pr\u00e9sente une pompe \u00e0 engrenages \u00e0 servocommande pour les applications de dosage de pr\u00e9cision Conover, Caroline du Nord (29 ao\u00fbt 2016) PSI-Polymer Systems a r\u00e9cemment lanc\u00e9 un nouveau servomoteur pour ses pompes \u00e0 engrenages des s\u00e9ries EGP et CIP. Les variateurs permettent un niveau de pr\u00e9cision pour le d\u00e9marrage, l&#039;arr\u00eat et la rampe qu&#039;il n&#039;est pas possible d&#039;atteindre avec [\u2026]<\/p>","protected":false},"author":2,"featured_media":0,"parent":5833,"menu_order":0,"comment_status":"closed","ping_status":"closed","template":"","meta":{"_monsterinsights_skip_tracking":false,"_monsterinsights_sitenote_active":false,"_monsterinsights_sitenote_note":"","_monsterinsights_sitenote_category":0,"footnotes":""},"class_list":["post-5902","page","type-page","status-publish","hentry"],"yoast_head":"<!-- This site is optimized with the Yoast SEO Premium plugin v25.0 (Yoast SEO v25.0) - https:\/\/yoast.com\/wordpress\/plugins\/seo\/ -->\n<title>PSI-Polymer Systems Inc, Introduces Servo Driven Gear Pump For Precision Dispensing Applications Conover, NC (August 29, 2016) - PSI-Polymer Systems<\/title>\n<meta name=\"robots\" content=\"index, follow, max-snippet:-1, max-image-preview:large, max-video-preview:-1\" \/>\n<link rel=\"canonical\" href=\"https:\/\/www.psi-polymersystems.com\/fr_ca\/about-us\/press-releases\/psi-polymer-systems-inc-introduces-servo-driven-gear-pump-for-precision-dispensing-applications-conover-nc-august-29-2016\/\" \/>\n<meta property=\"og:locale\" content=\"fr_CA\" \/>\n<meta property=\"og:type\" content=\"article\" \/>\n<meta property=\"og:title\" content=\"PSI-Polymer Systems Inc, Introduces Servo Driven Gear Pump For Precision Dispensing Applications Conover, NC (August 29, 2016)\" \/>\n<meta property=\"og:description\" content=\"PSI-Polymer Systems, Inc. Introduces Servo Driven Gear Pump For Precision Dispensing Applications Conover, NC (August 29, 2016) PSI-Polymer Systems has\" \/>\n<meta property=\"og:url\" content=\"https:\/\/www.psi-polymersystems.com\/fr_ca\/about-us\/press-releases\/psi-polymer-systems-inc-introduces-servo-driven-gear-pump-for-precision-dispensing-applications-conover-nc-august-29-2016\/\" \/>\n<meta property=\"og:site_name\" content=\"PSI-Polymer Systems\" \/>\n<meta property=\"article:publisher\" content=\"https:\/\/www.facebook.com\/psipolymersystems\/\" \/>\n<meta property=\"article:modified_time\" content=\"2020-09-22T20:02:23+00:00\" \/>\n<meta name=\"twitter:card\" content=\"summary_large_image\" \/>\n<meta name=\"twitter:label1\" content=\"Estimation du temps de lecture\" \/>\n\t<meta name=\"twitter:data1\" content=\"1 minute\" \/>\n<script type=\"application\/ld+json\" class=\"yoast-schema-graph\">{\"@context\":\"https:\/\/schema.org\",\"@graph\":[{\"@type\":\"WebPage\",\"@id\":\"https:\/\/www.psi-polymersystems.com\/es\/about-us\/press-releases\/psi-polymer-systems-inc-introduces-servo-driven-gear-pump-for-precision-dispensing-applications-conover-nc-august-29-2016\/\",\"url\":\"https:\/\/www.psi-polymersystems.com\/es\/about-us\/press-releases\/psi-polymer-systems-inc-introduces-servo-driven-gear-pump-for-precision-dispensing-applications-conover-nc-august-29-2016\/\",\"name\":\"PSI-Polymer Systems Inc, Introduces Servo Driven Gear Pump For Precision Dispensing Applications Conover, NC (August 29, 2016) - PSI-Polymer Systems\",\"isPartOf\":{\"@id\":\"https:\/\/www.psi-polymersystems.com\/#website\"},\"datePublished\":\"2020-09-22T19:59:35+00:00\",\"dateModified\":\"2020-09-22T20:02:23+00:00\",\"breadcrumb\":{\"@id\":\"https:\/\/www.psi-polymersystems.com\/es\/about-us\/press-releases\/psi-polymer-systems-inc-introduces-servo-driven-gear-pump-for-precision-dispensing-applications-conover-nc-august-29-2016\/#breadcrumb\"},\"inLanguage\":\"fr-CA\",\"potentialAction\":[{\"@type\":\"ReadAction\",\"target\":[\"https:\/\/www.psi-polymersystems.com\/es\/about-us\/press-releases\/psi-polymer-systems-inc-introduces-servo-driven-gear-pump-for-precision-dispensing-applications-conover-nc-august-29-2016\/\"]}]},{\"@type\":\"BreadcrumbList\",\"@id\":\"https:\/\/www.psi-polymersystems.com\/es\/about-us\/press-releases\/psi-polymer-systems-inc-introduces-servo-driven-gear-pump-for-precision-dispensing-applications-conover-nc-august-29-2016\/#breadcrumb\",\"itemListElement\":[{\"@type\":\"ListItem\",\"position\":1,\"name\":\"Home\",\"item\":\"https:\/\/www.psi-polymersystems.com\/\"},{\"@type\":\"ListItem\",\"position\":2,\"name\":\"About Us\",\"item\":\"https:\/\/www.psi-polymersystems.com\/about-us\/\"},{\"@type\":\"ListItem\",\"position\":3,\"name\":\"Press Releases\",\"item\":\"https:\/\/www.psi-polymersystems.com\/about-us\/press-releases\/\"},{\"@type\":\"ListItem\",\"position\":4,\"name\":\"PSI-Polymer Systems Inc, Introduces Servo Driven Gear Pump For Precision Dispensing Applications Conover, NC (August 29, 2016)\"}]},{\"@type\":\"WebSite\",\"@id\":\"https:\/\/www.psi-polymersystems.com\/#website\",\"url\":\"https:\/\/www.psi-polymersystems.com\/\",\"name\":\"PSI-Polymer Systems\",\"description\":\"\",\"publisher\":{\"@id\":\"https:\/\/www.psi-polymersystems.com\/#organization\"},\"potentialAction\":[{\"@type\":\"SearchAction\",\"target\":{\"@type\":\"EntryPoint\",\"urlTemplate\":\"https:\/\/www.psi-polymersystems.com\/?s={search_term_string}\"},\"query-input\":{\"@type\":\"PropertyValueSpecification\",\"valueRequired\":true,\"valueName\":\"search_term_string\"}}],\"inLanguage\":\"fr-CA\"},{\"@type\":\"Organization\",\"@id\":\"https:\/\/www.psi-polymersystems.com\/#organization\",\"name\":\"PSI-Polymer Systems, Inc.\",\"url\":\"https:\/\/www.psi-polymersystems.com\/\",\"logo\":{\"@type\":\"ImageObject\",\"inLanguage\":\"fr-CA\",\"@id\":\"https:\/\/www.psi-polymersystems.com\/#\/schema\/logo\/image\/\",\"url\":\"\",\"contentUrl\":\"\",\"caption\":\"PSI-Polymer Systems, Inc.\"},\"image\":{\"@id\":\"https:\/\/www.psi-polymersystems.com\/#\/schema\/logo\/image\/\"},\"sameAs\":[\"https:\/\/www.facebook.com\/psipolymersystems\/\",\"https:\/\/www.linkedin.com\/showcase\/psi-polymer-systems\"]}]}<\/script>\n<!-- \/ Yoast SEO Premium plugin. -->","yoast_head_json":{"title":"PSI-Polymer Systems Inc, Introduces Servo Driven Gear Pump For Precision Dispensing Applications Conover, NC (August 29, 2016) - PSI-Polymer Systems","robots":{"index":"index","follow":"follow","max-snippet":"max-snippet:-1","max-image-preview":"max-image-preview:large","max-video-preview":"max-video-preview:-1"},"canonical":"https:\/\/www.psi-polymersystems.com\/fr_ca\/about-us\/press-releases\/psi-polymer-systems-inc-introduces-servo-driven-gear-pump-for-precision-dispensing-applications-conover-nc-august-29-2016\/","og_locale":"fr_CA","og_type":"article","og_title":"PSI-Polymer Systems Inc, Introduces Servo Driven Gear Pump For Precision Dispensing Applications Conover, NC (August 29, 2016)","og_description":"PSI-Polymer Systems, Inc. Introduces Servo Driven Gear Pump For Precision Dispensing Applications Conover, NC (August 29, 2016) PSI-Polymer Systems has","og_url":"https:\/\/www.psi-polymersystems.com\/fr_ca\/about-us\/press-releases\/psi-polymer-systems-inc-introduces-servo-driven-gear-pump-for-precision-dispensing-applications-conover-nc-august-29-2016\/","og_site_name":"PSI-Polymer Systems","article_publisher":"https:\/\/www.facebook.com\/psipolymersystems\/","article_modified_time":"2020-09-22T20:02:23+00:00","twitter_card":"summary_large_image","twitter_misc":{"Estimation du temps de lecture":"1 minute"},"schema":{"@context":"https:\/\/schema.org","@graph":[{"@type":"WebPage","@id":"https:\/\/www.psi-polymersystems.com\/es\/about-us\/press-releases\/psi-polymer-systems-inc-introduces-servo-driven-gear-pump-for-precision-dispensing-applications-conover-nc-august-29-2016\/","url":"https:\/\/www.psi-polymersystems.com\/es\/about-us\/press-releases\/psi-polymer-systems-inc-introduces-servo-driven-gear-pump-for-precision-dispensing-applications-conover-nc-august-29-2016\/","name":"PSI-Polymer Systems Inc, Introduces Servo Driven Gear Pump For Precision Dispensing Applications Conover, NC (August 29, 2016) - PSI-Polymer Systems","isPartOf":{"@id":"https:\/\/www.psi-polymersystems.com\/#website"},"datePublished":"2020-09-22T19:59:35+00:00","dateModified":"2020-09-22T20:02:23+00:00","breadcrumb":{"@id":"https:\/\/www.psi-polymersystems.com\/es\/about-us\/press-releases\/psi-polymer-systems-inc-introduces-servo-driven-gear-pump-for-precision-dispensing-applications-conover-nc-august-29-2016\/#breadcrumb"},"inLanguage":"fr-CA","potentialAction":[{"@type":"ReadAction","target":["https:\/\/www.psi-polymersystems.com\/es\/about-us\/press-releases\/psi-polymer-systems-inc-introduces-servo-driven-gear-pump-for-precision-dispensing-applications-conover-nc-august-29-2016\/"]}]},{"@type":"BreadcrumbList","@id":"https:\/\/www.psi-polymersystems.com\/es\/about-us\/press-releases\/psi-polymer-systems-inc-introduces-servo-driven-gear-pump-for-precision-dispensing-applications-conover-nc-august-29-2016\/#breadcrumb","itemListElement":[{"@type":"ListItem","position":1,"name":"Home","item":"https:\/\/www.psi-polymersystems.com\/"},{"@type":"ListItem","position":2,"name":"About Us","item":"https:\/\/www.psi-polymersystems.com\/about-us\/"},{"@type":"ListItem","position":3,"name":"Press Releases","item":"https:\/\/www.psi-polymersystems.com\/about-us\/press-releases\/"},{"@type":"ListItem","position":4,"name":"PSI-Polymer Systems Inc, Introduces Servo Driven Gear Pump For Precision Dispensing Applications Conover, NC (August 29, 2016)"}]},{"@type":"WebSite","@id":"https:\/\/www.psi-polymersystems.com\/#website","url":"https:\/\/www.psi-polymersystems.com\/","name":"PSI-Polymer Systems","description":"","publisher":{"@id":"https:\/\/www.psi-polymersystems.com\/#organization"},"potentialAction":[{"@type":"SearchAction","target":{"@type":"EntryPoint","urlTemplate":"https:\/\/www.psi-polymersystems.com\/?s={search_term_string}"},"query-input":{"@type":"PropertyValueSpecification","valueRequired":true,"valueName":"search_term_string"}}],"inLanguage":"fr-CA"},{"@type":"Organization","@id":"https:\/\/www.psi-polymersystems.com\/#organization","name":"PSI-Polymer Systems, Inc.","url":"https:\/\/www.psi-polymersystems.com\/","logo":{"@type":"ImageObject","inLanguage":"fr-CA","@id":"https:\/\/www.psi-polymersystems.com\/#\/schema\/logo\/image\/","url":"","contentUrl":"","caption":"PSI-Polymer Systems, Inc."},"image":{"@id":"https:\/\/www.psi-polymersystems.com\/#\/schema\/logo\/image\/"},"sameAs":["https:\/\/www.facebook.com\/psipolymersystems\/","https:\/\/www.linkedin.com\/showcase\/psi-polymer-systems"]}]}},"_links":{"self":[{"href":"https:\/\/www.psi-polymersystems.com\/fr_ca\/wp-json\/wp\/v2\/pages\/5902","targetHints":{"allow":["GET"]}}],"collection":[{"href":"https:\/\/www.psi-polymersystems.com\/fr_ca\/wp-json\/wp\/v2\/pages"}],"about":[{"href":"https:\/\/www.psi-polymersystems.com\/fr_ca\/wp-json\/wp\/v2\/types\/page"}],"author":[{"embeddable":true,"href":"https:\/\/www.psi-polymersystems.com\/fr_ca\/wp-json\/wp\/v2\/users\/2"}],"replies":[{"embeddable":true,"href":"https:\/\/www.psi-polymersystems.com\/fr_ca\/wp-json\/wp\/v2\/comments?post=5902"}],"version-history":[{"count":0,"href":"https:\/\/www.psi-polymersystems.com\/fr_ca\/wp-json\/wp\/v2\/pages\/5902\/revisions"}],"up":[{"embeddable":true,"href":"https:\/\/www.psi-polymersystems.com\/fr_ca\/wp-json\/wp\/v2\/pages\/5833"}],"wp:attachment":[{"href":"https:\/\/www.psi-polymersystems.com\/fr_ca\/wp-json\/wp\/v2\/media?parent=5902"}],"curies":[{"name":"wp","href":"https:\/\/api.w.org\/{rel}","templated":true}]}}