{"id":5922,"date":"2020-09-22T20:18:28","date_gmt":"2020-09-22T20:18:28","guid":{"rendered":"https:\/\/psi-polymersystems.com\/?page_id=5922"},"modified":"2020-09-22T20:21:05","modified_gmt":"2020-09-22T20:21:05","slug":"psi-polymer-systems-inc-is-awarded-u-s-patent-for-new-seal-technology-conover-nc-june-7-2016","status":"publish","type":"page","link":"https:\/\/www.psi-polymersystems.com\/fr_ca\/about-us\/press-releases\/psi-polymer-systems-inc-is-awarded-u-s-patent-for-new-seal-technology-conover-nc-june-7-2016\/","title":{"rendered":"PSI-Polymer Systems Inc. obtient un brevet am\u00e9ricain pour la nouvelle technologie de joint Conover, NC (7 juin 2016)"},"content":{"rendered":"<div data-elementor-type=\"wp-page\" data-elementor-id=\"5922\" class=\"elementor elementor-5922\" data-elementor-post-type=\"page\">\n\t\t\t\t\t\t<section class=\"elementor-section elementor-top-section elementor-element elementor-element-7a5bf2b3 elementor-section-boxed elementor-section-height-default elementor-section-height-default\" data-id=\"7a5bf2b3\" data-element_type=\"section\" data-e-type=\"section\">\n\t\t\t\t\t\t<div class=\"elementor-container elementor-column-gap-default\">\n\t\t\t\t\t<div class=\"elementor-column elementor-col-50 elementor-top-column elementor-element elementor-element-4440deb2\" data-id=\"4440deb2\" data-element_type=\"column\" data-e-type=\"column\">\n\t\t\t<div class=\"elementor-widget-wrap elementor-element-populated\">\n\t\t\t\t\t\t<div class=\"elementor-element elementor-element-10a7f2c5 elementor-widget elementor-widget-heading\" data-id=\"10a7f2c5\" data-element_type=\"widget\" data-e-type=\"widget\" data-widget_type=\"heading.default\">\n\t\t\t\t<div class=\"elementor-widget-container\">\n\t\t\t\t\t<h2 class=\"elementor-heading-title elementor-size-default\">PSI-Polymer Systems, Inc. obtient un brevet am\u00e9ricain pour la nouvelle technologie de joint Conover, NC (7 juin 2016)<\/h2>\t\t\t\t<\/div>\n\t\t\t\t<\/div>\n\t\t\t\t<div class=\"elementor-element elementor-element-41981cf2 elementor-widget elementor-widget-text-editor\" data-id=\"41981cf2\" data-element_type=\"widget\" data-e-type=\"widget\" data-widget_type=\"text-editor.default\">\n\t\t\t\t<div class=\"elementor-widget-container\">\n\t\t\t\t\t\t\t\t\t<p>PSI-Polymer Systems Inc. a obtenu un brevet am\u00e9ricain pour une nouvelle technologie d&#039;\u00e9tanch\u00e9it\u00e9. Le brevet am\u00e9ricain 9\u00a0309\u00a0974 B1, dat\u00e9 du 12 avril 2016, a \u00e9t\u00e9 d\u00e9livr\u00e9 \u00e0 la soci\u00e9t\u00e9 pour \u00ab\u00a0Seals for use with Low to Medium Viscosity Fluids and Related Methods, Apparatuses and Systems\u00a0\u00bb.\u00a0\u00a0<\/p><p>Des fuites de mat\u00e9riau sur les changeurs de tamis continus de type boulon peuvent se produire lorsque la viscosit\u00e9 du mat\u00e9riau de traitement n&#039;est pas suffisante pour cr\u00e9er un joint dans les espaces de tol\u00e9rance \u00e9troits entre le bo\u00eetier du changeur de tamis et le(s) boulon(s) transversal(s). Les mat\u00e9riaux qui entrent dans ces cat\u00e9gories comprennent les adh\u00e9sifs thermofusibles, le polypropyl\u00e8ne \u00e0 MFI \u00e9lev\u00e9 et d&#039;autres o\u00f9 la masse fondue peut facilement passer \u00e0 travers des espaces restreints. Cette nouvelle technologie d&#039;\u00e9tanch\u00e9it\u00e9 brevet\u00e9e sera utilis\u00e9e par la soci\u00e9t\u00e9 sur sa gamme de changeurs de tamis CSC (boulon continu) et DSC (boulon discontinu) pour emp\u00eacher les fuites de mat\u00e9riaux \u00e0 MFI \u00e9lev\u00e9\/faible viscosit\u00e9 filtr\u00e9s \u00e0 travers l&#039;\u00e9quipement.\u00a0<\/p><p>La nouvelle conception est \u00e9tanche aux mat\u00e9riaux poss\u00e9dant une viscosit\u00e9 aussi faible qu&#039;un centipoise (1 cP). Cet exploit impressionnant est r\u00e9alis\u00e9 en associant la technologie \u00e0 espace r\u00e9duit de PSI \u00e0 un \u00ab joint en U \u00bb exclusif qui conserve ses propri\u00e9t\u00e9s d&#039;\u00e9tanch\u00e9it\u00e9 sans se d\u00e9chirer ni se d\u00e9placer.\u00a0 \u00a0<\/p><p>&quot;Nous sommes ravis d&#039;avoir obtenu ce nouveau brevet et de reconna\u00eetre nos ing\u00e9nieurs qui ont invent\u00e9 une technologie d&#039;\u00e9tanch\u00e9it\u00e9 qui emp\u00eache v\u00e9ritablement les fuites pour les mat\u00e9riaux difficiles \u00e0 sceller et r\u00e9siste dans des conditions de fonctionnement r\u00e9elles&quot;, a d\u00e9clar\u00e9 Don Macnamara, directeur g\u00e9n\u00e9ral. de PSI-Polymer Systems Inc. \u00ab Les fuites de mat\u00e9riaux pour les adh\u00e9sifs et les polym\u00e8res \u00e0 faible viscosit\u00e9 sont le probl\u00e8me #1 rencontr\u00e9 par les transformateurs lorsqu&#039;ils utilisent des changeurs de tamis pour ces applications. La nouvelle conception de joint de PSI offre un moyen d&#039;emp\u00eacher que cela ne se produise et offre \u00e0 nos clients l&#039;assurance que leur changeur d&#039;\u00e9cran fonctionnera comme annonc\u00e9 sans cr\u00e9er d&#039;entretien m\u00e9nager excessif et de probl\u00e8mes de s\u00e9curit\u00e9 connexes.\u00a0<\/p>\t\t\t\t\t\t\t\t<\/div>\n\t\t\t\t<\/div>\n\t\t\t\t\t<\/div>\n\t\t<\/div>\n\t\t\t\t<div class=\"elementor-column elementor-col-50 elementor-top-column elementor-element elementor-element-7233c9a1\" data-id=\"7233c9a1\" data-element_type=\"column\" data-e-type=\"column\">\n\t\t\t<div class=\"elementor-widget-wrap\">\n\t\t\t\t\t\t\t<\/div>\n\t\t<\/div>\n\t\t\t\t\t<\/div>\n\t\t<\/section>\n\t\t\t\t<\/div>","protected":false},"excerpt":{"rendered":"<p>PSI-Polymer Systems, Inc. obtient un brevet am\u00e9ricain pour une nouvelle technologie de joint Conover, NC (7 juin 2016) PSI-Polymer Systems Inc. a obtenu un brevet am\u00e9ricain pour une nouvelle technologie de joint. Le brevet am\u00e9ricain 9\u00a0309\u00a0974 B1, dat\u00e9 du 12 avril 2016, a \u00e9t\u00e9 d\u00e9livr\u00e9 \u00e0 la soci\u00e9t\u00e9 pour \u00ab\u00a0Seals for use with Low to Medium Viscosity Fluids and Related [\u2026]<\/p>","protected":false},"author":2,"featured_media":0,"parent":5833,"menu_order":0,"comment_status":"closed","ping_status":"closed","template":"","meta":{"_monsterinsights_skip_tracking":false,"_monsterinsights_sitenote_active":false,"_monsterinsights_sitenote_note":"","_monsterinsights_sitenote_category":0,"footnotes":""},"class_list":["post-5922","page","type-page","status-publish","hentry"],"yoast_head":"<!-- This site is optimized with the Yoast SEO Premium plugin v25.0 (Yoast SEO v25.0) - https:\/\/yoast.com\/wordpress\/plugins\/seo\/ -->\n<title>PSI-Polymer Systems Inc. is Awarded U.S. Patent for New Seal Technology Conover, NC (June 7, 2016) - PSI-Polymer Systems<\/title>\n<meta name=\"robots\" content=\"index, follow, max-snippet:-1, max-image-preview:large, max-video-preview:-1\" \/>\n<link rel=\"canonical\" href=\"https:\/\/www.psi-polymersystems.com\/fr_ca\/about-us\/press-releases\/psi-polymer-systems-inc-is-awarded-u-s-patent-for-new-seal-technology-conover-nc-june-7-2016\/\" \/>\n<meta property=\"og:locale\" content=\"fr_CA\" \/>\n<meta property=\"og:type\" content=\"article\" \/>\n<meta property=\"og:title\" content=\"PSI-Polymer Systems Inc. is Awarded U.S. Patent for New Seal Technology Conover, NC (June 7, 2016)\" \/>\n<meta property=\"og:description\" content=\"PSI-Polymer Systems, Inc. is Awarded U.S. Patent for New Seal Technology Conover, NC (June 7, 2016) PSI-Polymer Systems Inc. has been awarded with a U.S.\" \/>\n<meta property=\"og:url\" content=\"https:\/\/www.psi-polymersystems.com\/fr_ca\/about-us\/press-releases\/psi-polymer-systems-inc-is-awarded-u-s-patent-for-new-seal-technology-conover-nc-june-7-2016\/\" \/>\n<meta property=\"og:site_name\" content=\"PSI-Polymer Systems\" \/>\n<meta property=\"article:publisher\" content=\"https:\/\/www.facebook.com\/psipolymersystems\/\" \/>\n<meta property=\"article:modified_time\" content=\"2020-09-22T20:21:05+00:00\" \/>\n<meta name=\"twitter:card\" content=\"summary_large_image\" \/>\n<meta name=\"twitter:label1\" content=\"Estimation du temps de lecture\" \/>\n\t<meta name=\"twitter:data1\" content=\"1 minute\" \/>\n<script type=\"application\/ld+json\" class=\"yoast-schema-graph\">{\"@context\":\"https:\/\/schema.org\",\"@graph\":[{\"@type\":\"WebPage\",\"@id\":\"https:\/\/www.psi-polymersystems.com\/es\/about-us\/press-releases\/psi-polymer-systems-inc-is-awarded-u-s-patent-for-new-seal-technology-conover-nc-june-7-2016\/\",\"url\":\"https:\/\/www.psi-polymersystems.com\/es\/about-us\/press-releases\/psi-polymer-systems-inc-is-awarded-u-s-patent-for-new-seal-technology-conover-nc-june-7-2016\/\",\"name\":\"PSI-Polymer Systems Inc. is Awarded U.S. Patent for New Seal Technology Conover, NC (June 7, 2016) - PSI-Polymer Systems\",\"isPartOf\":{\"@id\":\"https:\/\/www.psi-polymersystems.com\/#website\"},\"datePublished\":\"2020-09-22T20:18:28+00:00\",\"dateModified\":\"2020-09-22T20:21:05+00:00\",\"breadcrumb\":{\"@id\":\"https:\/\/www.psi-polymersystems.com\/es\/about-us\/press-releases\/psi-polymer-systems-inc-is-awarded-u-s-patent-for-new-seal-technology-conover-nc-june-7-2016\/#breadcrumb\"},\"inLanguage\":\"fr-CA\",\"potentialAction\":[{\"@type\":\"ReadAction\",\"target\":[\"https:\/\/www.psi-polymersystems.com\/es\/about-us\/press-releases\/psi-polymer-systems-inc-is-awarded-u-s-patent-for-new-seal-technology-conover-nc-june-7-2016\/\"]}]},{\"@type\":\"BreadcrumbList\",\"@id\":\"https:\/\/www.psi-polymersystems.com\/es\/about-us\/press-releases\/psi-polymer-systems-inc-is-awarded-u-s-patent-for-new-seal-technology-conover-nc-june-7-2016\/#breadcrumb\",\"itemListElement\":[{\"@type\":\"ListItem\",\"position\":1,\"name\":\"Home\",\"item\":\"https:\/\/www.psi-polymersystems.com\/\"},{\"@type\":\"ListItem\",\"position\":2,\"name\":\"About Us\",\"item\":\"https:\/\/www.psi-polymersystems.com\/about-us\/\"},{\"@type\":\"ListItem\",\"position\":3,\"name\":\"Press Releases\",\"item\":\"https:\/\/www.psi-polymersystems.com\/about-us\/press-releases\/\"},{\"@type\":\"ListItem\",\"position\":4,\"name\":\"PSI-Polymer Systems Inc. is Awarded U.S. Patent for New Seal Technology Conover, NC (June 7, 2016)\"}]},{\"@type\":\"WebSite\",\"@id\":\"https:\/\/www.psi-polymersystems.com\/#website\",\"url\":\"https:\/\/www.psi-polymersystems.com\/\",\"name\":\"PSI-Polymer Systems\",\"description\":\"\",\"publisher\":{\"@id\":\"https:\/\/www.psi-polymersystems.com\/#organization\"},\"potentialAction\":[{\"@type\":\"SearchAction\",\"target\":{\"@type\":\"EntryPoint\",\"urlTemplate\":\"https:\/\/www.psi-polymersystems.com\/?s={search_term_string}\"},\"query-input\":{\"@type\":\"PropertyValueSpecification\",\"valueRequired\":true,\"valueName\":\"search_term_string\"}}],\"inLanguage\":\"fr-CA\"},{\"@type\":\"Organization\",\"@id\":\"https:\/\/www.psi-polymersystems.com\/#organization\",\"name\":\"PSI-Polymer Systems, Inc.\",\"url\":\"https:\/\/www.psi-polymersystems.com\/\",\"logo\":{\"@type\":\"ImageObject\",\"inLanguage\":\"fr-CA\",\"@id\":\"https:\/\/www.psi-polymersystems.com\/#\/schema\/logo\/image\/\",\"url\":\"\",\"contentUrl\":\"\",\"caption\":\"PSI-Polymer Systems, Inc.\"},\"image\":{\"@id\":\"https:\/\/www.psi-polymersystems.com\/#\/schema\/logo\/image\/\"},\"sameAs\":[\"https:\/\/www.facebook.com\/psipolymersystems\/\",\"https:\/\/www.linkedin.com\/showcase\/psi-polymer-systems\"]}]}<\/script>\n<!-- \/ Yoast SEO Premium plugin. -->","yoast_head_json":{"title":"PSI-Polymer Systems Inc. is Awarded U.S. Patent for New Seal Technology Conover, NC (June 7, 2016) - PSI-Polymer Systems","robots":{"index":"index","follow":"follow","max-snippet":"max-snippet:-1","max-image-preview":"max-image-preview:large","max-video-preview":"max-video-preview:-1"},"canonical":"https:\/\/www.psi-polymersystems.com\/fr_ca\/about-us\/press-releases\/psi-polymer-systems-inc-is-awarded-u-s-patent-for-new-seal-technology-conover-nc-june-7-2016\/","og_locale":"fr_CA","og_type":"article","og_title":"PSI-Polymer Systems Inc. is Awarded U.S. Patent for New Seal Technology Conover, NC (June 7, 2016)","og_description":"PSI-Polymer Systems, Inc. is Awarded U.S. Patent for New Seal Technology Conover, NC (June 7, 2016) PSI-Polymer Systems Inc. has been awarded with a U.S.","og_url":"https:\/\/www.psi-polymersystems.com\/fr_ca\/about-us\/press-releases\/psi-polymer-systems-inc-is-awarded-u-s-patent-for-new-seal-technology-conover-nc-june-7-2016\/","og_site_name":"PSI-Polymer Systems","article_publisher":"https:\/\/www.facebook.com\/psipolymersystems\/","article_modified_time":"2020-09-22T20:21:05+00:00","twitter_card":"summary_large_image","twitter_misc":{"Estimation du temps de lecture":"1 minute"},"schema":{"@context":"https:\/\/schema.org","@graph":[{"@type":"WebPage","@id":"https:\/\/www.psi-polymersystems.com\/es\/about-us\/press-releases\/psi-polymer-systems-inc-is-awarded-u-s-patent-for-new-seal-technology-conover-nc-june-7-2016\/","url":"https:\/\/www.psi-polymersystems.com\/es\/about-us\/press-releases\/psi-polymer-systems-inc-is-awarded-u-s-patent-for-new-seal-technology-conover-nc-june-7-2016\/","name":"PSI-Polymer Systems Inc. is Awarded U.S. Patent for New Seal Technology Conover, NC (June 7, 2016) - PSI-Polymer Systems","isPartOf":{"@id":"https:\/\/www.psi-polymersystems.com\/#website"},"datePublished":"2020-09-22T20:18:28+00:00","dateModified":"2020-09-22T20:21:05+00:00","breadcrumb":{"@id":"https:\/\/www.psi-polymersystems.com\/es\/about-us\/press-releases\/psi-polymer-systems-inc-is-awarded-u-s-patent-for-new-seal-technology-conover-nc-june-7-2016\/#breadcrumb"},"inLanguage":"fr-CA","potentialAction":[{"@type":"ReadAction","target":["https:\/\/www.psi-polymersystems.com\/es\/about-us\/press-releases\/psi-polymer-systems-inc-is-awarded-u-s-patent-for-new-seal-technology-conover-nc-june-7-2016\/"]}]},{"@type":"BreadcrumbList","@id":"https:\/\/www.psi-polymersystems.com\/es\/about-us\/press-releases\/psi-polymer-systems-inc-is-awarded-u-s-patent-for-new-seal-technology-conover-nc-june-7-2016\/#breadcrumb","itemListElement":[{"@type":"ListItem","position":1,"name":"Home","item":"https:\/\/www.psi-polymersystems.com\/"},{"@type":"ListItem","position":2,"name":"About Us","item":"https:\/\/www.psi-polymersystems.com\/about-us\/"},{"@type":"ListItem","position":3,"name":"Press Releases","item":"https:\/\/www.psi-polymersystems.com\/about-us\/press-releases\/"},{"@type":"ListItem","position":4,"name":"PSI-Polymer Systems Inc. is Awarded U.S. Patent for New Seal Technology Conover, NC (June 7, 2016)"}]},{"@type":"WebSite","@id":"https:\/\/www.psi-polymersystems.com\/#website","url":"https:\/\/www.psi-polymersystems.com\/","name":"PSI-Polymer Systems","description":"","publisher":{"@id":"https:\/\/www.psi-polymersystems.com\/#organization"},"potentialAction":[{"@type":"SearchAction","target":{"@type":"EntryPoint","urlTemplate":"https:\/\/www.psi-polymersystems.com\/?s={search_term_string}"},"query-input":{"@type":"PropertyValueSpecification","valueRequired":true,"valueName":"search_term_string"}}],"inLanguage":"fr-CA"},{"@type":"Organization","@id":"https:\/\/www.psi-polymersystems.com\/#organization","name":"PSI-Polymer Systems, Inc.","url":"https:\/\/www.psi-polymersystems.com\/","logo":{"@type":"ImageObject","inLanguage":"fr-CA","@id":"https:\/\/www.psi-polymersystems.com\/#\/schema\/logo\/image\/","url":"","contentUrl":"","caption":"PSI-Polymer Systems, Inc."},"image":{"@id":"https:\/\/www.psi-polymersystems.com\/#\/schema\/logo\/image\/"},"sameAs":["https:\/\/www.facebook.com\/psipolymersystems\/","https:\/\/www.linkedin.com\/showcase\/psi-polymer-systems"]}]}},"_links":{"self":[{"href":"https:\/\/www.psi-polymersystems.com\/fr_ca\/wp-json\/wp\/v2\/pages\/5922","targetHints":{"allow":["GET"]}}],"collection":[{"href":"https:\/\/www.psi-polymersystems.com\/fr_ca\/wp-json\/wp\/v2\/pages"}],"about":[{"href":"https:\/\/www.psi-polymersystems.com\/fr_ca\/wp-json\/wp\/v2\/types\/page"}],"author":[{"embeddable":true,"href":"https:\/\/www.psi-polymersystems.com\/fr_ca\/wp-json\/wp\/v2\/users\/2"}],"replies":[{"embeddable":true,"href":"https:\/\/www.psi-polymersystems.com\/fr_ca\/wp-json\/wp\/v2\/comments?post=5922"}],"version-history":[{"count":0,"href":"https:\/\/www.psi-polymersystems.com\/fr_ca\/wp-json\/wp\/v2\/pages\/5922\/revisions"}],"up":[{"embeddable":true,"href":"https:\/\/www.psi-polymersystems.com\/fr_ca\/wp-json\/wp\/v2\/pages\/5833"}],"wp:attachment":[{"href":"https:\/\/www.psi-polymersystems.com\/fr_ca\/wp-json\/wp\/v2\/media?parent=5922"}],"curies":[{"name":"wp","href":"https:\/\/api.w.org\/{rel}","templated":true}]}}