{"id":5936,"date":"2020-09-22T20:31:38","date_gmt":"2020-09-22T20:31:38","guid":{"rendered":"https:\/\/psi-polymersystems.com\/?page_id=5936"},"modified":"2020-09-22T20:33:26","modified_gmt":"2020-09-22T20:33:26","slug":"psi-polymer-systems-inc-introduces-new-line-of-12-drop-in-replacement-screen-changers-for-large-extruder-applications-conover-nc-march-9-2015","status":"publish","type":"page","link":"https:\/\/www.psi-polymersystems.com\/fr_ca\/about-us\/press-releases\/psi-polymer-systems-inc-introduces-new-line-of-12-drop-in-replacement-screen-changers-for-large-extruder-applications-conover-nc-march-9-2015\/","title":{"rendered":"PSI-Polymer Systems Inc. pr\u00e9sente une nouvelle gamme de changeurs d&#039;\u00e9cran de remplacement de 12 pouces pour les grandes applications d&#039;extrudeuse Conover, NC (9 mars 2015)"},"content":{"rendered":"<div data-elementor-type=\"wp-page\" data-elementor-id=\"5936\" class=\"elementor elementor-5936\" data-elementor-post-type=\"page\">\n\t\t\t\t\t\t<section class=\"elementor-section elementor-top-section elementor-element elementor-element-1c71fbaf elementor-section-boxed elementor-section-height-default elementor-section-height-default\" data-id=\"1c71fbaf\" data-element_type=\"section\" data-e-type=\"section\">\n\t\t\t\t\t\t<div class=\"elementor-container elementor-column-gap-default\">\n\t\t\t\t\t<div class=\"elementor-column elementor-col-50 elementor-top-column elementor-element elementor-element-4db1e16e\" data-id=\"4db1e16e\" data-element_type=\"column\" data-e-type=\"column\">\n\t\t\t<div class=\"elementor-widget-wrap elementor-element-populated\">\n\t\t\t\t\t\t<div class=\"elementor-element elementor-element-684670a2 elementor-widget elementor-widget-heading\" data-id=\"684670a2\" data-element_type=\"widget\" data-e-type=\"widget\" data-widget_type=\"heading.default\">\n\t\t\t\t<div class=\"elementor-widget-container\">\n\t\t\t\t\t<h2 class=\"elementor-heading-title elementor-size-default\">PSI-Polymer Systems, Inc. pr\u00e9sente une nouvelle gamme de changeurs d&#039;\u00e9cran de remplacement de 12&quot; pour les grandes applications d&#039;extrudeuse Conover, NC (9 mars 2015)<\/h2>\t\t\t\t<\/div>\n\t\t\t\t<\/div>\n\t\t\t\t<div class=\"elementor-element elementor-element-417251ef elementor-widget elementor-widget-text-editor\" data-id=\"417251ef\" data-element_type=\"widget\" data-e-type=\"widget\" data-widget_type=\"text-editor.default\">\n\t\t\t\t<div class=\"elementor-widget-container\">\n\t\t\t\t\t\t\t\t\t<p>PSI-Polymer Systems a r\u00e9cemment mis en production un nouveau changeur de tamis \u00e0 plaques coulissantes de 12 pouces avec un fournisseur mondial de mat\u00e9riaux de premier plan. Le changeur d&#039;\u00e9cran a \u00e9t\u00e9 fourni en tant que r\u00e9trofit pour le mod\u00e8le d&#039;une autre soci\u00e9t\u00e9 et con\u00e7u pour \u00eatre une unit\u00e9 de remplacement instantan\u00e9e. Le nouveau changeur de tamis PSI a consid\u00e9rablement am\u00e9lior\u00e9 le rendement et l&#039;efficacit\u00e9 de la machine.<\/p><p>L&#039;ancien changeur de tamis que l&#039;entreprise utilisait suintait constamment du polym\u00e8re des joints en alliage souple, n\u00e9cessitant des ajustements manuels quotidiens ou hebdomadaires avec un v\u00e9rin hydraulique. Cette fuite de polym\u00e8re a cr\u00e9\u00e9 des probl\u00e8mes de s\u00e9curit\u00e9 importants et des probl\u00e8mes d&#039;entretien m\u00e9nager. Les pi\u00e8ces de rechange pour les joints, qui ont \u00e9t\u00e9 con\u00e7ues dans les ann\u00e9es 1960, comportaient des primes de prix \u00e9lev\u00e9es et n&#039;\u00e9taient pas toujours disponibles en cas de besoin pour les temps d&#039;arr\u00eat programm\u00e9s. Lorsque les fuites se d\u00e9veloppent au-del\u00e0 de la capacit\u00e9 des op\u00e9rateurs \u00e0 les g\u00e9rer, ces machines complexes, souvent \u00e0 plusieurs composants, n\u00e9cessitent parfois une journ\u00e9e compl\u00e8te d&#039;arr\u00eat pour \u00eatre r\u00e9par\u00e9es. Les plaques coulissantes de 12 pouces peuvent peser plus de 500 livres, donc la r\u00e9paration d&#039;un changeur d&#039;\u00e9cran apr\u00e8s une fuite peut \u00eatre un projet incroyablement long, difficile et co\u00fbteux.<\/p><p>Les grands changeurs d&#039;\u00e9crans de PSI int\u00e8grent son syst\u00e8me de joint brevet\u00e9 enti\u00e8rement en acier, segment\u00e9 et auto-actionn\u00e9 pour un fonctionnement \u00e9tanche. Les composants du joint sont usin\u00e9s \u00e0 partir d&#039;acier tremp\u00e9 et sont activ\u00e9s par la pression du polym\u00e8re fondu. La pression du joint est proportionnelle \u00e0 la pression de la t\u00eate et la force de frottement du joint contre la plaque coulissante pendant le changement de vitesse est dynamiquement r\u00e9duite pour r\u00e9duire l&#039;usure des composants. Gr\u00e2ce \u00e0 cette conception, ces changeurs de tamis \u00e9liminent le r\u00e9glage et la maintenance des joints pendant toute la dur\u00e9e de vie du changeur de tamis.<\/p><p>Une autre caract\u00e9ristique int\u00e9ressante est la capacit\u00e9 \u00ab drop-in \u00bb de PSI. La plupart des grandes lignes existantes sont limit\u00e9es par l&#039;espace, les coupures de courant, la tuyauterie et d&#039;autres mat\u00e9riels qui ne peuvent pas \u00eatre facilement d\u00e9plac\u00e9s. PSI a con\u00e7u les grands mod\u00e8les pour qu&#039;ils s&#039;int\u00e8grent dans l&#039;enveloppe spatiale existante et les connexions utilis\u00e9es par les anciennes machines. Cela donne \u00e0 l&#039;op\u00e9rateur la possibilit\u00e9 de remplacer l&#039;ancien changeur de tamis par le nouveau changeur de tamis PSI sans avoir \u00e0 d\u00e9placer l&#039;extrudeuse ou l&#039;appareil en aval. Cette facilit\u00e9 de changement rend encore plus int\u00e9ressant le remplacement de votre ancien changeur d&#039;\u00e9cran.<\/p><p>\u00a0\u00ab Nous voyons fr\u00e9quemment de vieux changeurs de tamis dans les installations des grands fournisseurs de r\u00e9sine qui fonctionnent depuis 20 \u00e0 25 ans et ont grandement besoin de mises \u00e0 niveau \u00bb, a d\u00e9clar\u00e9 Glenn Woodcock, pr\u00e9sident de PSI-Polymer Systems. \u00ab Cet ajout \u00e0 notre famille de changeurs de cribles \u00e0 plaques coulissantes est sp\u00e9cialement con\u00e7u pour ces clients. Nous facilitons les mises \u00e0 niveau et les avantages en termes de s\u00e9curit\u00e9, d&#039;entretien, d&#039;efficacit\u00e9 et de r\u00e9duction des temps d&#039;arr\u00eat par rapport aux mod\u00e8les des autres fournisseurs sont \u00e9normes.<\/p>\t\t\t\t\t\t\t\t<\/div>\n\t\t\t\t<\/div>\n\t\t\t\t\t<\/div>\n\t\t<\/div>\n\t\t\t\t<div class=\"elementor-column elementor-col-50 elementor-top-column elementor-element elementor-element-2f9cb75\" data-id=\"2f9cb75\" data-element_type=\"column\" data-e-type=\"column\">\n\t\t\t<div class=\"elementor-widget-wrap\">\n\t\t\t\t\t\t\t<\/div>\n\t\t<\/div>\n\t\t\t\t\t<\/div>\n\t\t<\/section>\n\t\t\t\t<\/div>","protected":false},"excerpt":{"rendered":"<p>PSI-Polymer Systems, Inc. pr\u00e9sente une nouvelle gamme de changeurs de tamis de remplacement de 12\u2033 pour les grandes applications d&#039;extrudeuse avec un fournisseur mondial de mat\u00e9riaux de premier plan. Le changeur d&#039;\u00e9cran a \u00e9t\u00e9 fourni en tant que r\u00e9trofit pour le mod\u00e8le d&#039;une autre soci\u00e9t\u00e9, et [\u2026]<\/p>","protected":false},"author":2,"featured_media":0,"parent":5833,"menu_order":0,"comment_status":"closed","ping_status":"closed","template":"","meta":{"_monsterinsights_skip_tracking":false,"_monsterinsights_sitenote_active":false,"_monsterinsights_sitenote_note":"","_monsterinsights_sitenote_category":0,"footnotes":""},"class_list":["post-5936","page","type-page","status-publish","hentry"],"yoast_head":"<!-- This site is optimized with the Yoast SEO Premium plugin v25.0 (Yoast SEO v25.0) - https:\/\/yoast.com\/wordpress\/plugins\/seo\/ -->\n<title>PSI-Polymer Systems Inc. Introduces New Line of 12\u201d Drop-In Replacement Screen Changers for Large Extruder Applications Conover, NC (March 9, 2015) - PSI-Polymer Systems<\/title>\n<meta name=\"robots\" content=\"index, follow, max-snippet:-1, max-image-preview:large, max-video-preview:-1\" \/>\n<link rel=\"canonical\" href=\"https:\/\/www.psi-polymersystems.com\/fr_ca\/about-us\/press-releases\/psi-polymer-systems-inc-introduces-new-line-of-12-drop-in-replacement-screen-changers-for-large-extruder-applications-conover-nc-march-9-2015\/\" \/>\n<meta property=\"og:locale\" content=\"fr_CA\" \/>\n<meta property=\"og:type\" content=\"article\" \/>\n<meta property=\"og:title\" content=\"PSI-Polymer Systems Inc. Introduces New Line of 12\u201d Drop-In Replacement Screen Changers for Large Extruder Applications Conover, NC (March 9, 2015)\" \/>\n<meta property=\"og:description\" content=\"PSI-Polymer Systems, Inc. Introduces New Line of 12&quot; Drop-In Replacement Screen Changers for Large Extruder Applications Conover, NC (March 9, 2015)\" \/>\n<meta property=\"og:url\" content=\"https:\/\/www.psi-polymersystems.com\/fr_ca\/about-us\/press-releases\/psi-polymer-systems-inc-introduces-new-line-of-12-drop-in-replacement-screen-changers-for-large-extruder-applications-conover-nc-march-9-2015\/\" \/>\n<meta property=\"og:site_name\" content=\"PSI-Polymer Systems\" \/>\n<meta property=\"article:publisher\" content=\"https:\/\/www.facebook.com\/psipolymersystems\/\" \/>\n<meta property=\"article:modified_time\" content=\"2020-09-22T20:33:26+00:00\" \/>\n<meta name=\"twitter:card\" content=\"summary_large_image\" \/>\n<meta name=\"twitter:label1\" content=\"Estimation du temps de lecture\" \/>\n\t<meta name=\"twitter:data1\" content=\"2 minutes\" \/>\n<script type=\"application\/ld+json\" class=\"yoast-schema-graph\">{\"@context\":\"https:\/\/schema.org\",\"@graph\":[{\"@type\":\"WebPage\",\"@id\":\"https:\/\/www.psi-polymersystems.com\/es\/about-us\/press-releases\/psi-polymer-systems-inc-introduces-new-line-of-12-drop-in-replacement-screen-changers-for-large-extruder-applications-conover-nc-march-9-2015\/\",\"url\":\"https:\/\/www.psi-polymersystems.com\/es\/about-us\/press-releases\/psi-polymer-systems-inc-introduces-new-line-of-12-drop-in-replacement-screen-changers-for-large-extruder-applications-conover-nc-march-9-2015\/\",\"name\":\"PSI-Polymer Systems Inc. Introduces New Line of 12\u201d Drop-In Replacement Screen Changers for Large Extruder Applications Conover, NC (March 9, 2015) - PSI-Polymer Systems\",\"isPartOf\":{\"@id\":\"https:\/\/www.psi-polymersystems.com\/#website\"},\"datePublished\":\"2020-09-22T20:31:38+00:00\",\"dateModified\":\"2020-09-22T20:33:26+00:00\",\"breadcrumb\":{\"@id\":\"https:\/\/www.psi-polymersystems.com\/es\/about-us\/press-releases\/psi-polymer-systems-inc-introduces-new-line-of-12-drop-in-replacement-screen-changers-for-large-extruder-applications-conover-nc-march-9-2015\/#breadcrumb\"},\"inLanguage\":\"fr-CA\",\"potentialAction\":[{\"@type\":\"ReadAction\",\"target\":[\"https:\/\/www.psi-polymersystems.com\/es\/about-us\/press-releases\/psi-polymer-systems-inc-introduces-new-line-of-12-drop-in-replacement-screen-changers-for-large-extruder-applications-conover-nc-march-9-2015\/\"]}]},{\"@type\":\"BreadcrumbList\",\"@id\":\"https:\/\/www.psi-polymersystems.com\/es\/about-us\/press-releases\/psi-polymer-systems-inc-introduces-new-line-of-12-drop-in-replacement-screen-changers-for-large-extruder-applications-conover-nc-march-9-2015\/#breadcrumb\",\"itemListElement\":[{\"@type\":\"ListItem\",\"position\":1,\"name\":\"Home\",\"item\":\"https:\/\/www.psi-polymersystems.com\/\"},{\"@type\":\"ListItem\",\"position\":2,\"name\":\"About Us\",\"item\":\"https:\/\/www.psi-polymersystems.com\/about-us\/\"},{\"@type\":\"ListItem\",\"position\":3,\"name\":\"Press Releases\",\"item\":\"https:\/\/www.psi-polymersystems.com\/about-us\/press-releases\/\"},{\"@type\":\"ListItem\",\"position\":4,\"name\":\"PSI-Polymer Systems Inc. Introduces New Line of 12\u201d Drop-In Replacement Screen Changers for Large Extruder Applications Conover, NC (March 9, 2015)\"}]},{\"@type\":\"WebSite\",\"@id\":\"https:\/\/www.psi-polymersystems.com\/#website\",\"url\":\"https:\/\/www.psi-polymersystems.com\/\",\"name\":\"PSI-Polymer Systems\",\"description\":\"\",\"publisher\":{\"@id\":\"https:\/\/www.psi-polymersystems.com\/#organization\"},\"potentialAction\":[{\"@type\":\"SearchAction\",\"target\":{\"@type\":\"EntryPoint\",\"urlTemplate\":\"https:\/\/www.psi-polymersystems.com\/?s={search_term_string}\"},\"query-input\":{\"@type\":\"PropertyValueSpecification\",\"valueRequired\":true,\"valueName\":\"search_term_string\"}}],\"inLanguage\":\"fr-CA\"},{\"@type\":\"Organization\",\"@id\":\"https:\/\/www.psi-polymersystems.com\/#organization\",\"name\":\"PSI-Polymer Systems, Inc.\",\"url\":\"https:\/\/www.psi-polymersystems.com\/\",\"logo\":{\"@type\":\"ImageObject\",\"inLanguage\":\"fr-CA\",\"@id\":\"https:\/\/www.psi-polymersystems.com\/#\/schema\/logo\/image\/\",\"url\":\"\",\"contentUrl\":\"\",\"caption\":\"PSI-Polymer Systems, Inc.\"},\"image\":{\"@id\":\"https:\/\/www.psi-polymersystems.com\/#\/schema\/logo\/image\/\"},\"sameAs\":[\"https:\/\/www.facebook.com\/psipolymersystems\/\",\"https:\/\/www.linkedin.com\/showcase\/psi-polymer-systems\"]}]}<\/script>\n<!-- \/ Yoast SEO Premium plugin. -->","yoast_head_json":{"title":"PSI-Polymer Systems Inc. Introduces New Line of 12\u201d Drop-In Replacement Screen Changers for Large Extruder Applications Conover, NC (March 9, 2015) - PSI-Polymer Systems","robots":{"index":"index","follow":"follow","max-snippet":"max-snippet:-1","max-image-preview":"max-image-preview:large","max-video-preview":"max-video-preview:-1"},"canonical":"https:\/\/www.psi-polymersystems.com\/fr_ca\/about-us\/press-releases\/psi-polymer-systems-inc-introduces-new-line-of-12-drop-in-replacement-screen-changers-for-large-extruder-applications-conover-nc-march-9-2015\/","og_locale":"fr_CA","og_type":"article","og_title":"PSI-Polymer Systems Inc. Introduces New Line of 12\u201d Drop-In Replacement Screen Changers for Large Extruder Applications Conover, NC (March 9, 2015)","og_description":"PSI-Polymer Systems, Inc. Introduces New Line of 12\" Drop-In Replacement Screen Changers for Large Extruder Applications Conover, NC (March 9, 2015)","og_url":"https:\/\/www.psi-polymersystems.com\/fr_ca\/about-us\/press-releases\/psi-polymer-systems-inc-introduces-new-line-of-12-drop-in-replacement-screen-changers-for-large-extruder-applications-conover-nc-march-9-2015\/","og_site_name":"PSI-Polymer Systems","article_publisher":"https:\/\/www.facebook.com\/psipolymersystems\/","article_modified_time":"2020-09-22T20:33:26+00:00","twitter_card":"summary_large_image","twitter_misc":{"Estimation du temps de lecture":"2 minutes"},"schema":{"@context":"https:\/\/schema.org","@graph":[{"@type":"WebPage","@id":"https:\/\/www.psi-polymersystems.com\/es\/about-us\/press-releases\/psi-polymer-systems-inc-introduces-new-line-of-12-drop-in-replacement-screen-changers-for-large-extruder-applications-conover-nc-march-9-2015\/","url":"https:\/\/www.psi-polymersystems.com\/es\/about-us\/press-releases\/psi-polymer-systems-inc-introduces-new-line-of-12-drop-in-replacement-screen-changers-for-large-extruder-applications-conover-nc-march-9-2015\/","name":"PSI-Polymer Systems Inc. Introduces New Line of 12\u201d Drop-In Replacement Screen Changers for Large Extruder Applications Conover, NC (March 9, 2015) - PSI-Polymer Systems","isPartOf":{"@id":"https:\/\/www.psi-polymersystems.com\/#website"},"datePublished":"2020-09-22T20:31:38+00:00","dateModified":"2020-09-22T20:33:26+00:00","breadcrumb":{"@id":"https:\/\/www.psi-polymersystems.com\/es\/about-us\/press-releases\/psi-polymer-systems-inc-introduces-new-line-of-12-drop-in-replacement-screen-changers-for-large-extruder-applications-conover-nc-march-9-2015\/#breadcrumb"},"inLanguage":"fr-CA","potentialAction":[{"@type":"ReadAction","target":["https:\/\/www.psi-polymersystems.com\/es\/about-us\/press-releases\/psi-polymer-systems-inc-introduces-new-line-of-12-drop-in-replacement-screen-changers-for-large-extruder-applications-conover-nc-march-9-2015\/"]}]},{"@type":"BreadcrumbList","@id":"https:\/\/www.psi-polymersystems.com\/es\/about-us\/press-releases\/psi-polymer-systems-inc-introduces-new-line-of-12-drop-in-replacement-screen-changers-for-large-extruder-applications-conover-nc-march-9-2015\/#breadcrumb","itemListElement":[{"@type":"ListItem","position":1,"name":"Home","item":"https:\/\/www.psi-polymersystems.com\/"},{"@type":"ListItem","position":2,"name":"About Us","item":"https:\/\/www.psi-polymersystems.com\/about-us\/"},{"@type":"ListItem","position":3,"name":"Press Releases","item":"https:\/\/www.psi-polymersystems.com\/about-us\/press-releases\/"},{"@type":"ListItem","position":4,"name":"PSI-Polymer Systems Inc. Introduces New Line of 12\u201d Drop-In Replacement Screen Changers for Large Extruder Applications Conover, NC (March 9, 2015)"}]},{"@type":"WebSite","@id":"https:\/\/www.psi-polymersystems.com\/#website","url":"https:\/\/www.psi-polymersystems.com\/","name":"PSI-Polymer Systems","description":"","publisher":{"@id":"https:\/\/www.psi-polymersystems.com\/#organization"},"potentialAction":[{"@type":"SearchAction","target":{"@type":"EntryPoint","urlTemplate":"https:\/\/www.psi-polymersystems.com\/?s={search_term_string}"},"query-input":{"@type":"PropertyValueSpecification","valueRequired":true,"valueName":"search_term_string"}}],"inLanguage":"fr-CA"},{"@type":"Organization","@id":"https:\/\/www.psi-polymersystems.com\/#organization","name":"PSI-Polymer Systems, Inc.","url":"https:\/\/www.psi-polymersystems.com\/","logo":{"@type":"ImageObject","inLanguage":"fr-CA","@id":"https:\/\/www.psi-polymersystems.com\/#\/schema\/logo\/image\/","url":"","contentUrl":"","caption":"PSI-Polymer Systems, Inc."},"image":{"@id":"https:\/\/www.psi-polymersystems.com\/#\/schema\/logo\/image\/"},"sameAs":["https:\/\/www.facebook.com\/psipolymersystems\/","https:\/\/www.linkedin.com\/showcase\/psi-polymer-systems"]}]}},"_links":{"self":[{"href":"https:\/\/www.psi-polymersystems.com\/fr_ca\/wp-json\/wp\/v2\/pages\/5936","targetHints":{"allow":["GET"]}}],"collection":[{"href":"https:\/\/www.psi-polymersystems.com\/fr_ca\/wp-json\/wp\/v2\/pages"}],"about":[{"href":"https:\/\/www.psi-polymersystems.com\/fr_ca\/wp-json\/wp\/v2\/types\/page"}],"author":[{"embeddable":true,"href":"https:\/\/www.psi-polymersystems.com\/fr_ca\/wp-json\/wp\/v2\/users\/2"}],"replies":[{"embeddable":true,"href":"https:\/\/www.psi-polymersystems.com\/fr_ca\/wp-json\/wp\/v2\/comments?post=5936"}],"version-history":[{"count":0,"href":"https:\/\/www.psi-polymersystems.com\/fr_ca\/wp-json\/wp\/v2\/pages\/5936\/revisions"}],"up":[{"embeddable":true,"href":"https:\/\/www.psi-polymersystems.com\/fr_ca\/wp-json\/wp\/v2\/pages\/5833"}],"wp:attachment":[{"href":"https:\/\/www.psi-polymersystems.com\/fr_ca\/wp-json\/wp\/v2\/media?parent=5936"}],"curies":[{"name":"wp","href":"https:\/\/api.w.org\/{rel}","templated":true}]}}