{"id":5994,"date":"2020-09-23T14:05:05","date_gmt":"2020-09-23T14:05:05","guid":{"rendered":"https:\/\/psi-polymersystems.com\/?page_id=5994"},"modified":"2020-09-23T14:06:14","modified_gmt":"2020-09-23T14:06:14","slug":"psi-polymer-systems-inc-screen-changers-and-gear-pumps-increase-quality-for-challenging-solar-cell-applications-conover-nc-march-9-2015","status":"publish","type":"page","link":"https:\/\/www.psi-polymersystems.com\/fr_ca\/about-us\/press-releases\/psi-polymer-systems-inc-screen-changers-and-gear-pumps-increase-quality-for-challenging-solar-cell-applications-conover-nc-march-9-2015\/","title":{"rendered":"PSI-Polymer Systems Inc. Les changeurs d&#039;\u00e9cran et les pompes \u00e0 engrenages am\u00e9liorent la qualit\u00e9 des applications de cellules solaires difficiles Conover, NC (9 mars 2015"},"content":{"rendered":"<div data-elementor-type=\"wp-page\" data-elementor-id=\"5994\" class=\"elementor elementor-5994\" data-elementor-post-type=\"page\">\n\t\t\t\t\t\t<section class=\"elementor-section elementor-top-section elementor-element elementor-element-7ebf9c2c elementor-section-boxed elementor-section-height-default elementor-section-height-default\" data-id=\"7ebf9c2c\" data-element_type=\"section\" data-e-type=\"section\">\n\t\t\t\t\t\t<div class=\"elementor-container elementor-column-gap-default\">\n\t\t\t\t\t<div class=\"elementor-column elementor-col-50 elementor-top-column elementor-element elementor-element-574f61d9\" data-id=\"574f61d9\" data-element_type=\"column\" data-e-type=\"column\">\n\t\t\t<div class=\"elementor-widget-wrap elementor-element-populated\">\n\t\t\t\t\t\t<div class=\"elementor-element elementor-element-52b7b1f6 elementor-widget elementor-widget-heading\" data-id=\"52b7b1f6\" data-element_type=\"widget\" data-e-type=\"widget\" data-widget_type=\"heading.default\">\n\t\t\t\t<div class=\"elementor-widget-container\">\n\t\t\t\t\t<h2 class=\"elementor-heading-title elementor-size-default\">PSI-Polymer Systems Inc. Les changeurs d&#039;\u00e9cran et les pompes \u00e0 engrenages am\u00e9liorent la qualit\u00e9 des applications de cellules solaires difficiles Conover, NC (9 mars 2015)<\/h2>\t\t\t\t<\/div>\n\t\t\t\t<\/div>\n\t\t\t\t<div class=\"elementor-element elementor-element-1d5518c6 elementor-widget elementor-widget-text-editor\" data-id=\"1d5518c6\" data-element_type=\"widget\" data-e-type=\"widget\" data-widget_type=\"text-editor.default\">\n\t\t\t\t<div class=\"elementor-widget-container\">\n\t\t\t\t\t\t\t\t\t<p>R\u00e9cemment, il y a eu une demande accrue dans l&#039;industrie pour des feuilles de mat\u00e9riau r\u00e9ticul\u00e9 (EVA), utilis\u00e9es principalement dans la production de cellules solaires. Cette application est particuli\u00e8rement difficile pour les pompes de fusion par extrusion et les changeurs de tamis en raison de la temp\u00e9rature de fusion \u00e9lev\u00e9e du mat\u00e9riau et des exigences strictes en mati\u00e8re de plan\u00e9it\u00e9 du produit final.<\/p><p>PSI a r\u00e9cemment fourni des pompes \u00e0 engrenages et des changeurs de tamis \u00e0 un fournisseur leader qui produit avec succ\u00e8s de grandes quantit\u00e9s de ces mat\u00e9riaux. PSI est dans une position unique pour r\u00e9pondre aux besoins de ce segment en croissance rapide de l&#039;industrie. Ils utilisent d\u00e9j\u00e0 de nombreuses pompes de fusion et changeurs de tamis qui ont des exigences similaires pour les applications de tuyaux PEX et de m\u00e9lange PEX, ce qui leur donne une connaissance et une exp\u00e9rience approfondies des mat\u00e9riaux r\u00e9ticul\u00e9s. La pompe de fusion pour cette application particuli\u00e8re est con\u00e7ue pour r\u00e9duire la temp\u00e9rature globale de fusion et emp\u00eacher la r\u00e9ticulation du mat\u00e9riau. Il poss\u00e8de de nombreuses caract\u00e9ristiques qui en font un ajustement id\u00e9al. Les fonctionnalit\u00e9s incluent\u00a0:<\/p><ul><li>Chauffer\/refroidir les canaux \u00e0 l&#039;int\u00e9rieur des pompes pour \u00e9liminer la chaleur excessive des paliers lisses et \u00e9galiser les gradients de temp\u00e9rature \u00e0 travers les corps de pompe\u00a0;<\/li><li>Les orifices de purge sur les pompes \u00e9vacuent le mat\u00e9riau traversant les zones \u00e0 fort cisaillement\u00a0;<\/li><li>La sortie volum\u00e9trique de haute pr\u00e9cision am\u00e9liore le contr\u00f4le de la jauge de l&#039;EVA, ce qui aide \u00e0 cr\u00e9er une plan\u00e9it\u00e9 parfaite, essentielle pour les applications de cellules solaires\u00a0;<\/li><li>La pompe \u00e0 fusion permet un cisaillement r\u00e9duit, une temp\u00e9rature plus facilement contr\u00f4l\u00e9e et un contr\u00f4le sup\u00e9rieur par rapport au contr\u00f4le d&#039;extrusion gravim\u00e9trique couramment utilis\u00e9.<\/li><\/ul><p>&quot;Les applications de mat\u00e9riaux r\u00e9ticul\u00e9s sont en plein essor en ce moment en raison de la croissance de l&#039;industrie des panneaux solaires&quot;, a d\u00e9clar\u00e9 Glenn Woodcock, pr\u00e9sident de PSI-Polymer Systems. &quot;Nos pompes de fusion sont parfaitement adapt\u00e9es \u00e0 ces mat\u00e9riaux, et notre exp\u00e9rience, nos connaissances et nos performances existantes sur le terrain se sont av\u00e9r\u00e9es \u00eatre la valeur ajout\u00e9e pour ces applications de pr\u00e9cision.&quot;<\/p>\t\t\t\t\t\t\t\t<\/div>\n\t\t\t\t<\/div>\n\t\t\t\t\t<\/div>\n\t\t<\/div>\n\t\t\t\t<div class=\"elementor-column elementor-col-50 elementor-top-column elementor-element elementor-element-383722e2\" data-id=\"383722e2\" data-element_type=\"column\" data-e-type=\"column\">\n\t\t\t<div class=\"elementor-widget-wrap\">\n\t\t\t\t\t\t\t<\/div>\n\t\t<\/div>\n\t\t\t\t\t<\/div>\n\t\t<\/section>\n\t\t\t\t<\/div>","protected":false},"excerpt":{"rendered":"<p>PSI-Polymer Systems Inc. Les changeurs d&#039;\u00e9cran et les pompes \u00e0 engrenages am\u00e9liorent la qualit\u00e9 des applications de cellules solaires difficiles Conover, NC (9 mars 2015) R\u00e9cemment, il y a eu une demande accrue dans l&#039;industrie pour les feuilles de mat\u00e9riau r\u00e9ticul\u00e9 (EVA), utilis\u00e9es principalement dans la production de cellules solaires. Cette application est particuli\u00e8rement difficile pour les pompes de fusion par extrusion et les changeurs de tamis car [\u2026]<\/p>","protected":false},"author":2,"featured_media":0,"parent":5833,"menu_order":0,"comment_status":"closed","ping_status":"closed","template":"","meta":{"_monsterinsights_skip_tracking":false,"_monsterinsights_sitenote_active":false,"_monsterinsights_sitenote_note":"","_monsterinsights_sitenote_category":0,"footnotes":""},"class_list":["post-5994","page","type-page","status-publish","hentry"],"yoast_head":"<!-- This site is optimized with the Yoast SEO Premium plugin v25.0 (Yoast SEO v25.0) - https:\/\/yoast.com\/wordpress\/plugins\/seo\/ -->\n<title>PSI-Polymer Systems Inc. Screen Changers and Gear Pumps Increase Quality For Challenging Solar Cell Applications Conover, NC (March 9, 2015 - PSI-Polymer Systems<\/title>\n<meta name=\"robots\" content=\"index, follow, max-snippet:-1, max-image-preview:large, max-video-preview:-1\" \/>\n<link rel=\"canonical\" href=\"https:\/\/www.psi-polymersystems.com\/fr_ca\/about-us\/press-releases\/psi-polymer-systems-inc-screen-changers-and-gear-pumps-increase-quality-for-challenging-solar-cell-applications-conover-nc-march-9-2015\/\" \/>\n<meta property=\"og:locale\" content=\"fr_CA\" \/>\n<meta property=\"og:type\" content=\"article\" \/>\n<meta property=\"og:title\" content=\"PSI-Polymer Systems Inc. Screen Changers and Gear Pumps Increase Quality For Challenging Solar Cell Applications Conover, NC (March 9, 2015\" \/>\n<meta property=\"og:description\" content=\"PSI-Polymer Systems Inc. Screen Changers and Gear Pumps Increase Quality For Challenging Solar Cell Applications Conover, NC (March 9, 2015) Recently,\" \/>\n<meta property=\"og:url\" content=\"https:\/\/www.psi-polymersystems.com\/fr_ca\/about-us\/press-releases\/psi-polymer-systems-inc-screen-changers-and-gear-pumps-increase-quality-for-challenging-solar-cell-applications-conover-nc-march-9-2015\/\" \/>\n<meta property=\"og:site_name\" content=\"PSI-Polymer Systems\" \/>\n<meta property=\"article:publisher\" content=\"https:\/\/www.facebook.com\/psipolymersystems\/\" \/>\n<meta property=\"article:modified_time\" content=\"2020-09-23T14:06:14+00:00\" \/>\n<meta name=\"twitter:card\" content=\"summary_large_image\" \/>\n<meta name=\"twitter:label1\" content=\"Estimation du temps de lecture\" \/>\n\t<meta name=\"twitter:data1\" content=\"2 minutes\" \/>\n<script type=\"application\/ld+json\" class=\"yoast-schema-graph\">{\"@context\":\"https:\/\/schema.org\",\"@graph\":[{\"@type\":\"WebPage\",\"@id\":\"https:\/\/www.psi-polymersystems.com\/es\/about-us\/press-releases\/psi-polymer-systems-inc-screen-changers-and-gear-pumps-increase-quality-for-challenging-solar-cell-applications-conover-nc-march-9-2015\/\",\"url\":\"https:\/\/www.psi-polymersystems.com\/es\/about-us\/press-releases\/psi-polymer-systems-inc-screen-changers-and-gear-pumps-increase-quality-for-challenging-solar-cell-applications-conover-nc-march-9-2015\/\",\"name\":\"PSI-Polymer Systems Inc. Screen Changers and Gear Pumps Increase Quality For Challenging Solar Cell Applications Conover, NC (March 9, 2015 - PSI-Polymer Systems\",\"isPartOf\":{\"@id\":\"https:\/\/www.psi-polymersystems.com\/#website\"},\"datePublished\":\"2020-09-23T14:05:05+00:00\",\"dateModified\":\"2020-09-23T14:06:14+00:00\",\"breadcrumb\":{\"@id\":\"https:\/\/www.psi-polymersystems.com\/es\/about-us\/press-releases\/psi-polymer-systems-inc-screen-changers-and-gear-pumps-increase-quality-for-challenging-solar-cell-applications-conover-nc-march-9-2015\/#breadcrumb\"},\"inLanguage\":\"fr-CA\",\"potentialAction\":[{\"@type\":\"ReadAction\",\"target\":[\"https:\/\/www.psi-polymersystems.com\/es\/about-us\/press-releases\/psi-polymer-systems-inc-screen-changers-and-gear-pumps-increase-quality-for-challenging-solar-cell-applications-conover-nc-march-9-2015\/\"]}]},{\"@type\":\"BreadcrumbList\",\"@id\":\"https:\/\/www.psi-polymersystems.com\/es\/about-us\/press-releases\/psi-polymer-systems-inc-screen-changers-and-gear-pumps-increase-quality-for-challenging-solar-cell-applications-conover-nc-march-9-2015\/#breadcrumb\",\"itemListElement\":[{\"@type\":\"ListItem\",\"position\":1,\"name\":\"Home\",\"item\":\"https:\/\/www.psi-polymersystems.com\/\"},{\"@type\":\"ListItem\",\"position\":2,\"name\":\"About Us\",\"item\":\"https:\/\/www.psi-polymersystems.com\/about-us\/\"},{\"@type\":\"ListItem\",\"position\":3,\"name\":\"Press Releases\",\"item\":\"https:\/\/www.psi-polymersystems.com\/about-us\/press-releases\/\"},{\"@type\":\"ListItem\",\"position\":4,\"name\":\"PSI-Polymer Systems Inc. Screen Changers and Gear Pumps Increase Quality For Challenging Solar Cell Applications Conover, NC (March 9, 2015\"}]},{\"@type\":\"WebSite\",\"@id\":\"https:\/\/www.psi-polymersystems.com\/#website\",\"url\":\"https:\/\/www.psi-polymersystems.com\/\",\"name\":\"PSI-Polymer Systems\",\"description\":\"\",\"publisher\":{\"@id\":\"https:\/\/www.psi-polymersystems.com\/#organization\"},\"potentialAction\":[{\"@type\":\"SearchAction\",\"target\":{\"@type\":\"EntryPoint\",\"urlTemplate\":\"https:\/\/www.psi-polymersystems.com\/?s={search_term_string}\"},\"query-input\":{\"@type\":\"PropertyValueSpecification\",\"valueRequired\":true,\"valueName\":\"search_term_string\"}}],\"inLanguage\":\"fr-CA\"},{\"@type\":\"Organization\",\"@id\":\"https:\/\/www.psi-polymersystems.com\/#organization\",\"name\":\"PSI-Polymer Systems, Inc.\",\"url\":\"https:\/\/www.psi-polymersystems.com\/\",\"logo\":{\"@type\":\"ImageObject\",\"inLanguage\":\"fr-CA\",\"@id\":\"https:\/\/www.psi-polymersystems.com\/#\/schema\/logo\/image\/\",\"url\":\"\",\"contentUrl\":\"\",\"caption\":\"PSI-Polymer Systems, Inc.\"},\"image\":{\"@id\":\"https:\/\/www.psi-polymersystems.com\/#\/schema\/logo\/image\/\"},\"sameAs\":[\"https:\/\/www.facebook.com\/psipolymersystems\/\",\"https:\/\/www.linkedin.com\/showcase\/psi-polymer-systems\"]}]}<\/script>\n<!-- \/ Yoast SEO Premium plugin. -->","yoast_head_json":{"title":"PSI-Polymer Systems Inc. Screen Changers and Gear Pumps Increase Quality For Challenging Solar Cell Applications Conover, NC (March 9, 2015 - PSI-Polymer Systems","robots":{"index":"index","follow":"follow","max-snippet":"max-snippet:-1","max-image-preview":"max-image-preview:large","max-video-preview":"max-video-preview:-1"},"canonical":"https:\/\/www.psi-polymersystems.com\/fr_ca\/about-us\/press-releases\/psi-polymer-systems-inc-screen-changers-and-gear-pumps-increase-quality-for-challenging-solar-cell-applications-conover-nc-march-9-2015\/","og_locale":"fr_CA","og_type":"article","og_title":"PSI-Polymer Systems Inc. Screen Changers and Gear Pumps Increase Quality For Challenging Solar Cell Applications Conover, NC (March 9, 2015","og_description":"PSI-Polymer Systems Inc. Screen Changers and Gear Pumps Increase Quality For Challenging Solar Cell Applications Conover, NC (March 9, 2015) Recently,","og_url":"https:\/\/www.psi-polymersystems.com\/fr_ca\/about-us\/press-releases\/psi-polymer-systems-inc-screen-changers-and-gear-pumps-increase-quality-for-challenging-solar-cell-applications-conover-nc-march-9-2015\/","og_site_name":"PSI-Polymer Systems","article_publisher":"https:\/\/www.facebook.com\/psipolymersystems\/","article_modified_time":"2020-09-23T14:06:14+00:00","twitter_card":"summary_large_image","twitter_misc":{"Estimation du temps de lecture":"2 minutes"},"schema":{"@context":"https:\/\/schema.org","@graph":[{"@type":"WebPage","@id":"https:\/\/www.psi-polymersystems.com\/es\/about-us\/press-releases\/psi-polymer-systems-inc-screen-changers-and-gear-pumps-increase-quality-for-challenging-solar-cell-applications-conover-nc-march-9-2015\/","url":"https:\/\/www.psi-polymersystems.com\/es\/about-us\/press-releases\/psi-polymer-systems-inc-screen-changers-and-gear-pumps-increase-quality-for-challenging-solar-cell-applications-conover-nc-march-9-2015\/","name":"PSI-Polymer Systems Inc. Screen Changers and Gear Pumps Increase Quality For Challenging Solar Cell Applications Conover, NC (March 9, 2015 - PSI-Polymer Systems","isPartOf":{"@id":"https:\/\/www.psi-polymersystems.com\/#website"},"datePublished":"2020-09-23T14:05:05+00:00","dateModified":"2020-09-23T14:06:14+00:00","breadcrumb":{"@id":"https:\/\/www.psi-polymersystems.com\/es\/about-us\/press-releases\/psi-polymer-systems-inc-screen-changers-and-gear-pumps-increase-quality-for-challenging-solar-cell-applications-conover-nc-march-9-2015\/#breadcrumb"},"inLanguage":"fr-CA","potentialAction":[{"@type":"ReadAction","target":["https:\/\/www.psi-polymersystems.com\/es\/about-us\/press-releases\/psi-polymer-systems-inc-screen-changers-and-gear-pumps-increase-quality-for-challenging-solar-cell-applications-conover-nc-march-9-2015\/"]}]},{"@type":"BreadcrumbList","@id":"https:\/\/www.psi-polymersystems.com\/es\/about-us\/press-releases\/psi-polymer-systems-inc-screen-changers-and-gear-pumps-increase-quality-for-challenging-solar-cell-applications-conover-nc-march-9-2015\/#breadcrumb","itemListElement":[{"@type":"ListItem","position":1,"name":"Home","item":"https:\/\/www.psi-polymersystems.com\/"},{"@type":"ListItem","position":2,"name":"About Us","item":"https:\/\/www.psi-polymersystems.com\/about-us\/"},{"@type":"ListItem","position":3,"name":"Press Releases","item":"https:\/\/www.psi-polymersystems.com\/about-us\/press-releases\/"},{"@type":"ListItem","position":4,"name":"PSI-Polymer Systems Inc. Screen Changers and Gear Pumps Increase Quality For Challenging Solar Cell Applications Conover, NC (March 9, 2015"}]},{"@type":"WebSite","@id":"https:\/\/www.psi-polymersystems.com\/#website","url":"https:\/\/www.psi-polymersystems.com\/","name":"PSI-Polymer Systems","description":"","publisher":{"@id":"https:\/\/www.psi-polymersystems.com\/#organization"},"potentialAction":[{"@type":"SearchAction","target":{"@type":"EntryPoint","urlTemplate":"https:\/\/www.psi-polymersystems.com\/?s={search_term_string}"},"query-input":{"@type":"PropertyValueSpecification","valueRequired":true,"valueName":"search_term_string"}}],"inLanguage":"fr-CA"},{"@type":"Organization","@id":"https:\/\/www.psi-polymersystems.com\/#organization","name":"PSI-Polymer Systems, Inc.","url":"https:\/\/www.psi-polymersystems.com\/","logo":{"@type":"ImageObject","inLanguage":"fr-CA","@id":"https:\/\/www.psi-polymersystems.com\/#\/schema\/logo\/image\/","url":"","contentUrl":"","caption":"PSI-Polymer Systems, Inc."},"image":{"@id":"https:\/\/www.psi-polymersystems.com\/#\/schema\/logo\/image\/"},"sameAs":["https:\/\/www.facebook.com\/psipolymersystems\/","https:\/\/www.linkedin.com\/showcase\/psi-polymer-systems"]}]}},"_links":{"self":[{"href":"https:\/\/www.psi-polymersystems.com\/fr_ca\/wp-json\/wp\/v2\/pages\/5994","targetHints":{"allow":["GET"]}}],"collection":[{"href":"https:\/\/www.psi-polymersystems.com\/fr_ca\/wp-json\/wp\/v2\/pages"}],"about":[{"href":"https:\/\/www.psi-polymersystems.com\/fr_ca\/wp-json\/wp\/v2\/types\/page"}],"author":[{"embeddable":true,"href":"https:\/\/www.psi-polymersystems.com\/fr_ca\/wp-json\/wp\/v2\/users\/2"}],"replies":[{"embeddable":true,"href":"https:\/\/www.psi-polymersystems.com\/fr_ca\/wp-json\/wp\/v2\/comments?post=5994"}],"version-history":[{"count":0,"href":"https:\/\/www.psi-polymersystems.com\/fr_ca\/wp-json\/wp\/v2\/pages\/5994\/revisions"}],"up":[{"embeddable":true,"href":"https:\/\/www.psi-polymersystems.com\/fr_ca\/wp-json\/wp\/v2\/pages\/5833"}],"wp:attachment":[{"href":"https:\/\/www.psi-polymersystems.com\/fr_ca\/wp-json\/wp\/v2\/media?parent=5994"}],"curies":[{"name":"wp","href":"https:\/\/api.w.org\/{rel}","templated":true}]}}