{"id":6033,"date":"2020-09-23T14:52:22","date_gmt":"2020-09-23T14:52:22","guid":{"rendered":"https:\/\/psi-polymersystems.com\/?page_id=6033"},"modified":"2020-09-23T14:53:33","modified_gmt":"2020-09-23T14:53:33","slug":"psi-polymer-systems-inc-introduces-low-viscosity-seal-for-bolt-type-screen-changers-conover-nc-october-16-2013","status":"publish","type":"page","link":"https:\/\/www.psi-polymersystems.com\/fr_ca\/about-us\/press-releases\/psi-polymer-systems-inc-introduces-low-viscosity-seal-for-bolt-type-screen-changers-conover-nc-october-16-2013\/","title":{"rendered":"PSI-Polymer Systems Inc. pr\u00e9sente un joint \u00e0 faible viscosit\u00e9 pour les changeurs de tamis de type boulon Conover, NC (16 octobre 2013)"},"content":{"rendered":"<div data-elementor-type=\"wp-page\" data-elementor-id=\"6033\" class=\"elementor elementor-6033\" data-elementor-post-type=\"page\">\n\t\t\t\t\t\t<section class=\"elementor-section elementor-top-section elementor-element elementor-element-317bfbb3 elementor-section-boxed elementor-section-height-default elementor-section-height-default\" data-id=\"317bfbb3\" data-element_type=\"section\" data-e-type=\"section\">\n\t\t\t\t\t\t<div class=\"elementor-container elementor-column-gap-default\">\n\t\t\t\t\t<div class=\"elementor-column elementor-col-50 elementor-top-column elementor-element elementor-element-7a203464\" data-id=\"7a203464\" data-element_type=\"column\" data-e-type=\"column\">\n\t\t\t<div class=\"elementor-widget-wrap elementor-element-populated\">\n\t\t\t\t\t\t<div class=\"elementor-element elementor-element-71bb474f elementor-widget elementor-widget-heading\" data-id=\"71bb474f\" data-element_type=\"widget\" data-e-type=\"widget\" data-widget_type=\"heading.default\">\n\t\t\t\t<div class=\"elementor-widget-container\">\n\t\t\t\t\t<h2 class=\"elementor-heading-title elementor-size-default\">PSI-Polymer Systems Inc. pr\u00e9sente un joint \u00e0 faible viscosit\u00e9 pour les changeurs de tamis de type boulon Conover, NC (16 octobre 2013) <\/h2>\t\t\t\t<\/div>\n\t\t\t\t<\/div>\n\t\t\t\t<div class=\"elementor-element elementor-element-52e16173 elementor-widget elementor-widget-text-editor\" data-id=\"52e16173\" data-element_type=\"widget\" data-e-type=\"widget\" data-widget_type=\"text-editor.default\">\n\t\t\t\t<div class=\"elementor-widget-container\">\n\t\t\t\t\t\t\t\t\t<p>PSI-Polymer Systems a r\u00e9cemment introduit un nouveau joint, applicable \u00e0 tous ses changeurs de tamis de type boulon et vannes de d\u00e9rivation, qui emp\u00eache les fuites de mat\u00e9riau sur les polym\u00e8res et fluides \u00e0 tr\u00e8s faible viscosit\u00e9.<\/p><p>Avec les changeurs de tamis \u00e0 boulon et les vannes de d\u00e9rivation, il existe une corr\u00e9lation entre la viscosit\u00e9 du polym\u00e8re et la capacit\u00e9 du changeur de tamis \u00e0 maintenir une \u00e9tanch\u00e9it\u00e9 fiable et sans fuite. En effet, le jeu usin\u00e9 avec pr\u00e9cision entre le bo\u00eetier et les boulons repose sur la viscosit\u00e9 du polym\u00e8re pour cr\u00e9er un \u00e9quilibre entre la fourniture d&#039;une lubrification minimale entre le bo\u00eetier et les boulons tout en inhibant l&#039;\u00e9coulement \u00e0 travers le boulon L\/D vers l&#039;atmosph\u00e8re. Jusqu&#039;\u00e0 pr\u00e9sent, les masses fondues \u00e0 faible et tr\u00e8s faible viscosit\u00e9 ont \u00e9t\u00e9 probl\u00e9matiques pour les changeurs de tamis de type boulon en raison des limitations sur les jeux qui doivent \u00eatre maintenus.<\/p><p>Communes avec les adh\u00e9sifs thermofusibles et les polym\u00e8res \u00e0 faible viscosit\u00e9, ces fuites sont un probl\u00e8me s\u00e9rieux, car elles cr\u00e9ent non seulement un d\u00e9sordre et n\u00e9cessitent l&#039;arr\u00eat de la machine pour r\u00e9paration et nettoyage, mais elles peuvent \u00e9galement devenir un grave risque d&#039;incendie et de s\u00e9curit\u00e9.<\/p><p>Pour r\u00e9soudre ce probl\u00e8me courant, PSI a invent\u00e9 une technologie de joint qui fonctionnera efficacement pour les polym\u00e8res \u00e0 tr\u00e8s faible viscosit\u00e9. Jusqu&#039;\u00e0 pr\u00e9sent, le nouveau joint a \u00e9t\u00e9 test\u00e9 avec succ\u00e8s sur des viscosit\u00e9s aussi faibles que 1 cP (tolu\u00e8ne, etc.) \u00e0 300 000 cP et s&#039;est av\u00e9r\u00e9 capable de sceller l&#039;azote \u00e0 plus de 2 000 psi. La conception est tout aussi efficace \u00e0 des viscosit\u00e9s plus \u00e9lev\u00e9es qui peuvent \u00eatre g\u00e9r\u00e9es par les types de joints existants. Il peut \u00eatre utilis\u00e9 dans n&#039;importe quel changeur de tamis \u00e0 piston PSI ou vanne de d\u00e9rivation, et est id\u00e9al pour le traitement de mat\u00e9riaux \u00e0 point de fusion \u00e9lev\u00e9, d&#039;adh\u00e9sifs, de solvants, etc.<\/p><p>&quot;Ce joint est une solution parfaite pour les fuites que beaucoup de nos clients rencontrent lors de l&#039;utilisation de polym\u00e8res \u00e0 faible viscosit\u00e9&quot;, a d\u00e9clar\u00e9 Glenn Woodcock, pr\u00e9sident de PSI-Polymer Systems. \u00ab Notre objectif a toujours \u00e9t\u00e9 de continuer \u00e0 \u00eatre des leaders et des innovateurs dans notre industrie. Nous savons que le succ\u00e8s de nos clients est li\u00e9 \u00e0 notre propre succ\u00e8s, et ce nouveau sceau aidera tous nos clients \u00e0 am\u00e9liorer l&#039;efficacit\u00e9 et la qualit\u00e9 de leurs produits.<\/p><p>Le nouveau sceau d\u00e9tient actuellement un brevet provisoire, en attente de statut en attente.<\/p>\t\t\t\t\t\t\t\t<\/div>\n\t\t\t\t<\/div>\n\t\t\t\t\t<\/div>\n\t\t<\/div>\n\t\t\t\t<div class=\"elementor-column elementor-col-50 elementor-top-column elementor-element elementor-element-347b0216\" data-id=\"347b0216\" data-element_type=\"column\" data-e-type=\"column\">\n\t\t\t<div class=\"elementor-widget-wrap\">\n\t\t\t\t\t\t\t<\/div>\n\t\t<\/div>\n\t\t\t\t\t<\/div>\n\t\t<\/section>\n\t\t\t\t<\/div>","protected":false},"excerpt":{"rendered":"<p>PSI-Polymer Systems Inc. pr\u00e9sente un joint \u00e0 faible viscosit\u00e9 pour les changeurs de tamis \u00e0 boulon Conover, NC (16 octobre 2013) PSI-Polymer Systems a r\u00e9cemment introduit un nouveau joint, applicable \u00e0 tous ses changeurs de tamis \u00e0 boulon et vannes de d\u00e9rivation, qui emp\u00eache fuite de mati\u00e8re sur les polym\u00e8res et fluides \u00e0 tr\u00e8s faible viscosit\u00e9. Avec des changeurs de tamis \u00e0 boulon et des vannes de d\u00e9rivation, [\u2026]<\/p>","protected":false},"author":2,"featured_media":0,"parent":5833,"menu_order":0,"comment_status":"closed","ping_status":"closed","template":"","meta":{"_monsterinsights_skip_tracking":false,"_monsterinsights_sitenote_active":false,"_monsterinsights_sitenote_note":"","_monsterinsights_sitenote_category":0,"footnotes":""},"class_list":["post-6033","page","type-page","status-publish","hentry"],"yoast_head":"<!-- This site is optimized with the Yoast SEO Premium plugin v25.0 (Yoast SEO v25.0) - https:\/\/yoast.com\/wordpress\/plugins\/seo\/ -->\n<title>PSI-Polymer Systems Inc. Introduces Low Viscosity Seal For Bolt Type Screen Changers Conover, NC (October 16, 2013) - PSI-Polymer Systems<\/title>\n<meta name=\"robots\" content=\"index, follow, max-snippet:-1, max-image-preview:large, max-video-preview:-1\" \/>\n<link rel=\"canonical\" href=\"https:\/\/www.psi-polymersystems.com\/fr_ca\/about-us\/press-releases\/psi-polymer-systems-inc-introduces-low-viscosity-seal-for-bolt-type-screen-changers-conover-nc-october-16-2013\/\" \/>\n<meta property=\"og:locale\" content=\"fr_CA\" \/>\n<meta property=\"og:type\" content=\"article\" \/>\n<meta property=\"og:title\" content=\"PSI-Polymer Systems Inc. Introduces Low Viscosity Seal For Bolt Type Screen Changers Conover, NC (October 16, 2013)\" \/>\n<meta property=\"og:description\" content=\"PSI-Polymer Systems Inc. Introduces Low Viscosity Seal For Bolt Type Screen Changers Conover, NC (October 16, 2013) PSI-Polymer Systems has recently\" \/>\n<meta property=\"og:url\" content=\"https:\/\/www.psi-polymersystems.com\/fr_ca\/about-us\/press-releases\/psi-polymer-systems-inc-introduces-low-viscosity-seal-for-bolt-type-screen-changers-conover-nc-october-16-2013\/\" \/>\n<meta property=\"og:site_name\" content=\"PSI-Polymer Systems\" \/>\n<meta property=\"article:publisher\" content=\"https:\/\/www.facebook.com\/psipolymersystems\/\" \/>\n<meta property=\"article:modified_time\" content=\"2020-09-23T14:53:33+00:00\" \/>\n<meta name=\"twitter:card\" content=\"summary_large_image\" \/>\n<meta name=\"twitter:label1\" content=\"Estimation du temps de lecture\" \/>\n\t<meta name=\"twitter:data1\" content=\"2 minutes\" \/>\n<script type=\"application\/ld+json\" class=\"yoast-schema-graph\">{\"@context\":\"https:\/\/schema.org\",\"@graph\":[{\"@type\":\"WebPage\",\"@id\":\"https:\/\/www.psi-polymersystems.com\/es\/about-us\/press-releases\/psi-polymer-systems-inc-introduces-low-viscosity-seal-for-bolt-type-screen-changers-conover-nc-october-16-2013\/\",\"url\":\"https:\/\/www.psi-polymersystems.com\/es\/about-us\/press-releases\/psi-polymer-systems-inc-introduces-low-viscosity-seal-for-bolt-type-screen-changers-conover-nc-october-16-2013\/\",\"name\":\"PSI-Polymer Systems Inc. Introduces Low Viscosity Seal For Bolt Type Screen Changers Conover, NC (October 16, 2013) - PSI-Polymer Systems\",\"isPartOf\":{\"@id\":\"https:\/\/www.psi-polymersystems.com\/#website\"},\"datePublished\":\"2020-09-23T14:52:22+00:00\",\"dateModified\":\"2020-09-23T14:53:33+00:00\",\"breadcrumb\":{\"@id\":\"https:\/\/www.psi-polymersystems.com\/es\/about-us\/press-releases\/psi-polymer-systems-inc-introduces-low-viscosity-seal-for-bolt-type-screen-changers-conover-nc-october-16-2013\/#breadcrumb\"},\"inLanguage\":\"fr-CA\",\"potentialAction\":[{\"@type\":\"ReadAction\",\"target\":[\"https:\/\/www.psi-polymersystems.com\/es\/about-us\/press-releases\/psi-polymer-systems-inc-introduces-low-viscosity-seal-for-bolt-type-screen-changers-conover-nc-october-16-2013\/\"]}]},{\"@type\":\"BreadcrumbList\",\"@id\":\"https:\/\/www.psi-polymersystems.com\/es\/about-us\/press-releases\/psi-polymer-systems-inc-introduces-low-viscosity-seal-for-bolt-type-screen-changers-conover-nc-october-16-2013\/#breadcrumb\",\"itemListElement\":[{\"@type\":\"ListItem\",\"position\":1,\"name\":\"Home\",\"item\":\"https:\/\/www.psi-polymersystems.com\/\"},{\"@type\":\"ListItem\",\"position\":2,\"name\":\"About Us\",\"item\":\"https:\/\/www.psi-polymersystems.com\/about-us\/\"},{\"@type\":\"ListItem\",\"position\":3,\"name\":\"Press Releases\",\"item\":\"https:\/\/www.psi-polymersystems.com\/about-us\/press-releases\/\"},{\"@type\":\"ListItem\",\"position\":4,\"name\":\"PSI-Polymer Systems Inc. Introduces Low Viscosity Seal For Bolt Type Screen Changers Conover, NC (October 16, 2013)\"}]},{\"@type\":\"WebSite\",\"@id\":\"https:\/\/www.psi-polymersystems.com\/#website\",\"url\":\"https:\/\/www.psi-polymersystems.com\/\",\"name\":\"PSI-Polymer Systems\",\"description\":\"\",\"publisher\":{\"@id\":\"https:\/\/www.psi-polymersystems.com\/#organization\"},\"potentialAction\":[{\"@type\":\"SearchAction\",\"target\":{\"@type\":\"EntryPoint\",\"urlTemplate\":\"https:\/\/www.psi-polymersystems.com\/?s={search_term_string}\"},\"query-input\":{\"@type\":\"PropertyValueSpecification\",\"valueRequired\":true,\"valueName\":\"search_term_string\"}}],\"inLanguage\":\"fr-CA\"},{\"@type\":\"Organization\",\"@id\":\"https:\/\/www.psi-polymersystems.com\/#organization\",\"name\":\"PSI-Polymer Systems, Inc.\",\"url\":\"https:\/\/www.psi-polymersystems.com\/\",\"logo\":{\"@type\":\"ImageObject\",\"inLanguage\":\"fr-CA\",\"@id\":\"https:\/\/www.psi-polymersystems.com\/#\/schema\/logo\/image\/\",\"url\":\"\",\"contentUrl\":\"\",\"caption\":\"PSI-Polymer Systems, Inc.\"},\"image\":{\"@id\":\"https:\/\/www.psi-polymersystems.com\/#\/schema\/logo\/image\/\"},\"sameAs\":[\"https:\/\/www.facebook.com\/psipolymersystems\/\",\"https:\/\/www.linkedin.com\/showcase\/psi-polymer-systems\"]}]}<\/script>\n<!-- \/ Yoast SEO Premium plugin. -->","yoast_head_json":{"title":"PSI-Polymer Systems Inc. Introduces Low Viscosity Seal For Bolt Type Screen Changers Conover, NC (October 16, 2013) - PSI-Polymer Systems","robots":{"index":"index","follow":"follow","max-snippet":"max-snippet:-1","max-image-preview":"max-image-preview:large","max-video-preview":"max-video-preview:-1"},"canonical":"https:\/\/www.psi-polymersystems.com\/fr_ca\/about-us\/press-releases\/psi-polymer-systems-inc-introduces-low-viscosity-seal-for-bolt-type-screen-changers-conover-nc-october-16-2013\/","og_locale":"fr_CA","og_type":"article","og_title":"PSI-Polymer Systems Inc. Introduces Low Viscosity Seal For Bolt Type Screen Changers Conover, NC (October 16, 2013)","og_description":"PSI-Polymer Systems Inc. Introduces Low Viscosity Seal For Bolt Type Screen Changers Conover, NC (October 16, 2013) PSI-Polymer Systems has recently","og_url":"https:\/\/www.psi-polymersystems.com\/fr_ca\/about-us\/press-releases\/psi-polymer-systems-inc-introduces-low-viscosity-seal-for-bolt-type-screen-changers-conover-nc-october-16-2013\/","og_site_name":"PSI-Polymer Systems","article_publisher":"https:\/\/www.facebook.com\/psipolymersystems\/","article_modified_time":"2020-09-23T14:53:33+00:00","twitter_card":"summary_large_image","twitter_misc":{"Estimation du temps de lecture":"2 minutes"},"schema":{"@context":"https:\/\/schema.org","@graph":[{"@type":"WebPage","@id":"https:\/\/www.psi-polymersystems.com\/es\/about-us\/press-releases\/psi-polymer-systems-inc-introduces-low-viscosity-seal-for-bolt-type-screen-changers-conover-nc-october-16-2013\/","url":"https:\/\/www.psi-polymersystems.com\/es\/about-us\/press-releases\/psi-polymer-systems-inc-introduces-low-viscosity-seal-for-bolt-type-screen-changers-conover-nc-october-16-2013\/","name":"PSI-Polymer Systems Inc. Introduces Low Viscosity Seal For Bolt Type Screen Changers Conover, NC (October 16, 2013) - PSI-Polymer Systems","isPartOf":{"@id":"https:\/\/www.psi-polymersystems.com\/#website"},"datePublished":"2020-09-23T14:52:22+00:00","dateModified":"2020-09-23T14:53:33+00:00","breadcrumb":{"@id":"https:\/\/www.psi-polymersystems.com\/es\/about-us\/press-releases\/psi-polymer-systems-inc-introduces-low-viscosity-seal-for-bolt-type-screen-changers-conover-nc-october-16-2013\/#breadcrumb"},"inLanguage":"fr-CA","potentialAction":[{"@type":"ReadAction","target":["https:\/\/www.psi-polymersystems.com\/es\/about-us\/press-releases\/psi-polymer-systems-inc-introduces-low-viscosity-seal-for-bolt-type-screen-changers-conover-nc-october-16-2013\/"]}]},{"@type":"BreadcrumbList","@id":"https:\/\/www.psi-polymersystems.com\/es\/about-us\/press-releases\/psi-polymer-systems-inc-introduces-low-viscosity-seal-for-bolt-type-screen-changers-conover-nc-october-16-2013\/#breadcrumb","itemListElement":[{"@type":"ListItem","position":1,"name":"Home","item":"https:\/\/www.psi-polymersystems.com\/"},{"@type":"ListItem","position":2,"name":"About Us","item":"https:\/\/www.psi-polymersystems.com\/about-us\/"},{"@type":"ListItem","position":3,"name":"Press Releases","item":"https:\/\/www.psi-polymersystems.com\/about-us\/press-releases\/"},{"@type":"ListItem","position":4,"name":"PSI-Polymer Systems Inc. Introduces Low Viscosity Seal For Bolt Type Screen Changers Conover, NC (October 16, 2013)"}]},{"@type":"WebSite","@id":"https:\/\/www.psi-polymersystems.com\/#website","url":"https:\/\/www.psi-polymersystems.com\/","name":"PSI-Polymer Systems","description":"","publisher":{"@id":"https:\/\/www.psi-polymersystems.com\/#organization"},"potentialAction":[{"@type":"SearchAction","target":{"@type":"EntryPoint","urlTemplate":"https:\/\/www.psi-polymersystems.com\/?s={search_term_string}"},"query-input":{"@type":"PropertyValueSpecification","valueRequired":true,"valueName":"search_term_string"}}],"inLanguage":"fr-CA"},{"@type":"Organization","@id":"https:\/\/www.psi-polymersystems.com\/#organization","name":"PSI-Polymer Systems, Inc.","url":"https:\/\/www.psi-polymersystems.com\/","logo":{"@type":"ImageObject","inLanguage":"fr-CA","@id":"https:\/\/www.psi-polymersystems.com\/#\/schema\/logo\/image\/","url":"","contentUrl":"","caption":"PSI-Polymer Systems, Inc."},"image":{"@id":"https:\/\/www.psi-polymersystems.com\/#\/schema\/logo\/image\/"},"sameAs":["https:\/\/www.facebook.com\/psipolymersystems\/","https:\/\/www.linkedin.com\/showcase\/psi-polymer-systems"]}]}},"_links":{"self":[{"href":"https:\/\/www.psi-polymersystems.com\/fr_ca\/wp-json\/wp\/v2\/pages\/6033","targetHints":{"allow":["GET"]}}],"collection":[{"href":"https:\/\/www.psi-polymersystems.com\/fr_ca\/wp-json\/wp\/v2\/pages"}],"about":[{"href":"https:\/\/www.psi-polymersystems.com\/fr_ca\/wp-json\/wp\/v2\/types\/page"}],"author":[{"embeddable":true,"href":"https:\/\/www.psi-polymersystems.com\/fr_ca\/wp-json\/wp\/v2\/users\/2"}],"replies":[{"embeddable":true,"href":"https:\/\/www.psi-polymersystems.com\/fr_ca\/wp-json\/wp\/v2\/comments?post=6033"}],"version-history":[{"count":0,"href":"https:\/\/www.psi-polymersystems.com\/fr_ca\/wp-json\/wp\/v2\/pages\/6033\/revisions"}],"up":[{"embeddable":true,"href":"https:\/\/www.psi-polymersystems.com\/fr_ca\/wp-json\/wp\/v2\/pages\/5833"}],"wp:attachment":[{"href":"https:\/\/www.psi-polymersystems.com\/fr_ca\/wp-json\/wp\/v2\/media?parent=6033"}],"curies":[{"name":"wp","href":"https:\/\/api.w.org\/{rel}","templated":true}]}}