{"id":6047,"date":"2020-09-23T15:09:21","date_gmt":"2020-09-23T15:09:21","guid":{"rendered":"https:\/\/psi-polymersystems.com\/?page_id=6047"},"modified":"2020-09-23T15:12:16","modified_gmt":"2020-09-23T15:12:16","slug":"psi-polymer-systems-inc-introduces-extrusion-gear-pump-line-for-pex-pipe-and-tubing-applications-hickory-nc-july-30-2008","status":"publish","type":"page","link":"https:\/\/www.psi-polymersystems.com\/fr_ca\/about-us\/press-releases\/psi-polymer-systems-inc-introduces-extrusion-gear-pump-line-for-pex-pipe-and-tubing-applications-hickory-nc-july-30-2008\/","title":{"rendered":"PSI-Polymer Systems Inc. pr\u00e9sente une gamme de pompes \u00e0 engrenages d&#039;extrusion pour les applications de tuyaux et de tubes PEX Hickory, NC (30 juillet 2008)"},"content":{"rendered":"<div data-elementor-type=\"wp-page\" data-elementor-id=\"6047\" class=\"elementor elementor-6047\" data-elementor-post-type=\"page\">\n\t\t\t\t\t\t<section class=\"elementor-section elementor-top-section elementor-element elementor-element-ba89476 elementor-section-boxed elementor-section-height-default elementor-section-height-default\" data-id=\"ba89476\" data-element_type=\"section\" data-e-type=\"section\">\n\t\t\t\t\t\t<div class=\"elementor-container elementor-column-gap-default\">\n\t\t\t\t\t<div class=\"elementor-column elementor-col-50 elementor-top-column elementor-element elementor-element-3529c01a\" data-id=\"3529c01a\" data-element_type=\"column\" data-e-type=\"column\">\n\t\t\t<div class=\"elementor-widget-wrap elementor-element-populated\">\n\t\t\t\t\t\t<div class=\"elementor-element elementor-element-265cb07c elementor-widget elementor-widget-heading\" data-id=\"265cb07c\" data-element_type=\"widget\" data-e-type=\"widget\" data-widget_type=\"heading.default\">\n\t\t\t\t<div class=\"elementor-widget-container\">\n\t\t\t\t\t<h2 class=\"elementor-heading-title elementor-size-default\">PSI-Polymer Systems, Inc. pr\u00e9sente une gamme de pompes \u00e0 engrenages pour extrusion destin\u00e9es aux applications de tubes et tuyaux PEX Hickory, NC (30 juillet 2008)<\/h2>\t\t\t\t<\/div>\n\t\t\t\t<\/div>\n\t\t\t\t<div class=\"elementor-element elementor-element-51cb4e52 elementor-widget elementor-widget-text-editor\" data-id=\"51cb4e52\" data-element_type=\"widget\" data-e-type=\"widget\" data-widget_type=\"text-editor.default\">\n\t\t\t\t<div class=\"elementor-widget-container\">\n\t\t\t\t\t\t\t\t\t<p>PSI-Polymer Systems Inc. a introduit une nouvelle gamme de pompes \u00e0 engrenages d&#039;extrusion sp\u00e9cialement con\u00e7ues pour le traitement du poly\u00e9thyl\u00e8ne r\u00e9ticul\u00e9 (PEX).\u00a0<\/p><p>Le PEX est un mat\u00e9riau couramment utilis\u00e9 pour produire des tuyaux et des tubes de plomberie. Il offre des avantages par rapport aux mat\u00e9riaux de tuyauterie plus traditionnels car il peut traiter l&#039;eau chaude et froide et r\u00e9sister \u00e0 des pressions \u00e9lev\u00e9es. Cependant, en raison du processus de r\u00e9ticulation, le PEX ne peut pas \u00eatre refondu et le mat\u00e9riau durcit g\u00e9n\u00e9ralement en moins de 5 minutes.<\/p><p>Les pompes \u00e0 engrenages d&#039;extrusion sont utilis\u00e9es avec succ\u00e8s sur les applications de tuyaux et de tubes depuis le d\u00e9but des ann\u00e9es 1980. Cependant, en raison du processus de r\u00e9ticulation, l&#039;extrusion PEX a \u00e9t\u00e9 largement \u00e9vit\u00e9e par les fournisseurs de pompes \u00e0 engrenages. Les arbres des pompes \u00e0 engrenages sont lubrifi\u00e9s par le mat\u00e9riau trait\u00e9 par la pompe, et ce mat\u00e9riau peut prendre plusieurs minutes pour traverser les tourillons de la pompe \u00e0 engrenages. Pour cette raison, le mat\u00e9riau PEX se r\u00e9ticulerait entre les roulements et les arbres de la pompe \u00e0 engrenages, provoquant le gel de la pompe.\u00a0<\/p><p>&quot;Nous avons relev\u00e9 le d\u00e9fi de concevoir et de fabriquer une pompe \u00e0 engrenages d&#039;extrusion pour le march\u00e9 de l&#039;extrusion PEX&quot;, a d\u00e9clar\u00e9 Rob Martin, directeur g\u00e9n\u00e9ral de PSI-Polymer Systems Inc. &quot;Le mat\u00e9riau offre des avantages significatifs aux fabricants de tuyaux et aux utilisateurs finaux. Notre d\u00e9fi \u00e9tait d&#039;aider \u00e0 le traiter avec succ\u00e8s afin que le transformateur puisse r\u00e9aliser d&#039;importantes \u00e9conomies de mat\u00e9riaux, une r\u00e9duction des rebuts, une augmentation de la production et, finalement, un meilleur produit final.<\/p><p>En 2006, PSI a travaill\u00e9 avec Vanguard Piping Systems (maintenant Viega LLC) et a install\u00e9 une pompe \u00e0 engrenages d&#039;extrusion con\u00e7ue sur mesure sur une ligne d&#039;extrusion de tuyaux PEX. Apr\u00e8s des ajustements mineurs et un r\u00e9glage fin, la pompe a consid\u00e9rablement am\u00e9lior\u00e9 les d\u00e9bits de sortie, r\u00e9duit les rebuts, am\u00e9lior\u00e9 le contr\u00f4le de la jauge et m\u00eame r\u00e9duit la formation de gel, un autre obstacle pour les fabricants de tuyaux PEX. Cette installation r\u00e9ussie a conduit PSI \u00e0 commercialiser une nouvelle gamme de pompes \u00e0 engrenages sp\u00e9cifiquement pour ces types d&#039;applications.<\/p>\t\t\t\t\t\t\t\t<\/div>\n\t\t\t\t<\/div>\n\t\t\t\t\t<\/div>\n\t\t<\/div>\n\t\t\t\t<div class=\"elementor-column elementor-col-50 elementor-top-column elementor-element elementor-element-4bd8c391\" data-id=\"4bd8c391\" data-element_type=\"column\" data-e-type=\"column\">\n\t\t\t<div class=\"elementor-widget-wrap\">\n\t\t\t\t\t\t\t<\/div>\n\t\t<\/div>\n\t\t\t\t\t<\/div>\n\t\t<\/section>\n\t\t\t\t<\/div>","protected":false},"excerpt":{"rendered":"<p>PSI-Polymer Systems, Inc. pr\u00e9sente une gamme de pompes \u00e0 engrenages d&#039;extrusion pour les applications de tuyaux et de tubes PEX Hickory, NC (30 juillet 2008) PSI-Polymer Systems Inc. a introduit une nouvelle gamme de pompes \u00e0 engrenages d&#039;extrusion sp\u00e9cialement con\u00e7ues pour le traitement du poly\u00e9thyl\u00e8ne r\u00e9ticul\u00e9 (PER). Le PEX est un mat\u00e9riau couramment utilis\u00e9 pour produire des tuyaux et des tubes de plomberie. Il offre des avantages par rapport \u00e0 plus [\u2026]<\/p>","protected":false},"author":2,"featured_media":0,"parent":5833,"menu_order":0,"comment_status":"closed","ping_status":"closed","template":"","meta":{"_monsterinsights_skip_tracking":false,"_monsterinsights_sitenote_active":false,"_monsterinsights_sitenote_note":"","_monsterinsights_sitenote_category":0,"footnotes":""},"class_list":["post-6047","page","type-page","status-publish","hentry"],"yoast_head":"<!-- This site is optimized with the Yoast SEO Premium plugin v25.0 (Yoast SEO v25.0) - https:\/\/yoast.com\/wordpress\/plugins\/seo\/ -->\n<title>PSI-Polymer Systems Inc. Introduces Extrusion Gear Pump Line for PEX Pipe and Tubing Applications Hickory, NC (July 30, 2008) - PSI-Polymer Systems<\/title>\n<meta name=\"robots\" content=\"index, follow, max-snippet:-1, max-image-preview:large, max-video-preview:-1\" \/>\n<link rel=\"canonical\" href=\"https:\/\/www.psi-polymersystems.com\/fr_ca\/about-us\/press-releases\/psi-polymer-systems-inc-introduces-extrusion-gear-pump-line-for-pex-pipe-and-tubing-applications-hickory-nc-july-30-2008\/\" \/>\n<meta property=\"og:locale\" content=\"fr_CA\" \/>\n<meta property=\"og:type\" content=\"article\" \/>\n<meta property=\"og:title\" content=\"PSI-Polymer Systems Inc. Introduces Extrusion Gear Pump Line for PEX Pipe and Tubing Applications Hickory, NC (July 30, 2008)\" \/>\n<meta property=\"og:description\" content=\"PSI-Polymer Systems, Inc. Introduces Extrusion Gear Pump Line for PEX Pipe &amp; Tubing Applications Hickory, NC (July, 30 2008) PSI-Polymer Systems Inc. has\" \/>\n<meta property=\"og:url\" content=\"https:\/\/www.psi-polymersystems.com\/fr_ca\/about-us\/press-releases\/psi-polymer-systems-inc-introduces-extrusion-gear-pump-line-for-pex-pipe-and-tubing-applications-hickory-nc-july-30-2008\/\" \/>\n<meta property=\"og:site_name\" content=\"PSI-Polymer Systems\" \/>\n<meta property=\"article:publisher\" content=\"https:\/\/www.facebook.com\/psipolymersystems\/\" \/>\n<meta property=\"article:modified_time\" content=\"2020-09-23T15:12:16+00:00\" \/>\n<meta name=\"twitter:card\" content=\"summary_large_image\" \/>\n<meta name=\"twitter:label1\" content=\"Estimation du temps de lecture\" \/>\n\t<meta name=\"twitter:data1\" content=\"2 minutes\" \/>\n<script type=\"application\/ld+json\" class=\"yoast-schema-graph\">{\"@context\":\"https:\/\/schema.org\",\"@graph\":[{\"@type\":\"WebPage\",\"@id\":\"https:\/\/www.psi-polymersystems.com\/es\/about-us\/press-releases\/psi-polymer-systems-inc-introduces-extrusion-gear-pump-line-for-pex-pipe-and-tubing-applications-hickory-nc-july-30-2008\/\",\"url\":\"https:\/\/www.psi-polymersystems.com\/es\/about-us\/press-releases\/psi-polymer-systems-inc-introduces-extrusion-gear-pump-line-for-pex-pipe-and-tubing-applications-hickory-nc-july-30-2008\/\",\"name\":\"PSI-Polymer Systems Inc. Introduces Extrusion Gear Pump Line for PEX Pipe and Tubing Applications Hickory, NC (July 30, 2008) - PSI-Polymer Systems\",\"isPartOf\":{\"@id\":\"https:\/\/www.psi-polymersystems.com\/#website\"},\"datePublished\":\"2020-09-23T15:09:21+00:00\",\"dateModified\":\"2020-09-23T15:12:16+00:00\",\"breadcrumb\":{\"@id\":\"https:\/\/www.psi-polymersystems.com\/es\/about-us\/press-releases\/psi-polymer-systems-inc-introduces-extrusion-gear-pump-line-for-pex-pipe-and-tubing-applications-hickory-nc-july-30-2008\/#breadcrumb\"},\"inLanguage\":\"fr-CA\",\"potentialAction\":[{\"@type\":\"ReadAction\",\"target\":[\"https:\/\/www.psi-polymersystems.com\/es\/about-us\/press-releases\/psi-polymer-systems-inc-introduces-extrusion-gear-pump-line-for-pex-pipe-and-tubing-applications-hickory-nc-july-30-2008\/\"]}]},{\"@type\":\"BreadcrumbList\",\"@id\":\"https:\/\/www.psi-polymersystems.com\/es\/about-us\/press-releases\/psi-polymer-systems-inc-introduces-extrusion-gear-pump-line-for-pex-pipe-and-tubing-applications-hickory-nc-july-30-2008\/#breadcrumb\",\"itemListElement\":[{\"@type\":\"ListItem\",\"position\":1,\"name\":\"Home\",\"item\":\"https:\/\/www.psi-polymersystems.com\/\"},{\"@type\":\"ListItem\",\"position\":2,\"name\":\"About Us\",\"item\":\"https:\/\/www.psi-polymersystems.com\/about-us\/\"},{\"@type\":\"ListItem\",\"position\":3,\"name\":\"Press Releases\",\"item\":\"https:\/\/www.psi-polymersystems.com\/about-us\/press-releases\/\"},{\"@type\":\"ListItem\",\"position\":4,\"name\":\"PSI-Polymer Systems Inc. Introduces Extrusion Gear Pump Line for PEX Pipe and Tubing Applications Hickory, NC (July 30, 2008)\"}]},{\"@type\":\"WebSite\",\"@id\":\"https:\/\/www.psi-polymersystems.com\/#website\",\"url\":\"https:\/\/www.psi-polymersystems.com\/\",\"name\":\"PSI-Polymer Systems\",\"description\":\"\",\"publisher\":{\"@id\":\"https:\/\/www.psi-polymersystems.com\/#organization\"},\"potentialAction\":[{\"@type\":\"SearchAction\",\"target\":{\"@type\":\"EntryPoint\",\"urlTemplate\":\"https:\/\/www.psi-polymersystems.com\/?s={search_term_string}\"},\"query-input\":{\"@type\":\"PropertyValueSpecification\",\"valueRequired\":true,\"valueName\":\"search_term_string\"}}],\"inLanguage\":\"fr-CA\"},{\"@type\":\"Organization\",\"@id\":\"https:\/\/www.psi-polymersystems.com\/#organization\",\"name\":\"PSI-Polymer Systems, Inc.\",\"url\":\"https:\/\/www.psi-polymersystems.com\/\",\"logo\":{\"@type\":\"ImageObject\",\"inLanguage\":\"fr-CA\",\"@id\":\"https:\/\/www.psi-polymersystems.com\/#\/schema\/logo\/image\/\",\"url\":\"\",\"contentUrl\":\"\",\"caption\":\"PSI-Polymer Systems, Inc.\"},\"image\":{\"@id\":\"https:\/\/www.psi-polymersystems.com\/#\/schema\/logo\/image\/\"},\"sameAs\":[\"https:\/\/www.facebook.com\/psipolymersystems\/\",\"https:\/\/www.linkedin.com\/showcase\/psi-polymer-systems\"]}]}<\/script>\n<!-- \/ Yoast SEO Premium plugin. -->","yoast_head_json":{"title":"PSI-Polymer Systems Inc. Introduces Extrusion Gear Pump Line for PEX Pipe and Tubing Applications Hickory, NC (July 30, 2008) - PSI-Polymer Systems","robots":{"index":"index","follow":"follow","max-snippet":"max-snippet:-1","max-image-preview":"max-image-preview:large","max-video-preview":"max-video-preview:-1"},"canonical":"https:\/\/www.psi-polymersystems.com\/fr_ca\/about-us\/press-releases\/psi-polymer-systems-inc-introduces-extrusion-gear-pump-line-for-pex-pipe-and-tubing-applications-hickory-nc-july-30-2008\/","og_locale":"fr_CA","og_type":"article","og_title":"PSI-Polymer Systems Inc. Introduces Extrusion Gear Pump Line for PEX Pipe and Tubing Applications Hickory, NC (July 30, 2008)","og_description":"PSI-Polymer Systems, Inc. Introduces Extrusion Gear Pump Line for PEX Pipe & Tubing Applications Hickory, NC (July, 30 2008) PSI-Polymer Systems Inc. has","og_url":"https:\/\/www.psi-polymersystems.com\/fr_ca\/about-us\/press-releases\/psi-polymer-systems-inc-introduces-extrusion-gear-pump-line-for-pex-pipe-and-tubing-applications-hickory-nc-july-30-2008\/","og_site_name":"PSI-Polymer Systems","article_publisher":"https:\/\/www.facebook.com\/psipolymersystems\/","article_modified_time":"2020-09-23T15:12:16+00:00","twitter_card":"summary_large_image","twitter_misc":{"Estimation du temps de lecture":"2 minutes"},"schema":{"@context":"https:\/\/schema.org","@graph":[{"@type":"WebPage","@id":"https:\/\/www.psi-polymersystems.com\/es\/about-us\/press-releases\/psi-polymer-systems-inc-introduces-extrusion-gear-pump-line-for-pex-pipe-and-tubing-applications-hickory-nc-july-30-2008\/","url":"https:\/\/www.psi-polymersystems.com\/es\/about-us\/press-releases\/psi-polymer-systems-inc-introduces-extrusion-gear-pump-line-for-pex-pipe-and-tubing-applications-hickory-nc-july-30-2008\/","name":"PSI-Polymer Systems Inc. Introduces Extrusion Gear Pump Line for PEX Pipe and Tubing Applications Hickory, NC (July 30, 2008) - PSI-Polymer Systems","isPartOf":{"@id":"https:\/\/www.psi-polymersystems.com\/#website"},"datePublished":"2020-09-23T15:09:21+00:00","dateModified":"2020-09-23T15:12:16+00:00","breadcrumb":{"@id":"https:\/\/www.psi-polymersystems.com\/es\/about-us\/press-releases\/psi-polymer-systems-inc-introduces-extrusion-gear-pump-line-for-pex-pipe-and-tubing-applications-hickory-nc-july-30-2008\/#breadcrumb"},"inLanguage":"fr-CA","potentialAction":[{"@type":"ReadAction","target":["https:\/\/www.psi-polymersystems.com\/es\/about-us\/press-releases\/psi-polymer-systems-inc-introduces-extrusion-gear-pump-line-for-pex-pipe-and-tubing-applications-hickory-nc-july-30-2008\/"]}]},{"@type":"BreadcrumbList","@id":"https:\/\/www.psi-polymersystems.com\/es\/about-us\/press-releases\/psi-polymer-systems-inc-introduces-extrusion-gear-pump-line-for-pex-pipe-and-tubing-applications-hickory-nc-july-30-2008\/#breadcrumb","itemListElement":[{"@type":"ListItem","position":1,"name":"Home","item":"https:\/\/www.psi-polymersystems.com\/"},{"@type":"ListItem","position":2,"name":"About Us","item":"https:\/\/www.psi-polymersystems.com\/about-us\/"},{"@type":"ListItem","position":3,"name":"Press Releases","item":"https:\/\/www.psi-polymersystems.com\/about-us\/press-releases\/"},{"@type":"ListItem","position":4,"name":"PSI-Polymer Systems Inc. Introduces Extrusion Gear Pump Line for PEX Pipe and Tubing Applications Hickory, NC (July 30, 2008)"}]},{"@type":"WebSite","@id":"https:\/\/www.psi-polymersystems.com\/#website","url":"https:\/\/www.psi-polymersystems.com\/","name":"PSI-Polymer Systems","description":"","publisher":{"@id":"https:\/\/www.psi-polymersystems.com\/#organization"},"potentialAction":[{"@type":"SearchAction","target":{"@type":"EntryPoint","urlTemplate":"https:\/\/www.psi-polymersystems.com\/?s={search_term_string}"},"query-input":{"@type":"PropertyValueSpecification","valueRequired":true,"valueName":"search_term_string"}}],"inLanguage":"fr-CA"},{"@type":"Organization","@id":"https:\/\/www.psi-polymersystems.com\/#organization","name":"PSI-Polymer Systems, Inc.","url":"https:\/\/www.psi-polymersystems.com\/","logo":{"@type":"ImageObject","inLanguage":"fr-CA","@id":"https:\/\/www.psi-polymersystems.com\/#\/schema\/logo\/image\/","url":"","contentUrl":"","caption":"PSI-Polymer Systems, Inc."},"image":{"@id":"https:\/\/www.psi-polymersystems.com\/#\/schema\/logo\/image\/"},"sameAs":["https:\/\/www.facebook.com\/psipolymersystems\/","https:\/\/www.linkedin.com\/showcase\/psi-polymer-systems"]}]}},"_links":{"self":[{"href":"https:\/\/www.psi-polymersystems.com\/fr_ca\/wp-json\/wp\/v2\/pages\/6047","targetHints":{"allow":["GET"]}}],"collection":[{"href":"https:\/\/www.psi-polymersystems.com\/fr_ca\/wp-json\/wp\/v2\/pages"}],"about":[{"href":"https:\/\/www.psi-polymersystems.com\/fr_ca\/wp-json\/wp\/v2\/types\/page"}],"author":[{"embeddable":true,"href":"https:\/\/www.psi-polymersystems.com\/fr_ca\/wp-json\/wp\/v2\/users\/2"}],"replies":[{"embeddable":true,"href":"https:\/\/www.psi-polymersystems.com\/fr_ca\/wp-json\/wp\/v2\/comments?post=6047"}],"version-history":[{"count":0,"href":"https:\/\/www.psi-polymersystems.com\/fr_ca\/wp-json\/wp\/v2\/pages\/6047\/revisions"}],"up":[{"embeddable":true,"href":"https:\/\/www.psi-polymersystems.com\/fr_ca\/wp-json\/wp\/v2\/pages\/5833"}],"wp:attachment":[{"href":"https:\/\/www.psi-polymersystems.com\/fr_ca\/wp-json\/wp\/v2\/media?parent=6047"}],"curies":[{"name":"wp","href":"https:\/\/api.w.org\/{rel}","templated":true}]}}