{"id":6055,"date":"2020-09-23T15:21:16","date_gmt":"2020-09-23T15:21:16","guid":{"rendered":"https:\/\/psi-polymersystems.com\/?page_id=6055"},"modified":"2020-09-23T15:26:36","modified_gmt":"2020-09-23T15:26:36","slug":"psi-polymer-systems-inc-introduces-new-line-of-hydraulic-screen-changers-for-twin-screw-extruder-applications-hickory-nc-may-7-2007","status":"publish","type":"page","link":"https:\/\/www.psi-polymersystems.com\/fr_ca\/about-us\/press-releases\/psi-polymer-systems-inc-introduces-new-line-of-hydraulic-screen-changers-for-twin-screw-extruder-applications-hickory-nc-may-7-2007\/","title":{"rendered":"PSI-Polymer Systems Inc. pr\u00e9sente une nouvelle gamme de changeurs de tamis hydrauliques pour les applications d&#039;extrudeuse \u00e0 double vis Hickory, NC (7 mai 2007)"},"content":{"rendered":"<div data-elementor-type=\"wp-page\" data-elementor-id=\"6055\" class=\"elementor elementor-6055\" data-elementor-post-type=\"page\">\n\t\t\t\t\t\t<section class=\"elementor-section elementor-top-section elementor-element elementor-element-2f0b2eaa elementor-section-boxed elementor-section-height-default elementor-section-height-default\" data-id=\"2f0b2eaa\" data-element_type=\"section\" data-e-type=\"section\">\n\t\t\t\t\t\t<div class=\"elementor-container elementor-column-gap-default\">\n\t\t\t\t\t<div class=\"elementor-column elementor-col-50 elementor-top-column elementor-element elementor-element-6e9ba672\" data-id=\"6e9ba672\" data-element_type=\"column\" data-e-type=\"column\">\n\t\t\t<div class=\"elementor-widget-wrap elementor-element-populated\">\n\t\t\t\t\t\t<div class=\"elementor-element elementor-element-54de8a4d elementor-widget elementor-widget-heading\" data-id=\"54de8a4d\" data-element_type=\"widget\" data-e-type=\"widget\" data-widget_type=\"heading.default\">\n\t\t\t\t<div class=\"elementor-widget-container\">\n\t\t\t\t\t<h2 class=\"elementor-heading-title elementor-size-default\">PSI-Polymer Systems, Inc. pr\u00e9sente une nouvelle gamme de changeurs de tamis hydrauliques pour les applications d&#039;extrudeuse \u00e0 double vis Hickory, NC (7 mai 2007)<\/h2>\t\t\t\t<\/div>\n\t\t\t\t<\/div>\n\t\t\t\t<div class=\"elementor-element elementor-element-3c49b952 elementor-widget elementor-widget-text-editor\" data-id=\"3c49b952\" data-element_type=\"widget\" data-e-type=\"widget\" data-widget_type=\"text-editor.default\">\n\t\t\t\t<div class=\"elementor-widget-container\">\n\t\t\t\t\t\t\t\t\t<p>PSI-Polymer Systems Inc. a introduit une nouvelle gamme de changeurs de tamis \u00e0 plaques coulissantes hydrauliques sp\u00e9cialement con\u00e7us pour la filtration des polym\u00e8res dans les applications d&#039;extrudeuse \u00e0 double vis.<\/p><p>La nouvelle s\u00e9rie &quot;HSC Oval&quot; de changeurs de tamis hydrauliques comprend des tamis de forme ovale et des al\u00e9sages d&#039;entr\u00e9e de mod\u00e8le &quot;8&quot; pour correspondre aux configurations de baril d&#039;extrudeuse \u00e0 double vis. Cela \u00e9limine les transitions d&#039;\u00e9coulement divergentes et les zones d&#039;\u00e9coulement stagnantes qui sont typiques des mod\u00e8les concurrents qui utilisent des conceptions \u00e0 al\u00e9sage circulaire \u00e9quip\u00e9es d&#039;adaptateurs 8-0. La s\u00e9rie HSC Oval permet \u00e9galement d&#039;\u00e9tendre la vis de l&#039;extrudeuse \u00e0 proximit\u00e9 des \u00e9crans et des plaques de disjoncteur, et pour plus de commodit\u00e9, la vis peut \u00eatre retir\u00e9e via le changeur d&#039;\u00e9cran sans d\u00e9montage.\u00a0<\/p><p>Un \u00e9coulement am\u00e9lior\u00e9 en aval de la plaque de rupture est obtenu en r\u00e9duisant le trajet d&#039;\u00e9coulement pour correspondre \u00e0 une entr\u00e9e de fili\u00e8re ovale, r\u00e9duisant davantage l&#039;inventaire de polym\u00e8re et le temps de s\u00e9jour. Les utilisateurs b\u00e9n\u00e9ficient de peu ou pas de temps d&#039;arr\u00eat pour changer d&#039;\u00e9cran et de temps de changement de couleur ou de compos\u00e9 plus rapides.<\/p><p>\u00ab Nous avons d\u00e9velopp\u00e9 ces nouveaux changeurs de tamis apr\u00e8s avoir entendu des utilisateurs d&#039;extrudeuses \u00e0 double vis parler de certains des probl\u00e8mes inh\u00e9rents aux conceptions existantes \u00bb, a d\u00e9clar\u00e9 Dan Smith, vice-pr\u00e9sident de PSI \u2013 Ventes et marketing. &quot;Les machines \u00e0 double vis n\u00e9cessitent un changeur de tamis sp\u00e9cialement con\u00e7u pour des performances optimales, et nous sommes convaincus que notre nouvelle s\u00e9rie HSC Oval rel\u00e8vera ce d\u00e9fi.&quot;<\/p><p>Les mod\u00e8les de changeur d&#039;\u00e9cran ovale HSC sont disponibles pour s&#039;adapter aux tailles d&#039;extrudeuses de 40 mm \u00e0 135 mm. \u00ab Chaque application \u00e0 double vis est diff\u00e9rente, qu&#039;il s&#039;agisse d&#039;un m\u00e9lange de couleurs, d&#039;une extrusion bois-plastique, d&#039;une feuille ou d&#039;autres types de traitement \u00bb, a d\u00e9clar\u00e9 Smith. &quot;Nous travaillons en \u00e9troite collaboration avec nos clients pour examiner toutes les donn\u00e9es d&#039;application afin de nous assurer qu&#039;ils obtiennent la meilleure solution de changeur d&#039;\u00e9cran pour leurs besoins.&quot;<\/p>\t\t\t\t\t\t\t\t<\/div>\n\t\t\t\t<\/div>\n\t\t\t\t\t<\/div>\n\t\t<\/div>\n\t\t\t\t<div class=\"elementor-column elementor-col-50 elementor-top-column elementor-element elementor-element-7249a1a9\" data-id=\"7249a1a9\" data-element_type=\"column\" data-e-type=\"column\">\n\t\t\t<div class=\"elementor-widget-wrap\">\n\t\t\t\t\t\t\t<\/div>\n\t\t<\/div>\n\t\t\t\t\t<\/div>\n\t\t<\/section>\n\t\t\t\t<\/div>","protected":false},"excerpt":{"rendered":"<p>PSI-Polymer Systems, Inc. pr\u00e9sente une nouvelle gamme de changeurs de tamis hydrauliques pour les applications d&#039;extrudeuse \u00e0 double vis Hickory, NC (7 mai 2007) PSI-Polymer Systems Inc. a lanc\u00e9 une nouvelle gamme de changeurs de tamis \u00e0 plaques coulissantes hydrauliques sp\u00e9cialement con\u00e7us pour les polym\u00e8res filtration dans les applications d&#039;extrudeuse \u00e0 double vis. La nouvelle s\u00e9rie \u00ab\u00a0HSC Oval\u00a0\u00bb de changeurs de tamis hydrauliques comprend des tamis de forme ovale et [\u2026]<\/p>","protected":false},"author":2,"featured_media":0,"parent":5833,"menu_order":0,"comment_status":"closed","ping_status":"closed","template":"","meta":{"_monsterinsights_skip_tracking":false,"_monsterinsights_sitenote_active":false,"_monsterinsights_sitenote_note":"","_monsterinsights_sitenote_category":0,"footnotes":""},"class_list":["post-6055","page","type-page","status-publish","hentry"],"yoast_head":"<!-- This site is optimized with the Yoast SEO Premium plugin v25.0 (Yoast SEO v25.0) - https:\/\/yoast.com\/wordpress\/plugins\/seo\/ -->\n<title>PSI-Polymer Systems Inc. Introduces New Line of Hydraulic Screen Changers for Twin-Screw Extruder Applications Hickory, NC (May 7, 2007) - PSI-Polymer Systems<\/title>\n<meta name=\"robots\" content=\"index, follow, max-snippet:-1, max-image-preview:large, max-video-preview:-1\" \/>\n<link rel=\"canonical\" href=\"https:\/\/www.psi-polymersystems.com\/fr_ca\/about-us\/press-releases\/psi-polymer-systems-inc-introduces-new-line-of-hydraulic-screen-changers-for-twin-screw-extruder-applications-hickory-nc-may-7-2007\/\" \/>\n<meta property=\"og:locale\" content=\"fr_CA\" \/>\n<meta property=\"og:type\" content=\"article\" \/>\n<meta property=\"og:title\" content=\"PSI-Polymer Systems Inc. Introduces New Line of Hydraulic Screen Changers for Twin-Screw Extruder Applications Hickory, NC (May 7, 2007)\" \/>\n<meta property=\"og:description\" content=\"PSI-Polymer Systems, Inc. Introduces New Line of Hydraulic Screen Changers for Twin-Screw Extruder Applications Hickory, NC (May 7, 2007) PSI-Polymer\" \/>\n<meta property=\"og:url\" content=\"https:\/\/www.psi-polymersystems.com\/fr_ca\/about-us\/press-releases\/psi-polymer-systems-inc-introduces-new-line-of-hydraulic-screen-changers-for-twin-screw-extruder-applications-hickory-nc-may-7-2007\/\" \/>\n<meta property=\"og:site_name\" content=\"PSI-Polymer Systems\" \/>\n<meta property=\"article:publisher\" content=\"https:\/\/www.facebook.com\/psipolymersystems\/\" \/>\n<meta property=\"article:modified_time\" content=\"2020-09-23T15:26:36+00:00\" \/>\n<meta name=\"twitter:card\" content=\"summary_large_image\" \/>\n<meta name=\"twitter:label1\" content=\"Estimation du temps de lecture\" \/>\n\t<meta name=\"twitter:data1\" content=\"1 minute\" \/>\n<script type=\"application\/ld+json\" class=\"yoast-schema-graph\">{\"@context\":\"https:\/\/schema.org\",\"@graph\":[{\"@type\":\"WebPage\",\"@id\":\"https:\/\/www.psi-polymersystems.com\/es\/about-us\/press-releases\/psi-polymer-systems-inc-introduces-new-line-of-hydraulic-screen-changers-for-twin-screw-extruder-applications-hickory-nc-may-7-2007\/\",\"url\":\"https:\/\/www.psi-polymersystems.com\/es\/about-us\/press-releases\/psi-polymer-systems-inc-introduces-new-line-of-hydraulic-screen-changers-for-twin-screw-extruder-applications-hickory-nc-may-7-2007\/\",\"name\":\"PSI-Polymer Systems Inc. Introduces New Line of Hydraulic Screen Changers for Twin-Screw Extruder Applications Hickory, NC (May 7, 2007) - PSI-Polymer Systems\",\"isPartOf\":{\"@id\":\"https:\/\/www.psi-polymersystems.com\/#website\"},\"datePublished\":\"2020-09-23T15:21:16+00:00\",\"dateModified\":\"2020-09-23T15:26:36+00:00\",\"breadcrumb\":{\"@id\":\"https:\/\/www.psi-polymersystems.com\/es\/about-us\/press-releases\/psi-polymer-systems-inc-introduces-new-line-of-hydraulic-screen-changers-for-twin-screw-extruder-applications-hickory-nc-may-7-2007\/#breadcrumb\"},\"inLanguage\":\"fr-CA\",\"potentialAction\":[{\"@type\":\"ReadAction\",\"target\":[\"https:\/\/www.psi-polymersystems.com\/es\/about-us\/press-releases\/psi-polymer-systems-inc-introduces-new-line-of-hydraulic-screen-changers-for-twin-screw-extruder-applications-hickory-nc-may-7-2007\/\"]}]},{\"@type\":\"BreadcrumbList\",\"@id\":\"https:\/\/www.psi-polymersystems.com\/es\/about-us\/press-releases\/psi-polymer-systems-inc-introduces-new-line-of-hydraulic-screen-changers-for-twin-screw-extruder-applications-hickory-nc-may-7-2007\/#breadcrumb\",\"itemListElement\":[{\"@type\":\"ListItem\",\"position\":1,\"name\":\"Home\",\"item\":\"https:\/\/www.psi-polymersystems.com\/\"},{\"@type\":\"ListItem\",\"position\":2,\"name\":\"About Us\",\"item\":\"https:\/\/www.psi-polymersystems.com\/about-us\/\"},{\"@type\":\"ListItem\",\"position\":3,\"name\":\"Press Releases\",\"item\":\"https:\/\/www.psi-polymersystems.com\/about-us\/press-releases\/\"},{\"@type\":\"ListItem\",\"position\":4,\"name\":\"PSI-Polymer Systems Inc. Introduces New Line of Hydraulic Screen Changers for Twin-Screw Extruder Applications Hickory, NC (May 7, 2007)\"}]},{\"@type\":\"WebSite\",\"@id\":\"https:\/\/www.psi-polymersystems.com\/#website\",\"url\":\"https:\/\/www.psi-polymersystems.com\/\",\"name\":\"PSI-Polymer Systems\",\"description\":\"\",\"publisher\":{\"@id\":\"https:\/\/www.psi-polymersystems.com\/#organization\"},\"potentialAction\":[{\"@type\":\"SearchAction\",\"target\":{\"@type\":\"EntryPoint\",\"urlTemplate\":\"https:\/\/www.psi-polymersystems.com\/?s={search_term_string}\"},\"query-input\":{\"@type\":\"PropertyValueSpecification\",\"valueRequired\":true,\"valueName\":\"search_term_string\"}}],\"inLanguage\":\"fr-CA\"},{\"@type\":\"Organization\",\"@id\":\"https:\/\/www.psi-polymersystems.com\/#organization\",\"name\":\"PSI-Polymer Systems, Inc.\",\"url\":\"https:\/\/www.psi-polymersystems.com\/\",\"logo\":{\"@type\":\"ImageObject\",\"inLanguage\":\"fr-CA\",\"@id\":\"https:\/\/www.psi-polymersystems.com\/#\/schema\/logo\/image\/\",\"url\":\"\",\"contentUrl\":\"\",\"caption\":\"PSI-Polymer Systems, Inc.\"},\"image\":{\"@id\":\"https:\/\/www.psi-polymersystems.com\/#\/schema\/logo\/image\/\"},\"sameAs\":[\"https:\/\/www.facebook.com\/psipolymersystems\/\",\"https:\/\/www.linkedin.com\/showcase\/psi-polymer-systems\"]}]}<\/script>\n<!-- \/ Yoast SEO Premium plugin. -->","yoast_head_json":{"title":"PSI-Polymer Systems Inc. Introduces New Line of Hydraulic Screen Changers for Twin-Screw Extruder Applications Hickory, NC (May 7, 2007) - PSI-Polymer Systems","robots":{"index":"index","follow":"follow","max-snippet":"max-snippet:-1","max-image-preview":"max-image-preview:large","max-video-preview":"max-video-preview:-1"},"canonical":"https:\/\/www.psi-polymersystems.com\/fr_ca\/about-us\/press-releases\/psi-polymer-systems-inc-introduces-new-line-of-hydraulic-screen-changers-for-twin-screw-extruder-applications-hickory-nc-may-7-2007\/","og_locale":"fr_CA","og_type":"article","og_title":"PSI-Polymer Systems Inc. Introduces New Line of Hydraulic Screen Changers for Twin-Screw Extruder Applications Hickory, NC (May 7, 2007)","og_description":"PSI-Polymer Systems, Inc. Introduces New Line of Hydraulic Screen Changers for Twin-Screw Extruder Applications Hickory, NC (May 7, 2007) PSI-Polymer","og_url":"https:\/\/www.psi-polymersystems.com\/fr_ca\/about-us\/press-releases\/psi-polymer-systems-inc-introduces-new-line-of-hydraulic-screen-changers-for-twin-screw-extruder-applications-hickory-nc-may-7-2007\/","og_site_name":"PSI-Polymer Systems","article_publisher":"https:\/\/www.facebook.com\/psipolymersystems\/","article_modified_time":"2020-09-23T15:26:36+00:00","twitter_card":"summary_large_image","twitter_misc":{"Estimation du temps de lecture":"1 minute"},"schema":{"@context":"https:\/\/schema.org","@graph":[{"@type":"WebPage","@id":"https:\/\/www.psi-polymersystems.com\/es\/about-us\/press-releases\/psi-polymer-systems-inc-introduces-new-line-of-hydraulic-screen-changers-for-twin-screw-extruder-applications-hickory-nc-may-7-2007\/","url":"https:\/\/www.psi-polymersystems.com\/es\/about-us\/press-releases\/psi-polymer-systems-inc-introduces-new-line-of-hydraulic-screen-changers-for-twin-screw-extruder-applications-hickory-nc-may-7-2007\/","name":"PSI-Polymer Systems Inc. Introduces New Line of Hydraulic Screen Changers for Twin-Screw Extruder Applications Hickory, NC (May 7, 2007) - PSI-Polymer Systems","isPartOf":{"@id":"https:\/\/www.psi-polymersystems.com\/#website"},"datePublished":"2020-09-23T15:21:16+00:00","dateModified":"2020-09-23T15:26:36+00:00","breadcrumb":{"@id":"https:\/\/www.psi-polymersystems.com\/es\/about-us\/press-releases\/psi-polymer-systems-inc-introduces-new-line-of-hydraulic-screen-changers-for-twin-screw-extruder-applications-hickory-nc-may-7-2007\/#breadcrumb"},"inLanguage":"fr-CA","potentialAction":[{"@type":"ReadAction","target":["https:\/\/www.psi-polymersystems.com\/es\/about-us\/press-releases\/psi-polymer-systems-inc-introduces-new-line-of-hydraulic-screen-changers-for-twin-screw-extruder-applications-hickory-nc-may-7-2007\/"]}]},{"@type":"BreadcrumbList","@id":"https:\/\/www.psi-polymersystems.com\/es\/about-us\/press-releases\/psi-polymer-systems-inc-introduces-new-line-of-hydraulic-screen-changers-for-twin-screw-extruder-applications-hickory-nc-may-7-2007\/#breadcrumb","itemListElement":[{"@type":"ListItem","position":1,"name":"Home","item":"https:\/\/www.psi-polymersystems.com\/"},{"@type":"ListItem","position":2,"name":"About Us","item":"https:\/\/www.psi-polymersystems.com\/about-us\/"},{"@type":"ListItem","position":3,"name":"Press Releases","item":"https:\/\/www.psi-polymersystems.com\/about-us\/press-releases\/"},{"@type":"ListItem","position":4,"name":"PSI-Polymer Systems Inc. Introduces New Line of Hydraulic Screen Changers for Twin-Screw Extruder Applications Hickory, NC (May 7, 2007)"}]},{"@type":"WebSite","@id":"https:\/\/www.psi-polymersystems.com\/#website","url":"https:\/\/www.psi-polymersystems.com\/","name":"PSI-Polymer Systems","description":"","publisher":{"@id":"https:\/\/www.psi-polymersystems.com\/#organization"},"potentialAction":[{"@type":"SearchAction","target":{"@type":"EntryPoint","urlTemplate":"https:\/\/www.psi-polymersystems.com\/?s={search_term_string}"},"query-input":{"@type":"PropertyValueSpecification","valueRequired":true,"valueName":"search_term_string"}}],"inLanguage":"fr-CA"},{"@type":"Organization","@id":"https:\/\/www.psi-polymersystems.com\/#organization","name":"PSI-Polymer Systems, Inc.","url":"https:\/\/www.psi-polymersystems.com\/","logo":{"@type":"ImageObject","inLanguage":"fr-CA","@id":"https:\/\/www.psi-polymersystems.com\/#\/schema\/logo\/image\/","url":"","contentUrl":"","caption":"PSI-Polymer Systems, Inc."},"image":{"@id":"https:\/\/www.psi-polymersystems.com\/#\/schema\/logo\/image\/"},"sameAs":["https:\/\/www.facebook.com\/psipolymersystems\/","https:\/\/www.linkedin.com\/showcase\/psi-polymer-systems"]}]}},"_links":{"self":[{"href":"https:\/\/www.psi-polymersystems.com\/fr_ca\/wp-json\/wp\/v2\/pages\/6055","targetHints":{"allow":["GET"]}}],"collection":[{"href":"https:\/\/www.psi-polymersystems.com\/fr_ca\/wp-json\/wp\/v2\/pages"}],"about":[{"href":"https:\/\/www.psi-polymersystems.com\/fr_ca\/wp-json\/wp\/v2\/types\/page"}],"author":[{"embeddable":true,"href":"https:\/\/www.psi-polymersystems.com\/fr_ca\/wp-json\/wp\/v2\/users\/2"}],"replies":[{"embeddable":true,"href":"https:\/\/www.psi-polymersystems.com\/fr_ca\/wp-json\/wp\/v2\/comments?post=6055"}],"version-history":[{"count":0,"href":"https:\/\/www.psi-polymersystems.com\/fr_ca\/wp-json\/wp\/v2\/pages\/6055\/revisions"}],"up":[{"embeddable":true,"href":"https:\/\/www.psi-polymersystems.com\/fr_ca\/wp-json\/wp\/v2\/pages\/5833"}],"wp:attachment":[{"href":"https:\/\/www.psi-polymersystems.com\/fr_ca\/wp-json\/wp\/v2\/media?parent=6055"}],"curies":[{"name":"wp","href":"https:\/\/api.w.org\/{rel}","templated":true}]}}