{"id":6059,"date":"2020-09-23T15:27:26","date_gmt":"2020-09-23T15:27:26","guid":{"rendered":"https:\/\/psi-polymersystems.com\/?page_id=6059"},"modified":"2020-09-23T15:28:59","modified_gmt":"2020-09-23T15:28:59","slug":"psi-polymer-systems-inc-receives-patent-on-leak-proof-seal-for-screen-changers-hickory-nc-march-13-2007","status":"publish","type":"page","link":"https:\/\/www.psi-polymersystems.com\/fr_ca\/about-us\/press-releases\/psi-polymer-systems-inc-receives-patent-on-leak-proof-seal-for-screen-changers-hickory-nc-march-13-2007\/","title":{"rendered":"PSI-Polymer Systems Inc. re\u00e7oit un brevet sur le joint anti-fuite pour les changeurs d&#039;\u00e9cran Hickory, NC (13 mars 2007)"},"content":{"rendered":"<div data-elementor-type=\"wp-page\" data-elementor-id=\"6059\" class=\"elementor elementor-6059\" data-elementor-post-type=\"page\">\n\t\t\t\t\t\t<section class=\"elementor-section elementor-top-section elementor-element elementor-element-6c8ebd13 elementor-section-boxed elementor-section-height-default elementor-section-height-default\" data-id=\"6c8ebd13\" data-element_type=\"section\" data-e-type=\"section\">\n\t\t\t\t\t\t<div class=\"elementor-container elementor-column-gap-default\">\n\t\t\t\t\t<div class=\"elementor-column elementor-col-50 elementor-top-column elementor-element elementor-element-4a85f5e2\" data-id=\"4a85f5e2\" data-element_type=\"column\" data-e-type=\"column\">\n\t\t\t<div class=\"elementor-widget-wrap elementor-element-populated\">\n\t\t\t\t\t\t<div class=\"elementor-element elementor-element-3b27fae7 elementor-widget elementor-widget-heading\" data-id=\"3b27fae7\" data-element_type=\"widget\" data-e-type=\"widget\" data-widget_type=\"heading.default\">\n\t\t\t\t<div class=\"elementor-widget-container\">\n\t\t\t\t\t<h2 class=\"elementor-heading-title elementor-size-default\">PSI-Polymer Systems, Inc. re\u00e7oit un brevet sur le joint anti-fuite pour les changeurs d&#039;\u00e9cran Hickory, NC (13 mars 2007)<\/h2>\t\t\t\t<\/div>\n\t\t\t\t<\/div>\n\t\t\t\t<div class=\"elementor-element elementor-element-9eeac7 elementor-widget elementor-widget-text-editor\" data-id=\"9eeac7\" data-element_type=\"widget\" data-e-type=\"widget\" data-widget_type=\"text-editor.default\">\n\t\t\t\t<div class=\"elementor-widget-container\">\n\t\t\t\t\t\t\t\t\t<p>PSI-Polymer Systems Inc. a obtenu le brevet am\u00e9ricain n\u00b0 7 147 774 B2 de l&#039;inventeur Bart Jones pour son \u00ab Pressure Activated<br \/>All Metal Lifetime Seal \u00bb utilis\u00e9 dans sa plaque coulissante hydraulique mod\u00e8le HSC et ses changeurs de tamis manuels mod\u00e8le MSC.<\/p><p>Le joint enti\u00e8rement m\u00e9tallique, qui est livr\u00e9 en standard sur les changeurs de tamis HSC et en option sur les changeurs de tamis MSC, utilise six segments d\u00e9coup\u00e9s au laser pour assurer l&#039;\u00e9tanch\u00e9it\u00e9 de la plaque coulissante \u00e0 des temp\u00e9ratures allant de la temp\u00e9rature ambiante jusqu&#039;\u00e0 700 \u00b0F et une pression de refoulement de 10 000 psi. Le joint brevet\u00e9 \u00e9limine les zones mortes associ\u00e9es \u00e0 d&#039;autres types de joints enti\u00e8rement m\u00e9talliques et \u00e9limine le besoin d&#039;anneaux en t\u00e9flon, qui \u00e9chouent \u00e0 des temp\u00e9ratures \u00e9lev\u00e9es, se d\u00e9t\u00e9riorent avec le temps et doivent \u00eatre remplac\u00e9s dans toutes les applications.<\/p><p><strong>\u00a0<\/strong>\u00ab Nous sommes ravis d&#039;avoir re\u00e7u l&#039;approbation du brevet sur notre sceau \u00bb, a d\u00e9clar\u00e9 Glenn Woodcock, pr\u00e9sident de PSI. \u00ab Il offre \u00e0 nos clients un gros avantage car il r\u00e9siste aux temp\u00e9ratures \u00e9lev\u00e9es, ne n\u00e9cessite jamais de remplacement ou de r\u00e9glage et dure toute la dur\u00e9e de vie du changeur d&#039;\u00e9cran. Il permet un traitement sans fuite et utilise une conception simplifi\u00e9e qui \u00e9limine les accrocs de produit et de couleur.<\/p><p>L&#039;inventeur du sceau est Bart Jones de PSI, bien connu dans l&#039;industrie des changeurs de tamis en tant que fondateur d&#039;Extek, Inc., qui fait maintenant partie de Xaloy Extrusion. &quot;Nous sommes heureux d&#039;avoir Bart \u00e0 bord avec nous ici \u00e0 PSI&quot;, a d\u00e9clar\u00e9 Woodcock. &quot;Ses ann\u00e9es d&#039;exp\u00e9rience dans le domaine des changeurs de tamis dans l&#039;industrie du plastique se sont r\u00e9v\u00e9l\u00e9es inestimables pour nous et, plus important encore, pour nos clients.&quot;<\/p><p><u>Changeurs d&#039;\u00e9cran PSI<\/u><\/p><p><strong>\u00a0<\/strong>Tous les changeurs de tamis PSI sont disponibles avec le joint m\u00e9tallique PSI brevet\u00e9. Ils sont livr\u00e9s en standard sur la gamme de changeurs de tamis hydrauliques HSC, qui est disponible pour les extrudeuses de 2,5&quot; (63,5 mm) \u00e0 10&quot; (254 mm), avec des d\u00e9bits de 100 lb\/h \u00e0 10 000 lb\/h. La soci\u00e9t\u00e9 a r\u00e9cemment ajout\u00e9 ses changeurs de tamis mod\u00e8le HSC-65 (165 mm) et mod\u00e8le HSC-100 (254 mm) \u00e0 la gamme de produits HSC.<\/p><p>Le nouveau joint est en option sur la gamme de changeurs de tamis manuels PSI MSC, qui est disponible dans de nombreuses tailles pour des d\u00e9bits de 15 lb\/h \u00e0 4 800 lb\/h.\u00a0<\/p>\t\t\t\t\t\t\t\t<\/div>\n\t\t\t\t<\/div>\n\t\t\t\t\t<\/div>\n\t\t<\/div>\n\t\t\t\t<div class=\"elementor-column elementor-col-50 elementor-top-column elementor-element elementor-element-5f1acb5f\" data-id=\"5f1acb5f\" data-element_type=\"column\" data-e-type=\"column\">\n\t\t\t<div class=\"elementor-widget-wrap\">\n\t\t\t\t\t\t\t<\/div>\n\t\t<\/div>\n\t\t\t\t\t<\/div>\n\t\t<\/section>\n\t\t\t\t<\/div>","protected":false},"excerpt":{"rendered":"<p>PSI-Polymer Systems, Inc. re\u00e7oit un brevet sur le joint \u00e9tanche pour les changeurs d&#039;\u00e9cran Hickory, NC (13 mars 2007) PSI-Polymer Systems Inc. a obtenu le brevet am\u00e9ricain n\u00b0 7 147 774 B2 de l&#039;inventeur Bart Jones pour son \u00ab Pressure ActivatedAll Metal Lifetime Seal \u00bb utilis\u00e9 dans sa plaque coulissante hydraulique mod\u00e8le HSC et ses changeurs de tamis manuels mod\u00e8le MSC. Le tout m\u00e9tal [\u2026]<\/p>","protected":false},"author":2,"featured_media":0,"parent":5833,"menu_order":0,"comment_status":"closed","ping_status":"closed","template":"","meta":{"_monsterinsights_skip_tracking":false,"_monsterinsights_sitenote_active":false,"_monsterinsights_sitenote_note":"","_monsterinsights_sitenote_category":0,"footnotes":""},"class_list":["post-6059","page","type-page","status-publish","hentry"],"yoast_head":"<!-- This site is optimized with the Yoast SEO Premium plugin v25.0 (Yoast SEO v25.0) - https:\/\/yoast.com\/wordpress\/plugins\/seo\/ -->\n<title>PSI-Polymer Systems Inc. Receives Patent on Leak Proof Seal for Screen Changers Hickory, NC (March 13, 2007) - PSI-Polymer Systems<\/title>\n<meta name=\"robots\" content=\"index, follow, max-snippet:-1, max-image-preview:large, max-video-preview:-1\" \/>\n<link rel=\"canonical\" href=\"https:\/\/www.psi-polymersystems.com\/fr_ca\/about-us\/press-releases\/psi-polymer-systems-inc-receives-patent-on-leak-proof-seal-for-screen-changers-hickory-nc-march-13-2007\/\" \/>\n<meta property=\"og:locale\" content=\"fr_CA\" \/>\n<meta property=\"og:type\" content=\"article\" \/>\n<meta property=\"og:title\" content=\"PSI-Polymer Systems Inc. Receives Patent on Leak Proof Seal for Screen Changers Hickory, NC (March 13, 2007)\" \/>\n<meta property=\"og:description\" content=\"PSI-Polymer Systems, Inc. Receives Patent on Leak-Proof Seal for Screen Changers Hickory, NC (March 13, 2007) PSI-Polymer Systems Inc. has been awarded\" \/>\n<meta property=\"og:url\" content=\"https:\/\/www.psi-polymersystems.com\/fr_ca\/about-us\/press-releases\/psi-polymer-systems-inc-receives-patent-on-leak-proof-seal-for-screen-changers-hickory-nc-march-13-2007\/\" \/>\n<meta property=\"og:site_name\" content=\"PSI-Polymer Systems\" \/>\n<meta property=\"article:publisher\" content=\"https:\/\/www.facebook.com\/psipolymersystems\/\" \/>\n<meta property=\"article:modified_time\" content=\"2020-09-23T15:28:59+00:00\" \/>\n<meta name=\"twitter:card\" content=\"summary_large_image\" \/>\n<meta name=\"twitter:label1\" content=\"Estimation du temps de lecture\" \/>\n\t<meta name=\"twitter:data1\" content=\"2 minutes\" \/>\n<script type=\"application\/ld+json\" class=\"yoast-schema-graph\">{\"@context\":\"https:\/\/schema.org\",\"@graph\":[{\"@type\":\"WebPage\",\"@id\":\"https:\/\/www.psi-polymersystems.com\/about-us\/press-releases\/psi-polymer-systems-inc-receives-patent-on-leak-proof-seal-for-screen-changers-hickory-nc-march-13-2007\/\",\"url\":\"https:\/\/www.psi-polymersystems.com\/about-us\/press-releases\/psi-polymer-systems-inc-receives-patent-on-leak-proof-seal-for-screen-changers-hickory-nc-march-13-2007\/\",\"name\":\"PSI-Polymer Systems Inc. Receives Patent on Leak Proof Seal for Screen Changers Hickory, NC (March 13, 2007) - PSI-Polymer Systems\",\"isPartOf\":{\"@id\":\"https:\/\/www.psi-polymersystems.com\/#website\"},\"datePublished\":\"2020-09-23T15:27:26+00:00\",\"dateModified\":\"2020-09-23T15:28:59+00:00\",\"breadcrumb\":{\"@id\":\"https:\/\/www.psi-polymersystems.com\/about-us\/press-releases\/psi-polymer-systems-inc-receives-patent-on-leak-proof-seal-for-screen-changers-hickory-nc-march-13-2007\/#breadcrumb\"},\"inLanguage\":\"fr-CA\",\"potentialAction\":[{\"@type\":\"ReadAction\",\"target\":[\"https:\/\/www.psi-polymersystems.com\/about-us\/press-releases\/psi-polymer-systems-inc-receives-patent-on-leak-proof-seal-for-screen-changers-hickory-nc-march-13-2007\/\"]}]},{\"@type\":\"BreadcrumbList\",\"@id\":\"https:\/\/www.psi-polymersystems.com\/about-us\/press-releases\/psi-polymer-systems-inc-receives-patent-on-leak-proof-seal-for-screen-changers-hickory-nc-march-13-2007\/#breadcrumb\",\"itemListElement\":[{\"@type\":\"ListItem\",\"position\":1,\"name\":\"Home\",\"item\":\"https:\/\/www.psi-polymersystems.com\/\"},{\"@type\":\"ListItem\",\"position\":2,\"name\":\"About Us\",\"item\":\"https:\/\/www.psi-polymersystems.com\/about-us\/\"},{\"@type\":\"ListItem\",\"position\":3,\"name\":\"Press Releases\",\"item\":\"https:\/\/www.psi-polymersystems.com\/about-us\/press-releases\/\"},{\"@type\":\"ListItem\",\"position\":4,\"name\":\"PSI-Polymer Systems Inc. Receives Patent on Leak Proof Seal for Screen Changers Hickory, NC (March 13, 2007)\"}]},{\"@type\":\"WebSite\",\"@id\":\"https:\/\/www.psi-polymersystems.com\/#website\",\"url\":\"https:\/\/www.psi-polymersystems.com\/\",\"name\":\"PSI-Polymer Systems\",\"description\":\"\",\"publisher\":{\"@id\":\"https:\/\/www.psi-polymersystems.com\/#organization\"},\"potentialAction\":[{\"@type\":\"SearchAction\",\"target\":{\"@type\":\"EntryPoint\",\"urlTemplate\":\"https:\/\/www.psi-polymersystems.com\/?s={search_term_string}\"},\"query-input\":{\"@type\":\"PropertyValueSpecification\",\"valueRequired\":true,\"valueName\":\"search_term_string\"}}],\"inLanguage\":\"fr-CA\"},{\"@type\":\"Organization\",\"@id\":\"https:\/\/www.psi-polymersystems.com\/#organization\",\"name\":\"PSI-Polymer Systems, Inc.\",\"url\":\"https:\/\/www.psi-polymersystems.com\/\",\"logo\":{\"@type\":\"ImageObject\",\"inLanguage\":\"fr-CA\",\"@id\":\"https:\/\/www.psi-polymersystems.com\/#\/schema\/logo\/image\/\",\"url\":\"\",\"contentUrl\":\"\",\"caption\":\"PSI-Polymer Systems, Inc.\"},\"image\":{\"@id\":\"https:\/\/www.psi-polymersystems.com\/#\/schema\/logo\/image\/\"},\"sameAs\":[\"https:\/\/www.facebook.com\/psipolymersystems\/\",\"https:\/\/www.linkedin.com\/showcase\/psi-polymer-systems\"]}]}<\/script>\n<!-- \/ Yoast SEO Premium plugin. -->","yoast_head_json":{"title":"PSI-Polymer Systems Inc. Receives Patent on Leak Proof Seal for Screen Changers Hickory, NC (March 13, 2007) - PSI-Polymer Systems","robots":{"index":"index","follow":"follow","max-snippet":"max-snippet:-1","max-image-preview":"max-image-preview:large","max-video-preview":"max-video-preview:-1"},"canonical":"https:\/\/www.psi-polymersystems.com\/fr_ca\/about-us\/press-releases\/psi-polymer-systems-inc-receives-patent-on-leak-proof-seal-for-screen-changers-hickory-nc-march-13-2007\/","og_locale":"fr_CA","og_type":"article","og_title":"PSI-Polymer Systems Inc. Receives Patent on Leak Proof Seal for Screen Changers Hickory, NC (March 13, 2007)","og_description":"PSI-Polymer Systems, Inc. Receives Patent on Leak-Proof Seal for Screen Changers Hickory, NC (March 13, 2007) PSI-Polymer Systems Inc. has been awarded","og_url":"https:\/\/www.psi-polymersystems.com\/fr_ca\/about-us\/press-releases\/psi-polymer-systems-inc-receives-patent-on-leak-proof-seal-for-screen-changers-hickory-nc-march-13-2007\/","og_site_name":"PSI-Polymer Systems","article_publisher":"https:\/\/www.facebook.com\/psipolymersystems\/","article_modified_time":"2020-09-23T15:28:59+00:00","twitter_card":"summary_large_image","twitter_misc":{"Estimation du temps de lecture":"2 minutes"},"schema":{"@context":"https:\/\/schema.org","@graph":[{"@type":"WebPage","@id":"https:\/\/www.psi-polymersystems.com\/about-us\/press-releases\/psi-polymer-systems-inc-receives-patent-on-leak-proof-seal-for-screen-changers-hickory-nc-march-13-2007\/","url":"https:\/\/www.psi-polymersystems.com\/about-us\/press-releases\/psi-polymer-systems-inc-receives-patent-on-leak-proof-seal-for-screen-changers-hickory-nc-march-13-2007\/","name":"PSI-Polymer Systems Inc. Receives Patent on Leak Proof Seal for Screen Changers Hickory, NC (March 13, 2007) - PSI-Polymer Systems","isPartOf":{"@id":"https:\/\/www.psi-polymersystems.com\/#website"},"datePublished":"2020-09-23T15:27:26+00:00","dateModified":"2020-09-23T15:28:59+00:00","breadcrumb":{"@id":"https:\/\/www.psi-polymersystems.com\/about-us\/press-releases\/psi-polymer-systems-inc-receives-patent-on-leak-proof-seal-for-screen-changers-hickory-nc-march-13-2007\/#breadcrumb"},"inLanguage":"fr-CA","potentialAction":[{"@type":"ReadAction","target":["https:\/\/www.psi-polymersystems.com\/about-us\/press-releases\/psi-polymer-systems-inc-receives-patent-on-leak-proof-seal-for-screen-changers-hickory-nc-march-13-2007\/"]}]},{"@type":"BreadcrumbList","@id":"https:\/\/www.psi-polymersystems.com\/about-us\/press-releases\/psi-polymer-systems-inc-receives-patent-on-leak-proof-seal-for-screen-changers-hickory-nc-march-13-2007\/#breadcrumb","itemListElement":[{"@type":"ListItem","position":1,"name":"Home","item":"https:\/\/www.psi-polymersystems.com\/"},{"@type":"ListItem","position":2,"name":"About Us","item":"https:\/\/www.psi-polymersystems.com\/about-us\/"},{"@type":"ListItem","position":3,"name":"Press Releases","item":"https:\/\/www.psi-polymersystems.com\/about-us\/press-releases\/"},{"@type":"ListItem","position":4,"name":"PSI-Polymer Systems Inc. Receives Patent on Leak Proof Seal for Screen Changers Hickory, NC (March 13, 2007)"}]},{"@type":"WebSite","@id":"https:\/\/www.psi-polymersystems.com\/#website","url":"https:\/\/www.psi-polymersystems.com\/","name":"PSI-Polymer Systems","description":"","publisher":{"@id":"https:\/\/www.psi-polymersystems.com\/#organization"},"potentialAction":[{"@type":"SearchAction","target":{"@type":"EntryPoint","urlTemplate":"https:\/\/www.psi-polymersystems.com\/?s={search_term_string}"},"query-input":{"@type":"PropertyValueSpecification","valueRequired":true,"valueName":"search_term_string"}}],"inLanguage":"fr-CA"},{"@type":"Organization","@id":"https:\/\/www.psi-polymersystems.com\/#organization","name":"PSI-Polymer Systems, Inc.","url":"https:\/\/www.psi-polymersystems.com\/","logo":{"@type":"ImageObject","inLanguage":"fr-CA","@id":"https:\/\/www.psi-polymersystems.com\/#\/schema\/logo\/image\/","url":"","contentUrl":"","caption":"PSI-Polymer Systems, Inc."},"image":{"@id":"https:\/\/www.psi-polymersystems.com\/#\/schema\/logo\/image\/"},"sameAs":["https:\/\/www.facebook.com\/psipolymersystems\/","https:\/\/www.linkedin.com\/showcase\/psi-polymer-systems"]}]}},"_links":{"self":[{"href":"https:\/\/www.psi-polymersystems.com\/fr_ca\/wp-json\/wp\/v2\/pages\/6059","targetHints":{"allow":["GET"]}}],"collection":[{"href":"https:\/\/www.psi-polymersystems.com\/fr_ca\/wp-json\/wp\/v2\/pages"}],"about":[{"href":"https:\/\/www.psi-polymersystems.com\/fr_ca\/wp-json\/wp\/v2\/types\/page"}],"author":[{"embeddable":true,"href":"https:\/\/www.psi-polymersystems.com\/fr_ca\/wp-json\/wp\/v2\/users\/2"}],"replies":[{"embeddable":true,"href":"https:\/\/www.psi-polymersystems.com\/fr_ca\/wp-json\/wp\/v2\/comments?post=6059"}],"version-history":[{"count":0,"href":"https:\/\/www.psi-polymersystems.com\/fr_ca\/wp-json\/wp\/v2\/pages\/6059\/revisions"}],"up":[{"embeddable":true,"href":"https:\/\/www.psi-polymersystems.com\/fr_ca\/wp-json\/wp\/v2\/pages\/5833"}],"wp:attachment":[{"href":"https:\/\/www.psi-polymersystems.com\/fr_ca\/wp-json\/wp\/v2\/media?parent=6059"}],"curies":[{"name":"wp","href":"https:\/\/api.w.org\/{rel}","templated":true}]}}