{"id":6068,"date":"2020-09-23T17:21:49","date_gmt":"2020-09-23T17:21:49","guid":{"rendered":"https:\/\/psi-polymersystems.com\/?page_id=6068"},"modified":"2020-09-23T17:23:42","modified_gmt":"2020-09-23T17:23:42","slug":"psi-polymer-systems-inc-introduces-new-continuous-backflush-screen-changer-hickory-nc-december-7-2004","status":"publish","type":"page","link":"https:\/\/www.psi-polymersystems.com\/fr_ca\/about-us\/press-releases\/psi-polymer-systems-inc-introduces-new-continuous-backflush-screen-changer-hickory-nc-december-7-2004\/","title":{"rendered":"PSI-Polymer Systems Inc. pr\u00e9sente un nouveau changeur de tamis \u00e0 r\u00e9trobalayage continu Hickory, NC (7 d\u00e9cembre 2004)"},"content":{"rendered":"<div data-elementor-type=\"wp-page\" data-elementor-id=\"6068\" class=\"elementor elementor-6068\" data-elementor-post-type=\"page\">\n\t\t\t\t\t\t<section class=\"elementor-section elementor-top-section elementor-element elementor-element-6f5bb3fa elementor-section-boxed elementor-section-height-default elementor-section-height-default\" data-id=\"6f5bb3fa\" data-element_type=\"section\" data-e-type=\"section\">\n\t\t\t\t\t\t<div class=\"elementor-container elementor-column-gap-default\">\n\t\t\t\t\t<div class=\"elementor-column elementor-col-50 elementor-top-column elementor-element elementor-element-1d0bfecc\" data-id=\"1d0bfecc\" data-element_type=\"column\" data-e-type=\"column\">\n\t\t\t<div class=\"elementor-widget-wrap elementor-element-populated\">\n\t\t\t\t\t\t<div class=\"elementor-element elementor-element-28def0c2 elementor-widget elementor-widget-heading\" data-id=\"28def0c2\" data-element_type=\"widget\" data-e-type=\"widget\" data-widget_type=\"heading.default\">\n\t\t\t\t<div class=\"elementor-widget-container\">\n\t\t\t\t\t<h2 class=\"elementor-heading-title elementor-size-default\">PSI-Polymer Systems, Inc. pr\u00e9sente un nouveau changeur de tamis \u00e0 contre-courant continu Hickory, NC (7 d\u00e9cembre 2004)<\/h2>\t\t\t\t<\/div>\n\t\t\t\t<\/div>\n\t\t\t\t<div class=\"elementor-element elementor-element-50830895 elementor-widget elementor-widget-text-editor\" data-id=\"50830895\" data-element_type=\"widget\" data-e-type=\"widget\" data-widget_type=\"text-editor.default\">\n\t\t\t\t<div class=\"elementor-widget-container\">\n\t\t\t\t\t\t\t\t\t<p>PSI-Polymer Systems Inc. a introduit un nouveau changeur d&#039;\u00e9cran \u00e0 r\u00e9trobalayage continu (CSC\/BF), con\u00e7u pour une filtration extr\u00eamement fiable des polym\u00e8res dans une grande vari\u00e9t\u00e9 d&#039;applications d&#039;extrusion.<\/p><p>Dot\u00e9 d&#039;une conception unique, le nouveau CSC\/BF permet d&#039;augmenter la dur\u00e9e de vie de l&#039;\u00e9cran de filtration, d&#039;au moins 25 fois par rapport aux conceptions typiques de changeur d&#039;\u00e9cran continu. Une dur\u00e9e de vie accrue de l&#039;\u00e9cran signifie des changements d&#039;\u00e9cran moins fr\u00e9quents en raison du colmatage d\u00fb aux contaminants dans le plastique fondu. Cela se traduit par beaucoup moins de temps d&#039;arr\u00eat, ce qui signifie une plus grande fiabilit\u00e9 et une plus grande productivit\u00e9 pour les processeurs. Un autre avantage cl\u00e9 du CSC \/ BF est qu&#039;il r\u00e9duit la contre-pression sur l&#039;extrudeuse \u00e0 une pression beaucoup plus faible, permettant ainsi une augmentation de la production - jusqu&#039;\u00e0 une augmentation de 50% sur certains mat\u00e9riaux et processus.<\/p><p>&quot;L&#039;id\u00e9e derri\u00e8re toute conception de changeur d&#039;\u00e9cran continu est de permettre une production constante avec un minimum absolu de temps d&#039;arr\u00eat&quot;, a d\u00e9clar\u00e9 Glenn Woodcock, pr\u00e9sident de PSI. &quot;En divisant le flux de polym\u00e8re en deux flux, les transformateurs peuvent changer un tamis obstru\u00e9 sans interrompre la production.&quot;<\/p><p>\u00ab Cette nouvelle unit\u00e9 de r\u00e9trobalayage am\u00e8ne ce concept \u00e0 un nouveau niveau. En purgeant automatiquement les contaminants des \u00e9crans obstru\u00e9s, il prolonge consid\u00e9rablement la dur\u00e9e de vie de l&#039;\u00e9cran. Ce produit fonctionnera beaucoup plus longtemps sans avoir besoin d&#039;entretien que n&#039;importe quel changeur d&#039;\u00e9cran conventionnel.<\/p><p><u>Comment \u00e7a fonctionne<\/u><\/p><p>Comme le changeur d&#039;\u00e9cran continu existant de PSI, le nouveau CSC\/BF divise le polym\u00e8re entrant en deux flux, tous deux filtr\u00e9s dans les pistons sup\u00e9rieur et inf\u00e9rieur. Contrairement \u00e0 la conception CSC, cependant, le CSC\/BF poss\u00e8de deux cavit\u00e9s de filtration dans chaque piston, permettant une filtration deux fois sup\u00e9rieure \u00e0 la conception CSC de taille comparable.\u00a0<\/p><p>L&#039;aspect le plus unique du CSC\/BF est la capacit\u00e9 de \u00ab\u00a0recyclage\u00a0\u00bb ou de maximiser automatiquement la dur\u00e9e de vie de l&#039;\u00e9cran. Lorsque la pression en amont augmente en raison d&#039;un niveau \u00e9lev\u00e9 de contaminant dans le polym\u00e8re, la commande PLC actionne automatiquement chaque piston dans sa position de rin\u00e7age, permettant \u00e0 la pression de repousser les contaminants hors du tamis sale. Les contaminants sont purg\u00e9s des orifices du bo\u00eetier. Une fois que la s\u00e9quence de r\u00e9trobalayage se produit, les \u00e9crans \u00ab\u00a0recycl\u00e9s\u00a0\u00bb sont ramen\u00e9s \u00e0 la position d&#039;origine jusqu&#039;\u00e0 ce que la s\u00e9quence se reproduise.<\/p><p><u>Caract\u00e9ristiques et avantages du CSC\/BF<\/u><\/p><p>Comme la gamme de CSC de PSI, le nouveau CSC\/BF est garanti pour fonctionner sans fuite \u00e0 des pressions allant jusqu&#039;\u00e0 10 000 psi et \u00e0 des temp\u00e9ratures allant jusqu&#039;\u00e0 650 \u00b0F. Toutes les pi\u00e8ces sont fabriqu\u00e9es selon les normes ISO-9002. Sa conception robuste offre une excellente r\u00e9sistance \u00e0 l&#039;usure, et sans joints ni pi\u00e8ces de contact, il n&#039;y a pratiquement aucun entretien requis autre que le changement occasionnel de l&#039;\u00e9cran.\u00a0<\/p><p>Les applications typiques du nouveau changeur de tamis CSC\/BF comprennent le recyclage, les feuilles, les films souffl\u00e9s et les films coul\u00e9s, le compoundage, la granulation sous-marine et la granulation de brins, le rev\u00eatement par extrusion, les tuyaux et profil\u00e9s, les fils et c\u00e2bles, etc. PSI propose cinq tailles standard de changeurs d&#039;\u00e9cran \u00e0 contre-courant, avec des d\u00e9bits allant de 1 000 \u00e0 10 000 lb\/h.<\/p>\t\t\t\t\t\t\t\t<\/div>\n\t\t\t\t<\/div>\n\t\t\t\t\t<\/div>\n\t\t<\/div>\n\t\t\t\t<div class=\"elementor-column elementor-col-50 elementor-top-column elementor-element elementor-element-425ff125\" data-id=\"425ff125\" data-element_type=\"column\" data-e-type=\"column\">\n\t\t\t<div class=\"elementor-widget-wrap\">\n\t\t\t\t\t\t\t<\/div>\n\t\t<\/div>\n\t\t\t\t\t<\/div>\n\t\t<\/section>\n\t\t\t\t<\/div>","protected":false},"excerpt":{"rendered":"<p>PSI-Polymer Systems, Inc. pr\u00e9sente un nouveau changeur de tamis \u00e0 r\u00e9trobalayage continu Hickory, NC (7 d\u00e9cembre 2004) PSI-Polymer Systems Inc. a pr\u00e9sent\u00e9 un nouveau changeur de tamis \u00e0 r\u00e9trobalayage continu (CSC\/BF), con\u00e7u pour une filtration polym\u00e8re hautement fiable dans un grande vari\u00e9t\u00e9 d&#039;applications d&#039;extrusion. Dot\u00e9 d&#039;un design unique, le nouveau CSC\/BF permet d&#039;augmenter la dur\u00e9e de vie de l&#039;\u00e9cran de filtration, d&#039;au moins [\u2026]<\/p>","protected":false},"author":2,"featured_media":0,"parent":5833,"menu_order":0,"comment_status":"closed","ping_status":"closed","template":"","meta":{"_monsterinsights_skip_tracking":false,"_monsterinsights_sitenote_active":false,"_monsterinsights_sitenote_note":"","_monsterinsights_sitenote_category":0,"footnotes":""},"class_list":["post-6068","page","type-page","status-publish","hentry"],"yoast_head":"<!-- This site is optimized with the Yoast SEO Premium plugin v25.0 (Yoast SEO v25.0) - https:\/\/yoast.com\/wordpress\/plugins\/seo\/ -->\n<title>PSI-Polymer Systems Inc. Introduces New Continuous Backflush Screen Changer Hickory, NC (December 7, 2004) - PSI-Polymer Systems<\/title>\n<meta name=\"robots\" content=\"index, follow, max-snippet:-1, max-image-preview:large, max-video-preview:-1\" \/>\n<link rel=\"canonical\" href=\"https:\/\/www.psi-polymersystems.com\/fr_ca\/about-us\/press-releases\/psi-polymer-systems-inc-introduces-new-continuous-backflush-screen-changer-hickory-nc-december-7-2004\/\" \/>\n<meta property=\"og:locale\" content=\"fr_CA\" \/>\n<meta property=\"og:type\" content=\"article\" \/>\n<meta property=\"og:title\" content=\"PSI-Polymer Systems Inc. Introduces New Continuous Backflush Screen Changer Hickory, NC (December 7, 2004)\" \/>\n<meta property=\"og:description\" content=\"PSI-Polymer Systems, Inc. Introduces New Continuous Backflush Screen Changer Hickory, NC (December 7, 2004) PSI-Polymer Systems Inc. has introduced a new\" \/>\n<meta property=\"og:url\" content=\"https:\/\/www.psi-polymersystems.com\/fr_ca\/about-us\/press-releases\/psi-polymer-systems-inc-introduces-new-continuous-backflush-screen-changer-hickory-nc-december-7-2004\/\" \/>\n<meta property=\"og:site_name\" content=\"PSI-Polymer Systems\" \/>\n<meta property=\"article:publisher\" content=\"https:\/\/www.facebook.com\/psipolymersystems\/\" \/>\n<meta property=\"article:modified_time\" content=\"2020-09-23T17:23:42+00:00\" \/>\n<meta name=\"twitter:card\" content=\"summary_large_image\" \/>\n<meta name=\"twitter:label1\" content=\"Estimation du temps de lecture\" \/>\n\t<meta name=\"twitter:data1\" content=\"2 minutes\" \/>\n<script type=\"application\/ld+json\" class=\"yoast-schema-graph\">{\"@context\":\"https:\/\/schema.org\",\"@graph\":[{\"@type\":\"WebPage\",\"@id\":\"https:\/\/www.psi-polymersystems.com\/about-us\/press-releases\/psi-polymer-systems-inc-introduces-new-continuous-backflush-screen-changer-hickory-nc-december-7-2004\/\",\"url\":\"https:\/\/www.psi-polymersystems.com\/about-us\/press-releases\/psi-polymer-systems-inc-introduces-new-continuous-backflush-screen-changer-hickory-nc-december-7-2004\/\",\"name\":\"PSI-Polymer Systems Inc. Introduces New Continuous Backflush Screen Changer Hickory, NC (December 7, 2004) - PSI-Polymer Systems\",\"isPartOf\":{\"@id\":\"https:\/\/www.psi-polymersystems.com\/#website\"},\"datePublished\":\"2020-09-23T17:21:49+00:00\",\"dateModified\":\"2020-09-23T17:23:42+00:00\",\"breadcrumb\":{\"@id\":\"https:\/\/www.psi-polymersystems.com\/about-us\/press-releases\/psi-polymer-systems-inc-introduces-new-continuous-backflush-screen-changer-hickory-nc-december-7-2004\/#breadcrumb\"},\"inLanguage\":\"fr-CA\",\"potentialAction\":[{\"@type\":\"ReadAction\",\"target\":[\"https:\/\/www.psi-polymersystems.com\/about-us\/press-releases\/psi-polymer-systems-inc-introduces-new-continuous-backflush-screen-changer-hickory-nc-december-7-2004\/\"]}]},{\"@type\":\"BreadcrumbList\",\"@id\":\"https:\/\/www.psi-polymersystems.com\/about-us\/press-releases\/psi-polymer-systems-inc-introduces-new-continuous-backflush-screen-changer-hickory-nc-december-7-2004\/#breadcrumb\",\"itemListElement\":[{\"@type\":\"ListItem\",\"position\":1,\"name\":\"Home\",\"item\":\"https:\/\/www.psi-polymersystems.com\/\"},{\"@type\":\"ListItem\",\"position\":2,\"name\":\"About Us\",\"item\":\"https:\/\/www.psi-polymersystems.com\/about-us\/\"},{\"@type\":\"ListItem\",\"position\":3,\"name\":\"Press Releases\",\"item\":\"https:\/\/www.psi-polymersystems.com\/about-us\/press-releases\/\"},{\"@type\":\"ListItem\",\"position\":4,\"name\":\"PSI-Polymer Systems Inc. Introduces New Continuous Backflush Screen Changer Hickory, NC (December 7, 2004)\"}]},{\"@type\":\"WebSite\",\"@id\":\"https:\/\/www.psi-polymersystems.com\/#website\",\"url\":\"https:\/\/www.psi-polymersystems.com\/\",\"name\":\"PSI-Polymer Systems\",\"description\":\"\",\"publisher\":{\"@id\":\"https:\/\/www.psi-polymersystems.com\/#organization\"},\"potentialAction\":[{\"@type\":\"SearchAction\",\"target\":{\"@type\":\"EntryPoint\",\"urlTemplate\":\"https:\/\/www.psi-polymersystems.com\/?s={search_term_string}\"},\"query-input\":{\"@type\":\"PropertyValueSpecification\",\"valueRequired\":true,\"valueName\":\"search_term_string\"}}],\"inLanguage\":\"fr-CA\"},{\"@type\":\"Organization\",\"@id\":\"https:\/\/www.psi-polymersystems.com\/#organization\",\"name\":\"PSI-Polymer Systems, Inc.\",\"url\":\"https:\/\/www.psi-polymersystems.com\/\",\"logo\":{\"@type\":\"ImageObject\",\"inLanguage\":\"fr-CA\",\"@id\":\"https:\/\/www.psi-polymersystems.com\/#\/schema\/logo\/image\/\",\"url\":\"\",\"contentUrl\":\"\",\"caption\":\"PSI-Polymer Systems, Inc.\"},\"image\":{\"@id\":\"https:\/\/www.psi-polymersystems.com\/#\/schema\/logo\/image\/\"},\"sameAs\":[\"https:\/\/www.facebook.com\/psipolymersystems\/\",\"https:\/\/www.linkedin.com\/showcase\/psi-polymer-systems\"]}]}<\/script>\n<!-- \/ Yoast SEO Premium plugin. -->","yoast_head_json":{"title":"PSI-Polymer Systems Inc. Introduces New Continuous Backflush Screen Changer Hickory, NC (December 7, 2004) - PSI-Polymer Systems","robots":{"index":"index","follow":"follow","max-snippet":"max-snippet:-1","max-image-preview":"max-image-preview:large","max-video-preview":"max-video-preview:-1"},"canonical":"https:\/\/www.psi-polymersystems.com\/fr_ca\/about-us\/press-releases\/psi-polymer-systems-inc-introduces-new-continuous-backflush-screen-changer-hickory-nc-december-7-2004\/","og_locale":"fr_CA","og_type":"article","og_title":"PSI-Polymer Systems Inc. Introduces New Continuous Backflush Screen Changer Hickory, NC (December 7, 2004)","og_description":"PSI-Polymer Systems, Inc. Introduces New Continuous Backflush Screen Changer Hickory, NC (December 7, 2004) PSI-Polymer Systems Inc. has introduced a new","og_url":"https:\/\/www.psi-polymersystems.com\/fr_ca\/about-us\/press-releases\/psi-polymer-systems-inc-introduces-new-continuous-backflush-screen-changer-hickory-nc-december-7-2004\/","og_site_name":"PSI-Polymer Systems","article_publisher":"https:\/\/www.facebook.com\/psipolymersystems\/","article_modified_time":"2020-09-23T17:23:42+00:00","twitter_card":"summary_large_image","twitter_misc":{"Estimation du temps de lecture":"2 minutes"},"schema":{"@context":"https:\/\/schema.org","@graph":[{"@type":"WebPage","@id":"https:\/\/www.psi-polymersystems.com\/about-us\/press-releases\/psi-polymer-systems-inc-introduces-new-continuous-backflush-screen-changer-hickory-nc-december-7-2004\/","url":"https:\/\/www.psi-polymersystems.com\/about-us\/press-releases\/psi-polymer-systems-inc-introduces-new-continuous-backflush-screen-changer-hickory-nc-december-7-2004\/","name":"PSI-Polymer Systems Inc. Introduces New Continuous Backflush Screen Changer Hickory, NC (December 7, 2004) - PSI-Polymer Systems","isPartOf":{"@id":"https:\/\/www.psi-polymersystems.com\/#website"},"datePublished":"2020-09-23T17:21:49+00:00","dateModified":"2020-09-23T17:23:42+00:00","breadcrumb":{"@id":"https:\/\/www.psi-polymersystems.com\/about-us\/press-releases\/psi-polymer-systems-inc-introduces-new-continuous-backflush-screen-changer-hickory-nc-december-7-2004\/#breadcrumb"},"inLanguage":"fr-CA","potentialAction":[{"@type":"ReadAction","target":["https:\/\/www.psi-polymersystems.com\/about-us\/press-releases\/psi-polymer-systems-inc-introduces-new-continuous-backflush-screen-changer-hickory-nc-december-7-2004\/"]}]},{"@type":"BreadcrumbList","@id":"https:\/\/www.psi-polymersystems.com\/about-us\/press-releases\/psi-polymer-systems-inc-introduces-new-continuous-backflush-screen-changer-hickory-nc-december-7-2004\/#breadcrumb","itemListElement":[{"@type":"ListItem","position":1,"name":"Home","item":"https:\/\/www.psi-polymersystems.com\/"},{"@type":"ListItem","position":2,"name":"About Us","item":"https:\/\/www.psi-polymersystems.com\/about-us\/"},{"@type":"ListItem","position":3,"name":"Press Releases","item":"https:\/\/www.psi-polymersystems.com\/about-us\/press-releases\/"},{"@type":"ListItem","position":4,"name":"PSI-Polymer Systems Inc. Introduces New Continuous Backflush Screen Changer Hickory, NC (December 7, 2004)"}]},{"@type":"WebSite","@id":"https:\/\/www.psi-polymersystems.com\/#website","url":"https:\/\/www.psi-polymersystems.com\/","name":"PSI-Polymer Systems","description":"","publisher":{"@id":"https:\/\/www.psi-polymersystems.com\/#organization"},"potentialAction":[{"@type":"SearchAction","target":{"@type":"EntryPoint","urlTemplate":"https:\/\/www.psi-polymersystems.com\/?s={search_term_string}"},"query-input":{"@type":"PropertyValueSpecification","valueRequired":true,"valueName":"search_term_string"}}],"inLanguage":"fr-CA"},{"@type":"Organization","@id":"https:\/\/www.psi-polymersystems.com\/#organization","name":"PSI-Polymer Systems, Inc.","url":"https:\/\/www.psi-polymersystems.com\/","logo":{"@type":"ImageObject","inLanguage":"fr-CA","@id":"https:\/\/www.psi-polymersystems.com\/#\/schema\/logo\/image\/","url":"","contentUrl":"","caption":"PSI-Polymer Systems, Inc."},"image":{"@id":"https:\/\/www.psi-polymersystems.com\/#\/schema\/logo\/image\/"},"sameAs":["https:\/\/www.facebook.com\/psipolymersystems\/","https:\/\/www.linkedin.com\/showcase\/psi-polymer-systems"]}]}},"_links":{"self":[{"href":"https:\/\/www.psi-polymersystems.com\/fr_ca\/wp-json\/wp\/v2\/pages\/6068","targetHints":{"allow":["GET"]}}],"collection":[{"href":"https:\/\/www.psi-polymersystems.com\/fr_ca\/wp-json\/wp\/v2\/pages"}],"about":[{"href":"https:\/\/www.psi-polymersystems.com\/fr_ca\/wp-json\/wp\/v2\/types\/page"}],"author":[{"embeddable":true,"href":"https:\/\/www.psi-polymersystems.com\/fr_ca\/wp-json\/wp\/v2\/users\/2"}],"replies":[{"embeddable":true,"href":"https:\/\/www.psi-polymersystems.com\/fr_ca\/wp-json\/wp\/v2\/comments?post=6068"}],"version-history":[{"count":0,"href":"https:\/\/www.psi-polymersystems.com\/fr_ca\/wp-json\/wp\/v2\/pages\/6068\/revisions"}],"up":[{"embeddable":true,"href":"https:\/\/www.psi-polymersystems.com\/fr_ca\/wp-json\/wp\/v2\/pages\/5833"}],"wp:attachment":[{"href":"https:\/\/www.psi-polymersystems.com\/fr_ca\/wp-json\/wp\/v2\/media?parent=6068"}],"curies":[{"name":"wp","href":"https:\/\/api.w.org\/{rel}","templated":true}]}}