{"id":6088,"date":"2020-09-23T17:46:17","date_gmt":"2020-09-23T17:46:17","guid":{"rendered":"https:\/\/psi-polymersystems.com\/?page_id=6088"},"modified":"2020-09-23T17:47:19","modified_gmt":"2020-09-23T17:47:19","slug":"psi-polymer-systems-inc-completes-move-to-new-facility-conover-nc-june-8-2009","status":"publish","type":"page","link":"https:\/\/www.psi-polymersystems.com\/fr_ca\/about-us\/press-releases\/psi-polymer-systems-inc-completes-move-to-new-facility-conover-nc-june-8-2009\/","title":{"rendered":"PSI-Polymer Systems, Inc. ach\u00e8ve son d\u00e9m\u00e9nagement dans une nouvelle usine \u00e0 Conover, Caroline du Nord (8 juin 2009)"},"content":{"rendered":"<div data-elementor-type=\"wp-page\" data-elementor-id=\"6088\" class=\"elementor elementor-6088\" data-elementor-post-type=\"page\">\n\t\t\t\t\t\t<section class=\"elementor-section elementor-top-section elementor-element elementor-element-7674f341 elementor-section-boxed elementor-section-height-default elementor-section-height-default\" data-id=\"7674f341\" data-element_type=\"section\" data-e-type=\"section\">\n\t\t\t\t\t\t<div class=\"elementor-container elementor-column-gap-default\">\n\t\t\t\t\t<div class=\"elementor-column elementor-col-50 elementor-top-column elementor-element elementor-element-7c3aa1d\" data-id=\"7c3aa1d\" data-element_type=\"column\" data-e-type=\"column\">\n\t\t\t<div class=\"elementor-widget-wrap elementor-element-populated\">\n\t\t\t\t\t\t<div class=\"elementor-element elementor-element-6410b01f elementor-widget elementor-widget-heading\" data-id=\"6410b01f\" data-element_type=\"widget\" data-e-type=\"widget\" data-widget_type=\"heading.default\">\n\t\t\t\t<div class=\"elementor-widget-container\">\n\t\t\t\t\t<h2 class=\"elementor-heading-title elementor-size-default\">PSI-Polymer Systems, Inc. ach\u00e8ve son d\u00e9m\u00e9nagement dans une nouvelle usine \u00e0 Conover, Caroline du Nord (8 juin 2009)<\/h2>\t\t\t\t<\/div>\n\t\t\t\t<\/div>\n\t\t\t\t<div class=\"elementor-element elementor-element-73dda22f elementor-widget elementor-widget-text-editor\" data-id=\"73dda22f\" data-element_type=\"widget\" data-e-type=\"widget\" data-widget_type=\"text-editor.default\">\n\t\t\t\t<div class=\"elementor-widget-container\">\n\t\t\t\t\t\t\t\t\t<p>PSI-Polymer Systems Inc. a annonc\u00e9 avoir termin\u00e9 son d\u00e9m\u00e9nagement dans une toute nouvelle usine \u00e0 Conover, en Caroline du Nord. Le nouveau b\u00e2timent se trouve \u00e0 environ 13 km de l&#039;ancien site de la soci\u00e9t\u00e9 \u00e0 Hickory et dispose d&#039;une surface au sol de 45 000 pieds carr\u00e9s, soit trois fois plus d&#039;espace que PSI n&#039;en avait dans son ancien site.<\/p><p>PSI pr\u00e9voit d&#039;utiliser l&#039;espace suppl\u00e9mentaire pour \u00e9tendre ses offres de services aux clients et stockera \u00e9galement un inventaire suppl\u00e9mentaire de pi\u00e8ces de rechange. En outre, PSI ajoute de nombreuses nouvelles machines-outils pour am\u00e9liorer les capacit\u00e9s de fabrication et de r\u00e9paration de l&#039;entreprise.<\/p><p>Selon Rob Martin, directeur g\u00e9n\u00e9ral de PSI, la soci\u00e9t\u00e9, qui fournit des pompes \u00e0 engrenages, des changeurs de tamis et d&#039;autres \u00e9quipements auxiliaires pour les industries de l&#039;extrusion, du traitement des polym\u00e8res et du recyclage, a constat\u00e9 une augmentation de la demande pour ses programmes de r\u00e9paration\/reconstruction. Cela a conduit l&#039;entreprise \u00e0 rechercher une nouvelle installation o\u00f9 elle pourrait \u00e9tendre ses op\u00e9rations de fabrication.<\/p><p>&quot;Nous avions besoin d&#039;ajouter plus de postes de travail pour acc\u00e9l\u00e9rer notre activit\u00e9 de r\u00e9paration de produits et fournir un d\u00e9lai d&#039;ex\u00e9cution plus rapide \u00e0 nos clients&quot;, a d\u00e9clar\u00e9 Martin. &quot;Les clients cherchent \u00e0 maintenir leur \u00e9quipement auxiliaire existant en bon \u00e9tat de marche et en bon \u00e9tat, et cela est devenu une partie importante de notre activit\u00e9.&quot;<\/p><p>Un programme de service PSI populaire est le \u00ab programme d&#039;\u00e9change de pompes \u00bb de la soci\u00e9t\u00e9, qui permet aux clients d&#039;envoyer leurs pompes \u00e0 engrenages usag\u00e9es pour obtenir un cr\u00e9dit pour une nouvelle pompe PSI. Avec ce programme, les clients peuvent profiter des avantages de la nouvelle pompe PSI, qui est un remplacement \u00ab\u00a0drop-in\u00a0\u00bb qui peut fournir des d\u00e9bits de production accrus, des d\u00e9marrages plus rapides, un contr\u00f4le plus pr\u00e9cis de la jauge et une r\u00e9duction des rebuts, pour des \u00e9conomies importantes. PSI propose \u00e9galement des programmes de r\u00e9paration\/reconstruction pour les pompes \u00e0 engrenages, les changeurs de tamis et les m\u00e9langeurs statiques, qui mettent l&#039;accent sur l&#039;entretien et la r\u00e9paration des marques concurrentes, notamment les pompes MAAG, Dynisco et Normag.<\/p><p>PSI exposera au prochain salon NPE 2009 au stand #67069 \u00e0 McCormick Place North.<\/p>\t\t\t\t\t\t\t\t<\/div>\n\t\t\t\t<\/div>\n\t\t\t\t\t<\/div>\n\t\t<\/div>\n\t\t\t\t<div class=\"elementor-column elementor-col-50 elementor-top-column elementor-element elementor-element-33a8acc1\" data-id=\"33a8acc1\" data-element_type=\"column\" data-e-type=\"column\">\n\t\t\t<div class=\"elementor-widget-wrap\">\n\t\t\t\t\t\t\t<\/div>\n\t\t<\/div>\n\t\t\t\t\t<\/div>\n\t\t<\/section>\n\t\t\t\t<\/div>","protected":false},"excerpt":{"rendered":"<p>PSI-Polymer Systems, Inc. ach\u00e8ve son d\u00e9m\u00e9nagement dans une nouvelle installation \u00e0 Conover, Caroline du Nord (8 juin 2009) PSI-Polymer Systems Inc. a annonc\u00e9 qu&#039;il a termin\u00e9 son d\u00e9m\u00e9nagement dans une toute nouvelle installation \u00e0 Conover, en Caroline du Nord. Le nouveau b\u00e2timent est \u00e0 environ 8 miles de l&#039;ancien site de l&#039;entreprise \u00e0 Hickory et dispose de 45 000 pieds\u00b2 de surface au sol, trois fois plus d&#039;espace [\u2026]<\/p>","protected":false},"author":2,"featured_media":0,"parent":5833,"menu_order":0,"comment_status":"closed","ping_status":"closed","template":"","meta":{"_monsterinsights_skip_tracking":false,"_monsterinsights_sitenote_active":false,"_monsterinsights_sitenote_note":"","_monsterinsights_sitenote_category":0,"footnotes":""},"class_list":["post-6088","page","type-page","status-publish","hentry"],"yoast_head":"<!-- This site is optimized with the Yoast SEO Premium plugin v25.0 (Yoast SEO v25.0) - https:\/\/yoast.com\/wordpress\/plugins\/seo\/ -->\n<title>PSI-Polymer Systems, Inc. Completes Move To New Facility Conover, NC (June 8, 2009) - PSI-Polymer Systems<\/title>\n<meta name=\"robots\" content=\"index, follow, max-snippet:-1, max-image-preview:large, max-video-preview:-1\" \/>\n<link rel=\"canonical\" href=\"https:\/\/www.psi-polymersystems.com\/fr_ca\/about-us\/press-releases\/psi-polymer-systems-inc-completes-move-to-new-facility-conover-nc-june-8-2009\/\" \/>\n<meta property=\"og:locale\" content=\"fr_CA\" \/>\n<meta property=\"og:type\" content=\"article\" \/>\n<meta property=\"og:title\" content=\"PSI-Polymer Systems, Inc. Completes Move To New Facility Conover, NC (June 8, 2009)\" \/>\n<meta property=\"og:description\" content=\"PSI-Polymer Systems, Inc. Completes Move To New Facility Conover, NC (June 8, 2009) PSI-Polymer Systems Inc. has announced it has completed its move to an\" \/>\n<meta property=\"og:url\" content=\"https:\/\/www.psi-polymersystems.com\/fr_ca\/about-us\/press-releases\/psi-polymer-systems-inc-completes-move-to-new-facility-conover-nc-june-8-2009\/\" \/>\n<meta property=\"og:site_name\" content=\"PSI-Polymer Systems\" \/>\n<meta property=\"article:publisher\" content=\"https:\/\/www.facebook.com\/psipolymersystems\/\" \/>\n<meta property=\"article:modified_time\" content=\"2020-09-23T17:47:19+00:00\" \/>\n<meta name=\"twitter:card\" content=\"summary_large_image\" \/>\n<meta name=\"twitter:label1\" content=\"Estimation du temps de lecture\" \/>\n\t<meta name=\"twitter:data1\" content=\"2 minutes\" \/>\n<script type=\"application\/ld+json\" class=\"yoast-schema-graph\">{\"@context\":\"https:\/\/schema.org\",\"@graph\":[{\"@type\":\"WebPage\",\"@id\":\"https:\/\/www.psi-polymersystems.com\/es\/about-us\/press-releases\/psi-polymer-systems-inc-completes-move-to-new-facility-conover-nc-june-8-2009\/\",\"url\":\"https:\/\/www.psi-polymersystems.com\/es\/about-us\/press-releases\/psi-polymer-systems-inc-completes-move-to-new-facility-conover-nc-june-8-2009\/\",\"name\":\"PSI-Polymer Systems, Inc. Completes Move To New Facility Conover, NC (June 8, 2009) - PSI-Polymer Systems\",\"isPartOf\":{\"@id\":\"https:\/\/www.psi-polymersystems.com\/#website\"},\"datePublished\":\"2020-09-23T17:46:17+00:00\",\"dateModified\":\"2020-09-23T17:47:19+00:00\",\"breadcrumb\":{\"@id\":\"https:\/\/www.psi-polymersystems.com\/es\/about-us\/press-releases\/psi-polymer-systems-inc-completes-move-to-new-facility-conover-nc-june-8-2009\/#breadcrumb\"},\"inLanguage\":\"fr-CA\",\"potentialAction\":[{\"@type\":\"ReadAction\",\"target\":[\"https:\/\/www.psi-polymersystems.com\/es\/about-us\/press-releases\/psi-polymer-systems-inc-completes-move-to-new-facility-conover-nc-june-8-2009\/\"]}]},{\"@type\":\"BreadcrumbList\",\"@id\":\"https:\/\/www.psi-polymersystems.com\/es\/about-us\/press-releases\/psi-polymer-systems-inc-completes-move-to-new-facility-conover-nc-june-8-2009\/#breadcrumb\",\"itemListElement\":[{\"@type\":\"ListItem\",\"position\":1,\"name\":\"Home\",\"item\":\"https:\/\/www.psi-polymersystems.com\/\"},{\"@type\":\"ListItem\",\"position\":2,\"name\":\"About Us\",\"item\":\"https:\/\/www.psi-polymersystems.com\/about-us\/\"},{\"@type\":\"ListItem\",\"position\":3,\"name\":\"Press Releases\",\"item\":\"https:\/\/www.psi-polymersystems.com\/about-us\/press-releases\/\"},{\"@type\":\"ListItem\",\"position\":4,\"name\":\"PSI-Polymer Systems, Inc. Completes Move To New Facility Conover, NC (June 8, 2009)\"}]},{\"@type\":\"WebSite\",\"@id\":\"https:\/\/www.psi-polymersystems.com\/#website\",\"url\":\"https:\/\/www.psi-polymersystems.com\/\",\"name\":\"PSI-Polymer Systems\",\"description\":\"\",\"publisher\":{\"@id\":\"https:\/\/www.psi-polymersystems.com\/#organization\"},\"potentialAction\":[{\"@type\":\"SearchAction\",\"target\":{\"@type\":\"EntryPoint\",\"urlTemplate\":\"https:\/\/www.psi-polymersystems.com\/?s={search_term_string}\"},\"query-input\":{\"@type\":\"PropertyValueSpecification\",\"valueRequired\":true,\"valueName\":\"search_term_string\"}}],\"inLanguage\":\"fr-CA\"},{\"@type\":\"Organization\",\"@id\":\"https:\/\/www.psi-polymersystems.com\/#organization\",\"name\":\"PSI-Polymer Systems, Inc.\",\"url\":\"https:\/\/www.psi-polymersystems.com\/\",\"logo\":{\"@type\":\"ImageObject\",\"inLanguage\":\"fr-CA\",\"@id\":\"https:\/\/www.psi-polymersystems.com\/#\/schema\/logo\/image\/\",\"url\":\"\",\"contentUrl\":\"\",\"caption\":\"PSI-Polymer Systems, Inc.\"},\"image\":{\"@id\":\"https:\/\/www.psi-polymersystems.com\/#\/schema\/logo\/image\/\"},\"sameAs\":[\"https:\/\/www.facebook.com\/psipolymersystems\/\",\"https:\/\/www.linkedin.com\/showcase\/psi-polymer-systems\"]}]}<\/script>\n<!-- \/ Yoast SEO Premium plugin. -->","yoast_head_json":{"title":"PSI-Polymer Systems, Inc. Completes Move To New Facility Conover, NC (June 8, 2009) - PSI-Polymer Systems","robots":{"index":"index","follow":"follow","max-snippet":"max-snippet:-1","max-image-preview":"max-image-preview:large","max-video-preview":"max-video-preview:-1"},"canonical":"https:\/\/www.psi-polymersystems.com\/fr_ca\/about-us\/press-releases\/psi-polymer-systems-inc-completes-move-to-new-facility-conover-nc-june-8-2009\/","og_locale":"fr_CA","og_type":"article","og_title":"PSI-Polymer Systems, Inc. Completes Move To New Facility Conover, NC (June 8, 2009)","og_description":"PSI-Polymer Systems, Inc. Completes Move To New Facility Conover, NC (June 8, 2009) PSI-Polymer Systems Inc. has announced it has completed its move to an","og_url":"https:\/\/www.psi-polymersystems.com\/fr_ca\/about-us\/press-releases\/psi-polymer-systems-inc-completes-move-to-new-facility-conover-nc-june-8-2009\/","og_site_name":"PSI-Polymer Systems","article_publisher":"https:\/\/www.facebook.com\/psipolymersystems\/","article_modified_time":"2020-09-23T17:47:19+00:00","twitter_card":"summary_large_image","twitter_misc":{"Estimation du temps de lecture":"2 minutes"},"schema":{"@context":"https:\/\/schema.org","@graph":[{"@type":"WebPage","@id":"https:\/\/www.psi-polymersystems.com\/es\/about-us\/press-releases\/psi-polymer-systems-inc-completes-move-to-new-facility-conover-nc-june-8-2009\/","url":"https:\/\/www.psi-polymersystems.com\/es\/about-us\/press-releases\/psi-polymer-systems-inc-completes-move-to-new-facility-conover-nc-june-8-2009\/","name":"PSI-Polymer Systems, Inc. Completes Move To New Facility Conover, NC (June 8, 2009) - PSI-Polymer Systems","isPartOf":{"@id":"https:\/\/www.psi-polymersystems.com\/#website"},"datePublished":"2020-09-23T17:46:17+00:00","dateModified":"2020-09-23T17:47:19+00:00","breadcrumb":{"@id":"https:\/\/www.psi-polymersystems.com\/es\/about-us\/press-releases\/psi-polymer-systems-inc-completes-move-to-new-facility-conover-nc-june-8-2009\/#breadcrumb"},"inLanguage":"fr-CA","potentialAction":[{"@type":"ReadAction","target":["https:\/\/www.psi-polymersystems.com\/es\/about-us\/press-releases\/psi-polymer-systems-inc-completes-move-to-new-facility-conover-nc-june-8-2009\/"]}]},{"@type":"BreadcrumbList","@id":"https:\/\/www.psi-polymersystems.com\/es\/about-us\/press-releases\/psi-polymer-systems-inc-completes-move-to-new-facility-conover-nc-june-8-2009\/#breadcrumb","itemListElement":[{"@type":"ListItem","position":1,"name":"Home","item":"https:\/\/www.psi-polymersystems.com\/"},{"@type":"ListItem","position":2,"name":"About Us","item":"https:\/\/www.psi-polymersystems.com\/about-us\/"},{"@type":"ListItem","position":3,"name":"Press Releases","item":"https:\/\/www.psi-polymersystems.com\/about-us\/press-releases\/"},{"@type":"ListItem","position":4,"name":"PSI-Polymer Systems, Inc. Completes Move To New Facility Conover, NC (June 8, 2009)"}]},{"@type":"WebSite","@id":"https:\/\/www.psi-polymersystems.com\/#website","url":"https:\/\/www.psi-polymersystems.com\/","name":"PSI-Polymer Systems","description":"","publisher":{"@id":"https:\/\/www.psi-polymersystems.com\/#organization"},"potentialAction":[{"@type":"SearchAction","target":{"@type":"EntryPoint","urlTemplate":"https:\/\/www.psi-polymersystems.com\/?s={search_term_string}"},"query-input":{"@type":"PropertyValueSpecification","valueRequired":true,"valueName":"search_term_string"}}],"inLanguage":"fr-CA"},{"@type":"Organization","@id":"https:\/\/www.psi-polymersystems.com\/#organization","name":"PSI-Polymer Systems, Inc.","url":"https:\/\/www.psi-polymersystems.com\/","logo":{"@type":"ImageObject","inLanguage":"fr-CA","@id":"https:\/\/www.psi-polymersystems.com\/#\/schema\/logo\/image\/","url":"","contentUrl":"","caption":"PSI-Polymer Systems, Inc."},"image":{"@id":"https:\/\/www.psi-polymersystems.com\/#\/schema\/logo\/image\/"},"sameAs":["https:\/\/www.facebook.com\/psipolymersystems\/","https:\/\/www.linkedin.com\/showcase\/psi-polymer-systems"]}]}},"_links":{"self":[{"href":"https:\/\/www.psi-polymersystems.com\/fr_ca\/wp-json\/wp\/v2\/pages\/6088","targetHints":{"allow":["GET"]}}],"collection":[{"href":"https:\/\/www.psi-polymersystems.com\/fr_ca\/wp-json\/wp\/v2\/pages"}],"about":[{"href":"https:\/\/www.psi-polymersystems.com\/fr_ca\/wp-json\/wp\/v2\/types\/page"}],"author":[{"embeddable":true,"href":"https:\/\/www.psi-polymersystems.com\/fr_ca\/wp-json\/wp\/v2\/users\/2"}],"replies":[{"embeddable":true,"href":"https:\/\/www.psi-polymersystems.com\/fr_ca\/wp-json\/wp\/v2\/comments?post=6088"}],"version-history":[{"count":0,"href":"https:\/\/www.psi-polymersystems.com\/fr_ca\/wp-json\/wp\/v2\/pages\/6088\/revisions"}],"up":[{"embeddable":true,"href":"https:\/\/www.psi-polymersystems.com\/fr_ca\/wp-json\/wp\/v2\/pages\/5833"}],"wp:attachment":[{"href":"https:\/\/www.psi-polymersystems.com\/fr_ca\/wp-json\/wp\/v2\/media?parent=6088"}],"curies":[{"name":"wp","href":"https:\/\/api.w.org\/{rel}","templated":true}]}}