{"id":6093,"date":"2020-09-23T17:49:35","date_gmt":"2020-09-23T17:49:35","guid":{"rendered":"https:\/\/psi-polymersystems.com\/?page_id=6093"},"modified":"2020-09-23T17:52:35","modified_gmt":"2020-09-23T17:52:35","slug":"psi-polymer-systems-to-introduce-new-extrusion-products-at-npe-2006-hickory-nc-june-19-2006","status":"publish","type":"page","link":"https:\/\/www.psi-polymersystems.com\/fr_ca\/about-us\/press-releases\/psi-polymer-systems-to-introduce-new-extrusion-products-at-npe-2006-hickory-nc-june-19-2006\/","title":{"rendered":"PSI-Polymer Systems pr\u00e9sentera de nouveaux produits d&#039;extrusion \u00e0 NPE 2006 Hickory, NC (19 juin 2006)"},"content":{"rendered":"<div data-elementor-type=\"wp-page\" data-elementor-id=\"6093\" class=\"elementor elementor-6093\" data-elementor-post-type=\"page\">\n\t\t\t\t\t\t<section class=\"elementor-section elementor-top-section elementor-element elementor-element-8df1e26 elementor-section-boxed elementor-section-height-default elementor-section-height-default\" data-id=\"8df1e26\" data-element_type=\"section\" data-e-type=\"section\">\n\t\t\t\t\t\t<div class=\"elementor-container elementor-column-gap-default\">\n\t\t\t\t\t<div class=\"elementor-column elementor-col-50 elementor-top-column elementor-element elementor-element-2b1c0899\" data-id=\"2b1c0899\" data-element_type=\"column\" data-e-type=\"column\">\n\t\t\t<div class=\"elementor-widget-wrap elementor-element-populated\">\n\t\t\t\t\t\t<div class=\"elementor-element elementor-element-382748de elementor-widget elementor-widget-heading\" data-id=\"382748de\" data-element_type=\"widget\" data-e-type=\"widget\" data-widget_type=\"heading.default\">\n\t\t\t\t<div class=\"elementor-widget-container\">\n\t\t\t\t\t<h2 class=\"elementor-heading-title elementor-size-default\">PSI-Polymer Systems pr\u00e9sentera de nouveaux produits d&#039;extrusion \u00e0 NPE2006 Hickory, NC (19 juin 2006)<\/h2>\t\t\t\t<\/div>\n\t\t\t\t<\/div>\n\t\t\t\t<div class=\"elementor-element elementor-element-52d874e6 elementor-widget elementor-widget-text-editor\" data-id=\"52d874e6\" data-element_type=\"widget\" data-e-type=\"widget\" data-widget_type=\"text-editor.default\">\n\t\t\t\t<div class=\"elementor-widget-container\">\n\t\t\t\t\t\t\t\t\t<p>Au NPE 2006, PSI-Polymer Systems Inc. pr\u00e9sentera plusieurs nouveaux produits pour l&#039;industrie de l&#039;extrusion des plastiques. Ces produits comprennent :<\/p><ul><li>nouvelle gamme de pompes \u00e0 engrenages d&#039;extrusion (EGP-PVC) pour les mat\u00e9riaux difficiles<\/li><li>nouvelle gamme de pompes \u00e0 engrenages EGP de rechange pour la plupart des grandes marques<\/li><li>nouveaux changeurs de tamis hydrauliques \u00e0 plaques coulissantes de 6,5\u2033 et 10\u2033 (HSC)<\/li><\/ul><p>En outre, la soci\u00e9t\u00e9 a annonc\u00e9 l&#039;ajout d&#039;une installation de r\u00e9paration de pompes \u00e0 engrenages et de changeurs de tamis \u00e0 son si\u00e8ge social \u00e0 Hickory, en Caroline du Nord. Cette installation est d\u00e9di\u00e9e \u00e0 la r\u00e9paration de toutes les grandes marques de pompes \u00e0 engrenages et de changeurs de tamis. PSI a d\u00e9di\u00e9 une \u00e9quipe d&#039;employ\u00e9s au personnel de l&#039;installation et a pour objectif un d\u00e9lai de 24 heures sur tous les produits. Les pi\u00e8ces de rechange pour toutes les grandes marques sont en stock et disponibles pour une livraison imm\u00e9diate.<\/p><p><span style=\"text-decoration: underline;\">Pompes \u00e0 engrenages EGP pour mat\u00e9riaux difficiles<\/span><\/p><p>PSI-Polymer Systems Inc. a introduit une gamme de pompes \u00e0 engrenages d&#039;extrusion con\u00e7ues pour \u00eatre utilis\u00e9es avec des mat\u00e9riaux difficiles, notamment la mousse, le PVC et les r\u00e9sines hautement charg\u00e9es.<\/p><p>La s\u00e9rie de pompes \u00e0 engrenages EGP-Foam est sp\u00e9cialement con\u00e7ue pour le traitement du polystyr\u00e8ne expans\u00e9, du poly\u00e9thyl\u00e8ne, du polypropyl\u00e8ne et des mousses biod\u00e9gradables. Les joints sp\u00e9cialement con\u00e7us par PSI \u00e9liminent les fuites en utilisant une longueur \u00e9tendue, un pas de filetage sp\u00e9cial et un refroidissement progressif du polym\u00e8re fondu. Le mat\u00e9riau de joint anti-grippage des pompes EGP permet \u00e9galement une meilleure dissipation de la chaleur, par rapport aux pompes avec des joints en acier au carbone et en acier inoxydable. Cette conception \u00e9limine les fuites avec tous les types d&#039;agents gonflants, y compris les gaz inertes.<\/p><p>La s\u00e9rie de pompes \u00e0 engrenages EGP \u2013 PVC est sp\u00e9cialement con\u00e7ue pour le traitement des polym\u00e8res thermosensibles o\u00f9 le temps de s\u00e9jour et la distribution sont critiques. La s\u00e9rie EGP \u2013 PVC utilise un bo\u00eetier enti\u00e8rement chemis\u00e9 pour un meilleur contr\u00f4le de la temp\u00e9rature, \u00e9liminant tout point chaud potentiel qui pourrait initier une d\u00e9gradation. La m\u00e9tallurgie non corrosive en plus des passages d&#039;\u00e9coulement hautement polis sont con\u00e7us pour minimiser le temps de s\u00e9jour, la d\u00e9gradation du mat\u00e9riau et \u00e9liminer toute possibilit\u00e9 d&#039;accrochage du mat\u00e9riau. Des orifices de purge r\u00e9glables sont fournis pour permettre le portage du polym\u00e8re utilis\u00e9 pour lubrifier les roulements vers l&#039;ext\u00e9rieur de la pompe. Cette conception permet le traitement de nombreux polym\u00e8res thermiquement d\u00e9gradables qui ne peuvent pas \u00eatre trait\u00e9s dans les pompes \u00e0 engrenages conventionnelles.<\/p><p><span style=\"text-decoration: underline;\">Lancement de la nouvelle gamme de pompes \u00e0 engrenages de rechange EGP<\/span><\/p><p>PSI a \u00e9galement introduit une nouvelle gamme de pompes \u00e0 engrenages d&#039;extrusion con\u00e7ues pour remplacer directement la plupart des pompes concurrentes. De plus, ces pompes peuvent \u00eatre con\u00e7ues pour permettre des d\u00e9bits jusqu&#039;\u00e0 60% sup\u00e9rieurs \u00e0 ceux de la pompe \u00e0 engrenages d&#039;origine. PSI utilise \u00e9galement des joints sp\u00e9cialement con\u00e7us pour \u00e9liminer les fuites en utilisant une longueur \u00e9tendue et un pas de filetage sp\u00e9cial. Le mat\u00e9riau d&#039;\u00e9tanch\u00e9it\u00e9 anti-grippage des pompes EGP permet \u00e9galement de r\u00e9duire le jeu entre l&#039;arbre d&#039;engrenage et le diam\u00e8tre int\u00e9rieur du joint, par rapport aux pompes \u00e9quip\u00e9es de joints en acier au carbone et en acier inoxydable.<\/p><p>a gamme de pompes \u00e0 engrenages EGP offre \u00e9galement une conception compacte et un encombrement r\u00e9duit par rapport aux pompes concurrentes. Les engrenages en acier \u00e0 outils tremp\u00e9 \u00e0 c\u0153ur et les roulements nitrur\u00e9s de PSI permettent un transfert de couple \u00e9lev\u00e9 et une longue dur\u00e9e de vie.<\/p><p>Les pi\u00e8ces internes des pompes \u00e0 engrenages de la s\u00e9rie EGP sont interchangeables avec la plupart des pompes concurrentes et l&#039;empreinte peut \u00eatre r\u00e9alis\u00e9e comme une chute directe dans les pompes concurrentes. Dans de nombreux cas, les pompes EGP peuvent permettre des d\u00e9bits de sortie accrus allant jusqu&#039;\u00e0 60%, par rapport aux pompes de certains concurrents ayant la m\u00eame empreinte.<\/p><p>Cette nouvelle conception de pompe \u00e0 engrenages permet aux transformateurs d&#039;augmenter consid\u00e9rablement le d\u00e9bit d&#039;extrusion l\u00e0 o\u00f9 la pompe \u00e0 engrenages est le facteur limitant, et sans avoir \u00e0 changer d&#039;outillage ou \u00e0 ajouter de l&#039;espace \u00e0 la ligne d&#039;extrusion.<\/p><p><span style=\"text-decoration: underline;\">Nouveaux changeurs de tamis hydrauliques HSC ajout\u00e9s \u00e0 la gamme de produits<\/span><\/p><p>PSI a introduit deux nouveaux changeurs de tamis hydrauliques dans sa gamme HSC. L&#039;ajout des changeurs de tamis mod\u00e8le HSC-65 (165 mm) et mod\u00e8le HSC-100 (254 mm) permet aux utilisateurs d&#039;extrudeuses de 6,5\u2033 (165 mm) et 10\u2033 (254 mm) de maximiser les performances de filtration de leurs lignes d&#039;extrusion tout en prenant avantage de la capacit\u00e9 de passage des vis.<\/p><p>Auparavant, les utilisateurs d&#039;extrudeuses de 6,5\u2033 (165 mm) \u00e9taient oblig\u00e9s d&#039;utiliser un changeur d&#039;\u00e9cran sous-dimensionn\u00e9 de six (6) pouces, sans possibilit\u00e9 de passage de vis, ou d&#039;utiliser un mod\u00e8le surdimensionn\u00e9 de huit (8) pouces avec un temps de s\u00e9jour prolong\u00e9 du polym\u00e8re et plus encore. stock de mat\u00e9riaux, ce qui entra\u00eene des temps de changement de produit et de couleur plus longs. Le mod\u00e8le HSC-65 permet le passage des vis et une zone de filtration de masse fondue ad\u00e9quate, tout en minimisant le temps de changement de produit et de couleur.<\/p><p>Le mod\u00e8le HSC-100 est actuellement le plus grand changeur de crible hydraulique de PSI. Con\u00e7u pour les extrudeuses de 10\u2033 (254 mm), il peut g\u00e9rer une sortie d&#039;extrudeuse de 3 000 \u00e0 10 000 lb\/h et dispose d&#039;un grand diam\u00e8tre de tamis de 10 1\/8\u2033.<\/p><p>Les changeurs de tamis hydrauliques PSI mod\u00e8le HSC sont \u00e9galement \u00e9quip\u00e9s d&#039;un joint m\u00e9tallique \u00ab \u00e0 vie \u00bb en attente de brevet unique qui r\u00e9siste aux temp\u00e9ratures \u00e9lev\u00e9es et ne n\u00e9cessite jamais de remplacement ou de r\u00e9glage. Le joint unique permet un traitement sans fuite et utilise une conception simplifi\u00e9e qui \u00e9limine l&#039;accrochage du produit et de la couleur.<\/p>\t\t\t\t\t\t\t\t<\/div>\n\t\t\t\t<\/div>\n\t\t\t\t\t<\/div>\n\t\t<\/div>\n\t\t\t\t<div class=\"elementor-column elementor-col-50 elementor-top-column elementor-element elementor-element-16ec0790\" data-id=\"16ec0790\" data-element_type=\"column\" data-e-type=\"column\">\n\t\t\t<div class=\"elementor-widget-wrap\">\n\t\t\t\t\t\t\t<\/div>\n\t\t<\/div>\n\t\t\t\t\t<\/div>\n\t\t<\/section>\n\t\t\t\t<\/div>","protected":false},"excerpt":{"rendered":"<p>PSI-Polymer Systems pr\u00e9sentera de nouveaux produits d&#039;extrusion au NPE2006 Hickory, Caroline du Nord (19 juin 2006) Au NPE 2006, PSI-Polymer Systems Inc. pr\u00e9sentera plusieurs nouveaux produits pour l&#039;industrie de l&#039;extrusion des plastiques. Ces produits comprennent\u00a0: une nouvelle gamme de pompes \u00e0 engrenages d&#039;extrusion (EGP-PVC) pour les mat\u00e9riaux difficiles une nouvelle gamme de pompes \u00e0 engrenages EGP de remplacement pour la plupart des grandes marques [\u2026]<\/p>","protected":false},"author":2,"featured_media":0,"parent":5833,"menu_order":0,"comment_status":"closed","ping_status":"closed","template":"","meta":{"_monsterinsights_skip_tracking":false,"_monsterinsights_sitenote_active":false,"_monsterinsights_sitenote_note":"","_monsterinsights_sitenote_category":0,"footnotes":""},"class_list":["post-6093","page","type-page","status-publish","hentry"],"yoast_head":"<!-- This site is optimized with the Yoast SEO Premium plugin v25.0 (Yoast SEO v25.0) - https:\/\/yoast.com\/wordpress\/plugins\/seo\/ -->\n<title>PSI-Polymer Systems To Introduce New Extrusion Products at NPE 2006 Hickory, NC (June 19, 2006) - PSI-Polymer Systems<\/title>\n<meta name=\"robots\" content=\"index, follow, max-snippet:-1, max-image-preview:large, max-video-preview:-1\" \/>\n<link rel=\"canonical\" href=\"https:\/\/www.psi-polymersystems.com\/fr_ca\/about-us\/press-releases\/psi-polymer-systems-to-introduce-new-extrusion-products-at-npe-2006-hickory-nc-june-19-2006\/\" \/>\n<meta property=\"og:locale\" content=\"fr_CA\" \/>\n<meta property=\"og:type\" content=\"article\" \/>\n<meta property=\"og:title\" content=\"PSI-Polymer Systems To Introduce New Extrusion Products at NPE 2006 Hickory, NC (June 19, 2006)\" \/>\n<meta property=\"og:description\" content=\"PSI-Polymer Systems To Introduce New Extrusion Products at NPE2006 Hickory, NC (June 19, 2006) At NPE 2006, PSI-Polymer Systems Inc. will introduce\" \/>\n<meta property=\"og:url\" content=\"https:\/\/www.psi-polymersystems.com\/fr_ca\/about-us\/press-releases\/psi-polymer-systems-to-introduce-new-extrusion-products-at-npe-2006-hickory-nc-june-19-2006\/\" \/>\n<meta property=\"og:site_name\" content=\"PSI-Polymer Systems\" \/>\n<meta property=\"article:publisher\" content=\"https:\/\/www.facebook.com\/psipolymersystems\/\" \/>\n<meta property=\"article:modified_time\" content=\"2020-09-23T17:52:35+00:00\" \/>\n<meta name=\"twitter:card\" content=\"summary_large_image\" \/>\n<meta name=\"twitter:label1\" content=\"Estimation du temps de lecture\" \/>\n\t<meta name=\"twitter:data1\" content=\"4 minutes\" \/>\n<script type=\"application\/ld+json\" class=\"yoast-schema-graph\">{\"@context\":\"https:\/\/schema.org\",\"@graph\":[{\"@type\":\"WebPage\",\"@id\":\"https:\/\/www.psi-polymersystems.com\/about-us\/press-releases\/psi-polymer-systems-to-introduce-new-extrusion-products-at-npe-2006-hickory-nc-june-19-2006\/\",\"url\":\"https:\/\/www.psi-polymersystems.com\/about-us\/press-releases\/psi-polymer-systems-to-introduce-new-extrusion-products-at-npe-2006-hickory-nc-june-19-2006\/\",\"name\":\"PSI-Polymer Systems To Introduce New Extrusion Products at NPE 2006 Hickory, NC (June 19, 2006) - PSI-Polymer Systems\",\"isPartOf\":{\"@id\":\"https:\/\/www.psi-polymersystems.com\/#website\"},\"datePublished\":\"2020-09-23T17:49:35+00:00\",\"dateModified\":\"2020-09-23T17:52:35+00:00\",\"breadcrumb\":{\"@id\":\"https:\/\/www.psi-polymersystems.com\/about-us\/press-releases\/psi-polymer-systems-to-introduce-new-extrusion-products-at-npe-2006-hickory-nc-june-19-2006\/#breadcrumb\"},\"inLanguage\":\"fr-CA\",\"potentialAction\":[{\"@type\":\"ReadAction\",\"target\":[\"https:\/\/www.psi-polymersystems.com\/about-us\/press-releases\/psi-polymer-systems-to-introduce-new-extrusion-products-at-npe-2006-hickory-nc-june-19-2006\/\"]}]},{\"@type\":\"BreadcrumbList\",\"@id\":\"https:\/\/www.psi-polymersystems.com\/about-us\/press-releases\/psi-polymer-systems-to-introduce-new-extrusion-products-at-npe-2006-hickory-nc-june-19-2006\/#breadcrumb\",\"itemListElement\":[{\"@type\":\"ListItem\",\"position\":1,\"name\":\"Home\",\"item\":\"https:\/\/www.psi-polymersystems.com\/\"},{\"@type\":\"ListItem\",\"position\":2,\"name\":\"About Us\",\"item\":\"https:\/\/www.psi-polymersystems.com\/about-us\/\"},{\"@type\":\"ListItem\",\"position\":3,\"name\":\"Press Releases\",\"item\":\"https:\/\/www.psi-polymersystems.com\/about-us\/press-releases\/\"},{\"@type\":\"ListItem\",\"position\":4,\"name\":\"PSI-Polymer Systems To Introduce New Extrusion Products at NPE 2006 Hickory, NC (June 19, 2006)\"}]},{\"@type\":\"WebSite\",\"@id\":\"https:\/\/www.psi-polymersystems.com\/#website\",\"url\":\"https:\/\/www.psi-polymersystems.com\/\",\"name\":\"PSI-Polymer Systems\",\"description\":\"\",\"publisher\":{\"@id\":\"https:\/\/www.psi-polymersystems.com\/#organization\"},\"potentialAction\":[{\"@type\":\"SearchAction\",\"target\":{\"@type\":\"EntryPoint\",\"urlTemplate\":\"https:\/\/www.psi-polymersystems.com\/?s={search_term_string}\"},\"query-input\":{\"@type\":\"PropertyValueSpecification\",\"valueRequired\":true,\"valueName\":\"search_term_string\"}}],\"inLanguage\":\"fr-CA\"},{\"@type\":\"Organization\",\"@id\":\"https:\/\/www.psi-polymersystems.com\/#organization\",\"name\":\"PSI-Polymer Systems, Inc.\",\"url\":\"https:\/\/www.psi-polymersystems.com\/\",\"logo\":{\"@type\":\"ImageObject\",\"inLanguage\":\"fr-CA\",\"@id\":\"https:\/\/www.psi-polymersystems.com\/#\/schema\/logo\/image\/\",\"url\":\"\",\"contentUrl\":\"\",\"caption\":\"PSI-Polymer Systems, Inc.\"},\"image\":{\"@id\":\"https:\/\/www.psi-polymersystems.com\/#\/schema\/logo\/image\/\"},\"sameAs\":[\"https:\/\/www.facebook.com\/psipolymersystems\/\",\"https:\/\/www.linkedin.com\/showcase\/psi-polymer-systems\"]}]}<\/script>\n<!-- \/ Yoast SEO Premium plugin. -->","yoast_head_json":{"title":"PSI-Polymer Systems To Introduce New Extrusion Products at NPE 2006 Hickory, NC (June 19, 2006) - PSI-Polymer Systems","robots":{"index":"index","follow":"follow","max-snippet":"max-snippet:-1","max-image-preview":"max-image-preview:large","max-video-preview":"max-video-preview:-1"},"canonical":"https:\/\/www.psi-polymersystems.com\/fr_ca\/about-us\/press-releases\/psi-polymer-systems-to-introduce-new-extrusion-products-at-npe-2006-hickory-nc-june-19-2006\/","og_locale":"fr_CA","og_type":"article","og_title":"PSI-Polymer Systems To Introduce New Extrusion Products at NPE 2006 Hickory, NC (June 19, 2006)","og_description":"PSI-Polymer Systems To Introduce New Extrusion Products at NPE2006 Hickory, NC (June 19, 2006) At NPE 2006, PSI-Polymer Systems Inc. will introduce","og_url":"https:\/\/www.psi-polymersystems.com\/fr_ca\/about-us\/press-releases\/psi-polymer-systems-to-introduce-new-extrusion-products-at-npe-2006-hickory-nc-june-19-2006\/","og_site_name":"PSI-Polymer Systems","article_publisher":"https:\/\/www.facebook.com\/psipolymersystems\/","article_modified_time":"2020-09-23T17:52:35+00:00","twitter_card":"summary_large_image","twitter_misc":{"Estimation du temps de lecture":"4 minutes"},"schema":{"@context":"https:\/\/schema.org","@graph":[{"@type":"WebPage","@id":"https:\/\/www.psi-polymersystems.com\/about-us\/press-releases\/psi-polymer-systems-to-introduce-new-extrusion-products-at-npe-2006-hickory-nc-june-19-2006\/","url":"https:\/\/www.psi-polymersystems.com\/about-us\/press-releases\/psi-polymer-systems-to-introduce-new-extrusion-products-at-npe-2006-hickory-nc-june-19-2006\/","name":"PSI-Polymer Systems To Introduce New Extrusion Products at NPE 2006 Hickory, NC (June 19, 2006) - PSI-Polymer Systems","isPartOf":{"@id":"https:\/\/www.psi-polymersystems.com\/#website"},"datePublished":"2020-09-23T17:49:35+00:00","dateModified":"2020-09-23T17:52:35+00:00","breadcrumb":{"@id":"https:\/\/www.psi-polymersystems.com\/about-us\/press-releases\/psi-polymer-systems-to-introduce-new-extrusion-products-at-npe-2006-hickory-nc-june-19-2006\/#breadcrumb"},"inLanguage":"fr-CA","potentialAction":[{"@type":"ReadAction","target":["https:\/\/www.psi-polymersystems.com\/about-us\/press-releases\/psi-polymer-systems-to-introduce-new-extrusion-products-at-npe-2006-hickory-nc-june-19-2006\/"]}]},{"@type":"BreadcrumbList","@id":"https:\/\/www.psi-polymersystems.com\/about-us\/press-releases\/psi-polymer-systems-to-introduce-new-extrusion-products-at-npe-2006-hickory-nc-june-19-2006\/#breadcrumb","itemListElement":[{"@type":"ListItem","position":1,"name":"Home","item":"https:\/\/www.psi-polymersystems.com\/"},{"@type":"ListItem","position":2,"name":"About Us","item":"https:\/\/www.psi-polymersystems.com\/about-us\/"},{"@type":"ListItem","position":3,"name":"Press Releases","item":"https:\/\/www.psi-polymersystems.com\/about-us\/press-releases\/"},{"@type":"ListItem","position":4,"name":"PSI-Polymer Systems To Introduce New Extrusion Products at NPE 2006 Hickory, NC (June 19, 2006)"}]},{"@type":"WebSite","@id":"https:\/\/www.psi-polymersystems.com\/#website","url":"https:\/\/www.psi-polymersystems.com\/","name":"PSI-Polymer Systems","description":"","publisher":{"@id":"https:\/\/www.psi-polymersystems.com\/#organization"},"potentialAction":[{"@type":"SearchAction","target":{"@type":"EntryPoint","urlTemplate":"https:\/\/www.psi-polymersystems.com\/?s={search_term_string}"},"query-input":{"@type":"PropertyValueSpecification","valueRequired":true,"valueName":"search_term_string"}}],"inLanguage":"fr-CA"},{"@type":"Organization","@id":"https:\/\/www.psi-polymersystems.com\/#organization","name":"PSI-Polymer Systems, Inc.","url":"https:\/\/www.psi-polymersystems.com\/","logo":{"@type":"ImageObject","inLanguage":"fr-CA","@id":"https:\/\/www.psi-polymersystems.com\/#\/schema\/logo\/image\/","url":"","contentUrl":"","caption":"PSI-Polymer Systems, Inc."},"image":{"@id":"https:\/\/www.psi-polymersystems.com\/#\/schema\/logo\/image\/"},"sameAs":["https:\/\/www.facebook.com\/psipolymersystems\/","https:\/\/www.linkedin.com\/showcase\/psi-polymer-systems"]}]}},"_links":{"self":[{"href":"https:\/\/www.psi-polymersystems.com\/fr_ca\/wp-json\/wp\/v2\/pages\/6093","targetHints":{"allow":["GET"]}}],"collection":[{"href":"https:\/\/www.psi-polymersystems.com\/fr_ca\/wp-json\/wp\/v2\/pages"}],"about":[{"href":"https:\/\/www.psi-polymersystems.com\/fr_ca\/wp-json\/wp\/v2\/types\/page"}],"author":[{"embeddable":true,"href":"https:\/\/www.psi-polymersystems.com\/fr_ca\/wp-json\/wp\/v2\/users\/2"}],"replies":[{"embeddable":true,"href":"https:\/\/www.psi-polymersystems.com\/fr_ca\/wp-json\/wp\/v2\/comments?post=6093"}],"version-history":[{"count":0,"href":"https:\/\/www.psi-polymersystems.com\/fr_ca\/wp-json\/wp\/v2\/pages\/6093\/revisions"}],"up":[{"embeddable":true,"href":"https:\/\/www.psi-polymersystems.com\/fr_ca\/wp-json\/wp\/v2\/pages\/5833"}],"wp:attachment":[{"href":"https:\/\/www.psi-polymersystems.com\/fr_ca\/wp-json\/wp\/v2\/media?parent=6093"}],"curies":[{"name":"wp","href":"https:\/\/api.w.org\/{rel}","templated":true}]}}