{"id":6456,"date":"2020-10-07T18:35:54","date_gmt":"2020-10-07T18:35:54","guid":{"rendered":"https:\/\/psi-polymersystems.com\/?page_id=6456"},"modified":"2023-05-01T15:38:45","modified_gmt":"2023-05-01T15:38:45","slug":"orientation-drawings","status":"publish","type":"page","link":"https:\/\/www.psi-polymersystems.com\/fr_ca\/orientation-drawings\/","title":{"rendered":"Dessins d&#039;orientation"},"content":{"rendered":"<div data-elementor-type=\"wp-page\" data-elementor-id=\"6456\" class=\"elementor elementor-6456\" data-elementor-post-type=\"page\">\n\t\t\t\t\t\t<section class=\"elementor-section elementor-top-section elementor-element elementor-element-6d791e48 elementor-section-boxed elementor-section-height-default elementor-section-height-default\" data-id=\"6d791e48\" data-element_type=\"section\" data-e-type=\"section\">\n\t\t\t\t\t\t<div class=\"elementor-container elementor-column-gap-default\">\n\t\t\t\t\t<div class=\"elementor-column elementor-col-50 elementor-top-column elementor-element elementor-element-2b8c6c05\" data-id=\"2b8c6c05\" data-element_type=\"column\" data-e-type=\"column\">\n\t\t\t<div class=\"elementor-widget-wrap elementor-element-populated\">\n\t\t\t\t\t\t<div class=\"elementor-element elementor-element-89ccf3a elementor-view-default elementor-widget elementor-widget-icon\" data-id=\"89ccf3a\" data-element_type=\"widget\" data-e-type=\"widget\" data-widget_type=\"icon.default\">\n\t\t\t\t<div class=\"elementor-widget-container\">\n\t\t\t\t\t\t\t<div class=\"elementor-icon-wrapper\">\n\t\t\t<div class=\"elementor-icon\">\n\t\t\t<i aria-hidden=\"true\" class=\"icon icon-download\"><\/i>\t\t\t<\/div>\n\t\t<\/div>\n\t\t\t\t\t\t<\/div>\n\t\t\t\t<\/div>\n\t\t\t\t\t<\/div>\n\t\t<\/div>\n\t\t\t\t<div class=\"elementor-column elementor-col-50 elementor-top-column elementor-element elementor-element-23e5fc5a\" data-id=\"23e5fc5a\" data-element_type=\"column\" data-e-type=\"column\">\n\t\t\t<div class=\"elementor-widget-wrap elementor-element-populated\">\n\t\t\t\t\t\t<div class=\"elementor-element elementor-element-463c82ed elementor-widget elementor-widget-heading\" data-id=\"463c82ed\" data-element_type=\"widget\" data-e-type=\"widget\" data-widget_type=\"heading.default\">\n\t\t\t\t<div class=\"elementor-widget-container\">\n\t\t\t\t\t<h2 class=\"elementor-heading-title elementor-size-default\">T\u00e9l\u00e9charger les sch\u00e9mas d&#039;orientation de la machine\/d&#039;adaptateur<\/h2>\t\t\t\t<\/div>\n\t\t\t\t<\/div>\n\t\t\t\t\t<\/div>\n\t\t<\/div>\n\t\t\t\t\t<\/div>\n\t\t<\/section>\n\t\t\t\t<section class=\"elementor-section elementor-top-section elementor-element elementor-element-16596f7f elementor-section-boxed elementor-section-height-default elementor-section-height-default\" data-id=\"16596f7f\" data-element_type=\"section\" data-e-type=\"section\">\n\t\t\t\t\t\t<div class=\"elementor-container elementor-column-gap-default\">\n\t\t\t\t\t<div class=\"elementor-column elementor-col-50 elementor-top-column elementor-element elementor-element-17fc5399\" data-id=\"17fc5399\" data-element_type=\"column\" data-e-type=\"column\">\n\t\t\t<div class=\"elementor-widget-wrap elementor-element-populated\">\n\t\t\t\t\t\t<div class=\"elementor-element elementor-element-68581844 elementor-widget elementor-widget-text-editor\" data-id=\"68581844\" data-element_type=\"widget\" data-e-type=\"widget\" data-widget_type=\"text-editor.default\">\n\t\t\t\t<div class=\"elementor-widget-container\">\n\t\t\t\t\t\t\t\t\t<h4><span style=\"color: #3366ff;\">Dessins d&#039;orientation de ligne de machine<\/span><\/h4><h4 style=\"padding-left: 40px;\"><span style=\"color: #808080;\">Pompes \u00e0 engrenages<\/span><\/h4><p style=\"padding-left: 80px;\"><span style=\"color: #808080;\"><em>Choisissez d&#039;abord<\/em>:\u00a0<span style=\"text-decoration: underline;\"><a style=\"color: #808080; text-decoration: underline;\" href=\"https:\/\/psi-polymersystems.com\/wp-content\/uploads\/2021\/12\/Gear-Pump-General-Layout-Options.pdf\" rel=\"noopener\" data-lf-fd-inspected-laxoeakgomvaoygd=\"true\">Positions de mise en page g\u00e9n\u00e9rales<\/a>\u00a0<\/span><\/span><\/p><p style=\"padding-left: 80px;\"><span style=\"color: #808080;\"><em>Ensuite, choisissez parmi les suivants<\/em>:<\/span><\/p><ul><li style=\"list-style-type: none;\"><ul><li style=\"list-style-type: none;\"><ul><li style=\"list-style-type: none;\"><ul><li style=\"list-style-type: none;\"><ul><li><span style=\"text-decoration: underline;\"><span style=\"color: #808080; text-decoration: underline;\"><a style=\"color: #808080; text-decoration: underline;\" href=\"\/wp-content\/uploads\/2020\/08\/Gear-Pump-Inline-Gearmotor-Orientation.pdf\" rel=\"noopener\" data-lf-fd-inspected-laxoeakgomvaoygd=\"true\">Positions du motor\u00e9ducteur en ligne<\/a><\/span><\/span><\/li><li><span style=\"text-decoration: underline;\"><span style=\"color: #808080; text-decoration: underline;\"><a style=\"color: #808080; text-decoration: underline;\" href=\"\/wp-content\/uploads\/2020\/08\/Gear-Pump-Right-Angle-Gearmotor-Orientation.pdf\" rel=\"noopener\" data-lf-fd-inspected-laxoeakgomvaoygd=\"true\">Positions du motor\u00e9ducteur \u00e0 angle droit<\/a><\/span><\/span><\/li><li><span style=\"text-decoration: underline;\"><span style=\"color: #808080; text-decoration: underline;\"><a style=\"color: #808080; text-decoration: underline;\" href=\"\/wp-content\/uploads\/2020\/08\/Gear-Pump-Shaft-Up-Gearmotor-Orientation.pdf\" rel=\"noopener\" data-lf-fd-inspected-laxoeakgomvaoygd=\"true\">Positions du moteur \u00e0 engrenage vers le haut<\/a><\/span><\/span><\/li><li><span style=\"text-decoration: underline;\"><span style=\"color: #808080; text-decoration: underline;\"><a style=\"color: #808080; text-decoration: underline;\" href=\"\/wp-content\/uploads\/2020\/08\/Gear-Pump-Shaft-Down-Gearmotor-Orientation.pdf\" rel=\"noopener\" data-lf-fd-inspected-laxoeakgomvaoygd=\"true\">Positions du motor\u00e9ducteur \u00e0 arbre descendant<\/a><\/span><\/span><\/li><li><a href=\"https:\/\/psi-polymersystems.com\/wp-content\/uploads\/2022\/05\/Pump-Rotation-Looking-at-Inlet.pdf\" data-lf-fd-inspected-laxoeakgomvaoygd=\"true\"><span style=\"text-decoration: underline;\"><span style=\"color: #808080; text-decoration: underline;\">Comment d\u00e9terminer la rotation de la pompe<\/span><\/span><\/a><\/li><\/ul><\/li><\/ul><\/li><\/ul><\/li><\/ul><\/li><\/ul><h4 style=\"padding-left: 40px;\"><span style=\"color: #808080;\">Changeurs d&#039;\u00e9cran<\/span><\/h4><p style=\"padding-left: 80px;\"><span style=\"text-decoration: underline;\"><span style=\"color: #808080; text-decoration: underline;\"><a style=\"color: #808080; text-decoration: underline;\" href=\"\/wp-content\/uploads\/2020\/08\/CSCBF-Backflush-Orientations.pdf\" rel=\"noopener\" data-lf-fd-inspected-laxoeakgomvaoygd=\"true\">CSC-BF - Positions de post-consommation<\/a><\/span><\/span><\/p><p style=\"padding-left: 80px;\"><span style=\"text-decoration: underline;\"><span style=\"color: #808080; text-decoration: underline;\"><a style=\"color: #808080; text-decoration: underline;\" href=\"\/wp-content\/uploads\/2020\/08\/CSC-Continuous-Orientations.pdf\" rel=\"noopener\" data-lf-fd-inspected-laxoeakgomvaoygd=\"true\">SCC \u2013 Postes continus<\/a><\/span><\/span><\/p><p style=\"padding-left: 80px;\"><span style=\"text-decoration: underline;\"><span style=\"color: #808080; text-decoration: underline;\"><a style=\"color: #808080; text-decoration: underline;\" href=\"\/wp-content\/uploads\/2020\/08\/DSC-Discontinuous-Orientations.pdf\" rel=\"noopener\" data-lf-fd-inspected-laxoeakgomvaoygd=\"true\">DSC \u2013 Positions discontinues<\/a><\/span><\/span><\/p><p style=\"padding-left: 80px;\"><span style=\"text-decoration: underline;\"><span style=\"color: #808080; text-decoration: underline;\"><a style=\"color: #808080; text-decoration: underline;\" href=\"\/wp-content\/uploads\/2020\/08\/HSC-Hydraulic-Slide-Plate-Orientations.pdf\" rel=\"noopener\" data-lf-fd-inspected-laxoeakgomvaoygd=\"true\">HSC - Positions des plaques coulissantes hydrauliques<\/a><\/span><\/span><\/p><p style=\"padding-left: 80px;\"><span style=\"text-decoration: underline;\"><span style=\"color: #808080;\"><a style=\"color: #808080; text-decoration: underline;\" href=\"https:\/\/psi-polymersystems.com\/wp-content\/uploads\/2022\/10\/MSC-MOUNTING-AND-INTERFACE.pdf\" data-lf-fd-inspected-laxoeakgomvaoygd=\"true\">MSC - Connexions U\/S du changeur d&#039;\u00e9cran manuel<\/a><\/span><\/span><\/p><h4><span style=\"color: #3366ff;\">Ebauches de dessin d&#039;adaptateur (\u00e0 remplir par le client)<\/span><\/h4><ul><li style=\"list-style-type: none;\"><ul><li style=\"list-style-type: none;\"><ul><li style=\"list-style-type: none;\"><ul><li><span style=\"text-decoration: underline;\"><a href=\"https:\/\/psi-polymersystems.com\/wp-content\/uploads\/2023\/05\/Extruder-Flange-Die-Face-fill-in-the-blank.pdf\" data-lf-fd-inspected-laxoeakgomvaoygd=\"true\"><span style=\"color: #808080; text-decoration: underline;\">Remplissage de la bride de l&#039;extrudeuse ou de la dimension DieFace<\/span><\/a><\/span><\/li><li><span style=\"text-decoration: underline;\"><a href=\"https:\/\/psi-polymersystems.com\/wp-content\/uploads\/2023\/05\/Spool-Adaptor-fill-in-the-blank.pdf\"><span style=\"color: #808080; text-decoration: underline;\">Remplissage des dimensions de l&#039;adaptateur de bobine<\/span><\/a><\/span><\/li><li><a href=\"https:\/\/psi-polymersystems.com\/wp-content\/uploads\/2023\/05\/C-clamp-fill-in-the-blank.pdf\"><span style=\"color: #808080;\"><span style=\"text-decoration: underline;\">Remplissage des dimensions de l&#039;adaptateur C-Clamp<\/span><\/span><\/a><\/li><li><span style=\"text-decoration: underline;\"><a href=\"https:\/\/psi-polymersystems.com\/wp-content\/uploads\/2023\/05\/Round-8-0-Adaptor-fill-in-the-blank.pdf\"><span style=\"color: #808080; text-decoration: underline;\">Adaptateur \u00e0 double vis 8-0<\/span><\/a><\/span><\/li><\/ul><\/li><\/ul><\/li><\/ul><\/li><\/ul>\t\t\t\t\t\t\t\t<\/div>\n\t\t\t\t<\/div>\n\t\t\t\t\t<\/div>\n\t\t<\/div>\n\t\t\t\t<div class=\"elementor-column elementor-col-50 elementor-top-column elementor-element elementor-element-ce000e3\" data-id=\"ce000e3\" data-element_type=\"column\" data-e-type=\"column\">\n\t\t\t<div class=\"elementor-widget-wrap\">\n\t\t\t\t\t\t\t<\/div>\n\t\t<\/div>\n\t\t\t\t\t<\/div>\n\t\t<\/section>\n\t\t\t\t<\/div>","protected":false},"excerpt":{"rendered":"<p>T\u00e9l\u00e9chargez les dessins d&#039;orientation de la machine \/ d&#039;adaptateur Dessins d&#039;orientation de la ligne de machine Pompes \u00e0 engrenages Choisissez d&#039;abord : Positions de disposition g\u00e9n\u00e9rale Choisissez ensuite parmi les \u00e9l\u00e9ments suivants : Positions du motor\u00e9ducteur en ligne Positions du motor\u00e9ducteur \u00e0 angle droit Positions du motor\u00e9ducteur avec arbre vers le haut Positions du motor\u00e9ducteur avec arbre vers le bas Comment d\u00e9terminer la rotation de la pompe Changeurs d&#039;\u00e9cran CSC-BF \u2013 Postes post-flush CSC \u2013 Postes continus DSC \u2013 Postes discontinus [\u2026]<\/p>","protected":false},"author":2,"featured_media":0,"parent":0,"menu_order":0,"comment_status":"closed","ping_status":"closed","template":"","meta":{"_monsterinsights_skip_tracking":false,"_monsterinsights_sitenote_active":false,"_monsterinsights_sitenote_note":"","_monsterinsights_sitenote_category":0,"footnotes":""},"class_list":["post-6456","page","type-page","status-publish","hentry"],"yoast_head":"<!-- This site is optimized with the Yoast SEO Premium plugin v25.0 (Yoast SEO v25.0) - https:\/\/yoast.com\/wordpress\/plugins\/seo\/ -->\n<title>Orientation Drawings - PSI-Polymer Systems<\/title>\n<meta name=\"robots\" content=\"index, follow, max-snippet:-1, max-image-preview:large, max-video-preview:-1\" \/>\n<link rel=\"canonical\" href=\"https:\/\/www.psi-polymersystems.com\/fr_ca\/orientation-drawings\/\" \/>\n<meta property=\"og:locale\" content=\"fr_CA\" \/>\n<meta property=\"og:type\" content=\"article\" \/>\n<meta property=\"og:title\" content=\"Orientation Drawings\" \/>\n<meta property=\"og:description\" content=\"Download Machine Orientation \/ Adaptor Drawings Machine Line Orientation DrawingsGear PumpsFirst Choose:\u00a0General Layout Positions\u00a0Then choose from the\" \/>\n<meta property=\"og:url\" content=\"https:\/\/www.psi-polymersystems.com\/fr_ca\/orientation-drawings\/\" \/>\n<meta property=\"og:site_name\" content=\"PSI-Polymer Systems\" \/>\n<meta property=\"article:publisher\" content=\"https:\/\/www.facebook.com\/psipolymersystems\/\" \/>\n<meta property=\"article:modified_time\" content=\"2023-05-01T15:38:45+00:00\" \/>\n<meta name=\"twitter:card\" content=\"summary_large_image\" \/>\n<meta name=\"twitter:label1\" content=\"Estimation du temps de lecture\" \/>\n\t<meta name=\"twitter:data1\" content=\"1 minute\" \/>\n<script type=\"application\/ld+json\" class=\"yoast-schema-graph\">{\"@context\":\"https:\/\/schema.org\",\"@graph\":[{\"@type\":\"WebPage\",\"@id\":\"https:\/\/www.psi-polymersystems.com\/orientation-drawings\/\",\"url\":\"https:\/\/www.psi-polymersystems.com\/orientation-drawings\/\",\"name\":\"Orientation Drawings - PSI-Polymer Systems\",\"isPartOf\":{\"@id\":\"https:\/\/www.psi-polymersystems.com\/#website\"},\"datePublished\":\"2020-10-07T18:35:54+00:00\",\"dateModified\":\"2023-05-01T15:38:45+00:00\",\"breadcrumb\":{\"@id\":\"https:\/\/www.psi-polymersystems.com\/orientation-drawings\/#breadcrumb\"},\"inLanguage\":\"fr-CA\",\"potentialAction\":[{\"@type\":\"ReadAction\",\"target\":[\"https:\/\/www.psi-polymersystems.com\/orientation-drawings\/\"]}]},{\"@type\":\"BreadcrumbList\",\"@id\":\"https:\/\/www.psi-polymersystems.com\/orientation-drawings\/#breadcrumb\",\"itemListElement\":[{\"@type\":\"ListItem\",\"position\":1,\"name\":\"Home\",\"item\":\"https:\/\/www.psi-polymersystems.com\/\"},{\"@type\":\"ListItem\",\"position\":2,\"name\":\"Orientation Drawings\"}]},{\"@type\":\"WebSite\",\"@id\":\"https:\/\/www.psi-polymersystems.com\/#website\",\"url\":\"https:\/\/www.psi-polymersystems.com\/\",\"name\":\"PSI-Polymer Systems\",\"description\":\"\",\"publisher\":{\"@id\":\"https:\/\/www.psi-polymersystems.com\/#organization\"},\"potentialAction\":[{\"@type\":\"SearchAction\",\"target\":{\"@type\":\"EntryPoint\",\"urlTemplate\":\"https:\/\/www.psi-polymersystems.com\/?s={search_term_string}\"},\"query-input\":{\"@type\":\"PropertyValueSpecification\",\"valueRequired\":true,\"valueName\":\"search_term_string\"}}],\"inLanguage\":\"fr-CA\"},{\"@type\":\"Organization\",\"@id\":\"https:\/\/www.psi-polymersystems.com\/#organization\",\"name\":\"PSI-Polymer Systems, Inc.\",\"url\":\"https:\/\/www.psi-polymersystems.com\/\",\"logo\":{\"@type\":\"ImageObject\",\"inLanguage\":\"fr-CA\",\"@id\":\"https:\/\/www.psi-polymersystems.com\/#\/schema\/logo\/image\/\",\"url\":\"\",\"contentUrl\":\"\",\"caption\":\"PSI-Polymer Systems, Inc.\"},\"image\":{\"@id\":\"https:\/\/www.psi-polymersystems.com\/#\/schema\/logo\/image\/\"},\"sameAs\":[\"https:\/\/www.facebook.com\/psipolymersystems\/\",\"https:\/\/www.linkedin.com\/showcase\/psi-polymer-systems\"]}]}<\/script>\n<!-- \/ Yoast SEO Premium plugin. -->","yoast_head_json":{"title":"Orientation Drawings - PSI-Polymer Systems","robots":{"index":"index","follow":"follow","max-snippet":"max-snippet:-1","max-image-preview":"max-image-preview:large","max-video-preview":"max-video-preview:-1"},"canonical":"https:\/\/www.psi-polymersystems.com\/fr_ca\/orientation-drawings\/","og_locale":"fr_CA","og_type":"article","og_title":"Orientation Drawings","og_description":"Download Machine Orientation \/ Adaptor Drawings Machine Line Orientation DrawingsGear PumpsFirst Choose:\u00a0General Layout Positions\u00a0Then choose from the","og_url":"https:\/\/www.psi-polymersystems.com\/fr_ca\/orientation-drawings\/","og_site_name":"PSI-Polymer Systems","article_publisher":"https:\/\/www.facebook.com\/psipolymersystems\/","article_modified_time":"2023-05-01T15:38:45+00:00","twitter_card":"summary_large_image","twitter_misc":{"Estimation du temps de lecture":"1 minute"},"schema":{"@context":"https:\/\/schema.org","@graph":[{"@type":"WebPage","@id":"https:\/\/www.psi-polymersystems.com\/orientation-drawings\/","url":"https:\/\/www.psi-polymersystems.com\/orientation-drawings\/","name":"Orientation Drawings - PSI-Polymer Systems","isPartOf":{"@id":"https:\/\/www.psi-polymersystems.com\/#website"},"datePublished":"2020-10-07T18:35:54+00:00","dateModified":"2023-05-01T15:38:45+00:00","breadcrumb":{"@id":"https:\/\/www.psi-polymersystems.com\/orientation-drawings\/#breadcrumb"},"inLanguage":"fr-CA","potentialAction":[{"@type":"ReadAction","target":["https:\/\/www.psi-polymersystems.com\/orientation-drawings\/"]}]},{"@type":"BreadcrumbList","@id":"https:\/\/www.psi-polymersystems.com\/orientation-drawings\/#breadcrumb","itemListElement":[{"@type":"ListItem","position":1,"name":"Home","item":"https:\/\/www.psi-polymersystems.com\/"},{"@type":"ListItem","position":2,"name":"Orientation Drawings"}]},{"@type":"WebSite","@id":"https:\/\/www.psi-polymersystems.com\/#website","url":"https:\/\/www.psi-polymersystems.com\/","name":"PSI-Polymer Systems","description":"","publisher":{"@id":"https:\/\/www.psi-polymersystems.com\/#organization"},"potentialAction":[{"@type":"SearchAction","target":{"@type":"EntryPoint","urlTemplate":"https:\/\/www.psi-polymersystems.com\/?s={search_term_string}"},"query-input":{"@type":"PropertyValueSpecification","valueRequired":true,"valueName":"search_term_string"}}],"inLanguage":"fr-CA"},{"@type":"Organization","@id":"https:\/\/www.psi-polymersystems.com\/#organization","name":"PSI-Polymer Systems, Inc.","url":"https:\/\/www.psi-polymersystems.com\/","logo":{"@type":"ImageObject","inLanguage":"fr-CA","@id":"https:\/\/www.psi-polymersystems.com\/#\/schema\/logo\/image\/","url":"","contentUrl":"","caption":"PSI-Polymer Systems, Inc."},"image":{"@id":"https:\/\/www.psi-polymersystems.com\/#\/schema\/logo\/image\/"},"sameAs":["https:\/\/www.facebook.com\/psipolymersystems\/","https:\/\/www.linkedin.com\/showcase\/psi-polymer-systems"]}]}},"_links":{"self":[{"href":"https:\/\/www.psi-polymersystems.com\/fr_ca\/wp-json\/wp\/v2\/pages\/6456","targetHints":{"allow":["GET"]}}],"collection":[{"href":"https:\/\/www.psi-polymersystems.com\/fr_ca\/wp-json\/wp\/v2\/pages"}],"about":[{"href":"https:\/\/www.psi-polymersystems.com\/fr_ca\/wp-json\/wp\/v2\/types\/page"}],"author":[{"embeddable":true,"href":"https:\/\/www.psi-polymersystems.com\/fr_ca\/wp-json\/wp\/v2\/users\/2"}],"replies":[{"embeddable":true,"href":"https:\/\/www.psi-polymersystems.com\/fr_ca\/wp-json\/wp\/v2\/comments?post=6456"}],"version-history":[{"count":0,"href":"https:\/\/www.psi-polymersystems.com\/fr_ca\/wp-json\/wp\/v2\/pages\/6456\/revisions"}],"wp:attachment":[{"href":"https:\/\/www.psi-polymersystems.com\/fr_ca\/wp-json\/wp\/v2\/media?parent=6456"}],"curies":[{"name":"wp","href":"https:\/\/api.w.org\/{rel}","templated":true}]}}