{"id":8060,"date":"2022-06-03T18:33:08","date_gmt":"2022-06-03T18:33:08","guid":{"rendered":"https:\/\/psi-polymersystems.com\/?page_id=8060"},"modified":"2025-10-31T15:20:52","modified_gmt":"2025-10-31T15:20:52","slug":"extrudepak-250","status":"publish","type":"page","link":"https:\/\/www.psi-polymersystems.com\/fr_ca\/products\/controls\/gear-pump-controls\/extrudepak-250\/","title":{"rendered":"Extrudepak-250"},"content":{"rendered":"<div data-elementor-type=\"wp-page\" data-elementor-id=\"8060\" class=\"elementor elementor-8060\" data-elementor-post-type=\"page\">\n\t\t\t\t\t\t<section class=\"elementor-section elementor-top-section elementor-element elementor-element-28cf6e07 elementor-section-boxed elementor-section-height-default elementor-section-height-default\" data-id=\"28cf6e07\" data-element_type=\"section\" data-e-type=\"section\">\n\t\t\t\t\t\t<div class=\"elementor-container elementor-column-gap-default\">\n\t\t\t\t\t<div class=\"elementor-column elementor-col-100 elementor-top-column elementor-element elementor-element-7190a00f\" data-id=\"7190a00f\" data-element_type=\"column\" data-e-type=\"column\">\n\t\t\t<div class=\"elementor-widget-wrap elementor-element-populated\">\n\t\t\t\t\t\t<div class=\"elementor-element elementor-element-1f476876 elementor-widget elementor-widget-text-editor\" data-id=\"1f476876\" data-element_type=\"widget\" data-e-type=\"widget\" data-widget_type=\"text-editor.default\">\n\t\t\t\t<div class=\"elementor-widget-container\">\n\t\t\t\t\t\t\t\t\t<h3><span style=\"color: #0693e3;\">Contr\u00f4le PLC Extrudpak-250<\/span><\/h3><h5>Fonctionne avec une (1) pompe \u00e0 engrenages et jusqu&#039;\u00e0 six (6) zones de contr\u00f4le de la chaleur<\/h5>\t\t\t\t\t\t\t\t<\/div>\n\t\t\t\t<\/div>\n\t\t\t\t\t<\/div>\n\t\t<\/div>\n\t\t\t\t\t<\/div>\n\t\t<\/section>\n\t\t\t\t<section class=\"elementor-section elementor-top-section elementor-element elementor-element-4c459f1b elementor-section-boxed elementor-section-height-default elementor-section-height-default\" data-id=\"4c459f1b\" data-element_type=\"section\" data-e-type=\"section\">\n\t\t\t\t\t\t<div class=\"elementor-container elementor-column-gap-default\">\n\t\t\t\t\t<div class=\"elementor-column elementor-col-33 elementor-top-column elementor-element elementor-element-150252b5\" data-id=\"150252b5\" data-element_type=\"column\" data-e-type=\"column\">\n\t\t\t<div class=\"elementor-widget-wrap elementor-element-populated\">\n\t\t\t\t\t\t<div class=\"elementor-element elementor-element-36458a02 elementor-widget elementor-widget-image\" data-id=\"36458a02\" data-element_type=\"widget\" data-e-type=\"widget\" data-widget_type=\"image.default\">\n\t\t\t\t<div class=\"elementor-widget-container\">\n\t\t\t\t\t\t\t\t\t\t\t\t\t\t\t<img fetchpriority=\"high\" decoding=\"async\" width=\"766\" height=\"573\" src=\"https:\/\/www.psi-polymersystems.com\/wp-content\/uploads\/2022\/06\/Main-Screen-1.jpg\" class=\"attachment-full size-full wp-image-8042\" alt=\"ExtrudPak 100 Main Screen\" srcset=\"https:\/\/www.psi-polymersystems.com\/wp-content\/uploads\/2022\/06\/Main-Screen-1.jpg 766w, https:\/\/www.psi-polymersystems.com\/wp-content\/uploads\/2022\/06\/Main-Screen-1-300x224.jpg 300w, https:\/\/www.psi-polymersystems.com\/wp-content\/uploads\/2022\/06\/Main-Screen-1-16x12.jpg 16w, https:\/\/www.psi-polymersystems.com\/wp-content\/uploads\/2022\/06\/Main-Screen-1-600x449.jpg 600w\" sizes=\"(max-width: 766px) 100vw, 766px\" \/>\t\t\t\t\t\t\t\t\t\t\t\t\t\t\t<\/div>\n\t\t\t\t<\/div>\n\t\t\t\t<div class=\"elementor-element elementor-element-0075fbb elementor-widget elementor-widget-image\" data-id=\"0075fbb\" data-element_type=\"widget\" data-e-type=\"widget\" data-widget_type=\"image.default\">\n\t\t\t\t<div class=\"elementor-widget-container\">\n\t\t\t\t\t\t\t\t\t\t\t\t\t\t\t<img decoding=\"async\" width=\"766\" height=\"575\" src=\"https:\/\/www.psi-polymersystems.com\/wp-content\/uploads\/2022\/06\/EP-250-6-Heat-Control-Screen.jpg\" class=\"attachment-full size-full wp-image-8046\" alt=\"\" srcset=\"https:\/\/www.psi-polymersystems.com\/wp-content\/uploads\/2022\/06\/EP-250-6-Heat-Control-Screen.jpg 766w, https:\/\/www.psi-polymersystems.com\/wp-content\/uploads\/2022\/06\/EP-250-6-Heat-Control-Screen-300x225.jpg 300w, https:\/\/www.psi-polymersystems.com\/wp-content\/uploads\/2022\/06\/EP-250-6-Heat-Control-Screen-16x12.jpg 16w, https:\/\/www.psi-polymersystems.com\/wp-content\/uploads\/2022\/06\/EP-250-6-Heat-Control-Screen-600x450.jpg 600w\" sizes=\"(max-width: 766px) 100vw, 766px\" \/>\t\t\t\t\t\t\t\t\t\t\t\t\t\t\t<\/div>\n\t\t\t\t<\/div>\n\t\t\t\t<div class=\"elementor-element elementor-element-33305661 elementor-align-justify elementor-widget elementor-widget-button\" data-id=\"33305661\" data-element_type=\"widget\" data-e-type=\"widget\" data-widget_type=\"button.default\">\n\t\t\t\t<div class=\"elementor-widget-container\">\n\t\t\t\t\t\t\t\t\t<div class=\"elementor-button-wrapper\">\n\t\t\t\t\t<a class=\"elementor-button elementor-button-link elementor-size-sm\" href=\"\/fr_ca\/products\/controls\/gear-pump-controls\/\">\n\t\t\t\t\t\t<span class=\"elementor-button-content-wrapper\">\n\t\t\t\t\t\t\t\t\t<span class=\"elementor-button-text\">Retour au r\u00e9sum\u00e9 des commandes de la pompe \u00e0 engrenages<\/span>\n\t\t\t\t\t<\/span>\n\t\t\t\t\t<\/a>\n\t\t\t\t<\/div>\n\t\t\t\t\t\t\t\t<\/div>\n\t\t\t\t<\/div>\n\t\t\t\t\t<\/div>\n\t\t<\/div>\n\t\t\t\t<div class=\"elementor-column elementor-col-33 elementor-top-column elementor-element elementor-element-138c202a\" data-id=\"138c202a\" data-element_type=\"column\" data-e-type=\"column\">\n\t\t\t<div class=\"elementor-widget-wrap elementor-element-populated\">\n\t\t\t\t\t\t<div class=\"elementor-element elementor-element-7c058bad elementor-widget elementor-widget-text-editor\" data-id=\"7c058bad\" data-element_type=\"widget\" data-e-type=\"widget\" data-widget_type=\"text-editor.default\">\n\t\t\t\t<div class=\"elementor-widget-container\">\n\t\t\t\t\t\t\t\t\t<h4><span style=\"color: #049abf;\">Description du produit<\/span><\/h4><p>PLC : B&amp;R ou Allen Bradley<\/p><p>IHM : \u00e9cran tactile couleur 10&quot;<\/p><p>Surveille\/contr\u00f4le la pression d&#039;entr\u00e9e d&#039;une (1) pompe \u00e0 engrenages. Interfaces avec l&#039;entra\u00eenement de l&#039;extrudeuse, le cas \u00e9ch\u00e9ant.<\/p><h4><span style=\"color: #049abf;\">Affiche<\/span><\/h4><ul><li>Vitesse de la pompe, Courant de la pompe<\/li><li>Pression d&#039;aspiration et de refoulement<\/li><\/ul><p>Alarmes et arr\u00eat du syst\u00e8me pour\u00a0:<\/p><ul><li>Pression<\/li><li>Aspiration faible\/\u00e9lev\u00e9e<\/li><li>D\u00e9charge \u00e9lev\u00e9e et delta de pression<\/li><li>Courant \u00e9lev\u00e9<\/li><li>Protection contre le d\u00e9marrage \u00e0 froid - c\u00e2blage d&#039;interconnexion par le client<\/li><\/ul>\t\t\t\t\t\t\t\t<\/div>\n\t\t\t\t<\/div>\n\t\t\t\t\t<\/div>\n\t\t<\/div>\n\t\t\t\t<div class=\"elementor-column elementor-col-33 elementor-top-column elementor-element elementor-element-6f192b87\" data-id=\"6f192b87\" data-element_type=\"column\" data-e-type=\"column\">\n\t\t\t<div class=\"elementor-widget-wrap elementor-element-populated\">\n\t\t\t\t\t\t<div class=\"elementor-element elementor-element-4d8600f8 elementor-widget elementor-widget-text-editor\" data-id=\"4d8600f8\" data-element_type=\"widget\" data-e-type=\"widget\" data-widget_type=\"text-editor.default\">\n\t\t\t\t<div class=\"elementor-widget-container\">\n\t\t\t\t\t\t\t\t\t<h4><span style=\"color: #0693e3;\">Fonctionnalit\u00e9s<\/span><\/h4>\n<ul>\n<li>D\u00e9marrage automatique (rampe automatique jusqu&#039;\u00e0 pleine production)<\/li>\n<li>Stockage des recettes s\u00e9lection de produits\/d\u00e9marrage automatis\u00e9s<\/li>\n<li>Tendance<\/li>\n<li>Journalisation Dala (option)<\/li>\n<li>E\/S extensible (option)<\/li>\n<li>\u00c9talonnage du transducteur<\/li>\n<li>Suivi et collecte des donn\u00e9es de la m\u00e9moire flash amovible<\/li>\n<li>Communication Ethernet \/ compatible EWON<\/li>\n<li>Visionneuse VNC pour afficher et utiliser l&#039;\u00e9cran de contr\u00f4le sur un moniteur distant\/plus grand<\/li>\n<li>Options de communication externe disponibles sur demande<\/li>\n<li>Jusqu&#039;\u00e0 six (6) zones de contr\u00f4le de la chaleur&nbsp;<\/li>\n<\/ul>\t\t\t\t\t\t\t\t<\/div>\n\t\t\t\t<\/div>\n\t\t\t\t\t<\/div>\n\t\t<\/div>\n\t\t\t\t\t<\/div>\n\t\t<\/section>\n\t\t\t\t<section class=\"elementor-section elementor-top-section elementor-element elementor-element-cc3531e elementor-section-boxed elementor-section-height-default elementor-section-height-default\" data-id=\"cc3531e\" data-element_type=\"section\" data-e-type=\"section\">\n\t\t\t\t\t\t<div class=\"elementor-container elementor-column-gap-default\">\n\t\t\t\t\t<div class=\"elementor-column elementor-col-100 elementor-top-column elementor-element elementor-element-735c378\" data-id=\"735c378\" data-element_type=\"column\" data-e-type=\"column\">\n\t\t\t<div class=\"elementor-widget-wrap elementor-element-populated\">\n\t\t\t\t\t\t<div class=\"elementor-element elementor-element-6b19f5a elementor-widget elementor-widget-image\" data-id=\"6b19f5a\" data-element_type=\"widget\" data-e-type=\"widget\" data-widget_type=\"image.default\">\n\t\t\t\t<div class=\"elementor-widget-container\">\n\t\t\t\t\t\t\t\t\t\t\t\t\t\t\t<img decoding=\"async\" width=\"493\" height=\"1024\" src=\"https:\/\/www.psi-polymersystems.com\/wp-content\/uploads\/2022\/06\/DSC_5009-2-493x1024.jpg\" class=\"attachment-large size-large wp-image-8084\" alt=\"ExtrudePak-250 Control Panel\" srcset=\"https:\/\/www.psi-polymersystems.com\/wp-content\/uploads\/2022\/06\/DSC_5009-2-493x1024.jpg 493w, https:\/\/www.psi-polymersystems.com\/wp-content\/uploads\/2022\/06\/DSC_5009-2-144x300.jpg 144w, https:\/\/www.psi-polymersystems.com\/wp-content\/uploads\/2022\/06\/DSC_5009-2-768x1596.jpg 768w, https:\/\/www.psi-polymersystems.com\/wp-content\/uploads\/2022\/06\/DSC_5009-2-739x1536.jpg 739w, https:\/\/www.psi-polymersystems.com\/wp-content\/uploads\/2022\/06\/DSC_5009-2-986x2048.jpg 986w, https:\/\/www.psi-polymersystems.com\/wp-content\/uploads\/2022\/06\/DSC_5009-2-6x12.jpg 6w, https:\/\/www.psi-polymersystems.com\/wp-content\/uploads\/2022\/06\/DSC_5009-2-481x999.jpg 481w, https:\/\/www.psi-polymersystems.com\/wp-content\/uploads\/2022\/06\/DSC_5009-2.jpg 1101w\" sizes=\"(max-width: 493px) 100vw, 493px\" \/>\t\t\t\t\t\t\t\t\t\t\t\t\t\t\t<\/div>\n\t\t\t\t<\/div>\n\t\t\t\t<div class=\"elementor-element elementor-element-34bdff4 elementor-widget elementor-widget-image\" data-id=\"34bdff4\" data-element_type=\"widget\" data-e-type=\"widget\" data-widget_type=\"image.default\">\n\t\t\t\t<div class=\"elementor-widget-container\">\n\t\t\t\t\t\t\t\t\t\t\t\t\t\t\t<img loading=\"lazy\" decoding=\"async\" width=\"768\" height=\"1271\" src=\"https:\/\/www.psi-polymersystems.com\/wp-content\/uploads\/2022\/06\/ExtrudPak-250-with-6-Heat-Zones-768x1271.jpg\" class=\"attachment-medium_large size-medium_large wp-image-8026\" alt=\"Extrudepak 250 Control Panel\" srcset=\"https:\/\/www.psi-polymersystems.com\/wp-content\/uploads\/2022\/06\/ExtrudPak-250-with-6-Heat-Zones-768x1271.jpg 768w, https:\/\/www.psi-polymersystems.com\/wp-content\/uploads\/2022\/06\/ExtrudPak-250-with-6-Heat-Zones-181x300.jpg 181w, https:\/\/www.psi-polymersystems.com\/wp-content\/uploads\/2022\/06\/ExtrudPak-250-with-6-Heat-Zones-619x1024.jpg 619w, https:\/\/www.psi-polymersystems.com\/wp-content\/uploads\/2022\/06\/ExtrudPak-250-with-6-Heat-Zones-928x1536.jpg 928w, https:\/\/www.psi-polymersystems.com\/wp-content\/uploads\/2022\/06\/ExtrudPak-250-with-6-Heat-Zones-1238x2048.jpg 1238w, https:\/\/www.psi-polymersystems.com\/wp-content\/uploads\/2022\/06\/ExtrudPak-250-with-6-Heat-Zones-7x12.jpg 7w, https:\/\/www.psi-polymersystems.com\/wp-content\/uploads\/2022\/06\/ExtrudPak-250-with-6-Heat-Zones-600x993.jpg 600w, https:\/\/www.psi-polymersystems.com\/wp-content\/uploads\/2022\/06\/ExtrudPak-250-with-6-Heat-Zones.jpg 1269w\" sizes=\"(max-width: 768px) 100vw, 768px\" \/>\t\t\t\t\t\t\t\t\t\t\t\t\t\t\t<\/div>\n\t\t\t\t<\/div>\n\t\t\t\t\t<\/div>\n\t\t<\/div>\n\t\t\t\t\t<\/div>\n\t\t<\/section>\n\t\t\t\t<\/div>","protected":false},"excerpt":{"rendered":"<p>Commande par automate programmable Extrudpak-250\u00a0: g\u00e8re une (1) pompe \u00e0 engrenages et jusqu\u2019\u00e0 six (6) zones de contr\u00f4le de temp\u00e9rature. Retour au r\u00e9sum\u00e9 des commandes de pompes \u00e0 engrenages. Description du produit\u00a0: Automate programmable\u00a0: B&amp;R ou Allen Bradley. Interface homme-machine\u00a0: \u00e9cran tactile couleur 10 pouces. Surveille et contr\u00f4le la pression d\u2019entr\u00e9e d\u2019une (1) pompe \u00e0 engrenages. S\u2019interface avec le variateur de l\u2019extrudeuse, le cas \u00e9ch\u00e9ant. Affiche la vitesse de la pompe, le courant de la pompe [\u2026]<\/p>","protected":false},"author":2,"featured_media":0,"parent":3254,"menu_order":0,"comment_status":"closed","ping_status":"closed","template":"","meta":{"_monsterinsights_skip_tracking":false,"_monsterinsights_sitenote_active":false,"_monsterinsights_sitenote_note":"","_monsterinsights_sitenote_category":0,"footnotes":""},"class_list":["post-8060","page","type-page","status-publish","hentry"],"yoast_head":"<!-- This site is optimized with the Yoast SEO Premium plugin v25.0 (Yoast SEO v25.0) - https:\/\/yoast.com\/wordpress\/plugins\/seo\/ -->\n<title>Extrudepak-250 - PSI-Polymer Systems<\/title>\n<meta name=\"robots\" content=\"index, follow, max-snippet:-1, max-image-preview:large, max-video-preview:-1\" \/>\n<link rel=\"canonical\" href=\"https:\/\/www.psi-polymersystems.com\/fr_ca\/products\/controls\/gear-pump-controls\/extrudepak-250\/\" \/>\n<meta property=\"og:locale\" content=\"fr_CA\" \/>\n<meta property=\"og:type\" content=\"article\" \/>\n<meta property=\"og:title\" content=\"Extrudepak-250\" \/>\n<meta property=\"og:description\" content=\"Extrudpak-250 PLC ControlOperates one (1) Gear Pump and up to Six (6) Heat Control Zones Back to Gear Pump Controls Summary Product DescriptionPLC:\" \/>\n<meta property=\"og:url\" content=\"https:\/\/www.psi-polymersystems.com\/fr_ca\/products\/controls\/gear-pump-controls\/extrudepak-250\/\" \/>\n<meta property=\"og:site_name\" content=\"PSI-Polymer Systems\" \/>\n<meta property=\"article:publisher\" content=\"https:\/\/www.facebook.com\/psipolymersystems\/\" \/>\n<meta property=\"article:modified_time\" content=\"2025-10-31T15:20:52+00:00\" \/>\n<meta property=\"og:image\" content=\"https:\/\/www.psi-polymersystems.com\/wp-content\/uploads\/2022\/06\/Main-Screen-1.jpg\" \/>\n\t<meta property=\"og:image:width\" content=\"766\" \/>\n\t<meta property=\"og:image:height\" content=\"573\" \/>\n\t<meta property=\"og:image:type\" content=\"image\/jpeg\" \/>\n<meta name=\"twitter:card\" content=\"summary_large_image\" \/>\n<meta name=\"twitter:label1\" content=\"Estimation du temps de lecture\" \/>\n\t<meta name=\"twitter:data1\" content=\"2 minutes\" \/>\n<script type=\"application\/ld+json\" class=\"yoast-schema-graph\">{\"@context\":\"https:\/\/schema.org\",\"@graph\":[{\"@type\":\"WebPage\",\"@id\":\"https:\/\/www.psi-polymersystems.com\/products\/controls\/gear-pump-controls\/extrudepak-250\/\",\"url\":\"https:\/\/www.psi-polymersystems.com\/products\/controls\/gear-pump-controls\/extrudepak-250\/\",\"name\":\"Extrudepak-250 - PSI-Polymer Systems\",\"isPartOf\":{\"@id\":\"https:\/\/www.psi-polymersystems.com\/#website\"},\"primaryImageOfPage\":{\"@id\":\"https:\/\/www.psi-polymersystems.com\/products\/controls\/gear-pump-controls\/extrudepak-250\/#primaryimage\"},\"image\":{\"@id\":\"https:\/\/www.psi-polymersystems.com\/products\/controls\/gear-pump-controls\/extrudepak-250\/#primaryimage\"},\"thumbnailUrl\":\"https:\/\/www.psi-polymersystems.com\/wp-content\/uploads\/2022\/06\/Main-Screen-1.jpg\",\"datePublished\":\"2022-06-03T18:33:08+00:00\",\"dateModified\":\"2025-10-31T15:20:52+00:00\",\"breadcrumb\":{\"@id\":\"https:\/\/www.psi-polymersystems.com\/products\/controls\/gear-pump-controls\/extrudepak-250\/#breadcrumb\"},\"inLanguage\":\"fr-CA\",\"potentialAction\":[{\"@type\":\"ReadAction\",\"target\":[\"https:\/\/www.psi-polymersystems.com\/products\/controls\/gear-pump-controls\/extrudepak-250\/\"]}]},{\"@type\":\"ImageObject\",\"inLanguage\":\"fr-CA\",\"@id\":\"https:\/\/www.psi-polymersystems.com\/products\/controls\/gear-pump-controls\/extrudepak-250\/#primaryimage\",\"url\":\"https:\/\/www.psi-polymersystems.com\/wp-content\/uploads\/2022\/06\/Main-Screen-1.jpg\",\"contentUrl\":\"https:\/\/www.psi-polymersystems.com\/wp-content\/uploads\/2022\/06\/Main-Screen-1.jpg\"},{\"@type\":\"BreadcrumbList\",\"@id\":\"https:\/\/www.psi-polymersystems.com\/products\/controls\/gear-pump-controls\/extrudepak-250\/#breadcrumb\",\"itemListElement\":[{\"@type\":\"ListItem\",\"position\":1,\"name\":\"Home\",\"item\":\"https:\/\/www.psi-polymersystems.com\/\"},{\"@type\":\"ListItem\",\"position\":2,\"name\":\"Product Overview\",\"item\":\"https:\/\/www.psi-polymersystems.com\/products\/\"},{\"@type\":\"ListItem\",\"position\":3,\"name\":\"Controls\",\"item\":\"https:\/\/www.psi-polymersystems.com\/es\/products\/controls\/\"},{\"@type\":\"ListItem\",\"position\":4,\"name\":\"Gear Pump Controls &#8211; Summary\",\"item\":\"https:\/\/www.psi-polymersystems.com\/es\/products\/controls\/gear-pump-controls\/\"},{\"@type\":\"ListItem\",\"position\":5,\"name\":\"Extrudepak-250\"}]},{\"@type\":\"WebSite\",\"@id\":\"https:\/\/www.psi-polymersystems.com\/#website\",\"url\":\"https:\/\/www.psi-polymersystems.com\/\",\"name\":\"PSI-Polymer Systems\",\"description\":\"\",\"publisher\":{\"@id\":\"https:\/\/www.psi-polymersystems.com\/#organization\"},\"potentialAction\":[{\"@type\":\"SearchAction\",\"target\":{\"@type\":\"EntryPoint\",\"urlTemplate\":\"https:\/\/www.psi-polymersystems.com\/?s={search_term_string}\"},\"query-input\":{\"@type\":\"PropertyValueSpecification\",\"valueRequired\":true,\"valueName\":\"search_term_string\"}}],\"inLanguage\":\"fr-CA\"},{\"@type\":\"Organization\",\"@id\":\"https:\/\/www.psi-polymersystems.com\/#organization\",\"name\":\"PSI-Polymer Systems, Inc.\",\"url\":\"https:\/\/www.psi-polymersystems.com\/\",\"logo\":{\"@type\":\"ImageObject\",\"inLanguage\":\"fr-CA\",\"@id\":\"https:\/\/www.psi-polymersystems.com\/#\/schema\/logo\/image\/\",\"url\":\"\",\"contentUrl\":\"\",\"caption\":\"PSI-Polymer Systems, Inc.\"},\"image\":{\"@id\":\"https:\/\/www.psi-polymersystems.com\/#\/schema\/logo\/image\/\"},\"sameAs\":[\"https:\/\/www.facebook.com\/psipolymersystems\/\",\"https:\/\/www.linkedin.com\/showcase\/psi-polymer-systems\"]}]}<\/script>\n<!-- \/ Yoast SEO Premium plugin. -->","yoast_head_json":{"title":"Extrudepak-250 - PSI-Polymer Systems","robots":{"index":"index","follow":"follow","max-snippet":"max-snippet:-1","max-image-preview":"max-image-preview:large","max-video-preview":"max-video-preview:-1"},"canonical":"https:\/\/www.psi-polymersystems.com\/fr_ca\/products\/controls\/gear-pump-controls\/extrudepak-250\/","og_locale":"fr_CA","og_type":"article","og_title":"Extrudepak-250","og_description":"Extrudpak-250 PLC ControlOperates one (1) Gear Pump and up to Six (6) Heat Control Zones Back to Gear Pump Controls Summary Product DescriptionPLC:","og_url":"https:\/\/www.psi-polymersystems.com\/fr_ca\/products\/controls\/gear-pump-controls\/extrudepak-250\/","og_site_name":"PSI-Polymer Systems","article_publisher":"https:\/\/www.facebook.com\/psipolymersystems\/","article_modified_time":"2025-10-31T15:20:52+00:00","og_image":[{"width":766,"height":573,"url":"https:\/\/www.psi-polymersystems.com\/wp-content\/uploads\/2022\/06\/Main-Screen-1.jpg","type":"image\/jpeg"}],"twitter_card":"summary_large_image","twitter_misc":{"Estimation du temps de lecture":"2 minutes"},"schema":{"@context":"https:\/\/schema.org","@graph":[{"@type":"WebPage","@id":"https:\/\/www.psi-polymersystems.com\/products\/controls\/gear-pump-controls\/extrudepak-250\/","url":"https:\/\/www.psi-polymersystems.com\/products\/controls\/gear-pump-controls\/extrudepak-250\/","name":"Extrudepak-250 - PSI-Polymer Systems","isPartOf":{"@id":"https:\/\/www.psi-polymersystems.com\/#website"},"primaryImageOfPage":{"@id":"https:\/\/www.psi-polymersystems.com\/products\/controls\/gear-pump-controls\/extrudepak-250\/#primaryimage"},"image":{"@id":"https:\/\/www.psi-polymersystems.com\/products\/controls\/gear-pump-controls\/extrudepak-250\/#primaryimage"},"thumbnailUrl":"https:\/\/www.psi-polymersystems.com\/wp-content\/uploads\/2022\/06\/Main-Screen-1.jpg","datePublished":"2022-06-03T18:33:08+00:00","dateModified":"2025-10-31T15:20:52+00:00","breadcrumb":{"@id":"https:\/\/www.psi-polymersystems.com\/products\/controls\/gear-pump-controls\/extrudepak-250\/#breadcrumb"},"inLanguage":"fr-CA","potentialAction":[{"@type":"ReadAction","target":["https:\/\/www.psi-polymersystems.com\/products\/controls\/gear-pump-controls\/extrudepak-250\/"]}]},{"@type":"ImageObject","inLanguage":"fr-CA","@id":"https:\/\/www.psi-polymersystems.com\/products\/controls\/gear-pump-controls\/extrudepak-250\/#primaryimage","url":"https:\/\/www.psi-polymersystems.com\/wp-content\/uploads\/2022\/06\/Main-Screen-1.jpg","contentUrl":"https:\/\/www.psi-polymersystems.com\/wp-content\/uploads\/2022\/06\/Main-Screen-1.jpg"},{"@type":"BreadcrumbList","@id":"https:\/\/www.psi-polymersystems.com\/products\/controls\/gear-pump-controls\/extrudepak-250\/#breadcrumb","itemListElement":[{"@type":"ListItem","position":1,"name":"Home","item":"https:\/\/www.psi-polymersystems.com\/"},{"@type":"ListItem","position":2,"name":"Product Overview","item":"https:\/\/www.psi-polymersystems.com\/products\/"},{"@type":"ListItem","position":3,"name":"Controls","item":"https:\/\/www.psi-polymersystems.com\/es\/products\/controls\/"},{"@type":"ListItem","position":4,"name":"Gear Pump Controls &#8211; Summary","item":"https:\/\/www.psi-polymersystems.com\/es\/products\/controls\/gear-pump-controls\/"},{"@type":"ListItem","position":5,"name":"Extrudepak-250"}]},{"@type":"WebSite","@id":"https:\/\/www.psi-polymersystems.com\/#website","url":"https:\/\/www.psi-polymersystems.com\/","name":"PSI-Polymer Systems","description":"","publisher":{"@id":"https:\/\/www.psi-polymersystems.com\/#organization"},"potentialAction":[{"@type":"SearchAction","target":{"@type":"EntryPoint","urlTemplate":"https:\/\/www.psi-polymersystems.com\/?s={search_term_string}"},"query-input":{"@type":"PropertyValueSpecification","valueRequired":true,"valueName":"search_term_string"}}],"inLanguage":"fr-CA"},{"@type":"Organization","@id":"https:\/\/www.psi-polymersystems.com\/#organization","name":"PSI-Polymer Systems, Inc.","url":"https:\/\/www.psi-polymersystems.com\/","logo":{"@type":"ImageObject","inLanguage":"fr-CA","@id":"https:\/\/www.psi-polymersystems.com\/#\/schema\/logo\/image\/","url":"","contentUrl":"","caption":"PSI-Polymer Systems, Inc."},"image":{"@id":"https:\/\/www.psi-polymersystems.com\/#\/schema\/logo\/image\/"},"sameAs":["https:\/\/www.facebook.com\/psipolymersystems\/","https:\/\/www.linkedin.com\/showcase\/psi-polymer-systems"]}]}},"_links":{"self":[{"href":"https:\/\/www.psi-polymersystems.com\/fr_ca\/wp-json\/wp\/v2\/pages\/8060","targetHints":{"allow":["GET"]}}],"collection":[{"href":"https:\/\/www.psi-polymersystems.com\/fr_ca\/wp-json\/wp\/v2\/pages"}],"about":[{"href":"https:\/\/www.psi-polymersystems.com\/fr_ca\/wp-json\/wp\/v2\/types\/page"}],"author":[{"embeddable":true,"href":"https:\/\/www.psi-polymersystems.com\/fr_ca\/wp-json\/wp\/v2\/users\/2"}],"replies":[{"embeddable":true,"href":"https:\/\/www.psi-polymersystems.com\/fr_ca\/wp-json\/wp\/v2\/comments?post=8060"}],"version-history":[{"count":3,"href":"https:\/\/www.psi-polymersystems.com\/fr_ca\/wp-json\/wp\/v2\/pages\/8060\/revisions"}],"predecessor-version":[{"id":12916,"href":"https:\/\/www.psi-polymersystems.com\/fr_ca\/wp-json\/wp\/v2\/pages\/8060\/revisions\/12916"}],"up":[{"embeddable":true,"href":"https:\/\/www.psi-polymersystems.com\/fr_ca\/wp-json\/wp\/v2\/pages\/3254"}],"wp:attachment":[{"href":"https:\/\/www.psi-polymersystems.com\/fr_ca\/wp-json\/wp\/v2\/media?parent=8060"}],"curies":[{"name":"wp","href":"https:\/\/api.w.org\/{rel}","templated":true}]}}