{"id":8861,"date":"2023-05-01T18:49:00","date_gmt":"2023-05-01T18:49:00","guid":{"rendered":"https:\/\/psi-polymersystems.com\/?page_id=8861"},"modified":"2023-05-01T19:50:17","modified_gmt":"2023-05-01T19:50:17","slug":"remote-connectivity","status":"publish","type":"page","link":"https:\/\/www.psi-polymersystems.com\/fr_ca\/remote-connectivity\/","title":{"rendered":"Connectivit\u00e9 \u00e0 distance"},"content":{"rendered":"<div data-elementor-type=\"wp-page\" data-elementor-id=\"8861\" class=\"elementor elementor-8861\" data-elementor-post-type=\"page\">\n\t\t\t\t\t\t<section class=\"elementor-section elementor-top-section elementor-element elementor-element-6471935d elementor-section-boxed elementor-section-height-default elementor-section-height-default\" data-id=\"6471935d\" data-element_type=\"section\" data-e-type=\"section\">\n\t\t\t\t\t\t<div class=\"elementor-container elementor-column-gap-default\">\n\t\t\t\t\t<div class=\"elementor-column elementor-col-100 elementor-top-column elementor-element elementor-element-3772b875\" data-id=\"3772b875\" data-element_type=\"column\" data-e-type=\"column\">\n\t\t\t<div class=\"elementor-widget-wrap elementor-element-populated\">\n\t\t\t\t\t\t<div class=\"elementor-element elementor-element-54a5b3cf elementor-widget elementor-widget-text-editor\" data-id=\"54a5b3cf\" data-element_type=\"widget\" data-e-type=\"widget\" data-widget_type=\"text-editor.default\">\n\t\t\t\t<div class=\"elementor-widget-container\">\n\t\t\t\t\t\t\t\t\t<h3><span style=\"color: #0693e3;\">Connectivit\u00e9 de l&#039;automate distant Ewon<\/span><\/h3>\n<h5>Acc\u00e8s instantan\u00e9 \u00e0 distance et s\u00e9curis\u00e9 permettant aux ing\u00e9nieurs de PSI Controls de travailler avec votre \u00e9quipe de production en temps r\u00e9el.<\/h5>\n<h5>Parce que votre productivit\u00e9 et votre efficacit\u00e9 op\u00e9rationnelle signifient tout pour nous.<\/h5>\t\t\t\t\t\t\t\t<\/div>\n\t\t\t\t<\/div>\n\t\t\t\t\t<\/div>\n\t\t<\/div>\n\t\t\t\t\t<\/div>\n\t\t<\/section>\n\t\t\t\t<section class=\"elementor-section elementor-top-section elementor-element elementor-element-181cd83d elementor-section-boxed elementor-section-height-default elementor-section-height-default\" data-id=\"181cd83d\" data-element_type=\"section\" data-e-type=\"section\">\n\t\t\t\t\t\t<div class=\"elementor-container elementor-column-gap-default\">\n\t\t\t\t\t<div class=\"elementor-column elementor-col-33 elementor-top-column elementor-element elementor-element-1e18eb5f\" data-id=\"1e18eb5f\" data-element_type=\"column\" data-e-type=\"column\">\n\t\t\t<div class=\"elementor-widget-wrap elementor-element-populated\">\n\t\t\t\t\t\t<div class=\"elementor-element elementor-element-79a62598 elementor-widget__width-initial elementor-widget elementor-widget-image\" data-id=\"79a62598\" data-element_type=\"widget\" data-e-type=\"widget\" data-widget_type=\"image.default\">\n\t\t\t\t<div class=\"elementor-widget-container\">\n\t\t\t\t\t\t\t\t\t\t\t\t\t\t\t<img fetchpriority=\"high\" decoding=\"async\" width=\"221\" height=\"416\" src=\"https:\/\/www.psi-polymersystems.com\/wp-content\/uploads\/2023\/05\/Ewon_product_Cosy-Ethernet.jpg\" class=\"attachment-full size-full wp-image-8864\" alt=\"\" srcset=\"https:\/\/www.psi-polymersystems.com\/wp-content\/uploads\/2023\/05\/Ewon_product_Cosy-Ethernet.jpg 221w, https:\/\/www.psi-polymersystems.com\/wp-content\/uploads\/2023\/05\/Ewon_product_Cosy-Ethernet-159x300.jpg 159w, https:\/\/www.psi-polymersystems.com\/wp-content\/uploads\/2023\/05\/Ewon_product_Cosy-Ethernet-6x12.jpg 6w\" sizes=\"(max-width: 221px) 100vw, 221px\" \/>\t\t\t\t\t\t\t\t\t\t\t\t\t\t\t<\/div>\n\t\t\t\t<\/div>\n\t\t\t\t\t<\/div>\n\t\t<\/div>\n\t\t\t\t<div class=\"elementor-column elementor-col-33 elementor-top-column elementor-element elementor-element-15c89927\" data-id=\"15c89927\" data-element_type=\"column\" data-e-type=\"column\">\n\t\t\t<div class=\"elementor-widget-wrap elementor-element-populated\">\n\t\t\t\t\t\t<div class=\"elementor-element elementor-element-5f37073d elementor-widget__width-initial elementor-widget elementor-widget-text-editor\" data-id=\"5f37073d\" data-element_type=\"widget\" data-e-type=\"widget\" data-widget_type=\"text-editor.default\">\n\t\t\t\t<div class=\"elementor-widget-container\">\n\t\t\t\t\t\t\t\t\t<h4><span style=\"color: #0693e3;\">Pourquoi devriez-vous INVESTIR dans la CONNECTIVIT\u00c9 \u00c0 DISTANCE\u00a0?<\/span><\/h4><div><span style=\"color: #0693e3;\">L&#039;acc\u00e8s \u00e0 distance industriel permet aux \u00e9quipes de support de se connecter en toute s\u00e9curit\u00e9 via Internet \u00e0 des \u00e9quipements distants bas\u00e9s sur des automates. <\/span><\/div><div><span style=\"color: #049abf;\">\u00a0<\/span><\/div><ol><li><span style=\"color: #0693e3;\"><strong>Efficacit\u00e9 accrue<\/strong><\/span>: La connectivit\u00e9 \u00e0 distance permet aux utilisateurs et aux fabricants de machines d&#039;acc\u00e9der et de contr\u00f4ler les machines connect\u00e9es de n&#039;importe o\u00f9, n&#039;importe quand, \u00e0 l&#039;aide d&#039;un ordinateur ou d&#039;un appareil mobile. Cela signifie que les utilisateurs peuvent g\u00e9rer leurs machines, diagnostiquer les probl\u00e8mes et apporter des modifications aux param\u00e8tres de la machine sans avoir besoin d&#039;\u00eatre physiquement pr\u00e9sents sur le site de la machine, ce qui peut gagner du temps et augmenter l&#039;efficacit\u00e9.<\/li><li><span style=\"color: #0693e3;\"><strong>\u00c9conomies de co\u00fbts<\/strong><\/span>: La connectivit\u00e9 \u00e0 distance permet d&#039;\u00e9conomiser de l&#039;argent sur les frais de d\u00e9placement et r\u00e9duit les temps d&#039;arr\u00eat en permettant aux techniciens de diagnostiquer et de r\u00e9soudre les probl\u00e8mes \u00e0 distance au lieu de se d\u00e9placer sur le site de la machine.\u00a0<\/li><li><span style=\"color: #0693e3;\"><strong>Surveillance am\u00e9lior\u00e9e des machines<\/strong><\/span>: La connectivit\u00e9 \u00e0 distance permet aux utilisateurs de surveiller les performances de la machine et de collecter des donn\u00e9es en temps r\u00e9el, ce qui peut aider \u00e0 identifier les probl\u00e8mes potentiels avant qu&#039;ils ne surviennent. Cela peut aider \u00e0 pr\u00e9venir les temps d&#039;arr\u00eat de la machine et \u00e0 r\u00e9duire la probabilit\u00e9 de r\u00e9parations co\u00fbteuses.<\/li><li><span style=\"color: #0693e3;\"><strong>Collaboration am\u00e9lior\u00e9e<\/strong><\/span>: La connectivit\u00e9 \u00e0 distance permet aux utilisateurs de la machine de collaborer avec le PSI de n&#039;importe o\u00f9 dans le monde, ce qui peut aider \u00e0 r\u00e9soudre les probl\u00e8mes plus rapidement et plus efficacement. Cela conduit \u00e0 une r\u00e9solution plus rapide des probl\u00e8mes et \u00e0 une meilleure prise de d\u00e9cision.<\/li><\/ol><p>Dans l&#039;ensemble, la connectivit\u00e9 \u00e0 distance offre plusieurs avantages aux utilisateurs de machines, notamment une efficacit\u00e9 accrue, des \u00e9conomies de co\u00fbts, une meilleure surveillance des machines, une collaboration am\u00e9lior\u00e9e et une flexibilit\u00e9 accrue.<\/p>\t\t\t\t\t\t\t\t<\/div>\n\t\t\t\t<\/div>\n\t\t\t\t\t<\/div>\n\t\t<\/div>\n\t\t\t\t<div class=\"elementor-column elementor-col-33 elementor-top-column elementor-element elementor-element-9887fdf\" data-id=\"9887fdf\" data-element_type=\"column\" data-e-type=\"column\">\n\t\t\t<div class=\"elementor-widget-wrap\">\n\t\t\t\t\t\t\t<\/div>\n\t\t<\/div>\n\t\t\t\t\t<\/div>\n\t\t<\/section>\n\t\t\t\t<\/div>","protected":false},"excerpt":{"rendered":"<p>Connectivit\u00e9 PLC \u00e0 distance Ewon Acc\u00e8s distant instantan\u00e9 et s\u00e9curis\u00e9 permettant aux ing\u00e9nieurs de contr\u00f4les PSI de travailler avec votre \u00e9quipe de production en temps r\u00e9el. Parce que votre productivit\u00e9 et votre efficacit\u00e9 op\u00e9rationnelle comptent pour nous. Pourquoi devriez-vous INVESTIR dans la CONNECTIVIT\u00c9 \u00c0 DISTANCE\u00a0? L&#039;acc\u00e8s \u00e0 distance industriel permet aux \u00e9quipes d&#039;assistance de se connecter en toute s\u00e9curit\u00e9 via Internet \u00e0 [\u2026]<\/p>","protected":false},"author":2,"featured_media":0,"parent":0,"menu_order":0,"comment_status":"closed","ping_status":"closed","template":"","meta":{"_monsterinsights_skip_tracking":false,"_monsterinsights_sitenote_active":false,"_monsterinsights_sitenote_note":"","_monsterinsights_sitenote_category":0,"footnotes":""},"class_list":["post-8861","page","type-page","status-publish","hentry"],"yoast_head":"<!-- This site is optimized with the Yoast SEO Premium plugin v25.0 (Yoast SEO v25.0) - https:\/\/yoast.com\/wordpress\/plugins\/seo\/ -->\n<title>Remote Connectivity - PSI-Polymer Systems<\/title>\n<meta name=\"robots\" content=\"index, follow, max-snippet:-1, max-image-preview:large, max-video-preview:-1\" \/>\n<link rel=\"canonical\" href=\"https:\/\/www.psi-polymersystems.com\/fr_ca\/remote-connectivity\/\" \/>\n<meta property=\"og:locale\" content=\"fr_CA\" \/>\n<meta property=\"og:type\" content=\"article\" \/>\n<meta property=\"og:title\" content=\"Remote Connectivity\" \/>\n<meta property=\"og:description\" content=\"Ewon Remote PLC Connectivity Instant Remote and Secure access for PSI Controls Engineers to work with your production team in real time. Because your\" \/>\n<meta property=\"og:url\" content=\"https:\/\/www.psi-polymersystems.com\/fr_ca\/remote-connectivity\/\" \/>\n<meta property=\"og:site_name\" content=\"PSI-Polymer Systems\" \/>\n<meta property=\"article:publisher\" content=\"https:\/\/www.facebook.com\/psipolymersystems\/\" \/>\n<meta property=\"article:modified_time\" content=\"2023-05-01T19:50:17+00:00\" \/>\n<meta property=\"og:image\" content=\"https:\/\/psi-polymersystems.com\/wp-content\/uploads\/2023\/05\/Ewon_product_Cosy-Ethernet.jpg\" \/>\n<meta name=\"twitter:card\" content=\"summary_large_image\" \/>\n<meta name=\"twitter:label1\" content=\"Estimation du temps de lecture\" \/>\n\t<meta name=\"twitter:data1\" content=\"2 minutes\" \/>\n<script type=\"application\/ld+json\" class=\"yoast-schema-graph\">{\"@context\":\"https:\/\/schema.org\",\"@graph\":[{\"@type\":\"WebPage\",\"@id\":\"https:\/\/www.psi-polymersystems.com\/remote-connectivity\/\",\"url\":\"https:\/\/www.psi-polymersystems.com\/remote-connectivity\/\",\"name\":\"Remote Connectivity - PSI-Polymer Systems\",\"isPartOf\":{\"@id\":\"https:\/\/www.psi-polymersystems.com\/#website\"},\"primaryImageOfPage\":{\"@id\":\"https:\/\/www.psi-polymersystems.com\/remote-connectivity\/#primaryimage\"},\"image\":{\"@id\":\"https:\/\/www.psi-polymersystems.com\/remote-connectivity\/#primaryimage\"},\"thumbnailUrl\":\"https:\/\/psi-polymersystems.com\/wp-content\/uploads\/2023\/05\/Ewon_product_Cosy-Ethernet.jpg\",\"datePublished\":\"2023-05-01T18:49:00+00:00\",\"dateModified\":\"2023-05-01T19:50:17+00:00\",\"breadcrumb\":{\"@id\":\"https:\/\/www.psi-polymersystems.com\/remote-connectivity\/#breadcrumb\"},\"inLanguage\":\"fr-CA\",\"potentialAction\":[{\"@type\":\"ReadAction\",\"target\":[\"https:\/\/www.psi-polymersystems.com\/remote-connectivity\/\"]}]},{\"@type\":\"ImageObject\",\"inLanguage\":\"fr-CA\",\"@id\":\"https:\/\/www.psi-polymersystems.com\/remote-connectivity\/#primaryimage\",\"url\":\"https:\/\/psi-polymersystems.com\/wp-content\/uploads\/2023\/05\/Ewon_product_Cosy-Ethernet.jpg\",\"contentUrl\":\"https:\/\/psi-polymersystems.com\/wp-content\/uploads\/2023\/05\/Ewon_product_Cosy-Ethernet.jpg\"},{\"@type\":\"BreadcrumbList\",\"@id\":\"https:\/\/www.psi-polymersystems.com\/remote-connectivity\/#breadcrumb\",\"itemListElement\":[{\"@type\":\"ListItem\",\"position\":1,\"name\":\"Home\",\"item\":\"https:\/\/www.psi-polymersystems.com\/\"},{\"@type\":\"ListItem\",\"position\":2,\"name\":\"Remote Connectivity\"}]},{\"@type\":\"WebSite\",\"@id\":\"https:\/\/www.psi-polymersystems.com\/#website\",\"url\":\"https:\/\/www.psi-polymersystems.com\/\",\"name\":\"PSI-Polymer Systems\",\"description\":\"\",\"publisher\":{\"@id\":\"https:\/\/www.psi-polymersystems.com\/#organization\"},\"potentialAction\":[{\"@type\":\"SearchAction\",\"target\":{\"@type\":\"EntryPoint\",\"urlTemplate\":\"https:\/\/www.psi-polymersystems.com\/?s={search_term_string}\"},\"query-input\":{\"@type\":\"PropertyValueSpecification\",\"valueRequired\":true,\"valueName\":\"search_term_string\"}}],\"inLanguage\":\"fr-CA\"},{\"@type\":\"Organization\",\"@id\":\"https:\/\/www.psi-polymersystems.com\/#organization\",\"name\":\"PSI-Polymer Systems, Inc.\",\"url\":\"https:\/\/www.psi-polymersystems.com\/\",\"logo\":{\"@type\":\"ImageObject\",\"inLanguage\":\"fr-CA\",\"@id\":\"https:\/\/www.psi-polymersystems.com\/#\/schema\/logo\/image\/\",\"url\":\"\",\"contentUrl\":\"\",\"caption\":\"PSI-Polymer Systems, Inc.\"},\"image\":{\"@id\":\"https:\/\/www.psi-polymersystems.com\/#\/schema\/logo\/image\/\"},\"sameAs\":[\"https:\/\/www.facebook.com\/psipolymersystems\/\",\"https:\/\/www.linkedin.com\/showcase\/psi-polymer-systems\"]}]}<\/script>\n<!-- \/ Yoast SEO Premium plugin. -->","yoast_head_json":{"title":"Remote Connectivity - PSI-Polymer Systems","robots":{"index":"index","follow":"follow","max-snippet":"max-snippet:-1","max-image-preview":"max-image-preview:large","max-video-preview":"max-video-preview:-1"},"canonical":"https:\/\/www.psi-polymersystems.com\/fr_ca\/remote-connectivity\/","og_locale":"fr_CA","og_type":"article","og_title":"Remote Connectivity","og_description":"Ewon Remote PLC Connectivity Instant Remote and Secure access for PSI Controls Engineers to work with your production team in real time. Because your","og_url":"https:\/\/www.psi-polymersystems.com\/fr_ca\/remote-connectivity\/","og_site_name":"PSI-Polymer Systems","article_publisher":"https:\/\/www.facebook.com\/psipolymersystems\/","article_modified_time":"2023-05-01T19:50:17+00:00","og_image":[{"url":"https:\/\/psi-polymersystems.com\/wp-content\/uploads\/2023\/05\/Ewon_product_Cosy-Ethernet.jpg","type":"","width":"","height":""}],"twitter_card":"summary_large_image","twitter_misc":{"Estimation du temps de lecture":"2 minutes"},"schema":{"@context":"https:\/\/schema.org","@graph":[{"@type":"WebPage","@id":"https:\/\/www.psi-polymersystems.com\/remote-connectivity\/","url":"https:\/\/www.psi-polymersystems.com\/remote-connectivity\/","name":"Remote Connectivity - PSI-Polymer Systems","isPartOf":{"@id":"https:\/\/www.psi-polymersystems.com\/#website"},"primaryImageOfPage":{"@id":"https:\/\/www.psi-polymersystems.com\/remote-connectivity\/#primaryimage"},"image":{"@id":"https:\/\/www.psi-polymersystems.com\/remote-connectivity\/#primaryimage"},"thumbnailUrl":"https:\/\/psi-polymersystems.com\/wp-content\/uploads\/2023\/05\/Ewon_product_Cosy-Ethernet.jpg","datePublished":"2023-05-01T18:49:00+00:00","dateModified":"2023-05-01T19:50:17+00:00","breadcrumb":{"@id":"https:\/\/www.psi-polymersystems.com\/remote-connectivity\/#breadcrumb"},"inLanguage":"fr-CA","potentialAction":[{"@type":"ReadAction","target":["https:\/\/www.psi-polymersystems.com\/remote-connectivity\/"]}]},{"@type":"ImageObject","inLanguage":"fr-CA","@id":"https:\/\/www.psi-polymersystems.com\/remote-connectivity\/#primaryimage","url":"https:\/\/psi-polymersystems.com\/wp-content\/uploads\/2023\/05\/Ewon_product_Cosy-Ethernet.jpg","contentUrl":"https:\/\/psi-polymersystems.com\/wp-content\/uploads\/2023\/05\/Ewon_product_Cosy-Ethernet.jpg"},{"@type":"BreadcrumbList","@id":"https:\/\/www.psi-polymersystems.com\/remote-connectivity\/#breadcrumb","itemListElement":[{"@type":"ListItem","position":1,"name":"Home","item":"https:\/\/www.psi-polymersystems.com\/"},{"@type":"ListItem","position":2,"name":"Remote Connectivity"}]},{"@type":"WebSite","@id":"https:\/\/www.psi-polymersystems.com\/#website","url":"https:\/\/www.psi-polymersystems.com\/","name":"PSI-Polymer Systems","description":"","publisher":{"@id":"https:\/\/www.psi-polymersystems.com\/#organization"},"potentialAction":[{"@type":"SearchAction","target":{"@type":"EntryPoint","urlTemplate":"https:\/\/www.psi-polymersystems.com\/?s={search_term_string}"},"query-input":{"@type":"PropertyValueSpecification","valueRequired":true,"valueName":"search_term_string"}}],"inLanguage":"fr-CA"},{"@type":"Organization","@id":"https:\/\/www.psi-polymersystems.com\/#organization","name":"PSI-Polymer Systems, Inc.","url":"https:\/\/www.psi-polymersystems.com\/","logo":{"@type":"ImageObject","inLanguage":"fr-CA","@id":"https:\/\/www.psi-polymersystems.com\/#\/schema\/logo\/image\/","url":"","contentUrl":"","caption":"PSI-Polymer Systems, Inc."},"image":{"@id":"https:\/\/www.psi-polymersystems.com\/#\/schema\/logo\/image\/"},"sameAs":["https:\/\/www.facebook.com\/psipolymersystems\/","https:\/\/www.linkedin.com\/showcase\/psi-polymer-systems"]}]}},"_links":{"self":[{"href":"https:\/\/www.psi-polymersystems.com\/fr_ca\/wp-json\/wp\/v2\/pages\/8861","targetHints":{"allow":["GET"]}}],"collection":[{"href":"https:\/\/www.psi-polymersystems.com\/fr_ca\/wp-json\/wp\/v2\/pages"}],"about":[{"href":"https:\/\/www.psi-polymersystems.com\/fr_ca\/wp-json\/wp\/v2\/types\/page"}],"author":[{"embeddable":true,"href":"https:\/\/www.psi-polymersystems.com\/fr_ca\/wp-json\/wp\/v2\/users\/2"}],"replies":[{"embeddable":true,"href":"https:\/\/www.psi-polymersystems.com\/fr_ca\/wp-json\/wp\/v2\/comments?post=8861"}],"version-history":[{"count":0,"href":"https:\/\/www.psi-polymersystems.com\/fr_ca\/wp-json\/wp\/v2\/pages\/8861\/revisions"}],"wp:attachment":[{"href":"https:\/\/www.psi-polymersystems.com\/fr_ca\/wp-json\/wp\/v2\/media?parent=8861"}],"curies":[{"name":"wp","href":"https:\/\/api.w.org\/{rel}","templated":true}]}}