{"id":12712,"date":"2025-07-02T21:00:18","date_gmt":"2025-07-02T21:00:18","guid":{"rendered":"https:\/\/www.psi-polymersystems.com\/?page_id=12712"},"modified":"2025-07-02T21:05:41","modified_gmt":"2025-07-02T21:05:41","slug":"faq-static-mixer","status":"publish","type":"page","link":"https:\/\/www.psi-polymersystems.com\/pt\/faq-static-mixer\/","title":{"rendered":"FAQ \u2013 Misturador Est\u00e1tico"},"content":{"rendered":"<div data-elementor-type=\"wp-page\" data-elementor-id=\"12712\" class=\"elementor elementor-12712\" data-elementor-post-type=\"page\">\n\t\t\t\t\t\t<section class=\"elementor-section elementor-top-section elementor-element elementor-element-794780a3 elementor-section-boxed elementor-section-height-default elementor-section-height-default\" data-id=\"794780a3\" data-element_type=\"section\" data-e-type=\"section\">\n\t\t\t\t\t\t<div class=\"elementor-container elementor-column-gap-default\">\n\t\t\t\t\t<div class=\"elementor-column elementor-col-100 elementor-top-column elementor-element elementor-element-24ebd6a\" data-id=\"24ebd6a\" data-element_type=\"column\" data-e-type=\"column\">\n\t\t\t<div class=\"elementor-widget-wrap elementor-element-populated\">\n\t\t\t\t\t\t<div class=\"elementor-element elementor-element-9c93ef2 elementor-widget elementor-widget-text-editor\" data-id=\"9c93ef2\" data-element_type=\"widget\" data-e-type=\"widget\" data-widget_type=\"text-editor.default\">\n\t\t\t\t<div class=\"elementor-widget-container\">\n\t\t\t\t\t\t\t\t\t<div><h2 class=\"elementor-heading-title elementor-size-default elementor-inline-editing pen\" style=\"letter-spacing: normal; text-align: left; color: #7a7a7a;\" data-elementor-setting-key=\"title\" data-pen-placeholder=\"Type Here...\">Misturador Est\u00e1tico \u2013 Perguntas Frequentes<\/h2><\/div>\t\t\t\t\t\t\t\t<\/div>\n\t\t\t\t<\/div>\n\t\t\t\t\t<\/div>\n\t\t<\/div>\n\t\t\t\t\t<\/div>\n\t\t<\/section>\n\t\t\t\t<section class=\"elementor-section elementor-top-section elementor-element elementor-element-28d1e9ad elementor-section-boxed elementor-section-height-default elementor-section-height-default\" data-id=\"28d1e9ad\" data-element_type=\"section\" data-e-type=\"section\">\n\t\t\t\t\t\t<div class=\"elementor-container elementor-column-gap-default\">\n\t\t\t\t\t<div class=\"elementor-column elementor-col-100 elementor-top-column elementor-element elementor-element-1ed32a38\" data-id=\"1ed32a38\" data-element_type=\"column\" data-e-type=\"column\">\n\t\t\t<div class=\"elementor-widget-wrap elementor-element-populated\">\n\t\t\t\t\t\t<div class=\"elementor-element elementor-element-6c9163fc elementor-widget elementor-widget-image\" data-id=\"6c9163fc\" data-element_type=\"widget\" data-e-type=\"widget\" data-widget_type=\"image.default\">\n\t\t\t\t<div class=\"elementor-widget-container\">\n\t\t\t\t\t\t\t\t\t\t\t\t\t\t\t<img fetchpriority=\"high\" decoding=\"async\" width=\"1024\" height=\"219\" src=\"https:\/\/www.psi-polymersystems.com\/wp-content\/uploads\/2020\/09\/Mixer-Flow-Division-1024x219.jpg\" class=\"attachment-large size-large wp-image-5368\" alt=\"Polymer Extrusion Uniflo Static Mixer (USM) Radial Mixing Flow Division\" srcset=\"https:\/\/www.psi-polymersystems.com\/wp-content\/uploads\/2020\/09\/Mixer-Flow-Division-1024x219.jpg 1024w, https:\/\/www.psi-polymersystems.com\/wp-content\/uploads\/2020\/09\/Mixer-Flow-Division-300x64.jpg 300w, https:\/\/www.psi-polymersystems.com\/wp-content\/uploads\/2020\/09\/Mixer-Flow-Division-768x164.jpg 768w, https:\/\/www.psi-polymersystems.com\/wp-content\/uploads\/2020\/09\/Mixer-Flow-Division-600x128.jpg 600w, https:\/\/www.psi-polymersystems.com\/wp-content\/uploads\/2020\/09\/Mixer-Flow-Division.jpg 1262w\" sizes=\"(max-width: 1024px) 100vw, 1024px\" \/>\t\t\t\t\t\t\t\t\t\t\t\t\t\t\t<\/div>\n\t\t\t\t<\/div>\n\t\t\t\t\t<\/div>\n\t\t<\/div>\n\t\t\t\t\t<\/div>\n\t\t<\/section>\n\t\t\t\t<section class=\"elementor-section elementor-top-section elementor-element elementor-element-543731e5 elementor-section-boxed elementor-section-height-default elementor-section-height-default\" data-id=\"543731e5\" data-element_type=\"section\" data-e-type=\"section\">\n\t\t\t\t\t\t<div class=\"elementor-container elementor-column-gap-default\">\n\t\t\t\t\t<div class=\"elementor-column elementor-col-100 elementor-top-column elementor-element elementor-element-31023f49\" data-id=\"31023f49\" data-element_type=\"column\" data-e-type=\"column\">\n\t\t\t<div class=\"elementor-widget-wrap elementor-element-populated\">\n\t\t\t\t\t\t<div class=\"elementor-element elementor-element-adf35f8 elementor-widget__width-initial elementor-widget elementor-widget-text-editor\" data-id=\"adf35f8\" data-element_type=\"widget\" data-e-type=\"widget\" data-widget_type=\"text-editor.default\">\n\t\t\t\t<div class=\"elementor-widget-container\">\n\t\t\t\t\t\t\t\t\t<h3><span style=\"letter-spacing: 0px; text-align: inherit;\">Perguntas frequentes sobre misturadores est\u00e1ticos em extrus\u00e3o de pl\u00e1sticos<\/span><\/h3><h4><strong>1. O que \u00e9 um misturador est\u00e1tico e como ele funciona na extrus\u00e3o de pl\u00e1sticos?<\/strong><\/h4><div><p>Um misturador est\u00e1tico \u00e9 um dispositivo sem partes m\u00f3veis instalado na linha de extrus\u00e3o, normalmente logo antes da matriz. Ele funciona dividindo e recombinando continuamente o pol\u00edmero fundido \u00e0 medida que ele flui atrav\u00e9s de uma s\u00e9rie de elementos geom\u00e9tricos. Esse processo elimina varia\u00e7\u00f5es de temperatura, viscosidade e composi\u00e7\u00e3o dentro do fluxo de massa fundida, resultando em um produto homog\u00eaneo.<\/p><\/div><h4><strong>2. Qual \u00e9 o objetivo principal do uso de um misturador est\u00e1tico na extrus\u00e3o de chapas?<\/strong><\/h4><div>Na extrus\u00e3o de chapas, o principal objetivo de um misturador est\u00e1tico \u00e9 alcan\u00e7ar a homogeneiza\u00e7\u00e3o t\u00e9rmica do pol\u00edmero fundido. Isso significa eliminar gradientes de temperatura, o que, por sua vez, elimina as varia\u00e7\u00f5es de viscosidade no fundido. Um perfil uniforme de temperatura e viscosidade garante um fluxo uniforme de material atrav\u00e9s da matriz, o que \u00e9 fundamental para a produ\u00e7\u00e3o de uma chapa com espessura consistente.<\/div><h4><strong>3. Quais s\u00e3o os principais benef\u00edcios de usar um misturador est\u00e1tico?<\/strong><\/h4><div>Os benef\u00edcios do uso de um misturador est\u00e1tico na extrus\u00e3o de pl\u00e1sticos incluem:<\/div><ul><li><strong>Melhoria da qualidade do produto:<\/strong>\u00a0Os misturadores est\u00e1ticos produzem uma fus\u00e3o mais uniforme, resultando em um produto sem riscos, com melhor qualidade de superf\u00edcie e caracter\u00edsticas mec\u00e2nicas.<\/li><li><strong>Toler\u00e2ncias mais rigorosas:<\/strong>\u00a0Ao eliminar gradientes de temperatura e viscosidade, os misturadores est\u00e1ticos permitem uma espessura de folha mais uniforme, permitindo a opera\u00e7\u00e3o com especifica\u00e7\u00f5es de espessura m\u00ednima.<\/li><li><strong>Redu\u00e7\u00e3o do uso de material:<\/strong>\u00a0Uma melhor mistura de cores pode levar a uma redu\u00e7\u00e3o no consumo de aditivos de cor.<\/li><li><strong>Mudan\u00e7as de cor mais r\u00e1pidas:<\/strong>\u00a0Misturadores est\u00e1ticos ajudam a eliminar camadas de parede estagnadas, resultando em trocas de cores mais r\u00e1pidas.<\/li><li><strong>Melhoria na qualidade do material reciclado:<\/strong>\u00a0Eles melhoram a qualidade dos produtos ao utilizar material reciclado.<\/li><\/ul><h4><strong>4. Onde um misturador est\u00e1tico normalmente \u00e9 instalado em uma linha de extrus\u00e3o?<\/strong><\/h4><div>Um misturador est\u00e1tico geralmente \u00e9 instalado logo antes da matriz da extrusora. Ele \u00e9 posicionado ap\u00f3s outros equipamentos, como o trocador de tela e a bomba de engrenagens, para corrigir quaisquer irregularidades introduzidas por eles.<\/div><h4><strong>5. Os misturadores est\u00e1ticos requerem energia ou t\u00eam partes m\u00f3veis?<\/strong><\/h4><div>N\u00e3o, misturadores est\u00e1ticos n\u00e3o possuem partes m\u00f3veis e n\u00e3o requerem fonte de energia externa. A energia necess\u00e1ria para a mistura \u00e9 derivada da queda de press\u00e3o do pol\u00edmero fundido \u00e0 medida que ele flui pelos elementos do misturador.<\/div><h4><strong>6. Um misturador est\u00e1tico pode ajudar com outros problemas al\u00e9m da homogeneiza\u00e7\u00e3o t\u00e9rmica?<\/strong><\/h4><div>Sim. Al\u00e9m da homogeneiza\u00e7\u00e3o t\u00e9rmica, os misturadores est\u00e1ticos tamb\u00e9m auxiliam em:<\/div><ul><li><strong>Homogeneiza\u00e7\u00e3o composicional:<\/strong>\u00a0Eles garantem a distribui\u00e7\u00e3o uniforme de corantes, aditivos, cargas e materiais reciclados.<\/li><li><strong>Homogeneiza\u00e7\u00e3o de viscosidade:<\/strong>\u00a0Ao uniformizar a temperatura, eles tamb\u00e9m uniformizam a viscosidade.<\/li><li><strong>Elimina\u00e7\u00e3o de flu\u00eancia na parede:<\/strong>\u00a0Eles incorporam pol\u00edmero estagnado das paredes do tubo no fluxo principal, evitando a degrada\u00e7\u00e3o do material.<\/li><\/ul><h4><strong>7. Um misturador est\u00e1tico causar\u00e1 uma queda de press\u00e3o significativa?<\/strong><\/h4><div>Embora um misturador est\u00e1tico introduza uma queda de press\u00e3o, ele \u00e9 projetado para ser eficiente e normalmente pode acomodar as restri\u00e7\u00f5es de queda de press\u00e3o da maioria dos sistemas de extrus\u00e3o. Os benef\u00edcios de uma fus\u00e3o homog\u00eanea geralmente superam o impacto da queda de press\u00e3o. A PSI utiliza uma calculadora de queda de press\u00e3o patenteada, projetada especificamente para nossos misturadores, para estimar a queda de press\u00e3o esperada.\u00a0<\/div><h4><strong>8. Como os misturadores est\u00e1ticos s\u00e3o limpos?<\/strong><\/h4><div>Muitos misturadores est\u00e1ticos modernos s\u00e3o projetados para serem autolimpantes, com caminhos de fluxo otimizados que evitam zonas mortas onde o material pode se acumular. Para altera\u00e7\u00f5es de cor ou material, compostos de purga podem ser aplicados no sistema para limpar o misturador com efic\u00e1cia. Alguns modelos tamb\u00e9m possuem elementos remov\u00edveis para facilitar a limpeza manual.<\/div><h4><strong>9. Quais s\u00e3o os sinais de que um misturador est\u00e1tico pode ser necess\u00e1rio em uma linha de extrus\u00e3o?<\/strong><\/h4><div>Problemas comuns que indicam a necessidade de um misturador est\u00e1tico incluem:<\/div><ul><li>Espessura irregular da chapa.<\/li><li>Manchas ou riscos coloridos no produto final.<\/li><li>Tamanho e distribui\u00e7\u00e3o inconsistentes de c\u00e9lulas de espuma em aplica\u00e7\u00f5es de folhas de espuma.<\/li><li>Longos tempos de troca de cores.<\/li><li>Linhas de fluxo ou outros defeitos de superf\u00edcie.<\/li><\/ul><h4><strong>10. Existem diferentes tipos de misturadores est\u00e1ticos?<\/strong><\/h4><div><p>Sim, existem v\u00e1rios modelos de misturadores est\u00e1ticos dispon\u00edveis, cada um com suas pr\u00f3prias vantagens. Os modelos mais comuns incluem aqueles com elementos helicoidais (fornecidos pela PSI) e aqueles com uma s\u00e9rie de barras interseccionadas.\u00a0\u00a0<\/p><p>A PSI fornece misturadores de elementos helicoidais (gravata borboleta) devido a:<\/p><ul><li class=\"u-break-words\"><strong>Baixa queda de press\u00e3o:<\/strong>\u00a0Os misturadores helicoidais s\u00e3o conhecidos por sua queda de press\u00e3o relativamente baixa em compara\u00e7\u00e3o a outros projetos, o que pode ser uma vantagem significativa em processos de extrus\u00e3o onde a press\u00e3o \u00e9 um fator limitante.<\/li><li class=\"u-break-words\"><strong>Mistura suave:<\/strong>\u00a0As superf\u00edcies lisas e cont\u00ednuas dos elementos helicoidais proporcionam uma a\u00e7\u00e3o de mistura suave, ideal para pol\u00edmeros sens\u00edveis ao cisalhamento que podem ser degradados por misturas mais agressivas.<\/li><li class=\"u-break-words\"><strong>Bom para fluxo laminar:<\/strong>\u00a0Este projeto \u00e9 muito eficaz para misturar fluidos no regime de fluxo laminar, o que \u00e9 t\u00edpico de pol\u00edmeros fundidos de alta viscosidade.<\/li><\/ul><\/div>\t\t\t\t\t\t\t\t<\/div>\n\t\t\t\t<\/div>\n\t\t\t\t\t<\/div>\n\t\t<\/div>\n\t\t\t\t\t<\/div>\n\t\t<\/section>\n\t\t\t\t<\/div>","protected":false},"excerpt":{"rendered":"<p>Misturador Est\u00e1tico \u2013 Perguntas Frequentes Perguntas Frequentes sobre Misturadores Est\u00e1ticos na Extrus\u00e3o de Pl\u00e1sticos 1. O que \u00e9 um misturador est\u00e1tico e como ele funciona na extrus\u00e3o de pl\u00e1sticos? Um misturador est\u00e1tico \u00e9 um dispositivo sem partes m\u00f3veis instalado na linha de extrus\u00e3o, normalmente logo antes da matriz. Ele funciona dividindo e recombinando continuamente o [\u2026]<\/p>","protected":false},"author":2,"featured_media":0,"parent":0,"menu_order":0,"comment_status":"closed","ping_status":"closed","template":"","meta":{"_monsterinsights_skip_tracking":false,"_monsterinsights_sitenote_active":false,"_monsterinsights_sitenote_note":"","_monsterinsights_sitenote_category":0,"footnotes":""},"class_list":["post-12712","page","type-page","status-publish","hentry"],"yoast_head":"<!-- This site is optimized with the Yoast SEO Premium plugin v25.0 (Yoast SEO v25.0) - https:\/\/yoast.com\/wordpress\/plugins\/seo\/ -->\n<title>FAQ - Static Mixer - PSI-Polymer Systems<\/title>\n<meta name=\"robots\" content=\"index, follow, max-snippet:-1, max-image-preview:large, max-video-preview:-1\" \/>\n<link rel=\"canonical\" href=\"https:\/\/www.psi-polymersystems.com\/pt\/faq-static-mixer\/\" \/>\n<meta property=\"og:locale\" content=\"pt_PT\" \/>\n<meta property=\"og:type\" content=\"article\" \/>\n<meta property=\"og:title\" content=\"FAQ - Static Mixer\" \/>\n<meta property=\"og:description\" content=\"Static Mixer - FAQ FAQs for Static Mixers in Plastics Extrusion1. What is a static mixer, and how does it work in plastics extrusion?A static mixer is a\" \/>\n<meta property=\"og:url\" content=\"https:\/\/www.psi-polymersystems.com\/pt\/faq-static-mixer\/\" \/>\n<meta property=\"og:site_name\" content=\"PSI-Polymer Systems\" \/>\n<meta property=\"article:publisher\" content=\"https:\/\/www.facebook.com\/psipolymersystems\/\" \/>\n<meta property=\"article:modified_time\" content=\"2025-07-02T21:05:41+00:00\" \/>\n<meta property=\"og:image\" content=\"https:\/\/www.psi-polymersystems.com\/wp-content\/uploads\/2020\/09\/Mixer-Flow-Division.jpg\" \/>\n\t<meta property=\"og:image:width\" content=\"1262\" \/>\n\t<meta property=\"og:image:height\" content=\"270\" \/>\n\t<meta property=\"og:image:type\" content=\"image\/jpeg\" \/>\n<meta name=\"twitter:card\" content=\"summary_large_image\" \/>\n<meta name=\"twitter:label1\" content=\"Tempo estimado de leitura\" \/>\n\t<meta name=\"twitter:data1\" content=\"4 minutos\" \/>\n<script type=\"application\/ld+json\" class=\"yoast-schema-graph\">{\"@context\":\"https:\/\/schema.org\",\"@graph\":[{\"@type\":\"WebPage\",\"@id\":\"https:\/\/www.psi-polymersystems.com\/faq-static-mixer\/\",\"url\":\"https:\/\/www.psi-polymersystems.com\/faq-static-mixer\/\",\"name\":\"FAQ - Static Mixer - PSI-Polymer Systems\",\"isPartOf\":{\"@id\":\"https:\/\/www.psi-polymersystems.com\/#website\"},\"primaryImageOfPage\":{\"@id\":\"https:\/\/www.psi-polymersystems.com\/faq-static-mixer\/#primaryimage\"},\"image\":{\"@id\":\"https:\/\/www.psi-polymersystems.com\/faq-static-mixer\/#primaryimage\"},\"thumbnailUrl\":\"https:\/\/www.psi-polymersystems.com\/wp-content\/uploads\/2020\/09\/Mixer-Flow-Division-1024x219.jpg\",\"datePublished\":\"2025-07-02T21:00:18+00:00\",\"dateModified\":\"2025-07-02T21:05:41+00:00\",\"breadcrumb\":{\"@id\":\"https:\/\/www.psi-polymersystems.com\/faq-static-mixer\/#breadcrumb\"},\"inLanguage\":\"pt-PT\",\"potentialAction\":[{\"@type\":\"ReadAction\",\"target\":[\"https:\/\/www.psi-polymersystems.com\/faq-static-mixer\/\"]}]},{\"@type\":\"ImageObject\",\"inLanguage\":\"pt-PT\",\"@id\":\"https:\/\/www.psi-polymersystems.com\/faq-static-mixer\/#primaryimage\",\"url\":\"https:\/\/www.psi-polymersystems.com\/wp-content\/uploads\/2020\/09\/Mixer-Flow-Division-1024x219.jpg\",\"contentUrl\":\"https:\/\/www.psi-polymersystems.com\/wp-content\/uploads\/2020\/09\/Mixer-Flow-Division-1024x219.jpg\"},{\"@type\":\"BreadcrumbList\",\"@id\":\"https:\/\/www.psi-polymersystems.com\/faq-static-mixer\/#breadcrumb\",\"itemListElement\":[{\"@type\":\"ListItem\",\"position\":1,\"name\":\"Home\",\"item\":\"https:\/\/www.psi-polymersystems.com\/\"},{\"@type\":\"ListItem\",\"position\":2,\"name\":\"FAQ &#8211; Static Mixer\"}]},{\"@type\":\"WebSite\",\"@id\":\"https:\/\/www.psi-polymersystems.com\/#website\",\"url\":\"https:\/\/www.psi-polymersystems.com\/\",\"name\":\"PSI-Polymer Systems\",\"description\":\"\",\"publisher\":{\"@id\":\"https:\/\/www.psi-polymersystems.com\/#organization\"},\"potentialAction\":[{\"@type\":\"SearchAction\",\"target\":{\"@type\":\"EntryPoint\",\"urlTemplate\":\"https:\/\/www.psi-polymersystems.com\/?s={search_term_string}\"},\"query-input\":{\"@type\":\"PropertyValueSpecification\",\"valueRequired\":true,\"valueName\":\"search_term_string\"}}],\"inLanguage\":\"pt-PT\"},{\"@type\":\"Organization\",\"@id\":\"https:\/\/www.psi-polymersystems.com\/#organization\",\"name\":\"PSI-Polymer Systems, Inc.\",\"url\":\"https:\/\/www.psi-polymersystems.com\/\",\"logo\":{\"@type\":\"ImageObject\",\"inLanguage\":\"pt-PT\",\"@id\":\"https:\/\/www.psi-polymersystems.com\/#\/schema\/logo\/image\/\",\"url\":\"\",\"contentUrl\":\"\",\"caption\":\"PSI-Polymer Systems, Inc.\"},\"image\":{\"@id\":\"https:\/\/www.psi-polymersystems.com\/#\/schema\/logo\/image\/\"},\"sameAs\":[\"https:\/\/www.facebook.com\/psipolymersystems\/\",\"https:\/\/www.linkedin.com\/showcase\/psi-polymer-systems\"]}]}<\/script>\n<!-- \/ Yoast SEO Premium plugin. -->","yoast_head_json":{"title":"FAQ - Static Mixer - PSI-Polymer Systems","robots":{"index":"index","follow":"follow","max-snippet":"max-snippet:-1","max-image-preview":"max-image-preview:large","max-video-preview":"max-video-preview:-1"},"canonical":"https:\/\/www.psi-polymersystems.com\/pt\/faq-static-mixer\/","og_locale":"pt_PT","og_type":"article","og_title":"FAQ - Static Mixer","og_description":"Static Mixer - FAQ FAQs for Static Mixers in Plastics Extrusion1. What is a static mixer, and how does it work in plastics extrusion?A static mixer is a","og_url":"https:\/\/www.psi-polymersystems.com\/pt\/faq-static-mixer\/","og_site_name":"PSI-Polymer Systems","article_publisher":"https:\/\/www.facebook.com\/psipolymersystems\/","article_modified_time":"2025-07-02T21:05:41+00:00","og_image":[{"width":1262,"height":270,"url":"https:\/\/www.psi-polymersystems.com\/wp-content\/uploads\/2020\/09\/Mixer-Flow-Division.jpg","type":"image\/jpeg"}],"twitter_card":"summary_large_image","twitter_misc":{"Tempo estimado de leitura":"4 minutos"},"schema":{"@context":"https:\/\/schema.org","@graph":[{"@type":"WebPage","@id":"https:\/\/www.psi-polymersystems.com\/faq-static-mixer\/","url":"https:\/\/www.psi-polymersystems.com\/faq-static-mixer\/","name":"FAQ - Static Mixer - PSI-Polymer Systems","isPartOf":{"@id":"https:\/\/www.psi-polymersystems.com\/#website"},"primaryImageOfPage":{"@id":"https:\/\/www.psi-polymersystems.com\/faq-static-mixer\/#primaryimage"},"image":{"@id":"https:\/\/www.psi-polymersystems.com\/faq-static-mixer\/#primaryimage"},"thumbnailUrl":"https:\/\/www.psi-polymersystems.com\/wp-content\/uploads\/2020\/09\/Mixer-Flow-Division-1024x219.jpg","datePublished":"2025-07-02T21:00:18+00:00","dateModified":"2025-07-02T21:05:41+00:00","breadcrumb":{"@id":"https:\/\/www.psi-polymersystems.com\/faq-static-mixer\/#breadcrumb"},"inLanguage":"pt-PT","potentialAction":[{"@type":"ReadAction","target":["https:\/\/www.psi-polymersystems.com\/faq-static-mixer\/"]}]},{"@type":"ImageObject","inLanguage":"pt-PT","@id":"https:\/\/www.psi-polymersystems.com\/faq-static-mixer\/#primaryimage","url":"https:\/\/www.psi-polymersystems.com\/wp-content\/uploads\/2020\/09\/Mixer-Flow-Division-1024x219.jpg","contentUrl":"https:\/\/www.psi-polymersystems.com\/wp-content\/uploads\/2020\/09\/Mixer-Flow-Division-1024x219.jpg"},{"@type":"BreadcrumbList","@id":"https:\/\/www.psi-polymersystems.com\/faq-static-mixer\/#breadcrumb","itemListElement":[{"@type":"ListItem","position":1,"name":"Home","item":"https:\/\/www.psi-polymersystems.com\/"},{"@type":"ListItem","position":2,"name":"FAQ &#8211; Static Mixer"}]},{"@type":"WebSite","@id":"https:\/\/www.psi-polymersystems.com\/#website","url":"https:\/\/www.psi-polymersystems.com\/","name":"PSI-Polymer Systems","description":"","publisher":{"@id":"https:\/\/www.psi-polymersystems.com\/#organization"},"potentialAction":[{"@type":"SearchAction","target":{"@type":"EntryPoint","urlTemplate":"https:\/\/www.psi-polymersystems.com\/?s={search_term_string}"},"query-input":{"@type":"PropertyValueSpecification","valueRequired":true,"valueName":"search_term_string"}}],"inLanguage":"pt-PT"},{"@type":"Organization","@id":"https:\/\/www.psi-polymersystems.com\/#organization","name":"PSI-Polymer Systems, Inc.","url":"https:\/\/www.psi-polymersystems.com\/","logo":{"@type":"ImageObject","inLanguage":"pt-PT","@id":"https:\/\/www.psi-polymersystems.com\/#\/schema\/logo\/image\/","url":"","contentUrl":"","caption":"PSI-Polymer Systems, Inc."},"image":{"@id":"https:\/\/www.psi-polymersystems.com\/#\/schema\/logo\/image\/"},"sameAs":["https:\/\/www.facebook.com\/psipolymersystems\/","https:\/\/www.linkedin.com\/showcase\/psi-polymer-systems"]}]}},"_links":{"self":[{"href":"https:\/\/www.psi-polymersystems.com\/pt\/wp-json\/wp\/v2\/pages\/12712","targetHints":{"allow":["GET"]}}],"collection":[{"href":"https:\/\/www.psi-polymersystems.com\/pt\/wp-json\/wp\/v2\/pages"}],"about":[{"href":"https:\/\/www.psi-polymersystems.com\/pt\/wp-json\/wp\/v2\/types\/page"}],"author":[{"embeddable":true,"href":"https:\/\/www.psi-polymersystems.com\/pt\/wp-json\/wp\/v2\/users\/2"}],"replies":[{"embeddable":true,"href":"https:\/\/www.psi-polymersystems.com\/pt\/wp-json\/wp\/v2\/comments?post=12712"}],"version-history":[{"count":6,"href":"https:\/\/www.psi-polymersystems.com\/pt\/wp-json\/wp\/v2\/pages\/12712\/revisions"}],"predecessor-version":[{"id":12722,"href":"https:\/\/www.psi-polymersystems.com\/pt\/wp-json\/wp\/v2\/pages\/12712\/revisions\/12722"}],"wp:attachment":[{"href":"https:\/\/www.psi-polymersystems.com\/pt\/wp-json\/wp\/v2\/media?parent=12712"}],"curies":[{"name":"wp","href":"https:\/\/api.w.org\/{rel}","templated":true}]}}