{"id":133,"date":"2020-07-06T14:31:04","date_gmt":"2020-07-06T14:31:04","guid":{"rendered":"https:\/\/psi-polymersystems.com\/?page_id=133"},"modified":"2021-03-31T20:22:23","modified_gmt":"2021-03-31T20:22:23","slug":"hcp","status":"publish","type":"page","link":"https:\/\/www.psi-polymersystems.com\/pt\/products\/controls\/hcp\/","title":{"rendered":"Painel de controle de calor (HCP)"},"content":{"rendered":"<div data-elementor-type=\"wp-page\" data-elementor-id=\"133\" class=\"elementor elementor-133\" data-elementor-post-type=\"page\">\n\t\t\t\t\t\t<section class=\"elementor-section elementor-top-section elementor-element elementor-element-702649ee elementor-section-boxed elementor-section-height-default elementor-section-height-default\" data-id=\"702649ee\" data-element_type=\"section\" data-e-type=\"section\">\n\t\t\t\t\t\t<div class=\"elementor-container elementor-column-gap-default\">\n\t\t\t\t\t<div class=\"elementor-column elementor-col-100 elementor-top-column elementor-element elementor-element-145d2209\" data-id=\"145d2209\" data-element_type=\"column\" data-e-type=\"column\">\n\t\t\t<div class=\"elementor-widget-wrap elementor-element-populated\">\n\t\t\t\t\t\t<div class=\"elementor-element elementor-element-34b5cbe5 elementor-widget elementor-widget-text-editor\" data-id=\"34b5cbe5\" data-element_type=\"widget\" data-e-type=\"widget\" data-widget_type=\"text-editor.default\">\n\t\t\t\t<div class=\"elementor-widget-container\">\n\t\t\t\t\t\t\t\t\t<h3><span style=\"color: #0693e3;\">Painel de controle de calor aut\u00f4nomo<\/span><\/h3><h5 style=\"letter-spacing: normal; text-align: left;\">Os pain\u00e9is de controle de calor independentes da PSI-Polymer Systems fornecem zonas de controle de calor adicionais quando voc\u00ea precisa de capacidade extra.\u00a0\u00a0<\/h5>\t\t\t\t\t\t\t\t<\/div>\n\t\t\t\t<\/div>\n\t\t\t\t\t<\/div>\n\t\t<\/div>\n\t\t\t\t\t<\/div>\n\t\t<\/section>\n\t\t\t\t<section class=\"elementor-section elementor-top-section elementor-element elementor-element-3c15c3ca elementor-section-boxed elementor-section-height-default elementor-section-height-default\" data-id=\"3c15c3ca\" data-element_type=\"section\" data-e-type=\"section\">\n\t\t\t\t\t\t<div class=\"elementor-container elementor-column-gap-default\">\n\t\t\t\t\t<div class=\"elementor-column elementor-col-33 elementor-top-column elementor-element elementor-element-3557562d\" data-id=\"3557562d\" data-element_type=\"column\" data-e-type=\"column\">\n\t\t\t<div class=\"elementor-widget-wrap elementor-element-populated\">\n\t\t\t\t\t\t<div class=\"elementor-element elementor-element-24ad70aa elementor-widget elementor-widget-image\" data-id=\"24ad70aa\" data-element_type=\"widget\" data-e-type=\"widget\" data-widget_type=\"image.default\">\n\t\t\t\t<div class=\"elementor-widget-container\">\n\t\t\t\t\t\t\t\t\t\t\t\t<figure class=\"wp-caption\">\n\t\t\t\t\t\t\t\t\t\t<img fetchpriority=\"high\" decoding=\"async\" width=\"799\" height=\"1024\" src=\"https:\/\/www.psi-polymersystems.com\/wp-content\/uploads\/2020\/08\/6Z-Heat-Control-799x1024.jpg\" class=\"attachment-large size-large wp-image-4347\" alt=\"Polymer Extrusion Heat Control Panel (HCP)\" srcset=\"https:\/\/www.psi-polymersystems.com\/wp-content\/uploads\/2020\/08\/6Z-Heat-Control-799x1024.jpg 799w, https:\/\/www.psi-polymersystems.com\/wp-content\/uploads\/2020\/08\/6Z-Heat-Control-234x300.jpg 234w, https:\/\/www.psi-polymersystems.com\/wp-content\/uploads\/2020\/08\/6Z-Heat-Control-768x984.jpg 768w, https:\/\/www.psi-polymersystems.com\/wp-content\/uploads\/2020\/08\/6Z-Heat-Control-1199x1536.jpg 1199w, https:\/\/www.psi-polymersystems.com\/wp-content\/uploads\/2020\/08\/6Z-Heat-Control-600x769.jpg 600w, https:\/\/www.psi-polymersystems.com\/wp-content\/uploads\/2020\/08\/6Z-Heat-Control.jpg 1491w\" sizes=\"(max-width: 799px) 100vw, 799px\" \/>\t\t\t\t\t\t\t\t\t\t\t<figcaption class=\"widget-image-caption wp-caption-text\">Mostrado: Painel de seis zonas<\/figcaption>\n\t\t\t\t\t\t\t\t\t\t<\/figure>\n\t\t\t\t\t\t\t\t\t<\/div>\n\t\t\t\t<\/div>\n\t\t\t\t<div class=\"elementor-element elementor-element-56a665f elementor-align-justify elementor-widget elementor-widget-button\" data-id=\"56a665f\" data-element_type=\"widget\" data-e-type=\"widget\" data-widget_type=\"button.default\">\n\t\t\t\t<div class=\"elementor-widget-container\">\n\t\t\t\t\t\t\t\t\t<div class=\"elementor-button-wrapper\">\n\t\t\t\t\t<a class=\"elementor-button elementor-button-link elementor-size-sm\" href=\"\/pt\/products\/controls\/\">\n\t\t\t\t\t\t<span class=\"elementor-button-content-wrapper\">\n\t\t\t\t\t\t\t\t\t<span class=\"elementor-button-text\">Voltar ao resumo dos controles<\/span>\n\t\t\t\t\t<\/span>\n\t\t\t\t\t<\/a>\n\t\t\t\t<\/div>\n\t\t\t\t\t\t\t\t<\/div>\n\t\t\t\t<\/div>\n\t\t\t\t\t<\/div>\n\t\t<\/div>\n\t\t\t\t<div class=\"elementor-column elementor-col-33 elementor-top-column elementor-element elementor-element-4b5b17d0\" data-id=\"4b5b17d0\" data-element_type=\"column\" data-e-type=\"column\">\n\t\t\t<div class=\"elementor-widget-wrap elementor-element-populated\">\n\t\t\t\t\t\t<div class=\"elementor-element elementor-element-e7ad6ff elementor-widget elementor-widget-text-editor\" data-id=\"e7ad6ff\" data-element_type=\"widget\" data-e-type=\"widget\" data-widget_type=\"text-editor.default\">\n\t\t\t\t<div class=\"elementor-widget-container\">\n\t\t\t\t\t\t\t\t\t<h4><span style=\"color: #0693e3;\">Descri\u00e7\u00e3o do produto<\/span><\/h4>\n<p>O controle de calor auxiliar suporta reajustes ou expans\u00f5es de linha.&nbsp;<\/p>\n<p>Cada painel de calor inclui:<\/p>\n<ul>\n<li>Rel\u00e9s de estado s\u00f3lido<\/li>\n<li>Disjuntores separados para cada zona<\/li>\n<li>At\u00e9 seis (6) zonas discretas de controle de temperatura<\/li>\n<li>Pain\u00e9is personalizados dispon\u00edveis para zonas adicionais<\/li>\n<\/ul>\t\t\t\t\t\t\t\t<\/div>\n\t\t\t\t<\/div>\n\t\t\t\t\t<\/div>\n\t\t<\/div>\n\t\t\t\t<div class=\"elementor-column elementor-col-33 elementor-top-column elementor-element elementor-element-28f18c07\" data-id=\"28f18c07\" data-element_type=\"column\" data-e-type=\"column\">\n\t\t\t<div class=\"elementor-widget-wrap elementor-element-populated\">\n\t\t\t\t\t\t\t<\/div>\n\t\t<\/div>\n\t\t\t\t\t<\/div>\n\t\t<\/section>\n\t\t\t\t<\/div>","protected":false},"excerpt":{"rendered":"<p>Painel de controle de calor aut\u00f4nomo Os pain\u00e9is de controle de calor aut\u00f4nomos da PSI-Polymer Systems fornecem zonas de controle de calor adicionais quando voc\u00ea precisa de capacidade extra. Mostrado: Painel de seis zonas Voltar para Resumo de controles Descri\u00e7\u00e3o do produto O controle de aquecimento auxiliar suporta reajustes ou expans\u00f5es de linha. Cada painel de aquecimento inclui: Rel\u00e9s de estado s\u00f3lido Disjuntores separados para cada zona At\u00e9 seis (6) [\u2026]<\/p>","protected":false},"author":2,"featured_media":0,"parent":349,"menu_order":0,"comment_status":"closed","ping_status":"closed","template":"","meta":{"_monsterinsights_skip_tracking":false,"_monsterinsights_sitenote_active":false,"_monsterinsights_sitenote_note":"","_monsterinsights_sitenote_category":0,"footnotes":""},"class_list":["post-133","page","type-page","status-publish","hentry"],"yoast_head":"<!-- This site is optimized with the Yoast SEO Premium plugin v25.0 (Yoast SEO v25.0) - https:\/\/yoast.com\/wordpress\/plugins\/seo\/ -->\n<title>Heat Control Panel (HCP) - PSI-Polymer Systems<\/title>\n<meta name=\"description\" content=\"PSI-Polymer Systems stand-alone heat control panels provide add-on extrusion equipment heat control zones when you need the added capacity.\" \/>\n<meta name=\"robots\" content=\"index, follow, max-snippet:-1, max-image-preview:large, max-video-preview:-1\" \/>\n<link rel=\"canonical\" href=\"https:\/\/www.psi-polymersystems.com\/pt\/products\/controls\/hcp\/\" \/>\n<meta property=\"og:locale\" content=\"pt_PT\" \/>\n<meta property=\"og:type\" content=\"article\" \/>\n<meta property=\"og:title\" content=\"Heat Control Panel (HCP)\" \/>\n<meta property=\"og:description\" content=\"Stand-Alone Heat Control PanelPSI-Polymer Systems stand-alone heat control panels provide add-on heat control zones when you need the extra capacity.\u00a0\u00a0\" \/>\n<meta property=\"og:url\" content=\"https:\/\/www.psi-polymersystems.com\/pt\/products\/controls\/hcp\/\" \/>\n<meta property=\"og:site_name\" content=\"PSI-Polymer Systems\" \/>\n<meta property=\"article:publisher\" content=\"https:\/\/www.facebook.com\/psipolymersystems\/\" \/>\n<meta property=\"article:modified_time\" content=\"2021-03-31T20:22:23+00:00\" \/>\n<meta property=\"og:image\" content=\"https:\/\/psi-polymersystems.com\/wp-content\/uploads\/2020\/08\/6Z-Heat-Control-799x1024.jpg\" \/>\n<meta name=\"twitter:card\" content=\"summary_large_image\" \/>\n<meta name=\"twitter:label1\" content=\"Tempo estimado de leitura\" \/>\n\t<meta name=\"twitter:data1\" content=\"1 minuto\" \/>\n<script type=\"application\/ld+json\" class=\"yoast-schema-graph\">{\"@context\":\"https:\/\/schema.org\",\"@graph\":[{\"@type\":\"WebPage\",\"@id\":\"https:\/\/www.psi-polymersystems.com\/ko\/products\/controls\/hcp\/\",\"url\":\"https:\/\/www.psi-polymersystems.com\/ko\/products\/controls\/hcp\/\",\"name\":\"Heat Control Panel (HCP) - PSI-Polymer Systems\",\"isPartOf\":{\"@id\":\"https:\/\/www.psi-polymersystems.com\/#website\"},\"primaryImageOfPage\":{\"@id\":\"https:\/\/www.psi-polymersystems.com\/ko\/products\/controls\/hcp\/#primaryimage\"},\"image\":{\"@id\":\"https:\/\/www.psi-polymersystems.com\/ko\/products\/controls\/hcp\/#primaryimage\"},\"thumbnailUrl\":\"https:\/\/psi-polymersystems.com\/wp-content\/uploads\/2020\/08\/6Z-Heat-Control-799x1024.jpg\",\"datePublished\":\"2020-07-06T14:31:04+00:00\",\"dateModified\":\"2021-03-31T20:22:23+00:00\",\"description\":\"PSI-Polymer Systems stand-alone heat control panels provide add-on extrusion equipment heat control zones when you need the added capacity.\",\"breadcrumb\":{\"@id\":\"https:\/\/www.psi-polymersystems.com\/ko\/products\/controls\/hcp\/#breadcrumb\"},\"inLanguage\":\"pt-PT\",\"potentialAction\":[{\"@type\":\"ReadAction\",\"target\":[\"https:\/\/www.psi-polymersystems.com\/ko\/products\/controls\/hcp\/\"]}]},{\"@type\":\"ImageObject\",\"inLanguage\":\"pt-PT\",\"@id\":\"https:\/\/www.psi-polymersystems.com\/ko\/products\/controls\/hcp\/#primaryimage\",\"url\":\"https:\/\/psi-polymersystems.com\/wp-content\/uploads\/2020\/08\/6Z-Heat-Control-799x1024.jpg\",\"contentUrl\":\"https:\/\/psi-polymersystems.com\/wp-content\/uploads\/2020\/08\/6Z-Heat-Control-799x1024.jpg\"},{\"@type\":\"BreadcrumbList\",\"@id\":\"https:\/\/www.psi-polymersystems.com\/ko\/products\/controls\/hcp\/#breadcrumb\",\"itemListElement\":[{\"@type\":\"ListItem\",\"position\":1,\"name\":\"Home\",\"item\":\"https:\/\/www.psi-polymersystems.com\/\"},{\"@type\":\"ListItem\",\"position\":2,\"name\":\"Product Overview\",\"item\":\"https:\/\/www.psi-polymersystems.com\/products\/\"},{\"@type\":\"ListItem\",\"position\":3,\"name\":\"Controls\",\"item\":\"https:\/\/www.psi-polymersystems.com\/es\/products\/controls\/\"},{\"@type\":\"ListItem\",\"position\":4,\"name\":\"Heat Control Panel (HCP)\"}]},{\"@type\":\"WebSite\",\"@id\":\"https:\/\/www.psi-polymersystems.com\/#website\",\"url\":\"https:\/\/www.psi-polymersystems.com\/\",\"name\":\"PSI-Polymer Systems\",\"description\":\"\",\"publisher\":{\"@id\":\"https:\/\/www.psi-polymersystems.com\/#organization\"},\"potentialAction\":[{\"@type\":\"SearchAction\",\"target\":{\"@type\":\"EntryPoint\",\"urlTemplate\":\"https:\/\/www.psi-polymersystems.com\/?s={search_term_string}\"},\"query-input\":{\"@type\":\"PropertyValueSpecification\",\"valueRequired\":true,\"valueName\":\"search_term_string\"}}],\"inLanguage\":\"pt-PT\"},{\"@type\":\"Organization\",\"@id\":\"https:\/\/www.psi-polymersystems.com\/#organization\",\"name\":\"PSI-Polymer Systems, Inc.\",\"url\":\"https:\/\/www.psi-polymersystems.com\/\",\"logo\":{\"@type\":\"ImageObject\",\"inLanguage\":\"pt-PT\",\"@id\":\"https:\/\/www.psi-polymersystems.com\/#\/schema\/logo\/image\/\",\"url\":\"\",\"contentUrl\":\"\",\"caption\":\"PSI-Polymer Systems, Inc.\"},\"image\":{\"@id\":\"https:\/\/www.psi-polymersystems.com\/#\/schema\/logo\/image\/\"},\"sameAs\":[\"https:\/\/www.facebook.com\/psipolymersystems\/\",\"https:\/\/www.linkedin.com\/showcase\/psi-polymer-systems\"]}]}<\/script>\n<!-- \/ Yoast SEO Premium plugin. -->","yoast_head_json":{"title":"Heat Control Panel (HCP) - PSI-Polymer Systems","description":"PSI-Polymer Systems stand-alone heat control panels provide add-on extrusion equipment heat control zones when you need the added capacity.","robots":{"index":"index","follow":"follow","max-snippet":"max-snippet:-1","max-image-preview":"max-image-preview:large","max-video-preview":"max-video-preview:-1"},"canonical":"https:\/\/www.psi-polymersystems.com\/pt\/products\/controls\/hcp\/","og_locale":"pt_PT","og_type":"article","og_title":"Heat Control Panel (HCP)","og_description":"Stand-Alone Heat Control PanelPSI-Polymer Systems stand-alone heat control panels provide add-on heat control zones when you need the extra capacity.\u00a0\u00a0","og_url":"https:\/\/www.psi-polymersystems.com\/pt\/products\/controls\/hcp\/","og_site_name":"PSI-Polymer Systems","article_publisher":"https:\/\/www.facebook.com\/psipolymersystems\/","article_modified_time":"2021-03-31T20:22:23+00:00","og_image":[{"url":"https:\/\/psi-polymersystems.com\/wp-content\/uploads\/2020\/08\/6Z-Heat-Control-799x1024.jpg","type":"","width":"","height":""}],"twitter_card":"summary_large_image","twitter_misc":{"Tempo estimado de leitura":"1 minuto"},"schema":{"@context":"https:\/\/schema.org","@graph":[{"@type":"WebPage","@id":"https:\/\/www.psi-polymersystems.com\/ko\/products\/controls\/hcp\/","url":"https:\/\/www.psi-polymersystems.com\/ko\/products\/controls\/hcp\/","name":"Heat Control Panel (HCP) - PSI-Polymer Systems","isPartOf":{"@id":"https:\/\/www.psi-polymersystems.com\/#website"},"primaryImageOfPage":{"@id":"https:\/\/www.psi-polymersystems.com\/ko\/products\/controls\/hcp\/#primaryimage"},"image":{"@id":"https:\/\/www.psi-polymersystems.com\/ko\/products\/controls\/hcp\/#primaryimage"},"thumbnailUrl":"https:\/\/psi-polymersystems.com\/wp-content\/uploads\/2020\/08\/6Z-Heat-Control-799x1024.jpg","datePublished":"2020-07-06T14:31:04+00:00","dateModified":"2021-03-31T20:22:23+00:00","description":"PSI-Polymer Systems stand-alone heat control panels provide add-on extrusion equipment heat control zones when you need the added capacity.","breadcrumb":{"@id":"https:\/\/www.psi-polymersystems.com\/ko\/products\/controls\/hcp\/#breadcrumb"},"inLanguage":"pt-PT","potentialAction":[{"@type":"ReadAction","target":["https:\/\/www.psi-polymersystems.com\/ko\/products\/controls\/hcp\/"]}]},{"@type":"ImageObject","inLanguage":"pt-PT","@id":"https:\/\/www.psi-polymersystems.com\/ko\/products\/controls\/hcp\/#primaryimage","url":"https:\/\/psi-polymersystems.com\/wp-content\/uploads\/2020\/08\/6Z-Heat-Control-799x1024.jpg","contentUrl":"https:\/\/psi-polymersystems.com\/wp-content\/uploads\/2020\/08\/6Z-Heat-Control-799x1024.jpg"},{"@type":"BreadcrumbList","@id":"https:\/\/www.psi-polymersystems.com\/ko\/products\/controls\/hcp\/#breadcrumb","itemListElement":[{"@type":"ListItem","position":1,"name":"Home","item":"https:\/\/www.psi-polymersystems.com\/"},{"@type":"ListItem","position":2,"name":"Product Overview","item":"https:\/\/www.psi-polymersystems.com\/products\/"},{"@type":"ListItem","position":3,"name":"Controls","item":"https:\/\/www.psi-polymersystems.com\/es\/products\/controls\/"},{"@type":"ListItem","position":4,"name":"Heat Control Panel (HCP)"}]},{"@type":"WebSite","@id":"https:\/\/www.psi-polymersystems.com\/#website","url":"https:\/\/www.psi-polymersystems.com\/","name":"PSI-Polymer Systems","description":"","publisher":{"@id":"https:\/\/www.psi-polymersystems.com\/#organization"},"potentialAction":[{"@type":"SearchAction","target":{"@type":"EntryPoint","urlTemplate":"https:\/\/www.psi-polymersystems.com\/?s={search_term_string}"},"query-input":{"@type":"PropertyValueSpecification","valueRequired":true,"valueName":"search_term_string"}}],"inLanguage":"pt-PT"},{"@type":"Organization","@id":"https:\/\/www.psi-polymersystems.com\/#organization","name":"PSI-Polymer Systems, Inc.","url":"https:\/\/www.psi-polymersystems.com\/","logo":{"@type":"ImageObject","inLanguage":"pt-PT","@id":"https:\/\/www.psi-polymersystems.com\/#\/schema\/logo\/image\/","url":"","contentUrl":"","caption":"PSI-Polymer Systems, Inc."},"image":{"@id":"https:\/\/www.psi-polymersystems.com\/#\/schema\/logo\/image\/"},"sameAs":["https:\/\/www.facebook.com\/psipolymersystems\/","https:\/\/www.linkedin.com\/showcase\/psi-polymer-systems"]}]}},"_links":{"self":[{"href":"https:\/\/www.psi-polymersystems.com\/pt\/wp-json\/wp\/v2\/pages\/133","targetHints":{"allow":["GET"]}}],"collection":[{"href":"https:\/\/www.psi-polymersystems.com\/pt\/wp-json\/wp\/v2\/pages"}],"about":[{"href":"https:\/\/www.psi-polymersystems.com\/pt\/wp-json\/wp\/v2\/types\/page"}],"author":[{"embeddable":true,"href":"https:\/\/www.psi-polymersystems.com\/pt\/wp-json\/wp\/v2\/users\/2"}],"replies":[{"embeddable":true,"href":"https:\/\/www.psi-polymersystems.com\/pt\/wp-json\/wp\/v2\/comments?post=133"}],"version-history":[{"count":0,"href":"https:\/\/www.psi-polymersystems.com\/pt\/wp-json\/wp\/v2\/pages\/133\/revisions"}],"up":[{"embeddable":true,"href":"https:\/\/www.psi-polymersystems.com\/pt\/wp-json\/wp\/v2\/pages\/349"}],"wp:attachment":[{"href":"https:\/\/www.psi-polymersystems.com\/pt\/wp-json\/wp\/v2\/media?parent=133"}],"curies":[{"name":"wp","href":"https:\/\/api.w.org\/{rel}","templated":true}]}}