{"id":137,"date":"2020-07-06T14:32:30","date_gmt":"2020-07-06T14:32:30","guid":{"rendered":"https:\/\/psi-polymersystems.com\/?page_id=137"},"modified":"2024-07-26T18:10:49","modified_gmt":"2024-07-26T18:10:49","slug":"about-us","status":"publish","type":"page","link":"https:\/\/www.psi-polymersystems.com\/pt\/about-us\/","title":{"rendered":"Sobre n\u00f3s"},"content":{"rendered":"<div data-elementor-type=\"wp-page\" data-elementor-id=\"137\" class=\"elementor elementor-137\" data-elementor-post-type=\"page\">\n\t\t\t\t\t\t<section class=\"elementor-section elementor-top-section elementor-element elementor-element-65c99629 elementor-section-boxed elementor-section-height-default elementor-section-height-default\" data-id=\"65c99629\" data-element_type=\"section\" data-e-type=\"section\">\n\t\t\t\t\t\t<div class=\"elementor-container elementor-column-gap-default\">\n\t\t\t\t\t<div class=\"elementor-column elementor-col-50 elementor-top-column elementor-element elementor-element-592006da\" data-id=\"592006da\" data-element_type=\"column\" data-e-type=\"column\">\n\t\t\t<div class=\"elementor-widget-wrap elementor-element-populated\">\n\t\t\t\t\t\t<div class=\"elementor-element elementor-element-e481e13 elementor-widget elementor-widget-text-editor\" data-id=\"e481e13\" data-element_type=\"widget\" data-e-type=\"widget\" data-widget_type=\"text-editor.default\">\n\t\t\t\t<div class=\"elementor-widget-container\">\n\t\t\t\t\t\t\t\t\t<div><h2 class=\"elementor-heading-title elementor-size-default elementor-inline-editing pen\" style=\"letter-spacing: normal; text-align: left; color: #7a7a7a;\" data-elementor-setting-key=\"title\" data-pen-placeholder=\"Type Here...\">Sobre n\u00f3s<\/h2><\/div>\t\t\t\t\t\t\t\t<\/div>\n\t\t\t\t<\/div>\n\t\t\t\t\t<\/div>\n\t\t<\/div>\n\t\t\t\t<div class=\"elementor-column elementor-col-50 elementor-top-column elementor-element elementor-element-3335e9c2\" data-id=\"3335e9c2\" data-element_type=\"column\" data-e-type=\"column\">\n\t\t\t<div class=\"elementor-widget-wrap elementor-element-populated\">\n\t\t\t\t\t\t\t<\/div>\n\t\t<\/div>\n\t\t\t\t\t<\/div>\n\t\t<\/section>\n\t\t\t\t<section class=\"elementor-section elementor-top-section elementor-element elementor-element-73b1f728 elementor-section-boxed elementor-section-height-default elementor-section-height-default\" data-id=\"73b1f728\" data-element_type=\"section\" data-e-type=\"section\">\n\t\t\t\t\t\t<div class=\"elementor-container elementor-column-gap-default\">\n\t\t\t\t\t<div class=\"elementor-column elementor-col-50 elementor-top-column elementor-element elementor-element-1111a7ae\" data-id=\"1111a7ae\" data-element_type=\"column\" data-e-type=\"column\">\n\t\t\t<div class=\"elementor-widget-wrap elementor-element-populated\">\n\t\t\t\t\t\t<div class=\"elementor-element elementor-element-740416b1 elementor-widget elementor-widget-text-editor\" data-id=\"740416b1\" data-element_type=\"widget\" data-e-type=\"widget\" data-widget_type=\"text-editor.default\">\n\t\t\t\t<div class=\"elementor-widget-container\">\n\t\t\t\t\t\t\t\t\t<p style=\"background: white; margin: 0in 0in 12.0pt 0in;\"><span style=\"font-family: 'Helvetica',sans-serif; color: #3b3d42;\">Com sede em Conover, Carolina do Norte, a PSI-Polymer Systems, Inc. \u00e9 fornecedora l\u00edder global de bombas de engrenagens de alto desempenho, trocadores de tela, auxiliares personalizados e recondicionamentos para as ind\u00fastrias de pol\u00edmeros, adesivos, produtos qu\u00edmicos e processamento de alimentos.<\/span><\/p><p style=\"background: white; box-sizing: border-box; font-variant-ligatures: normal; font-variant-caps: normal; orphans: 2; widows: 2; -webkit-text-stroke-width: 0px; text-decoration-thickness: initial; text-decoration-style: initial; text-decoration-color: initial; word-spacing: 0px; margin: 0in 0in 12.0pt 0in;\"><span style=\"font-family: 'Helvetica',sans-serif; color: #3b3d42;\">Fundada em 2000 por um veterano do setor e apoiada por uma equipe dedicada de ex-propriet\u00e1rios de empresas de bombas de engrenagens e trocadores de tela, a vis\u00e3o da PSI de sistematizar o hardware do processo entre a extrusora e a matriz rapidamente se consolidou. Introduzindo tecnologias que incorporam melhorias de m\u00e1quinas propriet\u00e1rias e patenteadas, a PSI desafiou o projeto de sistemas convencionais e, por fim, elevou os padr\u00f5es da ind\u00fastria em termos de desempenho e fornecimento.\u00a0<\/span><\/p><p style=\"background: white; box-sizing: border-box; font-variant-ligatures: normal; font-variant-caps: normal; orphans: 2; widows: 2; -webkit-text-stroke-width: 0px; text-decoration-thickness: initial; text-decoration-style: initial; text-decoration-color: initial; word-spacing: 0px; margin: 0in 0in 12.0pt 0in;\"><span style=\"font-family: 'Helvetica',sans-serif; color: #3b3d42;\">Nosso pessoal trabalha duro para enfrentar todos os desafios e superar as expectativas sempre que poss\u00edvel. Os resultados levaram a v\u00e1rias novas patentes. No entanto, nem todo inqu\u00e9rito precisa de equipamento como solu\u00e7\u00e3o. Para alguns, tudo o que \u00e9 necess\u00e1rio \u00e9 uma melhor compreens\u00e3o de como funciona um sistema existente, seja educando o pessoal da f\u00e1brica, compreendendo a interoperabilidade do hardware ou analisando e melhorando as condi\u00e7\u00f5es de processamento. A abordagem consultiva da PSI est\u00e1 estruturada para ajudar os processadores a encontrar a melhor solu\u00e7\u00e3o para um problema espec\u00edfico. Se estabelecermos um relacionamento comercial cont\u00ednuo, tanto melhor. \u00c9 disso que se trata.<\/span><\/p><p style=\"background: white; box-sizing: border-box; font-variant-ligatures: normal; font-variant-caps: normal; orphans: 2; widows: 2; -webkit-text-stroke-width: 0px; text-decoration-thickness: initial; text-decoration-style: initial; text-decoration-color: initial; word-spacing: 0px; margin: 0in 0in 12.0pt 0in;\"><span style=\"font-family: 'Helvetica',sans-serif; color: #3b3d42;\">Nossas solu\u00e7\u00f5es de equipamentos e sistemas s\u00e3o as melhores que o setor oferece, mas o cora\u00e7\u00e3o est\u00e1 em nosso pessoal e em nosso compromisso de fazer o que for necess\u00e1rio para satisfazer nossos clientes.<\/span><\/p><p style=\"background: white; box-sizing: border-box; font-variant-ligatures: normal; font-variant-caps: normal; orphans: 2; widows: 2; -webkit-text-stroke-width: 0px; text-decoration-thickness: initial; text-decoration-style: initial; text-decoration-color: initial; word-spacing: 0px; margin: 0in 0in 12.0pt 0in;\"><span style=\"font-family: 'Helvetica',sans-serif; color: #3b3d42;\"><a style=\"box-sizing: border-box; transition: 0.3s; box-shadow: none;\" href=\"https:\/\/www.psi-polymersystems.com\/pt\/accomplishments\/\"><span style=\"color: #398ffc; text-decoration: none; text-underline: none;\">Clique aqui<\/span><\/a>\u00a0para marcos ao longo de nossa jornada.<\/span><\/p>\t\t\t\t\t\t\t\t<\/div>\n\t\t\t\t<\/div>\n\t\t\t\t\t<\/div>\n\t\t<\/div>\n\t\t\t\t<div class=\"elementor-column elementor-col-50 elementor-top-column elementor-element elementor-element-c39be45\" data-id=\"c39be45\" data-element_type=\"column\" data-e-type=\"column\">\n\t\t\t<div class=\"elementor-widget-wrap elementor-element-populated\">\n\t\t\t\t\t\t<div class=\"elementor-element elementor-element-78572a6 elementor-widget elementor-widget-image\" data-id=\"78572a6\" data-element_type=\"widget\" data-e-type=\"widget\" data-widget_type=\"image.default\">\n\t\t\t\t<div class=\"elementor-widget-container\">\n\t\t\t\t\t\t\t\t\t\t\t\t\t\t\t<img fetchpriority=\"high\" decoding=\"async\" width=\"758\" height=\"1024\" src=\"https:\/\/www.psi-polymersystems.com\/wp-content\/uploads\/2020\/08\/About-Us-758x1024.jpg\" class=\"attachment-large size-large wp-image-4299\" alt=\"About PSI Polymer Systems Inc. Employees\" srcset=\"https:\/\/www.psi-polymersystems.com\/wp-content\/uploads\/2020\/08\/About-Us-758x1024.jpg 758w, https:\/\/www.psi-polymersystems.com\/wp-content\/uploads\/2020\/08\/About-Us-222x300.jpg 222w, https:\/\/www.psi-polymersystems.com\/wp-content\/uploads\/2020\/08\/About-Us-768x1038.jpg 768w, https:\/\/www.psi-polymersystems.com\/wp-content\/uploads\/2020\/08\/About-Us-1136x1536.jpg 1136w, https:\/\/www.psi-polymersystems.com\/wp-content\/uploads\/2020\/08\/About-Us-370x500.jpg 370w, https:\/\/www.psi-polymersystems.com\/wp-content\/uploads\/2020\/08\/About-Us-600x811.jpg 600w, https:\/\/www.psi-polymersystems.com\/wp-content\/uploads\/2020\/08\/About-Us.jpg 1200w\" sizes=\"(max-width: 758px) 100vw, 758px\" \/>\t\t\t\t\t\t\t\t\t\t\t\t\t\t\t<\/div>\n\t\t\t\t<\/div>\n\t\t\t\t\t<\/div>\n\t\t<\/div>\n\t\t\t\t\t<\/div>\n\t\t<\/section>\n\t\t\t\t<\/div>","protected":false},"excerpt":{"rendered":"<p>Sobre n\u00f3s Com sede em Conover, Carolina do Norte, a PSI-Polymer Systems, Inc. \u00e9 uma fornecedora global l\u00edder de bombas de engrenagem de alto desempenho, trocadores de tela, auxiliares personalizados e reconstru\u00e7\u00f5es para as ind\u00fastrias de pol\u00edmeros, adesivos, produtos qu\u00edmicos e processamento de alimentos. Fundada em 2000 por um veterano da ind\u00fastria e apoiada por uma equipe dedicada de antigos propriet\u00e1rios de neg\u00f3cios de bombas de engrenagem e trocadores de tela, [\u2026]<\/p>","protected":false},"author":2,"featured_media":0,"parent":0,"menu_order":0,"comment_status":"closed","ping_status":"closed","template":"","meta":{"_monsterinsights_skip_tracking":false,"_monsterinsights_sitenote_active":false,"_monsterinsights_sitenote_note":"","_monsterinsights_sitenote_category":0,"footnotes":""},"class_list":["post-137","page","type-page","status-publish","hentry"],"yoast_head":"<!-- This site is optimized with the Yoast SEO Premium plugin v25.0 (Yoast SEO v25.0) - https:\/\/yoast.com\/wordpress\/plugins\/seo\/ -->\n<title>About Us - PSI-Polymer Systems<\/title>\n<meta name=\"description\" content=\"Learn about high-performance gear pumps, screen changers &amp; auxiliaries for the polymer, adhesive and chemical industries. PSI-Polymer Systems - made in the USA.\" \/>\n<meta name=\"robots\" content=\"index, follow, max-snippet:-1, max-image-preview:large, max-video-preview:-1\" \/>\n<link rel=\"canonical\" href=\"https:\/\/www.psi-polymersystems.com\/pt\/about-us\/\" \/>\n<meta property=\"og:locale\" content=\"pt_PT\" \/>\n<meta property=\"og:type\" content=\"article\" \/>\n<meta property=\"og:title\" content=\"About Us\" \/>\n<meta property=\"og:description\" content=\"About UsHeadquartered in Conover, North Carolina, PSI-Polymer Systems, Inc. is a leading global supplier of high-performance gear pumps, screen changers,\" \/>\n<meta property=\"og:url\" content=\"https:\/\/www.psi-polymersystems.com\/pt\/about-us\/\" \/>\n<meta property=\"og:site_name\" content=\"PSI-Polymer Systems\" \/>\n<meta property=\"article:publisher\" content=\"https:\/\/www.facebook.com\/psipolymersystems\/\" \/>\n<meta property=\"article:modified_time\" content=\"2024-07-26T18:10:49+00:00\" \/>\n<meta property=\"og:image\" content=\"https:\/\/www.psi-polymersystems.com\/wp-content\/uploads\/2020\/08\/About-Us-758x1024.jpg\" \/>\n<meta name=\"twitter:card\" content=\"summary_large_image\" \/>\n<meta name=\"twitter:label1\" content=\"Tempo estimado de leitura\" \/>\n\t<meta name=\"twitter:data1\" content=\"2 minutos\" \/>\n<script type=\"application\/ld+json\" class=\"yoast-schema-graph\">{\"@context\":\"https:\/\/schema.org\",\"@graph\":[{\"@type\":\"WebPage\",\"@id\":\"https:\/\/www.psi-polymersystems.com\/about-us\/\",\"url\":\"https:\/\/www.psi-polymersystems.com\/about-us\/\",\"name\":\"About Us - PSI-Polymer Systems\",\"isPartOf\":{\"@id\":\"https:\/\/www.psi-polymersystems.com\/#website\"},\"primaryImageOfPage\":{\"@id\":\"https:\/\/www.psi-polymersystems.com\/about-us\/#primaryimage\"},\"image\":{\"@id\":\"https:\/\/www.psi-polymersystems.com\/about-us\/#primaryimage\"},\"thumbnailUrl\":\"https:\/\/www.psi-polymersystems.com\/wp-content\/uploads\/2020\/08\/About-Us-758x1024.jpg\",\"datePublished\":\"2020-07-06T14:32:30+00:00\",\"dateModified\":\"2024-07-26T18:10:49+00:00\",\"description\":\"Learn about high-performance gear pumps, screen changers & auxiliaries for the polymer, adhesive and chemical industries. PSI-Polymer Systems - made in the USA.\",\"breadcrumb\":{\"@id\":\"https:\/\/www.psi-polymersystems.com\/about-us\/#breadcrumb\"},\"inLanguage\":\"pt-PT\",\"potentialAction\":[{\"@type\":\"ReadAction\",\"target\":[\"https:\/\/www.psi-polymersystems.com\/about-us\/\"]}]},{\"@type\":\"ImageObject\",\"inLanguage\":\"pt-PT\",\"@id\":\"https:\/\/www.psi-polymersystems.com\/about-us\/#primaryimage\",\"url\":\"https:\/\/www.psi-polymersystems.com\/wp-content\/uploads\/2020\/08\/About-Us-758x1024.jpg\",\"contentUrl\":\"https:\/\/www.psi-polymersystems.com\/wp-content\/uploads\/2020\/08\/About-Us-758x1024.jpg\"},{\"@type\":\"BreadcrumbList\",\"@id\":\"https:\/\/www.psi-polymersystems.com\/about-us\/#breadcrumb\",\"itemListElement\":[{\"@type\":\"ListItem\",\"position\":1,\"name\":\"Home\",\"item\":\"https:\/\/www.psi-polymersystems.com\/\"},{\"@type\":\"ListItem\",\"position\":2,\"name\":\"About Us\"}]},{\"@type\":\"WebSite\",\"@id\":\"https:\/\/www.psi-polymersystems.com\/#website\",\"url\":\"https:\/\/www.psi-polymersystems.com\/\",\"name\":\"PSI-Polymer Systems\",\"description\":\"\",\"publisher\":{\"@id\":\"https:\/\/www.psi-polymersystems.com\/#organization\"},\"potentialAction\":[{\"@type\":\"SearchAction\",\"target\":{\"@type\":\"EntryPoint\",\"urlTemplate\":\"https:\/\/www.psi-polymersystems.com\/?s={search_term_string}\"},\"query-input\":{\"@type\":\"PropertyValueSpecification\",\"valueRequired\":true,\"valueName\":\"search_term_string\"}}],\"inLanguage\":\"pt-PT\"},{\"@type\":\"Organization\",\"@id\":\"https:\/\/www.psi-polymersystems.com\/#organization\",\"name\":\"PSI-Polymer Systems, Inc.\",\"url\":\"https:\/\/www.psi-polymersystems.com\/\",\"logo\":{\"@type\":\"ImageObject\",\"inLanguage\":\"pt-PT\",\"@id\":\"https:\/\/www.psi-polymersystems.com\/#\/schema\/logo\/image\/\",\"url\":\"\",\"contentUrl\":\"\",\"caption\":\"PSI-Polymer Systems, Inc.\"},\"image\":{\"@id\":\"https:\/\/www.psi-polymersystems.com\/#\/schema\/logo\/image\/\"},\"sameAs\":[\"https:\/\/www.facebook.com\/psipolymersystems\/\",\"https:\/\/www.linkedin.com\/showcase\/psi-polymer-systems\"]}]}<\/script>\n<!-- \/ Yoast SEO Premium plugin. -->","yoast_head_json":{"title":"About Us - PSI-Polymer Systems","description":"Learn about high-performance gear pumps, screen changers & auxiliaries for the polymer, adhesive and chemical industries. PSI-Polymer Systems - made in the USA.","robots":{"index":"index","follow":"follow","max-snippet":"max-snippet:-1","max-image-preview":"max-image-preview:large","max-video-preview":"max-video-preview:-1"},"canonical":"https:\/\/www.psi-polymersystems.com\/pt\/about-us\/","og_locale":"pt_PT","og_type":"article","og_title":"About Us","og_description":"About UsHeadquartered in Conover, North Carolina, PSI-Polymer Systems, Inc. is a leading global supplier of high-performance gear pumps, screen changers,","og_url":"https:\/\/www.psi-polymersystems.com\/pt\/about-us\/","og_site_name":"PSI-Polymer Systems","article_publisher":"https:\/\/www.facebook.com\/psipolymersystems\/","article_modified_time":"2024-07-26T18:10:49+00:00","og_image":[{"url":"https:\/\/www.psi-polymersystems.com\/wp-content\/uploads\/2020\/08\/About-Us-758x1024.jpg","type":"","width":"","height":""}],"twitter_card":"summary_large_image","twitter_misc":{"Tempo estimado de leitura":"2 minutos"},"schema":{"@context":"https:\/\/schema.org","@graph":[{"@type":"WebPage","@id":"https:\/\/www.psi-polymersystems.com\/about-us\/","url":"https:\/\/www.psi-polymersystems.com\/about-us\/","name":"About Us - PSI-Polymer Systems","isPartOf":{"@id":"https:\/\/www.psi-polymersystems.com\/#website"},"primaryImageOfPage":{"@id":"https:\/\/www.psi-polymersystems.com\/about-us\/#primaryimage"},"image":{"@id":"https:\/\/www.psi-polymersystems.com\/about-us\/#primaryimage"},"thumbnailUrl":"https:\/\/www.psi-polymersystems.com\/wp-content\/uploads\/2020\/08\/About-Us-758x1024.jpg","datePublished":"2020-07-06T14:32:30+00:00","dateModified":"2024-07-26T18:10:49+00:00","description":"Learn about high-performance gear pumps, screen changers & auxiliaries for the polymer, adhesive and chemical industries. PSI-Polymer Systems - made in the USA.","breadcrumb":{"@id":"https:\/\/www.psi-polymersystems.com\/about-us\/#breadcrumb"},"inLanguage":"pt-PT","potentialAction":[{"@type":"ReadAction","target":["https:\/\/www.psi-polymersystems.com\/about-us\/"]}]},{"@type":"ImageObject","inLanguage":"pt-PT","@id":"https:\/\/www.psi-polymersystems.com\/about-us\/#primaryimage","url":"https:\/\/www.psi-polymersystems.com\/wp-content\/uploads\/2020\/08\/About-Us-758x1024.jpg","contentUrl":"https:\/\/www.psi-polymersystems.com\/wp-content\/uploads\/2020\/08\/About-Us-758x1024.jpg"},{"@type":"BreadcrumbList","@id":"https:\/\/www.psi-polymersystems.com\/about-us\/#breadcrumb","itemListElement":[{"@type":"ListItem","position":1,"name":"Home","item":"https:\/\/www.psi-polymersystems.com\/"},{"@type":"ListItem","position":2,"name":"About Us"}]},{"@type":"WebSite","@id":"https:\/\/www.psi-polymersystems.com\/#website","url":"https:\/\/www.psi-polymersystems.com\/","name":"PSI-Polymer Systems","description":"","publisher":{"@id":"https:\/\/www.psi-polymersystems.com\/#organization"},"potentialAction":[{"@type":"SearchAction","target":{"@type":"EntryPoint","urlTemplate":"https:\/\/www.psi-polymersystems.com\/?s={search_term_string}"},"query-input":{"@type":"PropertyValueSpecification","valueRequired":true,"valueName":"search_term_string"}}],"inLanguage":"pt-PT"},{"@type":"Organization","@id":"https:\/\/www.psi-polymersystems.com\/#organization","name":"PSI-Polymer Systems, Inc.","url":"https:\/\/www.psi-polymersystems.com\/","logo":{"@type":"ImageObject","inLanguage":"pt-PT","@id":"https:\/\/www.psi-polymersystems.com\/#\/schema\/logo\/image\/","url":"","contentUrl":"","caption":"PSI-Polymer Systems, Inc."},"image":{"@id":"https:\/\/www.psi-polymersystems.com\/#\/schema\/logo\/image\/"},"sameAs":["https:\/\/www.facebook.com\/psipolymersystems\/","https:\/\/www.linkedin.com\/showcase\/psi-polymer-systems"]}]}},"_links":{"self":[{"href":"https:\/\/www.psi-polymersystems.com\/pt\/wp-json\/wp\/v2\/pages\/137","targetHints":{"allow":["GET"]}}],"collection":[{"href":"https:\/\/www.psi-polymersystems.com\/pt\/wp-json\/wp\/v2\/pages"}],"about":[{"href":"https:\/\/www.psi-polymersystems.com\/pt\/wp-json\/wp\/v2\/types\/page"}],"author":[{"embeddable":true,"href":"https:\/\/www.psi-polymersystems.com\/pt\/wp-json\/wp\/v2\/users\/2"}],"replies":[{"embeddable":true,"href":"https:\/\/www.psi-polymersystems.com\/pt\/wp-json\/wp\/v2\/comments?post=137"}],"version-history":[{"count":3,"href":"https:\/\/www.psi-polymersystems.com\/pt\/wp-json\/wp\/v2\/pages\/137\/revisions"}],"predecessor-version":[{"id":12086,"href":"https:\/\/www.psi-polymersystems.com\/pt\/wp-json\/wp\/v2\/pages\/137\/revisions\/12086"}],"wp:attachment":[{"href":"https:\/\/www.psi-polymersystems.com\/pt\/wp-json\/wp\/v2\/media?parent=137"}],"curies":[{"name":"wp","href":"https:\/\/api.w.org\/{rel}","templated":true}]}}