{"id":145,"date":"2020-07-06T14:35:21","date_gmt":"2020-07-06T14:35:21","guid":{"rendered":"https:\/\/psi-polymersystems.com\/?page_id=145"},"modified":"2020-09-15T13:52:25","modified_gmt":"2020-09-15T13:52:25","slug":"testimonials","status":"publish","type":"page","link":"https:\/\/www.psi-polymersystems.com\/pt\/testimonials\/","title":{"rendered":"Depoimentos"},"content":{"rendered":"<div data-elementor-type=\"wp-page\" data-elementor-id=\"145\" class=\"elementor elementor-145\" data-elementor-post-type=\"page\">\n\t\t\t\t\t\t<section class=\"elementor-section elementor-top-section elementor-element elementor-element-2c299cb elementor-section-boxed elementor-section-height-default elementor-section-height-default\" data-id=\"2c299cb\" data-element_type=\"section\" data-e-type=\"section\">\n\t\t\t\t\t\t<div class=\"elementor-container elementor-column-gap-default\">\n\t\t\t\t\t<div class=\"elementor-column elementor-col-100 elementor-top-column elementor-element elementor-element-e63f21d\" data-id=\"e63f21d\" data-element_type=\"column\" data-e-type=\"column\">\n\t\t\t<div class=\"elementor-widget-wrap elementor-element-populated\">\n\t\t\t\t\t\t<div class=\"elementor-element elementor-element-8b9ecba elementor-widget elementor-widget-text-editor\" data-id=\"8b9ecba\" data-element_type=\"widget\" data-e-type=\"widget\" data-widget_type=\"text-editor.default\">\n\t\t\t\t<div class=\"elementor-widget-container\">\n\t\t\t\t\t\t\t\t\t<h3>Como os equipamentos da PSI t\u00eam beneficiado essas empresas!<\/h3>\t\t\t\t\t\t\t\t<\/div>\n\t\t\t\t<\/div>\n\t\t\t\t\t<\/div>\n\t\t<\/div>\n\t\t\t\t\t<\/div>\n\t\t<\/section>\n\t\t\t\t<section class=\"elementor-section elementor-top-section elementor-element elementor-element-35cd8c2c elementor-section-boxed elementor-section-height-default elementor-section-height-default\" data-id=\"35cd8c2c\" data-element_type=\"section\" data-e-type=\"section\">\n\t\t\t\t\t\t<div class=\"elementor-container elementor-column-gap-default\">\n\t\t\t\t\t<div class=\"elementor-column elementor-col-100 elementor-top-column elementor-element elementor-element-4af4ce64\" data-id=\"4af4ce64\" data-element_type=\"column\" data-e-type=\"column\">\n\t\t\t<div class=\"elementor-widget-wrap elementor-element-populated\">\n\t\t\t\t\t\t<div class=\"elementor-element elementor-element-5f3c7943 elementor-widget elementor-widget-text-editor\" data-id=\"5f3c7943\" data-element_type=\"widget\" data-e-type=\"widget\" data-widget_type=\"text-editor.default\">\n\t\t\t\t<div class=\"elementor-widget-container\">\n\t\t\t\t\t\t\t\t\t\n<h3 class=\"wp-block-heading\"><span style=\"color: #0693e3;\">Resinas Verity<\/span><\/h3>\n\n<p>Quando pedimos \u00e0 PSI-Polymer Systems que nos fornecesse um trocador de tela que permitisse um maior rendimento, a PSI vendeu uma unidade da Verity Resins enquanto fornecia uma garantia de aumento de produ\u00e7\u00e3o 20%. N\u00e3o s\u00f3 conseguimos um aumento de produtividade de 20%, mas tamb\u00e9m recebemos excelente treinamento pr\u00e1tico e assist\u00eancia t\u00e9cnica que voc\u00ea esperaria de um fornecedor de N\u00edvel 1. Recomendamos a PSI como fornecedor de primeira escolha para qualquer empresa que pretenda adicionar um trocador de tela ou bomba de engrenagem. Servi\u00e7o e suporte s\u00e3o t\u00e3o importantes quanto o equipamento para n\u00f3s e a PSI oferece ambos.<\/p>\n\n<h3 class=\"wp-block-heading\"><span style=\"color: #0693e3;\">Embalagem Pen\u00ednsula<\/span><\/h3>\n\n<p>A Peninsula Packaging teve grande sucesso trabalhando com PSI-Polymer Systems em bombas de engrenagem, trocadores de tela e misturadores est\u00e1ticos. Recomendamos a qualquer empresa de extrus\u00e3o que trabalhe com a PSI, pois fabrica produtos de qualidade em equipamentos auxiliares de extrus\u00e3o.<\/p>\n\n<h3 class=\"wp-block-heading\"><span style=\"color: #0693e3;\">HB Fuller<\/span><\/h3>\n\n<p>A HB Fuller instalou v\u00e1rios trocadores de tela e bombas de engrenagem fabricados pela PSI-Polymer Systems. A PSI possui uma excelente linha de produtos, atendimento ao cliente inigual\u00e1vel e continua desenvolvendo novas tecnologias que melhoraram diretamente o processo pelo qual fabricamos nossos produtos.<\/p>\n\n<h3 class=\"wp-block-heading\"><span style=\"color: #0693e3;\">Solu\u00e7\u00f5es de processo adesivo<\/span><\/h3>\n\n<p>Implementamos trocadores de tela e bombas de engrenagem da PSI-Polymer Systems em nossas aplica\u00e7\u00f5es de adesivos hot melt. A PSI tem uma equipe extremamente experiente. Eles t\u00eam a experi\u00eancia de aplica\u00e7\u00e3o necess\u00e1ria para determinar exatamente o que \u00e9 necess\u00e1rio para otimizar nossos processos de adesivos. A PSI examina minuciosamente cada aplica\u00e7\u00e3o e fornece o que \u00e9 necess\u00e1rio para obter os resultados finais desejados. Quando precisamos de trocadores de tela ou bombas de engrenagem, recorremos aos especialistas da PSI. Para obter informa\u00e7\u00f5es adicionais sobre solu\u00e7\u00f5es de processo adesivo, entre em contato com:<\/p>\n\n<ul class=\"wp-block-list\">\n<li>Dwayne Free<\/li>\n<li>Adhesive Process Solutions LLC<\/li>\n<li>Caixa Postal 4<\/li>\n<li>Bandana, KY 42022<\/li>\n<li>270-559-5377 c\u00e9lula<\/li>\n<li>270-224-2699 escrit\u00f3rio<\/li>\n<li><a href=\"mailto:dfree@adhesiveprocesssolutions.com?subject=Information Regarding Adhesive Process Solutions\">dfree@adhesiveprocesssolutions.com<\/a><\/li>\n<\/ul>\n\n<h3 class=\"wp-block-heading\"><span style=\"color: #0693e3;\">Aeropro<\/span><\/h3>\n\n<p>Estamos muito satisfeitos com a PSI-Polymer Systems. Existem v\u00e1rias coisas que comp\u00f5em uma grande empresa e come\u00e7a com seu pessoal, seu produto e seu servi\u00e7o. O PSI tem uma classifica\u00e7\u00e3o alta em todos os tr\u00eas em nosso livro. O melhor lugar para bombas de engrenagem nos EUA! A equipe de suporte da PSI est\u00e1 por tr\u00e1s de seus produtos. Sua equipe de servi\u00e7o tem a experi\u00eancia e o conhecimento para responder a todas as perguntas que fazemos a eles! N\u00e3o vejo como pode melhorar. Voc\u00eas s\u00e3o bons no que fazem.<\/p>\n\n<h3 class=\"wp-block-heading\"><span style=\"color: #0693e3;\">Extrus\u00f5es Pl\u00e1sticas Gerais<\/span><\/h3>\n\n<p>A General Plastic Extrusions substituiu v\u00e1rios trocadores de tela pelos trocadores de tela manuais PSI-Polymer Systems. Eles est\u00e3o operando sem vazamentos, sem problemas de manuten\u00e7\u00e3o. Planejamos trabalhar com a PSI no futuro para nossos pr\u00f3ximos projetos de troca de tela.<\/p>\n\n<h3 class=\"wp-block-heading\"><span style=\"color: #0693e3;\">Ind\u00fastrias Spencer<\/span><\/h3>\n\n<p>Depois de operar bombas de fundi\u00e7\u00e3o por mais de 15 anos, a PSI foi escolhida para reconstruir uma bomba existente e equipar uma linha mais antiga com bombas e adaptadores. Esses projetos come\u00e7aram h\u00e1 mais de um ano e descobrimos que a PSI oferece desempenho superior, atendimento ao cliente extremamente \u00e1gil e tecnologia que funciona no ch\u00e3o de f\u00e1brica. A PSI foi r\u00e1pida em ajudar a resolver todos os problemas e agora temos seis bombas, novas e reconstru\u00eddas, funcionando perfeitamente e sem vazamentos. Talvez o maior trunfo da PSI seja que eles nos ensinaram a tecnologia de bombas de precis\u00e3o que nos permite manter o desempenho e eliminar as falhas catastr\u00f3ficas. A PSI tem sido um excelente fornecedor e uma adi\u00e7\u00e3o bem-vinda \u00e0 nossa tecnologia. Esses caras realmente sabem como fazer bombas de derretimento funcionarem.<\/p>\n\t\t\t\t\t\t\t\t<\/div>\n\t\t\t\t<\/div>\n\t\t\t\t\t<\/div>\n\t\t<\/div>\n\t\t\t\t\t<\/div>\n\t\t<\/section>\n\t\t\t\t<\/div>","protected":false},"excerpt":{"rendered":"<p>Como os equipamentos da PSI t\u00eam beneficiado essas empresas! Verity Resins Quando pedimos \u00e0 PSI-Polymer Systems que nos fornecesse um trocador de telas que permitisse um maior rendimento, a PSI vendeu uma unidade da Verity Resins, ao mesmo tempo em que fornecia uma garantia de aumento de produ\u00e7\u00e3o de 20%. N\u00e3o apenas superamos o aumento da taxa de transfer\u00eancia de 20%, tamb\u00e9m recebemos [\u2026]<\/p>","protected":false},"author":2,"featured_media":0,"parent":0,"menu_order":0,"comment_status":"closed","ping_status":"closed","template":"","meta":{"_monsterinsights_skip_tracking":false,"_monsterinsights_sitenote_active":false,"_monsterinsights_sitenote_note":"","_monsterinsights_sitenote_category":0,"footnotes":""},"class_list":["post-145","page","type-page","status-publish","hentry"],"yoast_head":"<!-- This site is optimized with the Yoast SEO Premium plugin v25.0 (Yoast SEO v25.0) - https:\/\/yoast.com\/wordpress\/plugins\/seo\/ -->\n<title>Testimonials - PSI-Polymer Systems<\/title>\n<meta name=\"robots\" content=\"index, follow, max-snippet:-1, max-image-preview:large, max-video-preview:-1\" \/>\n<link rel=\"canonical\" href=\"https:\/\/www.psi-polymersystems.com\/pt\/testimonials\/\" \/>\n<meta property=\"og:locale\" content=\"pt_PT\" \/>\n<meta property=\"og:type\" content=\"article\" \/>\n<meta property=\"og:title\" content=\"Testimonials\" \/>\n<meta property=\"og:description\" content=\"How PSI&#039;s equipment has benefited these companies! Verity Resins When we asked PSI-Polymer Systems to provide us with a screen changer that would allow\" \/>\n<meta property=\"og:url\" content=\"https:\/\/www.psi-polymersystems.com\/pt\/testimonials\/\" \/>\n<meta property=\"og:site_name\" content=\"PSI-Polymer Systems\" \/>\n<meta property=\"article:publisher\" content=\"https:\/\/www.facebook.com\/psipolymersystems\/\" \/>\n<meta property=\"article:modified_time\" content=\"2020-09-15T13:52:25+00:00\" \/>\n<meta name=\"twitter:card\" content=\"summary_large_image\" \/>\n<meta name=\"twitter:label1\" content=\"Tempo estimado de leitura\" \/>\n\t<meta name=\"twitter:data1\" content=\"3 minutos\" \/>\n<script type=\"application\/ld+json\" class=\"yoast-schema-graph\">{\"@context\":\"https:\/\/schema.org\",\"@graph\":[{\"@type\":\"WebPage\",\"@id\":\"https:\/\/www.psi-polymersystems.com\/testimonials\/\",\"url\":\"https:\/\/www.psi-polymersystems.com\/testimonials\/\",\"name\":\"Testimonials - PSI-Polymer Systems\",\"isPartOf\":{\"@id\":\"https:\/\/www.psi-polymersystems.com\/#website\"},\"datePublished\":\"2020-07-06T14:35:21+00:00\",\"dateModified\":\"2020-09-15T13:52:25+00:00\",\"breadcrumb\":{\"@id\":\"https:\/\/www.psi-polymersystems.com\/testimonials\/#breadcrumb\"},\"inLanguage\":\"pt-PT\",\"potentialAction\":[{\"@type\":\"ReadAction\",\"target\":[\"https:\/\/www.psi-polymersystems.com\/testimonials\/\"]}]},{\"@type\":\"BreadcrumbList\",\"@id\":\"https:\/\/www.psi-polymersystems.com\/testimonials\/#breadcrumb\",\"itemListElement\":[{\"@type\":\"ListItem\",\"position\":1,\"name\":\"Home\",\"item\":\"https:\/\/www.psi-polymersystems.com\/\"},{\"@type\":\"ListItem\",\"position\":2,\"name\":\"Testimonials\"}]},{\"@type\":\"WebSite\",\"@id\":\"https:\/\/www.psi-polymersystems.com\/#website\",\"url\":\"https:\/\/www.psi-polymersystems.com\/\",\"name\":\"PSI-Polymer Systems\",\"description\":\"\",\"publisher\":{\"@id\":\"https:\/\/www.psi-polymersystems.com\/#organization\"},\"potentialAction\":[{\"@type\":\"SearchAction\",\"target\":{\"@type\":\"EntryPoint\",\"urlTemplate\":\"https:\/\/www.psi-polymersystems.com\/?s={search_term_string}\"},\"query-input\":{\"@type\":\"PropertyValueSpecification\",\"valueRequired\":true,\"valueName\":\"search_term_string\"}}],\"inLanguage\":\"pt-PT\"},{\"@type\":\"Organization\",\"@id\":\"https:\/\/www.psi-polymersystems.com\/#organization\",\"name\":\"PSI-Polymer Systems, Inc.\",\"url\":\"https:\/\/www.psi-polymersystems.com\/\",\"logo\":{\"@type\":\"ImageObject\",\"inLanguage\":\"pt-PT\",\"@id\":\"https:\/\/www.psi-polymersystems.com\/#\/schema\/logo\/image\/\",\"url\":\"\",\"contentUrl\":\"\",\"caption\":\"PSI-Polymer Systems, Inc.\"},\"image\":{\"@id\":\"https:\/\/www.psi-polymersystems.com\/#\/schema\/logo\/image\/\"},\"sameAs\":[\"https:\/\/www.facebook.com\/psipolymersystems\/\",\"https:\/\/www.linkedin.com\/showcase\/psi-polymer-systems\"]}]}<\/script>\n<!-- \/ Yoast SEO Premium plugin. -->","yoast_head_json":{"title":"Testimonials - PSI-Polymer Systems","robots":{"index":"index","follow":"follow","max-snippet":"max-snippet:-1","max-image-preview":"max-image-preview:large","max-video-preview":"max-video-preview:-1"},"canonical":"https:\/\/www.psi-polymersystems.com\/pt\/testimonials\/","og_locale":"pt_PT","og_type":"article","og_title":"Testimonials","og_description":"How PSI's equipment has benefited these companies! Verity Resins When we asked PSI-Polymer Systems to provide us with a screen changer that would allow","og_url":"https:\/\/www.psi-polymersystems.com\/pt\/testimonials\/","og_site_name":"PSI-Polymer Systems","article_publisher":"https:\/\/www.facebook.com\/psipolymersystems\/","article_modified_time":"2020-09-15T13:52:25+00:00","twitter_card":"summary_large_image","twitter_misc":{"Tempo estimado de leitura":"3 minutos"},"schema":{"@context":"https:\/\/schema.org","@graph":[{"@type":"WebPage","@id":"https:\/\/www.psi-polymersystems.com\/testimonials\/","url":"https:\/\/www.psi-polymersystems.com\/testimonials\/","name":"Testimonials - PSI-Polymer Systems","isPartOf":{"@id":"https:\/\/www.psi-polymersystems.com\/#website"},"datePublished":"2020-07-06T14:35:21+00:00","dateModified":"2020-09-15T13:52:25+00:00","breadcrumb":{"@id":"https:\/\/www.psi-polymersystems.com\/testimonials\/#breadcrumb"},"inLanguage":"pt-PT","potentialAction":[{"@type":"ReadAction","target":["https:\/\/www.psi-polymersystems.com\/testimonials\/"]}]},{"@type":"BreadcrumbList","@id":"https:\/\/www.psi-polymersystems.com\/testimonials\/#breadcrumb","itemListElement":[{"@type":"ListItem","position":1,"name":"Home","item":"https:\/\/www.psi-polymersystems.com\/"},{"@type":"ListItem","position":2,"name":"Testimonials"}]},{"@type":"WebSite","@id":"https:\/\/www.psi-polymersystems.com\/#website","url":"https:\/\/www.psi-polymersystems.com\/","name":"PSI-Polymer Systems","description":"","publisher":{"@id":"https:\/\/www.psi-polymersystems.com\/#organization"},"potentialAction":[{"@type":"SearchAction","target":{"@type":"EntryPoint","urlTemplate":"https:\/\/www.psi-polymersystems.com\/?s={search_term_string}"},"query-input":{"@type":"PropertyValueSpecification","valueRequired":true,"valueName":"search_term_string"}}],"inLanguage":"pt-PT"},{"@type":"Organization","@id":"https:\/\/www.psi-polymersystems.com\/#organization","name":"PSI-Polymer Systems, Inc.","url":"https:\/\/www.psi-polymersystems.com\/","logo":{"@type":"ImageObject","inLanguage":"pt-PT","@id":"https:\/\/www.psi-polymersystems.com\/#\/schema\/logo\/image\/","url":"","contentUrl":"","caption":"PSI-Polymer Systems, Inc."},"image":{"@id":"https:\/\/www.psi-polymersystems.com\/#\/schema\/logo\/image\/"},"sameAs":["https:\/\/www.facebook.com\/psipolymersystems\/","https:\/\/www.linkedin.com\/showcase\/psi-polymer-systems"]}]}},"_links":{"self":[{"href":"https:\/\/www.psi-polymersystems.com\/pt\/wp-json\/wp\/v2\/pages\/145","targetHints":{"allow":["GET"]}}],"collection":[{"href":"https:\/\/www.psi-polymersystems.com\/pt\/wp-json\/wp\/v2\/pages"}],"about":[{"href":"https:\/\/www.psi-polymersystems.com\/pt\/wp-json\/wp\/v2\/types\/page"}],"author":[{"embeddable":true,"href":"https:\/\/www.psi-polymersystems.com\/pt\/wp-json\/wp\/v2\/users\/2"}],"replies":[{"embeddable":true,"href":"https:\/\/www.psi-polymersystems.com\/pt\/wp-json\/wp\/v2\/comments?post=145"}],"version-history":[{"count":0,"href":"https:\/\/www.psi-polymersystems.com\/pt\/wp-json\/wp\/v2\/pages\/145\/revisions"}],"wp:attachment":[{"href":"https:\/\/www.psi-polymersystems.com\/pt\/wp-json\/wp\/v2\/media?parent=145"}],"curies":[{"name":"wp","href":"https:\/\/api.w.org\/{rel}","templated":true}]}}