{"id":3841,"date":"2020-08-05T15:40:15","date_gmt":"2020-08-05T15:40:15","guid":{"rendered":"https:\/\/psi-polymersystems.com\/?page_id=3841"},"modified":"2025-02-10T21:27:19","modified_gmt":"2025-02-10T21:27:19","slug":"product-brochures","status":"publish","type":"page","link":"https:\/\/www.psi-polymersystems.com\/pt\/product-brochures\/","title":{"rendered":"Brochuras de produtos"},"content":{"rendered":"<div data-elementor-type=\"wp-page\" data-elementor-id=\"3841\" class=\"elementor elementor-3841\" data-elementor-post-type=\"page\">\n\t\t\t\t\t\t<section class=\"elementor-section elementor-top-section elementor-element elementor-element-1a29baf elementor-section-boxed elementor-section-height-default elementor-section-height-default\" data-id=\"1a29baf\" data-element_type=\"section\" data-e-type=\"section\">\n\t\t\t\t\t\t<div class=\"elementor-container elementor-column-gap-default\">\n\t\t\t\t\t<div class=\"elementor-column elementor-col-50 elementor-top-column elementor-element elementor-element-2e9651c\" data-id=\"2e9651c\" data-element_type=\"column\" data-e-type=\"column\">\n\t\t\t<div class=\"elementor-widget-wrap elementor-element-populated\">\n\t\t\t\t\t\t<div class=\"elementor-element elementor-element-ec3ce1b elementor-view-default elementor-widget elementor-widget-icon\" data-id=\"ec3ce1b\" data-element_type=\"widget\" data-e-type=\"widget\" data-widget_type=\"icon.default\">\n\t\t\t\t<div class=\"elementor-widget-container\">\n\t\t\t\t\t\t\t<div class=\"elementor-icon-wrapper\">\n\t\t\t<div class=\"elementor-icon\">\n\t\t\t<i aria-hidden=\"true\" class=\"icon icon-download\"><\/i>\t\t\t<\/div>\n\t\t<\/div>\n\t\t\t\t\t\t<\/div>\n\t\t\t\t<\/div>\n\t\t\t\t\t<\/div>\n\t\t<\/div>\n\t\t\t\t<div class=\"elementor-column elementor-col-50 elementor-top-column elementor-element elementor-element-1881b45\" data-id=\"1881b45\" data-element_type=\"column\" data-e-type=\"column\">\n\t\t\t<div class=\"elementor-widget-wrap elementor-element-populated\">\n\t\t\t\t\t\t<div class=\"elementor-element elementor-element-14fa886 elementor-widget elementor-widget-heading\" data-id=\"14fa886\" data-element_type=\"widget\" data-e-type=\"widget\" data-widget_type=\"heading.default\">\n\t\t\t\t<div class=\"elementor-widget-container\">\n\t\t\t\t\t<h2 class=\"elementor-heading-title elementor-size-default\">Baixar folhetos de produtos<\/h2>\t\t\t\t<\/div>\n\t\t\t\t<\/div>\n\t\t\t\t\t<\/div>\n\t\t<\/div>\n\t\t\t\t\t<\/div>\n\t\t<\/section>\n\t\t\t\t<section class=\"elementor-section elementor-top-section elementor-element elementor-element-c619aaf elementor-section-boxed elementor-section-height-default elementor-section-height-default\" data-id=\"c619aaf\" data-element_type=\"section\" data-e-type=\"section\">\n\t\t\t\t\t\t<div class=\"elementor-container elementor-column-gap-default\">\n\t\t\t\t\t<div class=\"elementor-column elementor-col-50 elementor-top-column elementor-element elementor-element-5c31551\" data-id=\"5c31551\" data-element_type=\"column\" data-e-type=\"column\">\n\t\t\t<div class=\"elementor-widget-wrap elementor-element-populated\">\n\t\t\t\t\t\t<div class=\"elementor-element elementor-element-14a3171 elementor-widget elementor-widget-text-editor\" data-id=\"14a3171\" data-element_type=\"widget\" data-e-type=\"widget\" data-widget_type=\"text-editor.default\">\n\t\t\t\t<div class=\"elementor-widget-container\">\n\t\t\t\t\t\t\t\t\t<h4><span style=\"color: #0693e3;\">Folhas de dados da bomba de engrenagem<\/span><\/h4><p style=\"padding-left: 40px;\"><span style=\"text-decoration: underline;\"><span style=\"color: #808080; text-decoration: underline;\"><a style=\"color: #808080; text-decoration: underline;\" href=\"https:\/\/psi-polymersystems.com\/wp-content\/uploads\/2024\/04\/Extrusion-Gear-Pump-EGP.pdf\" rel=\"noopener\">Bomba de engrenagem de extrus\u00e3o (EGP)<\/a><\/span><\/span><\/p><p style=\"padding-left: 40px;\"><a href=\"https:\/\/psi-polymersystems.com\/wp-content\/uploads\/2024\/04\/High-Pressure-Gear-Pump-HGP.pdf\"><span style=\"text-decoration: underline;\"><span style=\"color: #808080; text-decoration: underline;\">Bomba de engrenagem de alta press\u00e3o (HGP)<\/span><\/span><\/a><\/p><p style=\"padding-left: 40px;\"><a href=\"https:\/\/psi-polymersystems.com\/wp-content\/uploads\/2024\/04\/Chemical-Industrial-Gear-Pump-CIP.pdf\"><span style=\"text-decoration: underline;\"><span style=\"color: #808080; text-decoration: underline;\">Bomba de Engrenagem Industrial Qu\u00edmica (CIP)<\/span><\/span><\/a><\/p><p style=\"padding-left: 40px;\"><span style=\"text-decoration: underline;\"><span style=\"color: #808080;\"><a style=\"color: #808080; text-decoration: underline;\" href=\"https:\/\/psi-polymersystems.com\/wp-content\/uploads\/2024\/04\/Fluoropolymer-Gear-Pump-FGP.pdf\">Bomba de engrenagem de fluoropol\u00edmero (FGP)<\/a><\/span><\/span><\/p><h4><span style=\"color: #0693e3;\">Folhas de dados do trocador de tela<\/span><\/h4><p style=\"padding-left: 40px;\"><span style=\"text-decoration: underline;\"><a href=\"https:\/\/psi-polymersystems.com\/wp-content\/uploads\/2024\/04\/Continuous-Screen-Changer-CSC.pdf\" rel=\"noopener\"><span style=\"color: #808080; text-decoration: underline;\">Trocador de tela cont\u00ednuo (CSC)<\/span><\/a><\/span><\/p><p style=\"padding-left: 40px;\"><span style=\"text-decoration: underline;\"><span style=\"color: #808080; text-decoration: underline;\"><a style=\"color: #808080; text-decoration: underline;\" href=\"https:\/\/psi-polymersystems.com\/wp-content\/uploads\/2024\/04\/Backflush-Continuous-Screen-Changer-CSC-BF.pdf\" rel=\"noopener\">Trocador de tela cont\u00ednuo com backflush (CSC-BF)<\/a><\/span><\/span><\/p><p style=\"padding-left: 40px;\"><span style=\"text-decoration: underline;\"><a href=\"https:\/\/psi-polymersystems.com\/wp-content\/uploads\/2024\/04\/Discontinuous-Screen-Changer-DSC.pdf\"><span style=\"color: #808080; text-decoration: underline;\">Trocador de tela descont\u00ednuo (DSC)<\/span><\/a><\/span><\/p><p style=\"padding-left: 40px;\"><span style=\"text-decoration: underline;\"><span style=\"color: #808080; text-decoration: underline;\"><a style=\"color: #808080; text-decoration: underline;\" href=\"https:\/\/psi-polymersystems.com\/wp-content\/uploads\/2024\/04\/Hydraulic-Screen-Changer-HSC.pdf\" rel=\"noopener\">Trocador de tela da placa deslizante hidr\u00e1ulica (HSC)<\/a><\/span><\/span><\/p><p style=\"padding-left: 40px;\"><span style=\"text-decoration: underline;\"><a href=\"https:\/\/psi-polymersystems.com\/wp-content\/uploads\/2024\/04\/Manual-Screen-Changer-MSC.pdf\"><span style=\"color: #808080;\">Trocador de tela manual (MSC)<\/span><\/a><\/span><\/p><p style=\"padding-left: 40px;\"><span style=\"text-decoration: underline;\"><a href=\"https:\/\/psi-polymersystems.com\/wp-content\/uploads\/2024\/04\/Inline-Filter-ILF.pdf\"><span style=\"color: #808080; text-decoration: underline;\">Filtro de tubo em linha (ILF)<\/span><\/a><\/span><\/p><h4><span style=\"color: #0693e3;\">Folhas de dados da v\u00e1lvula de desvio<\/span><\/h4><p style=\"padding-left: 40px;\"><span style=\"text-decoration: underline;\"><a href=\"https:\/\/psi-polymersystems.com\/wp-content\/uploads\/2024\/04\/Diverter-Valve-DIV.pdf\"><span style=\"color: #808080; text-decoration: underline;\">V\u00e1lvulas de desvio (DIV)<\/span><\/a><\/span><\/p><h4><span style=\"color: #0693e3;\">Folhas de dados do misturador est\u00e1tico<\/span><\/h4><p style=\"padding-left: 40px;\"><span style=\"text-decoration: underline;\"><span style=\"color: #808080;\"><a style=\"color: #808080; text-decoration: underline;\" href=\"https:\/\/psi-polymersystems.com\/wp-content\/uploads\/2024\/04\/Uniflo-Static-Mixer-USM.pdf\">Misturador Est\u00e1tico Uniflo (USM)<\/a><\/span><\/span><\/p><h4><span style=\"color: #0693e3;\">Folhas de Dados do Trocador de Matrizes de Extrus\u00e3o<\/span><\/h4><p style=\"padding-left: 40px;\"><a href=\"https:\/\/www.psi-polymersystems.com\/wp-content\/uploads\/2024\/04\/Extrusion-Die-Changer-EDC.pdf\"><span style=\"color: #808080; text-decoration-line: underline;\">Trocador de matriz de extrus\u00e3o (EDC)<\/span><\/a><\/p><h4><span style=\"color: #0693e3;\">Folheto Reparar e Reconstruir<\/span><\/h4><p style=\"padding-left: 40px;\"><span style=\"text-decoration: underline;\"><span style=\"color: #808080;\"><a style=\"color: #808080; text-decoration: underline;\" href=\"\/wp-content\/uploads\/2020\/08\/Repair-and-Rebuilds.pdf\" rel=\"noopener\">Reparar e reconstruir<\/a><\/span><\/span><\/p><h4><span style=\"color: #0693e3;\">Telas de substitui\u00e7\u00e3o<\/span><\/h4><p style=\"padding-left: 40px;\"><span style=\"text-decoration: underline;\"><span style=\"color: #808080; text-decoration: underline;\"><a style=\"color: #808080; text-decoration: underline;\" href=\"https:\/\/www.psi-polymersystems.com\/wp-content\/uploads\/2024\/07\/Screens-Flyer.pdf\" rel=\"noopener\">Folheto de tela<\/a><\/span><\/span><\/p><h4><span style=\"color: #0693e3;\">Cart\u00e3o de Linha<\/span><\/h4><p style=\"padding-left: 40px;\"><span style=\"text-decoration: underline; color: #808080;\"><a style=\"color: #808080; text-decoration: underline;\" href=\"https:\/\/psi-polymersystems.com\/wp-content\/uploads\/2023\/04\/LineCard-PSI.pdf\">Cart\u00e3o de Linha<\/a><\/span><\/p>\t\t\t\t\t\t\t\t<\/div>\n\t\t\t\t<\/div>\n\t\t\t\t\t<\/div>\n\t\t<\/div>\n\t\t\t\t<div class=\"elementor-column elementor-col-50 elementor-top-column elementor-element elementor-element-6404d9e\" data-id=\"6404d9e\" data-element_type=\"column\" data-e-type=\"column\">\n\t\t\t<div class=\"elementor-widget-wrap\">\n\t\t\t\t\t\t\t<\/div>\n\t\t<\/div>\n\t\t\t\t\t<\/div>\n\t\t<\/section>\n\t\t\t\t<\/div>","protected":false},"excerpt":{"rendered":"<p>Download Folhetos do Produto Bomba de Engrenagem Folhas de Dados Bomba de Engrenagem de Extrus\u00e3o (EGP) Bomba de Engrenagem de Alta Press\u00e3o (HGP) Bomba de Engrenagem Industrial Qu\u00edmica (CIP) Bomba de Engrenagem de Fluoropol\u00edmero (FGP) Folhas de Dados do Trocador de Tela Trocador de Tela Cont\u00ednuo (CSC) Trocador de Tela Cont\u00ednuo com Backflush ( CSC-BF) Trocador de Tela Descont\u00ednuo (DSC) Trocador de Tela de Placa Deslizante Hidr\u00e1ulica (HSC) Trocador de Tela Manual (MSC) Filtro de Tubo em Linha [\u2026]<\/p>","protected":false},"author":2,"featured_media":0,"parent":0,"menu_order":0,"comment_status":"closed","ping_status":"closed","template":"","meta":{"_monsterinsights_skip_tracking":false,"_monsterinsights_sitenote_active":false,"_monsterinsights_sitenote_note":"","_monsterinsights_sitenote_category":0,"footnotes":""},"class_list":["post-3841","page","type-page","status-publish","hentry"],"yoast_head":"<!-- This site is optimized with the Yoast SEO Premium plugin v25.0 (Yoast SEO v25.0) - https:\/\/yoast.com\/wordpress\/plugins\/seo\/ -->\n<title>Product Brochures - PSI-Polymer Systems<\/title>\n<meta name=\"description\" content=\"Product spec sheet and orientation layout resource download page - PSI-Polymer Systems. Don&#039;t see what you need? Give us a call - Ph: (828)-468-2600\" \/>\n<meta name=\"robots\" content=\"index, follow, max-snippet:-1, max-image-preview:large, max-video-preview:-1\" \/>\n<link rel=\"canonical\" href=\"https:\/\/www.psi-polymersystems.com\/pt\/product-brochures\/\" \/>\n<meta property=\"og:locale\" content=\"pt_PT\" \/>\n<meta property=\"og:type\" content=\"article\" \/>\n<meta property=\"og:title\" content=\"Product Brochures\" \/>\n<meta property=\"og:description\" content=\"Download Product Brochures Gear Pump Data SheetsExtrusion Gear Pump (EGP)High-Pressure Gear Pump (HGP)Chemical Industrial Gear Pump (CIP)Fluoropolymer\" \/>\n<meta property=\"og:url\" content=\"https:\/\/www.psi-polymersystems.com\/pt\/product-brochures\/\" \/>\n<meta property=\"og:site_name\" content=\"PSI-Polymer Systems\" \/>\n<meta property=\"article:publisher\" content=\"https:\/\/www.facebook.com\/psipolymersystems\/\" \/>\n<meta property=\"article:modified_time\" content=\"2025-02-10T21:27:19+00:00\" \/>\n<meta name=\"twitter:card\" content=\"summary_large_image\" \/>\n<meta name=\"twitter:label1\" content=\"Tempo estimado de leitura\" \/>\n\t<meta name=\"twitter:data1\" content=\"1 minuto\" \/>\n<script type=\"application\/ld+json\" class=\"yoast-schema-graph\">{\"@context\":\"https:\/\/schema.org\",\"@graph\":[{\"@type\":\"WebPage\",\"@id\":\"https:\/\/www.psi-polymersystems.com\/product-brochures\/\",\"url\":\"https:\/\/www.psi-polymersystems.com\/product-brochures\/\",\"name\":\"Product Brochures - PSI-Polymer Systems\",\"isPartOf\":{\"@id\":\"https:\/\/www.psi-polymersystems.com\/#website\"},\"datePublished\":\"2020-08-05T15:40:15+00:00\",\"dateModified\":\"2025-02-10T21:27:19+00:00\",\"description\":\"Product spec sheet and orientation layout resource download page - PSI-Polymer Systems. Don't see what you need? Give us a call - Ph: (828)-468-2600\",\"breadcrumb\":{\"@id\":\"https:\/\/www.psi-polymersystems.com\/product-brochures\/#breadcrumb\"},\"inLanguage\":\"pt-PT\",\"potentialAction\":[{\"@type\":\"ReadAction\",\"target\":[\"https:\/\/www.psi-polymersystems.com\/product-brochures\/\"]}]},{\"@type\":\"BreadcrumbList\",\"@id\":\"https:\/\/www.psi-polymersystems.com\/product-brochures\/#breadcrumb\",\"itemListElement\":[{\"@type\":\"ListItem\",\"position\":1,\"name\":\"Home\",\"item\":\"https:\/\/www.psi-polymersystems.com\/\"},{\"@type\":\"ListItem\",\"position\":2,\"name\":\"Product Brochures\"}]},{\"@type\":\"WebSite\",\"@id\":\"https:\/\/www.psi-polymersystems.com\/#website\",\"url\":\"https:\/\/www.psi-polymersystems.com\/\",\"name\":\"PSI-Polymer Systems\",\"description\":\"\",\"publisher\":{\"@id\":\"https:\/\/www.psi-polymersystems.com\/#organization\"},\"potentialAction\":[{\"@type\":\"SearchAction\",\"target\":{\"@type\":\"EntryPoint\",\"urlTemplate\":\"https:\/\/www.psi-polymersystems.com\/?s={search_term_string}\"},\"query-input\":{\"@type\":\"PropertyValueSpecification\",\"valueRequired\":true,\"valueName\":\"search_term_string\"}}],\"inLanguage\":\"pt-PT\"},{\"@type\":\"Organization\",\"@id\":\"https:\/\/www.psi-polymersystems.com\/#organization\",\"name\":\"PSI-Polymer Systems, Inc.\",\"url\":\"https:\/\/www.psi-polymersystems.com\/\",\"logo\":{\"@type\":\"ImageObject\",\"inLanguage\":\"pt-PT\",\"@id\":\"https:\/\/www.psi-polymersystems.com\/#\/schema\/logo\/image\/\",\"url\":\"\",\"contentUrl\":\"\",\"caption\":\"PSI-Polymer Systems, Inc.\"},\"image\":{\"@id\":\"https:\/\/www.psi-polymersystems.com\/#\/schema\/logo\/image\/\"},\"sameAs\":[\"https:\/\/www.facebook.com\/psipolymersystems\/\",\"https:\/\/www.linkedin.com\/showcase\/psi-polymer-systems\"]}]}<\/script>\n<!-- \/ Yoast SEO Premium plugin. -->","yoast_head_json":{"title":"Product Brochures - PSI-Polymer Systems","description":"Product spec sheet and orientation layout resource download page - PSI-Polymer Systems. Don't see what you need? Give us a call - Ph: (828)-468-2600","robots":{"index":"index","follow":"follow","max-snippet":"max-snippet:-1","max-image-preview":"max-image-preview:large","max-video-preview":"max-video-preview:-1"},"canonical":"https:\/\/www.psi-polymersystems.com\/pt\/product-brochures\/","og_locale":"pt_PT","og_type":"article","og_title":"Product Brochures","og_description":"Download Product Brochures Gear Pump Data SheetsExtrusion Gear Pump (EGP)High-Pressure Gear Pump (HGP)Chemical Industrial Gear Pump (CIP)Fluoropolymer","og_url":"https:\/\/www.psi-polymersystems.com\/pt\/product-brochures\/","og_site_name":"PSI-Polymer Systems","article_publisher":"https:\/\/www.facebook.com\/psipolymersystems\/","article_modified_time":"2025-02-10T21:27:19+00:00","twitter_card":"summary_large_image","twitter_misc":{"Tempo estimado de leitura":"1 minuto"},"schema":{"@context":"https:\/\/schema.org","@graph":[{"@type":"WebPage","@id":"https:\/\/www.psi-polymersystems.com\/product-brochures\/","url":"https:\/\/www.psi-polymersystems.com\/product-brochures\/","name":"Product Brochures - PSI-Polymer Systems","isPartOf":{"@id":"https:\/\/www.psi-polymersystems.com\/#website"},"datePublished":"2020-08-05T15:40:15+00:00","dateModified":"2025-02-10T21:27:19+00:00","description":"Product spec sheet and orientation layout resource download page - PSI-Polymer Systems. Don't see what you need? Give us a call - Ph: (828)-468-2600","breadcrumb":{"@id":"https:\/\/www.psi-polymersystems.com\/product-brochures\/#breadcrumb"},"inLanguage":"pt-PT","potentialAction":[{"@type":"ReadAction","target":["https:\/\/www.psi-polymersystems.com\/product-brochures\/"]}]},{"@type":"BreadcrumbList","@id":"https:\/\/www.psi-polymersystems.com\/product-brochures\/#breadcrumb","itemListElement":[{"@type":"ListItem","position":1,"name":"Home","item":"https:\/\/www.psi-polymersystems.com\/"},{"@type":"ListItem","position":2,"name":"Product Brochures"}]},{"@type":"WebSite","@id":"https:\/\/www.psi-polymersystems.com\/#website","url":"https:\/\/www.psi-polymersystems.com\/","name":"PSI-Polymer Systems","description":"","publisher":{"@id":"https:\/\/www.psi-polymersystems.com\/#organization"},"potentialAction":[{"@type":"SearchAction","target":{"@type":"EntryPoint","urlTemplate":"https:\/\/www.psi-polymersystems.com\/?s={search_term_string}"},"query-input":{"@type":"PropertyValueSpecification","valueRequired":true,"valueName":"search_term_string"}}],"inLanguage":"pt-PT"},{"@type":"Organization","@id":"https:\/\/www.psi-polymersystems.com\/#organization","name":"PSI-Polymer Systems, Inc.","url":"https:\/\/www.psi-polymersystems.com\/","logo":{"@type":"ImageObject","inLanguage":"pt-PT","@id":"https:\/\/www.psi-polymersystems.com\/#\/schema\/logo\/image\/","url":"","contentUrl":"","caption":"PSI-Polymer Systems, Inc."},"image":{"@id":"https:\/\/www.psi-polymersystems.com\/#\/schema\/logo\/image\/"},"sameAs":["https:\/\/www.facebook.com\/psipolymersystems\/","https:\/\/www.linkedin.com\/showcase\/psi-polymer-systems"]}]}},"_links":{"self":[{"href":"https:\/\/www.psi-polymersystems.com\/pt\/wp-json\/wp\/v2\/pages\/3841","targetHints":{"allow":["GET"]}}],"collection":[{"href":"https:\/\/www.psi-polymersystems.com\/pt\/wp-json\/wp\/v2\/pages"}],"about":[{"href":"https:\/\/www.psi-polymersystems.com\/pt\/wp-json\/wp\/v2\/types\/page"}],"author":[{"embeddable":true,"href":"https:\/\/www.psi-polymersystems.com\/pt\/wp-json\/wp\/v2\/users\/2"}],"replies":[{"embeddable":true,"href":"https:\/\/www.psi-polymersystems.com\/pt\/wp-json\/wp\/v2\/comments?post=3841"}],"version-history":[{"count":9,"href":"https:\/\/www.psi-polymersystems.com\/pt\/wp-json\/wp\/v2\/pages\/3841\/revisions"}],"predecessor-version":[{"id":12500,"href":"https:\/\/www.psi-polymersystems.com\/pt\/wp-json\/wp\/v2\/pages\/3841\/revisions\/12500"}],"wp:attachment":[{"href":"https:\/\/www.psi-polymersystems.com\/pt\/wp-json\/wp\/v2\/media?parent=3841"}],"curies":[{"name":"wp","href":"https:\/\/api.w.org\/{rel}","templated":true}]}}