{"id":4014,"date":"2020-08-06T19:58:41","date_gmt":"2020-08-06T19:58:41","guid":{"rendered":"https:\/\/psi-polymersystems.com\/?page_id=4014"},"modified":"2025-10-31T15:16:29","modified_gmt":"2025-10-31T15:16:29","slug":"filterpak-100","status":"publish","type":"page","link":"https:\/\/www.psi-polymersystems.com\/pt\/products\/controls\/filterpak-100\/","title":{"rendered":"FilterPak-100"},"content":{"rendered":"<div data-elementor-type=\"wp-page\" data-elementor-id=\"4014\" class=\"elementor elementor-4014\" data-elementor-post-type=\"page\">\n\t\t\t\t\t\t<section class=\"elementor-section elementor-top-section elementor-element elementor-element-5584e1fd elementor-section-boxed elementor-section-height-default elementor-section-height-default\" data-id=\"5584e1fd\" data-element_type=\"section\" data-e-type=\"section\">\n\t\t\t\t\t\t<div class=\"elementor-container elementor-column-gap-default\">\n\t\t\t\t\t<div class=\"elementor-column elementor-col-100 elementor-top-column elementor-element elementor-element-36f15385\" data-id=\"36f15385\" data-element_type=\"column\" data-e-type=\"column\">\n\t\t\t<div class=\"elementor-widget-wrap elementor-element-populated\">\n\t\t\t\t\t\t<div class=\"elementor-element elementor-element-514db267 elementor-widget elementor-widget-text-editor\" data-id=\"514db267\" data-element_type=\"widget\" data-e-type=\"widget\" data-widget_type=\"text-editor.default\">\n\t\t\t\t<div class=\"elementor-widget-container\">\n\t\t\t\t\t\t\t\t\t<h3><span style=\"color: #0693e3;\">Controle PLC Filterpak-100<\/span><\/h3><h5>Opera um filtro duplo Filtro \u00fanico ou cont\u00ednuo Trocador de tela descont\u00ednuo<\/h5>\t\t\t\t\t\t\t\t<\/div>\n\t\t\t\t<\/div>\n\t\t\t\t\t<\/div>\n\t\t<\/div>\n\t\t\t\t\t<\/div>\n\t\t<\/section>\n\t\t\t\t<section class=\"elementor-section elementor-top-section elementor-element elementor-element-3264cc64 elementor-section-boxed elementor-section-height-default elementor-section-height-default\" data-id=\"3264cc64\" data-element_type=\"section\" data-e-type=\"section\">\n\t\t\t\t\t\t<div class=\"elementor-container elementor-column-gap-default\">\n\t\t\t\t\t<div class=\"elementor-column elementor-col-33 elementor-top-column elementor-element elementor-element-4ca07a04\" data-id=\"4ca07a04\" data-element_type=\"column\" data-e-type=\"column\">\n\t\t\t<div class=\"elementor-widget-wrap elementor-element-populated\">\n\t\t\t\t\t\t<div class=\"elementor-element elementor-element-60eae8e elementor-widget elementor-widget-image\" data-id=\"60eae8e\" data-element_type=\"widget\" data-e-type=\"widget\" data-widget_type=\"image.default\">\n\t\t\t\t<div class=\"elementor-widget-container\">\n\t\t\t\t\t\t\t\t\t\t\t\t\t\t\t<img fetchpriority=\"high\" decoding=\"async\" width=\"1023\" height=\"598\" src=\"https:\/\/www.psi-polymersystems.com\/wp-content\/uploads\/2020\/07\/CSC.jpg\" class=\"attachment-large size-large wp-image-188\" alt=\"\" srcset=\"https:\/\/www.psi-polymersystems.com\/wp-content\/uploads\/2020\/07\/CSC.jpg 1023w, https:\/\/www.psi-polymersystems.com\/wp-content\/uploads\/2020\/07\/CSC-300x175.jpg 300w, https:\/\/www.psi-polymersystems.com\/wp-content\/uploads\/2020\/07\/CSC-768x449.jpg 768w, https:\/\/www.psi-polymersystems.com\/wp-content\/uploads\/2020\/07\/CSC-600x351.jpg 600w\" sizes=\"(max-width: 1023px) 100vw, 1023px\" \/>\t\t\t\t\t\t\t\t\t\t\t\t\t\t\t<\/div>\n\t\t\t\t<\/div>\n\t\t\t\t<div class=\"elementor-element elementor-element-d8e88f7 elementor-align-justify elementor-widget elementor-widget-button\" data-id=\"d8e88f7\" data-element_type=\"widget\" data-e-type=\"widget\" data-widget_type=\"button.default\">\n\t\t\t\t<div class=\"elementor-widget-container\">\n\t\t\t\t\t\t\t\t\t<div class=\"elementor-button-wrapper\">\n\t\t\t\t\t<a class=\"elementor-button elementor-button-link elementor-size-sm\" href=\"\/pt\/products\/controls\/screen-changer-controls\/\">\n\t\t\t\t\t\t<span class=\"elementor-button-content-wrapper\">\n\t\t\t\t\t\t\t\t\t<span class=\"elementor-button-text\">Voltar para o resumo dos controles do trocador de tela<\/span>\n\t\t\t\t\t<\/span>\n\t\t\t\t\t<\/a>\n\t\t\t\t<\/div>\n\t\t\t\t\t\t\t\t<\/div>\n\t\t\t\t<\/div>\n\t\t\t\t\t<\/div>\n\t\t<\/div>\n\t\t\t\t<div class=\"elementor-column elementor-col-33 elementor-top-column elementor-element elementor-element-37a4536e\" data-id=\"37a4536e\" data-element_type=\"column\" data-e-type=\"column\">\n\t\t\t<div class=\"elementor-widget-wrap elementor-element-populated\">\n\t\t\t\t\t\t<div class=\"elementor-element elementor-element-3e40496a elementor-widget elementor-widget-text-editor\" data-id=\"3e40496a\" data-element_type=\"widget\" data-e-type=\"widget\" data-widget_type=\"text-editor.default\">\n\t\t\t\t<div class=\"elementor-widget-container\">\n\t\t\t\t\t\t\t\t\t<h4><span style=\"color: #0693e3;\">Descri\u00e7\u00e3o do produto<\/span><\/h4><p>PLC: B&amp;R, Allen Bradley ou Automation Direct<\/p><p>IHM: tela sens\u00edvel ao toque colorida de 10&quot;<\/p><p>Controla funcionalmente a atua\u00e7\u00e3o do pist\u00e3o, locais de ventila\u00e7\u00e3o e tempos de perman\u00eancia<\/p><h4><span style=\"color: #0693e3;\">Exibe<\/span><\/h4><ul><li>Posi\u00e7\u00f5es do pist\u00e3o<\/li><li>Press\u00e3o de entrada \/ sa\u00edda \/ delta (transdutores de terceiros, se n\u00e3o fornecidos)<\/li><li>Indica\u00e7\u00e3o de tela limpa visual<\/li><li>Tempo desde a \u00faltima mudan\u00e7a de tela<\/li><\/ul><p>Alarmes do sistema e desligamento para:<\/p><ul><li>Alta press\u00e3o de entrada<\/li><li>Alta press\u00e3o delta<\/li><\/ul>\t\t\t\t\t\t\t\t<\/div>\n\t\t\t\t<\/div>\n\t\t\t\t\t<\/div>\n\t\t<\/div>\n\t\t\t\t<div class=\"elementor-column elementor-col-33 elementor-top-column elementor-element elementor-element-5a38513e\" data-id=\"5a38513e\" data-element_type=\"column\" data-e-type=\"column\">\n\t\t\t<div class=\"elementor-widget-wrap elementor-element-populated\">\n\t\t\t\t\t\t<div class=\"elementor-element elementor-element-26c99ebd elementor-widget elementor-widget-text-editor\" data-id=\"26c99ebd\" data-element_type=\"widget\" data-e-type=\"widget\" data-widget_type=\"text-editor.default\">\n\t\t\t\t<div class=\"elementor-widget-container\">\n\t\t\t\t\t\t\t\t\t<h4><span style=\"color: #0693e3;\">Caracter\u00edsticas<\/span><\/h4><ul><li>Armazenamento de receitas<\/li><li>Tendendo<\/li><li>Receitas (opcional)<\/li><li>Registro de dados (opcional)<\/li><li>E\/S expans\u00edvel<\/li><li>Calibra\u00e7\u00e3o do transdutor<\/li><li>Rastreamento e coleta de dados de mem\u00f3ria flash remov\u00edvel<\/li><li>Comunica\u00e7\u00e3o Ethernet \/ Capaz de EWON<\/li><li>Visualizador VNC para exibir e usar a tela de controle em um monitor remoto\/maior<\/li><li>Op\u00e7\u00f5es de comunica\u00e7\u00e3o externa dispon\u00edveis mediante solicita\u00e7\u00e3o<\/li><\/ul>\t\t\t\t\t\t\t\t<\/div>\n\t\t\t\t<\/div>\n\t\t\t\t\t<\/div>\n\t\t<\/div>\n\t\t\t\t\t<\/div>\n\t\t<\/section>\n\t\t\t\t<\/div>","protected":false},"excerpt":{"rendered":"<p>Controle PLC Filterpak-100 Opera um trocador de telas de filtro duplo, cont\u00ednuo ou simples, descont\u00ednuo Voltar para Controles do Trocador de Telas Resumo Descri\u00e7\u00e3o do Produto PLC: B&amp;R, Allen Bradley ou Automation Direct IHM: tela sens\u00edvel ao toque colorida de 10\u201d Controla funcionalmente a atua\u00e7\u00e3o do pist\u00e3o, os locais de ventila\u00e7\u00e3o e os tempos de perman\u00eancia Exibe as posi\u00e7\u00f5es do pist\u00e3o Press\u00e3o de entrada\/sa\u00edda\/varia\u00e7\u00e3o (transdutores de terceiros [\u2026]<\/p>","protected":false},"author":2,"featured_media":0,"parent":349,"menu_order":0,"comment_status":"closed","ping_status":"closed","template":"","meta":{"_monsterinsights_skip_tracking":false,"_monsterinsights_sitenote_active":false,"_monsterinsights_sitenote_note":"","_monsterinsights_sitenote_category":0,"footnotes":""},"class_list":["post-4014","page","type-page","status-publish","hentry"],"yoast_head":"<!-- This site is optimized with the Yoast SEO Premium plugin v25.0 (Yoast SEO v25.0) - https:\/\/yoast.com\/wordpress\/plugins\/seo\/ -->\n<title>FilterPak-100 - PSI-Polymer Systems<\/title>\n<meta name=\"description\" content=\"FilterPak-100 PLC\/HMI control for one (1) PSI-Polymer Systems Continuous Screen Changer with recipe, trending, data logging and a host of other features.\" \/>\n<meta name=\"robots\" content=\"index, follow, max-snippet:-1, max-image-preview:large, max-video-preview:-1\" \/>\n<link rel=\"canonical\" href=\"https:\/\/www.psi-polymersystems.com\/pt\/products\/controls\/filterpak-100\/\" \/>\n<meta property=\"og:locale\" content=\"pt_PT\" \/>\n<meta property=\"og:type\" content=\"article\" \/>\n<meta property=\"og:title\" content=\"FilterPak-100\" \/>\n<meta property=\"og:description\" content=\"Filterpak-100 PLC ControlOperates one dual filter Continuous\u00a0 or single filter Discontinuous Screen Changer Back to Screen Changer Controls Summary\" \/>\n<meta property=\"og:url\" content=\"https:\/\/www.psi-polymersystems.com\/pt\/products\/controls\/filterpak-100\/\" \/>\n<meta property=\"og:site_name\" content=\"PSI-Polymer Systems\" \/>\n<meta property=\"article:publisher\" content=\"https:\/\/www.facebook.com\/psipolymersystems\/\" \/>\n<meta property=\"article:modified_time\" content=\"2025-10-31T15:16:29+00:00\" \/>\n<meta property=\"og:image\" content=\"https:\/\/www.psi-polymersystems.com\/wp-content\/uploads\/2020\/07\/CSC.jpg\" \/>\n\t<meta property=\"og:image:width\" content=\"1023\" \/>\n\t<meta property=\"og:image:height\" content=\"598\" \/>\n\t<meta property=\"og:image:type\" content=\"image\/jpeg\" \/>\n<meta name=\"twitter:card\" content=\"summary_large_image\" \/>\n<meta name=\"twitter:label1\" content=\"Tempo estimado de leitura\" \/>\n\t<meta name=\"twitter:data1\" content=\"1 minuto\" \/>\n<script type=\"application\/ld+json\" class=\"yoast-schema-graph\">{\"@context\":\"https:\/\/schema.org\",\"@graph\":[{\"@type\":\"WebPage\",\"@id\":\"https:\/\/www.psi-polymersystems.com\/products\/controls\/filterpak-100\/\",\"url\":\"https:\/\/www.psi-polymersystems.com\/products\/controls\/filterpak-100\/\",\"name\":\"FilterPak-100 - PSI-Polymer Systems\",\"isPartOf\":{\"@id\":\"https:\/\/www.psi-polymersystems.com\/#website\"},\"primaryImageOfPage\":{\"@id\":\"https:\/\/www.psi-polymersystems.com\/products\/controls\/filterpak-100\/#primaryimage\"},\"image\":{\"@id\":\"https:\/\/www.psi-polymersystems.com\/products\/controls\/filterpak-100\/#primaryimage\"},\"thumbnailUrl\":\"https:\/\/www.psi-polymersystems.com\/wp-content\/uploads\/2020\/07\/CSC.jpg\",\"datePublished\":\"2020-08-06T19:58:41+00:00\",\"dateModified\":\"2025-10-31T15:16:29+00:00\",\"description\":\"FilterPak-100 PLC\/HMI control for one (1) PSI-Polymer Systems Continuous Screen Changer with recipe, trending, data logging and a host of other features.\",\"breadcrumb\":{\"@id\":\"https:\/\/www.psi-polymersystems.com\/products\/controls\/filterpak-100\/#breadcrumb\"},\"inLanguage\":\"pt-PT\",\"potentialAction\":[{\"@type\":\"ReadAction\",\"target\":[\"https:\/\/www.psi-polymersystems.com\/products\/controls\/filterpak-100\/\"]}]},{\"@type\":\"ImageObject\",\"inLanguage\":\"pt-PT\",\"@id\":\"https:\/\/www.psi-polymersystems.com\/products\/controls\/filterpak-100\/#primaryimage\",\"url\":\"https:\/\/www.psi-polymersystems.com\/wp-content\/uploads\/2020\/07\/CSC.jpg\",\"contentUrl\":\"https:\/\/www.psi-polymersystems.com\/wp-content\/uploads\/2020\/07\/CSC.jpg\"},{\"@type\":\"BreadcrumbList\",\"@id\":\"https:\/\/www.psi-polymersystems.com\/products\/controls\/filterpak-100\/#breadcrumb\",\"itemListElement\":[{\"@type\":\"ListItem\",\"position\":1,\"name\":\"Home\",\"item\":\"https:\/\/www.psi-polymersystems.com\/\"},{\"@type\":\"ListItem\",\"position\":2,\"name\":\"Product Overview\",\"item\":\"https:\/\/www.psi-polymersystems.com\/products\/\"},{\"@type\":\"ListItem\",\"position\":3,\"name\":\"Controls\",\"item\":\"https:\/\/www.psi-polymersystems.com\/es\/products\/controls\/\"},{\"@type\":\"ListItem\",\"position\":4,\"name\":\"FilterPak-100\"}]},{\"@type\":\"WebSite\",\"@id\":\"https:\/\/www.psi-polymersystems.com\/#website\",\"url\":\"https:\/\/www.psi-polymersystems.com\/\",\"name\":\"PSI-Polymer Systems\",\"description\":\"\",\"publisher\":{\"@id\":\"https:\/\/www.psi-polymersystems.com\/#organization\"},\"potentialAction\":[{\"@type\":\"SearchAction\",\"target\":{\"@type\":\"EntryPoint\",\"urlTemplate\":\"https:\/\/www.psi-polymersystems.com\/?s={search_term_string}\"},\"query-input\":{\"@type\":\"PropertyValueSpecification\",\"valueRequired\":true,\"valueName\":\"search_term_string\"}}],\"inLanguage\":\"pt-PT\"},{\"@type\":\"Organization\",\"@id\":\"https:\/\/www.psi-polymersystems.com\/#organization\",\"name\":\"PSI-Polymer Systems, Inc.\",\"url\":\"https:\/\/www.psi-polymersystems.com\/\",\"logo\":{\"@type\":\"ImageObject\",\"inLanguage\":\"pt-PT\",\"@id\":\"https:\/\/www.psi-polymersystems.com\/#\/schema\/logo\/image\/\",\"url\":\"\",\"contentUrl\":\"\",\"caption\":\"PSI-Polymer Systems, Inc.\"},\"image\":{\"@id\":\"https:\/\/www.psi-polymersystems.com\/#\/schema\/logo\/image\/\"},\"sameAs\":[\"https:\/\/www.facebook.com\/psipolymersystems\/\",\"https:\/\/www.linkedin.com\/showcase\/psi-polymer-systems\"]}]}<\/script>\n<!-- \/ Yoast SEO Premium plugin. -->","yoast_head_json":{"title":"FilterPak-100 - PSI-Polymer Systems","description":"FilterPak-100 PLC\/HMI control for one (1) PSI-Polymer Systems Continuous Screen Changer with recipe, trending, data logging and a host of other features.","robots":{"index":"index","follow":"follow","max-snippet":"max-snippet:-1","max-image-preview":"max-image-preview:large","max-video-preview":"max-video-preview:-1"},"canonical":"https:\/\/www.psi-polymersystems.com\/pt\/products\/controls\/filterpak-100\/","og_locale":"pt_PT","og_type":"article","og_title":"FilterPak-100","og_description":"Filterpak-100 PLC ControlOperates one dual filter Continuous\u00a0 or single filter Discontinuous Screen Changer Back to Screen Changer Controls Summary","og_url":"https:\/\/www.psi-polymersystems.com\/pt\/products\/controls\/filterpak-100\/","og_site_name":"PSI-Polymer Systems","article_publisher":"https:\/\/www.facebook.com\/psipolymersystems\/","article_modified_time":"2025-10-31T15:16:29+00:00","og_image":[{"width":1023,"height":598,"url":"https:\/\/www.psi-polymersystems.com\/wp-content\/uploads\/2020\/07\/CSC.jpg","type":"image\/jpeg"}],"twitter_card":"summary_large_image","twitter_misc":{"Tempo estimado de leitura":"1 minuto"},"schema":{"@context":"https:\/\/schema.org","@graph":[{"@type":"WebPage","@id":"https:\/\/www.psi-polymersystems.com\/products\/controls\/filterpak-100\/","url":"https:\/\/www.psi-polymersystems.com\/products\/controls\/filterpak-100\/","name":"FilterPak-100 - PSI-Polymer Systems","isPartOf":{"@id":"https:\/\/www.psi-polymersystems.com\/#website"},"primaryImageOfPage":{"@id":"https:\/\/www.psi-polymersystems.com\/products\/controls\/filterpak-100\/#primaryimage"},"image":{"@id":"https:\/\/www.psi-polymersystems.com\/products\/controls\/filterpak-100\/#primaryimage"},"thumbnailUrl":"https:\/\/www.psi-polymersystems.com\/wp-content\/uploads\/2020\/07\/CSC.jpg","datePublished":"2020-08-06T19:58:41+00:00","dateModified":"2025-10-31T15:16:29+00:00","description":"FilterPak-100 PLC\/HMI control for one (1) PSI-Polymer Systems Continuous Screen Changer with recipe, trending, data logging and a host of other features.","breadcrumb":{"@id":"https:\/\/www.psi-polymersystems.com\/products\/controls\/filterpak-100\/#breadcrumb"},"inLanguage":"pt-PT","potentialAction":[{"@type":"ReadAction","target":["https:\/\/www.psi-polymersystems.com\/products\/controls\/filterpak-100\/"]}]},{"@type":"ImageObject","inLanguage":"pt-PT","@id":"https:\/\/www.psi-polymersystems.com\/products\/controls\/filterpak-100\/#primaryimage","url":"https:\/\/www.psi-polymersystems.com\/wp-content\/uploads\/2020\/07\/CSC.jpg","contentUrl":"https:\/\/www.psi-polymersystems.com\/wp-content\/uploads\/2020\/07\/CSC.jpg"},{"@type":"BreadcrumbList","@id":"https:\/\/www.psi-polymersystems.com\/products\/controls\/filterpak-100\/#breadcrumb","itemListElement":[{"@type":"ListItem","position":1,"name":"Home","item":"https:\/\/www.psi-polymersystems.com\/"},{"@type":"ListItem","position":2,"name":"Product Overview","item":"https:\/\/www.psi-polymersystems.com\/products\/"},{"@type":"ListItem","position":3,"name":"Controls","item":"https:\/\/www.psi-polymersystems.com\/es\/products\/controls\/"},{"@type":"ListItem","position":4,"name":"FilterPak-100"}]},{"@type":"WebSite","@id":"https:\/\/www.psi-polymersystems.com\/#website","url":"https:\/\/www.psi-polymersystems.com\/","name":"PSI-Polymer Systems","description":"","publisher":{"@id":"https:\/\/www.psi-polymersystems.com\/#organization"},"potentialAction":[{"@type":"SearchAction","target":{"@type":"EntryPoint","urlTemplate":"https:\/\/www.psi-polymersystems.com\/?s={search_term_string}"},"query-input":{"@type":"PropertyValueSpecification","valueRequired":true,"valueName":"search_term_string"}}],"inLanguage":"pt-PT"},{"@type":"Organization","@id":"https:\/\/www.psi-polymersystems.com\/#organization","name":"PSI-Polymer Systems, Inc.","url":"https:\/\/www.psi-polymersystems.com\/","logo":{"@type":"ImageObject","inLanguage":"pt-PT","@id":"https:\/\/www.psi-polymersystems.com\/#\/schema\/logo\/image\/","url":"","contentUrl":"","caption":"PSI-Polymer Systems, Inc."},"image":{"@id":"https:\/\/www.psi-polymersystems.com\/#\/schema\/logo\/image\/"},"sameAs":["https:\/\/www.facebook.com\/psipolymersystems\/","https:\/\/www.linkedin.com\/showcase\/psi-polymer-systems"]}]}},"_links":{"self":[{"href":"https:\/\/www.psi-polymersystems.com\/pt\/wp-json\/wp\/v2\/pages\/4014","targetHints":{"allow":["GET"]}}],"collection":[{"href":"https:\/\/www.psi-polymersystems.com\/pt\/wp-json\/wp\/v2\/pages"}],"about":[{"href":"https:\/\/www.psi-polymersystems.com\/pt\/wp-json\/wp\/v2\/types\/page"}],"author":[{"embeddable":true,"href":"https:\/\/www.psi-polymersystems.com\/pt\/wp-json\/wp\/v2\/users\/2"}],"replies":[{"embeddable":true,"href":"https:\/\/www.psi-polymersystems.com\/pt\/wp-json\/wp\/v2\/comments?post=4014"}],"version-history":[{"count":3,"href":"https:\/\/www.psi-polymersystems.com\/pt\/wp-json\/wp\/v2\/pages\/4014\/revisions"}],"predecessor-version":[{"id":12904,"href":"https:\/\/www.psi-polymersystems.com\/pt\/wp-json\/wp\/v2\/pages\/4014\/revisions\/12904"}],"up":[{"embeddable":true,"href":"https:\/\/www.psi-polymersystems.com\/pt\/wp-json\/wp\/v2\/pages\/349"}],"wp:attachment":[{"href":"https:\/\/www.psi-polymersystems.com\/pt\/wp-json\/wp\/v2\/media?parent=4014"}],"curies":[{"name":"wp","href":"https:\/\/api.w.org\/{rel}","templated":true}]}}