{"id":5902,"date":"2020-09-22T19:59:35","date_gmt":"2020-09-22T19:59:35","guid":{"rendered":"https:\/\/psi-polymersystems.com\/?page_id=5902"},"modified":"2020-09-22T20:02:23","modified_gmt":"2020-09-22T20:02:23","slug":"psi-polymer-systems-inc-introduces-servo-driven-gear-pump-for-precision-dispensing-applications-conover-nc-august-29-2016","status":"publish","type":"page","link":"https:\/\/www.psi-polymersystems.com\/pt\/about-us\/press-releases\/psi-polymer-systems-inc-introduces-servo-driven-gear-pump-for-precision-dispensing-applications-conover-nc-august-29-2016\/","title":{"rendered":"PSI-Polymer Systems Inc, apresenta a bomba de engrenagem acionada por servo para aplica\u00e7\u00f5es de dispensa\u00e7\u00e3o de precis\u00e3o Conover, NC (29 de agosto de 2016)"},"content":{"rendered":"<div data-elementor-type=\"wp-page\" data-elementor-id=\"5902\" class=\"elementor elementor-5902\" data-elementor-post-type=\"page\">\n\t\t\t\t\t\t<section class=\"elementor-section elementor-top-section elementor-element elementor-element-57c76dca elementor-section-boxed elementor-section-height-default elementor-section-height-default\" data-id=\"57c76dca\" data-element_type=\"section\" data-e-type=\"section\">\n\t\t\t\t\t\t<div class=\"elementor-container elementor-column-gap-default\">\n\t\t\t\t\t<div class=\"elementor-column elementor-col-50 elementor-top-column elementor-element elementor-element-7a20cca0\" data-id=\"7a20cca0\" data-element_type=\"column\" data-e-type=\"column\">\n\t\t\t<div class=\"elementor-widget-wrap elementor-element-populated\">\n\t\t\t\t\t\t<div class=\"elementor-element elementor-element-3931474 elementor-widget elementor-widget-heading\" data-id=\"3931474\" data-element_type=\"widget\" data-e-type=\"widget\" data-widget_type=\"heading.default\">\n\t\t\t\t<div class=\"elementor-widget-container\">\n\t\t\t\t\t<h2 class=\"elementor-heading-title elementor-size-default\">A PSI-Polymer Systems, Inc. apresenta a bomba de engrenagem acionada por servo para aplica\u00e7\u00f5es de dispensa\u00e7\u00e3o de precis\u00e3o Conover, NC (29 de agosto de 2016)<\/h2>\t\t\t\t<\/div>\n\t\t\t\t<\/div>\n\t\t\t\t<div class=\"elementor-element elementor-element-61276276 elementor-widget elementor-widget-text-editor\" data-id=\"61276276\" data-element_type=\"widget\" data-e-type=\"widget\" data-widget_type=\"text-editor.default\">\n\t\t\t\t<div class=\"elementor-widget-container\">\n\t\t\t\t\t\t\t\t\t<p>A PSI-Polymer Systems introduziu recentemente um novo servo acionamento para suas bombas de engrenagem das S\u00e9ries EGP e CIP. Os acionamentos permitem um n\u00edvel de precis\u00e3o para partida, parada e acelera\u00e7\u00e3o que n\u00e3o \u00e9 poss\u00edvel alcan\u00e7ar com motores CC ou CA padr\u00e3o.<\/p><p>Originalmente criadas para extrus\u00e3o cont\u00ednua de pol\u00edmeros, as bombas de engrenagem expandiram-se para aplica\u00e7\u00f5es que agora incluem dispensa\u00e7\u00e3o de pequenos volumes de precis\u00e3o e repet\u00edvel. Normalmente encontrada em aplica\u00e7\u00f5es m\u00e9dicas, adesivas e outras aplica\u00e7\u00f5es especiais, a bomba \u00e9 necess\u00e1ria para dosar uma quantidade muito pequena e espec\u00edfica de material. Estilo mais antigo, as bombas de pist\u00e3o historicamente serviam a essas aplica\u00e7\u00f5es mantendo a taxa de fluxo sob press\u00e3o. No entanto, \u00e0 medida que as aplica\u00e7\u00f5es se tornam mais sofisticadas e exigem doses volum\u00e9tricas altamente precisas, o tempo de rea\u00e7\u00e3o de partida\/parada para esses dispositivos n\u00e3o \u00e9 mais suficiente. A sensibilidade \u00e0 temperatura com bombas de pist\u00e3o tamb\u00e9m \u00e9 um problema. As mudan\u00e7as de temperatura ambiente podem modificar a viscosidade e a vaz\u00e3o, resultando na necessidade de monitoramento e controle cont\u00ednuos das configura\u00e7\u00f5es de press\u00e3o nesses sistemas.\u00a0<\/p><p>A nova bomba de engrenagem Servo Drive da PSI melhora isso combinando a linearidade da sa\u00edda volum\u00e9trica constante por RPM da bomba de engrenagem com o controle posicional preciso de um servo acionamento. O resultado \u00e9 a elimina\u00e7\u00e3o do redutor independente, parada zero do motor, tempos de rea\u00e7\u00e3o extremamente r\u00e1pidos, partida\/parada instant\u00e2nea e tempos r\u00e1pidos de acelera\u00e7\u00e3o\/desacelera\u00e7\u00e3o e um novo recurso; invertendo. A revers\u00e3o permite que o servo acionamento recue instantaneamente a bomba para eliminar qualquer potencial de transbordamento ou gotejamento versus uma parada direta.<\/p>\t\t\t\t\t\t\t\t<\/div>\n\t\t\t\t<\/div>\n\t\t\t\t\t<\/div>\n\t\t<\/div>\n\t\t\t\t<div class=\"elementor-column elementor-col-50 elementor-top-column elementor-element elementor-element-34940499\" data-id=\"34940499\" data-element_type=\"column\" data-e-type=\"column\">\n\t\t\t<div class=\"elementor-widget-wrap\">\n\t\t\t\t\t\t\t<\/div>\n\t\t<\/div>\n\t\t\t\t\t<\/div>\n\t\t<\/section>\n\t\t\t\t<\/div>","protected":false},"excerpt":{"rendered":"<p>PSI-Polymer Systems, Inc. apresenta bomba de engrenagem servo-acionada para aplica\u00e7\u00f5es de dispensa\u00e7\u00e3o de precis\u00e3o Conover, NC (29 de agosto de 2016) A PSI-Polymer Systems lan\u00e7ou recentemente um novo servo acionamento para suas bombas de engrenagem da s\u00e9rie EGP e CIP. Os acionamentos permitem um n\u00edvel de precis\u00e3o para partida, parada e rampa que n\u00e3o \u00e9 poss\u00edvel alcan\u00e7ar com CC padr\u00e3o [\u2026]<\/p>","protected":false},"author":2,"featured_media":0,"parent":5833,"menu_order":0,"comment_status":"closed","ping_status":"closed","template":"","meta":{"_monsterinsights_skip_tracking":false,"_monsterinsights_sitenote_active":false,"_monsterinsights_sitenote_note":"","_monsterinsights_sitenote_category":0,"footnotes":""},"class_list":["post-5902","page","type-page","status-publish","hentry"],"yoast_head":"<!-- This site is optimized with the Yoast SEO Premium plugin v25.0 (Yoast SEO v25.0) - https:\/\/yoast.com\/wordpress\/plugins\/seo\/ -->\n<title>PSI-Polymer Systems Inc, Introduces Servo Driven Gear Pump For Precision Dispensing Applications Conover, NC (August 29, 2016) - PSI-Polymer Systems<\/title>\n<meta name=\"robots\" content=\"index, follow, max-snippet:-1, max-image-preview:large, max-video-preview:-1\" \/>\n<link rel=\"canonical\" href=\"https:\/\/www.psi-polymersystems.com\/pt\/about-us\/press-releases\/psi-polymer-systems-inc-introduces-servo-driven-gear-pump-for-precision-dispensing-applications-conover-nc-august-29-2016\/\" \/>\n<meta property=\"og:locale\" content=\"pt_PT\" \/>\n<meta property=\"og:type\" content=\"article\" \/>\n<meta property=\"og:title\" content=\"PSI-Polymer Systems Inc, Introduces Servo Driven Gear Pump For Precision Dispensing Applications Conover, NC (August 29, 2016)\" \/>\n<meta property=\"og:description\" content=\"PSI-Polymer Systems, Inc. Introduces Servo Driven Gear Pump For Precision Dispensing Applications Conover, NC (August 29, 2016) PSI-Polymer Systems has\" \/>\n<meta property=\"og:url\" content=\"https:\/\/www.psi-polymersystems.com\/pt\/about-us\/press-releases\/psi-polymer-systems-inc-introduces-servo-driven-gear-pump-for-precision-dispensing-applications-conover-nc-august-29-2016\/\" \/>\n<meta property=\"og:site_name\" content=\"PSI-Polymer Systems\" \/>\n<meta property=\"article:publisher\" content=\"https:\/\/www.facebook.com\/psipolymersystems\/\" \/>\n<meta property=\"article:modified_time\" content=\"2020-09-22T20:02:23+00:00\" \/>\n<meta name=\"twitter:card\" content=\"summary_large_image\" \/>\n<meta name=\"twitter:label1\" content=\"Tempo estimado de leitura\" \/>\n\t<meta name=\"twitter:data1\" content=\"1 minuto\" \/>\n<script type=\"application\/ld+json\" class=\"yoast-schema-graph\">{\"@context\":\"https:\/\/schema.org\",\"@graph\":[{\"@type\":\"WebPage\",\"@id\":\"https:\/\/www.psi-polymersystems.com\/es\/about-us\/press-releases\/psi-polymer-systems-inc-introduces-servo-driven-gear-pump-for-precision-dispensing-applications-conover-nc-august-29-2016\/\",\"url\":\"https:\/\/www.psi-polymersystems.com\/es\/about-us\/press-releases\/psi-polymer-systems-inc-introduces-servo-driven-gear-pump-for-precision-dispensing-applications-conover-nc-august-29-2016\/\",\"name\":\"PSI-Polymer Systems Inc, Introduces Servo Driven Gear Pump For Precision Dispensing Applications Conover, NC (August 29, 2016) - PSI-Polymer Systems\",\"isPartOf\":{\"@id\":\"https:\/\/www.psi-polymersystems.com\/#website\"},\"datePublished\":\"2020-09-22T19:59:35+00:00\",\"dateModified\":\"2020-09-22T20:02:23+00:00\",\"breadcrumb\":{\"@id\":\"https:\/\/www.psi-polymersystems.com\/es\/about-us\/press-releases\/psi-polymer-systems-inc-introduces-servo-driven-gear-pump-for-precision-dispensing-applications-conover-nc-august-29-2016\/#breadcrumb\"},\"inLanguage\":\"pt-PT\",\"potentialAction\":[{\"@type\":\"ReadAction\",\"target\":[\"https:\/\/www.psi-polymersystems.com\/es\/about-us\/press-releases\/psi-polymer-systems-inc-introduces-servo-driven-gear-pump-for-precision-dispensing-applications-conover-nc-august-29-2016\/\"]}]},{\"@type\":\"BreadcrumbList\",\"@id\":\"https:\/\/www.psi-polymersystems.com\/es\/about-us\/press-releases\/psi-polymer-systems-inc-introduces-servo-driven-gear-pump-for-precision-dispensing-applications-conover-nc-august-29-2016\/#breadcrumb\",\"itemListElement\":[{\"@type\":\"ListItem\",\"position\":1,\"name\":\"Home\",\"item\":\"https:\/\/www.psi-polymersystems.com\/\"},{\"@type\":\"ListItem\",\"position\":2,\"name\":\"About Us\",\"item\":\"https:\/\/www.psi-polymersystems.com\/about-us\/\"},{\"@type\":\"ListItem\",\"position\":3,\"name\":\"Press Releases\",\"item\":\"https:\/\/www.psi-polymersystems.com\/about-us\/press-releases\/\"},{\"@type\":\"ListItem\",\"position\":4,\"name\":\"PSI-Polymer Systems Inc, Introduces Servo Driven Gear Pump For Precision Dispensing Applications Conover, NC (August 29, 2016)\"}]},{\"@type\":\"WebSite\",\"@id\":\"https:\/\/www.psi-polymersystems.com\/#website\",\"url\":\"https:\/\/www.psi-polymersystems.com\/\",\"name\":\"PSI-Polymer Systems\",\"description\":\"\",\"publisher\":{\"@id\":\"https:\/\/www.psi-polymersystems.com\/#organization\"},\"potentialAction\":[{\"@type\":\"SearchAction\",\"target\":{\"@type\":\"EntryPoint\",\"urlTemplate\":\"https:\/\/www.psi-polymersystems.com\/?s={search_term_string}\"},\"query-input\":{\"@type\":\"PropertyValueSpecification\",\"valueRequired\":true,\"valueName\":\"search_term_string\"}}],\"inLanguage\":\"pt-PT\"},{\"@type\":\"Organization\",\"@id\":\"https:\/\/www.psi-polymersystems.com\/#organization\",\"name\":\"PSI-Polymer Systems, Inc.\",\"url\":\"https:\/\/www.psi-polymersystems.com\/\",\"logo\":{\"@type\":\"ImageObject\",\"inLanguage\":\"pt-PT\",\"@id\":\"https:\/\/www.psi-polymersystems.com\/#\/schema\/logo\/image\/\",\"url\":\"\",\"contentUrl\":\"\",\"caption\":\"PSI-Polymer Systems, Inc.\"},\"image\":{\"@id\":\"https:\/\/www.psi-polymersystems.com\/#\/schema\/logo\/image\/\"},\"sameAs\":[\"https:\/\/www.facebook.com\/psipolymersystems\/\",\"https:\/\/www.linkedin.com\/showcase\/psi-polymer-systems\"]}]}<\/script>\n<!-- \/ Yoast SEO Premium plugin. -->","yoast_head_json":{"title":"PSI-Polymer Systems Inc, Introduces Servo Driven Gear Pump For Precision Dispensing Applications Conover, NC (August 29, 2016) - PSI-Polymer Systems","robots":{"index":"index","follow":"follow","max-snippet":"max-snippet:-1","max-image-preview":"max-image-preview:large","max-video-preview":"max-video-preview:-1"},"canonical":"https:\/\/www.psi-polymersystems.com\/pt\/about-us\/press-releases\/psi-polymer-systems-inc-introduces-servo-driven-gear-pump-for-precision-dispensing-applications-conover-nc-august-29-2016\/","og_locale":"pt_PT","og_type":"article","og_title":"PSI-Polymer Systems Inc, Introduces Servo Driven Gear Pump For Precision Dispensing Applications Conover, NC (August 29, 2016)","og_description":"PSI-Polymer Systems, Inc. Introduces Servo Driven Gear Pump For Precision Dispensing Applications Conover, NC (August 29, 2016) PSI-Polymer Systems has","og_url":"https:\/\/www.psi-polymersystems.com\/pt\/about-us\/press-releases\/psi-polymer-systems-inc-introduces-servo-driven-gear-pump-for-precision-dispensing-applications-conover-nc-august-29-2016\/","og_site_name":"PSI-Polymer Systems","article_publisher":"https:\/\/www.facebook.com\/psipolymersystems\/","article_modified_time":"2020-09-22T20:02:23+00:00","twitter_card":"summary_large_image","twitter_misc":{"Tempo estimado de leitura":"1 minuto"},"schema":{"@context":"https:\/\/schema.org","@graph":[{"@type":"WebPage","@id":"https:\/\/www.psi-polymersystems.com\/es\/about-us\/press-releases\/psi-polymer-systems-inc-introduces-servo-driven-gear-pump-for-precision-dispensing-applications-conover-nc-august-29-2016\/","url":"https:\/\/www.psi-polymersystems.com\/es\/about-us\/press-releases\/psi-polymer-systems-inc-introduces-servo-driven-gear-pump-for-precision-dispensing-applications-conover-nc-august-29-2016\/","name":"PSI-Polymer Systems Inc, Introduces Servo Driven Gear Pump For Precision Dispensing Applications Conover, NC (August 29, 2016) - PSI-Polymer Systems","isPartOf":{"@id":"https:\/\/www.psi-polymersystems.com\/#website"},"datePublished":"2020-09-22T19:59:35+00:00","dateModified":"2020-09-22T20:02:23+00:00","breadcrumb":{"@id":"https:\/\/www.psi-polymersystems.com\/es\/about-us\/press-releases\/psi-polymer-systems-inc-introduces-servo-driven-gear-pump-for-precision-dispensing-applications-conover-nc-august-29-2016\/#breadcrumb"},"inLanguage":"pt-PT","potentialAction":[{"@type":"ReadAction","target":["https:\/\/www.psi-polymersystems.com\/es\/about-us\/press-releases\/psi-polymer-systems-inc-introduces-servo-driven-gear-pump-for-precision-dispensing-applications-conover-nc-august-29-2016\/"]}]},{"@type":"BreadcrumbList","@id":"https:\/\/www.psi-polymersystems.com\/es\/about-us\/press-releases\/psi-polymer-systems-inc-introduces-servo-driven-gear-pump-for-precision-dispensing-applications-conover-nc-august-29-2016\/#breadcrumb","itemListElement":[{"@type":"ListItem","position":1,"name":"Home","item":"https:\/\/www.psi-polymersystems.com\/"},{"@type":"ListItem","position":2,"name":"About Us","item":"https:\/\/www.psi-polymersystems.com\/about-us\/"},{"@type":"ListItem","position":3,"name":"Press Releases","item":"https:\/\/www.psi-polymersystems.com\/about-us\/press-releases\/"},{"@type":"ListItem","position":4,"name":"PSI-Polymer Systems Inc, Introduces Servo Driven Gear Pump For Precision Dispensing Applications Conover, NC (August 29, 2016)"}]},{"@type":"WebSite","@id":"https:\/\/www.psi-polymersystems.com\/#website","url":"https:\/\/www.psi-polymersystems.com\/","name":"PSI-Polymer Systems","description":"","publisher":{"@id":"https:\/\/www.psi-polymersystems.com\/#organization"},"potentialAction":[{"@type":"SearchAction","target":{"@type":"EntryPoint","urlTemplate":"https:\/\/www.psi-polymersystems.com\/?s={search_term_string}"},"query-input":{"@type":"PropertyValueSpecification","valueRequired":true,"valueName":"search_term_string"}}],"inLanguage":"pt-PT"},{"@type":"Organization","@id":"https:\/\/www.psi-polymersystems.com\/#organization","name":"PSI-Polymer Systems, Inc.","url":"https:\/\/www.psi-polymersystems.com\/","logo":{"@type":"ImageObject","inLanguage":"pt-PT","@id":"https:\/\/www.psi-polymersystems.com\/#\/schema\/logo\/image\/","url":"","contentUrl":"","caption":"PSI-Polymer Systems, Inc."},"image":{"@id":"https:\/\/www.psi-polymersystems.com\/#\/schema\/logo\/image\/"},"sameAs":["https:\/\/www.facebook.com\/psipolymersystems\/","https:\/\/www.linkedin.com\/showcase\/psi-polymer-systems"]}]}},"_links":{"self":[{"href":"https:\/\/www.psi-polymersystems.com\/pt\/wp-json\/wp\/v2\/pages\/5902","targetHints":{"allow":["GET"]}}],"collection":[{"href":"https:\/\/www.psi-polymersystems.com\/pt\/wp-json\/wp\/v2\/pages"}],"about":[{"href":"https:\/\/www.psi-polymersystems.com\/pt\/wp-json\/wp\/v2\/types\/page"}],"author":[{"embeddable":true,"href":"https:\/\/www.psi-polymersystems.com\/pt\/wp-json\/wp\/v2\/users\/2"}],"replies":[{"embeddable":true,"href":"https:\/\/www.psi-polymersystems.com\/pt\/wp-json\/wp\/v2\/comments?post=5902"}],"version-history":[{"count":0,"href":"https:\/\/www.psi-polymersystems.com\/pt\/wp-json\/wp\/v2\/pages\/5902\/revisions"}],"up":[{"embeddable":true,"href":"https:\/\/www.psi-polymersystems.com\/pt\/wp-json\/wp\/v2\/pages\/5833"}],"wp:attachment":[{"href":"https:\/\/www.psi-polymersystems.com\/pt\/wp-json\/wp\/v2\/media?parent=5902"}],"curies":[{"name":"wp","href":"https:\/\/api.w.org\/{rel}","templated":true}]}}