{"id":5936,"date":"2020-09-22T20:31:38","date_gmt":"2020-09-22T20:31:38","guid":{"rendered":"https:\/\/psi-polymersystems.com\/?page_id=5936"},"modified":"2020-09-22T20:33:26","modified_gmt":"2020-09-22T20:33:26","slug":"psi-polymer-systems-inc-introduces-new-line-of-12-drop-in-replacement-screen-changers-for-large-extruder-applications-conover-nc-march-9-2015","status":"publish","type":"page","link":"https:\/\/www.psi-polymersystems.com\/pt\/about-us\/press-releases\/psi-polymer-systems-inc-introduces-new-line-of-12-drop-in-replacement-screen-changers-for-large-extruder-applications-conover-nc-march-9-2015\/","title":{"rendered":"PSI-Polymer Systems Inc. apresenta nova linha de trocadores de tela de substitui\u00e7\u00e3o de 12\u201d para grandes aplica\u00e7\u00f5es de extrusoras Conover, NC (9 de mar\u00e7o de 2015)"},"content":{"rendered":"<div data-elementor-type=\"wp-page\" data-elementor-id=\"5936\" class=\"elementor elementor-5936\" data-elementor-post-type=\"page\">\n\t\t\t\t\t\t<section class=\"elementor-section elementor-top-section elementor-element elementor-element-1c71fbaf elementor-section-boxed elementor-section-height-default elementor-section-height-default\" data-id=\"1c71fbaf\" data-element_type=\"section\" data-e-type=\"section\">\n\t\t\t\t\t\t<div class=\"elementor-container elementor-column-gap-default\">\n\t\t\t\t\t<div class=\"elementor-column elementor-col-50 elementor-top-column elementor-element elementor-element-4db1e16e\" data-id=\"4db1e16e\" data-element_type=\"column\" data-e-type=\"column\">\n\t\t\t<div class=\"elementor-widget-wrap elementor-element-populated\">\n\t\t\t\t\t\t<div class=\"elementor-element elementor-element-684670a2 elementor-widget elementor-widget-heading\" data-id=\"684670a2\" data-element_type=\"widget\" data-e-type=\"widget\" data-widget_type=\"heading.default\">\n\t\t\t\t<div class=\"elementor-widget-container\">\n\t\t\t\t\t<h2 class=\"elementor-heading-title elementor-size-default\">PSI-Polymer Systems, Inc. apresenta nova linha de trocadores de tela de substitui\u00e7\u00e3o de 12&quot; para grandes aplica\u00e7\u00f5es de extrusoras Conover, NC (9 de mar\u00e7o de 2015)<\/h2>\t\t\t\t<\/div>\n\t\t\t\t<\/div>\n\t\t\t\t<div class=\"elementor-element elementor-element-417251ef elementor-widget elementor-widget-text-editor\" data-id=\"417251ef\" data-element_type=\"widget\" data-e-type=\"widget\" data-widget_type=\"text-editor.default\">\n\t\t\t\t<div class=\"elementor-widget-container\">\n\t\t\t\t\t\t\t\t\t<p>A PSI-Polymer Systems colocou recentemente em produ\u00e7\u00e3o um novo e maci\u00e7o trocador de tela de placa deslizante de 12\u201d com um fornecedor l\u00edder global de materiais. O trocador de tela foi fornecido como um retrofit para o modelo de outra empresa e projetado para ser uma unidade de substitui\u00e7\u00e3o drop-in. O novo trocador de tela PSI melhorou drasticamente a produ\u00e7\u00e3o e a efici\u00eancia da m\u00e1quina.<\/p><p>O trocador de tela antigo que a empresa estava usando exalava constantemente o pol\u00edmero das veda\u00e7\u00f5es de liga macia, exigindo ajustes manuais di\u00e1rios ou semanais com um ar\u00edete hidr\u00e1ulico. Esse vazamento de pol\u00edmero criou preocupa\u00e7\u00f5es significativas de seguran\u00e7a e problemas de limpeza. As pe\u00e7as de reposi\u00e7\u00e3o para as veda\u00e7\u00f5es, que foram projetadas na d\u00e9cada de 1960, apresentavam pre\u00e7os elevados e nem sempre estavam dispon\u00edveis quando necess\u00e1rio para paralisa\u00e7\u00f5es programadas. Quando os vazamentos se desenvolvem al\u00e9m da capacidade de gerenciamento dos operadores, essas m\u00e1quinas complexas, geralmente com v\u00e1rios componentes, \u00e0s vezes precisam de um dia inteiro de tempo de inatividade para serem corrigidas. Placas deslizantes de doze polegadas podem pesar mais de 500 libras, portanto, consertar um trocador de tela ap\u00f3s um vazamento pode ser um projeto incrivelmente demorado, dif\u00edcil e caro.<\/p><p>Os grandes trocadores de tela da PSI incorporam seu sistema patenteado de veda\u00e7\u00e3o de a\u00e7o, segmentado e auto-atuante para opera\u00e7\u00e3o \u00e0 prova de vazamentos. Os componentes da veda\u00e7\u00e3o s\u00e3o usinados em a\u00e7o temperado e s\u00e3o ativados por press\u00e3o pelo pol\u00edmero fundido. A press\u00e3o da veda\u00e7\u00e3o \u00e9 proporcional \u00e0 press\u00e3o da cabe\u00e7a e a for\u00e7a de atrito da veda\u00e7\u00e3o contra a placa deslizante durante o deslocamento \u00e9 diminu\u00edda dinamicamente para reduzir o desgaste dos componentes. Por meio desse projeto, esses troca-telas eliminam o ajuste e a manuten\u00e7\u00e3o da veda\u00e7\u00e3o ao longo da vida \u00fatil do troca-telas.<\/p><p>Outro recurso valioso \u00e9 o recurso \u201cdrop-in\u201d do PSI. A maioria das grandes linhas existentes s\u00e3o limitadas por espa\u00e7o, quedas de energia, tubula\u00e7\u00e3o e outros equipamentos que n\u00e3o podem ser facilmente realocados. A PSI projetou os modelos grandes para se encaixar no envelope de espa\u00e7o existente e nas conex\u00f5es usadas pelas m\u00e1quinas antigas. Isso d\u00e1 ao operador a capacidade de trocar o trocador de tela antigo pelo novo trocador de tela PSI sem ter que mover a extrusora ou o aparelho a jusante. Essa facilidade de mudan\u00e7a torna ainda mais interessante trocar seu trocador de tela antigo.<\/p><p>\u00a0\u201cFrequentemente vemos trocadores de tela antigos nas instala\u00e7\u00f5es de grandes fornecedores de resina que funcionam h\u00e1 20-25 anos e precisam urgentemente de atualiza\u00e7\u00f5es\u201d, disse Glenn Woodcock, presidente da PSI-Polymer Systems. \u201cEsta adi\u00e7\u00e3o \u00e0 nossa fam\u00edlia de trocadores de tela de placa deslizante \u00e9 feita especialmente com esses clientes em mente. Facilitamos as atualiza\u00e7\u00f5es e os benef\u00edcios em rela\u00e7\u00e3o \u00e0 seguran\u00e7a, limpeza, efici\u00eancia e redu\u00e7\u00e3o do tempo de inatividade em compara\u00e7\u00e3o com os modelos de outros fornecedores s\u00e3o enormes.\u201d<\/p>\t\t\t\t\t\t\t\t<\/div>\n\t\t\t\t<\/div>\n\t\t\t\t\t<\/div>\n\t\t<\/div>\n\t\t\t\t<div class=\"elementor-column elementor-col-50 elementor-top-column elementor-element elementor-element-2f9cb75\" data-id=\"2f9cb75\" data-element_type=\"column\" data-e-type=\"column\">\n\t\t\t<div class=\"elementor-widget-wrap\">\n\t\t\t\t\t\t\t<\/div>\n\t\t<\/div>\n\t\t\t\t\t<\/div>\n\t\t<\/section>\n\t\t\t\t<\/div>","protected":false},"excerpt":{"rendered":"<p>PSI-Polymer Systems, Inc. apresenta nova linha de trocadores de tela de substitui\u00e7\u00e3o drop-in de 12&quot; para grandes aplica\u00e7\u00f5es de extrusora com um fornecedor l\u00edder global de materiais. O trocador de tela foi fornecido como um retrofit para o modelo de outra empresa e [\u2026]<\/p>","protected":false},"author":2,"featured_media":0,"parent":5833,"menu_order":0,"comment_status":"closed","ping_status":"closed","template":"","meta":{"_monsterinsights_skip_tracking":false,"_monsterinsights_sitenote_active":false,"_monsterinsights_sitenote_note":"","_monsterinsights_sitenote_category":0,"footnotes":""},"class_list":["post-5936","page","type-page","status-publish","hentry"],"yoast_head":"<!-- This site is optimized with the Yoast SEO Premium plugin v25.0 (Yoast SEO v25.0) - https:\/\/yoast.com\/wordpress\/plugins\/seo\/ -->\n<title>PSI-Polymer Systems Inc. Introduces New Line of 12\u201d Drop-In Replacement Screen Changers for Large Extruder Applications Conover, NC (March 9, 2015) - PSI-Polymer Systems<\/title>\n<meta name=\"robots\" content=\"index, follow, max-snippet:-1, max-image-preview:large, max-video-preview:-1\" \/>\n<link rel=\"canonical\" href=\"https:\/\/www.psi-polymersystems.com\/pt\/about-us\/press-releases\/psi-polymer-systems-inc-introduces-new-line-of-12-drop-in-replacement-screen-changers-for-large-extruder-applications-conover-nc-march-9-2015\/\" \/>\n<meta property=\"og:locale\" content=\"pt_PT\" \/>\n<meta property=\"og:type\" content=\"article\" \/>\n<meta property=\"og:title\" content=\"PSI-Polymer Systems Inc. Introduces New Line of 12\u201d Drop-In Replacement Screen Changers for Large Extruder Applications Conover, NC (March 9, 2015)\" \/>\n<meta property=\"og:description\" content=\"PSI-Polymer Systems, Inc. Introduces New Line of 12&quot; Drop-In Replacement Screen Changers for Large Extruder Applications Conover, NC (March 9, 2015)\" \/>\n<meta property=\"og:url\" content=\"https:\/\/www.psi-polymersystems.com\/pt\/about-us\/press-releases\/psi-polymer-systems-inc-introduces-new-line-of-12-drop-in-replacement-screen-changers-for-large-extruder-applications-conover-nc-march-9-2015\/\" \/>\n<meta property=\"og:site_name\" content=\"PSI-Polymer Systems\" \/>\n<meta property=\"article:publisher\" content=\"https:\/\/www.facebook.com\/psipolymersystems\/\" \/>\n<meta property=\"article:modified_time\" content=\"2020-09-22T20:33:26+00:00\" \/>\n<meta name=\"twitter:card\" content=\"summary_large_image\" \/>\n<meta name=\"twitter:label1\" content=\"Tempo estimado de leitura\" \/>\n\t<meta name=\"twitter:data1\" content=\"2 minutos\" \/>\n<script type=\"application\/ld+json\" class=\"yoast-schema-graph\">{\"@context\":\"https:\/\/schema.org\",\"@graph\":[{\"@type\":\"WebPage\",\"@id\":\"https:\/\/www.psi-polymersystems.com\/es\/about-us\/press-releases\/psi-polymer-systems-inc-introduces-new-line-of-12-drop-in-replacement-screen-changers-for-large-extruder-applications-conover-nc-march-9-2015\/\",\"url\":\"https:\/\/www.psi-polymersystems.com\/es\/about-us\/press-releases\/psi-polymer-systems-inc-introduces-new-line-of-12-drop-in-replacement-screen-changers-for-large-extruder-applications-conover-nc-march-9-2015\/\",\"name\":\"PSI-Polymer Systems Inc. Introduces New Line of 12\u201d Drop-In Replacement Screen Changers for Large Extruder Applications Conover, NC (March 9, 2015) - PSI-Polymer Systems\",\"isPartOf\":{\"@id\":\"https:\/\/www.psi-polymersystems.com\/#website\"},\"datePublished\":\"2020-09-22T20:31:38+00:00\",\"dateModified\":\"2020-09-22T20:33:26+00:00\",\"breadcrumb\":{\"@id\":\"https:\/\/www.psi-polymersystems.com\/es\/about-us\/press-releases\/psi-polymer-systems-inc-introduces-new-line-of-12-drop-in-replacement-screen-changers-for-large-extruder-applications-conover-nc-march-9-2015\/#breadcrumb\"},\"inLanguage\":\"pt-PT\",\"potentialAction\":[{\"@type\":\"ReadAction\",\"target\":[\"https:\/\/www.psi-polymersystems.com\/es\/about-us\/press-releases\/psi-polymer-systems-inc-introduces-new-line-of-12-drop-in-replacement-screen-changers-for-large-extruder-applications-conover-nc-march-9-2015\/\"]}]},{\"@type\":\"BreadcrumbList\",\"@id\":\"https:\/\/www.psi-polymersystems.com\/es\/about-us\/press-releases\/psi-polymer-systems-inc-introduces-new-line-of-12-drop-in-replacement-screen-changers-for-large-extruder-applications-conover-nc-march-9-2015\/#breadcrumb\",\"itemListElement\":[{\"@type\":\"ListItem\",\"position\":1,\"name\":\"Home\",\"item\":\"https:\/\/www.psi-polymersystems.com\/\"},{\"@type\":\"ListItem\",\"position\":2,\"name\":\"About Us\",\"item\":\"https:\/\/www.psi-polymersystems.com\/about-us\/\"},{\"@type\":\"ListItem\",\"position\":3,\"name\":\"Press Releases\",\"item\":\"https:\/\/www.psi-polymersystems.com\/about-us\/press-releases\/\"},{\"@type\":\"ListItem\",\"position\":4,\"name\":\"PSI-Polymer Systems Inc. Introduces New Line of 12\u201d Drop-In Replacement Screen Changers for Large Extruder Applications Conover, NC (March 9, 2015)\"}]},{\"@type\":\"WebSite\",\"@id\":\"https:\/\/www.psi-polymersystems.com\/#website\",\"url\":\"https:\/\/www.psi-polymersystems.com\/\",\"name\":\"PSI-Polymer Systems\",\"description\":\"\",\"publisher\":{\"@id\":\"https:\/\/www.psi-polymersystems.com\/#organization\"},\"potentialAction\":[{\"@type\":\"SearchAction\",\"target\":{\"@type\":\"EntryPoint\",\"urlTemplate\":\"https:\/\/www.psi-polymersystems.com\/?s={search_term_string}\"},\"query-input\":{\"@type\":\"PropertyValueSpecification\",\"valueRequired\":true,\"valueName\":\"search_term_string\"}}],\"inLanguage\":\"pt-PT\"},{\"@type\":\"Organization\",\"@id\":\"https:\/\/www.psi-polymersystems.com\/#organization\",\"name\":\"PSI-Polymer Systems, Inc.\",\"url\":\"https:\/\/www.psi-polymersystems.com\/\",\"logo\":{\"@type\":\"ImageObject\",\"inLanguage\":\"pt-PT\",\"@id\":\"https:\/\/www.psi-polymersystems.com\/#\/schema\/logo\/image\/\",\"url\":\"\",\"contentUrl\":\"\",\"caption\":\"PSI-Polymer Systems, Inc.\"},\"image\":{\"@id\":\"https:\/\/www.psi-polymersystems.com\/#\/schema\/logo\/image\/\"},\"sameAs\":[\"https:\/\/www.facebook.com\/psipolymersystems\/\",\"https:\/\/www.linkedin.com\/showcase\/psi-polymer-systems\"]}]}<\/script>\n<!-- \/ Yoast SEO Premium plugin. -->","yoast_head_json":{"title":"PSI-Polymer Systems Inc. Introduces New Line of 12\u201d Drop-In Replacement Screen Changers for Large Extruder Applications Conover, NC (March 9, 2015) - PSI-Polymer Systems","robots":{"index":"index","follow":"follow","max-snippet":"max-snippet:-1","max-image-preview":"max-image-preview:large","max-video-preview":"max-video-preview:-1"},"canonical":"https:\/\/www.psi-polymersystems.com\/pt\/about-us\/press-releases\/psi-polymer-systems-inc-introduces-new-line-of-12-drop-in-replacement-screen-changers-for-large-extruder-applications-conover-nc-march-9-2015\/","og_locale":"pt_PT","og_type":"article","og_title":"PSI-Polymer Systems Inc. Introduces New Line of 12\u201d Drop-In Replacement Screen Changers for Large Extruder Applications Conover, NC (March 9, 2015)","og_description":"PSI-Polymer Systems, Inc. Introduces New Line of 12\" Drop-In Replacement Screen Changers for Large Extruder Applications Conover, NC (March 9, 2015)","og_url":"https:\/\/www.psi-polymersystems.com\/pt\/about-us\/press-releases\/psi-polymer-systems-inc-introduces-new-line-of-12-drop-in-replacement-screen-changers-for-large-extruder-applications-conover-nc-march-9-2015\/","og_site_name":"PSI-Polymer Systems","article_publisher":"https:\/\/www.facebook.com\/psipolymersystems\/","article_modified_time":"2020-09-22T20:33:26+00:00","twitter_card":"summary_large_image","twitter_misc":{"Tempo estimado de leitura":"2 minutos"},"schema":{"@context":"https:\/\/schema.org","@graph":[{"@type":"WebPage","@id":"https:\/\/www.psi-polymersystems.com\/es\/about-us\/press-releases\/psi-polymer-systems-inc-introduces-new-line-of-12-drop-in-replacement-screen-changers-for-large-extruder-applications-conover-nc-march-9-2015\/","url":"https:\/\/www.psi-polymersystems.com\/es\/about-us\/press-releases\/psi-polymer-systems-inc-introduces-new-line-of-12-drop-in-replacement-screen-changers-for-large-extruder-applications-conover-nc-march-9-2015\/","name":"PSI-Polymer Systems Inc. Introduces New Line of 12\u201d Drop-In Replacement Screen Changers for Large Extruder Applications Conover, NC (March 9, 2015) - PSI-Polymer Systems","isPartOf":{"@id":"https:\/\/www.psi-polymersystems.com\/#website"},"datePublished":"2020-09-22T20:31:38+00:00","dateModified":"2020-09-22T20:33:26+00:00","breadcrumb":{"@id":"https:\/\/www.psi-polymersystems.com\/es\/about-us\/press-releases\/psi-polymer-systems-inc-introduces-new-line-of-12-drop-in-replacement-screen-changers-for-large-extruder-applications-conover-nc-march-9-2015\/#breadcrumb"},"inLanguage":"pt-PT","potentialAction":[{"@type":"ReadAction","target":["https:\/\/www.psi-polymersystems.com\/es\/about-us\/press-releases\/psi-polymer-systems-inc-introduces-new-line-of-12-drop-in-replacement-screen-changers-for-large-extruder-applications-conover-nc-march-9-2015\/"]}]},{"@type":"BreadcrumbList","@id":"https:\/\/www.psi-polymersystems.com\/es\/about-us\/press-releases\/psi-polymer-systems-inc-introduces-new-line-of-12-drop-in-replacement-screen-changers-for-large-extruder-applications-conover-nc-march-9-2015\/#breadcrumb","itemListElement":[{"@type":"ListItem","position":1,"name":"Home","item":"https:\/\/www.psi-polymersystems.com\/"},{"@type":"ListItem","position":2,"name":"About Us","item":"https:\/\/www.psi-polymersystems.com\/about-us\/"},{"@type":"ListItem","position":3,"name":"Press Releases","item":"https:\/\/www.psi-polymersystems.com\/about-us\/press-releases\/"},{"@type":"ListItem","position":4,"name":"PSI-Polymer Systems Inc. Introduces New Line of 12\u201d Drop-In Replacement Screen Changers for Large Extruder Applications Conover, NC (March 9, 2015)"}]},{"@type":"WebSite","@id":"https:\/\/www.psi-polymersystems.com\/#website","url":"https:\/\/www.psi-polymersystems.com\/","name":"PSI-Polymer Systems","description":"","publisher":{"@id":"https:\/\/www.psi-polymersystems.com\/#organization"},"potentialAction":[{"@type":"SearchAction","target":{"@type":"EntryPoint","urlTemplate":"https:\/\/www.psi-polymersystems.com\/?s={search_term_string}"},"query-input":{"@type":"PropertyValueSpecification","valueRequired":true,"valueName":"search_term_string"}}],"inLanguage":"pt-PT"},{"@type":"Organization","@id":"https:\/\/www.psi-polymersystems.com\/#organization","name":"PSI-Polymer Systems, Inc.","url":"https:\/\/www.psi-polymersystems.com\/","logo":{"@type":"ImageObject","inLanguage":"pt-PT","@id":"https:\/\/www.psi-polymersystems.com\/#\/schema\/logo\/image\/","url":"","contentUrl":"","caption":"PSI-Polymer Systems, Inc."},"image":{"@id":"https:\/\/www.psi-polymersystems.com\/#\/schema\/logo\/image\/"},"sameAs":["https:\/\/www.facebook.com\/psipolymersystems\/","https:\/\/www.linkedin.com\/showcase\/psi-polymer-systems"]}]}},"_links":{"self":[{"href":"https:\/\/www.psi-polymersystems.com\/pt\/wp-json\/wp\/v2\/pages\/5936","targetHints":{"allow":["GET"]}}],"collection":[{"href":"https:\/\/www.psi-polymersystems.com\/pt\/wp-json\/wp\/v2\/pages"}],"about":[{"href":"https:\/\/www.psi-polymersystems.com\/pt\/wp-json\/wp\/v2\/types\/page"}],"author":[{"embeddable":true,"href":"https:\/\/www.psi-polymersystems.com\/pt\/wp-json\/wp\/v2\/users\/2"}],"replies":[{"embeddable":true,"href":"https:\/\/www.psi-polymersystems.com\/pt\/wp-json\/wp\/v2\/comments?post=5936"}],"version-history":[{"count":0,"href":"https:\/\/www.psi-polymersystems.com\/pt\/wp-json\/wp\/v2\/pages\/5936\/revisions"}],"up":[{"embeddable":true,"href":"https:\/\/www.psi-polymersystems.com\/pt\/wp-json\/wp\/v2\/pages\/5833"}],"wp:attachment":[{"href":"https:\/\/www.psi-polymersystems.com\/pt\/wp-json\/wp\/v2\/media?parent=5936"}],"curies":[{"name":"wp","href":"https:\/\/api.w.org\/{rel}","templated":true}]}}