{"id":5994,"date":"2020-09-23T14:05:05","date_gmt":"2020-09-23T14:05:05","guid":{"rendered":"https:\/\/psi-polymersystems.com\/?page_id=5994"},"modified":"2020-09-23T14:06:14","modified_gmt":"2020-09-23T14:06:14","slug":"psi-polymer-systems-inc-screen-changers-and-gear-pumps-increase-quality-for-challenging-solar-cell-applications-conover-nc-march-9-2015","status":"publish","type":"page","link":"https:\/\/www.psi-polymersystems.com\/pt\/about-us\/press-releases\/psi-polymer-systems-inc-screen-changers-and-gear-pumps-increase-quality-for-challenging-solar-cell-applications-conover-nc-march-9-2015\/","title":{"rendered":"PSI-Polymer Systems Inc. Trocadores de tela e bombas de engrenagem aumentam a qualidade para aplica\u00e7\u00f5es desafiadoras de c\u00e9lulas solares Conover, NC (9 de mar\u00e7o de 2015"},"content":{"rendered":"<div data-elementor-type=\"wp-page\" data-elementor-id=\"5994\" class=\"elementor elementor-5994\" data-elementor-post-type=\"page\">\n\t\t\t\t\t\t<section class=\"elementor-section elementor-top-section elementor-element elementor-element-7ebf9c2c elementor-section-boxed elementor-section-height-default elementor-section-height-default\" data-id=\"7ebf9c2c\" data-element_type=\"section\" data-e-type=\"section\">\n\t\t\t\t\t\t<div class=\"elementor-container elementor-column-gap-default\">\n\t\t\t\t\t<div class=\"elementor-column elementor-col-50 elementor-top-column elementor-element elementor-element-574f61d9\" data-id=\"574f61d9\" data-element_type=\"column\" data-e-type=\"column\">\n\t\t\t<div class=\"elementor-widget-wrap elementor-element-populated\">\n\t\t\t\t\t\t<div class=\"elementor-element elementor-element-52b7b1f6 elementor-widget elementor-widget-heading\" data-id=\"52b7b1f6\" data-element_type=\"widget\" data-e-type=\"widget\" data-widget_type=\"heading.default\">\n\t\t\t\t<div class=\"elementor-widget-container\">\n\t\t\t\t\t<h2 class=\"elementor-heading-title elementor-size-default\">PSI-Polymer Systems Inc. Trocadores de tela e bombas de engrenagem aumentam a qualidade para aplica\u00e7\u00f5es desafiadoras de c\u00e9lulas solares Conover, NC (9 de mar\u00e7o de 2015)<\/h2>\t\t\t\t<\/div>\n\t\t\t\t<\/div>\n\t\t\t\t<div class=\"elementor-element elementor-element-1d5518c6 elementor-widget elementor-widget-text-editor\" data-id=\"1d5518c6\" data-element_type=\"widget\" data-e-type=\"widget\" data-widget_type=\"text-editor.default\">\n\t\t\t\t<div class=\"elementor-widget-container\">\n\t\t\t\t\t\t\t\t\t<p>Recentemente, houve um aumento na demanda na ind\u00fastria por chapas de material reticulado (EVA), usadas principalmente na produ\u00e7\u00e3o de c\u00e9lulas solares. Esta aplica\u00e7\u00e3o \u00e9 particularmente desafiadora para bombas de extrus\u00e3o de fundi\u00e7\u00e3o e trocadores de tela devido \u00e0 alta temperatura de fundi\u00e7\u00e3o do material e \u00e0s exig\u00eancias rigorosas de planicidade do produto final.<\/p><p>A PSI forneceu recentemente bombas de engrenagem e trocadores de tela para um fornecedor l\u00edder que est\u00e1 produzindo com sucesso grandes quantidades desses materiais. A PSI est\u00e1 em uma posi\u00e7\u00e3o \u00fanica para atender \u00e0s necessidades deste segmento da ind\u00fastria em r\u00e1pido crescimento. Eles j\u00e1 operam muitas bombas de fundi\u00e7\u00e3o e trocadores de tela que t\u00eam demandas semelhantes para tubos PEX e aplica\u00e7\u00f5es de compostos PEX, dando-lhes amplo conhecimento e experi\u00eancia com materiais reticulados. A bomba de derretimento para esta aplica\u00e7\u00e3o espec\u00edfica foi projetada para reduzir a temperatura geral do derretimento e evitar a reticula\u00e7\u00e3o do material. Ele tem v\u00e1rios recursos que o tornam um ajuste ideal. Os recursos incluem:<\/p><ul><li>Canais de aquecimento\/resfriamento dentro das bombas para remover o calor excessivo dos mancais e equalizar os gradientes de temperatura nos corpos da bomba;<\/li><li>As portas de sangria nas bombas evacuam o material que passa pelas \u00e1reas de alto cisalhamento;<\/li><li>A sa\u00edda volum\u00e9trica de alta precis\u00e3o melhora o controle do medidor do EVA, o que ajuda a criar uma planicidade perfeita, fundamental para aplica\u00e7\u00f5es de c\u00e9lulas solares;<\/li><li>A bomba de fus\u00e3o permite cisalhamento reduzido, temperatura mais facilmente controlada e controle superior quando comparado ao controle de extrus\u00e3o gravim\u00e9trico comumente usado.<\/li><\/ul><p>\u201cAs aplica\u00e7\u00f5es de materiais reticulados est\u00e3o crescendo agora como resultado do crescimento da ind\u00fastria de pain\u00e9is solares\u201d, disse Glenn Woodcock, presidente da PSI-Polymer Systems. \u201cNossas bombas de fundi\u00e7\u00e3o s\u00e3o perfeitamente adequadas para esses materiais, e nossa experi\u00eancia, conhecimento e desempenho existentes no campo provaram ser o valor agregado para essas aplica\u00e7\u00f5es de precis\u00e3o.\u201d<\/p>\t\t\t\t\t\t\t\t<\/div>\n\t\t\t\t<\/div>\n\t\t\t\t\t<\/div>\n\t\t<\/div>\n\t\t\t\t<div class=\"elementor-column elementor-col-50 elementor-top-column elementor-element elementor-element-383722e2\" data-id=\"383722e2\" data-element_type=\"column\" data-e-type=\"column\">\n\t\t\t<div class=\"elementor-widget-wrap\">\n\t\t\t\t\t\t\t<\/div>\n\t\t<\/div>\n\t\t\t\t\t<\/div>\n\t\t<\/section>\n\t\t\t\t<\/div>","protected":false},"excerpt":{"rendered":"<p>PSI-Polymer Systems Inc. Trocadores de tela e bombas de engrenagem aumentam a qualidade para aplica\u00e7\u00f5es desafiadoras de c\u00e9lulas solares Conover, NC (9 de mar\u00e7o de 2015) Recentemente, tem havido um aumento na demanda na ind\u00fastria por folhas de material reticulado (EVA), usadas principalmente na produ\u00e7\u00e3o de c\u00e9lulas solares. Esta aplica\u00e7\u00e3o \u00e9 particularmente desafiadora para bombas de extrus\u00e3o e trocadores de tela porque [\u2026]<\/p>","protected":false},"author":2,"featured_media":0,"parent":5833,"menu_order":0,"comment_status":"closed","ping_status":"closed","template":"","meta":{"_monsterinsights_skip_tracking":false,"_monsterinsights_sitenote_active":false,"_monsterinsights_sitenote_note":"","_monsterinsights_sitenote_category":0,"footnotes":""},"class_list":["post-5994","page","type-page","status-publish","hentry"],"yoast_head":"<!-- This site is optimized with the Yoast SEO Premium plugin v25.0 (Yoast SEO v25.0) - https:\/\/yoast.com\/wordpress\/plugins\/seo\/ -->\n<title>PSI-Polymer Systems Inc. Screen Changers and Gear Pumps Increase Quality For Challenging Solar Cell Applications Conover, NC (March 9, 2015 - PSI-Polymer Systems<\/title>\n<meta name=\"robots\" content=\"index, follow, max-snippet:-1, max-image-preview:large, max-video-preview:-1\" \/>\n<link rel=\"canonical\" href=\"https:\/\/www.psi-polymersystems.com\/pt\/about-us\/press-releases\/psi-polymer-systems-inc-screen-changers-and-gear-pumps-increase-quality-for-challenging-solar-cell-applications-conover-nc-march-9-2015\/\" \/>\n<meta property=\"og:locale\" content=\"pt_PT\" \/>\n<meta property=\"og:type\" content=\"article\" \/>\n<meta property=\"og:title\" content=\"PSI-Polymer Systems Inc. Screen Changers and Gear Pumps Increase Quality For Challenging Solar Cell Applications Conover, NC (March 9, 2015\" \/>\n<meta property=\"og:description\" content=\"PSI-Polymer Systems Inc. Screen Changers and Gear Pumps Increase Quality For Challenging Solar Cell Applications Conover, NC (March 9, 2015) Recently,\" \/>\n<meta property=\"og:url\" content=\"https:\/\/www.psi-polymersystems.com\/pt\/about-us\/press-releases\/psi-polymer-systems-inc-screen-changers-and-gear-pumps-increase-quality-for-challenging-solar-cell-applications-conover-nc-march-9-2015\/\" \/>\n<meta property=\"og:site_name\" content=\"PSI-Polymer Systems\" \/>\n<meta property=\"article:publisher\" content=\"https:\/\/www.facebook.com\/psipolymersystems\/\" \/>\n<meta property=\"article:modified_time\" content=\"2020-09-23T14:06:14+00:00\" \/>\n<meta name=\"twitter:card\" content=\"summary_large_image\" \/>\n<meta name=\"twitter:label1\" content=\"Tempo estimado de leitura\" \/>\n\t<meta name=\"twitter:data1\" content=\"2 minutos\" \/>\n<script type=\"application\/ld+json\" class=\"yoast-schema-graph\">{\"@context\":\"https:\/\/schema.org\",\"@graph\":[{\"@type\":\"WebPage\",\"@id\":\"https:\/\/www.psi-polymersystems.com\/es\/about-us\/press-releases\/psi-polymer-systems-inc-screen-changers-and-gear-pumps-increase-quality-for-challenging-solar-cell-applications-conover-nc-march-9-2015\/\",\"url\":\"https:\/\/www.psi-polymersystems.com\/es\/about-us\/press-releases\/psi-polymer-systems-inc-screen-changers-and-gear-pumps-increase-quality-for-challenging-solar-cell-applications-conover-nc-march-9-2015\/\",\"name\":\"PSI-Polymer Systems Inc. Screen Changers and Gear Pumps Increase Quality For Challenging Solar Cell Applications Conover, NC (March 9, 2015 - PSI-Polymer Systems\",\"isPartOf\":{\"@id\":\"https:\/\/www.psi-polymersystems.com\/#website\"},\"datePublished\":\"2020-09-23T14:05:05+00:00\",\"dateModified\":\"2020-09-23T14:06:14+00:00\",\"breadcrumb\":{\"@id\":\"https:\/\/www.psi-polymersystems.com\/es\/about-us\/press-releases\/psi-polymer-systems-inc-screen-changers-and-gear-pumps-increase-quality-for-challenging-solar-cell-applications-conover-nc-march-9-2015\/#breadcrumb\"},\"inLanguage\":\"pt-PT\",\"potentialAction\":[{\"@type\":\"ReadAction\",\"target\":[\"https:\/\/www.psi-polymersystems.com\/es\/about-us\/press-releases\/psi-polymer-systems-inc-screen-changers-and-gear-pumps-increase-quality-for-challenging-solar-cell-applications-conover-nc-march-9-2015\/\"]}]},{\"@type\":\"BreadcrumbList\",\"@id\":\"https:\/\/www.psi-polymersystems.com\/es\/about-us\/press-releases\/psi-polymer-systems-inc-screen-changers-and-gear-pumps-increase-quality-for-challenging-solar-cell-applications-conover-nc-march-9-2015\/#breadcrumb\",\"itemListElement\":[{\"@type\":\"ListItem\",\"position\":1,\"name\":\"Home\",\"item\":\"https:\/\/www.psi-polymersystems.com\/\"},{\"@type\":\"ListItem\",\"position\":2,\"name\":\"About Us\",\"item\":\"https:\/\/www.psi-polymersystems.com\/about-us\/\"},{\"@type\":\"ListItem\",\"position\":3,\"name\":\"Press Releases\",\"item\":\"https:\/\/www.psi-polymersystems.com\/about-us\/press-releases\/\"},{\"@type\":\"ListItem\",\"position\":4,\"name\":\"PSI-Polymer Systems Inc. Screen Changers and Gear Pumps Increase Quality For Challenging Solar Cell Applications Conover, NC (March 9, 2015\"}]},{\"@type\":\"WebSite\",\"@id\":\"https:\/\/www.psi-polymersystems.com\/#website\",\"url\":\"https:\/\/www.psi-polymersystems.com\/\",\"name\":\"PSI-Polymer Systems\",\"description\":\"\",\"publisher\":{\"@id\":\"https:\/\/www.psi-polymersystems.com\/#organization\"},\"potentialAction\":[{\"@type\":\"SearchAction\",\"target\":{\"@type\":\"EntryPoint\",\"urlTemplate\":\"https:\/\/www.psi-polymersystems.com\/?s={search_term_string}\"},\"query-input\":{\"@type\":\"PropertyValueSpecification\",\"valueRequired\":true,\"valueName\":\"search_term_string\"}}],\"inLanguage\":\"pt-PT\"},{\"@type\":\"Organization\",\"@id\":\"https:\/\/www.psi-polymersystems.com\/#organization\",\"name\":\"PSI-Polymer Systems, Inc.\",\"url\":\"https:\/\/www.psi-polymersystems.com\/\",\"logo\":{\"@type\":\"ImageObject\",\"inLanguage\":\"pt-PT\",\"@id\":\"https:\/\/www.psi-polymersystems.com\/#\/schema\/logo\/image\/\",\"url\":\"\",\"contentUrl\":\"\",\"caption\":\"PSI-Polymer Systems, Inc.\"},\"image\":{\"@id\":\"https:\/\/www.psi-polymersystems.com\/#\/schema\/logo\/image\/\"},\"sameAs\":[\"https:\/\/www.facebook.com\/psipolymersystems\/\",\"https:\/\/www.linkedin.com\/showcase\/psi-polymer-systems\"]}]}<\/script>\n<!-- \/ Yoast SEO Premium plugin. -->","yoast_head_json":{"title":"PSI-Polymer Systems Inc. Screen Changers and Gear Pumps Increase Quality For Challenging Solar Cell Applications Conover, NC (March 9, 2015 - PSI-Polymer Systems","robots":{"index":"index","follow":"follow","max-snippet":"max-snippet:-1","max-image-preview":"max-image-preview:large","max-video-preview":"max-video-preview:-1"},"canonical":"https:\/\/www.psi-polymersystems.com\/pt\/about-us\/press-releases\/psi-polymer-systems-inc-screen-changers-and-gear-pumps-increase-quality-for-challenging-solar-cell-applications-conover-nc-march-9-2015\/","og_locale":"pt_PT","og_type":"article","og_title":"PSI-Polymer Systems Inc. Screen Changers and Gear Pumps Increase Quality For Challenging Solar Cell Applications Conover, NC (March 9, 2015","og_description":"PSI-Polymer Systems Inc. Screen Changers and Gear Pumps Increase Quality For Challenging Solar Cell Applications Conover, NC (March 9, 2015) Recently,","og_url":"https:\/\/www.psi-polymersystems.com\/pt\/about-us\/press-releases\/psi-polymer-systems-inc-screen-changers-and-gear-pumps-increase-quality-for-challenging-solar-cell-applications-conover-nc-march-9-2015\/","og_site_name":"PSI-Polymer Systems","article_publisher":"https:\/\/www.facebook.com\/psipolymersystems\/","article_modified_time":"2020-09-23T14:06:14+00:00","twitter_card":"summary_large_image","twitter_misc":{"Tempo estimado de leitura":"2 minutos"},"schema":{"@context":"https:\/\/schema.org","@graph":[{"@type":"WebPage","@id":"https:\/\/www.psi-polymersystems.com\/es\/about-us\/press-releases\/psi-polymer-systems-inc-screen-changers-and-gear-pumps-increase-quality-for-challenging-solar-cell-applications-conover-nc-march-9-2015\/","url":"https:\/\/www.psi-polymersystems.com\/es\/about-us\/press-releases\/psi-polymer-systems-inc-screen-changers-and-gear-pumps-increase-quality-for-challenging-solar-cell-applications-conover-nc-march-9-2015\/","name":"PSI-Polymer Systems Inc. Screen Changers and Gear Pumps Increase Quality For Challenging Solar Cell Applications Conover, NC (March 9, 2015 - PSI-Polymer Systems","isPartOf":{"@id":"https:\/\/www.psi-polymersystems.com\/#website"},"datePublished":"2020-09-23T14:05:05+00:00","dateModified":"2020-09-23T14:06:14+00:00","breadcrumb":{"@id":"https:\/\/www.psi-polymersystems.com\/es\/about-us\/press-releases\/psi-polymer-systems-inc-screen-changers-and-gear-pumps-increase-quality-for-challenging-solar-cell-applications-conover-nc-march-9-2015\/#breadcrumb"},"inLanguage":"pt-PT","potentialAction":[{"@type":"ReadAction","target":["https:\/\/www.psi-polymersystems.com\/es\/about-us\/press-releases\/psi-polymer-systems-inc-screen-changers-and-gear-pumps-increase-quality-for-challenging-solar-cell-applications-conover-nc-march-9-2015\/"]}]},{"@type":"BreadcrumbList","@id":"https:\/\/www.psi-polymersystems.com\/es\/about-us\/press-releases\/psi-polymer-systems-inc-screen-changers-and-gear-pumps-increase-quality-for-challenging-solar-cell-applications-conover-nc-march-9-2015\/#breadcrumb","itemListElement":[{"@type":"ListItem","position":1,"name":"Home","item":"https:\/\/www.psi-polymersystems.com\/"},{"@type":"ListItem","position":2,"name":"About Us","item":"https:\/\/www.psi-polymersystems.com\/about-us\/"},{"@type":"ListItem","position":3,"name":"Press Releases","item":"https:\/\/www.psi-polymersystems.com\/about-us\/press-releases\/"},{"@type":"ListItem","position":4,"name":"PSI-Polymer Systems Inc. Screen Changers and Gear Pumps Increase Quality For Challenging Solar Cell Applications Conover, NC (March 9, 2015"}]},{"@type":"WebSite","@id":"https:\/\/www.psi-polymersystems.com\/#website","url":"https:\/\/www.psi-polymersystems.com\/","name":"PSI-Polymer Systems","description":"","publisher":{"@id":"https:\/\/www.psi-polymersystems.com\/#organization"},"potentialAction":[{"@type":"SearchAction","target":{"@type":"EntryPoint","urlTemplate":"https:\/\/www.psi-polymersystems.com\/?s={search_term_string}"},"query-input":{"@type":"PropertyValueSpecification","valueRequired":true,"valueName":"search_term_string"}}],"inLanguage":"pt-PT"},{"@type":"Organization","@id":"https:\/\/www.psi-polymersystems.com\/#organization","name":"PSI-Polymer Systems, Inc.","url":"https:\/\/www.psi-polymersystems.com\/","logo":{"@type":"ImageObject","inLanguage":"pt-PT","@id":"https:\/\/www.psi-polymersystems.com\/#\/schema\/logo\/image\/","url":"","contentUrl":"","caption":"PSI-Polymer Systems, Inc."},"image":{"@id":"https:\/\/www.psi-polymersystems.com\/#\/schema\/logo\/image\/"},"sameAs":["https:\/\/www.facebook.com\/psipolymersystems\/","https:\/\/www.linkedin.com\/showcase\/psi-polymer-systems"]}]}},"_links":{"self":[{"href":"https:\/\/www.psi-polymersystems.com\/pt\/wp-json\/wp\/v2\/pages\/5994","targetHints":{"allow":["GET"]}}],"collection":[{"href":"https:\/\/www.psi-polymersystems.com\/pt\/wp-json\/wp\/v2\/pages"}],"about":[{"href":"https:\/\/www.psi-polymersystems.com\/pt\/wp-json\/wp\/v2\/types\/page"}],"author":[{"embeddable":true,"href":"https:\/\/www.psi-polymersystems.com\/pt\/wp-json\/wp\/v2\/users\/2"}],"replies":[{"embeddable":true,"href":"https:\/\/www.psi-polymersystems.com\/pt\/wp-json\/wp\/v2\/comments?post=5994"}],"version-history":[{"count":0,"href":"https:\/\/www.psi-polymersystems.com\/pt\/wp-json\/wp\/v2\/pages\/5994\/revisions"}],"up":[{"embeddable":true,"href":"https:\/\/www.psi-polymersystems.com\/pt\/wp-json\/wp\/v2\/pages\/5833"}],"wp:attachment":[{"href":"https:\/\/www.psi-polymersystems.com\/pt\/wp-json\/wp\/v2\/media?parent=5994"}],"curies":[{"name":"wp","href":"https:\/\/api.w.org\/{rel}","templated":true}]}}