{"id":6002,"date":"2020-09-23T14:17:02","date_gmt":"2020-09-23T14:17:02","guid":{"rendered":"https:\/\/psi-polymersystems.com\/?page_id=6002"},"modified":"2020-09-23T14:24:13","modified_gmt":"2020-09-23T14:24:13","slug":"psi-polymer-systems-inc-s-continuous-screen-changers-perform-flawlessly-for-challenging-food-industry-candy-application-conover-nc-april-8-2014","status":"publish","type":"page","link":"https:\/\/www.psi-polymersystems.com\/pt\/about-us\/press-releases\/psi-polymer-systems-inc-s-continuous-screen-changers-perform-flawlessly-for-challenging-food-industry-candy-application-conover-nc-april-8-2014\/","title":{"rendered":"Os trocadores de tela cont\u00ednuos da PSI-Polymer Systems Inc. funcionam perfeitamente para aplica\u00e7\u00f5es desafiadoras de doces na ind\u00fastria aliment\u00edcia Conover, NC (8 de abril de 2014)"},"content":{"rendered":"<div data-elementor-type=\"wp-page\" data-elementor-id=\"6002\" class=\"elementor elementor-6002\" data-elementor-post-type=\"page\">\n\t\t\t\t\t\t<section class=\"elementor-section elementor-top-section elementor-element elementor-element-5f3b65f8 elementor-section-boxed elementor-section-height-default elementor-section-height-default\" data-id=\"5f3b65f8\" data-element_type=\"section\" data-e-type=\"section\">\n\t\t\t\t\t\t<div class=\"elementor-container elementor-column-gap-default\">\n\t\t\t\t\t<div class=\"elementor-column elementor-col-50 elementor-top-column elementor-element elementor-element-704e4f88\" data-id=\"704e4f88\" data-element_type=\"column\" data-e-type=\"column\">\n\t\t\t<div class=\"elementor-widget-wrap elementor-element-populated\">\n\t\t\t\t\t\t<div class=\"elementor-element elementor-element-13cce76e elementor-widget elementor-widget-heading\" data-id=\"13cce76e\" data-element_type=\"widget\" data-e-type=\"widget\" data-widget_type=\"heading.default\">\n\t\t\t\t<div class=\"elementor-widget-container\">\n\t\t\t\t\t<h2 class=\"elementor-heading-title elementor-size-default\">Os trocadores de tela cont\u00ednuos da PSI-Polymer Systems Inc. funcionam perfeitamente para aplica\u00e7\u00f5es desafiadoras de doces na ind\u00fastria aliment\u00edcia Conover, NC (8 de abril de 2014)<\/h2>\t\t\t\t<\/div>\n\t\t\t\t<\/div>\n\t\t\t\t<div class=\"elementor-element elementor-element-78eecd58 elementor-widget elementor-widget-text-editor\" data-id=\"78eecd58\" data-element_type=\"widget\" data-e-type=\"widget\" data-widget_type=\"text-editor.default\">\n\t\t\t\t<div class=\"elementor-widget-container\">\n\t\t\t\t\t\t\t\t\t<p>A PSI-Polymer Systems vendeu recentemente um trocador de tela cont\u00ednuo modificado para um produtor de doces l\u00edder nos EUA para uso em uma aplica\u00e7\u00e3o desafiadora de extrus\u00e3o de alimentos. A capacidade do trocador de tela ter um bom desempenho neste aplicativo exclusivo destaca a personaliza\u00e7\u00e3o e as habilidades orientadas para a solu\u00e7\u00e3o das quais a PSI se orgulha.<\/p><p>Esta compra marca o quinto trocador de tela PSI que este cliente comprou para seu processo de alimentos. Os primeiros para esta aplica\u00e7\u00e3o entraram em servi\u00e7o em 2011. \u201cEsta aplica\u00e7\u00e3o alimentar em particular era nova para os trocadores de tela cont\u00ednuos naquela \u00e9poca. Houve testes que tiveram que ser executados e procedimentos de valida\u00e7\u00e3o atendidos, mas mais do que isso, meses de opera\u00e7\u00e3o em servi\u00e7o tiveram que ser realizados para garantir que a metalurgia se sustentasse por v\u00e1rios anos e as condi\u00e7\u00f5es rigorosas da FDA fossem mantidas sem falhas \u201d, disse Don Macnamara, gerente geral da PSI-Polymer Systems Inc. \u201cSeja pl\u00e1sticos, alimentos ou outros materiais, \u00e9 nosso trabalho adaptar a tecnologia ao processo.\u201d<\/p><p>Os desafios \u00fanicos de executar uma aplica\u00e7\u00e3o de alimentos com uma m\u00e1quina geralmente usada para extrus\u00e3o de pl\u00e1stico s\u00e3o muito mais exigentes e incluem a capacidade de limpar completamente qualquer \u00e1rea onde as bact\u00e9rias possam crescer; acomodar a lavagem com \u00e1gua e ser estanque para facilitar esta lavagem; ser constru\u00eddo inteiramente em a\u00e7o inoxid\u00e1vel para resistir \u00e0 ferrugem; use tinta aprovada pela FDA e tenha superf\u00edcies externas livres de cantos e fendas que possam prender e reter alimentos e causar crescimento bacteriano.<\/p><p>O cliente da PSI deixou claro que o processo n\u00e3o poderia tolerar nenhum tempo de inatividade da m\u00e1quina para trocas de filtro, o que significa que o trocador de tela tinha que ser cont\u00ednuo para permitir uma troca autom\u00e1tica de uma tela entupida ou potencialmente contaminada para uma tela nova e limpa sem fechar a linha baixa. A PSI aceitou o desafio e criou um trocador de tela que atendeu a todos esses requisitos de processo e projeto e agora \u00e9 comprovado ao longo de v\u00e1rios anos de opera\u00e7\u00e3o.<\/p><p>O trocador de tela PSI \u00e9 um design cont\u00ednuo com pacotes de tela f\u00e1ceis de trocar. \u00c9 feito de a\u00e7o inoxid\u00e1vel 420 para permitir o tratamento t\u00e9rmico ao mesmo tempo que resiste \u00e0 corros\u00e3o e \u00e0 ferrugem. Al\u00e9m disso, como era necess\u00e1rio, o trocador de tela \u00e9 estanque e tem a capacidade de processar a viscosidade extremamente alta desta aplica\u00e7\u00e3o alimentar.\u00a0<\/p><p>Os trocadores de tela hidr\u00e1ulicos de placas deslizantes t\u00eam sido tradicionalmente usados na ind\u00fastria aliment\u00edcia, para aplica\u00e7\u00f5es em lotes, como cereais, salgadinhos de milho e outros. No entanto, o trocador de tela cont\u00ednuo PSI acomoda opera\u00e7\u00f5es de extrus\u00e3o cont\u00ednuas 24 horas por dia, 7 dias por semana e permite uma troca autom\u00e1tica e f\u00e1cil de telas que elimina o tempo de inatividade e cria um sistema que \u00e9 mais eficiente e menos suscet\u00edvel \u00e0 contamina\u00e7\u00e3o do que a vers\u00e3o hidr\u00e1ulica padr\u00e3o.<\/p><p>\u201cEsta \u00e9 uma aplica\u00e7\u00e3o empolgante para n\u00f3s aqui na PSI\u201d, disse Glenn Woodcock, presidente da PSI-Polymer Systems. \u201cO desafio de desenvolver um trocador de tela que atenda a todos os padr\u00f5es da ind\u00fastria aliment\u00edcia e ao mesmo tempo aumente a efici\u00eancia e o valor para o cliente \u00e9 algo que acreditamos que poucas empresas desse ramo poderiam ter superado. N\u00f3s da PSI nos orgulhamos de nossa capacidade de inovar e ultrapassar os limites, e fizemos isso mais uma vez.\u201d<\/p>\t\t\t\t\t\t\t\t<\/div>\n\t\t\t\t<\/div>\n\t\t\t\t\t<\/div>\n\t\t<\/div>\n\t\t\t\t<div class=\"elementor-column elementor-col-50 elementor-top-column elementor-element elementor-element-10b202fe\" data-id=\"10b202fe\" data-element_type=\"column\" data-e-type=\"column\">\n\t\t\t<div class=\"elementor-widget-wrap\">\n\t\t\t\t\t\t\t<\/div>\n\t\t<\/div>\n\t\t\t\t\t<\/div>\n\t\t<\/section>\n\t\t\t\t<\/div>","protected":false},"excerpt":{"rendered":"<p>Os trocadores de tela cont\u00ednuos da PSI-Polymer Systems Inc. funcionam perfeitamente para aplica\u00e7\u00f5es desafiadoras de doces na ind\u00fastria aliment\u00edcia Conover, NC (8 de abril de 2014) A PSI-Polymer Systems vendeu recentemente um trocador de tela cont\u00ednuo modificado para um produtor de doces l\u00edder nos EUA para uso em uma aplica\u00e7\u00e3o desafiadora de extrus\u00e3o de alimentos. A capacidade do trocador de tela ter um bom desempenho neste exclusivo [\u2026]<\/p>","protected":false},"author":2,"featured_media":0,"parent":5833,"menu_order":0,"comment_status":"closed","ping_status":"closed","template":"","meta":{"_monsterinsights_skip_tracking":false,"_monsterinsights_sitenote_active":false,"_monsterinsights_sitenote_note":"","_monsterinsights_sitenote_category":0,"footnotes":""},"class_list":["post-6002","page","type-page","status-publish","hentry"],"yoast_head":"<!-- This site is optimized with the Yoast SEO Premium plugin v25.0 (Yoast SEO v25.0) - https:\/\/yoast.com\/wordpress\/plugins\/seo\/ -->\n<title>PSI-Polymer Systems Inc.\u2019s Continuous Screen Changers Perform Flawlessly for Challenging Food Industry Candy Application Conover, NC (April 8, 2014) - PSI-Polymer Systems<\/title>\n<meta name=\"robots\" content=\"index, follow, max-snippet:-1, max-image-preview:large, max-video-preview:-1\" \/>\n<link rel=\"canonical\" href=\"https:\/\/www.psi-polymersystems.com\/pt\/about-us\/press-releases\/psi-polymer-systems-inc-s-continuous-screen-changers-perform-flawlessly-for-challenging-food-industry-candy-application-conover-nc-april-8-2014\/\" \/>\n<meta property=\"og:locale\" content=\"pt_PT\" \/>\n<meta property=\"og:type\" content=\"article\" \/>\n<meta property=\"og:title\" content=\"PSI-Polymer Systems Inc.\u2019s Continuous Screen Changers Perform Flawlessly for Challenging Food Industry Candy Application Conover, NC (April 8, 2014)\" \/>\n<meta property=\"og:description\" content=\"PSI-Polymer Systems Inc.\u2019s Continuous Screen Changers Perform Flawlessly for Challenging Food Industry Candy Application Conover, NC (April 8, 2014)\" \/>\n<meta property=\"og:url\" content=\"https:\/\/www.psi-polymersystems.com\/pt\/about-us\/press-releases\/psi-polymer-systems-inc-s-continuous-screen-changers-perform-flawlessly-for-challenging-food-industry-candy-application-conover-nc-april-8-2014\/\" \/>\n<meta property=\"og:site_name\" content=\"PSI-Polymer Systems\" \/>\n<meta property=\"article:publisher\" content=\"https:\/\/www.facebook.com\/psipolymersystems\/\" \/>\n<meta property=\"article:modified_time\" content=\"2020-09-23T14:24:13+00:00\" \/>\n<meta name=\"twitter:card\" content=\"summary_large_image\" \/>\n<meta name=\"twitter:label1\" content=\"Tempo estimado de leitura\" \/>\n\t<meta name=\"twitter:data1\" content=\"3 minutos\" \/>\n<script type=\"application\/ld+json\" class=\"yoast-schema-graph\">{\"@context\":\"https:\/\/schema.org\",\"@graph\":[{\"@type\":\"WebPage\",\"@id\":\"https:\/\/www.psi-polymersystems.com\/es\/about-us\/press-releases\/psi-polymer-systems-inc-s-continuous-screen-changers-perform-flawlessly-for-challenging-food-industry-candy-application-conover-nc-april-8-2014\/\",\"url\":\"https:\/\/www.psi-polymersystems.com\/es\/about-us\/press-releases\/psi-polymer-systems-inc-s-continuous-screen-changers-perform-flawlessly-for-challenging-food-industry-candy-application-conover-nc-april-8-2014\/\",\"name\":\"PSI-Polymer Systems Inc.\u2019s Continuous Screen Changers Perform Flawlessly for Challenging Food Industry Candy Application Conover, NC (April 8, 2014) - PSI-Polymer Systems\",\"isPartOf\":{\"@id\":\"https:\/\/www.psi-polymersystems.com\/#website\"},\"datePublished\":\"2020-09-23T14:17:02+00:00\",\"dateModified\":\"2020-09-23T14:24:13+00:00\",\"breadcrumb\":{\"@id\":\"https:\/\/www.psi-polymersystems.com\/es\/about-us\/press-releases\/psi-polymer-systems-inc-s-continuous-screen-changers-perform-flawlessly-for-challenging-food-industry-candy-application-conover-nc-april-8-2014\/#breadcrumb\"},\"inLanguage\":\"pt-PT\",\"potentialAction\":[{\"@type\":\"ReadAction\",\"target\":[\"https:\/\/www.psi-polymersystems.com\/es\/about-us\/press-releases\/psi-polymer-systems-inc-s-continuous-screen-changers-perform-flawlessly-for-challenging-food-industry-candy-application-conover-nc-april-8-2014\/\"]}]},{\"@type\":\"BreadcrumbList\",\"@id\":\"https:\/\/www.psi-polymersystems.com\/es\/about-us\/press-releases\/psi-polymer-systems-inc-s-continuous-screen-changers-perform-flawlessly-for-challenging-food-industry-candy-application-conover-nc-april-8-2014\/#breadcrumb\",\"itemListElement\":[{\"@type\":\"ListItem\",\"position\":1,\"name\":\"Home\",\"item\":\"https:\/\/www.psi-polymersystems.com\/\"},{\"@type\":\"ListItem\",\"position\":2,\"name\":\"About Us\",\"item\":\"https:\/\/www.psi-polymersystems.com\/about-us\/\"},{\"@type\":\"ListItem\",\"position\":3,\"name\":\"Press Releases\",\"item\":\"https:\/\/www.psi-polymersystems.com\/about-us\/press-releases\/\"},{\"@type\":\"ListItem\",\"position\":4,\"name\":\"PSI-Polymer Systems Inc.\u2019s Continuous Screen Changers Perform Flawlessly for Challenging Food Industry Candy Application Conover, NC (April 8, 2014)\"}]},{\"@type\":\"WebSite\",\"@id\":\"https:\/\/www.psi-polymersystems.com\/#website\",\"url\":\"https:\/\/www.psi-polymersystems.com\/\",\"name\":\"PSI-Polymer Systems\",\"description\":\"\",\"publisher\":{\"@id\":\"https:\/\/www.psi-polymersystems.com\/#organization\"},\"potentialAction\":[{\"@type\":\"SearchAction\",\"target\":{\"@type\":\"EntryPoint\",\"urlTemplate\":\"https:\/\/www.psi-polymersystems.com\/?s={search_term_string}\"},\"query-input\":{\"@type\":\"PropertyValueSpecification\",\"valueRequired\":true,\"valueName\":\"search_term_string\"}}],\"inLanguage\":\"pt-PT\"},{\"@type\":\"Organization\",\"@id\":\"https:\/\/www.psi-polymersystems.com\/#organization\",\"name\":\"PSI-Polymer Systems, Inc.\",\"url\":\"https:\/\/www.psi-polymersystems.com\/\",\"logo\":{\"@type\":\"ImageObject\",\"inLanguage\":\"pt-PT\",\"@id\":\"https:\/\/www.psi-polymersystems.com\/#\/schema\/logo\/image\/\",\"url\":\"\",\"contentUrl\":\"\",\"caption\":\"PSI-Polymer Systems, Inc.\"},\"image\":{\"@id\":\"https:\/\/www.psi-polymersystems.com\/#\/schema\/logo\/image\/\"},\"sameAs\":[\"https:\/\/www.facebook.com\/psipolymersystems\/\",\"https:\/\/www.linkedin.com\/showcase\/psi-polymer-systems\"]}]}<\/script>\n<!-- \/ Yoast SEO Premium plugin. -->","yoast_head_json":{"title":"PSI-Polymer Systems Inc.\u2019s Continuous Screen Changers Perform Flawlessly for Challenging Food Industry Candy Application Conover, NC (April 8, 2014) - PSI-Polymer Systems","robots":{"index":"index","follow":"follow","max-snippet":"max-snippet:-1","max-image-preview":"max-image-preview:large","max-video-preview":"max-video-preview:-1"},"canonical":"https:\/\/www.psi-polymersystems.com\/pt\/about-us\/press-releases\/psi-polymer-systems-inc-s-continuous-screen-changers-perform-flawlessly-for-challenging-food-industry-candy-application-conover-nc-april-8-2014\/","og_locale":"pt_PT","og_type":"article","og_title":"PSI-Polymer Systems Inc.\u2019s Continuous Screen Changers Perform Flawlessly for Challenging Food Industry Candy Application Conover, NC (April 8, 2014)","og_description":"PSI-Polymer Systems Inc.\u2019s Continuous Screen Changers Perform Flawlessly for Challenging Food Industry Candy Application Conover, NC (April 8, 2014)","og_url":"https:\/\/www.psi-polymersystems.com\/pt\/about-us\/press-releases\/psi-polymer-systems-inc-s-continuous-screen-changers-perform-flawlessly-for-challenging-food-industry-candy-application-conover-nc-april-8-2014\/","og_site_name":"PSI-Polymer Systems","article_publisher":"https:\/\/www.facebook.com\/psipolymersystems\/","article_modified_time":"2020-09-23T14:24:13+00:00","twitter_card":"summary_large_image","twitter_misc":{"Tempo estimado de leitura":"3 minutos"},"schema":{"@context":"https:\/\/schema.org","@graph":[{"@type":"WebPage","@id":"https:\/\/www.psi-polymersystems.com\/es\/about-us\/press-releases\/psi-polymer-systems-inc-s-continuous-screen-changers-perform-flawlessly-for-challenging-food-industry-candy-application-conover-nc-april-8-2014\/","url":"https:\/\/www.psi-polymersystems.com\/es\/about-us\/press-releases\/psi-polymer-systems-inc-s-continuous-screen-changers-perform-flawlessly-for-challenging-food-industry-candy-application-conover-nc-april-8-2014\/","name":"PSI-Polymer Systems Inc.\u2019s Continuous Screen Changers Perform Flawlessly for Challenging Food Industry Candy Application Conover, NC (April 8, 2014) - PSI-Polymer Systems","isPartOf":{"@id":"https:\/\/www.psi-polymersystems.com\/#website"},"datePublished":"2020-09-23T14:17:02+00:00","dateModified":"2020-09-23T14:24:13+00:00","breadcrumb":{"@id":"https:\/\/www.psi-polymersystems.com\/es\/about-us\/press-releases\/psi-polymer-systems-inc-s-continuous-screen-changers-perform-flawlessly-for-challenging-food-industry-candy-application-conover-nc-april-8-2014\/#breadcrumb"},"inLanguage":"pt-PT","potentialAction":[{"@type":"ReadAction","target":["https:\/\/www.psi-polymersystems.com\/es\/about-us\/press-releases\/psi-polymer-systems-inc-s-continuous-screen-changers-perform-flawlessly-for-challenging-food-industry-candy-application-conover-nc-april-8-2014\/"]}]},{"@type":"BreadcrumbList","@id":"https:\/\/www.psi-polymersystems.com\/es\/about-us\/press-releases\/psi-polymer-systems-inc-s-continuous-screen-changers-perform-flawlessly-for-challenging-food-industry-candy-application-conover-nc-april-8-2014\/#breadcrumb","itemListElement":[{"@type":"ListItem","position":1,"name":"Home","item":"https:\/\/www.psi-polymersystems.com\/"},{"@type":"ListItem","position":2,"name":"About Us","item":"https:\/\/www.psi-polymersystems.com\/about-us\/"},{"@type":"ListItem","position":3,"name":"Press Releases","item":"https:\/\/www.psi-polymersystems.com\/about-us\/press-releases\/"},{"@type":"ListItem","position":4,"name":"PSI-Polymer Systems Inc.\u2019s Continuous Screen Changers Perform Flawlessly for Challenging Food Industry Candy Application Conover, NC (April 8, 2014)"}]},{"@type":"WebSite","@id":"https:\/\/www.psi-polymersystems.com\/#website","url":"https:\/\/www.psi-polymersystems.com\/","name":"PSI-Polymer Systems","description":"","publisher":{"@id":"https:\/\/www.psi-polymersystems.com\/#organization"},"potentialAction":[{"@type":"SearchAction","target":{"@type":"EntryPoint","urlTemplate":"https:\/\/www.psi-polymersystems.com\/?s={search_term_string}"},"query-input":{"@type":"PropertyValueSpecification","valueRequired":true,"valueName":"search_term_string"}}],"inLanguage":"pt-PT"},{"@type":"Organization","@id":"https:\/\/www.psi-polymersystems.com\/#organization","name":"PSI-Polymer Systems, Inc.","url":"https:\/\/www.psi-polymersystems.com\/","logo":{"@type":"ImageObject","inLanguage":"pt-PT","@id":"https:\/\/www.psi-polymersystems.com\/#\/schema\/logo\/image\/","url":"","contentUrl":"","caption":"PSI-Polymer Systems, Inc."},"image":{"@id":"https:\/\/www.psi-polymersystems.com\/#\/schema\/logo\/image\/"},"sameAs":["https:\/\/www.facebook.com\/psipolymersystems\/","https:\/\/www.linkedin.com\/showcase\/psi-polymer-systems"]}]}},"_links":{"self":[{"href":"https:\/\/www.psi-polymersystems.com\/pt\/wp-json\/wp\/v2\/pages\/6002","targetHints":{"allow":["GET"]}}],"collection":[{"href":"https:\/\/www.psi-polymersystems.com\/pt\/wp-json\/wp\/v2\/pages"}],"about":[{"href":"https:\/\/www.psi-polymersystems.com\/pt\/wp-json\/wp\/v2\/types\/page"}],"author":[{"embeddable":true,"href":"https:\/\/www.psi-polymersystems.com\/pt\/wp-json\/wp\/v2\/users\/2"}],"replies":[{"embeddable":true,"href":"https:\/\/www.psi-polymersystems.com\/pt\/wp-json\/wp\/v2\/comments?post=6002"}],"version-history":[{"count":0,"href":"https:\/\/www.psi-polymersystems.com\/pt\/wp-json\/wp\/v2\/pages\/6002\/revisions"}],"up":[{"embeddable":true,"href":"https:\/\/www.psi-polymersystems.com\/pt\/wp-json\/wp\/v2\/pages\/5833"}],"wp:attachment":[{"href":"https:\/\/www.psi-polymersystems.com\/pt\/wp-json\/wp\/v2\/media?parent=6002"}],"curies":[{"name":"wp","href":"https:\/\/api.w.org\/{rel}","templated":true}]}}