{"id":6033,"date":"2020-09-23T14:52:22","date_gmt":"2020-09-23T14:52:22","guid":{"rendered":"https:\/\/psi-polymersystems.com\/?page_id=6033"},"modified":"2020-09-23T14:53:33","modified_gmt":"2020-09-23T14:53:33","slug":"psi-polymer-systems-inc-introduces-low-viscosity-seal-for-bolt-type-screen-changers-conover-nc-october-16-2013","status":"publish","type":"page","link":"https:\/\/www.psi-polymersystems.com\/pt\/about-us\/press-releases\/psi-polymer-systems-inc-introduces-low-viscosity-seal-for-bolt-type-screen-changers-conover-nc-october-16-2013\/","title":{"rendered":"PSI-Polymer Systems Inc. apresenta veda\u00e7\u00e3o de baixa viscosidade para trocadores de tela tipo parafuso Conover, NC (16 de outubro de 2013)"},"content":{"rendered":"<div data-elementor-type=\"wp-page\" data-elementor-id=\"6033\" class=\"elementor elementor-6033\" data-elementor-post-type=\"page\">\n\t\t\t\t\t\t<section class=\"elementor-section elementor-top-section elementor-element elementor-element-317bfbb3 elementor-section-boxed elementor-section-height-default elementor-section-height-default\" data-id=\"317bfbb3\" data-element_type=\"section\" data-e-type=\"section\">\n\t\t\t\t\t\t<div class=\"elementor-container elementor-column-gap-default\">\n\t\t\t\t\t<div class=\"elementor-column elementor-col-50 elementor-top-column elementor-element elementor-element-7a203464\" data-id=\"7a203464\" data-element_type=\"column\" data-e-type=\"column\">\n\t\t\t<div class=\"elementor-widget-wrap elementor-element-populated\">\n\t\t\t\t\t\t<div class=\"elementor-element elementor-element-71bb474f elementor-widget elementor-widget-heading\" data-id=\"71bb474f\" data-element_type=\"widget\" data-e-type=\"widget\" data-widget_type=\"heading.default\">\n\t\t\t\t<div class=\"elementor-widget-container\">\n\t\t\t\t\t<h2 class=\"elementor-heading-title elementor-size-default\">PSI-Polymer Systems Inc. apresenta veda\u00e7\u00e3o de baixa viscosidade para trocadores de tela tipo parafuso Conover, NC (16 de outubro de 2013) <\/h2>\t\t\t\t<\/div>\n\t\t\t\t<\/div>\n\t\t\t\t<div class=\"elementor-element elementor-element-52e16173 elementor-widget elementor-widget-text-editor\" data-id=\"52e16173\" data-element_type=\"widget\" data-e-type=\"widget\" data-widget_type=\"text-editor.default\">\n\t\t\t\t<div class=\"elementor-widget-container\">\n\t\t\t\t\t\t\t\t\t<p>A PSI-Polymer Systems introduziu recentemente uma nova veda\u00e7\u00e3o, aplic\u00e1vel a qualquer um de seus trocadores de tela tipo parafuso e v\u00e1lvulas de desvio, que evita o vazamento de material em pol\u00edmeros e fluidos de viscosidade extremamente baixa.<\/p><p>Com troca-telas tipo parafuso e v\u00e1lvulas de desvio, h\u00e1 uma correla\u00e7\u00e3o entre a viscosidade do pol\u00edmero e a capacidade do troca-telas de manter uma veda\u00e7\u00e3o confi\u00e1vel e sem vazamentos. Isso ocorre porque a folga usinada com precis\u00e3o entre a carca\u00e7a e os parafusos depende da viscosidade do pol\u00edmero para criar um equil\u00edbrio entre fornecer lubrifica\u00e7\u00e3o m\u00ednima entre a carca\u00e7a e os parafusos, ao mesmo tempo em que inibe o fluxo atrav\u00e9s do parafuso L\/D para a atmosfera. At\u00e9 agora, fundidos de viscosidade baixa e muito baixa t\u00eam sido problem\u00e1ticos para trocadores de tela tipo parafuso devido \u00e0s limita\u00e7\u00f5es nas folgas que devem ser mantidas.<\/p><p>Comum com adesivos hot melt e pol\u00edmeros de baixa viscosidade, esses vazamentos s\u00e3o um problema s\u00e9rio, pois n\u00e3o apenas criam uma bagun\u00e7a e exigem o desligamento da m\u00e1quina para reparo e limpeza, mas tamb\u00e9m podem se tornar um s\u00e9rio risco de inc\u00eandio e seguran\u00e7a.<\/p><p>Como solu\u00e7\u00e3o para esse problema comum, a PSI inventou uma tecnologia de veda\u00e7\u00e3o que funcionar\u00e1 efetivamente para pol\u00edmeros com viscosidades extremamente baixas. At\u00e9 agora, a nova veda\u00e7\u00e3o foi testada com sucesso em viscosidades t\u00e3o baixas quanto 1 cP (tolueno, etc.) a 300.000 cP e provou ser capaz de vedar nitrog\u00eanio a mais de 2.000 psi. O design \u00e9 igualmente eficaz em viscosidades mais altas que podem ser tratadas pelos tipos de veda\u00e7\u00e3o existentes. Ele pode ser usado em qualquer unidade de troca de tela tipo pist\u00e3o PSI ou v\u00e1lvula de desvio, e \u00e9 ideal para processar materiais de alta fus\u00e3o, adesivos, solventes, etc.<\/p><p>\u201cEsta veda\u00e7\u00e3o \u00e9 uma solu\u00e7\u00e3o perfeita para os vazamentos que muitos de nossos clientes experimentam ao usar pol\u00edmeros de baixa viscosidade\u201d, disse Glenn Woodcock, presidente da PSI-Polymer Systems. \u201cSempre foi nosso objetivo continuar a ser l\u00edderes e inovadores em nosso setor. Sabemos que o sucesso de nossos clientes est\u00e1 ligado ao nosso pr\u00f3prio sucesso, e este novo selo ajudar\u00e1 todos os nossos clientes a melhorar a efici\u00eancia e a qualidade de seus produtos.\u201d<\/p><p>O novo selo est\u00e1 atualmente com uma patente provis\u00f3ria, aguardando status pendente.<\/p>\t\t\t\t\t\t\t\t<\/div>\n\t\t\t\t<\/div>\n\t\t\t\t\t<\/div>\n\t\t<\/div>\n\t\t\t\t<div class=\"elementor-column elementor-col-50 elementor-top-column elementor-element elementor-element-347b0216\" data-id=\"347b0216\" data-element_type=\"column\" data-e-type=\"column\">\n\t\t\t<div class=\"elementor-widget-wrap\">\n\t\t\t\t\t\t\t<\/div>\n\t\t<\/div>\n\t\t\t\t\t<\/div>\n\t\t<\/section>\n\t\t\t\t<\/div>","protected":false},"excerpt":{"rendered":"<p>A PSI-Polymer Systems Inc. apresenta uma veda\u00e7\u00e3o de baixa viscosidade para trocadores de tela tipo parafuso Conover, NC (16 de outubro de 2013) A PSI-Polymer Systems introduziu recentemente uma nova veda\u00e7\u00e3o, aplic\u00e1vel a qualquer um de seus trocadores de tela tipo parafuso e v\u00e1lvulas de desvio, que evita vazamento de material em pol\u00edmeros e fluidos de viscosidade extremamente baixa. Com trocadores de tela tipo parafuso e v\u00e1lvulas de desvio, [\u2026]<\/p>","protected":false},"author":2,"featured_media":0,"parent":5833,"menu_order":0,"comment_status":"closed","ping_status":"closed","template":"","meta":{"_monsterinsights_skip_tracking":false,"_monsterinsights_sitenote_active":false,"_monsterinsights_sitenote_note":"","_monsterinsights_sitenote_category":0,"footnotes":""},"class_list":["post-6033","page","type-page","status-publish","hentry"],"yoast_head":"<!-- This site is optimized with the Yoast SEO Premium plugin v25.0 (Yoast SEO v25.0) - https:\/\/yoast.com\/wordpress\/plugins\/seo\/ -->\n<title>PSI-Polymer Systems Inc. Introduces Low Viscosity Seal For Bolt Type Screen Changers Conover, NC (October 16, 2013) - PSI-Polymer Systems<\/title>\n<meta name=\"robots\" content=\"index, follow, max-snippet:-1, max-image-preview:large, max-video-preview:-1\" \/>\n<link rel=\"canonical\" href=\"https:\/\/www.psi-polymersystems.com\/pt\/about-us\/press-releases\/psi-polymer-systems-inc-introduces-low-viscosity-seal-for-bolt-type-screen-changers-conover-nc-october-16-2013\/\" \/>\n<meta property=\"og:locale\" content=\"pt_PT\" \/>\n<meta property=\"og:type\" content=\"article\" \/>\n<meta property=\"og:title\" content=\"PSI-Polymer Systems Inc. Introduces Low Viscosity Seal For Bolt Type Screen Changers Conover, NC (October 16, 2013)\" \/>\n<meta property=\"og:description\" content=\"PSI-Polymer Systems Inc. Introduces Low Viscosity Seal For Bolt Type Screen Changers Conover, NC (October 16, 2013) PSI-Polymer Systems has recently\" \/>\n<meta property=\"og:url\" content=\"https:\/\/www.psi-polymersystems.com\/pt\/about-us\/press-releases\/psi-polymer-systems-inc-introduces-low-viscosity-seal-for-bolt-type-screen-changers-conover-nc-october-16-2013\/\" \/>\n<meta property=\"og:site_name\" content=\"PSI-Polymer Systems\" \/>\n<meta property=\"article:publisher\" content=\"https:\/\/www.facebook.com\/psipolymersystems\/\" \/>\n<meta property=\"article:modified_time\" content=\"2020-09-23T14:53:33+00:00\" \/>\n<meta name=\"twitter:card\" content=\"summary_large_image\" \/>\n<meta name=\"twitter:label1\" content=\"Tempo estimado de leitura\" \/>\n\t<meta name=\"twitter:data1\" content=\"2 minutos\" \/>\n<script type=\"application\/ld+json\" class=\"yoast-schema-graph\">{\"@context\":\"https:\/\/schema.org\",\"@graph\":[{\"@type\":\"WebPage\",\"@id\":\"https:\/\/www.psi-polymersystems.com\/es\/about-us\/press-releases\/psi-polymer-systems-inc-introduces-low-viscosity-seal-for-bolt-type-screen-changers-conover-nc-october-16-2013\/\",\"url\":\"https:\/\/www.psi-polymersystems.com\/es\/about-us\/press-releases\/psi-polymer-systems-inc-introduces-low-viscosity-seal-for-bolt-type-screen-changers-conover-nc-october-16-2013\/\",\"name\":\"PSI-Polymer Systems Inc. Introduces Low Viscosity Seal For Bolt Type Screen Changers Conover, NC (October 16, 2013) - PSI-Polymer Systems\",\"isPartOf\":{\"@id\":\"https:\/\/www.psi-polymersystems.com\/#website\"},\"datePublished\":\"2020-09-23T14:52:22+00:00\",\"dateModified\":\"2020-09-23T14:53:33+00:00\",\"breadcrumb\":{\"@id\":\"https:\/\/www.psi-polymersystems.com\/es\/about-us\/press-releases\/psi-polymer-systems-inc-introduces-low-viscosity-seal-for-bolt-type-screen-changers-conover-nc-october-16-2013\/#breadcrumb\"},\"inLanguage\":\"pt-PT\",\"potentialAction\":[{\"@type\":\"ReadAction\",\"target\":[\"https:\/\/www.psi-polymersystems.com\/es\/about-us\/press-releases\/psi-polymer-systems-inc-introduces-low-viscosity-seal-for-bolt-type-screen-changers-conover-nc-october-16-2013\/\"]}]},{\"@type\":\"BreadcrumbList\",\"@id\":\"https:\/\/www.psi-polymersystems.com\/es\/about-us\/press-releases\/psi-polymer-systems-inc-introduces-low-viscosity-seal-for-bolt-type-screen-changers-conover-nc-october-16-2013\/#breadcrumb\",\"itemListElement\":[{\"@type\":\"ListItem\",\"position\":1,\"name\":\"Home\",\"item\":\"https:\/\/www.psi-polymersystems.com\/\"},{\"@type\":\"ListItem\",\"position\":2,\"name\":\"About Us\",\"item\":\"https:\/\/www.psi-polymersystems.com\/about-us\/\"},{\"@type\":\"ListItem\",\"position\":3,\"name\":\"Press Releases\",\"item\":\"https:\/\/www.psi-polymersystems.com\/about-us\/press-releases\/\"},{\"@type\":\"ListItem\",\"position\":4,\"name\":\"PSI-Polymer Systems Inc. Introduces Low Viscosity Seal For Bolt Type Screen Changers Conover, NC (October 16, 2013)\"}]},{\"@type\":\"WebSite\",\"@id\":\"https:\/\/www.psi-polymersystems.com\/#website\",\"url\":\"https:\/\/www.psi-polymersystems.com\/\",\"name\":\"PSI-Polymer Systems\",\"description\":\"\",\"publisher\":{\"@id\":\"https:\/\/www.psi-polymersystems.com\/#organization\"},\"potentialAction\":[{\"@type\":\"SearchAction\",\"target\":{\"@type\":\"EntryPoint\",\"urlTemplate\":\"https:\/\/www.psi-polymersystems.com\/?s={search_term_string}\"},\"query-input\":{\"@type\":\"PropertyValueSpecification\",\"valueRequired\":true,\"valueName\":\"search_term_string\"}}],\"inLanguage\":\"pt-PT\"},{\"@type\":\"Organization\",\"@id\":\"https:\/\/www.psi-polymersystems.com\/#organization\",\"name\":\"PSI-Polymer Systems, Inc.\",\"url\":\"https:\/\/www.psi-polymersystems.com\/\",\"logo\":{\"@type\":\"ImageObject\",\"inLanguage\":\"pt-PT\",\"@id\":\"https:\/\/www.psi-polymersystems.com\/#\/schema\/logo\/image\/\",\"url\":\"\",\"contentUrl\":\"\",\"caption\":\"PSI-Polymer Systems, Inc.\"},\"image\":{\"@id\":\"https:\/\/www.psi-polymersystems.com\/#\/schema\/logo\/image\/\"},\"sameAs\":[\"https:\/\/www.facebook.com\/psipolymersystems\/\",\"https:\/\/www.linkedin.com\/showcase\/psi-polymer-systems\"]}]}<\/script>\n<!-- \/ Yoast SEO Premium plugin. -->","yoast_head_json":{"title":"PSI-Polymer Systems Inc. Introduces Low Viscosity Seal For Bolt Type Screen Changers Conover, NC (October 16, 2013) - PSI-Polymer Systems","robots":{"index":"index","follow":"follow","max-snippet":"max-snippet:-1","max-image-preview":"max-image-preview:large","max-video-preview":"max-video-preview:-1"},"canonical":"https:\/\/www.psi-polymersystems.com\/pt\/about-us\/press-releases\/psi-polymer-systems-inc-introduces-low-viscosity-seal-for-bolt-type-screen-changers-conover-nc-october-16-2013\/","og_locale":"pt_PT","og_type":"article","og_title":"PSI-Polymer Systems Inc. Introduces Low Viscosity Seal For Bolt Type Screen Changers Conover, NC (October 16, 2013)","og_description":"PSI-Polymer Systems Inc. Introduces Low Viscosity Seal For Bolt Type Screen Changers Conover, NC (October 16, 2013) PSI-Polymer Systems has recently","og_url":"https:\/\/www.psi-polymersystems.com\/pt\/about-us\/press-releases\/psi-polymer-systems-inc-introduces-low-viscosity-seal-for-bolt-type-screen-changers-conover-nc-october-16-2013\/","og_site_name":"PSI-Polymer Systems","article_publisher":"https:\/\/www.facebook.com\/psipolymersystems\/","article_modified_time":"2020-09-23T14:53:33+00:00","twitter_card":"summary_large_image","twitter_misc":{"Tempo estimado de leitura":"2 minutos"},"schema":{"@context":"https:\/\/schema.org","@graph":[{"@type":"WebPage","@id":"https:\/\/www.psi-polymersystems.com\/es\/about-us\/press-releases\/psi-polymer-systems-inc-introduces-low-viscosity-seal-for-bolt-type-screen-changers-conover-nc-october-16-2013\/","url":"https:\/\/www.psi-polymersystems.com\/es\/about-us\/press-releases\/psi-polymer-systems-inc-introduces-low-viscosity-seal-for-bolt-type-screen-changers-conover-nc-october-16-2013\/","name":"PSI-Polymer Systems Inc. Introduces Low Viscosity Seal For Bolt Type Screen Changers Conover, NC (October 16, 2013) - PSI-Polymer Systems","isPartOf":{"@id":"https:\/\/www.psi-polymersystems.com\/#website"},"datePublished":"2020-09-23T14:52:22+00:00","dateModified":"2020-09-23T14:53:33+00:00","breadcrumb":{"@id":"https:\/\/www.psi-polymersystems.com\/es\/about-us\/press-releases\/psi-polymer-systems-inc-introduces-low-viscosity-seal-for-bolt-type-screen-changers-conover-nc-october-16-2013\/#breadcrumb"},"inLanguage":"pt-PT","potentialAction":[{"@type":"ReadAction","target":["https:\/\/www.psi-polymersystems.com\/es\/about-us\/press-releases\/psi-polymer-systems-inc-introduces-low-viscosity-seal-for-bolt-type-screen-changers-conover-nc-october-16-2013\/"]}]},{"@type":"BreadcrumbList","@id":"https:\/\/www.psi-polymersystems.com\/es\/about-us\/press-releases\/psi-polymer-systems-inc-introduces-low-viscosity-seal-for-bolt-type-screen-changers-conover-nc-october-16-2013\/#breadcrumb","itemListElement":[{"@type":"ListItem","position":1,"name":"Home","item":"https:\/\/www.psi-polymersystems.com\/"},{"@type":"ListItem","position":2,"name":"About Us","item":"https:\/\/www.psi-polymersystems.com\/about-us\/"},{"@type":"ListItem","position":3,"name":"Press Releases","item":"https:\/\/www.psi-polymersystems.com\/about-us\/press-releases\/"},{"@type":"ListItem","position":4,"name":"PSI-Polymer Systems Inc. Introduces Low Viscosity Seal For Bolt Type Screen Changers Conover, NC (October 16, 2013)"}]},{"@type":"WebSite","@id":"https:\/\/www.psi-polymersystems.com\/#website","url":"https:\/\/www.psi-polymersystems.com\/","name":"PSI-Polymer Systems","description":"","publisher":{"@id":"https:\/\/www.psi-polymersystems.com\/#organization"},"potentialAction":[{"@type":"SearchAction","target":{"@type":"EntryPoint","urlTemplate":"https:\/\/www.psi-polymersystems.com\/?s={search_term_string}"},"query-input":{"@type":"PropertyValueSpecification","valueRequired":true,"valueName":"search_term_string"}}],"inLanguage":"pt-PT"},{"@type":"Organization","@id":"https:\/\/www.psi-polymersystems.com\/#organization","name":"PSI-Polymer Systems, Inc.","url":"https:\/\/www.psi-polymersystems.com\/","logo":{"@type":"ImageObject","inLanguage":"pt-PT","@id":"https:\/\/www.psi-polymersystems.com\/#\/schema\/logo\/image\/","url":"","contentUrl":"","caption":"PSI-Polymer Systems, Inc."},"image":{"@id":"https:\/\/www.psi-polymersystems.com\/#\/schema\/logo\/image\/"},"sameAs":["https:\/\/www.facebook.com\/psipolymersystems\/","https:\/\/www.linkedin.com\/showcase\/psi-polymer-systems"]}]}},"_links":{"self":[{"href":"https:\/\/www.psi-polymersystems.com\/pt\/wp-json\/wp\/v2\/pages\/6033","targetHints":{"allow":["GET"]}}],"collection":[{"href":"https:\/\/www.psi-polymersystems.com\/pt\/wp-json\/wp\/v2\/pages"}],"about":[{"href":"https:\/\/www.psi-polymersystems.com\/pt\/wp-json\/wp\/v2\/types\/page"}],"author":[{"embeddable":true,"href":"https:\/\/www.psi-polymersystems.com\/pt\/wp-json\/wp\/v2\/users\/2"}],"replies":[{"embeddable":true,"href":"https:\/\/www.psi-polymersystems.com\/pt\/wp-json\/wp\/v2\/comments?post=6033"}],"version-history":[{"count":0,"href":"https:\/\/www.psi-polymersystems.com\/pt\/wp-json\/wp\/v2\/pages\/6033\/revisions"}],"up":[{"embeddable":true,"href":"https:\/\/www.psi-polymersystems.com\/pt\/wp-json\/wp\/v2\/pages\/5833"}],"wp:attachment":[{"href":"https:\/\/www.psi-polymersystems.com\/pt\/wp-json\/wp\/v2\/media?parent=6033"}],"curies":[{"name":"wp","href":"https:\/\/api.w.org\/{rel}","templated":true}]}}