{"id":6043,"date":"2020-09-23T15:03:00","date_gmt":"2020-09-23T15:03:00","guid":{"rendered":"https:\/\/psi-polymersystems.com\/?page_id=6043"},"modified":"2020-09-23T15:05:03","modified_gmt":"2020-09-23T15:05:03","slug":"psi-polymer-systems-inc-continuous-backflush-screen-changer-is-specially-designed-for-extrusion-pelletizing-of-recycled-materials-hickory-nc-october-30-2008","status":"publish","type":"page","link":"https:\/\/www.psi-polymersystems.com\/pt\/about-us\/press-releases\/psi-polymer-systems-inc-continuous-backflush-screen-changer-is-specially-designed-for-extrusion-pelletizing-of-recycled-materials-hickory-nc-october-30-2008\/","title":{"rendered":"PSI-Polymer Systems Inc. O trocador de tela de retrolavagem cont\u00ednua \u00e9 especialmente projetado para extrus\u00e3o e pelotiza\u00e7\u00e3o de materiais reciclados Hickory, NC (30 de outubro de 2008)"},"content":{"rendered":"<div data-elementor-type=\"wp-page\" data-elementor-id=\"6043\" class=\"elementor elementor-6043\" data-elementor-post-type=\"page\">\n\t\t\t\t\t\t<section class=\"elementor-section elementor-top-section elementor-element elementor-element-b594935 elementor-section-boxed elementor-section-height-default elementor-section-height-default\" data-id=\"b594935\" data-element_type=\"section\" data-e-type=\"section\">\n\t\t\t\t\t\t<div class=\"elementor-container elementor-column-gap-default\">\n\t\t\t\t\t<div class=\"elementor-column elementor-col-50 elementor-top-column elementor-element elementor-element-34c6de66\" data-id=\"34c6de66\" data-element_type=\"column\" data-e-type=\"column\">\n\t\t\t<div class=\"elementor-widget-wrap elementor-element-populated\">\n\t\t\t\t\t\t<div class=\"elementor-element elementor-element-72959ee6 elementor-widget elementor-widget-heading\" data-id=\"72959ee6\" data-element_type=\"widget\" data-e-type=\"widget\" data-widget_type=\"heading.default\">\n\t\t\t\t<div class=\"elementor-widget-container\">\n\t\t\t\t\t<h2 class=\"elementor-heading-title elementor-size-default\">PSI-Polymer Systems, Inc. O trocador de tela de retrolavagem cont\u00ednuo \u00e9 especialmente projetado para extrus\u00e3o e pelotiza\u00e7\u00e3o de materiais reciclados Hickory, NC (30 de outubro de 2008)<\/h2>\t\t\t\t<\/div>\n\t\t\t\t<\/div>\n\t\t\t\t<div class=\"elementor-element elementor-element-5e641ba3 elementor-widget elementor-widget-text-editor\" data-id=\"5e641ba3\" data-element_type=\"widget\" data-e-type=\"widget\" data-widget_type=\"text-editor.default\">\n\t\t\t\t<div class=\"elementor-widget-container\">\n\t\t\t\t\t\t\t\t\t<p>Extrusoras e peletizadoras que operam com materiais reciclados podem se beneficiar muito do uso do trocador de tela de retrolavagem cont\u00ednua (CSC\/BF) da PSI-Polymer Systems Inc. O CSC\/BF fornece recursos m\u00e1ximos de filtragem de fus\u00e3o, separando as impurezas do material e permitindo que os para continuar funcionando sem tempo de inatividade.<\/p><p>Devido ao design exclusivo do CSC\/BF, ele fornece at\u00e9 25x a vida \u00fatil dos filtros do pacote de telas em compara\u00e7\u00e3o com os estilos padr\u00e3o de trocadores de tela. Isso permite que os processadores processem materiais reciclados com confian\u00e7a, sem medo de entupir o sistema.<\/p><p>\u201cObservamos uma tend\u00eancia cont\u00ednua para o uso de materiais reciclados\u201d, disse Rob Martin, gerente geral da PSI-Polymer Systems Inc. \u201cEsses materiais normalmente cont\u00eam muitas impurezas que precisam ser filtradas do fluxo de fus\u00e3o. O CSC\/BF \u00e9 o produto ideal para dar aos processadores a tranquilidade de que eles n\u00e3o precisar\u00e3o desligar suas extrusoras ou peletizadoras devido a pacotes de tela entupidos.\u201d<\/p><p>Um trocador de tela padr\u00e3o em uma extrusora pode entupir rapidamente, disse Martin, e quanto mais sujo o material, mais r\u00e1pido o trocador de tela pode entupir. \u201cVimos situa\u00e7\u00f5es em que um pacote de tela padr\u00e3o precisa ser alterado muitas vezes por hora\u201d, disse ele. \u201cIsso obviamente causa ao processador uma quantidade inaceit\u00e1vel de tempo de inatividade.\u201d\u00a0<\/p><p>Com a tecnologia de retrolavagem cont\u00ednua do troca-telas CSC\/BF, o material processado \u00e9 dividido em dois fluxos de fus\u00e3o, cada um com duas cavidades de filtra\u00e7\u00e3o. Quando a press\u00e3o a montante aumenta devido a um alto n\u00edvel de contaminante, o controle Extrudepak PLC da PSI aciona automaticamente cada pist\u00e3o para sua posi\u00e7\u00e3o de retrolavagem, permitindo que a press\u00e3o empurre os contaminantes para fora do pacote de tela sujo. Os contaminantes s\u00e3o purgados das portas no alojamento e as telas purgadas\/limpas s\u00e3o retornadas \u00e0 sua posi\u00e7\u00e3o original at\u00e9 que o ciclo de retrolavagem ocorra novamente.\u00a0<\/p><p>\u201cPor causa dessa tecnologia, os processadores que normalmente comprariam material reciclado classe &#039;A&#039; podem realmente usar materiais classe &#039;B&#039; ou &#039;C&#039;\u201d, disse Martin. \u201cIsso permite que eles economizem substancialmente no custo dos materiais.\u201d<\/p><p>O CSC\/BF possui opera\u00e7\u00e3o garantida \u00e0 prova de vazamentos at\u00e9 10.000 psi e opera com temperaturas de processo de at\u00e9 700\u00b0F. Como n\u00e3o h\u00e1 veda\u00e7\u00f5es ou pe\u00e7as de contato, a PSI oferece uma garantia de cinco anos contra vazamentos de material fundido. Eles est\u00e3o dispon\u00edveis em tamanhos que variam de um di\u00e2metro de tela de 4,58\u201d (116 mm) a 9,07\u201d (230 mm). Como todos os produtos PSI, o CSC\/BF \u00e9 orgulhosamente fabricado na sede da empresa nos EUA <\/p>\t\t\t\t\t\t\t\t<\/div>\n\t\t\t\t<\/div>\n\t\t\t\t\t<\/div>\n\t\t<\/div>\n\t\t\t\t<div class=\"elementor-column elementor-col-50 elementor-top-column elementor-element elementor-element-62a729cf\" data-id=\"62a729cf\" data-element_type=\"column\" data-e-type=\"column\">\n\t\t\t<div class=\"elementor-widget-wrap\">\n\t\t\t\t\t\t\t<\/div>\n\t\t<\/div>\n\t\t\t\t\t<\/div>\n\t\t<\/section>\n\t\t\t\t<\/div>","protected":false},"excerpt":{"rendered":"<p>PSI-Polymer Systems, Inc. O trocador de tela de retrolavagem cont\u00ednuo \u00e9 especialmente projetado para extrus\u00e3o e peletiza\u00e7\u00e3o de materiais reciclados Hickory, NC (30 de outubro de 2008) Extrusoras e peletizadoras que executam materiais reciclados podem se beneficiar muito do uso do trocador de tela de retrolavagem \/BF) da PSI-Polymer Systems Inc. O CSC\/BF fornece recursos m\u00e1ximos de filtragem de fus\u00e3o, separando as impurezas [\u2026]<\/p>","protected":false},"author":2,"featured_media":0,"parent":5833,"menu_order":0,"comment_status":"closed","ping_status":"closed","template":"","meta":{"_monsterinsights_skip_tracking":false,"_monsterinsights_sitenote_active":false,"_monsterinsights_sitenote_note":"","_monsterinsights_sitenote_category":0,"footnotes":""},"class_list":["post-6043","page","type-page","status-publish","hentry"],"yoast_head":"<!-- This site is optimized with the Yoast SEO Premium plugin v25.0 (Yoast SEO v25.0) - https:\/\/yoast.com\/wordpress\/plugins\/seo\/ -->\n<title>PSI-Polymer Systems Inc. Continuous Backflush Screen Changer is Specially Designed for Extrusion &amp; Pelletizing of Recycled Materials Hickory, NC (October, 30 2008) - PSI-Polymer Systems<\/title>\n<meta name=\"robots\" content=\"index, follow, max-snippet:-1, max-image-preview:large, max-video-preview:-1\" \/>\n<link rel=\"canonical\" href=\"https:\/\/www.psi-polymersystems.com\/pt\/about-us\/press-releases\/psi-polymer-systems-inc-continuous-backflush-screen-changer-is-specially-designed-for-extrusion-pelletizing-of-recycled-materials-hickory-nc-october-30-2008\/\" \/>\n<meta property=\"og:locale\" content=\"pt_PT\" \/>\n<meta property=\"og:type\" content=\"article\" \/>\n<meta property=\"og:title\" content=\"PSI-Polymer Systems Inc. Continuous Backflush Screen Changer is Specially Designed for Extrusion &amp; Pelletizing of Recycled Materials Hickory, NC (October, 30 2008)\" \/>\n<meta property=\"og:description\" content=\"PSI-Polymer Systems, Inc. Continuous Backflush Screen Changer is Specially Designed for Extrusion &amp; Pelletizing of Recycled Materials Hickory, NC\" \/>\n<meta property=\"og:url\" content=\"https:\/\/www.psi-polymersystems.com\/pt\/about-us\/press-releases\/psi-polymer-systems-inc-continuous-backflush-screen-changer-is-specially-designed-for-extrusion-pelletizing-of-recycled-materials-hickory-nc-october-30-2008\/\" \/>\n<meta property=\"og:site_name\" content=\"PSI-Polymer Systems\" \/>\n<meta property=\"article:publisher\" content=\"https:\/\/www.facebook.com\/psipolymersystems\/\" \/>\n<meta property=\"article:modified_time\" content=\"2020-09-23T15:05:03+00:00\" \/>\n<meta name=\"twitter:card\" content=\"summary_large_image\" \/>\n<meta name=\"twitter:label1\" content=\"Tempo estimado de leitura\" \/>\n\t<meta name=\"twitter:data1\" content=\"2 minutos\" \/>\n<script type=\"application\/ld+json\" class=\"yoast-schema-graph\">{\"@context\":\"https:\/\/schema.org\",\"@graph\":[{\"@type\":\"WebPage\",\"@id\":\"https:\/\/www.psi-polymersystems.com\/es\/about-us\/press-releases\/psi-polymer-systems-inc-continuous-backflush-screen-changer-is-specially-designed-for-extrusion-pelletizing-of-recycled-materials-hickory-nc-october-30-2008\/\",\"url\":\"https:\/\/www.psi-polymersystems.com\/es\/about-us\/press-releases\/psi-polymer-systems-inc-continuous-backflush-screen-changer-is-specially-designed-for-extrusion-pelletizing-of-recycled-materials-hickory-nc-october-30-2008\/\",\"name\":\"PSI-Polymer Systems Inc. Continuous Backflush Screen Changer is Specially Designed for Extrusion & Pelletizing of Recycled Materials Hickory, NC (October, 30 2008) - PSI-Polymer Systems\",\"isPartOf\":{\"@id\":\"https:\/\/www.psi-polymersystems.com\/#website\"},\"datePublished\":\"2020-09-23T15:03:00+00:00\",\"dateModified\":\"2020-09-23T15:05:03+00:00\",\"breadcrumb\":{\"@id\":\"https:\/\/www.psi-polymersystems.com\/es\/about-us\/press-releases\/psi-polymer-systems-inc-continuous-backflush-screen-changer-is-specially-designed-for-extrusion-pelletizing-of-recycled-materials-hickory-nc-october-30-2008\/#breadcrumb\"},\"inLanguage\":\"pt-PT\",\"potentialAction\":[{\"@type\":\"ReadAction\",\"target\":[\"https:\/\/www.psi-polymersystems.com\/es\/about-us\/press-releases\/psi-polymer-systems-inc-continuous-backflush-screen-changer-is-specially-designed-for-extrusion-pelletizing-of-recycled-materials-hickory-nc-october-30-2008\/\"]}]},{\"@type\":\"BreadcrumbList\",\"@id\":\"https:\/\/www.psi-polymersystems.com\/es\/about-us\/press-releases\/psi-polymer-systems-inc-continuous-backflush-screen-changer-is-specially-designed-for-extrusion-pelletizing-of-recycled-materials-hickory-nc-october-30-2008\/#breadcrumb\",\"itemListElement\":[{\"@type\":\"ListItem\",\"position\":1,\"name\":\"Home\",\"item\":\"https:\/\/www.psi-polymersystems.com\/\"},{\"@type\":\"ListItem\",\"position\":2,\"name\":\"About Us\",\"item\":\"https:\/\/www.psi-polymersystems.com\/about-us\/\"},{\"@type\":\"ListItem\",\"position\":3,\"name\":\"Press Releases\",\"item\":\"https:\/\/www.psi-polymersystems.com\/about-us\/press-releases\/\"},{\"@type\":\"ListItem\",\"position\":4,\"name\":\"PSI-Polymer Systems Inc. Continuous Backflush Screen Changer is Specially Designed for Extrusion &#038; Pelletizing of Recycled Materials Hickory, NC (October, 30 2008)\"}]},{\"@type\":\"WebSite\",\"@id\":\"https:\/\/www.psi-polymersystems.com\/#website\",\"url\":\"https:\/\/www.psi-polymersystems.com\/\",\"name\":\"PSI-Polymer Systems\",\"description\":\"\",\"publisher\":{\"@id\":\"https:\/\/www.psi-polymersystems.com\/#organization\"},\"potentialAction\":[{\"@type\":\"SearchAction\",\"target\":{\"@type\":\"EntryPoint\",\"urlTemplate\":\"https:\/\/www.psi-polymersystems.com\/?s={search_term_string}\"},\"query-input\":{\"@type\":\"PropertyValueSpecification\",\"valueRequired\":true,\"valueName\":\"search_term_string\"}}],\"inLanguage\":\"pt-PT\"},{\"@type\":\"Organization\",\"@id\":\"https:\/\/www.psi-polymersystems.com\/#organization\",\"name\":\"PSI-Polymer Systems, Inc.\",\"url\":\"https:\/\/www.psi-polymersystems.com\/\",\"logo\":{\"@type\":\"ImageObject\",\"inLanguage\":\"pt-PT\",\"@id\":\"https:\/\/www.psi-polymersystems.com\/#\/schema\/logo\/image\/\",\"url\":\"\",\"contentUrl\":\"\",\"caption\":\"PSI-Polymer Systems, Inc.\"},\"image\":{\"@id\":\"https:\/\/www.psi-polymersystems.com\/#\/schema\/logo\/image\/\"},\"sameAs\":[\"https:\/\/www.facebook.com\/psipolymersystems\/\",\"https:\/\/www.linkedin.com\/showcase\/psi-polymer-systems\"]}]}<\/script>\n<!-- \/ Yoast SEO Premium plugin. -->","yoast_head_json":{"title":"PSI-Polymer Systems Inc. Continuous Backflush Screen Changer is Specially Designed for Extrusion & Pelletizing of Recycled Materials Hickory, NC (October, 30 2008) - PSI-Polymer Systems","robots":{"index":"index","follow":"follow","max-snippet":"max-snippet:-1","max-image-preview":"max-image-preview:large","max-video-preview":"max-video-preview:-1"},"canonical":"https:\/\/www.psi-polymersystems.com\/pt\/about-us\/press-releases\/psi-polymer-systems-inc-continuous-backflush-screen-changer-is-specially-designed-for-extrusion-pelletizing-of-recycled-materials-hickory-nc-october-30-2008\/","og_locale":"pt_PT","og_type":"article","og_title":"PSI-Polymer Systems Inc. Continuous Backflush Screen Changer is Specially Designed for Extrusion & Pelletizing of Recycled Materials Hickory, NC (October, 30 2008)","og_description":"PSI-Polymer Systems, Inc. Continuous Backflush Screen Changer is Specially Designed for Extrusion &amp; Pelletizing of Recycled Materials Hickory, NC","og_url":"https:\/\/www.psi-polymersystems.com\/pt\/about-us\/press-releases\/psi-polymer-systems-inc-continuous-backflush-screen-changer-is-specially-designed-for-extrusion-pelletizing-of-recycled-materials-hickory-nc-october-30-2008\/","og_site_name":"PSI-Polymer Systems","article_publisher":"https:\/\/www.facebook.com\/psipolymersystems\/","article_modified_time":"2020-09-23T15:05:03+00:00","twitter_card":"summary_large_image","twitter_misc":{"Tempo estimado de leitura":"2 minutos"},"schema":{"@context":"https:\/\/schema.org","@graph":[{"@type":"WebPage","@id":"https:\/\/www.psi-polymersystems.com\/es\/about-us\/press-releases\/psi-polymer-systems-inc-continuous-backflush-screen-changer-is-specially-designed-for-extrusion-pelletizing-of-recycled-materials-hickory-nc-october-30-2008\/","url":"https:\/\/www.psi-polymersystems.com\/es\/about-us\/press-releases\/psi-polymer-systems-inc-continuous-backflush-screen-changer-is-specially-designed-for-extrusion-pelletizing-of-recycled-materials-hickory-nc-october-30-2008\/","name":"PSI-Polymer Systems Inc. Continuous Backflush Screen Changer is Specially Designed for Extrusion & Pelletizing of Recycled Materials Hickory, NC (October, 30 2008) - PSI-Polymer Systems","isPartOf":{"@id":"https:\/\/www.psi-polymersystems.com\/#website"},"datePublished":"2020-09-23T15:03:00+00:00","dateModified":"2020-09-23T15:05:03+00:00","breadcrumb":{"@id":"https:\/\/www.psi-polymersystems.com\/es\/about-us\/press-releases\/psi-polymer-systems-inc-continuous-backflush-screen-changer-is-specially-designed-for-extrusion-pelletizing-of-recycled-materials-hickory-nc-october-30-2008\/#breadcrumb"},"inLanguage":"pt-PT","potentialAction":[{"@type":"ReadAction","target":["https:\/\/www.psi-polymersystems.com\/es\/about-us\/press-releases\/psi-polymer-systems-inc-continuous-backflush-screen-changer-is-specially-designed-for-extrusion-pelletizing-of-recycled-materials-hickory-nc-october-30-2008\/"]}]},{"@type":"BreadcrumbList","@id":"https:\/\/www.psi-polymersystems.com\/es\/about-us\/press-releases\/psi-polymer-systems-inc-continuous-backflush-screen-changer-is-specially-designed-for-extrusion-pelletizing-of-recycled-materials-hickory-nc-october-30-2008\/#breadcrumb","itemListElement":[{"@type":"ListItem","position":1,"name":"Home","item":"https:\/\/www.psi-polymersystems.com\/"},{"@type":"ListItem","position":2,"name":"About Us","item":"https:\/\/www.psi-polymersystems.com\/about-us\/"},{"@type":"ListItem","position":3,"name":"Press Releases","item":"https:\/\/www.psi-polymersystems.com\/about-us\/press-releases\/"},{"@type":"ListItem","position":4,"name":"PSI-Polymer Systems Inc. Continuous Backflush Screen Changer is Specially Designed for Extrusion &#038; Pelletizing of Recycled Materials Hickory, NC (October, 30 2008)"}]},{"@type":"WebSite","@id":"https:\/\/www.psi-polymersystems.com\/#website","url":"https:\/\/www.psi-polymersystems.com\/","name":"PSI-Polymer Systems","description":"","publisher":{"@id":"https:\/\/www.psi-polymersystems.com\/#organization"},"potentialAction":[{"@type":"SearchAction","target":{"@type":"EntryPoint","urlTemplate":"https:\/\/www.psi-polymersystems.com\/?s={search_term_string}"},"query-input":{"@type":"PropertyValueSpecification","valueRequired":true,"valueName":"search_term_string"}}],"inLanguage":"pt-PT"},{"@type":"Organization","@id":"https:\/\/www.psi-polymersystems.com\/#organization","name":"PSI-Polymer Systems, Inc.","url":"https:\/\/www.psi-polymersystems.com\/","logo":{"@type":"ImageObject","inLanguage":"pt-PT","@id":"https:\/\/www.psi-polymersystems.com\/#\/schema\/logo\/image\/","url":"","contentUrl":"","caption":"PSI-Polymer Systems, Inc."},"image":{"@id":"https:\/\/www.psi-polymersystems.com\/#\/schema\/logo\/image\/"},"sameAs":["https:\/\/www.facebook.com\/psipolymersystems\/","https:\/\/www.linkedin.com\/showcase\/psi-polymer-systems"]}]}},"_links":{"self":[{"href":"https:\/\/www.psi-polymersystems.com\/pt\/wp-json\/wp\/v2\/pages\/6043","targetHints":{"allow":["GET"]}}],"collection":[{"href":"https:\/\/www.psi-polymersystems.com\/pt\/wp-json\/wp\/v2\/pages"}],"about":[{"href":"https:\/\/www.psi-polymersystems.com\/pt\/wp-json\/wp\/v2\/types\/page"}],"author":[{"embeddable":true,"href":"https:\/\/www.psi-polymersystems.com\/pt\/wp-json\/wp\/v2\/users\/2"}],"replies":[{"embeddable":true,"href":"https:\/\/www.psi-polymersystems.com\/pt\/wp-json\/wp\/v2\/comments?post=6043"}],"version-history":[{"count":0,"href":"https:\/\/www.psi-polymersystems.com\/pt\/wp-json\/wp\/v2\/pages\/6043\/revisions"}],"up":[{"embeddable":true,"href":"https:\/\/www.psi-polymersystems.com\/pt\/wp-json\/wp\/v2\/pages\/5833"}],"wp:attachment":[{"href":"https:\/\/www.psi-polymersystems.com\/pt\/wp-json\/wp\/v2\/media?parent=6043"}],"curies":[{"name":"wp","href":"https:\/\/api.w.org\/{rel}","templated":true}]}}