{"id":6047,"date":"2020-09-23T15:09:21","date_gmt":"2020-09-23T15:09:21","guid":{"rendered":"https:\/\/psi-polymersystems.com\/?page_id=6047"},"modified":"2020-09-23T15:12:16","modified_gmt":"2020-09-23T15:12:16","slug":"psi-polymer-systems-inc-introduces-extrusion-gear-pump-line-for-pex-pipe-and-tubing-applications-hickory-nc-july-30-2008","status":"publish","type":"page","link":"https:\/\/www.psi-polymersystems.com\/pt\/about-us\/press-releases\/psi-polymer-systems-inc-introduces-extrusion-gear-pump-line-for-pex-pipe-and-tubing-applications-hickory-nc-july-30-2008\/","title":{"rendered":"A PSI-Polymer Systems Inc. apresenta a linha de bombas de engrenagens de extrus\u00e3o para aplica\u00e7\u00f5es de tubos e tubos PEX Hickory, NC (30 de julho de 2008)"},"content":{"rendered":"<div data-elementor-type=\"wp-page\" data-elementor-id=\"6047\" class=\"elementor elementor-6047\" data-elementor-post-type=\"page\">\n\t\t\t\t\t\t<section class=\"elementor-section elementor-top-section elementor-element elementor-element-ba89476 elementor-section-boxed elementor-section-height-default elementor-section-height-default\" data-id=\"ba89476\" data-element_type=\"section\" data-e-type=\"section\">\n\t\t\t\t\t\t<div class=\"elementor-container elementor-column-gap-default\">\n\t\t\t\t\t<div class=\"elementor-column elementor-col-50 elementor-top-column elementor-element elementor-element-3529c01a\" data-id=\"3529c01a\" data-element_type=\"column\" data-e-type=\"column\">\n\t\t\t<div class=\"elementor-widget-wrap elementor-element-populated\">\n\t\t\t\t\t\t<div class=\"elementor-element elementor-element-265cb07c elementor-widget elementor-widget-heading\" data-id=\"265cb07c\" data-element_type=\"widget\" data-e-type=\"widget\" data-widget_type=\"heading.default\">\n\t\t\t\t<div class=\"elementor-widget-container\">\n\t\t\t\t\t<h2 class=\"elementor-heading-title elementor-size-default\">PSI-Polymer Systems, Inc. apresenta linha de bombas de engrenagens de extrus\u00e3o para aplica\u00e7\u00f5es de tubos e tubula\u00e7\u00f5es PEX Hickory, NC (30 de julho de 2008)<\/h2>\t\t\t\t<\/div>\n\t\t\t\t<\/div>\n\t\t\t\t<div class=\"elementor-element elementor-element-51cb4e52 elementor-widget elementor-widget-text-editor\" data-id=\"51cb4e52\" data-element_type=\"widget\" data-e-type=\"widget\" data-widget_type=\"text-editor.default\">\n\t\t\t\t<div class=\"elementor-widget-container\">\n\t\t\t\t\t\t\t\t\t<p>A PSI-Polymer Systems Inc. introduziu uma nova linha de bombas de engrenagem de extrus\u00e3o projetadas especificamente para o processamento de polietileno reticulado (PEX).\u00a0<\/p><p>O PEX \u00e9 um material comumente usado para a produ\u00e7\u00e3o de tubos e tubula\u00e7\u00f5es de encanamento. Oferece vantagens em rela\u00e7\u00e3o aos materiais de tubula\u00e7\u00e3o mais tradicionais, pois pode processar \u00e1gua quente e fria e suportar altas press\u00f5es. No entanto, devido ao processo de reticula\u00e7\u00e3o, o PEX n\u00e3o pode ser re-fundido e o material normalmente cura em menos de 5 minutos.<\/p><p>As bombas de engrenagem de extrus\u00e3o t\u00eam sido usadas com sucesso em aplica\u00e7\u00f5es de tubos e tubula\u00e7\u00f5es desde o in\u00edcio dos anos 80. No entanto, devido ao processo de reticula\u00e7\u00e3o, a extrus\u00e3o PEX foi amplamente evitada pelos fornecedores de bombas de engrenagem. Os eixos da bomba de engrenagem s\u00e3o lubrificados pelo material que a bomba est\u00e1 processando, e esse material pode levar v\u00e1rios minutos para percorrer os mancais da bomba de engrenagem. Por causa disso, o material PEX faria uma liga\u00e7\u00e3o cruzada entre os rolamentos e os eixos da bomba de engrenagem, fazendo com que a bomba congelasse.\u00a0<\/p><p>\u201cAcolhemos o desafio de projetar e fabricar uma bomba de engrenagem de extrus\u00e3o para o mercado de extrus\u00e3o PEX\u201d, disse Rob Martin, gerente geral da PSI-Polymer Systems Inc. \u201cO material oferece vantagens significativas para fabricantes de tubos e usu\u00e1rios finais. Nosso desafio era ajudar a process\u00e1-lo com sucesso para que o processador pudesse obter economias significativas de material, redu\u00e7\u00e3o de refugo, aumento da produ\u00e7\u00e3o e, finalmente, um produto final melhor.\u201d<\/p><p>Em 2006, a PSI trabalhou com a Vanguard Piping Systems (agora Viega LLC) e instalou uma bomba de engrenagem de extrus\u00e3o projetada sob medida em uma linha de extrus\u00e3o de tubos PEX. Ap\u00f3s pequenos ajustes e ajustes finos, a bomba melhorou significativamente as taxas de sa\u00edda, diminuiu o refugo, melhorou o controle do medidor e at\u00e9 reduziu a forma\u00e7\u00e3o de gel, outro obst\u00e1culo para os fabricantes de tubos PEX. Esta instala\u00e7\u00e3o bem sucedida levou a PSI a comercializar uma nova linha de bombas de engrenagem especificamente para este tipo de aplica\u00e7\u00f5es.<\/p>\t\t\t\t\t\t\t\t<\/div>\n\t\t\t\t<\/div>\n\t\t\t\t\t<\/div>\n\t\t<\/div>\n\t\t\t\t<div class=\"elementor-column elementor-col-50 elementor-top-column elementor-element elementor-element-4bd8c391\" data-id=\"4bd8c391\" data-element_type=\"column\" data-e-type=\"column\">\n\t\t\t<div class=\"elementor-widget-wrap\">\n\t\t\t\t\t\t\t<\/div>\n\t\t<\/div>\n\t\t\t\t\t<\/div>\n\t\t<\/section>\n\t\t\t\t<\/div>","protected":false},"excerpt":{"rendered":"<p>PSI-Polymer Systems, Inc. apresenta a linha de bombas de engrenagem de extrus\u00e3o para aplica\u00e7\u00f5es de tubos e tubos PEX Hickory, NC (30 de julho de 2008) A PSI-Polymer Systems Inc. introduziu uma nova linha de bombas de engrenagem de extrus\u00e3o projetadas especificamente para o processamento de polietileno reticulado (PEX). O PEX \u00e9 um material comumente usado para a produ\u00e7\u00e3o de tubos e tubula\u00e7\u00f5es de encanamento. Oferece vantagens sobre mais [\u2026]<\/p>","protected":false},"author":2,"featured_media":0,"parent":5833,"menu_order":0,"comment_status":"closed","ping_status":"closed","template":"","meta":{"_monsterinsights_skip_tracking":false,"_monsterinsights_sitenote_active":false,"_monsterinsights_sitenote_note":"","_monsterinsights_sitenote_category":0,"footnotes":""},"class_list":["post-6047","page","type-page","status-publish","hentry"],"yoast_head":"<!-- This site is optimized with the Yoast SEO Premium plugin v25.0 (Yoast SEO v25.0) - https:\/\/yoast.com\/wordpress\/plugins\/seo\/ -->\n<title>PSI-Polymer Systems Inc. Introduces Extrusion Gear Pump Line for PEX Pipe and Tubing Applications Hickory, NC (July 30, 2008) - PSI-Polymer Systems<\/title>\n<meta name=\"robots\" content=\"index, follow, max-snippet:-1, max-image-preview:large, max-video-preview:-1\" \/>\n<link rel=\"canonical\" href=\"https:\/\/www.psi-polymersystems.com\/pt\/about-us\/press-releases\/psi-polymer-systems-inc-introduces-extrusion-gear-pump-line-for-pex-pipe-and-tubing-applications-hickory-nc-july-30-2008\/\" \/>\n<meta property=\"og:locale\" content=\"pt_PT\" \/>\n<meta property=\"og:type\" content=\"article\" \/>\n<meta property=\"og:title\" content=\"PSI-Polymer Systems Inc. Introduces Extrusion Gear Pump Line for PEX Pipe and Tubing Applications Hickory, NC (July 30, 2008)\" \/>\n<meta property=\"og:description\" content=\"PSI-Polymer Systems, Inc. Introduces Extrusion Gear Pump Line for PEX Pipe &amp; Tubing Applications Hickory, NC (July, 30 2008) PSI-Polymer Systems Inc. has\" \/>\n<meta property=\"og:url\" content=\"https:\/\/www.psi-polymersystems.com\/pt\/about-us\/press-releases\/psi-polymer-systems-inc-introduces-extrusion-gear-pump-line-for-pex-pipe-and-tubing-applications-hickory-nc-july-30-2008\/\" \/>\n<meta property=\"og:site_name\" content=\"PSI-Polymer Systems\" \/>\n<meta property=\"article:publisher\" content=\"https:\/\/www.facebook.com\/psipolymersystems\/\" \/>\n<meta property=\"article:modified_time\" content=\"2020-09-23T15:12:16+00:00\" \/>\n<meta name=\"twitter:card\" content=\"summary_large_image\" \/>\n<meta name=\"twitter:label1\" content=\"Tempo estimado de leitura\" \/>\n\t<meta name=\"twitter:data1\" content=\"2 minutos\" \/>\n<script type=\"application\/ld+json\" class=\"yoast-schema-graph\">{\"@context\":\"https:\/\/schema.org\",\"@graph\":[{\"@type\":\"WebPage\",\"@id\":\"https:\/\/www.psi-polymersystems.com\/es\/about-us\/press-releases\/psi-polymer-systems-inc-introduces-extrusion-gear-pump-line-for-pex-pipe-and-tubing-applications-hickory-nc-july-30-2008\/\",\"url\":\"https:\/\/www.psi-polymersystems.com\/es\/about-us\/press-releases\/psi-polymer-systems-inc-introduces-extrusion-gear-pump-line-for-pex-pipe-and-tubing-applications-hickory-nc-july-30-2008\/\",\"name\":\"PSI-Polymer Systems Inc. Introduces Extrusion Gear Pump Line for PEX Pipe and Tubing Applications Hickory, NC (July 30, 2008) - PSI-Polymer Systems\",\"isPartOf\":{\"@id\":\"https:\/\/www.psi-polymersystems.com\/#website\"},\"datePublished\":\"2020-09-23T15:09:21+00:00\",\"dateModified\":\"2020-09-23T15:12:16+00:00\",\"breadcrumb\":{\"@id\":\"https:\/\/www.psi-polymersystems.com\/es\/about-us\/press-releases\/psi-polymer-systems-inc-introduces-extrusion-gear-pump-line-for-pex-pipe-and-tubing-applications-hickory-nc-july-30-2008\/#breadcrumb\"},\"inLanguage\":\"pt-PT\",\"potentialAction\":[{\"@type\":\"ReadAction\",\"target\":[\"https:\/\/www.psi-polymersystems.com\/es\/about-us\/press-releases\/psi-polymer-systems-inc-introduces-extrusion-gear-pump-line-for-pex-pipe-and-tubing-applications-hickory-nc-july-30-2008\/\"]}]},{\"@type\":\"BreadcrumbList\",\"@id\":\"https:\/\/www.psi-polymersystems.com\/es\/about-us\/press-releases\/psi-polymer-systems-inc-introduces-extrusion-gear-pump-line-for-pex-pipe-and-tubing-applications-hickory-nc-july-30-2008\/#breadcrumb\",\"itemListElement\":[{\"@type\":\"ListItem\",\"position\":1,\"name\":\"Home\",\"item\":\"https:\/\/www.psi-polymersystems.com\/\"},{\"@type\":\"ListItem\",\"position\":2,\"name\":\"About Us\",\"item\":\"https:\/\/www.psi-polymersystems.com\/about-us\/\"},{\"@type\":\"ListItem\",\"position\":3,\"name\":\"Press Releases\",\"item\":\"https:\/\/www.psi-polymersystems.com\/about-us\/press-releases\/\"},{\"@type\":\"ListItem\",\"position\":4,\"name\":\"PSI-Polymer Systems Inc. Introduces Extrusion Gear Pump Line for PEX Pipe and Tubing Applications Hickory, NC (July 30, 2008)\"}]},{\"@type\":\"WebSite\",\"@id\":\"https:\/\/www.psi-polymersystems.com\/#website\",\"url\":\"https:\/\/www.psi-polymersystems.com\/\",\"name\":\"PSI-Polymer Systems\",\"description\":\"\",\"publisher\":{\"@id\":\"https:\/\/www.psi-polymersystems.com\/#organization\"},\"potentialAction\":[{\"@type\":\"SearchAction\",\"target\":{\"@type\":\"EntryPoint\",\"urlTemplate\":\"https:\/\/www.psi-polymersystems.com\/?s={search_term_string}\"},\"query-input\":{\"@type\":\"PropertyValueSpecification\",\"valueRequired\":true,\"valueName\":\"search_term_string\"}}],\"inLanguage\":\"pt-PT\"},{\"@type\":\"Organization\",\"@id\":\"https:\/\/www.psi-polymersystems.com\/#organization\",\"name\":\"PSI-Polymer Systems, Inc.\",\"url\":\"https:\/\/www.psi-polymersystems.com\/\",\"logo\":{\"@type\":\"ImageObject\",\"inLanguage\":\"pt-PT\",\"@id\":\"https:\/\/www.psi-polymersystems.com\/#\/schema\/logo\/image\/\",\"url\":\"\",\"contentUrl\":\"\",\"caption\":\"PSI-Polymer Systems, Inc.\"},\"image\":{\"@id\":\"https:\/\/www.psi-polymersystems.com\/#\/schema\/logo\/image\/\"},\"sameAs\":[\"https:\/\/www.facebook.com\/psipolymersystems\/\",\"https:\/\/www.linkedin.com\/showcase\/psi-polymer-systems\"]}]}<\/script>\n<!-- \/ Yoast SEO Premium plugin. -->","yoast_head_json":{"title":"PSI-Polymer Systems Inc. Introduces Extrusion Gear Pump Line for PEX Pipe and Tubing Applications Hickory, NC (July 30, 2008) - PSI-Polymer Systems","robots":{"index":"index","follow":"follow","max-snippet":"max-snippet:-1","max-image-preview":"max-image-preview:large","max-video-preview":"max-video-preview:-1"},"canonical":"https:\/\/www.psi-polymersystems.com\/pt\/about-us\/press-releases\/psi-polymer-systems-inc-introduces-extrusion-gear-pump-line-for-pex-pipe-and-tubing-applications-hickory-nc-july-30-2008\/","og_locale":"pt_PT","og_type":"article","og_title":"PSI-Polymer Systems Inc. Introduces Extrusion Gear Pump Line for PEX Pipe and Tubing Applications Hickory, NC (July 30, 2008)","og_description":"PSI-Polymer Systems, Inc. Introduces Extrusion Gear Pump Line for PEX Pipe & Tubing Applications Hickory, NC (July, 30 2008) PSI-Polymer Systems Inc. has","og_url":"https:\/\/www.psi-polymersystems.com\/pt\/about-us\/press-releases\/psi-polymer-systems-inc-introduces-extrusion-gear-pump-line-for-pex-pipe-and-tubing-applications-hickory-nc-july-30-2008\/","og_site_name":"PSI-Polymer Systems","article_publisher":"https:\/\/www.facebook.com\/psipolymersystems\/","article_modified_time":"2020-09-23T15:12:16+00:00","twitter_card":"summary_large_image","twitter_misc":{"Tempo estimado de leitura":"2 minutos"},"schema":{"@context":"https:\/\/schema.org","@graph":[{"@type":"WebPage","@id":"https:\/\/www.psi-polymersystems.com\/es\/about-us\/press-releases\/psi-polymer-systems-inc-introduces-extrusion-gear-pump-line-for-pex-pipe-and-tubing-applications-hickory-nc-july-30-2008\/","url":"https:\/\/www.psi-polymersystems.com\/es\/about-us\/press-releases\/psi-polymer-systems-inc-introduces-extrusion-gear-pump-line-for-pex-pipe-and-tubing-applications-hickory-nc-july-30-2008\/","name":"PSI-Polymer Systems Inc. Introduces Extrusion Gear Pump Line for PEX Pipe and Tubing Applications Hickory, NC (July 30, 2008) - PSI-Polymer Systems","isPartOf":{"@id":"https:\/\/www.psi-polymersystems.com\/#website"},"datePublished":"2020-09-23T15:09:21+00:00","dateModified":"2020-09-23T15:12:16+00:00","breadcrumb":{"@id":"https:\/\/www.psi-polymersystems.com\/es\/about-us\/press-releases\/psi-polymer-systems-inc-introduces-extrusion-gear-pump-line-for-pex-pipe-and-tubing-applications-hickory-nc-july-30-2008\/#breadcrumb"},"inLanguage":"pt-PT","potentialAction":[{"@type":"ReadAction","target":["https:\/\/www.psi-polymersystems.com\/es\/about-us\/press-releases\/psi-polymer-systems-inc-introduces-extrusion-gear-pump-line-for-pex-pipe-and-tubing-applications-hickory-nc-july-30-2008\/"]}]},{"@type":"BreadcrumbList","@id":"https:\/\/www.psi-polymersystems.com\/es\/about-us\/press-releases\/psi-polymer-systems-inc-introduces-extrusion-gear-pump-line-for-pex-pipe-and-tubing-applications-hickory-nc-july-30-2008\/#breadcrumb","itemListElement":[{"@type":"ListItem","position":1,"name":"Home","item":"https:\/\/www.psi-polymersystems.com\/"},{"@type":"ListItem","position":2,"name":"About Us","item":"https:\/\/www.psi-polymersystems.com\/about-us\/"},{"@type":"ListItem","position":3,"name":"Press Releases","item":"https:\/\/www.psi-polymersystems.com\/about-us\/press-releases\/"},{"@type":"ListItem","position":4,"name":"PSI-Polymer Systems Inc. Introduces Extrusion Gear Pump Line for PEX Pipe and Tubing Applications Hickory, NC (July 30, 2008)"}]},{"@type":"WebSite","@id":"https:\/\/www.psi-polymersystems.com\/#website","url":"https:\/\/www.psi-polymersystems.com\/","name":"PSI-Polymer Systems","description":"","publisher":{"@id":"https:\/\/www.psi-polymersystems.com\/#organization"},"potentialAction":[{"@type":"SearchAction","target":{"@type":"EntryPoint","urlTemplate":"https:\/\/www.psi-polymersystems.com\/?s={search_term_string}"},"query-input":{"@type":"PropertyValueSpecification","valueRequired":true,"valueName":"search_term_string"}}],"inLanguage":"pt-PT"},{"@type":"Organization","@id":"https:\/\/www.psi-polymersystems.com\/#organization","name":"PSI-Polymer Systems, Inc.","url":"https:\/\/www.psi-polymersystems.com\/","logo":{"@type":"ImageObject","inLanguage":"pt-PT","@id":"https:\/\/www.psi-polymersystems.com\/#\/schema\/logo\/image\/","url":"","contentUrl":"","caption":"PSI-Polymer Systems, Inc."},"image":{"@id":"https:\/\/www.psi-polymersystems.com\/#\/schema\/logo\/image\/"},"sameAs":["https:\/\/www.facebook.com\/psipolymersystems\/","https:\/\/www.linkedin.com\/showcase\/psi-polymer-systems"]}]}},"_links":{"self":[{"href":"https:\/\/www.psi-polymersystems.com\/pt\/wp-json\/wp\/v2\/pages\/6047","targetHints":{"allow":["GET"]}}],"collection":[{"href":"https:\/\/www.psi-polymersystems.com\/pt\/wp-json\/wp\/v2\/pages"}],"about":[{"href":"https:\/\/www.psi-polymersystems.com\/pt\/wp-json\/wp\/v2\/types\/page"}],"author":[{"embeddable":true,"href":"https:\/\/www.psi-polymersystems.com\/pt\/wp-json\/wp\/v2\/users\/2"}],"replies":[{"embeddable":true,"href":"https:\/\/www.psi-polymersystems.com\/pt\/wp-json\/wp\/v2\/comments?post=6047"}],"version-history":[{"count":0,"href":"https:\/\/www.psi-polymersystems.com\/pt\/wp-json\/wp\/v2\/pages\/6047\/revisions"}],"up":[{"embeddable":true,"href":"https:\/\/www.psi-polymersystems.com\/pt\/wp-json\/wp\/v2\/pages\/5833"}],"wp:attachment":[{"href":"https:\/\/www.psi-polymersystems.com\/pt\/wp-json\/wp\/v2\/media?parent=6047"}],"curies":[{"name":"wp","href":"https:\/\/api.w.org\/{rel}","templated":true}]}}