{"id":6055,"date":"2020-09-23T15:21:16","date_gmt":"2020-09-23T15:21:16","guid":{"rendered":"https:\/\/psi-polymersystems.com\/?page_id=6055"},"modified":"2020-09-23T15:26:36","modified_gmt":"2020-09-23T15:26:36","slug":"psi-polymer-systems-inc-introduces-new-line-of-hydraulic-screen-changers-for-twin-screw-extruder-applications-hickory-nc-may-7-2007","status":"publish","type":"page","link":"https:\/\/www.psi-polymersystems.com\/pt\/about-us\/press-releases\/psi-polymer-systems-inc-introduces-new-line-of-hydraulic-screen-changers-for-twin-screw-extruder-applications-hickory-nc-may-7-2007\/","title":{"rendered":"PSI-Polymer Systems Inc. apresenta nova linha de trocadores de tela hidr\u00e1ulicos para aplica\u00e7\u00f5es de extrusoras de parafuso duplo Hickory, NC (7 de maio de 2007)"},"content":{"rendered":"<div data-elementor-type=\"wp-page\" data-elementor-id=\"6055\" class=\"elementor elementor-6055\" data-elementor-post-type=\"page\">\n\t\t\t\t\t\t<section class=\"elementor-section elementor-top-section elementor-element elementor-element-2f0b2eaa elementor-section-boxed elementor-section-height-default elementor-section-height-default\" data-id=\"2f0b2eaa\" data-element_type=\"section\" data-e-type=\"section\">\n\t\t\t\t\t\t<div class=\"elementor-container elementor-column-gap-default\">\n\t\t\t\t\t<div class=\"elementor-column elementor-col-50 elementor-top-column elementor-element elementor-element-6e9ba672\" data-id=\"6e9ba672\" data-element_type=\"column\" data-e-type=\"column\">\n\t\t\t<div class=\"elementor-widget-wrap elementor-element-populated\">\n\t\t\t\t\t\t<div class=\"elementor-element elementor-element-54de8a4d elementor-widget elementor-widget-heading\" data-id=\"54de8a4d\" data-element_type=\"widget\" data-e-type=\"widget\" data-widget_type=\"heading.default\">\n\t\t\t\t<div class=\"elementor-widget-container\">\n\t\t\t\t\t<h2 class=\"elementor-heading-title elementor-size-default\">A PSI-Polymer Systems, Inc. apresenta uma nova linha de trocadores de tela hidr\u00e1ulicos para aplica\u00e7\u00f5es de extrusoras de parafuso duplo Hickory, NC (7 de maio de 2007)<\/h2>\t\t\t\t<\/div>\n\t\t\t\t<\/div>\n\t\t\t\t<div class=\"elementor-element elementor-element-3c49b952 elementor-widget elementor-widget-text-editor\" data-id=\"3c49b952\" data-element_type=\"widget\" data-e-type=\"widget\" data-widget_type=\"text-editor.default\">\n\t\t\t\t<div class=\"elementor-widget-container\">\n\t\t\t\t\t\t\t\t\t<p>A PSI-Polymer Systems Inc. lan\u00e7ou uma nova linha de trocadores de tela de placa deslizante hidr\u00e1ulica projetados especificamente para filtragem de pol\u00edmeros em aplica\u00e7\u00f5es de extrusoras de dupla rosca.<\/p><p>A nova s\u00e9rie \u201cHSC Oval\u201d de trocadores de tela hidr\u00e1ulicos apresenta telas ovais e orif\u00edcios de entrada de padr\u00e3o \u201c8\u201d para combinar com as configura\u00e7\u00f5es de barril da extrusora de parafuso duplo. Isso elimina transi\u00e7\u00f5es de fluxo divergentes e \u00e1reas de fluxo estagnadas que s\u00e3o t\u00edpicas dos modelos concorrentes que usam designs de furos circulares equipados com adaptadores 8-0. A s\u00e9rie HSC Oval tamb\u00e9m permite que a rosca da extrusora seja estendida para a proximidade das telas e placas do disjuntor e, para maior comodidade, a rosca pode ser removida atrav\u00e9s do trocador de tela sem desmontagem.\u00a0<\/p><p>A melhoria do fluxo a jusante da placa do disjuntor \u00e9 alcan\u00e7ada reduzindo o caminho do fluxo para corresponder a uma entrada de matriz oval, reduzindo ainda mais o estoque de pol\u00edmero e o tempo de resid\u00eancia. Os usu\u00e1rios se beneficiam de pouco ou nenhum tempo de inatividade para trocar de tela e tempos de troca de cores ou compostos mais r\u00e1pidos.<\/p><p>\u201cDesenvolvemos esses novos trocadores de tela depois de ouvir de usu\u00e1rios de extrusoras de dupla rosca sobre alguns dos problemas inerentes aos projetos existentes\u201d, disse Dan Smith, vice-presidente de vendas e marketing da PSI. \u201cAs m\u00e1quinas de dupla rosca requerem um troca-telas especialmente projetado para um desempenho superior, e estamos confiantes de que nossa nova s\u00e9rie HSC Oval atende a esse desafio.\u201d<\/p><p>Os modelos de trocador de tela HSC Oval est\u00e3o dispon\u00edveis para tamanhos de extrusoras de 40 mm a 135 mm. \u201cCada aplica\u00e7\u00e3o de dupla rosca \u00e9 diferente, quer voc\u00ea esteja fazendo composi\u00e7\u00e3o de cores, extrus\u00e3o de madeira-pl\u00e1stico, chapas ou outros tipos de processamento\u201d, disse Smith. \u201cTrabalhamos em estreita colabora\u00e7\u00e3o com nossos clientes para revisar todos os dados de aplicativos para garantir que eles obtenham a melhor solu\u00e7\u00e3o de troca de tela para suas necessidades.\u201d<\/p>\t\t\t\t\t\t\t\t<\/div>\n\t\t\t\t<\/div>\n\t\t\t\t\t<\/div>\n\t\t<\/div>\n\t\t\t\t<div class=\"elementor-column elementor-col-50 elementor-top-column elementor-element elementor-element-7249a1a9\" data-id=\"7249a1a9\" data-element_type=\"column\" data-e-type=\"column\">\n\t\t\t<div class=\"elementor-widget-wrap\">\n\t\t\t\t\t\t\t<\/div>\n\t\t<\/div>\n\t\t\t\t\t<\/div>\n\t\t<\/section>\n\t\t\t\t<\/div>","protected":false},"excerpt":{"rendered":"<p>PSI-Polymer Systems, Inc. Apresenta Nova Linha de Trocadores de Tela Hidr\u00e1ulicos para Aplica\u00e7\u00f5es de Extrusoras de Rosca Dupla Hickory, NC (7 de maio de 2007) A PSI-Polymer Systems Inc. filtra\u00e7\u00e3o em aplica\u00e7\u00f5es de extrusoras de dupla rosca. A nova s\u00e9rie \u201cHSC Oval\u201d de trocadores de tela hidr\u00e1ulicos apresenta telas ovais e [\u2026]<\/p>","protected":false},"author":2,"featured_media":0,"parent":5833,"menu_order":0,"comment_status":"closed","ping_status":"closed","template":"","meta":{"_monsterinsights_skip_tracking":false,"_monsterinsights_sitenote_active":false,"_monsterinsights_sitenote_note":"","_monsterinsights_sitenote_category":0,"footnotes":""},"class_list":["post-6055","page","type-page","status-publish","hentry"],"yoast_head":"<!-- This site is optimized with the Yoast SEO Premium plugin v25.0 (Yoast SEO v25.0) - https:\/\/yoast.com\/wordpress\/plugins\/seo\/ -->\n<title>PSI-Polymer Systems Inc. Introduces New Line of Hydraulic Screen Changers for Twin-Screw Extruder Applications Hickory, NC (May 7, 2007) - PSI-Polymer Systems<\/title>\n<meta name=\"robots\" content=\"index, follow, max-snippet:-1, max-image-preview:large, max-video-preview:-1\" \/>\n<link rel=\"canonical\" href=\"https:\/\/www.psi-polymersystems.com\/pt\/about-us\/press-releases\/psi-polymer-systems-inc-introduces-new-line-of-hydraulic-screen-changers-for-twin-screw-extruder-applications-hickory-nc-may-7-2007\/\" \/>\n<meta property=\"og:locale\" content=\"pt_PT\" \/>\n<meta property=\"og:type\" content=\"article\" \/>\n<meta property=\"og:title\" content=\"PSI-Polymer Systems Inc. Introduces New Line of Hydraulic Screen Changers for Twin-Screw Extruder Applications Hickory, NC (May 7, 2007)\" \/>\n<meta property=\"og:description\" content=\"PSI-Polymer Systems, Inc. Introduces New Line of Hydraulic Screen Changers for Twin-Screw Extruder Applications Hickory, NC (May 7, 2007) PSI-Polymer\" \/>\n<meta property=\"og:url\" content=\"https:\/\/www.psi-polymersystems.com\/pt\/about-us\/press-releases\/psi-polymer-systems-inc-introduces-new-line-of-hydraulic-screen-changers-for-twin-screw-extruder-applications-hickory-nc-may-7-2007\/\" \/>\n<meta property=\"og:site_name\" content=\"PSI-Polymer Systems\" \/>\n<meta property=\"article:publisher\" content=\"https:\/\/www.facebook.com\/psipolymersystems\/\" \/>\n<meta property=\"article:modified_time\" content=\"2020-09-23T15:26:36+00:00\" \/>\n<meta name=\"twitter:card\" content=\"summary_large_image\" \/>\n<meta name=\"twitter:label1\" content=\"Tempo estimado de leitura\" \/>\n\t<meta name=\"twitter:data1\" content=\"1 minuto\" \/>\n<script type=\"application\/ld+json\" class=\"yoast-schema-graph\">{\"@context\":\"https:\/\/schema.org\",\"@graph\":[{\"@type\":\"WebPage\",\"@id\":\"https:\/\/www.psi-polymersystems.com\/es\/about-us\/press-releases\/psi-polymer-systems-inc-introduces-new-line-of-hydraulic-screen-changers-for-twin-screw-extruder-applications-hickory-nc-may-7-2007\/\",\"url\":\"https:\/\/www.psi-polymersystems.com\/es\/about-us\/press-releases\/psi-polymer-systems-inc-introduces-new-line-of-hydraulic-screen-changers-for-twin-screw-extruder-applications-hickory-nc-may-7-2007\/\",\"name\":\"PSI-Polymer Systems Inc. Introduces New Line of Hydraulic Screen Changers for Twin-Screw Extruder Applications Hickory, NC (May 7, 2007) - PSI-Polymer Systems\",\"isPartOf\":{\"@id\":\"https:\/\/www.psi-polymersystems.com\/#website\"},\"datePublished\":\"2020-09-23T15:21:16+00:00\",\"dateModified\":\"2020-09-23T15:26:36+00:00\",\"breadcrumb\":{\"@id\":\"https:\/\/www.psi-polymersystems.com\/es\/about-us\/press-releases\/psi-polymer-systems-inc-introduces-new-line-of-hydraulic-screen-changers-for-twin-screw-extruder-applications-hickory-nc-may-7-2007\/#breadcrumb\"},\"inLanguage\":\"pt-PT\",\"potentialAction\":[{\"@type\":\"ReadAction\",\"target\":[\"https:\/\/www.psi-polymersystems.com\/es\/about-us\/press-releases\/psi-polymer-systems-inc-introduces-new-line-of-hydraulic-screen-changers-for-twin-screw-extruder-applications-hickory-nc-may-7-2007\/\"]}]},{\"@type\":\"BreadcrumbList\",\"@id\":\"https:\/\/www.psi-polymersystems.com\/es\/about-us\/press-releases\/psi-polymer-systems-inc-introduces-new-line-of-hydraulic-screen-changers-for-twin-screw-extruder-applications-hickory-nc-may-7-2007\/#breadcrumb\",\"itemListElement\":[{\"@type\":\"ListItem\",\"position\":1,\"name\":\"Home\",\"item\":\"https:\/\/www.psi-polymersystems.com\/\"},{\"@type\":\"ListItem\",\"position\":2,\"name\":\"About Us\",\"item\":\"https:\/\/www.psi-polymersystems.com\/about-us\/\"},{\"@type\":\"ListItem\",\"position\":3,\"name\":\"Press Releases\",\"item\":\"https:\/\/www.psi-polymersystems.com\/about-us\/press-releases\/\"},{\"@type\":\"ListItem\",\"position\":4,\"name\":\"PSI-Polymer Systems Inc. Introduces New Line of Hydraulic Screen Changers for Twin-Screw Extruder Applications Hickory, NC (May 7, 2007)\"}]},{\"@type\":\"WebSite\",\"@id\":\"https:\/\/www.psi-polymersystems.com\/#website\",\"url\":\"https:\/\/www.psi-polymersystems.com\/\",\"name\":\"PSI-Polymer Systems\",\"description\":\"\",\"publisher\":{\"@id\":\"https:\/\/www.psi-polymersystems.com\/#organization\"},\"potentialAction\":[{\"@type\":\"SearchAction\",\"target\":{\"@type\":\"EntryPoint\",\"urlTemplate\":\"https:\/\/www.psi-polymersystems.com\/?s={search_term_string}\"},\"query-input\":{\"@type\":\"PropertyValueSpecification\",\"valueRequired\":true,\"valueName\":\"search_term_string\"}}],\"inLanguage\":\"pt-PT\"},{\"@type\":\"Organization\",\"@id\":\"https:\/\/www.psi-polymersystems.com\/#organization\",\"name\":\"PSI-Polymer Systems, Inc.\",\"url\":\"https:\/\/www.psi-polymersystems.com\/\",\"logo\":{\"@type\":\"ImageObject\",\"inLanguage\":\"pt-PT\",\"@id\":\"https:\/\/www.psi-polymersystems.com\/#\/schema\/logo\/image\/\",\"url\":\"\",\"contentUrl\":\"\",\"caption\":\"PSI-Polymer Systems, Inc.\"},\"image\":{\"@id\":\"https:\/\/www.psi-polymersystems.com\/#\/schema\/logo\/image\/\"},\"sameAs\":[\"https:\/\/www.facebook.com\/psipolymersystems\/\",\"https:\/\/www.linkedin.com\/showcase\/psi-polymer-systems\"]}]}<\/script>\n<!-- \/ Yoast SEO Premium plugin. -->","yoast_head_json":{"title":"PSI-Polymer Systems Inc. Introduces New Line of Hydraulic Screen Changers for Twin-Screw Extruder Applications Hickory, NC (May 7, 2007) - PSI-Polymer Systems","robots":{"index":"index","follow":"follow","max-snippet":"max-snippet:-1","max-image-preview":"max-image-preview:large","max-video-preview":"max-video-preview:-1"},"canonical":"https:\/\/www.psi-polymersystems.com\/pt\/about-us\/press-releases\/psi-polymer-systems-inc-introduces-new-line-of-hydraulic-screen-changers-for-twin-screw-extruder-applications-hickory-nc-may-7-2007\/","og_locale":"pt_PT","og_type":"article","og_title":"PSI-Polymer Systems Inc. Introduces New Line of Hydraulic Screen Changers for Twin-Screw Extruder Applications Hickory, NC (May 7, 2007)","og_description":"PSI-Polymer Systems, Inc. Introduces New Line of Hydraulic Screen Changers for Twin-Screw Extruder Applications Hickory, NC (May 7, 2007) PSI-Polymer","og_url":"https:\/\/www.psi-polymersystems.com\/pt\/about-us\/press-releases\/psi-polymer-systems-inc-introduces-new-line-of-hydraulic-screen-changers-for-twin-screw-extruder-applications-hickory-nc-may-7-2007\/","og_site_name":"PSI-Polymer Systems","article_publisher":"https:\/\/www.facebook.com\/psipolymersystems\/","article_modified_time":"2020-09-23T15:26:36+00:00","twitter_card":"summary_large_image","twitter_misc":{"Tempo estimado de leitura":"1 minuto"},"schema":{"@context":"https:\/\/schema.org","@graph":[{"@type":"WebPage","@id":"https:\/\/www.psi-polymersystems.com\/es\/about-us\/press-releases\/psi-polymer-systems-inc-introduces-new-line-of-hydraulic-screen-changers-for-twin-screw-extruder-applications-hickory-nc-may-7-2007\/","url":"https:\/\/www.psi-polymersystems.com\/es\/about-us\/press-releases\/psi-polymer-systems-inc-introduces-new-line-of-hydraulic-screen-changers-for-twin-screw-extruder-applications-hickory-nc-may-7-2007\/","name":"PSI-Polymer Systems Inc. Introduces New Line of Hydraulic Screen Changers for Twin-Screw Extruder Applications Hickory, NC (May 7, 2007) - PSI-Polymer Systems","isPartOf":{"@id":"https:\/\/www.psi-polymersystems.com\/#website"},"datePublished":"2020-09-23T15:21:16+00:00","dateModified":"2020-09-23T15:26:36+00:00","breadcrumb":{"@id":"https:\/\/www.psi-polymersystems.com\/es\/about-us\/press-releases\/psi-polymer-systems-inc-introduces-new-line-of-hydraulic-screen-changers-for-twin-screw-extruder-applications-hickory-nc-may-7-2007\/#breadcrumb"},"inLanguage":"pt-PT","potentialAction":[{"@type":"ReadAction","target":["https:\/\/www.psi-polymersystems.com\/es\/about-us\/press-releases\/psi-polymer-systems-inc-introduces-new-line-of-hydraulic-screen-changers-for-twin-screw-extruder-applications-hickory-nc-may-7-2007\/"]}]},{"@type":"BreadcrumbList","@id":"https:\/\/www.psi-polymersystems.com\/es\/about-us\/press-releases\/psi-polymer-systems-inc-introduces-new-line-of-hydraulic-screen-changers-for-twin-screw-extruder-applications-hickory-nc-may-7-2007\/#breadcrumb","itemListElement":[{"@type":"ListItem","position":1,"name":"Home","item":"https:\/\/www.psi-polymersystems.com\/"},{"@type":"ListItem","position":2,"name":"About Us","item":"https:\/\/www.psi-polymersystems.com\/about-us\/"},{"@type":"ListItem","position":3,"name":"Press Releases","item":"https:\/\/www.psi-polymersystems.com\/about-us\/press-releases\/"},{"@type":"ListItem","position":4,"name":"PSI-Polymer Systems Inc. Introduces New Line of Hydraulic Screen Changers for Twin-Screw Extruder Applications Hickory, NC (May 7, 2007)"}]},{"@type":"WebSite","@id":"https:\/\/www.psi-polymersystems.com\/#website","url":"https:\/\/www.psi-polymersystems.com\/","name":"PSI-Polymer Systems","description":"","publisher":{"@id":"https:\/\/www.psi-polymersystems.com\/#organization"},"potentialAction":[{"@type":"SearchAction","target":{"@type":"EntryPoint","urlTemplate":"https:\/\/www.psi-polymersystems.com\/?s={search_term_string}"},"query-input":{"@type":"PropertyValueSpecification","valueRequired":true,"valueName":"search_term_string"}}],"inLanguage":"pt-PT"},{"@type":"Organization","@id":"https:\/\/www.psi-polymersystems.com\/#organization","name":"PSI-Polymer Systems, Inc.","url":"https:\/\/www.psi-polymersystems.com\/","logo":{"@type":"ImageObject","inLanguage":"pt-PT","@id":"https:\/\/www.psi-polymersystems.com\/#\/schema\/logo\/image\/","url":"","contentUrl":"","caption":"PSI-Polymer Systems, Inc."},"image":{"@id":"https:\/\/www.psi-polymersystems.com\/#\/schema\/logo\/image\/"},"sameAs":["https:\/\/www.facebook.com\/psipolymersystems\/","https:\/\/www.linkedin.com\/showcase\/psi-polymer-systems"]}]}},"_links":{"self":[{"href":"https:\/\/www.psi-polymersystems.com\/pt\/wp-json\/wp\/v2\/pages\/6055","targetHints":{"allow":["GET"]}}],"collection":[{"href":"https:\/\/www.psi-polymersystems.com\/pt\/wp-json\/wp\/v2\/pages"}],"about":[{"href":"https:\/\/www.psi-polymersystems.com\/pt\/wp-json\/wp\/v2\/types\/page"}],"author":[{"embeddable":true,"href":"https:\/\/www.psi-polymersystems.com\/pt\/wp-json\/wp\/v2\/users\/2"}],"replies":[{"embeddable":true,"href":"https:\/\/www.psi-polymersystems.com\/pt\/wp-json\/wp\/v2\/comments?post=6055"}],"version-history":[{"count":0,"href":"https:\/\/www.psi-polymersystems.com\/pt\/wp-json\/wp\/v2\/pages\/6055\/revisions"}],"up":[{"embeddable":true,"href":"https:\/\/www.psi-polymersystems.com\/pt\/wp-json\/wp\/v2\/pages\/5833"}],"wp:attachment":[{"href":"https:\/\/www.psi-polymersystems.com\/pt\/wp-json\/wp\/v2\/media?parent=6055"}],"curies":[{"name":"wp","href":"https:\/\/api.w.org\/{rel}","templated":true}]}}