{"id":6059,"date":"2020-09-23T15:27:26","date_gmt":"2020-09-23T15:27:26","guid":{"rendered":"https:\/\/psi-polymersystems.com\/?page_id=6059"},"modified":"2020-09-23T15:28:59","modified_gmt":"2020-09-23T15:28:59","slug":"psi-polymer-systems-inc-receives-patent-on-leak-proof-seal-for-screen-changers-hickory-nc-march-13-2007","status":"publish","type":"page","link":"https:\/\/www.psi-polymersystems.com\/pt\/about-us\/press-releases\/psi-polymer-systems-inc-receives-patent-on-leak-proof-seal-for-screen-changers-hickory-nc-march-13-2007\/","title":{"rendered":"PSI-Polymer Systems Inc. Recebe Patente de Selo \u00e0 Prova de Vazamento para Trocadores de Tela Hickory, NC (13 de mar\u00e7o de 2007)"},"content":{"rendered":"<div data-elementor-type=\"wp-page\" data-elementor-id=\"6059\" class=\"elementor elementor-6059\" data-elementor-post-type=\"page\">\n\t\t\t\t\t\t<section class=\"elementor-section elementor-top-section elementor-element elementor-element-6c8ebd13 elementor-section-boxed elementor-section-height-default elementor-section-height-default\" data-id=\"6c8ebd13\" data-element_type=\"section\" data-e-type=\"section\">\n\t\t\t\t\t\t<div class=\"elementor-container elementor-column-gap-default\">\n\t\t\t\t\t<div class=\"elementor-column elementor-col-50 elementor-top-column elementor-element elementor-element-4a85f5e2\" data-id=\"4a85f5e2\" data-element_type=\"column\" data-e-type=\"column\">\n\t\t\t<div class=\"elementor-widget-wrap elementor-element-populated\">\n\t\t\t\t\t\t<div class=\"elementor-element elementor-element-3b27fae7 elementor-widget elementor-widget-heading\" data-id=\"3b27fae7\" data-element_type=\"widget\" data-e-type=\"widget\" data-widget_type=\"heading.default\">\n\t\t\t\t<div class=\"elementor-widget-container\">\n\t\t\t\t\t<h2 class=\"elementor-heading-title elementor-size-default\">PSI-Polymer Systems, Inc. Recebe Patente de Selo \u00e0 Prova de Vazamento para Trocadores de Tela Hickory, NC (13 de mar\u00e7o de 2007)<\/h2>\t\t\t\t<\/div>\n\t\t\t\t<\/div>\n\t\t\t\t<div class=\"elementor-element elementor-element-9eeac7 elementor-widget elementor-widget-text-editor\" data-id=\"9eeac7\" data-element_type=\"widget\" data-e-type=\"widget\" data-widget_type=\"text-editor.default\">\n\t\t\t\t<div class=\"elementor-widget-container\">\n\t\t\t\t\t\t\t\t\t<p>A PSI-Polymer Systems Inc. recebeu a Patente US N\u00ba 7.147.774 B2 do inventor Bart Jones por seu \u201cPressure Activated<br \/>All Metal Lifetime Seal\u201d utilizado em sua placa hidr\u00e1ulica deslizante modelo HSC e trocadores de tela manuais modelo MSC.<\/p><p>A veda\u00e7\u00e3o totalmente met\u00e1lica, que vem como padr\u00e3o nos trocadores de tela HSC e \u00e9 opcional nos trocadores de tela MSC, usa seis segmentos de corte a laser para fornecer veda\u00e7\u00e3o da placa deslizante em temperaturas desde a temperatura ambiente at\u00e9 700\u00b0F e press\u00e3o de cabe\u00e7ote de 10.000 psi. A veda\u00e7\u00e3o patenteada elimina \u00e1reas mortas associadas a outros tipos de veda\u00e7\u00f5es totalmente met\u00e1licas e elimina a necessidade de an\u00e9is de Teflon, que falham em temperaturas elevadas, deterioram-se com o tempo e exigem substitui\u00e7\u00e3o em todas as aplica\u00e7\u00f5es.<\/p><p><strong>\u00a0<\/strong>\u201cEstamos satisfeitos por termos recebido a aprova\u00e7\u00e3o da patente do nosso selo\u201d, disse Glenn Woodcock, presidente da PSI. \u201cEle oferece aos nossos clientes uma grande vantagem, pois suporta altas temperaturas, nunca requer substitui\u00e7\u00e3o ou ajuste e dura toda a vida \u00fatil do troca-telas. Ele permite o processamento sem vazamentos e usa um design simplificado que elimina o travamento do produto e da cor.\u201d<\/p><p>O inventor do selo \u00e9 Bart Jones, da PSI, conhecido na ind\u00fastria por trocadores de tela como o fundador da Extek, Inc., agora parte da Xaloy Extrusion. \u201cEstamos felizes por ter Bart conosco aqui na PSI\u201d, disse Woodcock. \u201cSeus anos de experi\u00eancia trabalhando especificamente com trocadores de tela na ind\u00fastria de pl\u00e1sticos provaram ser inestim\u00e1veis para n\u00f3s e, mais importante, para nossos clientes.\u201d<\/p><p><u>Trocadores de tela PSI<\/u><\/p><p><strong>\u00a0<\/strong>Todos os troca-telas PSI est\u00e3o dispon\u00edveis com a veda\u00e7\u00e3o met\u00e1lica PSI patenteada. Eles v\u00eam de f\u00e1brica na linha de troca-telas hidr\u00e1ulicas HSC, que est\u00e1 dispon\u00edvel para extrusoras de 2,5\u201d (63,5 mm) a 10\u201d (254 mm), com sa\u00eddas de 100 lbs\/h a 10.000 lbs\/h. A empresa recentemente adicionou seus trocadores de tela Modelo HSC-65 (165 mm) e Modelo HSC-100 (254 mm) \u00e0 linha de produtos HSC.<\/p><p>A nova veda\u00e7\u00e3o \u00e9 opcional na linha de troca-telas manual PSI MSC, que est\u00e1 dispon\u00edvel em v\u00e1rios tamanhos para sa\u00eddas de 15 lbs\/h a 4.800 lbs\/h.\u00a0<\/p>\t\t\t\t\t\t\t\t<\/div>\n\t\t\t\t<\/div>\n\t\t\t\t\t<\/div>\n\t\t<\/div>\n\t\t\t\t<div class=\"elementor-column elementor-col-50 elementor-top-column elementor-element elementor-element-5f1acb5f\" data-id=\"5f1acb5f\" data-element_type=\"column\" data-e-type=\"column\">\n\t\t\t<div class=\"elementor-widget-wrap\">\n\t\t\t\t\t\t\t<\/div>\n\t\t<\/div>\n\t\t\t\t\t<\/div>\n\t\t<\/section>\n\t\t\t\t<\/div>","protected":false},"excerpt":{"rendered":"<p>PSI-Polymer Systems, Inc. Recebe Patente de Selo \u00e0 Prova de Vazamento para Trocadores de Tela Hickory, NC (13 de mar\u00e7o de 2007) A PSI-Polymer Systems Inc. recebeu a Patente US N\u00ba 7.147.774 B2 do inventor Bart Jones por seu \u201cPressure ActivatedAll Metal Lifetime Seal\u201d utilizado em sua placa hidr\u00e1ulica deslizante modelo HSC e trocadores de tela manuais modelo MSC. O todo em metal [\u2026]<\/p>","protected":false},"author":2,"featured_media":0,"parent":5833,"menu_order":0,"comment_status":"closed","ping_status":"closed","template":"","meta":{"_monsterinsights_skip_tracking":false,"_monsterinsights_sitenote_active":false,"_monsterinsights_sitenote_note":"","_monsterinsights_sitenote_category":0,"footnotes":""},"class_list":["post-6059","page","type-page","status-publish","hentry"],"yoast_head":"<!-- This site is optimized with the Yoast SEO Premium plugin v25.0 (Yoast SEO v25.0) - https:\/\/yoast.com\/wordpress\/plugins\/seo\/ -->\n<title>PSI-Polymer Systems Inc. Receives Patent on Leak Proof Seal for Screen Changers Hickory, NC (March 13, 2007) - PSI-Polymer Systems<\/title>\n<meta name=\"robots\" content=\"index, follow, max-snippet:-1, max-image-preview:large, max-video-preview:-1\" \/>\n<link rel=\"canonical\" href=\"https:\/\/www.psi-polymersystems.com\/pt\/about-us\/press-releases\/psi-polymer-systems-inc-receives-patent-on-leak-proof-seal-for-screen-changers-hickory-nc-march-13-2007\/\" \/>\n<meta property=\"og:locale\" content=\"pt_PT\" \/>\n<meta property=\"og:type\" content=\"article\" \/>\n<meta property=\"og:title\" content=\"PSI-Polymer Systems Inc. Receives Patent on Leak Proof Seal for Screen Changers Hickory, NC (March 13, 2007)\" \/>\n<meta property=\"og:description\" content=\"PSI-Polymer Systems, Inc. Receives Patent on Leak-Proof Seal for Screen Changers Hickory, NC (March 13, 2007) PSI-Polymer Systems Inc. has been awarded\" \/>\n<meta property=\"og:url\" content=\"https:\/\/www.psi-polymersystems.com\/pt\/about-us\/press-releases\/psi-polymer-systems-inc-receives-patent-on-leak-proof-seal-for-screen-changers-hickory-nc-march-13-2007\/\" \/>\n<meta property=\"og:site_name\" content=\"PSI-Polymer Systems\" \/>\n<meta property=\"article:publisher\" content=\"https:\/\/www.facebook.com\/psipolymersystems\/\" \/>\n<meta property=\"article:modified_time\" content=\"2020-09-23T15:28:59+00:00\" \/>\n<meta name=\"twitter:card\" content=\"summary_large_image\" \/>\n<meta name=\"twitter:label1\" content=\"Tempo estimado de leitura\" \/>\n\t<meta name=\"twitter:data1\" content=\"2 minutos\" \/>\n<script type=\"application\/ld+json\" class=\"yoast-schema-graph\">{\"@context\":\"https:\/\/schema.org\",\"@graph\":[{\"@type\":\"WebPage\",\"@id\":\"https:\/\/www.psi-polymersystems.com\/about-us\/press-releases\/psi-polymer-systems-inc-receives-patent-on-leak-proof-seal-for-screen-changers-hickory-nc-march-13-2007\/\",\"url\":\"https:\/\/www.psi-polymersystems.com\/about-us\/press-releases\/psi-polymer-systems-inc-receives-patent-on-leak-proof-seal-for-screen-changers-hickory-nc-march-13-2007\/\",\"name\":\"PSI-Polymer Systems Inc. Receives Patent on Leak Proof Seal for Screen Changers Hickory, NC (March 13, 2007) - PSI-Polymer Systems\",\"isPartOf\":{\"@id\":\"https:\/\/www.psi-polymersystems.com\/#website\"},\"datePublished\":\"2020-09-23T15:27:26+00:00\",\"dateModified\":\"2020-09-23T15:28:59+00:00\",\"breadcrumb\":{\"@id\":\"https:\/\/www.psi-polymersystems.com\/about-us\/press-releases\/psi-polymer-systems-inc-receives-patent-on-leak-proof-seal-for-screen-changers-hickory-nc-march-13-2007\/#breadcrumb\"},\"inLanguage\":\"pt-PT\",\"potentialAction\":[{\"@type\":\"ReadAction\",\"target\":[\"https:\/\/www.psi-polymersystems.com\/about-us\/press-releases\/psi-polymer-systems-inc-receives-patent-on-leak-proof-seal-for-screen-changers-hickory-nc-march-13-2007\/\"]}]},{\"@type\":\"BreadcrumbList\",\"@id\":\"https:\/\/www.psi-polymersystems.com\/about-us\/press-releases\/psi-polymer-systems-inc-receives-patent-on-leak-proof-seal-for-screen-changers-hickory-nc-march-13-2007\/#breadcrumb\",\"itemListElement\":[{\"@type\":\"ListItem\",\"position\":1,\"name\":\"Home\",\"item\":\"https:\/\/www.psi-polymersystems.com\/\"},{\"@type\":\"ListItem\",\"position\":2,\"name\":\"About Us\",\"item\":\"https:\/\/www.psi-polymersystems.com\/about-us\/\"},{\"@type\":\"ListItem\",\"position\":3,\"name\":\"Press Releases\",\"item\":\"https:\/\/www.psi-polymersystems.com\/about-us\/press-releases\/\"},{\"@type\":\"ListItem\",\"position\":4,\"name\":\"PSI-Polymer Systems Inc. Receives Patent on Leak Proof Seal for Screen Changers Hickory, NC (March 13, 2007)\"}]},{\"@type\":\"WebSite\",\"@id\":\"https:\/\/www.psi-polymersystems.com\/#website\",\"url\":\"https:\/\/www.psi-polymersystems.com\/\",\"name\":\"PSI-Polymer Systems\",\"description\":\"\",\"publisher\":{\"@id\":\"https:\/\/www.psi-polymersystems.com\/#organization\"},\"potentialAction\":[{\"@type\":\"SearchAction\",\"target\":{\"@type\":\"EntryPoint\",\"urlTemplate\":\"https:\/\/www.psi-polymersystems.com\/?s={search_term_string}\"},\"query-input\":{\"@type\":\"PropertyValueSpecification\",\"valueRequired\":true,\"valueName\":\"search_term_string\"}}],\"inLanguage\":\"pt-PT\"},{\"@type\":\"Organization\",\"@id\":\"https:\/\/www.psi-polymersystems.com\/#organization\",\"name\":\"PSI-Polymer Systems, Inc.\",\"url\":\"https:\/\/www.psi-polymersystems.com\/\",\"logo\":{\"@type\":\"ImageObject\",\"inLanguage\":\"pt-PT\",\"@id\":\"https:\/\/www.psi-polymersystems.com\/#\/schema\/logo\/image\/\",\"url\":\"\",\"contentUrl\":\"\",\"caption\":\"PSI-Polymer Systems, Inc.\"},\"image\":{\"@id\":\"https:\/\/www.psi-polymersystems.com\/#\/schema\/logo\/image\/\"},\"sameAs\":[\"https:\/\/www.facebook.com\/psipolymersystems\/\",\"https:\/\/www.linkedin.com\/showcase\/psi-polymer-systems\"]}]}<\/script>\n<!-- \/ Yoast SEO Premium plugin. -->","yoast_head_json":{"title":"PSI-Polymer Systems Inc. Receives Patent on Leak Proof Seal for Screen Changers Hickory, NC (March 13, 2007) - PSI-Polymer Systems","robots":{"index":"index","follow":"follow","max-snippet":"max-snippet:-1","max-image-preview":"max-image-preview:large","max-video-preview":"max-video-preview:-1"},"canonical":"https:\/\/www.psi-polymersystems.com\/pt\/about-us\/press-releases\/psi-polymer-systems-inc-receives-patent-on-leak-proof-seal-for-screen-changers-hickory-nc-march-13-2007\/","og_locale":"pt_PT","og_type":"article","og_title":"PSI-Polymer Systems Inc. Receives Patent on Leak Proof Seal for Screen Changers Hickory, NC (March 13, 2007)","og_description":"PSI-Polymer Systems, Inc. Receives Patent on Leak-Proof Seal for Screen Changers Hickory, NC (March 13, 2007) PSI-Polymer Systems Inc. has been awarded","og_url":"https:\/\/www.psi-polymersystems.com\/pt\/about-us\/press-releases\/psi-polymer-systems-inc-receives-patent-on-leak-proof-seal-for-screen-changers-hickory-nc-march-13-2007\/","og_site_name":"PSI-Polymer Systems","article_publisher":"https:\/\/www.facebook.com\/psipolymersystems\/","article_modified_time":"2020-09-23T15:28:59+00:00","twitter_card":"summary_large_image","twitter_misc":{"Tempo estimado de leitura":"2 minutos"},"schema":{"@context":"https:\/\/schema.org","@graph":[{"@type":"WebPage","@id":"https:\/\/www.psi-polymersystems.com\/about-us\/press-releases\/psi-polymer-systems-inc-receives-patent-on-leak-proof-seal-for-screen-changers-hickory-nc-march-13-2007\/","url":"https:\/\/www.psi-polymersystems.com\/about-us\/press-releases\/psi-polymer-systems-inc-receives-patent-on-leak-proof-seal-for-screen-changers-hickory-nc-march-13-2007\/","name":"PSI-Polymer Systems Inc. Receives Patent on Leak Proof Seal for Screen Changers Hickory, NC (March 13, 2007) - PSI-Polymer Systems","isPartOf":{"@id":"https:\/\/www.psi-polymersystems.com\/#website"},"datePublished":"2020-09-23T15:27:26+00:00","dateModified":"2020-09-23T15:28:59+00:00","breadcrumb":{"@id":"https:\/\/www.psi-polymersystems.com\/about-us\/press-releases\/psi-polymer-systems-inc-receives-patent-on-leak-proof-seal-for-screen-changers-hickory-nc-march-13-2007\/#breadcrumb"},"inLanguage":"pt-PT","potentialAction":[{"@type":"ReadAction","target":["https:\/\/www.psi-polymersystems.com\/about-us\/press-releases\/psi-polymer-systems-inc-receives-patent-on-leak-proof-seal-for-screen-changers-hickory-nc-march-13-2007\/"]}]},{"@type":"BreadcrumbList","@id":"https:\/\/www.psi-polymersystems.com\/about-us\/press-releases\/psi-polymer-systems-inc-receives-patent-on-leak-proof-seal-for-screen-changers-hickory-nc-march-13-2007\/#breadcrumb","itemListElement":[{"@type":"ListItem","position":1,"name":"Home","item":"https:\/\/www.psi-polymersystems.com\/"},{"@type":"ListItem","position":2,"name":"About Us","item":"https:\/\/www.psi-polymersystems.com\/about-us\/"},{"@type":"ListItem","position":3,"name":"Press Releases","item":"https:\/\/www.psi-polymersystems.com\/about-us\/press-releases\/"},{"@type":"ListItem","position":4,"name":"PSI-Polymer Systems Inc. Receives Patent on Leak Proof Seal for Screen Changers Hickory, NC (March 13, 2007)"}]},{"@type":"WebSite","@id":"https:\/\/www.psi-polymersystems.com\/#website","url":"https:\/\/www.psi-polymersystems.com\/","name":"PSI-Polymer Systems","description":"","publisher":{"@id":"https:\/\/www.psi-polymersystems.com\/#organization"},"potentialAction":[{"@type":"SearchAction","target":{"@type":"EntryPoint","urlTemplate":"https:\/\/www.psi-polymersystems.com\/?s={search_term_string}"},"query-input":{"@type":"PropertyValueSpecification","valueRequired":true,"valueName":"search_term_string"}}],"inLanguage":"pt-PT"},{"@type":"Organization","@id":"https:\/\/www.psi-polymersystems.com\/#organization","name":"PSI-Polymer Systems, Inc.","url":"https:\/\/www.psi-polymersystems.com\/","logo":{"@type":"ImageObject","inLanguage":"pt-PT","@id":"https:\/\/www.psi-polymersystems.com\/#\/schema\/logo\/image\/","url":"","contentUrl":"","caption":"PSI-Polymer Systems, Inc."},"image":{"@id":"https:\/\/www.psi-polymersystems.com\/#\/schema\/logo\/image\/"},"sameAs":["https:\/\/www.facebook.com\/psipolymersystems\/","https:\/\/www.linkedin.com\/showcase\/psi-polymer-systems"]}]}},"_links":{"self":[{"href":"https:\/\/www.psi-polymersystems.com\/pt\/wp-json\/wp\/v2\/pages\/6059","targetHints":{"allow":["GET"]}}],"collection":[{"href":"https:\/\/www.psi-polymersystems.com\/pt\/wp-json\/wp\/v2\/pages"}],"about":[{"href":"https:\/\/www.psi-polymersystems.com\/pt\/wp-json\/wp\/v2\/types\/page"}],"author":[{"embeddable":true,"href":"https:\/\/www.psi-polymersystems.com\/pt\/wp-json\/wp\/v2\/users\/2"}],"replies":[{"embeddable":true,"href":"https:\/\/www.psi-polymersystems.com\/pt\/wp-json\/wp\/v2\/comments?post=6059"}],"version-history":[{"count":0,"href":"https:\/\/www.psi-polymersystems.com\/pt\/wp-json\/wp\/v2\/pages\/6059\/revisions"}],"up":[{"embeddable":true,"href":"https:\/\/www.psi-polymersystems.com\/pt\/wp-json\/wp\/v2\/pages\/5833"}],"wp:attachment":[{"href":"https:\/\/www.psi-polymersystems.com\/pt\/wp-json\/wp\/v2\/media?parent=6059"}],"curies":[{"name":"wp","href":"https:\/\/api.w.org\/{rel}","templated":true}]}}