{"id":6064,"date":"2020-09-23T17:17:09","date_gmt":"2020-09-23T17:17:09","guid":{"rendered":"https:\/\/psi-polymersystems.com\/?page_id=6064"},"modified":"2020-09-23T17:18:38","modified_gmt":"2020-09-23T17:18:38","slug":"psi-polymer-systems-inc-introduces-new-high-pressure-gear-pump-hickory-nc-january-31-2005","status":"publish","type":"page","link":"https:\/\/www.psi-polymersystems.com\/pt\/about-us\/press-releases\/psi-polymer-systems-inc-introduces-new-high-pressure-gear-pump-hickory-nc-january-31-2005\/","title":{"rendered":"A PSI-Polymer Systems Inc. apresenta a nova bomba de engrenagem de alta press\u00e3o Hickory, NC (31 de janeiro de 2005)"},"content":{"rendered":"<div data-elementor-type=\"wp-page\" data-elementor-id=\"6064\" class=\"elementor elementor-6064\" data-elementor-post-type=\"page\">\n\t\t\t\t\t\t<section class=\"elementor-section elementor-top-section elementor-element elementor-element-67ed1b87 elementor-section-boxed elementor-section-height-default elementor-section-height-default\" data-id=\"67ed1b87\" data-element_type=\"section\" data-e-type=\"section\">\n\t\t\t\t\t\t<div class=\"elementor-container elementor-column-gap-default\">\n\t\t\t\t\t<div class=\"elementor-column elementor-col-50 elementor-top-column elementor-element elementor-element-29d15b8d\" data-id=\"29d15b8d\" data-element_type=\"column\" data-e-type=\"column\">\n\t\t\t<div class=\"elementor-widget-wrap elementor-element-populated\">\n\t\t\t\t\t\t<div class=\"elementor-element elementor-element-5f81ac0 elementor-widget elementor-widget-heading\" data-id=\"5f81ac0\" data-element_type=\"widget\" data-e-type=\"widget\" data-widget_type=\"heading.default\">\n\t\t\t\t<div class=\"elementor-widget-container\">\n\t\t\t\t\t<h2 class=\"elementor-heading-title elementor-size-default\">A PSI-Polymer Systems, Inc. apresenta a nova bomba de engrenagem de alta press\u00e3o Hickory, NC (31 de janeiro de 2005)<\/h2>\t\t\t\t<\/div>\n\t\t\t\t<\/div>\n\t\t\t\t<div class=\"elementor-element elementor-element-50a17b86 elementor-widget elementor-widget-text-editor\" data-id=\"50a17b86\" data-element_type=\"widget\" data-e-type=\"widget\" data-widget_type=\"text-editor.default\">\n\t\t\t\t<div class=\"elementor-widget-container\">\n\t\t\t\t\t\t\t\t\t<p>Uma nova bomba de engrenagem de alta press\u00e3o (HGP) foi introduzida pela PSI-Polymer Systems Inc. Este produto \u00e9 ideal para os processos de extrus\u00e3o mais exigentes. Ele \u00e9 projetado para processar materiais preenchidos altamente viscosos e pode operar em press\u00f5es de at\u00e9 10.000 psi e temperaturas de at\u00e9 600\u00b0F.<\/p><p>O HGP mede com precis\u00e3o o pol\u00edmero e a press\u00e3o da extrusora para a matriz, fornecendo sa\u00edda consistente, controle preciso do medidor e um produto final de maior qualidade. Ele \u00e9 montado entre a extrusora e o cabe\u00e7ote da matriz para eliminar quaisquer varia\u00e7\u00f5es de processo iniciadas na extrusora.\u00a0<\/p><p>O HGP representa uma adi\u00e7\u00e3o \u00e0 linha de produtos de bomba de engrenagem PSI existente. A bomba de engrenagem de extrus\u00e3o (EGP) da empresa opera em linhas de extrus\u00e3o com press\u00f5es de at\u00e9 5.000 psi. \u201cCom aplica\u00e7\u00f5es de alta press\u00e3o, \u00e9 ainda mais cr\u00edtico para os processadores de extrus\u00e3o garantir um fluxo constante de pol\u00edmero e press\u00e3o para a matriz\u201d, disse Glenn Woodcock, presidente da PSI. \u201cEsta bomba permite menor tens\u00e3o de cisalhamento, menor consumo de energia, temperaturas de processamento mais baixas, refugo reduzido e, finalmente, taxas de sa\u00edda mais altas.\u201d<\/p><p><u>Recursos e benef\u00edcios do HGP<\/u><\/p><p>O novo HGP opera sem vazamentos em press\u00f5es de at\u00e9 10.000 psi e temperaturas de at\u00e9 600\u00b0F. Todas as pe\u00e7as s\u00e3o fabricadas de acordo com as normas ISO-9002. Possui engrenagens de a\u00e7o ferramenta endurecidas, um eixo de acionamento com press\u00e3o balanceada e constru\u00e7\u00e3o geral para servi\u00e7os pesados para desempenho superior nos ambientes de processamento mais extremos.\u00a0 \u00a0<\/p><p>As aplica\u00e7\u00f5es t\u00edpicas para o HGP incluem chapas extrudadas, revestimentos, tubos e perfis, fios e cabos, tubos e perfis, filmes soprados e filmes fundidos. \u00c9 a solu\u00e7\u00e3o ideal para uso com materiais degrad\u00e1veis, FPVC e outros materiais corrosivos.\u00a0<\/p>\t\t\t\t\t\t\t\t<\/div>\n\t\t\t\t<\/div>\n\t\t\t\t\t<\/div>\n\t\t<\/div>\n\t\t\t\t<div class=\"elementor-column elementor-col-50 elementor-top-column elementor-element elementor-element-2e39b89c\" data-id=\"2e39b89c\" data-element_type=\"column\" data-e-type=\"column\">\n\t\t\t<div class=\"elementor-widget-wrap\">\n\t\t\t\t\t\t\t<\/div>\n\t\t<\/div>\n\t\t\t\t\t<\/div>\n\t\t<\/section>\n\t\t\t\t<\/div>","protected":false},"excerpt":{"rendered":"<p>PSI-Polymer Systems, Inc. apresenta a nova bomba de engrenagem de alta press\u00e3o Hickory, NC (31 de janeiro de 2005) Uma nova bomba de engrenagem de alta press\u00e3o (HGP) foi introduzida pela PSI-Polymer Systems Inc. Este produto \u00e9 ideal para a extrus\u00e3o mais exigente processos. Ele \u00e9 projetado para processar materiais cheios de alta viscosidade e pode operar a press\u00f5es de at\u00e9 10.000 [\u2026]<\/p>","protected":false},"author":2,"featured_media":0,"parent":5833,"menu_order":0,"comment_status":"closed","ping_status":"closed","template":"","meta":{"_monsterinsights_skip_tracking":false,"_monsterinsights_sitenote_active":false,"_monsterinsights_sitenote_note":"","_monsterinsights_sitenote_category":0,"footnotes":""},"class_list":["post-6064","page","type-page","status-publish","hentry"],"yoast_head":"<!-- This site is optimized with the Yoast SEO Premium plugin v25.0 (Yoast SEO v25.0) - https:\/\/yoast.com\/wordpress\/plugins\/seo\/ -->\n<title>PSI-Polymer Systems Inc. Introduces New High Pressure Gear Pump Hickory, NC (January 31, 2005) - PSI-Polymer Systems<\/title>\n<meta name=\"robots\" content=\"index, follow, max-snippet:-1, max-image-preview:large, max-video-preview:-1\" \/>\n<link rel=\"canonical\" href=\"https:\/\/www.psi-polymersystems.com\/pt\/about-us\/press-releases\/psi-polymer-systems-inc-introduces-new-high-pressure-gear-pump-hickory-nc-january-31-2005\/\" \/>\n<meta property=\"og:locale\" content=\"pt_PT\" \/>\n<meta property=\"og:type\" content=\"article\" \/>\n<meta property=\"og:title\" content=\"PSI-Polymer Systems Inc. Introduces New High Pressure Gear Pump Hickory, NC (January 31, 2005)\" \/>\n<meta property=\"og:description\" content=\"PSI-Polymer Systems, Inc. Introduces New High Pressure Gear Pump Hickory, NC (January 31, 2005) A new high pressure gear pump (HGP) has been introduced by\" \/>\n<meta property=\"og:url\" content=\"https:\/\/www.psi-polymersystems.com\/pt\/about-us\/press-releases\/psi-polymer-systems-inc-introduces-new-high-pressure-gear-pump-hickory-nc-january-31-2005\/\" \/>\n<meta property=\"og:site_name\" content=\"PSI-Polymer Systems\" \/>\n<meta property=\"article:publisher\" content=\"https:\/\/www.facebook.com\/psipolymersystems\/\" \/>\n<meta property=\"article:modified_time\" content=\"2020-09-23T17:18:38+00:00\" \/>\n<meta name=\"twitter:card\" content=\"summary_large_image\" \/>\n<meta name=\"twitter:label1\" content=\"Tempo estimado de leitura\" \/>\n\t<meta name=\"twitter:data1\" content=\"1 minuto\" \/>\n<script type=\"application\/ld+json\" class=\"yoast-schema-graph\">{\"@context\":\"https:\/\/schema.org\",\"@graph\":[{\"@type\":\"WebPage\",\"@id\":\"https:\/\/www.psi-polymersystems.com\/about-us\/press-releases\/psi-polymer-systems-inc-introduces-new-high-pressure-gear-pump-hickory-nc-january-31-2005\/\",\"url\":\"https:\/\/www.psi-polymersystems.com\/about-us\/press-releases\/psi-polymer-systems-inc-introduces-new-high-pressure-gear-pump-hickory-nc-january-31-2005\/\",\"name\":\"PSI-Polymer Systems Inc. Introduces New High Pressure Gear Pump Hickory, NC (January 31, 2005) - PSI-Polymer Systems\",\"isPartOf\":{\"@id\":\"https:\/\/www.psi-polymersystems.com\/#website\"},\"datePublished\":\"2020-09-23T17:17:09+00:00\",\"dateModified\":\"2020-09-23T17:18:38+00:00\",\"breadcrumb\":{\"@id\":\"https:\/\/www.psi-polymersystems.com\/about-us\/press-releases\/psi-polymer-systems-inc-introduces-new-high-pressure-gear-pump-hickory-nc-january-31-2005\/#breadcrumb\"},\"inLanguage\":\"pt-PT\",\"potentialAction\":[{\"@type\":\"ReadAction\",\"target\":[\"https:\/\/www.psi-polymersystems.com\/about-us\/press-releases\/psi-polymer-systems-inc-introduces-new-high-pressure-gear-pump-hickory-nc-january-31-2005\/\"]}]},{\"@type\":\"BreadcrumbList\",\"@id\":\"https:\/\/www.psi-polymersystems.com\/about-us\/press-releases\/psi-polymer-systems-inc-introduces-new-high-pressure-gear-pump-hickory-nc-january-31-2005\/#breadcrumb\",\"itemListElement\":[{\"@type\":\"ListItem\",\"position\":1,\"name\":\"Home\",\"item\":\"https:\/\/www.psi-polymersystems.com\/\"},{\"@type\":\"ListItem\",\"position\":2,\"name\":\"About Us\",\"item\":\"https:\/\/www.psi-polymersystems.com\/about-us\/\"},{\"@type\":\"ListItem\",\"position\":3,\"name\":\"Press Releases\",\"item\":\"https:\/\/www.psi-polymersystems.com\/about-us\/press-releases\/\"},{\"@type\":\"ListItem\",\"position\":4,\"name\":\"PSI-Polymer Systems Inc. Introduces New High Pressure Gear Pump Hickory, NC (January 31, 2005)\"}]},{\"@type\":\"WebSite\",\"@id\":\"https:\/\/www.psi-polymersystems.com\/#website\",\"url\":\"https:\/\/www.psi-polymersystems.com\/\",\"name\":\"PSI-Polymer Systems\",\"description\":\"\",\"publisher\":{\"@id\":\"https:\/\/www.psi-polymersystems.com\/#organization\"},\"potentialAction\":[{\"@type\":\"SearchAction\",\"target\":{\"@type\":\"EntryPoint\",\"urlTemplate\":\"https:\/\/www.psi-polymersystems.com\/?s={search_term_string}\"},\"query-input\":{\"@type\":\"PropertyValueSpecification\",\"valueRequired\":true,\"valueName\":\"search_term_string\"}}],\"inLanguage\":\"pt-PT\"},{\"@type\":\"Organization\",\"@id\":\"https:\/\/www.psi-polymersystems.com\/#organization\",\"name\":\"PSI-Polymer Systems, Inc.\",\"url\":\"https:\/\/www.psi-polymersystems.com\/\",\"logo\":{\"@type\":\"ImageObject\",\"inLanguage\":\"pt-PT\",\"@id\":\"https:\/\/www.psi-polymersystems.com\/#\/schema\/logo\/image\/\",\"url\":\"\",\"contentUrl\":\"\",\"caption\":\"PSI-Polymer Systems, Inc.\"},\"image\":{\"@id\":\"https:\/\/www.psi-polymersystems.com\/#\/schema\/logo\/image\/\"},\"sameAs\":[\"https:\/\/www.facebook.com\/psipolymersystems\/\",\"https:\/\/www.linkedin.com\/showcase\/psi-polymer-systems\"]}]}<\/script>\n<!-- \/ Yoast SEO Premium plugin. -->","yoast_head_json":{"title":"PSI-Polymer Systems Inc. Introduces New High Pressure Gear Pump Hickory, NC (January 31, 2005) - PSI-Polymer Systems","robots":{"index":"index","follow":"follow","max-snippet":"max-snippet:-1","max-image-preview":"max-image-preview:large","max-video-preview":"max-video-preview:-1"},"canonical":"https:\/\/www.psi-polymersystems.com\/pt\/about-us\/press-releases\/psi-polymer-systems-inc-introduces-new-high-pressure-gear-pump-hickory-nc-january-31-2005\/","og_locale":"pt_PT","og_type":"article","og_title":"PSI-Polymer Systems Inc. Introduces New High Pressure Gear Pump Hickory, NC (January 31, 2005)","og_description":"PSI-Polymer Systems, Inc. Introduces New High Pressure Gear Pump Hickory, NC (January 31, 2005) A new high pressure gear pump (HGP) has been introduced by","og_url":"https:\/\/www.psi-polymersystems.com\/pt\/about-us\/press-releases\/psi-polymer-systems-inc-introduces-new-high-pressure-gear-pump-hickory-nc-january-31-2005\/","og_site_name":"PSI-Polymer Systems","article_publisher":"https:\/\/www.facebook.com\/psipolymersystems\/","article_modified_time":"2020-09-23T17:18:38+00:00","twitter_card":"summary_large_image","twitter_misc":{"Tempo estimado de leitura":"1 minuto"},"schema":{"@context":"https:\/\/schema.org","@graph":[{"@type":"WebPage","@id":"https:\/\/www.psi-polymersystems.com\/about-us\/press-releases\/psi-polymer-systems-inc-introduces-new-high-pressure-gear-pump-hickory-nc-january-31-2005\/","url":"https:\/\/www.psi-polymersystems.com\/about-us\/press-releases\/psi-polymer-systems-inc-introduces-new-high-pressure-gear-pump-hickory-nc-january-31-2005\/","name":"PSI-Polymer Systems Inc. Introduces New High Pressure Gear Pump Hickory, NC (January 31, 2005) - PSI-Polymer Systems","isPartOf":{"@id":"https:\/\/www.psi-polymersystems.com\/#website"},"datePublished":"2020-09-23T17:17:09+00:00","dateModified":"2020-09-23T17:18:38+00:00","breadcrumb":{"@id":"https:\/\/www.psi-polymersystems.com\/about-us\/press-releases\/psi-polymer-systems-inc-introduces-new-high-pressure-gear-pump-hickory-nc-january-31-2005\/#breadcrumb"},"inLanguage":"pt-PT","potentialAction":[{"@type":"ReadAction","target":["https:\/\/www.psi-polymersystems.com\/about-us\/press-releases\/psi-polymer-systems-inc-introduces-new-high-pressure-gear-pump-hickory-nc-january-31-2005\/"]}]},{"@type":"BreadcrumbList","@id":"https:\/\/www.psi-polymersystems.com\/about-us\/press-releases\/psi-polymer-systems-inc-introduces-new-high-pressure-gear-pump-hickory-nc-january-31-2005\/#breadcrumb","itemListElement":[{"@type":"ListItem","position":1,"name":"Home","item":"https:\/\/www.psi-polymersystems.com\/"},{"@type":"ListItem","position":2,"name":"About Us","item":"https:\/\/www.psi-polymersystems.com\/about-us\/"},{"@type":"ListItem","position":3,"name":"Press Releases","item":"https:\/\/www.psi-polymersystems.com\/about-us\/press-releases\/"},{"@type":"ListItem","position":4,"name":"PSI-Polymer Systems Inc. Introduces New High Pressure Gear Pump Hickory, NC (January 31, 2005)"}]},{"@type":"WebSite","@id":"https:\/\/www.psi-polymersystems.com\/#website","url":"https:\/\/www.psi-polymersystems.com\/","name":"PSI-Polymer Systems","description":"","publisher":{"@id":"https:\/\/www.psi-polymersystems.com\/#organization"},"potentialAction":[{"@type":"SearchAction","target":{"@type":"EntryPoint","urlTemplate":"https:\/\/www.psi-polymersystems.com\/?s={search_term_string}"},"query-input":{"@type":"PropertyValueSpecification","valueRequired":true,"valueName":"search_term_string"}}],"inLanguage":"pt-PT"},{"@type":"Organization","@id":"https:\/\/www.psi-polymersystems.com\/#organization","name":"PSI-Polymer Systems, Inc.","url":"https:\/\/www.psi-polymersystems.com\/","logo":{"@type":"ImageObject","inLanguage":"pt-PT","@id":"https:\/\/www.psi-polymersystems.com\/#\/schema\/logo\/image\/","url":"","contentUrl":"","caption":"PSI-Polymer Systems, Inc."},"image":{"@id":"https:\/\/www.psi-polymersystems.com\/#\/schema\/logo\/image\/"},"sameAs":["https:\/\/www.facebook.com\/psipolymersystems\/","https:\/\/www.linkedin.com\/showcase\/psi-polymer-systems"]}]}},"_links":{"self":[{"href":"https:\/\/www.psi-polymersystems.com\/pt\/wp-json\/wp\/v2\/pages\/6064","targetHints":{"allow":["GET"]}}],"collection":[{"href":"https:\/\/www.psi-polymersystems.com\/pt\/wp-json\/wp\/v2\/pages"}],"about":[{"href":"https:\/\/www.psi-polymersystems.com\/pt\/wp-json\/wp\/v2\/types\/page"}],"author":[{"embeddable":true,"href":"https:\/\/www.psi-polymersystems.com\/pt\/wp-json\/wp\/v2\/users\/2"}],"replies":[{"embeddable":true,"href":"https:\/\/www.psi-polymersystems.com\/pt\/wp-json\/wp\/v2\/comments?post=6064"}],"version-history":[{"count":0,"href":"https:\/\/www.psi-polymersystems.com\/pt\/wp-json\/wp\/v2\/pages\/6064\/revisions"}],"up":[{"embeddable":true,"href":"https:\/\/www.psi-polymersystems.com\/pt\/wp-json\/wp\/v2\/pages\/5833"}],"wp:attachment":[{"href":"https:\/\/www.psi-polymersystems.com\/pt\/wp-json\/wp\/v2\/media?parent=6064"}],"curies":[{"name":"wp","href":"https:\/\/api.w.org\/{rel}","templated":true}]}}